{"id":16650,"date":"2024-09-11T14:18:02","date_gmt":"2024-09-11T14:18:02","guid":{"rendered":"https:\/\/veloaxe.com\/?post_type=product&#038;p=16650"},"modified":"2025-05-12T09:10:50","modified_gmt":"2025-05-12T09:10:50","slug":"spray-lubricante-cadena-muc-off-clima-seco-400ml","status":"publish","type":"product","link":"https:\/\/veloaxe.com\/fr\/producto\/spray-lubricante-cadena-muc-off-clima-seco-400ml\/","title":{"rendered":"MUC-OFF CLIMAT SEC LUBRIFIANT POUR CHA\u00ceNE EN SPRAY 400 ml"},"content":{"rendered":"<p><strong><em>SPRAY LUBRICANTE CADENA MUC-OFF CLIMA SECO 400 ml<\/em> \u2013 <\/strong>Muc-Off Dry Chain Lubricar es un lubricante y aceite de cadena duradero y de penetraci\u00f3n profunda que est\u00e1 formulado para resistir en condiciones extremas que destruir\u00edan los lubricantes de cadena ordinarios. Muc-Off Dry Lubricar es un aceite de cadena altamente vers\u00e1til, para clima seco, que tiene cualidades de penetraci\u00f3n de \u00faltima generaci\u00f3n para asegurar que el Lubricar se introduzca profundamente en el n\u00facleo de cada eslab\u00f3n de la cadena. Y no hay que preocuparse porque Muc-Off Dry Lubricar es biodegradable*, por lo que es seguro para usted, su bicicleta y el planeta.<\/p>\n<p><strong><em>CARACTERISTICA SPRAY LUBRICANTE MUC-OFF CLIMA SECO 400 ml <\/em><\/strong>:<\/p>\n<ul>\n<li>Ideal para MTB, carretera y ciclocross<\/li>\n<li>La f\u00f3rmula basada en la cera destaca en condiciones secas y polvorientas<\/li>\n<li>Protecci\u00f3n a\u00f1adida contra los contaminantes<\/li>\n<li>Proporciona un cambio de marchas suave y silencioso<\/li>\n<li>Puede aplicarse a la cadena, los cables, los cambios y los desviadores<\/li>\n<li>Sistema de pipetas para facilitar la aplicaci\u00f3n<\/li>\n<li>Con PTFE<\/li>\n<\/ul>","protected":false},"excerpt":{"rendered":"<p>SPRAY LUBRICANTE CADENA MUC-OFF CLIMA SECO 400 ml &#8211; Muc-Off Dry Chain Lubricar es un lubricante y aceite de cadena duradero y de penetraci\u00f3n profunda que est\u00e1 formulado para resistir en condiciones extremas que destruir\u00edan los lubricantes de cadena ordinarios. Muc-Off Dry Lubricar es un aceite de cadena altamente vers\u00e1til, para clima seco, que tiene [&hellip;]<\/p>\n","protected":false},"featured_media":16651,"comment_status":"closed","ping_status":"closed","template":"","meta":[],"product_brand":[],"product_cat":[124,123],"product_tag":[],"class_list":{"0":"post-16650","1":"product","2":"type-product","3":"status-publish","4":"has-post-thumbnail","6":"product_cat-lubricante-para-bicicletas","7":"product_cat-lubricante-y-grasa-para-bicicleta","8":"product_shipping_class-no-bicicletas","10":"first","11":"instock","12":"sale","13":"shipping-taxable","14":"purchasable","15":"product-type-simple"},"yoast_head":"<!-- This site is optimized with the Yoast SEO plugin v27.6 - https:\/\/yoast.com\/product\/yoast-seo-wordpress\/ -->\n<title>SPRAY LUBRICANTE CADENA MUC-OFF | VELOAXE.COM<\/title>\n<meta name=\"description\" content=\"SPRAY LUBRICANTE CADENA MUC-OFF CLIMA SECO 400ml - Productos de la marca MUC-OFF los puedes encontrar aqu\u00ed. Lubricante y grasa para tu bicicleta.\" \/>\n<meta name=\"robots\" content=\"index, follow, max-snippet:-1, max-image-preview:large, max-video-preview:-1\" \/>\n<link rel=\"canonical\" href=\"https:\/\/veloaxe.com\/fr\/produit\/spray-lubricante-cadena-muc-off-clima-seco-400ml\/\" \/>\n<meta property=\"og:locale\" content=\"fr_FR\" \/>\n<meta property=\"og:type\" content=\"article\" \/>\n<meta property=\"og:title\" content=\"SPRAY LUBRICANTE CADENA MUC-OFF | VELOAXE.COM\" \/>\n<meta property=\"og:description\" content=\"SPRAY LUBRICANTE CADENA MUC-OFF CLIMA SECO 400ml - Productos de la marca MUC-OFF los puedes encontrar aqu\u00ed. Lubricante y grasa para tu bicicleta.\" \/>\n<meta property=\"og:url\" content=\"https:\/\/veloaxe.com\/fr\/produit\/spray-lubricante-cadena-muc-off-clima-seco-400ml\/\" \/>\n<meta property=\"og:site_name\" content=\"Tienda de bicicletas | VELOAXE\" \/>\n<meta property=\"article:publisher\" content=\"https:\/\/www.facebook.com\/veloaxe\" \/>\n<meta property=\"article:modified_time\" content=\"2025-05-12T09:10:50+00:00\" \/>\n<meta property=\"og:image\" content=\"https:\/\/veloaxe.com\/wp-content\/uploads\/2024\/09\/spray-lubricante-muc-off-clima-seco.jpg\" \/>\n\t<meta property=\"og:image:width\" content=\"1000\" \/>\n\t<meta property=\"og:image:height\" content=\"1000\" \/>\n\t<meta property=\"og:image:type\" content=\"image\/jpeg\" \/>\n<meta name=\"twitter:card\" content=\"summary_large_image\" \/>\n<meta name=\"twitter:label1\" content=\"Dur\u00e9e de lecture estim\u00e9e\" \/>\n\t<meta name=\"twitter:data1\" content=\"1 minute\" \/>\n<script type=\"application\/ld+json\" class=\"yoast-schema-graph\">{\"@context\":\"https:\\\/\\\/schema.org\",\"@graph\":[{\"@type\":\"WebPage\",\"@id\":\"https:\\\/\\\/veloaxe.com\\\/producto\\\/spray-lubricante-cadena-muc-off-clima-seco-400ml\\\/\",\"url\":\"https:\\\/\\\/veloaxe.com\\\/producto\\\/spray-lubricante-cadena-muc-off-clima-seco-400ml\\\/\",\"name\":\"SPRAY LUBRICANTE CADENA MUC-OFF | VELOAXE.COM\",\"isPartOf\":{\"@id\":\"https:\\\/\\\/veloaxe.com\\\/#website\"},\"primaryImageOfPage\":{\"@id\":\"https:\\\/\\\/veloaxe.com\\\/producto\\\/spray-lubricante-cadena-muc-off-clima-seco-400ml\\\/#primaryimage\"},\"image\":{\"@id\":\"https:\\\/\\\/veloaxe.com\\\/producto\\\/spray-lubricante-cadena-muc-off-clima-seco-400ml\\\/#primaryimage\"},\"thumbnailUrl\":\"https:\\\/\\\/veloaxe.com\\\/wp-content\\\/uploads\\\/2024\\\/09\\\/spray-lubricante-muc-off-clima-seco.jpg\",\"datePublished\":\"2024-09-11T14:18:02+00:00\",\"dateModified\":\"2025-05-12T09:10:50+00:00\",\"description\":\"SPRAY LUBRICANTE CADENA MUC-OFF CLIMA SECO 400ml - Productos de la marca MUC-OFF los puedes encontrar aqu\u00ed. Lubricante y grasa para tu bicicleta.\",\"breadcrumb\":{\"@id\":\"https:\\\/\\\/veloaxe.com\\\/producto\\\/spray-lubricante-cadena-muc-off-clima-seco-400ml\\\/#breadcrumb\"},\"inLanguage\":\"fr-FR\",\"potentialAction\":[{\"@type\":\"ReadAction\",\"target\":[\"https:\\\/\\\/veloaxe.com\\\/producto\\\/spray-lubricante-cadena-muc-off-clima-seco-400ml\\\/\"]}]},{\"@type\":\"ImageObject\",\"inLanguage\":\"fr-FR\",\"@id\":\"https:\\\/\\\/veloaxe.com\\\/producto\\\/spray-lubricante-cadena-muc-off-clima-seco-400ml\\\/#primaryimage\",\"url\":\"https:\\\/\\\/veloaxe.com\\\/wp-content\\\/uploads\\\/2024\\\/09\\\/spray-lubricante-muc-off-clima-seco.jpg\",\"contentUrl\":\"https:\\\/\\\/veloaxe.com\\\/wp-content\\\/uploads\\\/2024\\\/09\\\/spray-lubricante-muc-off-clima-seco.jpg\",\"width\":1000,\"height\":1000,\"caption\":\"spray-lubricante-muc-off-clima-seco\"},{\"@type\":\"BreadcrumbList\",\"@id\":\"https:\\\/\\\/veloaxe.com\\\/producto\\\/spray-lubricante-cadena-muc-off-clima-seco-400ml\\\/#breadcrumb\",\"itemListElement\":[{\"@type\":\"ListItem\",\"position\":1,\"name\":\"Portada\",\"item\":\"https:\\\/\\\/veloaxe.com\\\/\"},{\"@type\":\"ListItem\",\"position\":2,\"name\":\"Shop\",\"item\":\"https:\\\/\\\/paleturquoise-herring-271034.hostingersite.com\\\/shop\\\/\"},{\"@type\":\"ListItem\",\"position\":3,\"name\":\"SPRAY LUBRICANTE CADENA MUC-OFF CLIMA SECO 400ml\"}]},{\"@type\":\"WebSite\",\"@id\":\"https:\\\/\\\/veloaxe.com\\\/#website\",\"url\":\"https:\\\/\\\/veloaxe.com\\\/\",\"name\":\"Tienda de bicicletas | VELOAXE\",\"description\":\"Descubre una amplia selecci\u00f3n de bicicletas de alta calidad, desde modelos urbanos y de monta\u00f1a hasta bicicletas de carretera de \u00faltima generaci\u00f3n. Con un servicio experto y accesorios especializados, estamos comprometidos a brindarte la mejor experiencia ciclista.\",\"publisher\":{\"@id\":\"https:\\\/\\\/veloaxe.com\\\/#organization\"},\"potentialAction\":[{\"@type\":\"SearchAction\",\"target\":{\"@type\":\"EntryPoint\",\"urlTemplate\":\"https:\\\/\\\/veloaxe.com\\\/?s={search_term_string}\"},\"query-input\":{\"@type\":\"PropertyValueSpecification\",\"valueRequired\":true,\"valueName\":\"search_term_string\"}}],\"inLanguage\":\"fr-FR\"},{\"@type\":\"Organization\",\"@id\":\"https:\\\/\\\/veloaxe.com\\\/#organization\",\"name\":\"Tienda de bicicletas | VELOAXE\",\"url\":\"https:\\\/\\\/veloaxe.com\\\/\",\"logo\":{\"@type\":\"ImageObject\",\"inLanguage\":\"fr-FR\",\"@id\":\"https:\\\/\\\/veloaxe.com\\\/#\\\/schema\\\/logo\\\/image\\\/\",\"url\":\"https:\\\/\\\/veloaxe.com\\\/wp-content\\\/uploads\\\/2026\\\/01\\\/cropped-logo-1.jpg\",\"contentUrl\":\"https:\\\/\\\/veloaxe.com\\\/wp-content\\\/uploads\\\/2026\\\/01\\\/cropped-logo-1.jpg\",\"width\":1273,\"height\":363,\"caption\":\"Tienda de bicicletas | VELOAXE\"},\"image\":{\"@id\":\"https:\\\/\\\/veloaxe.com\\\/#\\\/schema\\\/logo\\\/image\\\/\"},\"sameAs\":[\"https:\\\/\\\/www.facebook.com\\\/veloaxe\"]}]}<\/script>\n<!-- \/ Yoast SEO plugin. -->","yoast_head_json":{"title":"SPRAY LUBRICANTE CADENA MUC-OFF | VELOAXE.COM","description":"SPRAY LUBRICANTE CADENA MUC-OFF CLIMA SECO 400ml - Productos de la marca MUC-OFF los puedes encontrar aqu\u00ed. Lubricante y grasa para tu bicicleta.","robots":{"index":"index","follow":"follow","max-snippet":"max-snippet:-1","max-image-preview":"max-image-preview:large","max-video-preview":"max-video-preview:-1"},"canonical":"https:\/\/veloaxe.com\/fr\/produit\/spray-lubricante-cadena-muc-off-clima-seco-400ml\/","og_locale":"fr_FR","og_type":"article","og_title":"SPRAY LUBRICANTE CADENA MUC-OFF | VELOAXE.COM","og_description":"SPRAY LUBRICANTE CADENA MUC-OFF CLIMA SECO 400ml - Productos de la marca MUC-OFF los puedes encontrar aqu\u00ed. Lubricante y grasa para tu bicicleta.","og_url":"https:\/\/veloaxe.com\/fr\/produit\/spray-lubricante-cadena-muc-off-clima-seco-400ml\/","og_site_name":"Tienda de bicicletas | VELOAXE","article_publisher":"https:\/\/www.facebook.com\/veloaxe","article_modified_time":"2025-05-12T09:10:50+00:00","og_image":[{"width":1000,"height":1000,"url":"https:\/\/veloaxe.com\/wp-content\/uploads\/2024\/09\/spray-lubricante-muc-off-clima-seco.jpg","type":"image\/jpeg"}],"twitter_card":"summary_large_image","twitter_misc":{"Dur\u00e9e de lecture estim\u00e9e":"1 minute"},"schema":{"@context":"https:\/\/schema.org","@graph":[{"@type":"WebPage","@id":"https:\/\/veloaxe.com\/producto\/spray-lubricante-cadena-muc-off-clima-seco-400ml\/","url":"https:\/\/veloaxe.com\/producto\/spray-lubricante-cadena-muc-off-clima-seco-400ml\/","name":"SPRAY LUBRICANTE CADENA MUC-OFF | VELOAXE.COM","isPartOf":{"@id":"https:\/\/veloaxe.com\/#website"},"primaryImageOfPage":{"@id":"https:\/\/veloaxe.com\/producto\/spray-lubricante-cadena-muc-off-clima-seco-400ml\/#primaryimage"},"image":{"@id":"https:\/\/veloaxe.com\/producto\/spray-lubricante-cadena-muc-off-clima-seco-400ml\/#primaryimage"},"thumbnailUrl":"https:\/\/veloaxe.com\/wp-content\/uploads\/2024\/09\/spray-lubricante-muc-off-clima-seco.jpg","datePublished":"2024-09-11T14:18:02+00:00","dateModified":"2025-05-12T09:10:50+00:00","description":"SPRAY LUBRICANTE CADENA MUC-OFF CLIMA SECO 400ml - Productos de la marca MUC-OFF los puedes encontrar aqu\u00ed. Lubricante y grasa para tu bicicleta.","breadcrumb":{"@id":"https:\/\/veloaxe.com\/producto\/spray-lubricante-cadena-muc-off-clima-seco-400ml\/#breadcrumb"},"inLanguage":"fr-FR","potentialAction":[{"@type":"ReadAction","target":["https:\/\/veloaxe.com\/producto\/spray-lubricante-cadena-muc-off-clima-seco-400ml\/"]}]},{"@type":"ImageObject","inLanguage":"fr-FR","@id":"https:\/\/veloaxe.com\/producto\/spray-lubricante-cadena-muc-off-clima-seco-400ml\/#primaryimage","url":"https:\/\/veloaxe.com\/wp-content\/uploads\/2024\/09\/spray-lubricante-muc-off-clima-seco.jpg","contentUrl":"https:\/\/veloaxe.com\/wp-content\/uploads\/2024\/09\/spray-lubricante-muc-off-clima-seco.jpg","width":1000,"height":1000,"caption":"spray-lubricante-muc-off-clima-seco"},{"@type":"BreadcrumbList","@id":"https:\/\/veloaxe.com\/producto\/spray-lubricante-cadena-muc-off-clima-seco-400ml\/#breadcrumb","itemListElement":[{"@type":"ListItem","position":1,"name":"Portada","item":"https:\/\/veloaxe.com\/"},{"@type":"ListItem","position":2,"name":"Shop","item":"https:\/\/paleturquoise-herring-271034.hostingersite.com\/shop\/"},{"@type":"ListItem","position":3,"name":"SPRAY LUBRICANTE CADENA MUC-OFF CLIMA SECO 400ml"}]},{"@type":"WebSite","@id":"https:\/\/veloaxe.com\/#website","url":"https:\/\/veloaxe.com\/","name":"Boutique de v\u00e9lo en ligne | VELOAXE","description":"D\u00e9couvrez une large s\u00e9lection de v\u00e9los de haute qualit\u00e9, des mod\u00e8les urbains et de montagne aux v\u00e9los de route de pointe. Avec un service d'experts et des accessoires sp\u00e9cialis\u00e9s, nous nous engageons \u00e0 vous offrir la meilleure exp\u00e9rience de cyclisme.","publisher":{"@id":"https:\/\/veloaxe.com\/#organization"},"potentialAction":[{"@type":"SearchAction","target":{"@type":"EntryPoint","urlTemplate":"https:\/\/veloaxe.com\/?s={search_term_string}"},"query-input":{"@type":"PropertyValueSpecification","valueRequired":true,"valueName":"search_term_string"}}],"inLanguage":"fr-FR"},{"@type":"Organization","@id":"https:\/\/veloaxe.com\/#organization","name":"Boutique de v\u00e9lo en ligne | VELOAXE","url":"https:\/\/veloaxe.com\/","logo":{"@type":"ImageObject","inLanguage":"fr-FR","@id":"https:\/\/veloaxe.com\/#\/schema\/logo\/image\/","url":"https:\/\/veloaxe.com\/wp-content\/uploads\/2026\/01\/cropped-logo-1.jpg","contentUrl":"https:\/\/veloaxe.com\/wp-content\/uploads\/2026\/01\/cropped-logo-1.jpg","width":1273,"height":363,"caption":"Tienda de bicicletas | VELOAXE"},"image":{"@id":"https:\/\/veloaxe.com\/#\/schema\/logo\/image\/"},"sameAs":["https:\/\/www.facebook.com\/veloaxe"]}]}},"_links":{"self":[{"href":"https:\/\/veloaxe.com\/fr\/wp-json\/wp\/v2\/product\/16650","targetHints":{"allow":["GET"]}}],"collection":[{"href":"https:\/\/veloaxe.com\/fr\/wp-json\/wp\/v2\/product"}],"about":[{"href":"https:\/\/veloaxe.com\/fr\/wp-json\/wp\/v2\/types\/product"}],"replies":[{"embeddable":true,"href":"https:\/\/veloaxe.com\/fr\/wp-json\/wp\/v2\/comments?post=16650"}],"wp:featuredmedia":[{"embeddable":true,"href":"https:\/\/veloaxe.com\/fr\/wp-json\/wp\/v2\/media\/16651"}],"wp:attachment":[{"href":"https:\/\/veloaxe.com\/fr\/wp-json\/wp\/v2\/media?parent=16650"}],"wp:term":[{"taxonomy":"product_brand","embeddable":true,"href":"https:\/\/veloaxe.com\/fr\/wp-json\/wp\/v2\/product_brand?post=16650"},{"taxonomy":"product_cat","embeddable":true,"href":"https:\/\/veloaxe.com\/fr\/wp-json\/wp\/v2\/product_cat?post=16650"},{"taxonomy":"product_tag","embeddable":true,"href":"https:\/\/veloaxe.com\/fr\/wp-json\/wp\/v2\/product_tag?post=16650"}],"curies":[{"name":"wp","href":"https:\/\/api.w.org\/{rel}","templated":true}]}}