{"id":16741,"date":"2024-09-23T07:49:37","date_gmt":"2024-09-23T07:49:37","guid":{"rendered":"https:\/\/veloaxe.com\/?post_type=product&#038;p=16741"},"modified":"2025-05-12T07:57:20","modified_gmt":"2025-05-12T07:57:20","slug":"conor-rush-shimano-105-12v-azul","status":"publish","type":"product","link":"https:\/\/veloaxe.com\/fr\/produit\/conor-rush-shimano-105-12v-azul\/","title":{"rendered":"CONOR RUSH &#8211; SHIMANO 105 12v &#8211; AZUL"},"content":{"rendered":"<p>La nueva bicicleta de carretera <strong>CONOR RUSH <\/strong>\u00a0tiene un cuadro r\u00edgido y comodo. Esta bicicleta fue claramente creada para desarrollar potencia y andar a alta velocidad. Su cuadro inclinado permite obtener una bicicleta nerviosa y reactiva para mejorar la aceleraci\u00f3n en las subidas y en los sprints. La <strong>CONOR RUSH<\/strong> es la bicicleta favorita de los ciclistas con perfil de pegador o velocista. Cada golpe de pedal se transfiere eficientemente en energ\u00eda positiva para impulsarte r\u00e1pidamente a crear ataques o sprints. Enrutamiento de cables interno, posible montaje DI2, marco dise\u00f1ado para acomodar neum\u00e1ticos m\u00e1s anchos (hasta 28 mm)<\/p>\n<p>CUADRO : Carbon, ICR cable routing, thru axle 12X142mm, 700X28C max tire<\/p>\n<p>HORQUILLA : Carbon Road, thru axle 12X100mm, 700X28 max tire<\/p>\n<p>TIJA DE SILLIN : WRC aluminio<\/p>\n<p>SILLIN : SELLE ITALIA MODEL X<\/p>\n<p>MANILLAR : WRC aluminio<\/p>\n<p>POTENCIA : WRC aluminio<\/p>\n<p>MANETAS : SHIMANO 105 DISC R7100<\/p>\n<p>FRENOS : SHIMANO 105 HIDRAULICO<\/p>\n<p>DESVIADOR DELANTERO : SHIMANO 105 R7100<\/p>\n<p>CAMBIO TRASERO : SHIMANO 105 R7100<\/p>\n<p>BIELA : SHIMANO RS520 12v (50&#215;34)<\/p>\n<p>CASSETTE : SHIMANO 105 R7100 11&#215;34<\/p>\n<p>RUEDAS : SHIMANO RS<\/p>\n<p>CUBIERTAS : SCHWALBE LUGANO 700&#215;28<\/p>\n<p><em>FOTO NO CONTRACTUAL<\/em><\/p>","protected":false},"excerpt":{"rendered":"<p>La nueva bicicleta de carretera CONOR RUSH \u00a0tiene un cuadro r\u00edgido y comodo. Esta bicicleta fue claramente creada para desarrollar potencia y andar a alta velocidad. Su cuadro inclinado permite obtener una bicicleta nerviosa y reactiva para mejorar la aceleraci\u00f3n en las subidas y en los sprints. La CONOR RUSH es la bicicleta favorita de [&hellip;]<\/p>\n","protected":false},"featured_media":16721,"comment_status":"closed","ping_status":"closed","template":"","meta":[],"product_brand":[],"product_cat":[126,17,16],"product_tag":[],"class_list":{"0":"post-16741","1":"product","2":"type-product","3":"status-publish","4":"has-post-thumbnail","6":"product_cat-bicicleta-de-carbono","7":"product_cat-bicicletas-completas-de-carretera","8":"product_cat-carretera-gravel-bicicletas","9":"product_shipping_class-bicicletas","11":"first","12":"instock","13":"shipping-taxable","14":"purchasable","15":"product-type-variable"},"yoast_head":"<!-- This site is optimized with the Yoast SEO plugin v27.6 - https:\/\/yoast.com\/product\/yoast-seo-wordpress\/ -->\n<title>CONOR RUSH - SHIMANO 105 12v - VELOAXE<\/title>\n<meta name=\"description\" content=\"CONOR RUSH SHIMANO 105 12v - Est\u00e1n disponibles en nuestro sitio desde 1999 euros. Facilidad de pago hasta 12x en nuestro sitio.\" \/>\n<meta name=\"robots\" content=\"index, follow, max-snippet:-1, max-image-preview:large, max-video-preview:-1\" \/>\n<link rel=\"canonical\" href=\"https:\/\/veloaxe.com\/fr\/produit\/conor-rush-shimano-105-12v-azul\/\" \/>\n<meta property=\"og:locale\" content=\"fr_FR\" \/>\n<meta property=\"og:type\" content=\"article\" \/>\n<meta property=\"og:title\" content=\"CONOR RUSH - SHIMANO 105 12v - VELOAXE\" \/>\n<meta property=\"og:description\" content=\"CONOR RUSH SHIMANO 105 12v - Est\u00e1n disponibles en nuestro sitio desde 1999 euros. Facilidad de pago hasta 12x en nuestro sitio.\" \/>\n<meta property=\"og:url\" content=\"https:\/\/veloaxe.com\/fr\/produit\/conor-rush-shimano-105-12v-azul\/\" \/>\n<meta property=\"og:site_name\" content=\"Tienda de bicicletas | VELOAXE\" \/>\n<meta property=\"article:publisher\" content=\"https:\/\/www.facebook.com\/veloaxe\" \/>\n<meta property=\"article:modified_time\" content=\"2025-05-12T07:57:20+00:00\" \/>\n<meta property=\"og:image\" content=\"https:\/\/veloaxe.com\/wp-content\/uploads\/2024\/09\/conor-rush-shimano-105.jpg\" \/>\n\t<meta property=\"og:image:width\" content=\"1300\" \/>\n\t<meta property=\"og:image:height\" content=\"850\" \/>\n\t<meta property=\"og:image:type\" content=\"image\/jpeg\" \/>\n<meta name=\"twitter:card\" content=\"summary_large_image\" \/>\n<meta name=\"twitter:label1\" content=\"Dur\u00e9e de lecture estim\u00e9e\" \/>\n\t<meta name=\"twitter:data1\" content=\"1 minute\" \/>\n<script type=\"application\/ld+json\" class=\"yoast-schema-graph\">{\"@context\":\"https:\\\/\\\/schema.org\",\"@graph\":[{\"@type\":\"WebPage\",\"@id\":\"https:\\\/\\\/veloaxe.com\\\/producto\\\/conor-rush-shimano-105-12v-azul\\\/\",\"url\":\"https:\\\/\\\/veloaxe.com\\\/producto\\\/conor-rush-shimano-105-12v-azul\\\/\",\"name\":\"CONOR RUSH - SHIMANO 105 12v - VELOAXE\",\"isPartOf\":{\"@id\":\"https:\\\/\\\/veloaxe.com\\\/#website\"},\"primaryImageOfPage\":{\"@id\":\"https:\\\/\\\/veloaxe.com\\\/producto\\\/conor-rush-shimano-105-12v-azul\\\/#primaryimage\"},\"image\":{\"@id\":\"https:\\\/\\\/veloaxe.com\\\/producto\\\/conor-rush-shimano-105-12v-azul\\\/#primaryimage\"},\"thumbnailUrl\":\"https:\\\/\\\/veloaxe.com\\\/wp-content\\\/uploads\\\/2024\\\/09\\\/conor-rush-shimano-105.jpg\",\"datePublished\":\"2024-09-23T07:49:37+00:00\",\"dateModified\":\"2025-05-12T07:57:20+00:00\",\"description\":\"CONOR RUSH SHIMANO 105 12v - Est\u00e1n disponibles en nuestro sitio desde 1999 euros. Facilidad de pago hasta 12x en nuestro sitio.\",\"breadcrumb\":{\"@id\":\"https:\\\/\\\/veloaxe.com\\\/producto\\\/conor-rush-shimano-105-12v-azul\\\/#breadcrumb\"},\"inLanguage\":\"fr-FR\",\"potentialAction\":[{\"@type\":\"ReadAction\",\"target\":[\"https:\\\/\\\/veloaxe.com\\\/producto\\\/conor-rush-shimano-105-12v-azul\\\/\"]}]},{\"@type\":\"ImageObject\",\"inLanguage\":\"fr-FR\",\"@id\":\"https:\\\/\\\/veloaxe.com\\\/producto\\\/conor-rush-shimano-105-12v-azul\\\/#primaryimage\",\"url\":\"https:\\\/\\\/veloaxe.com\\\/wp-content\\\/uploads\\\/2024\\\/09\\\/conor-rush-shimano-105.jpg\",\"contentUrl\":\"https:\\\/\\\/veloaxe.com\\\/wp-content\\\/uploads\\\/2024\\\/09\\\/conor-rush-shimano-105.jpg\",\"width\":1300,\"height\":850,\"caption\":\"conor-rush-shimano-105\"},{\"@type\":\"BreadcrumbList\",\"@id\":\"https:\\\/\\\/veloaxe.com\\\/producto\\\/conor-rush-shimano-105-12v-azul\\\/#breadcrumb\",\"itemListElement\":[{\"@type\":\"ListItem\",\"position\":1,\"name\":\"Portada\",\"item\":\"https:\\\/\\\/paleturquoise-herring-271034.hostingersite.com\\\/\"},{\"@type\":\"ListItem\",\"position\":2,\"name\":\"Shop\",\"item\":\"https:\\\/\\\/paleturquoise-herring-271034.hostingersite.com\\\/shop\\\/\"},{\"@type\":\"ListItem\",\"position\":3,\"name\":\"CONOR RUSH &#8211; SHIMANO 105 12v &#8211; AZUL\"}]},{\"@type\":\"WebSite\",\"@id\":\"https:\\\/\\\/veloaxe.com\\\/#website\",\"url\":\"https:\\\/\\\/veloaxe.com\\\/\",\"name\":\"Tienda de bicicletas | VELOAXE\",\"description\":\"Descubre una amplia selecci\u00f3n de bicicletas de alta calidad, desde modelos urbanos y de monta\u00f1a hasta bicicletas de carretera de \u00faltima generaci\u00f3n. Con un servicio experto y accesorios especializados, estamos comprometidos a brindarte la mejor experiencia ciclista.\",\"publisher\":{\"@id\":\"https:\\\/\\\/veloaxe.com\\\/#organization\"},\"potentialAction\":[{\"@type\":\"SearchAction\",\"target\":{\"@type\":\"EntryPoint\",\"urlTemplate\":\"https:\\\/\\\/veloaxe.com\\\/?s={search_term_string}\"},\"query-input\":{\"@type\":\"PropertyValueSpecification\",\"valueRequired\":true,\"valueName\":\"search_term_string\"}}],\"inLanguage\":\"fr-FR\"},{\"@type\":\"Organization\",\"@id\":\"https:\\\/\\\/veloaxe.com\\\/#organization\",\"name\":\"Tienda de bicicletas | VELOAXE\",\"url\":\"https:\\\/\\\/veloaxe.com\\\/\",\"logo\":{\"@type\":\"ImageObject\",\"inLanguage\":\"fr-FR\",\"@id\":\"https:\\\/\\\/veloaxe.com\\\/#\\\/schema\\\/logo\\\/image\\\/\",\"url\":\"https:\\\/\\\/veloaxe.com\\\/wp-content\\\/uploads\\\/2026\\\/01\\\/cropped-logo-1.jpg\",\"contentUrl\":\"https:\\\/\\\/veloaxe.com\\\/wp-content\\\/uploads\\\/2026\\\/01\\\/cropped-logo-1.jpg\",\"width\":1273,\"height\":363,\"caption\":\"Tienda de bicicletas | VELOAXE\"},\"image\":{\"@id\":\"https:\\\/\\\/veloaxe.com\\\/#\\\/schema\\\/logo\\\/image\\\/\"},\"sameAs\":[\"https:\\\/\\\/www.facebook.com\\\/veloaxe\"]}]}<\/script>\n<!-- \/ Yoast SEO plugin. -->","yoast_head_json":{"title":"CONOR RUSH - SHIMANO 105 12v - VELOAXE","description":"CONOR RUSH SHIMANO 105 12v - Est\u00e1n disponibles en nuestro sitio desde 1999 euros. Facilidad de pago hasta 12x en nuestro sitio.","robots":{"index":"index","follow":"follow","max-snippet":"max-snippet:-1","max-image-preview":"max-image-preview:large","max-video-preview":"max-video-preview:-1"},"canonical":"https:\/\/veloaxe.com\/fr\/produit\/conor-rush-shimano-105-12v-azul\/","og_locale":"fr_FR","og_type":"article","og_title":"CONOR RUSH - SHIMANO 105 12v - VELOAXE","og_description":"CONOR RUSH SHIMANO 105 12v - Est\u00e1n disponibles en nuestro sitio desde 1999 euros. Facilidad de pago hasta 12x en nuestro sitio.","og_url":"https:\/\/veloaxe.com\/fr\/produit\/conor-rush-shimano-105-12v-azul\/","og_site_name":"Tienda de bicicletas | VELOAXE","article_publisher":"https:\/\/www.facebook.com\/veloaxe","article_modified_time":"2025-05-12T07:57:20+00:00","og_image":[{"width":1300,"height":850,"url":"https:\/\/veloaxe.com\/wp-content\/uploads\/2024\/09\/conor-rush-shimano-105.jpg","type":"image\/jpeg"}],"twitter_card":"summary_large_image","twitter_misc":{"Dur\u00e9e de lecture estim\u00e9e":"1 minute"},"schema":{"@context":"https:\/\/schema.org","@graph":[{"@type":"WebPage","@id":"https:\/\/veloaxe.com\/producto\/conor-rush-shimano-105-12v-azul\/","url":"https:\/\/veloaxe.com\/producto\/conor-rush-shimano-105-12v-azul\/","name":"CONOR RUSH - SHIMANO 105 12v - VELOAXE","isPartOf":{"@id":"https:\/\/veloaxe.com\/#website"},"primaryImageOfPage":{"@id":"https:\/\/veloaxe.com\/producto\/conor-rush-shimano-105-12v-azul\/#primaryimage"},"image":{"@id":"https:\/\/veloaxe.com\/producto\/conor-rush-shimano-105-12v-azul\/#primaryimage"},"thumbnailUrl":"https:\/\/veloaxe.com\/wp-content\/uploads\/2024\/09\/conor-rush-shimano-105.jpg","datePublished":"2024-09-23T07:49:37+00:00","dateModified":"2025-05-12T07:57:20+00:00","description":"CONOR RUSH SHIMANO 105 12v - Est\u00e1n disponibles en nuestro sitio desde 1999 euros. Facilidad de pago hasta 12x en nuestro sitio.","breadcrumb":{"@id":"https:\/\/veloaxe.com\/producto\/conor-rush-shimano-105-12v-azul\/#breadcrumb"},"inLanguage":"fr-FR","potentialAction":[{"@type":"ReadAction","target":["https:\/\/veloaxe.com\/producto\/conor-rush-shimano-105-12v-azul\/"]}]},{"@type":"ImageObject","inLanguage":"fr-FR","@id":"https:\/\/veloaxe.com\/producto\/conor-rush-shimano-105-12v-azul\/#primaryimage","url":"https:\/\/veloaxe.com\/wp-content\/uploads\/2024\/09\/conor-rush-shimano-105.jpg","contentUrl":"https:\/\/veloaxe.com\/wp-content\/uploads\/2024\/09\/conor-rush-shimano-105.jpg","width":1300,"height":850,"caption":"conor-rush-shimano-105"},{"@type":"BreadcrumbList","@id":"https:\/\/veloaxe.com\/producto\/conor-rush-shimano-105-12v-azul\/#breadcrumb","itemListElement":[{"@type":"ListItem","position":1,"name":"Portada","item":"https:\/\/paleturquoise-herring-271034.hostingersite.com\/"},{"@type":"ListItem","position":2,"name":"Shop","item":"https:\/\/paleturquoise-herring-271034.hostingersite.com\/shop\/"},{"@type":"ListItem","position":3,"name":"CONOR RUSH &#8211; SHIMANO 105 12v &#8211; AZUL"}]},{"@type":"WebSite","@id":"https:\/\/veloaxe.com\/#website","url":"https:\/\/veloaxe.com\/","name":"Boutique de v\u00e9lo en ligne | VELOAXE","description":"Descubre una amplia selecci\u00f3n de bicicletas de alta calidad, desde modelos urbanos y de monta\u00f1a hasta bicicletas de carretera de \u00faltima generaci\u00f3n. Con un servicio experto y accesorios especializados, estamos comprometidos a brindarte la mejor experiencia ciclista.","publisher":{"@id":"https:\/\/veloaxe.com\/#organization"},"potentialAction":[{"@type":"SearchAction","target":{"@type":"EntryPoint","urlTemplate":"https:\/\/veloaxe.com\/?s={search_term_string}"},"query-input":{"@type":"PropertyValueSpecification","valueRequired":true,"valueName":"search_term_string"}}],"inLanguage":"fr-FR"},{"@type":"Organization","@id":"https:\/\/veloaxe.com\/#organization","name":"Boutique de v\u00e9lo en ligne | VELOAXE","url":"https:\/\/veloaxe.com\/","logo":{"@type":"ImageObject","inLanguage":"fr-FR","@id":"https:\/\/veloaxe.com\/#\/schema\/logo\/image\/","url":"https:\/\/veloaxe.com\/wp-content\/uploads\/2026\/01\/cropped-logo-1.jpg","contentUrl":"https:\/\/veloaxe.com\/wp-content\/uploads\/2026\/01\/cropped-logo-1.jpg","width":1273,"height":363,"caption":"Tienda de bicicletas | VELOAXE"},"image":{"@id":"https:\/\/veloaxe.com\/#\/schema\/logo\/image\/"},"sameAs":["https:\/\/www.facebook.com\/veloaxe"]}]}},"_links":{"self":[{"href":"https:\/\/veloaxe.com\/fr\/wp-json\/wp\/v2\/product\/16741","targetHints":{"allow":["GET"]}}],"collection":[{"href":"https:\/\/veloaxe.com\/fr\/wp-json\/wp\/v2\/product"}],"about":[{"href":"https:\/\/veloaxe.com\/fr\/wp-json\/wp\/v2\/types\/product"}],"replies":[{"embeddable":true,"href":"https:\/\/veloaxe.com\/fr\/wp-json\/wp\/v2\/comments?post=16741"}],"wp:featuredmedia":[{"embeddable":true,"href":"https:\/\/veloaxe.com\/fr\/wp-json\/wp\/v2\/media\/16721"}],"wp:attachment":[{"href":"https:\/\/veloaxe.com\/fr\/wp-json\/wp\/v2\/media?parent=16741"}],"wp:term":[{"taxonomy":"product_brand","embeddable":true,"href":"https:\/\/veloaxe.com\/fr\/wp-json\/wp\/v2\/product_brand?post=16741"},{"taxonomy":"product_cat","embeddable":true,"href":"https:\/\/veloaxe.com\/fr\/wp-json\/wp\/v2\/product_cat?post=16741"},{"taxonomy":"product_tag","embeddable":true,"href":"https:\/\/veloaxe.com\/fr\/wp-json\/wp\/v2\/product_tag?post=16741"}],"curies":[{"name":"wp","href":"https:\/\/api.w.org\/{rel}","templated":true}]}}