{"id":1688,"date":"2022-08-25T17:37:02","date_gmt":"2022-08-25T17:37:02","guid":{"rendered":"https:\/\/veloaxe.com\/?post_type=product&#038;p=1688"},"modified":"2025-10-25T08:02:04","modified_gmt":"2025-10-25T08:02:04","slug":"manillar-zipp-service-course-sl-80-ergo-negro","status":"publish","type":"product","link":"https:\/\/veloaxe.com\/fr\/producto\/manillar-zipp-service-course-sl-80-ergo-negro\/","title":{"rendered":"MANILLAR ZIPP SL 80 ERGO SERVICE COURSE &#8211; Negro"},"content":{"rendered":"<p><span style=\"color: #000000;\">El manillar <strong>ZIPP SERVICE COURSE SL 80 ERGO<\/strong> ofrece una secci\u00f3n superior contorneada para un agarre <strong>ERGON\u00d3MICO<\/strong> para mayor comodidad durante la carrera o el viaje. El corto alcance de las capotas permite un ajuste adecuado sin comprometer la posici\u00f3n de conducci\u00f3n. He aqu\u00ed un manillar que te permite tener un control total de la bicicleta durante los descensos o sprints con su eficiencia ergon\u00f3mica.<\/span><\/p>\n<p><span style=\"color: #000000;\">FORMA CURVADA: Compacto<\/span><\/p>\n<p><span style=\"color: #000000;\">MATERIAL: Aluminio<\/span><\/p>\n<p><span style=\"color: #000000;\">De color negro<\/span><\/p>\n<p><span style=\"color: #000000;\">PESO: 260 gramos<\/span><\/p>","protected":false},"excerpt":{"rendered":"<p>El manillar ZIPP SERVICE COURSE SL 80 ERGO ofrece una secci\u00f3n superior contorneada para un agarre ERGON\u00d3MICO para mayor comodidad durante la carrera o el viaje. El corto alcance de las capotas permite un ajuste adecuado sin comprometer la posici\u00f3n de conducci\u00f3n. He aqu\u00ed un manillar que te permite tener un control total de la [&hellip;]<\/p>\n","protected":false},"featured_media":4190,"comment_status":"open","ping_status":"closed","template":"","meta":[],"product_brand":[],"product_cat":[16,19,24,129],"product_tag":[],"class_list":{"0":"post-1688","1":"product","2":"type-product","3":"status-publish","4":"has-post-thumbnail","6":"product_cat-carretera-gravel-bicicletas","7":"product_cat-componentes-de-bicicletas","8":"product_cat-manillar-aero-extensiones","9":"product_cat-manillar-carretera","10":"product_shipping_class-no-bicicletas","12":"first","13":"instock","14":"sale","15":"shipping-taxable","16":"purchasable","17":"product-type-variable"},"yoast_head":"<!-- This site is optimized with the Yoast SEO plugin v27.6 - https:\/\/yoast.com\/product\/yoast-seo-wordpress\/ -->\n<title>MANILLAR ZIPP SL-80 ERGO | VELOAXE.COM<\/title>\n<meta name=\"description\" content=\"MANILLAR ZIPP SL-80 ERGO - ZIPP es la referencia en piezas de bicicleta. Esto es lo que designa a la marca y la convierte en una de las mejores del mercado.\" \/>\n<meta name=\"robots\" content=\"index, follow, max-snippet:-1, max-image-preview:large, max-video-preview:-1\" \/>\n<link rel=\"canonical\" href=\"https:\/\/veloaxe.com\/fr\/produit\/manillar-zipp-service-course-sl-80-ergo-negro\/\" \/>\n<meta property=\"og:locale\" content=\"fr_FR\" \/>\n<meta property=\"og:type\" content=\"article\" \/>\n<meta property=\"og:title\" content=\"MANILLAR ZIPP SL-80 ERGO | VELOAXE.COM\" \/>\n<meta property=\"og:description\" content=\"MANILLAR ZIPP SL-80 ERGO - ZIPP es la referencia en piezas de bicicleta. Esto es lo que designa a la marca y la convierte en una de las mejores del mercado.\" \/>\n<meta property=\"og:url\" content=\"https:\/\/veloaxe.com\/fr\/produit\/manillar-zipp-service-course-sl-80-ergo-negro\/\" \/>\n<meta property=\"og:site_name\" content=\"Tienda de bicicletas | VELOAXE\" \/>\n<meta property=\"article:publisher\" content=\"https:\/\/www.facebook.com\/veloaxe\" \/>\n<meta property=\"article:modified_time\" content=\"2025-10-25T08:02:04+00:00\" \/>\n<meta property=\"og:image\" content=\"https:\/\/veloaxe.com\/wp-content\/uploads\/2022\/08\/manillar_zipp_sl_80_ergo-e1665726022389.jpg\" \/>\n\t<meta property=\"og:image:width\" content=\"832\" \/>\n\t<meta property=\"og:image:height\" content=\"725\" \/>\n\t<meta property=\"og:image:type\" content=\"image\/jpeg\" \/>\n<meta name=\"twitter:card\" content=\"summary_large_image\" \/>\n<meta name=\"twitter:label1\" content=\"Dur\u00e9e de lecture estim\u00e9e\" \/>\n\t<meta name=\"twitter:data1\" content=\"1 minute\" \/>\n<script type=\"application\/ld+json\" class=\"yoast-schema-graph\">{\"@context\":\"https:\\\/\\\/schema.org\",\"@graph\":[{\"@type\":\"WebPage\",\"@id\":\"https:\\\/\\\/veloaxe.com\\\/producto\\\/manillar-zipp-service-course-sl-80-ergo-negro\\\/\",\"url\":\"https:\\\/\\\/veloaxe.com\\\/producto\\\/manillar-zipp-service-course-sl-80-ergo-negro\\\/\",\"name\":\"MANILLAR ZIPP SL-80 ERGO | VELOAXE.COM\",\"isPartOf\":{\"@id\":\"https:\\\/\\\/veloaxe.com\\\/#website\"},\"primaryImageOfPage\":{\"@id\":\"https:\\\/\\\/veloaxe.com\\\/producto\\\/manillar-zipp-service-course-sl-80-ergo-negro\\\/#primaryimage\"},\"image\":{\"@id\":\"https:\\\/\\\/veloaxe.com\\\/producto\\\/manillar-zipp-service-course-sl-80-ergo-negro\\\/#primaryimage\"},\"thumbnailUrl\":\"https:\\\/\\\/veloaxe.com\\\/wp-content\\\/uploads\\\/2022\\\/08\\\/manillar_zipp_sl_80_ergo-e1665726022389.jpg\",\"datePublished\":\"2022-08-25T17:37:02+00:00\",\"dateModified\":\"2025-10-25T08:02:04+00:00\",\"description\":\"MANILLAR ZIPP SL-80 ERGO - ZIPP es la referencia en piezas de bicicleta. Esto es lo que designa a la marca y la convierte en una de las mejores del mercado.\",\"breadcrumb\":{\"@id\":\"https:\\\/\\\/veloaxe.com\\\/producto\\\/manillar-zipp-service-course-sl-80-ergo-negro\\\/#breadcrumb\"},\"inLanguage\":\"fr-FR\",\"potentialAction\":[{\"@type\":\"ReadAction\",\"target\":[\"https:\\\/\\\/veloaxe.com\\\/producto\\\/manillar-zipp-service-course-sl-80-ergo-negro\\\/\"]}]},{\"@type\":\"ImageObject\",\"inLanguage\":\"fr-FR\",\"@id\":\"https:\\\/\\\/veloaxe.com\\\/producto\\\/manillar-zipp-service-course-sl-80-ergo-negro\\\/#primaryimage\",\"url\":\"https:\\\/\\\/veloaxe.com\\\/wp-content\\\/uploads\\\/2022\\\/08\\\/manillar_zipp_sl_80_ergo-e1665726022389.jpg\",\"contentUrl\":\"https:\\\/\\\/veloaxe.com\\\/wp-content\\\/uploads\\\/2022\\\/08\\\/manillar_zipp_sl_80_ergo-e1665726022389.jpg\",\"width\":832,\"height\":725,\"caption\":\"Manillar zipp sl 80 ergo para bicicleta.\"},{\"@type\":\"BreadcrumbList\",\"@id\":\"https:\\\/\\\/veloaxe.com\\\/producto\\\/manillar-zipp-service-course-sl-80-ergo-negro\\\/#breadcrumb\",\"itemListElement\":[{\"@type\":\"ListItem\",\"position\":1,\"name\":\"Portada\",\"item\":\"https:\\\/\\\/veloaxe.com\\\/\"},{\"@type\":\"ListItem\",\"position\":2,\"name\":\"Shop\",\"item\":\"https:\\\/\\\/paleturquoise-herring-271034.hostingersite.com\\\/shop\\\/\"},{\"@type\":\"ListItem\",\"position\":3,\"name\":\"MANILLAR ZIPP SL 80 ERGO SERVICE COURSE &#8211; Negro\"}]},{\"@type\":\"WebSite\",\"@id\":\"https:\\\/\\\/veloaxe.com\\\/#website\",\"url\":\"https:\\\/\\\/veloaxe.com\\\/\",\"name\":\"Tienda de bicicletas | VELOAXE\",\"description\":\"Descubre una amplia selecci\u00f3n de bicicletas de alta calidad, desde modelos urbanos y de monta\u00f1a hasta bicicletas de carretera de \u00faltima generaci\u00f3n. Con un servicio experto y accesorios especializados, estamos comprometidos a brindarte la mejor experiencia ciclista.\",\"publisher\":{\"@id\":\"https:\\\/\\\/veloaxe.com\\\/#organization\"},\"potentialAction\":[{\"@type\":\"SearchAction\",\"target\":{\"@type\":\"EntryPoint\",\"urlTemplate\":\"https:\\\/\\\/veloaxe.com\\\/?s={search_term_string}\"},\"query-input\":{\"@type\":\"PropertyValueSpecification\",\"valueRequired\":true,\"valueName\":\"search_term_string\"}}],\"inLanguage\":\"fr-FR\"},{\"@type\":\"Organization\",\"@id\":\"https:\\\/\\\/veloaxe.com\\\/#organization\",\"name\":\"Tienda de bicicletas | VELOAXE\",\"url\":\"https:\\\/\\\/veloaxe.com\\\/\",\"logo\":{\"@type\":\"ImageObject\",\"inLanguage\":\"fr-FR\",\"@id\":\"https:\\\/\\\/veloaxe.com\\\/#\\\/schema\\\/logo\\\/image\\\/\",\"url\":\"https:\\\/\\\/veloaxe.com\\\/wp-content\\\/uploads\\\/2026\\\/01\\\/cropped-logo-1.jpg\",\"contentUrl\":\"https:\\\/\\\/veloaxe.com\\\/wp-content\\\/uploads\\\/2026\\\/01\\\/cropped-logo-1.jpg\",\"width\":1273,\"height\":363,\"caption\":\"Tienda de bicicletas | VELOAXE\"},\"image\":{\"@id\":\"https:\\\/\\\/veloaxe.com\\\/#\\\/schema\\\/logo\\\/image\\\/\"},\"sameAs\":[\"https:\\\/\\\/www.facebook.com\\\/veloaxe\"]}]}<\/script>\n<!-- \/ Yoast SEO plugin. -->","yoast_head_json":{"title":"MANILLAR ZIPP SL-80 ERGO | VELOAXE.COM","description":"MANILLAR ZIPP SL-80 ERGO - ZIPP es la referencia en piezas de bicicleta. Esto es lo que designa a la marca y la convierte en una de las mejores del mercado.","robots":{"index":"index","follow":"follow","max-snippet":"max-snippet:-1","max-image-preview":"max-image-preview:large","max-video-preview":"max-video-preview:-1"},"canonical":"https:\/\/veloaxe.com\/fr\/produit\/manillar-zipp-service-course-sl-80-ergo-negro\/","og_locale":"fr_FR","og_type":"article","og_title":"MANILLAR ZIPP SL-80 ERGO | VELOAXE.COM","og_description":"MANILLAR ZIPP SL-80 ERGO - ZIPP es la referencia en piezas de bicicleta. Esto es lo que designa a la marca y la convierte en una de las mejores del mercado.","og_url":"https:\/\/veloaxe.com\/fr\/produit\/manillar-zipp-service-course-sl-80-ergo-negro\/","og_site_name":"Tienda de bicicletas | VELOAXE","article_publisher":"https:\/\/www.facebook.com\/veloaxe","article_modified_time":"2025-10-25T08:02:04+00:00","og_image":[{"width":832,"height":725,"url":"https:\/\/veloaxe.com\/wp-content\/uploads\/2022\/08\/manillar_zipp_sl_80_ergo-e1665726022389.jpg","type":"image\/jpeg"}],"twitter_card":"summary_large_image","twitter_misc":{"Dur\u00e9e de lecture estim\u00e9e":"1 minute"},"schema":{"@context":"https:\/\/schema.org","@graph":[{"@type":"WebPage","@id":"https:\/\/veloaxe.com\/producto\/manillar-zipp-service-course-sl-80-ergo-negro\/","url":"https:\/\/veloaxe.com\/producto\/manillar-zipp-service-course-sl-80-ergo-negro\/","name":"MANILLAR ZIPP SL-80 ERGO | VELOAXE.COM","isPartOf":{"@id":"https:\/\/veloaxe.com\/#website"},"primaryImageOfPage":{"@id":"https:\/\/veloaxe.com\/producto\/manillar-zipp-service-course-sl-80-ergo-negro\/#primaryimage"},"image":{"@id":"https:\/\/veloaxe.com\/producto\/manillar-zipp-service-course-sl-80-ergo-negro\/#primaryimage"},"thumbnailUrl":"https:\/\/veloaxe.com\/wp-content\/uploads\/2022\/08\/manillar_zipp_sl_80_ergo-e1665726022389.jpg","datePublished":"2022-08-25T17:37:02+00:00","dateModified":"2025-10-25T08:02:04+00:00","description":"MANILLAR ZIPP SL-80 ERGO - ZIPP es la referencia en piezas de bicicleta. Esto es lo que designa a la marca y la convierte en una de las mejores del mercado.","breadcrumb":{"@id":"https:\/\/veloaxe.com\/producto\/manillar-zipp-service-course-sl-80-ergo-negro\/#breadcrumb"},"inLanguage":"fr-FR","potentialAction":[{"@type":"ReadAction","target":["https:\/\/veloaxe.com\/producto\/manillar-zipp-service-course-sl-80-ergo-negro\/"]}]},{"@type":"ImageObject","inLanguage":"fr-FR","@id":"https:\/\/veloaxe.com\/producto\/manillar-zipp-service-course-sl-80-ergo-negro\/#primaryimage","url":"https:\/\/veloaxe.com\/wp-content\/uploads\/2022\/08\/manillar_zipp_sl_80_ergo-e1665726022389.jpg","contentUrl":"https:\/\/veloaxe.com\/wp-content\/uploads\/2022\/08\/manillar_zipp_sl_80_ergo-e1665726022389.jpg","width":832,"height":725,"caption":"Manillar zipp sl 80 ergo para bicicleta."},{"@type":"BreadcrumbList","@id":"https:\/\/veloaxe.com\/producto\/manillar-zipp-service-course-sl-80-ergo-negro\/#breadcrumb","itemListElement":[{"@type":"ListItem","position":1,"name":"Portada","item":"https:\/\/veloaxe.com\/"},{"@type":"ListItem","position":2,"name":"Shop","item":"https:\/\/paleturquoise-herring-271034.hostingersite.com\/shop\/"},{"@type":"ListItem","position":3,"name":"MANILLAR ZIPP SL 80 ERGO SERVICE COURSE &#8211; Negro"}]},{"@type":"WebSite","@id":"https:\/\/veloaxe.com\/#website","url":"https:\/\/veloaxe.com\/","name":"Boutique de v\u00e9lo en ligne | VELOAXE","description":"Descubre una amplia selecci\u00f3n de bicicletas de alta calidad, desde modelos urbanos y de monta\u00f1a hasta bicicletas de carretera de \u00faltima generaci\u00f3n. Con un servicio experto y accesorios especializados, estamos comprometidos a brindarte la mejor experiencia ciclista.","publisher":{"@id":"https:\/\/veloaxe.com\/#organization"},"potentialAction":[{"@type":"SearchAction","target":{"@type":"EntryPoint","urlTemplate":"https:\/\/veloaxe.com\/?s={search_term_string}"},"query-input":{"@type":"PropertyValueSpecification","valueRequired":true,"valueName":"search_term_string"}}],"inLanguage":"fr-FR"},{"@type":"Organization","@id":"https:\/\/veloaxe.com\/#organization","name":"Boutique de v\u00e9lo en ligne | VELOAXE","url":"https:\/\/veloaxe.com\/","logo":{"@type":"ImageObject","inLanguage":"fr-FR","@id":"https:\/\/veloaxe.com\/#\/schema\/logo\/image\/","url":"https:\/\/veloaxe.com\/wp-content\/uploads\/2026\/01\/cropped-logo-1.jpg","contentUrl":"https:\/\/veloaxe.com\/wp-content\/uploads\/2026\/01\/cropped-logo-1.jpg","width":1273,"height":363,"caption":"Tienda de bicicletas | VELOAXE"},"image":{"@id":"https:\/\/veloaxe.com\/#\/schema\/logo\/image\/"},"sameAs":["https:\/\/www.facebook.com\/veloaxe"]}]}},"_links":{"self":[{"href":"https:\/\/veloaxe.com\/fr\/wp-json\/wp\/v2\/product\/1688","targetHints":{"allow":["GET"]}}],"collection":[{"href":"https:\/\/veloaxe.com\/fr\/wp-json\/wp\/v2\/product"}],"about":[{"href":"https:\/\/veloaxe.com\/fr\/wp-json\/wp\/v2\/types\/product"}],"replies":[{"embeddable":true,"href":"https:\/\/veloaxe.com\/fr\/wp-json\/wp\/v2\/comments?post=1688"}],"wp:featuredmedia":[{"embeddable":true,"href":"https:\/\/veloaxe.com\/fr\/wp-json\/wp\/v2\/media\/4190"}],"wp:attachment":[{"href":"https:\/\/veloaxe.com\/fr\/wp-json\/wp\/v2\/media?parent=1688"}],"wp:term":[{"taxonomy":"product_brand","embeddable":true,"href":"https:\/\/veloaxe.com\/fr\/wp-json\/wp\/v2\/product_brand?post=1688"},{"taxonomy":"product_cat","embeddable":true,"href":"https:\/\/veloaxe.com\/fr\/wp-json\/wp\/v2\/product_cat?post=1688"},{"taxonomy":"product_tag","embeddable":true,"href":"https:\/\/veloaxe.com\/fr\/wp-json\/wp\/v2\/product_tag?post=1688"}],"curies":[{"name":"wp","href":"https:\/\/api.w.org\/{rel}","templated":true}]}}