{"id":17032,"date":"2024-10-20T09:08:26","date_gmt":"2024-10-20T09:08:26","guid":{"rendered":"https:\/\/veloaxe.com\/?post_type=product&#038;p=17032"},"modified":"2025-05-06T09:45:27","modified_gmt":"2025-05-06T09:45:27","slug":"coluer-invicta-5-4-shimano-105-12v-azul-full-opcion","status":"publish","type":"product","link":"https:\/\/veloaxe.com\/fr\/producto\/coluer-invicta-5-4-shimano-105-12v-azul-full-opcion\/","title":{"rendered":"COLUER INVICTA 5.4 &#8211; SHIMANO 105 12v &#8211; AZUL &#8211; FULL OPCION"},"content":{"rendered":"<p><span style=\"color: #000000;\">La NUEVA bicicleta de carretera 2025 <strong>COLUER INVICTA 5.4<\/strong>\u00a0ha sido desarrollada con la ayuda de mec\u00e1nicos y antiguos ciclistas de carretera <strong>UCI PROFESSIONAL<\/strong> en las carreteras m\u00e1s exigentes de <strong>FRANCIA<\/strong> y <strong>ESPA\u00d1A<\/strong>. El objetivo, llevar todo su potencial al M\u00e1ximo, en puertos m\u00edticos, con largas subidas y exigentes bajadas. Este recopil\u00f3 datos muy valiosos para su configuraci\u00f3n <strong>FINAL<\/strong>. <\/span><span style=\"color: #000000;\">He aqu\u00ed una bicicleta de alto rendimiento donde el m\u00e1s m\u00ednimo detalle ha sido revisado una y otra vez para tener la bicicleta <strong>PERFECTA<\/strong>. <\/span><\/p>\n<p><span style=\"color: #000000;\">C\u00f3moda, Vers\u00e1til, con una geometr\u00eda estudiada para que la potencia se transmita de forma m\u00e1s eficiente a las ruedas traseras, lo que te permitir\u00e1 subir sin dificultad y rodar largas distancias. Si est\u00e1s acostumbrado a subir a los podios, ir a los grupos delanteros, colocar ataques precisos o recorrer caminos interminables, esta es la bicicleta que necesitas. La bicicleta de carretera<strong> COLUER INVICTA 5.4<\/strong>\u00a0es ligera y eficiente, es ideal para salidas en bicicleta de carretera.<\/span><\/p>\n<p>&nbsp;<\/p>\n<p><span style=\"color: #000000;\"><strong>CUADRO<\/strong> : NUEVO CUADRO Carbono HMC, Geometr\u00eda de competici\u00f3n RD, Sistema de cableado interno, Ejes de pedalier BB86 y Juego de direcci\u00f3n de 1\/8-1\/5<\/span><\/p>\n<p><span style=\"color: #000000;\"><strong>HORQUILLA<\/strong> : Carbono monocasco<\/span><\/p>\n<p><span style=\"color: #000000;\"><strong>TIJA DEL ASIENTO<\/strong> : ICON SUPERNOVA<\/span><\/p>\n<p><span style=\"color: #000000;\"><strong>POTENCES V\u00c9LO<\/strong> : <strong>ICON SUPERNOVA CARBONO INTEGRADO<\/strong><\/span><\/p>\n<p><span style=\"color: #000000;\"><strong>CINTRES VTT<\/strong> : <strong>ICON SUPERNOVA CARBONO INTEGRADO<\/strong><\/span><\/p>\n<p><span style=\"color: #000000;\"><strong>RUEDAS<\/strong> : <strong>PROTOTYPE WORLD TOUR CARBONO 30 mm o 50 mm<\/strong><\/span><\/p>\n<p><span style=\"color: #000000;\"><strong>PNEUS ROUTE<\/strong> : VITTORIA RUBINO IV<\/span><\/p>\n<p><span style=\"color: #000000;\"><strong>SILL\u00cdN<\/strong> : SELLE ITALIA X<\/span><\/p>\n<p><span style=\"color: #000000;\"><strong>FRENOS<\/strong> : SHIMANO 105 R7120<\/span><\/p>\n<p><span style=\"color: #000000;\"><strong>DESVIADOR DELANTERO<\/strong> : SHIMANO 105 R7120<\/span><\/p>\n<p><span style=\"color: #000000;\"><strong>CAMBIO TRASERO<\/strong> : SHIMANO 105 R7120<\/span><\/p>\n<p><span style=\"color: #000000;\"><strong>MANETAS DE CAMBIO<\/strong> : SHIMANO 105 R7120<\/span><\/p>\n<p><span style=\"color: #000000;\"><strong>P\u00c9DALIERS V\u00c9LO<\/strong> : SHIMANO 105 R7120 (50*34)<\/span><\/p>\n<p><span style=\"color: #000000;\"><strong>CASSETTES V\u00c9LO<\/strong> : SHIMANO 105 R7120 (11*34)<\/span><\/p>\n<p><span style=\"color: #000000;\">Las ruedas y el grupo de la foto pueden no ser contractuales.<\/span><\/p>\n<p><span style=\"color: #000000;\">Para m\u00e1s informaci\u00f3n, cont\u00e1ctenos: +33 06 24 22 72 58<\/span><\/p>","protected":false},"excerpt":{"rendered":"<p>La NUEVA bicicleta de carretera 2025 COLUER INVICTA 5.4\u00a0ha sido desarrollada con la ayuda de mec\u00e1nicos y antiguos ciclistas de carretera UCI PROFESSIONAL en las carreteras m\u00e1s exigentes de FRANCIA y ESPA\u00d1A. El objetivo, llevar todo su potencial al M\u00e1ximo, en puertos m\u00edticos, con largas subidas y exigentes bajadas. Este recopil\u00f3 datos muy valiosos para [&hellip;]<\/p>\n","protected":false},"featured_media":17037,"comment_status":"open","ping_status":"closed","template":"","meta":[],"product_brand":[],"product_cat":[126,17,16],"product_tag":[],"class_list":{"0":"post-17032","1":"product","2":"type-product","3":"status-publish","4":"has-post-thumbnail","6":"product_cat-bicicleta-de-carbono","7":"product_cat-bicicletas-completas-de-carretera","8":"product_cat-carretera-gravel-bicicletas","9":"product_shipping_class-bicicletas","11":"first","12":"instock","13":"sale","14":"shipping-taxable","15":"purchasable","16":"product-type-variable"},"yoast_head":"<!-- This site is optimized with the Yoast SEO plugin v27.6 - https:\/\/yoast.com\/product\/yoast-seo-wordpress\/ -->\n<title>COLUER INVICTA 5.4 - SHIMANO 105 12v | VELOAXE.COM<\/title>\n<meta name=\"description\" content=\"COLUER INVICTA 5.4 - SHIMANO 105 12v full opcion - Encuentra bicicletas de carretera de carbono COLUER INVICTA al precio de 3100\u20ac. Facilidad de pago en 12x.\" \/>\n<meta name=\"robots\" content=\"index, follow, max-snippet:-1, max-image-preview:large, max-video-preview:-1\" \/>\n<link rel=\"canonical\" href=\"https:\/\/veloaxe.com\/fr\/produit\/coluer-invicta-5-4-shimano-105-12v-azul-full-opcion\/\" \/>\n<meta property=\"og:locale\" content=\"fr_FR\" \/>\n<meta property=\"og:type\" content=\"article\" \/>\n<meta property=\"og:title\" content=\"COLUER INVICTA 5.4 - SHIMANO 105 12v | VELOAXE.COM\" \/>\n<meta property=\"og:description\" content=\"COLUER INVICTA 5.4 - SHIMANO 105 12v full opcion - Encuentra bicicletas de carretera de carbono COLUER INVICTA al precio de 3100\u20ac. Facilidad de pago en 12x.\" \/>\n<meta property=\"og:url\" content=\"https:\/\/veloaxe.com\/fr\/produit\/coluer-invicta-5-4-shimano-105-12v-azul-full-opcion\/\" \/>\n<meta property=\"og:site_name\" content=\"Tienda de bicicletas | VELOAXE\" \/>\n<meta property=\"article:publisher\" content=\"https:\/\/www.facebook.com\/veloaxe\" \/>\n<meta property=\"article:modified_time\" content=\"2025-05-06T09:45:27+00:00\" \/>\n<meta property=\"og:image\" content=\"https:\/\/veloaxe.com\/wp-content\/uploads\/2024\/10\/coluer-invicta-shimano-105-di2.jpg\" \/>\n\t<meta property=\"og:image:width\" content=\"1269\" \/>\n\t<meta property=\"og:image:height\" content=\"753\" \/>\n\t<meta property=\"og:image:type\" content=\"image\/jpeg\" \/>\n<meta name=\"twitter:card\" content=\"summary_large_image\" \/>\n<meta name=\"twitter:label1\" content=\"Dur\u00e9e de lecture estim\u00e9e\" \/>\n\t<meta name=\"twitter:data1\" content=\"2 minutes\" \/>\n<script type=\"application\/ld+json\" class=\"yoast-schema-graph\">{\"@context\":\"https:\\\/\\\/schema.org\",\"@graph\":[{\"@type\":\"WebPage\",\"@id\":\"https:\\\/\\\/veloaxe.com\\\/producto\\\/coluer-invicta-5-4-shimano-105-12v-azul-full-opcion\\\/\",\"url\":\"https:\\\/\\\/veloaxe.com\\\/producto\\\/coluer-invicta-5-4-shimano-105-12v-azul-full-opcion\\\/\",\"name\":\"COLUER INVICTA 5.4 - SHIMANO 105 12v | VELOAXE.COM\",\"isPartOf\":{\"@id\":\"https:\\\/\\\/veloaxe.com\\\/#website\"},\"primaryImageOfPage\":{\"@id\":\"https:\\\/\\\/veloaxe.com\\\/producto\\\/coluer-invicta-5-4-shimano-105-12v-azul-full-opcion\\\/#primaryimage\"},\"image\":{\"@id\":\"https:\\\/\\\/veloaxe.com\\\/producto\\\/coluer-invicta-5-4-shimano-105-12v-azul-full-opcion\\\/#primaryimage\"},\"thumbnailUrl\":\"https:\\\/\\\/veloaxe.com\\\/wp-content\\\/uploads\\\/2024\\\/10\\\/coluer-invicta-shimano-105-di2.jpg\",\"datePublished\":\"2024-10-20T09:08:26+00:00\",\"dateModified\":\"2025-05-06T09:45:27+00:00\",\"description\":\"COLUER INVICTA 5.4 - SHIMANO 105 12v full opcion - Encuentra bicicletas de carretera de carbono COLUER INVICTA al precio de 3100\u20ac. Facilidad de pago en 12x.\",\"breadcrumb\":{\"@id\":\"https:\\\/\\\/veloaxe.com\\\/producto\\\/coluer-invicta-5-4-shimano-105-12v-azul-full-opcion\\\/#breadcrumb\"},\"inLanguage\":\"fr-FR\",\"potentialAction\":[{\"@type\":\"ReadAction\",\"target\":[\"https:\\\/\\\/veloaxe.com\\\/producto\\\/coluer-invicta-5-4-shimano-105-12v-azul-full-opcion\\\/\"]}]},{\"@type\":\"ImageObject\",\"inLanguage\":\"fr-FR\",\"@id\":\"https:\\\/\\\/veloaxe.com\\\/producto\\\/coluer-invicta-5-4-shimano-105-12v-azul-full-opcion\\\/#primaryimage\",\"url\":\"https:\\\/\\\/veloaxe.com\\\/wp-content\\\/uploads\\\/2024\\\/10\\\/coluer-invicta-shimano-105-di2.jpg\",\"contentUrl\":\"https:\\\/\\\/veloaxe.com\\\/wp-content\\\/uploads\\\/2024\\\/10\\\/coluer-invicta-shimano-105-di2.jpg\",\"width\":1269,\"height\":753,\"caption\":\"coluer-invicta-shimano-105-di2\"},{\"@type\":\"BreadcrumbList\",\"@id\":\"https:\\\/\\\/veloaxe.com\\\/producto\\\/coluer-invicta-5-4-shimano-105-12v-azul-full-opcion\\\/#breadcrumb\",\"itemListElement\":[{\"@type\":\"ListItem\",\"position\":1,\"name\":\"Portada\",\"item\":\"https:\\\/\\\/veloaxe.com\\\/\"},{\"@type\":\"ListItem\",\"position\":2,\"name\":\"Shop\",\"item\":\"https:\\\/\\\/paleturquoise-herring-271034.hostingersite.com\\\/shop\\\/\"},{\"@type\":\"ListItem\",\"position\":3,\"name\":\"COLUER INVICTA 5.4 &#8211; SHIMANO 105 12v &#8211; AZUL &#8211; FULL OPCION\"}]},{\"@type\":\"WebSite\",\"@id\":\"https:\\\/\\\/veloaxe.com\\\/#website\",\"url\":\"https:\\\/\\\/veloaxe.com\\\/\",\"name\":\"Tienda de bicicletas | VELOAXE\",\"description\":\"Descubre una amplia selecci\u00f3n de bicicletas de alta calidad, desde modelos urbanos y de monta\u00f1a hasta bicicletas de carretera de \u00faltima generaci\u00f3n. Con un servicio experto y accesorios especializados, estamos comprometidos a brindarte la mejor experiencia ciclista.\",\"publisher\":{\"@id\":\"https:\\\/\\\/veloaxe.com\\\/#organization\"},\"potentialAction\":[{\"@type\":\"SearchAction\",\"target\":{\"@type\":\"EntryPoint\",\"urlTemplate\":\"https:\\\/\\\/veloaxe.com\\\/?s={search_term_string}\"},\"query-input\":{\"@type\":\"PropertyValueSpecification\",\"valueRequired\":true,\"valueName\":\"search_term_string\"}}],\"inLanguage\":\"fr-FR\"},{\"@type\":\"Organization\",\"@id\":\"https:\\\/\\\/veloaxe.com\\\/#organization\",\"name\":\"Tienda de bicicletas | VELOAXE\",\"url\":\"https:\\\/\\\/veloaxe.com\\\/\",\"logo\":{\"@type\":\"ImageObject\",\"inLanguage\":\"fr-FR\",\"@id\":\"https:\\\/\\\/veloaxe.com\\\/#\\\/schema\\\/logo\\\/image\\\/\",\"url\":\"https:\\\/\\\/veloaxe.com\\\/wp-content\\\/uploads\\\/2026\\\/01\\\/cropped-logo-1.jpg\",\"contentUrl\":\"https:\\\/\\\/veloaxe.com\\\/wp-content\\\/uploads\\\/2026\\\/01\\\/cropped-logo-1.jpg\",\"width\":1273,\"height\":363,\"caption\":\"Tienda de bicicletas | VELOAXE\"},\"image\":{\"@id\":\"https:\\\/\\\/veloaxe.com\\\/#\\\/schema\\\/logo\\\/image\\\/\"},\"sameAs\":[\"https:\\\/\\\/www.facebook.com\\\/veloaxe\"]}]}<\/script>\n<!-- \/ Yoast SEO plugin. -->","yoast_head_json":{"title":"COLUER INVICTA 5.4 - SHIMANO 105 12v | VELOAXE.COM","description":"COLUER INVICTA 5.4 - SHIMANO 105 12v full opcion - Encuentra bicicletas de carretera de carbono COLUER INVICTA al precio de 3100\u20ac. Facilidad de pago en 12x.","robots":{"index":"index","follow":"follow","max-snippet":"max-snippet:-1","max-image-preview":"max-image-preview:large","max-video-preview":"max-video-preview:-1"},"canonical":"https:\/\/veloaxe.com\/fr\/produit\/coluer-invicta-5-4-shimano-105-12v-azul-full-opcion\/","og_locale":"fr_FR","og_type":"article","og_title":"COLUER INVICTA 5.4 - SHIMANO 105 12v | VELOAXE.COM","og_description":"COLUER INVICTA 5.4 - SHIMANO 105 12v full opcion - Encuentra bicicletas de carretera de carbono COLUER INVICTA al precio de 3100\u20ac. Facilidad de pago en 12x.","og_url":"https:\/\/veloaxe.com\/fr\/produit\/coluer-invicta-5-4-shimano-105-12v-azul-full-opcion\/","og_site_name":"Tienda de bicicletas | VELOAXE","article_publisher":"https:\/\/www.facebook.com\/veloaxe","article_modified_time":"2025-05-06T09:45:27+00:00","og_image":[{"width":1269,"height":753,"url":"https:\/\/veloaxe.com\/wp-content\/uploads\/2024\/10\/coluer-invicta-shimano-105-di2.jpg","type":"image\/jpeg"}],"twitter_card":"summary_large_image","twitter_misc":{"Dur\u00e9e de lecture estim\u00e9e":"2 minutes"},"schema":{"@context":"https:\/\/schema.org","@graph":[{"@type":"WebPage","@id":"https:\/\/veloaxe.com\/producto\/coluer-invicta-5-4-shimano-105-12v-azul-full-opcion\/","url":"https:\/\/veloaxe.com\/producto\/coluer-invicta-5-4-shimano-105-12v-azul-full-opcion\/","name":"COLUER INVICTA 5.4 - SHIMANO 105 12v | VELOAXE.COM","isPartOf":{"@id":"https:\/\/veloaxe.com\/#website"},"primaryImageOfPage":{"@id":"https:\/\/veloaxe.com\/producto\/coluer-invicta-5-4-shimano-105-12v-azul-full-opcion\/#primaryimage"},"image":{"@id":"https:\/\/veloaxe.com\/producto\/coluer-invicta-5-4-shimano-105-12v-azul-full-opcion\/#primaryimage"},"thumbnailUrl":"https:\/\/veloaxe.com\/wp-content\/uploads\/2024\/10\/coluer-invicta-shimano-105-di2.jpg","datePublished":"2024-10-20T09:08:26+00:00","dateModified":"2025-05-06T09:45:27+00:00","description":"COLUER INVICTA 5.4 - SHIMANO 105 12v full opcion - Encuentra bicicletas de carretera de carbono COLUER INVICTA al precio de 3100\u20ac. Facilidad de pago en 12x.","breadcrumb":{"@id":"https:\/\/veloaxe.com\/producto\/coluer-invicta-5-4-shimano-105-12v-azul-full-opcion\/#breadcrumb"},"inLanguage":"fr-FR","potentialAction":[{"@type":"ReadAction","target":["https:\/\/veloaxe.com\/producto\/coluer-invicta-5-4-shimano-105-12v-azul-full-opcion\/"]}]},{"@type":"ImageObject","inLanguage":"fr-FR","@id":"https:\/\/veloaxe.com\/producto\/coluer-invicta-5-4-shimano-105-12v-azul-full-opcion\/#primaryimage","url":"https:\/\/veloaxe.com\/wp-content\/uploads\/2024\/10\/coluer-invicta-shimano-105-di2.jpg","contentUrl":"https:\/\/veloaxe.com\/wp-content\/uploads\/2024\/10\/coluer-invicta-shimano-105-di2.jpg","width":1269,"height":753,"caption":"coluer-invicta-shimano-105-di2"},{"@type":"BreadcrumbList","@id":"https:\/\/veloaxe.com\/producto\/coluer-invicta-5-4-shimano-105-12v-azul-full-opcion\/#breadcrumb","itemListElement":[{"@type":"ListItem","position":1,"name":"Portada","item":"https:\/\/veloaxe.com\/"},{"@type":"ListItem","position":2,"name":"Shop","item":"https:\/\/paleturquoise-herring-271034.hostingersite.com\/shop\/"},{"@type":"ListItem","position":3,"name":"COLUER INVICTA 5.4 &#8211; SHIMANO 105 12v &#8211; AZUL &#8211; FULL OPCION"}]},{"@type":"WebSite","@id":"https:\/\/veloaxe.com\/#website","url":"https:\/\/veloaxe.com\/","name":"Boutique de v\u00e9lo en ligne | VELOAXE","description":"Descubre una amplia selecci\u00f3n de bicicletas de alta calidad, desde modelos urbanos y de monta\u00f1a hasta bicicletas de carretera de \u00faltima generaci\u00f3n. Con un servicio experto y accesorios especializados, estamos comprometidos a brindarte la mejor experiencia ciclista.","publisher":{"@id":"https:\/\/veloaxe.com\/#organization"},"potentialAction":[{"@type":"SearchAction","target":{"@type":"EntryPoint","urlTemplate":"https:\/\/veloaxe.com\/?s={search_term_string}"},"query-input":{"@type":"PropertyValueSpecification","valueRequired":true,"valueName":"search_term_string"}}],"inLanguage":"fr-FR"},{"@type":"Organization","@id":"https:\/\/veloaxe.com\/#organization","name":"Boutique de v\u00e9lo en ligne | VELOAXE","url":"https:\/\/veloaxe.com\/","logo":{"@type":"ImageObject","inLanguage":"fr-FR","@id":"https:\/\/veloaxe.com\/#\/schema\/logo\/image\/","url":"https:\/\/veloaxe.com\/wp-content\/uploads\/2026\/01\/cropped-logo-1.jpg","contentUrl":"https:\/\/veloaxe.com\/wp-content\/uploads\/2026\/01\/cropped-logo-1.jpg","width":1273,"height":363,"caption":"Tienda de bicicletas | VELOAXE"},"image":{"@id":"https:\/\/veloaxe.com\/#\/schema\/logo\/image\/"},"sameAs":["https:\/\/www.facebook.com\/veloaxe"]}]}},"_links":{"self":[{"href":"https:\/\/veloaxe.com\/fr\/wp-json\/wp\/v2\/product\/17032","targetHints":{"allow":["GET"]}}],"collection":[{"href":"https:\/\/veloaxe.com\/fr\/wp-json\/wp\/v2\/product"}],"about":[{"href":"https:\/\/veloaxe.com\/fr\/wp-json\/wp\/v2\/types\/product"}],"replies":[{"embeddable":true,"href":"https:\/\/veloaxe.com\/fr\/wp-json\/wp\/v2\/comments?post=17032"}],"wp:featuredmedia":[{"embeddable":true,"href":"https:\/\/veloaxe.com\/fr\/wp-json\/wp\/v2\/media\/17037"}],"wp:attachment":[{"href":"https:\/\/veloaxe.com\/fr\/wp-json\/wp\/v2\/media?parent=17032"}],"wp:term":[{"taxonomy":"product_brand","embeddable":true,"href":"https:\/\/veloaxe.com\/fr\/wp-json\/wp\/v2\/product_brand?post=17032"},{"taxonomy":"product_cat","embeddable":true,"href":"https:\/\/veloaxe.com\/fr\/wp-json\/wp\/v2\/product_cat?post=17032"},{"taxonomy":"product_tag","embeddable":true,"href":"https:\/\/veloaxe.com\/fr\/wp-json\/wp\/v2\/product_tag?post=17032"}],"curies":[{"name":"wp","href":"https:\/\/api.w.org\/{rel}","templated":true}]}}