{"id":17116,"date":"2024-11-05T10:58:03","date_gmt":"2024-11-05T10:58:03","guid":{"rendered":"https:\/\/veloaxe.com\/?post_type=product&#038;p=17116"},"modified":"2025-05-06T08:46:36","modified_gmt":"2025-05-06T08:46:36","slug":"liquido-tubeless-sellante-bio-muc-off-140-ml","status":"publish","type":"product","link":"https:\/\/veloaxe.com\/fr\/producto\/liquido-tubeless-sellante-bio-muc-off-140-ml\/","title":{"rendered":"LIQUIDO TUBELESS SELLANTE BIO MUC-OFF &#8211; 140 ML"},"content":{"rendered":"<p>\u00bfBuscas un sellador s\u00faper ligero pero Rudo tubeless ? Boom, lo acabas de encontrar amigo m\u00edo! Sellador de neum\u00e1ticos sin c\u00e1mara Olv\u00eddate de los pinchazos rinde en las condiciones de carrera m\u00e1s brutales. Las mol\u00e9culas de vanguardia rellenan los agujeros y desgarros m\u00e1s grandes, mientras que el l\u00e1tex avanzado forma un fuerte sello al instante. Nuestra f\u00f3rmula tambi\u00e9n contiene un exclusivo sistema de detecci\u00f3n de rayos UV que pone de manifiesto cualquier pinchazo que no hayas visto durante tu recorrido.<\/p>\n<p>Desarrollado en colaboraci\u00f3n con los mejores equipos de descenso del mundo y del pelot\u00f3n profesional, para ofrecerle el mejor sellador de neum\u00e1ticos disponible. No es corrosivo y se limpia f\u00e1cilmente con agua. Compatible con tubeless ready y con ruedas\/neum\u00e1ticos UST completos, Sellador de neum\u00e1ticos sin c\u00e1mara Olv\u00eddate de los pinchazos funciona desde 15psi-120psi y con temperaturas de -20\u00b0C a +50\u00b0C. Nuestra bolsa est\u00e1 dise\u00f1ada para ajustarse perfectamente a su v\u00e1lvula Presta y es ideal para a\u00f1adirla a su kit de herramientas o a su mochila para recargas de emergencia sobre la marcha.<\/p>\n<p>&nbsp;<\/p>\n<p>PARA CARRETERA \/ GRAVEL \/ CX \/ BTT \/ ENDURO \/ DH<\/p>","protected":false},"excerpt":{"rendered":"<p>\u00bfBuscas un sellador s\u00faper ligero pero Rudo tubeless ? Boom, lo acabas de encontrar amigo m\u00edo! Sellador de neum\u00e1ticos sin c\u00e1mara Olv\u00eddate de los pinchazos rinde en las condiciones de carrera m\u00e1s brutales. Las mol\u00e9culas de vanguardia rellenan los agujeros y desgarros m\u00e1s grandes, mientras que el l\u00e1tex avanzado forma un fuerte sello al instante. [&hellip;]<\/p>\n","protected":false},"featured_media":17117,"comment_status":"closed","ping_status":"closed","template":"","meta":[],"product_brand":[],"product_cat":[65,38,219,220],"product_tag":[],"class_list":{"0":"post-17116","1":"product","2":"type-product","3":"status-publish","4":"has-post-thumbnail","6":"product_cat-ruedas-cubiertas-camara-de-aire-btt","7":"product_cat-ruedas-neumatico-tubular","8":"product_cat-tubeless","9":"product_cat-tubeless-carretera","10":"product_shipping_class-no-bicicletas","12":"first","13":"instock","14":"sale","15":"shipping-taxable","16":"purchasable","17":"product-type-simple"},"yoast_head":"<!-- This site is optimized with the Yoast SEO plugin v27.6 - https:\/\/yoast.com\/product\/yoast-seo-wordpress\/ -->\n<title>LIQUIDO TUBELESS SELLANTE BIO MUC-OFF - 140 ML<\/title>\n<meta name=\"description\" content=\"LIQUIDO TUBELESS SLLANTE BIO MUC-OFF - 140 ML - Tu bicicleta circula con total seguridad con el liquido tubeless MUC-OFF. Disponible al mejor precio.\" \/>\n<meta name=\"robots\" content=\"index, follow, max-snippet:-1, max-image-preview:large, max-video-preview:-1\" \/>\n<link rel=\"canonical\" href=\"https:\/\/veloaxe.com\/fr\/produit\/liquido-tubeless-sellante-bio-muc-off-140-ml\/\" \/>\n<meta property=\"og:locale\" content=\"fr_FR\" \/>\n<meta property=\"og:type\" content=\"article\" \/>\n<meta property=\"og:title\" content=\"LIQUIDO TUBELESS SELLANTE BIO MUC-OFF - 140 ML\" \/>\n<meta property=\"og:description\" content=\"LIQUIDO TUBELESS SLLANTE BIO MUC-OFF - 140 ML - Tu bicicleta circula con total seguridad con el liquido tubeless MUC-OFF. Disponible al mejor precio.\" \/>\n<meta property=\"og:url\" content=\"https:\/\/veloaxe.com\/fr\/produit\/liquido-tubeless-sellante-bio-muc-off-140-ml\/\" \/>\n<meta property=\"og:site_name\" content=\"Tienda de bicicletas | VELOAXE\" \/>\n<meta property=\"article:publisher\" content=\"https:\/\/www.facebook.com\/veloaxe\" \/>\n<meta property=\"article:modified_time\" content=\"2025-05-06T08:46:36+00:00\" \/>\n<meta property=\"og:image\" content=\"https:\/\/veloaxe.com\/wp-content\/uploads\/2024\/11\/liquido-tubeless-muc-off-mtb.jpg\" \/>\n\t<meta property=\"og:image:width\" content=\"800\" \/>\n\t<meta property=\"og:image:height\" content=\"800\" \/>\n\t<meta property=\"og:image:type\" content=\"image\/jpeg\" \/>\n<meta name=\"twitter:card\" content=\"summary_large_image\" \/>\n<meta name=\"twitter:label1\" content=\"Dur\u00e9e de lecture estim\u00e9e\" \/>\n\t<meta name=\"twitter:data1\" content=\"2 minutes\" \/>\n<script type=\"application\/ld+json\" class=\"yoast-schema-graph\">{\"@context\":\"https:\\\/\\\/schema.org\",\"@graph\":[{\"@type\":\"WebPage\",\"@id\":\"https:\\\/\\\/veloaxe.com\\\/producto\\\/liquido-tubeless-sellante-bio-muc-off-140-ml\\\/\",\"url\":\"https:\\\/\\\/veloaxe.com\\\/producto\\\/liquido-tubeless-sellante-bio-muc-off-140-ml\\\/\",\"name\":\"LIQUIDO TUBELESS SELLANTE BIO MUC-OFF - 140 ML\",\"isPartOf\":{\"@id\":\"https:\\\/\\\/veloaxe.com\\\/#website\"},\"primaryImageOfPage\":{\"@id\":\"https:\\\/\\\/veloaxe.com\\\/producto\\\/liquido-tubeless-sellante-bio-muc-off-140-ml\\\/#primaryimage\"},\"image\":{\"@id\":\"https:\\\/\\\/veloaxe.com\\\/producto\\\/liquido-tubeless-sellante-bio-muc-off-140-ml\\\/#primaryimage\"},\"thumbnailUrl\":\"https:\\\/\\\/veloaxe.com\\\/wp-content\\\/uploads\\\/2024\\\/11\\\/liquido-tubeless-muc-off-mtb.jpg\",\"datePublished\":\"2024-11-05T10:58:03+00:00\",\"dateModified\":\"2025-05-06T08:46:36+00:00\",\"description\":\"LIQUIDO TUBELESS SLLANTE BIO MUC-OFF - 140 ML - Tu bicicleta circula con total seguridad con el liquido tubeless MUC-OFF. Disponible al mejor precio.\",\"breadcrumb\":{\"@id\":\"https:\\\/\\\/veloaxe.com\\\/producto\\\/liquido-tubeless-sellante-bio-muc-off-140-ml\\\/#breadcrumb\"},\"inLanguage\":\"fr-FR\",\"potentialAction\":[{\"@type\":\"ReadAction\",\"target\":[\"https:\\\/\\\/veloaxe.com\\\/producto\\\/liquido-tubeless-sellante-bio-muc-off-140-ml\\\/\"]}]},{\"@type\":\"ImageObject\",\"inLanguage\":\"fr-FR\",\"@id\":\"https:\\\/\\\/veloaxe.com\\\/producto\\\/liquido-tubeless-sellante-bio-muc-off-140-ml\\\/#primaryimage\",\"url\":\"https:\\\/\\\/veloaxe.com\\\/wp-content\\\/uploads\\\/2024\\\/11\\\/liquido-tubeless-muc-off-mtb.jpg\",\"contentUrl\":\"https:\\\/\\\/veloaxe.com\\\/wp-content\\\/uploads\\\/2024\\\/11\\\/liquido-tubeless-muc-off-mtb.jpg\",\"width\":800,\"height\":800,\"caption\":\"liquido-tubeless-muc-off-mtb\"},{\"@type\":\"BreadcrumbList\",\"@id\":\"https:\\\/\\\/veloaxe.com\\\/producto\\\/liquido-tubeless-sellante-bio-muc-off-140-ml\\\/#breadcrumb\",\"itemListElement\":[{\"@type\":\"ListItem\",\"position\":1,\"name\":\"Portada\",\"item\":\"https:\\\/\\\/veloaxe.com\\\/\"},{\"@type\":\"ListItem\",\"position\":2,\"name\":\"Shop\",\"item\":\"https:\\\/\\\/paleturquoise-herring-271034.hostingersite.com\\\/shop\\\/\"},{\"@type\":\"ListItem\",\"position\":3,\"name\":\"LIQUIDO TUBELESS SELLANTE BIO MUC-OFF &#8211; 140 ML\"}]},{\"@type\":\"WebSite\",\"@id\":\"https:\\\/\\\/veloaxe.com\\\/#website\",\"url\":\"https:\\\/\\\/veloaxe.com\\\/\",\"name\":\"Tienda de bicicletas | VELOAXE\",\"description\":\"Descubre una amplia selecci\u00f3n de bicicletas de alta calidad, desde modelos urbanos y de monta\u00f1a hasta bicicletas de carretera de \u00faltima generaci\u00f3n. Con un servicio experto y accesorios especializados, estamos comprometidos a brindarte la mejor experiencia ciclista.\",\"publisher\":{\"@id\":\"https:\\\/\\\/veloaxe.com\\\/#organization\"},\"potentialAction\":[{\"@type\":\"SearchAction\",\"target\":{\"@type\":\"EntryPoint\",\"urlTemplate\":\"https:\\\/\\\/veloaxe.com\\\/?s={search_term_string}\"},\"query-input\":{\"@type\":\"PropertyValueSpecification\",\"valueRequired\":true,\"valueName\":\"search_term_string\"}}],\"inLanguage\":\"fr-FR\"},{\"@type\":\"Organization\",\"@id\":\"https:\\\/\\\/veloaxe.com\\\/#organization\",\"name\":\"Tienda de bicicletas | VELOAXE\",\"url\":\"https:\\\/\\\/veloaxe.com\\\/\",\"logo\":{\"@type\":\"ImageObject\",\"inLanguage\":\"fr-FR\",\"@id\":\"https:\\\/\\\/veloaxe.com\\\/#\\\/schema\\\/logo\\\/image\\\/\",\"url\":\"https:\\\/\\\/veloaxe.com\\\/wp-content\\\/uploads\\\/2026\\\/01\\\/cropped-logo-1.jpg\",\"contentUrl\":\"https:\\\/\\\/veloaxe.com\\\/wp-content\\\/uploads\\\/2026\\\/01\\\/cropped-logo-1.jpg\",\"width\":1273,\"height\":363,\"caption\":\"Tienda de bicicletas | VELOAXE\"},\"image\":{\"@id\":\"https:\\\/\\\/veloaxe.com\\\/#\\\/schema\\\/logo\\\/image\\\/\"},\"sameAs\":[\"https:\\\/\\\/www.facebook.com\\\/veloaxe\"]}]}<\/script>\n<!-- \/ Yoast SEO plugin. -->","yoast_head_json":{"title":"LIQUIDO TUBELESS SELLANTE BIO MUC-OFF - 140 ML","description":"LIQUIDO TUBELESS SLLANTE BIO MUC-OFF - 140 ML - Tu bicicleta circula con total seguridad con el liquido tubeless MUC-OFF. Disponible al mejor precio.","robots":{"index":"index","follow":"follow","max-snippet":"max-snippet:-1","max-image-preview":"max-image-preview:large","max-video-preview":"max-video-preview:-1"},"canonical":"https:\/\/veloaxe.com\/fr\/produit\/liquido-tubeless-sellante-bio-muc-off-140-ml\/","og_locale":"fr_FR","og_type":"article","og_title":"LIQUIDO TUBELESS SELLANTE BIO MUC-OFF - 140 ML","og_description":"LIQUIDO TUBELESS SLLANTE BIO MUC-OFF - 140 ML - Tu bicicleta circula con total seguridad con el liquido tubeless MUC-OFF. Disponible al mejor precio.","og_url":"https:\/\/veloaxe.com\/fr\/produit\/liquido-tubeless-sellante-bio-muc-off-140-ml\/","og_site_name":"Tienda de bicicletas | VELOAXE","article_publisher":"https:\/\/www.facebook.com\/veloaxe","article_modified_time":"2025-05-06T08:46:36+00:00","og_image":[{"width":800,"height":800,"url":"https:\/\/veloaxe.com\/wp-content\/uploads\/2024\/11\/liquido-tubeless-muc-off-mtb.jpg","type":"image\/jpeg"}],"twitter_card":"summary_large_image","twitter_misc":{"Dur\u00e9e de lecture estim\u00e9e":"2 minutes"},"schema":{"@context":"https:\/\/schema.org","@graph":[{"@type":"WebPage","@id":"https:\/\/veloaxe.com\/producto\/liquido-tubeless-sellante-bio-muc-off-140-ml\/","url":"https:\/\/veloaxe.com\/producto\/liquido-tubeless-sellante-bio-muc-off-140-ml\/","name":"LIQUIDO TUBELESS SELLANTE BIO MUC-OFF - 140 ML","isPartOf":{"@id":"https:\/\/veloaxe.com\/#website"},"primaryImageOfPage":{"@id":"https:\/\/veloaxe.com\/producto\/liquido-tubeless-sellante-bio-muc-off-140-ml\/#primaryimage"},"image":{"@id":"https:\/\/veloaxe.com\/producto\/liquido-tubeless-sellante-bio-muc-off-140-ml\/#primaryimage"},"thumbnailUrl":"https:\/\/veloaxe.com\/wp-content\/uploads\/2024\/11\/liquido-tubeless-muc-off-mtb.jpg","datePublished":"2024-11-05T10:58:03+00:00","dateModified":"2025-05-06T08:46:36+00:00","description":"LIQUIDO TUBELESS SLLANTE BIO MUC-OFF - 140 ML - Tu bicicleta circula con total seguridad con el liquido tubeless MUC-OFF. Disponible al mejor precio.","breadcrumb":{"@id":"https:\/\/veloaxe.com\/producto\/liquido-tubeless-sellante-bio-muc-off-140-ml\/#breadcrumb"},"inLanguage":"fr-FR","potentialAction":[{"@type":"ReadAction","target":["https:\/\/veloaxe.com\/producto\/liquido-tubeless-sellante-bio-muc-off-140-ml\/"]}]},{"@type":"ImageObject","inLanguage":"fr-FR","@id":"https:\/\/veloaxe.com\/producto\/liquido-tubeless-sellante-bio-muc-off-140-ml\/#primaryimage","url":"https:\/\/veloaxe.com\/wp-content\/uploads\/2024\/11\/liquido-tubeless-muc-off-mtb.jpg","contentUrl":"https:\/\/veloaxe.com\/wp-content\/uploads\/2024\/11\/liquido-tubeless-muc-off-mtb.jpg","width":800,"height":800,"caption":"liquido-tubeless-muc-off-mtb"},{"@type":"BreadcrumbList","@id":"https:\/\/veloaxe.com\/producto\/liquido-tubeless-sellante-bio-muc-off-140-ml\/#breadcrumb","itemListElement":[{"@type":"ListItem","position":1,"name":"Portada","item":"https:\/\/veloaxe.com\/"},{"@type":"ListItem","position":2,"name":"Shop","item":"https:\/\/paleturquoise-herring-271034.hostingersite.com\/shop\/"},{"@type":"ListItem","position":3,"name":"LIQUIDO TUBELESS SELLANTE BIO MUC-OFF &#8211; 140 ML"}]},{"@type":"WebSite","@id":"https:\/\/veloaxe.com\/#website","url":"https:\/\/veloaxe.com\/","name":"Boutique de v\u00e9lo en ligne | VELOAXE","description":"Descubre una amplia selecci\u00f3n de bicicletas de alta calidad, desde modelos urbanos y de monta\u00f1a hasta bicicletas de carretera de \u00faltima generaci\u00f3n. Con un servicio experto y accesorios especializados, estamos comprometidos a brindarte la mejor experiencia ciclista.","publisher":{"@id":"https:\/\/veloaxe.com\/#organization"},"potentialAction":[{"@type":"SearchAction","target":{"@type":"EntryPoint","urlTemplate":"https:\/\/veloaxe.com\/?s={search_term_string}"},"query-input":{"@type":"PropertyValueSpecification","valueRequired":true,"valueName":"search_term_string"}}],"inLanguage":"fr-FR"},{"@type":"Organization","@id":"https:\/\/veloaxe.com\/#organization","name":"Boutique de v\u00e9lo en ligne | VELOAXE","url":"https:\/\/veloaxe.com\/","logo":{"@type":"ImageObject","inLanguage":"fr-FR","@id":"https:\/\/veloaxe.com\/#\/schema\/logo\/image\/","url":"https:\/\/veloaxe.com\/wp-content\/uploads\/2026\/01\/cropped-logo-1.jpg","contentUrl":"https:\/\/veloaxe.com\/wp-content\/uploads\/2026\/01\/cropped-logo-1.jpg","width":1273,"height":363,"caption":"Tienda de bicicletas | VELOAXE"},"image":{"@id":"https:\/\/veloaxe.com\/#\/schema\/logo\/image\/"},"sameAs":["https:\/\/www.facebook.com\/veloaxe"]}]}},"_links":{"self":[{"href":"https:\/\/veloaxe.com\/fr\/wp-json\/wp\/v2\/product\/17116","targetHints":{"allow":["GET"]}}],"collection":[{"href":"https:\/\/veloaxe.com\/fr\/wp-json\/wp\/v2\/product"}],"about":[{"href":"https:\/\/veloaxe.com\/fr\/wp-json\/wp\/v2\/types\/product"}],"replies":[{"embeddable":true,"href":"https:\/\/veloaxe.com\/fr\/wp-json\/wp\/v2\/comments?post=17116"}],"wp:featuredmedia":[{"embeddable":true,"href":"https:\/\/veloaxe.com\/fr\/wp-json\/wp\/v2\/media\/17117"}],"wp:attachment":[{"href":"https:\/\/veloaxe.com\/fr\/wp-json\/wp\/v2\/media?parent=17116"}],"wp:term":[{"taxonomy":"product_brand","embeddable":true,"href":"https:\/\/veloaxe.com\/fr\/wp-json\/wp\/v2\/product_brand?post=17116"},{"taxonomy":"product_cat","embeddable":true,"href":"https:\/\/veloaxe.com\/fr\/wp-json\/wp\/v2\/product_cat?post=17116"},{"taxonomy":"product_tag","embeddable":true,"href":"https:\/\/veloaxe.com\/fr\/wp-json\/wp\/v2\/product_tag?post=17116"}],"curies":[{"name":"wp","href":"https:\/\/api.w.org\/{rel}","templated":true}]}}