{"id":1728,"date":"2022-08-25T17:37:11","date_gmt":"2022-08-25T17:37:11","guid":{"rendered":"https:\/\/veloaxe.com\/?post_type=product&#038;p=1728"},"modified":"2025-10-25T07:10:53","modified_gmt":"2025-10-25T07:10:53","slug":"potencia-fsa-k-force2-0-light-noir","status":"publish","type":"product","link":"https:\/\/veloaxe.com\/fr\/produit\/potencia-fsa-k-force2-0-light-noir\/","title":{"rendered":"POTENCIA FSA K-FORCE 2.0 Light &#8211; Noir"},"content":{"rendered":"<p><!-- DESCRIPTION --><\/p>\n<div id=\"description\" class=\"tab-pane fade in active\" style=\"background-color: #fff; padding: 10px;\" role=\"tabpanel\">\n<p>La potencia<strong> FSA K-Force Light 2.0<\/strong> 6\u00b0 es un componente ligero y eficaz que saca el m\u00e1ximo provecho de cada material. Tiene un sitio reservado en tu bicicleta de carrera si te gustan los buenos componentes de materiales excelentes.<\/p>\n<p>El dise\u00f1o de alta gama de aluminio 62061-T6 garantiza una enorme rigidez y deja el peso en 126 gramos en la versi\u00f3n con 100 mm de longitud. El peso m\u00ednimo de esta potencia FSA se puede comprobar en el detalle de las piezas: la tapa de sujeci\u00f3n es de carbono y los tornillos son de titanio.<\/p>\n<p><span style=\"color: #000000;\">Peso: 123 gramos<\/span><\/p>\n<p><span style=\"color: #000000;\">Grado: 12\u00b0<\/span><\/p>\n<p><span style=\"color: #000000;\">\u00a0<\/span><\/p>\n<\/div>","protected":false},"excerpt":{"rendered":"<p>La potencia FSA K-Force Light 2.0 6\u00b0 es un componente ligero y eficaz que saca el m\u00e1ximo provecho de cada material. Tiene un sitio reservado en tu bicicleta de carrera si te gustan los buenos componentes de materiales excelentes. El dise\u00f1o de alta gama de aluminio 62061-T6 garantiza una enorme rigidez y deja el peso [&hellip;]<\/p>\n","protected":false},"featured_media":4129,"comment_status":"open","ping_status":"closed","template":"","meta":[],"product_brand":[],"product_cat":[16,19,130],"product_tag":[],"class_list":{"0":"post-1728","1":"product","2":"type-product","3":"status-publish","4":"has-post-thumbnail","6":"product_cat-carretera-gravel-bicicletas","7":"product_cat-componentes-de-bicicletas","8":"product_cat-potencia-para-bicicletas","9":"product_shipping_class-no-bicicletas","11":"first","12":"instock","13":"sale","14":"shipping-taxable","15":"purchasable","16":"product-type-variable"},"yoast_head":"<!-- This site is optimized with the Yoast SEO plugin v27.6 - https:\/\/yoast.com\/product\/yoast-seo-wordpress\/ -->\n<title>POTENCIA FSA K-FORCE LIGHT | VELOAXE.COM<\/title>\n<meta name=\"description\" content=\"POTENCIA FSA K-FORCE LIGHT - La potencia FSA K-FORCE se adapta a todas las bicicletas de carretera o de monta\u00f1a. Aprovecha la potencia FSA al mejor precio\" \/>\n<meta name=\"robots\" content=\"index, follow, max-snippet:-1, max-image-preview:large, max-video-preview:-1\" \/>\n<link rel=\"canonical\" href=\"https:\/\/veloaxe.com\/fr\/produit\/potencia-fsa-k-force2-0-light-noir\/\" \/>\n<meta property=\"og:locale\" content=\"fr_FR\" \/>\n<meta property=\"og:type\" content=\"article\" \/>\n<meta property=\"og:title\" content=\"POTENCIA FSA K-FORCE LIGHT | VELOAXE.COM\" \/>\n<meta property=\"og:description\" content=\"POTENCIA FSA K-FORCE LIGHT - La potencia FSA K-FORCE se adapta a todas las bicicletas de carretera o de monta\u00f1a. Aprovecha la potencia FSA al mejor precio\" \/>\n<meta property=\"og:url\" content=\"https:\/\/veloaxe.com\/fr\/produit\/potencia-fsa-k-force2-0-light-noir\/\" \/>\n<meta property=\"og:site_name\" content=\"Tienda de bicicletas | VELOAXE\" \/>\n<meta property=\"article:publisher\" content=\"https:\/\/www.facebook.com\/veloaxe\" \/>\n<meta property=\"article:modified_time\" content=\"2025-10-25T07:10:53+00:00\" \/>\n<meta property=\"og:image\" content=\"https:\/\/veloaxe.com\/wp-content\/uploads\/2022\/08\/potencia_fsa_k_force_carbono.jpg\" \/>\n\t<meta property=\"og:image:width\" content=\"600\" \/>\n\t<meta property=\"og:image:height\" content=\"600\" \/>\n\t<meta property=\"og:image:type\" content=\"image\/jpeg\" \/>\n<meta name=\"twitter:card\" content=\"summary_large_image\" \/>\n<meta name=\"twitter:label1\" content=\"Dur\u00e9e de lecture estim\u00e9e\" \/>\n\t<meta name=\"twitter:data1\" content=\"1 minute\" \/>\n<script type=\"application\/ld+json\" class=\"yoast-schema-graph\">{\"@context\":\"https:\\\/\\\/schema.org\",\"@graph\":[{\"@type\":\"WebPage\",\"@id\":\"https:\\\/\\\/veloaxe.com\\\/producto\\\/potencia-fsa-k-force2-0-light-noir\\\/\",\"url\":\"https:\\\/\\\/veloaxe.com\\\/producto\\\/potencia-fsa-k-force2-0-light-noir\\\/\",\"name\":\"POTENCIA FSA K-FORCE LIGHT | VELOAXE.COM\",\"isPartOf\":{\"@id\":\"https:\\\/\\\/veloaxe.com\\\/#website\"},\"primaryImageOfPage\":{\"@id\":\"https:\\\/\\\/veloaxe.com\\\/producto\\\/potencia-fsa-k-force2-0-light-noir\\\/#primaryimage\"},\"image\":{\"@id\":\"https:\\\/\\\/veloaxe.com\\\/producto\\\/potencia-fsa-k-force2-0-light-noir\\\/#primaryimage\"},\"thumbnailUrl\":\"https:\\\/\\\/veloaxe.com\\\/wp-content\\\/uploads\\\/2022\\\/08\\\/potencia_fsa_k_force_carbono.jpg\",\"datePublished\":\"2022-08-25T17:37:11+00:00\",\"dateModified\":\"2025-10-25T07:10:53+00:00\",\"description\":\"POTENCIA FSA K-FORCE LIGHT - La potencia FSA K-FORCE se adapta a todas las bicicletas de carretera o de monta\u00f1a. Aprovecha la potencia FSA al mejor precio\",\"breadcrumb\":{\"@id\":\"https:\\\/\\\/veloaxe.com\\\/producto\\\/potencia-fsa-k-force2-0-light-noir\\\/#breadcrumb\"},\"inLanguage\":\"fr-FR\",\"potentialAction\":[{\"@type\":\"ReadAction\",\"target\":[\"https:\\\/\\\/veloaxe.com\\\/producto\\\/potencia-fsa-k-force2-0-light-noir\\\/\"]}]},{\"@type\":\"ImageObject\",\"inLanguage\":\"fr-FR\",\"@id\":\"https:\\\/\\\/veloaxe.com\\\/producto\\\/potencia-fsa-k-force2-0-light-noir\\\/#primaryimage\",\"url\":\"https:\\\/\\\/veloaxe.com\\\/wp-content\\\/uploads\\\/2022\\\/08\\\/potencia_fsa_k_force_carbono.jpg\",\"contentUrl\":\"https:\\\/\\\/veloaxe.com\\\/wp-content\\\/uploads\\\/2022\\\/08\\\/potencia_fsa_k_force_carbono.jpg\",\"width\":600,\"height\":600,\"caption\":\"Potencia fsa k-force light para bicicleta.\"},{\"@type\":\"BreadcrumbList\",\"@id\":\"https:\\\/\\\/veloaxe.com\\\/producto\\\/potencia-fsa-k-force2-0-light-noir\\\/#breadcrumb\",\"itemListElement\":[{\"@type\":\"ListItem\",\"position\":1,\"name\":\"Portada\",\"item\":\"https:\\\/\\\/paleturquoise-herring-271034.hostingersite.com\\\/\"},{\"@type\":\"ListItem\",\"position\":2,\"name\":\"Shop\",\"item\":\"https:\\\/\\\/paleturquoise-herring-271034.hostingersite.com\\\/shop\\\/\"},{\"@type\":\"ListItem\",\"position\":3,\"name\":\"POTENCIA FSA K-FORCE 2.0 Light &#8211; Noir\"}]},{\"@type\":\"WebSite\",\"@id\":\"https:\\\/\\\/veloaxe.com\\\/#website\",\"url\":\"https:\\\/\\\/veloaxe.com\\\/\",\"name\":\"Tienda de bicicletas | VELOAXE\",\"description\":\"Descubre una amplia selecci\u00f3n de bicicletas de alta calidad, desde modelos urbanos y de monta\u00f1a hasta bicicletas de carretera de \u00faltima generaci\u00f3n. Con un servicio experto y accesorios especializados, estamos comprometidos a brindarte la mejor experiencia ciclista.\",\"publisher\":{\"@id\":\"https:\\\/\\\/veloaxe.com\\\/#organization\"},\"potentialAction\":[{\"@type\":\"SearchAction\",\"target\":{\"@type\":\"EntryPoint\",\"urlTemplate\":\"https:\\\/\\\/veloaxe.com\\\/?s={search_term_string}\"},\"query-input\":{\"@type\":\"PropertyValueSpecification\",\"valueRequired\":true,\"valueName\":\"search_term_string\"}}],\"inLanguage\":\"fr-FR\"},{\"@type\":\"Organization\",\"@id\":\"https:\\\/\\\/veloaxe.com\\\/#organization\",\"name\":\"Tienda de bicicletas | VELOAXE\",\"url\":\"https:\\\/\\\/veloaxe.com\\\/\",\"logo\":{\"@type\":\"ImageObject\",\"inLanguage\":\"fr-FR\",\"@id\":\"https:\\\/\\\/veloaxe.com\\\/#\\\/schema\\\/logo\\\/image\\\/\",\"url\":\"https:\\\/\\\/veloaxe.com\\\/wp-content\\\/uploads\\\/2026\\\/01\\\/cropped-logo-1.jpg\",\"contentUrl\":\"https:\\\/\\\/veloaxe.com\\\/wp-content\\\/uploads\\\/2026\\\/01\\\/cropped-logo-1.jpg\",\"width\":1273,\"height\":363,\"caption\":\"Tienda de bicicletas | VELOAXE\"},\"image\":{\"@id\":\"https:\\\/\\\/veloaxe.com\\\/#\\\/schema\\\/logo\\\/image\\\/\"},\"sameAs\":[\"https:\\\/\\\/www.facebook.com\\\/veloaxe\"]}]}<\/script>\n<!-- \/ Yoast SEO plugin. -->","yoast_head_json":{"title":"POTENCIA FSA K-FORCE LIGHT | VELOAXE.COM","description":"POTENCIA FSA K-FORCE LIGHT - La potencia FSA K-FORCE se adapta a todas las bicicletas de carretera o de monta\u00f1a. Aprovecha la potencia FSA al mejor precio","robots":{"index":"index","follow":"follow","max-snippet":"max-snippet:-1","max-image-preview":"max-image-preview:large","max-video-preview":"max-video-preview:-1"},"canonical":"https:\/\/veloaxe.com\/fr\/produit\/potencia-fsa-k-force2-0-light-noir\/","og_locale":"fr_FR","og_type":"article","og_title":"POTENCIA FSA K-FORCE LIGHT | VELOAXE.COM","og_description":"POTENCIA FSA K-FORCE LIGHT - La potencia FSA K-FORCE se adapta a todas las bicicletas de carretera o de monta\u00f1a. Aprovecha la potencia FSA al mejor precio","og_url":"https:\/\/veloaxe.com\/fr\/produit\/potencia-fsa-k-force2-0-light-noir\/","og_site_name":"Tienda de bicicletas | VELOAXE","article_publisher":"https:\/\/www.facebook.com\/veloaxe","article_modified_time":"2025-10-25T07:10:53+00:00","og_image":[{"width":600,"height":600,"url":"https:\/\/veloaxe.com\/wp-content\/uploads\/2022\/08\/potencia_fsa_k_force_carbono.jpg","type":"image\/jpeg"}],"twitter_card":"summary_large_image","twitter_misc":{"Dur\u00e9e de lecture estim\u00e9e":"1 minute"},"schema":{"@context":"https:\/\/schema.org","@graph":[{"@type":"WebPage","@id":"https:\/\/veloaxe.com\/producto\/potencia-fsa-k-force2-0-light-noir\/","url":"https:\/\/veloaxe.com\/producto\/potencia-fsa-k-force2-0-light-noir\/","name":"POTENCIA FSA K-FORCE LIGHT | VELOAXE.COM","isPartOf":{"@id":"https:\/\/veloaxe.com\/#website"},"primaryImageOfPage":{"@id":"https:\/\/veloaxe.com\/producto\/potencia-fsa-k-force2-0-light-noir\/#primaryimage"},"image":{"@id":"https:\/\/veloaxe.com\/producto\/potencia-fsa-k-force2-0-light-noir\/#primaryimage"},"thumbnailUrl":"https:\/\/veloaxe.com\/wp-content\/uploads\/2022\/08\/potencia_fsa_k_force_carbono.jpg","datePublished":"2022-08-25T17:37:11+00:00","dateModified":"2025-10-25T07:10:53+00:00","description":"POTENCIA FSA K-FORCE LIGHT - La potencia FSA K-FORCE se adapta a todas las bicicletas de carretera o de monta\u00f1a. Aprovecha la potencia FSA al mejor precio","breadcrumb":{"@id":"https:\/\/veloaxe.com\/producto\/potencia-fsa-k-force2-0-light-noir\/#breadcrumb"},"inLanguage":"fr-FR","potentialAction":[{"@type":"ReadAction","target":["https:\/\/veloaxe.com\/producto\/potencia-fsa-k-force2-0-light-noir\/"]}]},{"@type":"ImageObject","inLanguage":"fr-FR","@id":"https:\/\/veloaxe.com\/producto\/potencia-fsa-k-force2-0-light-noir\/#primaryimage","url":"https:\/\/veloaxe.com\/wp-content\/uploads\/2022\/08\/potencia_fsa_k_force_carbono.jpg","contentUrl":"https:\/\/veloaxe.com\/wp-content\/uploads\/2022\/08\/potencia_fsa_k_force_carbono.jpg","width":600,"height":600,"caption":"Potencia fsa k-force light para bicicleta."},{"@type":"BreadcrumbList","@id":"https:\/\/veloaxe.com\/producto\/potencia-fsa-k-force2-0-light-noir\/#breadcrumb","itemListElement":[{"@type":"ListItem","position":1,"name":"Portada","item":"https:\/\/paleturquoise-herring-271034.hostingersite.com\/"},{"@type":"ListItem","position":2,"name":"Shop","item":"https:\/\/paleturquoise-herring-271034.hostingersite.com\/shop\/"},{"@type":"ListItem","position":3,"name":"POTENCIA FSA K-FORCE 2.0 Light &#8211; Noir"}]},{"@type":"WebSite","@id":"https:\/\/veloaxe.com\/#website","url":"https:\/\/veloaxe.com\/","name":"Boutique de v\u00e9lo en ligne | VELOAXE","description":"Descubre una amplia selecci\u00f3n de bicicletas de alta calidad, desde modelos urbanos y de monta\u00f1a hasta bicicletas de carretera de \u00faltima generaci\u00f3n. Con un servicio experto y accesorios especializados, estamos comprometidos a brindarte la mejor experiencia ciclista.","publisher":{"@id":"https:\/\/veloaxe.com\/#organization"},"potentialAction":[{"@type":"SearchAction","target":{"@type":"EntryPoint","urlTemplate":"https:\/\/veloaxe.com\/?s={search_term_string}"},"query-input":{"@type":"PropertyValueSpecification","valueRequired":true,"valueName":"search_term_string"}}],"inLanguage":"fr-FR"},{"@type":"Organization","@id":"https:\/\/veloaxe.com\/#organization","name":"Boutique de v\u00e9lo en ligne | VELOAXE","url":"https:\/\/veloaxe.com\/","logo":{"@type":"ImageObject","inLanguage":"fr-FR","@id":"https:\/\/veloaxe.com\/#\/schema\/logo\/image\/","url":"https:\/\/veloaxe.com\/wp-content\/uploads\/2026\/01\/cropped-logo-1.jpg","contentUrl":"https:\/\/veloaxe.com\/wp-content\/uploads\/2026\/01\/cropped-logo-1.jpg","width":1273,"height":363,"caption":"Tienda de bicicletas | VELOAXE"},"image":{"@id":"https:\/\/veloaxe.com\/#\/schema\/logo\/image\/"},"sameAs":["https:\/\/www.facebook.com\/veloaxe"]}]}},"_links":{"self":[{"href":"https:\/\/veloaxe.com\/fr\/wp-json\/wp\/v2\/product\/1728","targetHints":{"allow":["GET"]}}],"collection":[{"href":"https:\/\/veloaxe.com\/fr\/wp-json\/wp\/v2\/product"}],"about":[{"href":"https:\/\/veloaxe.com\/fr\/wp-json\/wp\/v2\/types\/product"}],"replies":[{"embeddable":true,"href":"https:\/\/veloaxe.com\/fr\/wp-json\/wp\/v2\/comments?post=1728"}],"wp:featuredmedia":[{"embeddable":true,"href":"https:\/\/veloaxe.com\/fr\/wp-json\/wp\/v2\/media\/4129"}],"wp:attachment":[{"href":"https:\/\/veloaxe.com\/fr\/wp-json\/wp\/v2\/media?parent=1728"}],"wp:term":[{"taxonomy":"product_brand","embeddable":true,"href":"https:\/\/veloaxe.com\/fr\/wp-json\/wp\/v2\/product_brand?post=1728"},{"taxonomy":"product_cat","embeddable":true,"href":"https:\/\/veloaxe.com\/fr\/wp-json\/wp\/v2\/product_cat?post=1728"},{"taxonomy":"product_tag","embeddable":true,"href":"https:\/\/veloaxe.com\/fr\/wp-json\/wp\/v2\/product_tag?post=1728"}],"curies":[{"name":"wp","href":"https:\/\/api.w.org\/{rel}","templated":true}]}}