{"id":17734,"date":"2024-11-21T13:39:07","date_gmt":"2024-11-21T13:39:07","guid":{"rendered":"https:\/\/veloaxe.com\/?post_type=product&#038;p=17734"},"modified":"2025-09-25T08:18:36","modified_gmt":"2025-09-25T08:18:36","slug":"sensa-superlight-disc-2026-gris","status":"publish","type":"product","link":"https:\/\/veloaxe.com\/fr\/produit\/sensa-superlight-disc-2026-gris\/","title":{"rendered":"SENSA SUPERLIGHT DISC 2026 &#8211; Gris"},"content":{"rendered":"<p>La bicicleta urbana <strong>SENSA SUPERLIGHT DISC 2026<\/strong>\u00a0est\u00e1 hecha para desplazamientos diarios ecol\u00f3gicos. Con su nueva bicicleta de alta gama, SENSA hace m\u00e1s accesible y sencillo los desplazamientos por zonas urbanas. La marca holandesa sabe mucho del tema, siendo el primer pa\u00eds del mundo en practicar el ciclismo. Con su cuadro de aluminio de alto rendimiento y todos los componentes de seguridad (frenos hidr\u00e1ulicos, luz, portaequipajes, caballete, dispositivo antirrobo) no le falta nada a esta bicicleta.<br \/>\nTus viajes se realizar\u00e1n con total seguridad. La bicicleta urbana <strong>SENSA SUPERLIGHT DISC 2026<\/strong>\u00a0es la bicicleta que necesitas para tus viajes.<\/p>\n<p>&nbsp;<\/p>\n<p>Cuadro : Lite Aluminio 6066<\/p>\n<p>Horquilla : Supra Full Carbono SL<\/p>\n<p>Manillar : Satori Noirette<\/p>\n<p>Potencia : Satori UP3<\/p>\n<p>Tija de sillin : Supra base line<\/p>\n<p>Sillin : Selle ROYALE Nuvola<\/p>\n<p>Manetas : SHIMANO Cues 2x9v<\/p>\n<p>Frenos : SHIMANO MT 200 HYDRAULICO<\/p>\n<p>Transmision : Shimano Cues 2x9v<\/p>\n<p>Ruedas : Ryde DP19<\/p>\n<p>Cubiertas : Schwalbe road cruiser 37mm<\/p>\n<p>&nbsp;<\/p>\n<p>&nbsp;<\/p>","protected":false},"excerpt":{"rendered":"<p>La bicicleta urbana SENSA SUPERLIGHT DISC 2026\u00a0est\u00e1 hecha para desplazamientos diarios ecol\u00f3gicos. Con su nueva bicicleta de alta gama, SENSA hace m\u00e1s accesible y sencillo los desplazamientos por zonas urbanas. La marca holandesa sabe mucho del tema, siendo el primer pa\u00eds del mundo en practicar el ciclismo. Con su cuadro de aluminio de alto rendimiento [&hellip;]<\/p>\n","protected":false},"featured_media":20769,"comment_status":"closed","ping_status":"closed","template":"","meta":[],"product_brand":[],"product_cat":[142,140,73],"product_tag":[],"class_list":{"0":"post-17734","1":"product","2":"type-product","3":"status-publish","4":"has-post-thumbnail","6":"product_cat-bicicleta-de-urbana-hombre","7":"product_cat-bicicleta-de-urbanas","8":"product_cat-bicicleta-de-urbana","9":"product_shipping_class-bicicletas","11":"first","12":"instock","13":"sale","14":"shipping-taxable","15":"purchasable","16":"product-type-variable"},"yoast_head":"<!-- This site is optimized with the Yoast SEO plugin v27.6 - https:\/\/yoast.com\/product\/yoast-seo-wordpress\/ -->\n<title>SENSA SUPERLIGHT DISC 2026 - Gris | VELOAXE<\/title>\n<meta name=\"description\" content=\"SENSA SUPERLIGHT DISC 2026 - Una amplia selecci\u00f3n de bicicletas urbanas para hombres disponibles en nuestro sitio. Tus viajes con total seguridad.\" \/>\n<meta name=\"robots\" content=\"index, follow, max-snippet:-1, max-image-preview:large, max-video-preview:-1\" \/>\n<link rel=\"canonical\" href=\"https:\/\/veloaxe.com\/fr\/produit\/sensa-superlight-disc-2026-gris\/\" \/>\n<meta property=\"og:locale\" content=\"fr_FR\" \/>\n<meta property=\"og:type\" content=\"article\" \/>\n<meta property=\"og:title\" content=\"SENSA SUPERLIGHT DISC 2026 - Gris | VELOAXE\" \/>\n<meta property=\"og:description\" content=\"SENSA SUPERLIGHT DISC 2026 - Una amplia selecci\u00f3n de bicicletas urbanas para hombres disponibles en nuestro sitio. Tus viajes con total seguridad.\" \/>\n<meta property=\"og:url\" content=\"https:\/\/veloaxe.com\/fr\/produit\/sensa-superlight-disc-2026-gris\/\" \/>\n<meta property=\"og:site_name\" content=\"Tienda de bicicletas | VELOAXE\" \/>\n<meta property=\"article:publisher\" content=\"https:\/\/www.facebook.com\/veloaxe\" \/>\n<meta property=\"article:modified_time\" content=\"2025-09-25T08:18:36+00:00\" \/>\n<meta property=\"og:image\" content=\"https:\/\/veloaxe.com\/wp-content\/uploads\/2024\/11\/Sensa-Superlight-men-2026-scaled.jpg\" \/>\n\t<meta property=\"og:image:width\" content=\"2560\" \/>\n\t<meta property=\"og:image:height\" content=\"1670\" \/>\n\t<meta property=\"og:image:type\" content=\"image\/jpeg\" \/>\n<meta name=\"twitter:card\" content=\"summary_large_image\" \/>\n<meta name=\"twitter:label1\" content=\"Dur\u00e9e de lecture estim\u00e9e\" \/>\n\t<meta name=\"twitter:data1\" content=\"1 minute\" \/>\n<script type=\"application\/ld+json\" class=\"yoast-schema-graph\">{\"@context\":\"https:\\\/\\\/schema.org\",\"@graph\":[{\"@type\":\"WebPage\",\"@id\":\"https:\\\/\\\/veloaxe.com\\\/producto\\\/sensa-superlight-disc-2026-gris\\\/\",\"url\":\"https:\\\/\\\/veloaxe.com\\\/producto\\\/sensa-superlight-disc-2026-gris\\\/\",\"name\":\"SENSA SUPERLIGHT DISC 2026 - Gris | VELOAXE\",\"isPartOf\":{\"@id\":\"https:\\\/\\\/veloaxe.com\\\/#website\"},\"primaryImageOfPage\":{\"@id\":\"https:\\\/\\\/veloaxe.com\\\/producto\\\/sensa-superlight-disc-2026-gris\\\/#primaryimage\"},\"image\":{\"@id\":\"https:\\\/\\\/veloaxe.com\\\/producto\\\/sensa-superlight-disc-2026-gris\\\/#primaryimage\"},\"thumbnailUrl\":\"https:\\\/\\\/veloaxe.com\\\/wp-content\\\/uploads\\\/2024\\\/11\\\/Sensa-Superlight-men-2026-scaled.jpg\",\"datePublished\":\"2024-11-21T13:39:07+00:00\",\"dateModified\":\"2025-09-25T08:18:36+00:00\",\"description\":\"SENSA SUPERLIGHT DISC 2026 - Una amplia selecci\u00f3n de bicicletas urbanas para hombres disponibles en nuestro sitio. Tus viajes con total seguridad.\",\"breadcrumb\":{\"@id\":\"https:\\\/\\\/veloaxe.com\\\/producto\\\/sensa-superlight-disc-2026-gris\\\/#breadcrumb\"},\"inLanguage\":\"fr-FR\",\"potentialAction\":[{\"@type\":\"ReadAction\",\"target\":[\"https:\\\/\\\/veloaxe.com\\\/producto\\\/sensa-superlight-disc-2026-gris\\\/\"]}]},{\"@type\":\"ImageObject\",\"inLanguage\":\"fr-FR\",\"@id\":\"https:\\\/\\\/veloaxe.com\\\/producto\\\/sensa-superlight-disc-2026-gris\\\/#primaryimage\",\"url\":\"https:\\\/\\\/veloaxe.com\\\/wp-content\\\/uploads\\\/2024\\\/11\\\/Sensa-Superlight-men-2026-scaled.jpg\",\"contentUrl\":\"https:\\\/\\\/veloaxe.com\\\/wp-content\\\/uploads\\\/2024\\\/11\\\/Sensa-Superlight-men-2026-scaled.jpg\",\"width\":2560,\"height\":1670,\"caption\":\"Sensa-Superlight-men-2026\"},{\"@type\":\"BreadcrumbList\",\"@id\":\"https:\\\/\\\/veloaxe.com\\\/producto\\\/sensa-superlight-disc-2026-gris\\\/#breadcrumb\",\"itemListElement\":[{\"@type\":\"ListItem\",\"position\":1,\"name\":\"Portada\",\"item\":\"https:\\\/\\\/paleturquoise-herring-271034.hostingersite.com\\\/\"},{\"@type\":\"ListItem\",\"position\":2,\"name\":\"Shop\",\"item\":\"https:\\\/\\\/paleturquoise-herring-271034.hostingersite.com\\\/shop\\\/\"},{\"@type\":\"ListItem\",\"position\":3,\"name\":\"SENSA SUPERLIGHT DISC 2026 &#8211; Gris\"}]},{\"@type\":\"WebSite\",\"@id\":\"https:\\\/\\\/veloaxe.com\\\/#website\",\"url\":\"https:\\\/\\\/veloaxe.com\\\/\",\"name\":\"Tienda de bicicletas | VELOAXE\",\"description\":\"Descubre una amplia selecci\u00f3n de bicicletas de alta calidad, desde modelos urbanos y de monta\u00f1a hasta bicicletas de carretera de \u00faltima generaci\u00f3n. Con un servicio experto y accesorios especializados, estamos comprometidos a brindarte la mejor experiencia ciclista.\",\"publisher\":{\"@id\":\"https:\\\/\\\/veloaxe.com\\\/#organization\"},\"potentialAction\":[{\"@type\":\"SearchAction\",\"target\":{\"@type\":\"EntryPoint\",\"urlTemplate\":\"https:\\\/\\\/veloaxe.com\\\/?s={search_term_string}\"},\"query-input\":{\"@type\":\"PropertyValueSpecification\",\"valueRequired\":true,\"valueName\":\"search_term_string\"}}],\"inLanguage\":\"fr-FR\"},{\"@type\":\"Organization\",\"@id\":\"https:\\\/\\\/veloaxe.com\\\/#organization\",\"name\":\"Tienda de bicicletas | VELOAXE\",\"url\":\"https:\\\/\\\/veloaxe.com\\\/\",\"logo\":{\"@type\":\"ImageObject\",\"inLanguage\":\"fr-FR\",\"@id\":\"https:\\\/\\\/veloaxe.com\\\/#\\\/schema\\\/logo\\\/image\\\/\",\"url\":\"https:\\\/\\\/veloaxe.com\\\/wp-content\\\/uploads\\\/2026\\\/01\\\/cropped-logo-1.jpg\",\"contentUrl\":\"https:\\\/\\\/veloaxe.com\\\/wp-content\\\/uploads\\\/2026\\\/01\\\/cropped-logo-1.jpg\",\"width\":1273,\"height\":363,\"caption\":\"Tienda de bicicletas | VELOAXE\"},\"image\":{\"@id\":\"https:\\\/\\\/veloaxe.com\\\/#\\\/schema\\\/logo\\\/image\\\/\"},\"sameAs\":[\"https:\\\/\\\/www.facebook.com\\\/veloaxe\"]}]}<\/script>\n<!-- \/ Yoast SEO plugin. -->","yoast_head_json":{"title":"SENSA SUPERLIGHT DISC 2026 - Gris | VELOAXE","description":"SENSA SUPERLIGHT DISC 2026 - Una amplia selecci\u00f3n de bicicletas urbanas para hombres disponibles en nuestro sitio. Tus viajes con total seguridad.","robots":{"index":"index","follow":"follow","max-snippet":"max-snippet:-1","max-image-preview":"max-image-preview:large","max-video-preview":"max-video-preview:-1"},"canonical":"https:\/\/veloaxe.com\/fr\/produit\/sensa-superlight-disc-2026-gris\/","og_locale":"fr_FR","og_type":"article","og_title":"SENSA SUPERLIGHT DISC 2026 - Gris | VELOAXE","og_description":"SENSA SUPERLIGHT DISC 2026 - Una amplia selecci\u00f3n de bicicletas urbanas para hombres disponibles en nuestro sitio. Tus viajes con total seguridad.","og_url":"https:\/\/veloaxe.com\/fr\/produit\/sensa-superlight-disc-2026-gris\/","og_site_name":"Tienda de bicicletas | VELOAXE","article_publisher":"https:\/\/www.facebook.com\/veloaxe","article_modified_time":"2025-09-25T08:18:36+00:00","og_image":[{"width":2560,"height":1670,"url":"https:\/\/veloaxe.com\/wp-content\/uploads\/2024\/11\/Sensa-Superlight-men-2026-scaled.jpg","type":"image\/jpeg"}],"twitter_card":"summary_large_image","twitter_misc":{"Dur\u00e9e de lecture estim\u00e9e":"1 minute"},"schema":{"@context":"https:\/\/schema.org","@graph":[{"@type":"WebPage","@id":"https:\/\/veloaxe.com\/producto\/sensa-superlight-disc-2026-gris\/","url":"https:\/\/veloaxe.com\/producto\/sensa-superlight-disc-2026-gris\/","name":"SENSA SUPERLIGHT DISC 2026 - Gris | VELOAXE","isPartOf":{"@id":"https:\/\/veloaxe.com\/#website"},"primaryImageOfPage":{"@id":"https:\/\/veloaxe.com\/producto\/sensa-superlight-disc-2026-gris\/#primaryimage"},"image":{"@id":"https:\/\/veloaxe.com\/producto\/sensa-superlight-disc-2026-gris\/#primaryimage"},"thumbnailUrl":"https:\/\/veloaxe.com\/wp-content\/uploads\/2024\/11\/Sensa-Superlight-men-2026-scaled.jpg","datePublished":"2024-11-21T13:39:07+00:00","dateModified":"2025-09-25T08:18:36+00:00","description":"SENSA SUPERLIGHT DISC 2026 - Una amplia selecci\u00f3n de bicicletas urbanas para hombres disponibles en nuestro sitio. Tus viajes con total seguridad.","breadcrumb":{"@id":"https:\/\/veloaxe.com\/producto\/sensa-superlight-disc-2026-gris\/#breadcrumb"},"inLanguage":"fr-FR","potentialAction":[{"@type":"ReadAction","target":["https:\/\/veloaxe.com\/producto\/sensa-superlight-disc-2026-gris\/"]}]},{"@type":"ImageObject","inLanguage":"fr-FR","@id":"https:\/\/veloaxe.com\/producto\/sensa-superlight-disc-2026-gris\/#primaryimage","url":"https:\/\/veloaxe.com\/wp-content\/uploads\/2024\/11\/Sensa-Superlight-men-2026-scaled.jpg","contentUrl":"https:\/\/veloaxe.com\/wp-content\/uploads\/2024\/11\/Sensa-Superlight-men-2026-scaled.jpg","width":2560,"height":1670,"caption":"Sensa-Superlight-men-2026"},{"@type":"BreadcrumbList","@id":"https:\/\/veloaxe.com\/producto\/sensa-superlight-disc-2026-gris\/#breadcrumb","itemListElement":[{"@type":"ListItem","position":1,"name":"Portada","item":"https:\/\/paleturquoise-herring-271034.hostingersite.com\/"},{"@type":"ListItem","position":2,"name":"Shop","item":"https:\/\/paleturquoise-herring-271034.hostingersite.com\/shop\/"},{"@type":"ListItem","position":3,"name":"SENSA SUPERLIGHT DISC 2026 &#8211; Gris"}]},{"@type":"WebSite","@id":"https:\/\/veloaxe.com\/#website","url":"https:\/\/veloaxe.com\/","name":"Boutique de v\u00e9lo en ligne | VELOAXE","description":"Descubre una amplia selecci\u00f3n de bicicletas de alta calidad, desde modelos urbanos y de monta\u00f1a hasta bicicletas de carretera de \u00faltima generaci\u00f3n. Con un servicio experto y accesorios especializados, estamos comprometidos a brindarte la mejor experiencia ciclista.","publisher":{"@id":"https:\/\/veloaxe.com\/#organization"},"potentialAction":[{"@type":"SearchAction","target":{"@type":"EntryPoint","urlTemplate":"https:\/\/veloaxe.com\/?s={search_term_string}"},"query-input":{"@type":"PropertyValueSpecification","valueRequired":true,"valueName":"search_term_string"}}],"inLanguage":"fr-FR"},{"@type":"Organization","@id":"https:\/\/veloaxe.com\/#organization","name":"Boutique de v\u00e9lo en ligne | VELOAXE","url":"https:\/\/veloaxe.com\/","logo":{"@type":"ImageObject","inLanguage":"fr-FR","@id":"https:\/\/veloaxe.com\/#\/schema\/logo\/image\/","url":"https:\/\/veloaxe.com\/wp-content\/uploads\/2026\/01\/cropped-logo-1.jpg","contentUrl":"https:\/\/veloaxe.com\/wp-content\/uploads\/2026\/01\/cropped-logo-1.jpg","width":1273,"height":363,"caption":"Tienda de bicicletas | VELOAXE"},"image":{"@id":"https:\/\/veloaxe.com\/#\/schema\/logo\/image\/"},"sameAs":["https:\/\/www.facebook.com\/veloaxe"]}]}},"_links":{"self":[{"href":"https:\/\/veloaxe.com\/fr\/wp-json\/wp\/v2\/product\/17734","targetHints":{"allow":["GET"]}}],"collection":[{"href":"https:\/\/veloaxe.com\/fr\/wp-json\/wp\/v2\/product"}],"about":[{"href":"https:\/\/veloaxe.com\/fr\/wp-json\/wp\/v2\/types\/product"}],"replies":[{"embeddable":true,"href":"https:\/\/veloaxe.com\/fr\/wp-json\/wp\/v2\/comments?post=17734"}],"wp:featuredmedia":[{"embeddable":true,"href":"https:\/\/veloaxe.com\/fr\/wp-json\/wp\/v2\/media\/20769"}],"wp:attachment":[{"href":"https:\/\/veloaxe.com\/fr\/wp-json\/wp\/v2\/media?parent=17734"}],"wp:term":[{"taxonomy":"product_brand","embeddable":true,"href":"https:\/\/veloaxe.com\/fr\/wp-json\/wp\/v2\/product_brand?post=17734"},{"taxonomy":"product_cat","embeddable":true,"href":"https:\/\/veloaxe.com\/fr\/wp-json\/wp\/v2\/product_cat?post=17734"},{"taxonomy":"product_tag","embeddable":true,"href":"https:\/\/veloaxe.com\/fr\/wp-json\/wp\/v2\/product_tag?post=17734"}],"curies":[{"name":"wp","href":"https:\/\/api.w.org\/{rel}","templated":true}]}}