{"id":1776,"date":"2022-08-25T17:37:19","date_gmt":"2022-08-25T17:37:19","guid":{"rendered":"https:\/\/veloaxe.com\/?post_type=product&#038;p=1776"},"modified":"2025-10-22T14:28:24","modified_gmt":"2025-10-22T14:28:24","slug":"cintre-fsa-plasma-carbone-noir","status":"publish","type":"product","link":"https:\/\/veloaxe.com\/fr\/produit\/cintre-fsa-plasma-carbone-noir\/","title":{"rendered":"MANILLAR VISION METRON 6D CARBONO &#8211; Negro"},"content":{"rendered":"<p><!-- DESCRIPTION --><\/p>\n<div id=\"description\" class=\"tab-pane fade in active\" style=\"background-color: #fff; padding: 10px;\" role=\"tabpanel\">\n<p><span style=\"color: #000000;\">El<strong>\u00a0VISION Metron 6D<\/strong> es el manillar m\u00e1s r\u00edgido y aerodin\u00e1mico con sistema de sujeci\u00f3n integrado. Su forma innovadora presenta nuestra secci\u00f3n media Aero-Ergo. La construcci\u00f3n de fibra de carbono reforzada proporciona una excelente relaci\u00f3n resistencia\/peso. Este manillar tiene el paso interno de los cables, con gu\u00edas que permiten el cableado de la caja de cambios electr\u00f3nica.<\/span><\/p>\n<p><span style=\"color: #000000;\"><strong><span style=\"font-size: 16px;\">AERO-ERGO :<\/span><\/strong><\/span><\/p>\n<p><span style=\"font-size: 16px; color: #000000;\">Combinaci\u00f3n de aerodin\u00e1mica y ergonom\u00eda, forma \u00fanica con secci\u00f3n central reforzada con fibra de carbono para una buena relaci\u00f3n resistencia\/peso.<\/span><\/p>\n<p><span style=\"color: #000000;\"><strong>REFORZADO :<\/strong><\/span><br \/>\n<span style=\"color: #000000;\">Construcci\u00f3n de fibra de carbono reforzada para una buena relaci\u00f3n resistencia\/peso.<\/span><\/p>\n<p><span style=\"color: #000000;\"><strong>CONCEPTION TRADITIONNELLE :<\/strong><\/span><br \/>\n<span style=\"color: #000000;\">Angle avant 0\u00b0 pour le coureur \u00e0 la recherche d&#8217;une position plus traditionnelle sur le v\u00e9lo.<\/span><\/p>\n<\/div>\n<div id=\"description\" class=\"tab-pane fade in active\" style=\"background-color: #fff; padding: 10px;\" role=\"tabpanel\">\n<p>&nbsp;<\/p>\n<\/div>","protected":false},"excerpt":{"rendered":"<p>El\u00a0VISION Metron 6D es el manillar m\u00e1s r\u00edgido y aerodin\u00e1mico con sistema de sujeci\u00f3n integrado. Su forma innovadora presenta nuestra secci\u00f3n media Aero-Ergo. La construcci\u00f3n de fibra de carbono reforzada proporciona una excelente relaci\u00f3n resistencia\/peso. Este manillar tiene el paso interno de los cables, con gu\u00edas que permiten el cableado de la caja de cambios [&hellip;]<\/p>\n","protected":false},"featured_media":4088,"comment_status":"open","ping_status":"closed","template":"","meta":[],"product_brand":[],"product_cat":[16,19,24,129],"product_tag":[],"class_list":{"0":"post-1776","1":"product","2":"type-product","3":"status-publish","4":"has-post-thumbnail","6":"product_cat-carretera-gravel-bicicletas","7":"product_cat-componentes-de-bicicletas","8":"product_cat-manillar-aero-extensiones","9":"product_cat-manillar-carretera","10":"product_shipping_class-no-bicicletas","12":"first","13":"instock","14":"sale","15":"shipping-taxable","16":"purchasable","17":"product-type-variable"},"yoast_head":"<!-- This site is optimized with the Yoast SEO plugin v27.6 - https:\/\/yoast.com\/product\/yoast-seo-wordpress\/ -->\n<title>MANILLAR VISION METRON 6D ACR | VELOAXE.COM<\/title>\n<meta name=\"description\" content=\"MANILLAR VISION METRON 6D ACR CARBONO - El manillar tope de gama de la marca VISION. Con paso interior de manillar con potencia integrada.\" \/>\n<meta name=\"robots\" content=\"index, follow, max-snippet:-1, max-image-preview:large, max-video-preview:-1\" \/>\n<link rel=\"canonical\" href=\"https:\/\/veloaxe.com\/fr\/produit\/cintre-fsa-plasma-carbone-noir\/\" \/>\n<meta property=\"og:locale\" content=\"fr_FR\" \/>\n<meta property=\"og:type\" content=\"article\" \/>\n<meta property=\"og:title\" content=\"MANILLAR VISION METRON 6D ACR | VELOAXE.COM\" \/>\n<meta property=\"og:description\" content=\"MANILLAR VISION METRON 6D ACR CARBONO - El manillar tope de gama de la marca VISION. Con paso interior de manillar con potencia integrada.\" \/>\n<meta property=\"og:url\" content=\"https:\/\/veloaxe.com\/fr\/produit\/cintre-fsa-plasma-carbone-noir\/\" \/>\n<meta property=\"og:site_name\" content=\"Tienda de bicicletas | VELOAXE\" \/>\n<meta property=\"article:publisher\" content=\"https:\/\/www.facebook.com\/veloaxe\" \/>\n<meta property=\"article:modified_time\" content=\"2025-10-22T14:28:24+00:00\" \/>\n<meta property=\"og:image\" content=\"https:\/\/veloaxe.com\/wp-content\/uploads\/2022\/08\/manillar-vision-metron-6d.jpg\" \/>\n\t<meta property=\"og:image:width\" content=\"2000\" \/>\n\t<meta property=\"og:image:height\" content=\"2000\" \/>\n\t<meta property=\"og:image:type\" content=\"image\/jpeg\" \/>\n<meta name=\"twitter:card\" content=\"summary_large_image\" \/>\n<meta name=\"twitter:label1\" content=\"Dur\u00e9e de lecture estim\u00e9e\" \/>\n\t<meta name=\"twitter:data1\" content=\"1 minute\" \/>\n<script type=\"application\/ld+json\" class=\"yoast-schema-graph\">{\"@context\":\"https:\\\/\\\/schema.org\",\"@graph\":[{\"@type\":\"WebPage\",\"@id\":\"https:\\\/\\\/veloaxe.com\\\/producto\\\/cintre-fsa-plasma-carbone-noir\\\/\",\"url\":\"https:\\\/\\\/veloaxe.com\\\/producto\\\/cintre-fsa-plasma-carbone-noir\\\/\",\"name\":\"MANILLAR VISION METRON 6D ACR | VELOAXE.COM\",\"isPartOf\":{\"@id\":\"https:\\\/\\\/veloaxe.com\\\/#website\"},\"primaryImageOfPage\":{\"@id\":\"https:\\\/\\\/veloaxe.com\\\/producto\\\/cintre-fsa-plasma-carbone-noir\\\/#primaryimage\"},\"image\":{\"@id\":\"https:\\\/\\\/veloaxe.com\\\/producto\\\/cintre-fsa-plasma-carbone-noir\\\/#primaryimage\"},\"thumbnailUrl\":\"https:\\\/\\\/veloaxe.com\\\/wp-content\\\/uploads\\\/2022\\\/08\\\/manillar-vision-metron-6d.jpg\",\"datePublished\":\"2022-08-25T17:37:19+00:00\",\"dateModified\":\"2025-10-22T14:28:24+00:00\",\"description\":\"MANILLAR VISION METRON 6D ACR CARBONO - El manillar tope de gama de la marca VISION. Con paso interior de manillar con potencia integrada.\",\"breadcrumb\":{\"@id\":\"https:\\\/\\\/veloaxe.com\\\/producto\\\/cintre-fsa-plasma-carbone-noir\\\/#breadcrumb\"},\"inLanguage\":\"fr-FR\",\"potentialAction\":[{\"@type\":\"ReadAction\",\"target\":[\"https:\\\/\\\/veloaxe.com\\\/producto\\\/cintre-fsa-plasma-carbone-noir\\\/\"]}]},{\"@type\":\"ImageObject\",\"inLanguage\":\"fr-FR\",\"@id\":\"https:\\\/\\\/veloaxe.com\\\/producto\\\/cintre-fsa-plasma-carbone-noir\\\/#primaryimage\",\"url\":\"https:\\\/\\\/veloaxe.com\\\/wp-content\\\/uploads\\\/2022\\\/08\\\/manillar-vision-metron-6d.jpg\",\"contentUrl\":\"https:\\\/\\\/veloaxe.com\\\/wp-content\\\/uploads\\\/2022\\\/08\\\/manillar-vision-metron-6d.jpg\",\"width\":2000,\"height\":2000,\"caption\":\"Manillar vision metron 6d carbono.\"},{\"@type\":\"BreadcrumbList\",\"@id\":\"https:\\\/\\\/veloaxe.com\\\/producto\\\/cintre-fsa-plasma-carbone-noir\\\/#breadcrumb\",\"itemListElement\":[{\"@type\":\"ListItem\",\"position\":1,\"name\":\"Portada\",\"item\":\"https:\\\/\\\/paleturquoise-herring-271034.hostingersite.com\\\/\"},{\"@type\":\"ListItem\",\"position\":2,\"name\":\"Shop\",\"item\":\"https:\\\/\\\/paleturquoise-herring-271034.hostingersite.com\\\/shop\\\/\"},{\"@type\":\"ListItem\",\"position\":3,\"name\":\"MANILLAR VISION METRON 6D CARBONO &#8211; Negro\"}]},{\"@type\":\"WebSite\",\"@id\":\"https:\\\/\\\/veloaxe.com\\\/#website\",\"url\":\"https:\\\/\\\/veloaxe.com\\\/\",\"name\":\"Tienda de bicicletas | VELOAXE\",\"description\":\"Descubre una amplia selecci\u00f3n de bicicletas de alta calidad, desde modelos urbanos y de monta\u00f1a hasta bicicletas de carretera de \u00faltima generaci\u00f3n. Con un servicio experto y accesorios especializados, estamos comprometidos a brindarte la mejor experiencia ciclista.\",\"publisher\":{\"@id\":\"https:\\\/\\\/veloaxe.com\\\/#organization\"},\"potentialAction\":[{\"@type\":\"SearchAction\",\"target\":{\"@type\":\"EntryPoint\",\"urlTemplate\":\"https:\\\/\\\/veloaxe.com\\\/?s={search_term_string}\"},\"query-input\":{\"@type\":\"PropertyValueSpecification\",\"valueRequired\":true,\"valueName\":\"search_term_string\"}}],\"inLanguage\":\"fr-FR\"},{\"@type\":\"Organization\",\"@id\":\"https:\\\/\\\/veloaxe.com\\\/#organization\",\"name\":\"Tienda de bicicletas | VELOAXE\",\"url\":\"https:\\\/\\\/veloaxe.com\\\/\",\"logo\":{\"@type\":\"ImageObject\",\"inLanguage\":\"fr-FR\",\"@id\":\"https:\\\/\\\/veloaxe.com\\\/#\\\/schema\\\/logo\\\/image\\\/\",\"url\":\"https:\\\/\\\/veloaxe.com\\\/wp-content\\\/uploads\\\/2026\\\/01\\\/cropped-logo-1.jpg\",\"contentUrl\":\"https:\\\/\\\/veloaxe.com\\\/wp-content\\\/uploads\\\/2026\\\/01\\\/cropped-logo-1.jpg\",\"width\":1273,\"height\":363,\"caption\":\"Tienda de bicicletas | VELOAXE\"},\"image\":{\"@id\":\"https:\\\/\\\/veloaxe.com\\\/#\\\/schema\\\/logo\\\/image\\\/\"},\"sameAs\":[\"https:\\\/\\\/www.facebook.com\\\/veloaxe\"]}]}<\/script>\n<!-- \/ Yoast SEO plugin. -->","yoast_head_json":{"title":"MANILLAR VISION METRON 6D ACR | VELOAXE.COM","description":"MANILLAR VISION METRON 6D ACR CARBONO - El manillar tope de gama de la marca VISION. Con paso interior de manillar con potencia integrada.","robots":{"index":"index","follow":"follow","max-snippet":"max-snippet:-1","max-image-preview":"max-image-preview:large","max-video-preview":"max-video-preview:-1"},"canonical":"https:\/\/veloaxe.com\/fr\/produit\/cintre-fsa-plasma-carbone-noir\/","og_locale":"fr_FR","og_type":"article","og_title":"MANILLAR VISION METRON 6D ACR | VELOAXE.COM","og_description":"MANILLAR VISION METRON 6D ACR CARBONO - El manillar tope de gama de la marca VISION. Con paso interior de manillar con potencia integrada.","og_url":"https:\/\/veloaxe.com\/fr\/produit\/cintre-fsa-plasma-carbone-noir\/","og_site_name":"Tienda de bicicletas | VELOAXE","article_publisher":"https:\/\/www.facebook.com\/veloaxe","article_modified_time":"2025-10-22T14:28:24+00:00","og_image":[{"width":2000,"height":2000,"url":"https:\/\/veloaxe.com\/wp-content\/uploads\/2022\/08\/manillar-vision-metron-6d.jpg","type":"image\/jpeg"}],"twitter_card":"summary_large_image","twitter_misc":{"Dur\u00e9e de lecture estim\u00e9e":"1 minute"},"schema":{"@context":"https:\/\/schema.org","@graph":[{"@type":"WebPage","@id":"https:\/\/veloaxe.com\/producto\/cintre-fsa-plasma-carbone-noir\/","url":"https:\/\/veloaxe.com\/producto\/cintre-fsa-plasma-carbone-noir\/","name":"MANILLAR VISION METRON 6D ACR | VELOAXE.COM","isPartOf":{"@id":"https:\/\/veloaxe.com\/#website"},"primaryImageOfPage":{"@id":"https:\/\/veloaxe.com\/producto\/cintre-fsa-plasma-carbone-noir\/#primaryimage"},"image":{"@id":"https:\/\/veloaxe.com\/producto\/cintre-fsa-plasma-carbone-noir\/#primaryimage"},"thumbnailUrl":"https:\/\/veloaxe.com\/wp-content\/uploads\/2022\/08\/manillar-vision-metron-6d.jpg","datePublished":"2022-08-25T17:37:19+00:00","dateModified":"2025-10-22T14:28:24+00:00","description":"MANILLAR VISION METRON 6D ACR CARBONO - El manillar tope de gama de la marca VISION. Con paso interior de manillar con potencia integrada.","breadcrumb":{"@id":"https:\/\/veloaxe.com\/producto\/cintre-fsa-plasma-carbone-noir\/#breadcrumb"},"inLanguage":"fr-FR","potentialAction":[{"@type":"ReadAction","target":["https:\/\/veloaxe.com\/producto\/cintre-fsa-plasma-carbone-noir\/"]}]},{"@type":"ImageObject","inLanguage":"fr-FR","@id":"https:\/\/veloaxe.com\/producto\/cintre-fsa-plasma-carbone-noir\/#primaryimage","url":"https:\/\/veloaxe.com\/wp-content\/uploads\/2022\/08\/manillar-vision-metron-6d.jpg","contentUrl":"https:\/\/veloaxe.com\/wp-content\/uploads\/2022\/08\/manillar-vision-metron-6d.jpg","width":2000,"height":2000,"caption":"Manillar vision metron 6d carbono."},{"@type":"BreadcrumbList","@id":"https:\/\/veloaxe.com\/producto\/cintre-fsa-plasma-carbone-noir\/#breadcrumb","itemListElement":[{"@type":"ListItem","position":1,"name":"Portada","item":"https:\/\/paleturquoise-herring-271034.hostingersite.com\/"},{"@type":"ListItem","position":2,"name":"Shop","item":"https:\/\/paleturquoise-herring-271034.hostingersite.com\/shop\/"},{"@type":"ListItem","position":3,"name":"MANILLAR VISION METRON 6D CARBONO &#8211; Negro"}]},{"@type":"WebSite","@id":"https:\/\/veloaxe.com\/#website","url":"https:\/\/veloaxe.com\/","name":"Boutique de v\u00e9lo en ligne | VELOAXE","description":"Descubre una amplia selecci\u00f3n de bicicletas de alta calidad, desde modelos urbanos y de monta\u00f1a hasta bicicletas de carretera de \u00faltima generaci\u00f3n. Con un servicio experto y accesorios especializados, estamos comprometidos a brindarte la mejor experiencia ciclista.","publisher":{"@id":"https:\/\/veloaxe.com\/#organization"},"potentialAction":[{"@type":"SearchAction","target":{"@type":"EntryPoint","urlTemplate":"https:\/\/veloaxe.com\/?s={search_term_string}"},"query-input":{"@type":"PropertyValueSpecification","valueRequired":true,"valueName":"search_term_string"}}],"inLanguage":"fr-FR"},{"@type":"Organization","@id":"https:\/\/veloaxe.com\/#organization","name":"Boutique de v\u00e9lo en ligne | VELOAXE","url":"https:\/\/veloaxe.com\/","logo":{"@type":"ImageObject","inLanguage":"fr-FR","@id":"https:\/\/veloaxe.com\/#\/schema\/logo\/image\/","url":"https:\/\/veloaxe.com\/wp-content\/uploads\/2026\/01\/cropped-logo-1.jpg","contentUrl":"https:\/\/veloaxe.com\/wp-content\/uploads\/2026\/01\/cropped-logo-1.jpg","width":1273,"height":363,"caption":"Tienda de bicicletas | VELOAXE"},"image":{"@id":"https:\/\/veloaxe.com\/#\/schema\/logo\/image\/"},"sameAs":["https:\/\/www.facebook.com\/veloaxe"]}]}},"_links":{"self":[{"href":"https:\/\/veloaxe.com\/fr\/wp-json\/wp\/v2\/product\/1776","targetHints":{"allow":["GET"]}}],"collection":[{"href":"https:\/\/veloaxe.com\/fr\/wp-json\/wp\/v2\/product"}],"about":[{"href":"https:\/\/veloaxe.com\/fr\/wp-json\/wp\/v2\/types\/product"}],"replies":[{"embeddable":true,"href":"https:\/\/veloaxe.com\/fr\/wp-json\/wp\/v2\/comments?post=1776"}],"wp:featuredmedia":[{"embeddable":true,"href":"https:\/\/veloaxe.com\/fr\/wp-json\/wp\/v2\/media\/4088"}],"wp:attachment":[{"href":"https:\/\/veloaxe.com\/fr\/wp-json\/wp\/v2\/media?parent=1776"}],"wp:term":[{"taxonomy":"product_brand","embeddable":true,"href":"https:\/\/veloaxe.com\/fr\/wp-json\/wp\/v2\/product_brand?post=1776"},{"taxonomy":"product_cat","embeddable":true,"href":"https:\/\/veloaxe.com\/fr\/wp-json\/wp\/v2\/product_cat?post=1776"},{"taxonomy":"product_tag","embeddable":true,"href":"https:\/\/veloaxe.com\/fr\/wp-json\/wp\/v2\/product_tag?post=1776"}],"curies":[{"name":"wp","href":"https:\/\/api.w.org\/{rel}","templated":true}]}}