{"id":17865,"date":"2024-12-01T16:20:34","date_gmt":"2024-12-01T16:20:34","guid":{"rendered":"https:\/\/veloaxe.com\/?post_type=product&#038;p=17865"},"modified":"2025-05-02T05:19:14","modified_gmt":"2025-05-02T05:19:14","slug":"cubierta-pirelli-p-zero-race","status":"publish","type":"product","link":"https:\/\/veloaxe.com\/fr\/produit\/cubierta-pirelli-p-zero-race\/","title":{"rendered":"CUBIERTA PIRELLI P-ZERO RACE"},"content":{"rendered":"<p>El <strong>PIRELLI P-ZERO Race<\/strong> combina las ventajas de la tecnolog\u00eda tipo c\u00e1mara en un neum\u00e1tico de ciclismo completo para sesiones de entrenamiento y carreras de alta intensidad. La carcasa TechBELT Road mejora la fiabilidad contra los pinchazos, sin afectar el peso del neum\u00e1tico, mientras que el compuesto especial SmartEVO mejora el agarre tanto en asfalto h\u00famedo como seco en comparaci\u00f3n con nuestros compuestos de ciclismo anteriores.<\/p>\n<ul>\n<li>VELOCIDAD<\/li>\n<li>MANEJO<\/li>\n<li>LIGEREZA<\/li>\n<\/ul>\n<p>&nbsp;<\/p>\n<div class=\"style_img__Ywbyu\"><strong>Smart EVO Compound :<\/strong> Todav\u00eda nuestra mejor formulaci\u00f3n qu\u00edmica para uso en carretera polivalente, ya sea en carreras o para ciclismo de alta intensidad y largas distancias de ocio. Nace de la gran experiencia en Motorsport de Pirelli y de la colaboraci\u00f3n con los equipos de f\u00e1brica del World Tour, y presenta una formulaci\u00f3n de un solo compuesto basada en tres pol\u00edmeros diferentes, cada uno de los cuales proporciona rendimientos opuestos en una mezcla perfecta de agarre, velocidad y fiabilidad. La mezcla avanzada de pol\u00edmeros con comportamientos &#8216;inteligentes&#8217; son los elementos clave del compuesto SmartEVO, proporcionando agarre en cualquier condici\u00f3n clim\u00e1tica y una resistencia al rodaje muy baja en un paquete dise\u00f1ado tambi\u00e9n para soportar kilometrajes elevados y superficies de carretera m\u00e1s rugosas. Es una formulaci\u00f3n qu\u00edmica de alto rendimiento desarrollada para el ciclismo de carretera moderno, desde el uso diario hasta la competici\u00f3n, incluso a nivel World Tour.<\/div>\n<p><strong>Tech BELT Road :<\/strong> Tech BELT ROAD es una carcasa de 120 tpi espec\u00edfica para carretera que cuenta con una capa adicional de tela de nylon debajo de la banda de rodadura, lo que la convierte en una opci\u00f3n s\u00f3lida para cualquier tipo de uso en carretera, incluidas las carreras, el entrenamiento y los desplazamientos. El TechBELT ROAD es una caracter\u00edstica exclusiva de la gama P ZERO.<\/p>","protected":false},"excerpt":{"rendered":"<p>El PIRELLI P-ZERO Race combina las ventajas de la tecnolog\u00eda tipo c\u00e1mara en un neum\u00e1tico de ciclismo completo para sesiones de entrenamiento y carreras de alta intensidad. La carcasa TechBELT Road mejora la fiabilidad contra los pinchazos, sin afectar el peso del neum\u00e1tico, mientras que el compuesto especial SmartEVO mejora el agarre tanto en asfalto [&hellip;]<\/p>\n","protected":false},"featured_media":17866,"comment_status":"closed","ping_status":"closed","template":"","meta":[],"product_brand":[],"product_cat":[221,38],"product_tag":[],"class_list":{"0":"post-17865","1":"product","2":"type-product","3":"status-publish","4":"has-post-thumbnail","6":"product_cat-cubiertas","7":"product_cat-ruedas-neumatico-tubular","8":"product_shipping_class-no-bicicletas","10":"first","11":"instock","12":"sale","13":"shipping-taxable","14":"purchasable","15":"product-type-variable"},"yoast_head":"<!-- This site is optimized with the Yoast SEO plugin v27.6 - https:\/\/yoast.com\/product\/yoast-seo-wordpress\/ -->\n<title>CUBIERTA PIRELLI P-ZERO RACE | VELOAXE.COM<\/title>\n<meta name=\"description\" content=\"CUBIERTA PIRELLI P-ZERO RACE - Sin duda los mejores cubiertas para bicicleta del momento. Rendimiento excepcional sean cuales sean las condiciones.\" \/>\n<meta name=\"robots\" content=\"index, follow, max-snippet:-1, max-image-preview:large, max-video-preview:-1\" \/>\n<link rel=\"canonical\" href=\"https:\/\/veloaxe.com\/fr\/produit\/cubierta-pirelli-p-zero-race\/\" \/>\n<meta property=\"og:locale\" content=\"fr_FR\" \/>\n<meta property=\"og:type\" content=\"article\" \/>\n<meta property=\"og:title\" content=\"CUBIERTA PIRELLI P-ZERO RACE | VELOAXE.COM\" \/>\n<meta property=\"og:description\" content=\"CUBIERTA PIRELLI P-ZERO RACE - Sin duda los mejores cubiertas para bicicleta del momento. Rendimiento excepcional sean cuales sean las condiciones.\" \/>\n<meta property=\"og:url\" content=\"https:\/\/veloaxe.com\/fr\/produit\/cubierta-pirelli-p-zero-race\/\" \/>\n<meta property=\"og:site_name\" content=\"Tienda de bicicletas | VELOAXE\" \/>\n<meta property=\"article:publisher\" content=\"https:\/\/www.facebook.com\/veloaxe\" \/>\n<meta property=\"article:modified_time\" content=\"2025-05-02T05:19:14+00:00\" \/>\n<meta property=\"og:image\" content=\"https:\/\/veloaxe.com\/wp-content\/uploads\/2024\/12\/cubierta-pirelli-p-zero-race.webp\" \/>\n\t<meta property=\"og:image:width\" content=\"1248\" \/>\n\t<meta property=\"og:image:height\" content=\"1156\" \/>\n\t<meta property=\"og:image:type\" content=\"image\/webp\" \/>\n<meta name=\"twitter:card\" content=\"summary_large_image\" \/>\n<meta name=\"twitter:label1\" content=\"Dur\u00e9e de lecture estim\u00e9e\" \/>\n\t<meta name=\"twitter:data1\" content=\"2 minutes\" \/>\n<script type=\"application\/ld+json\" class=\"yoast-schema-graph\">{\"@context\":\"https:\\\/\\\/schema.org\",\"@graph\":[{\"@type\":\"WebPage\",\"@id\":\"https:\\\/\\\/veloaxe.com\\\/producto\\\/cubierta-pirelli-p-zero-race\\\/\",\"url\":\"https:\\\/\\\/veloaxe.com\\\/producto\\\/cubierta-pirelli-p-zero-race\\\/\",\"name\":\"CUBIERTA PIRELLI P-ZERO RACE | VELOAXE.COM\",\"isPartOf\":{\"@id\":\"https:\\\/\\\/veloaxe.com\\\/#website\"},\"primaryImageOfPage\":{\"@id\":\"https:\\\/\\\/veloaxe.com\\\/producto\\\/cubierta-pirelli-p-zero-race\\\/#primaryimage\"},\"image\":{\"@id\":\"https:\\\/\\\/veloaxe.com\\\/producto\\\/cubierta-pirelli-p-zero-race\\\/#primaryimage\"},\"thumbnailUrl\":\"https:\\\/\\\/veloaxe.com\\\/wp-content\\\/uploads\\\/2024\\\/12\\\/cubierta-pirelli-p-zero-race.webp\",\"datePublished\":\"2024-12-01T16:20:34+00:00\",\"dateModified\":\"2025-05-02T05:19:14+00:00\",\"description\":\"CUBIERTA PIRELLI P-ZERO RACE - Sin duda los mejores cubiertas para bicicleta del momento. Rendimiento excepcional sean cuales sean las condiciones.\",\"breadcrumb\":{\"@id\":\"https:\\\/\\\/veloaxe.com\\\/producto\\\/cubierta-pirelli-p-zero-race\\\/#breadcrumb\"},\"inLanguage\":\"fr-FR\",\"potentialAction\":[{\"@type\":\"ReadAction\",\"target\":[\"https:\\\/\\\/veloaxe.com\\\/producto\\\/cubierta-pirelli-p-zero-race\\\/\"]}]},{\"@type\":\"ImageObject\",\"inLanguage\":\"fr-FR\",\"@id\":\"https:\\\/\\\/veloaxe.com\\\/producto\\\/cubierta-pirelli-p-zero-race\\\/#primaryimage\",\"url\":\"https:\\\/\\\/veloaxe.com\\\/wp-content\\\/uploads\\\/2024\\\/12\\\/cubierta-pirelli-p-zero-race.webp\",\"contentUrl\":\"https:\\\/\\\/veloaxe.com\\\/wp-content\\\/uploads\\\/2024\\\/12\\\/cubierta-pirelli-p-zero-race.webp\",\"width\":1248,\"height\":1156,\"caption\":\"cubierta-pirelli-p-zero-race\"},{\"@type\":\"BreadcrumbList\",\"@id\":\"https:\\\/\\\/veloaxe.com\\\/producto\\\/cubierta-pirelli-p-zero-race\\\/#breadcrumb\",\"itemListElement\":[{\"@type\":\"ListItem\",\"position\":1,\"name\":\"Portada\",\"item\":\"https:\\\/\\\/paleturquoise-herring-271034.hostingersite.com\\\/\"},{\"@type\":\"ListItem\",\"position\":2,\"name\":\"Shop\",\"item\":\"https:\\\/\\\/paleturquoise-herring-271034.hostingersite.com\\\/shop\\\/\"},{\"@type\":\"ListItem\",\"position\":3,\"name\":\"CUBIERTA PIRELLI P-ZERO RACE\"}]},{\"@type\":\"WebSite\",\"@id\":\"https:\\\/\\\/veloaxe.com\\\/#website\",\"url\":\"https:\\\/\\\/veloaxe.com\\\/\",\"name\":\"Tienda de bicicletas | VELOAXE\",\"description\":\"Descubre una amplia selecci\u00f3n de bicicletas de alta calidad, desde modelos urbanos y de monta\u00f1a hasta bicicletas de carretera de \u00faltima generaci\u00f3n. Con un servicio experto y accesorios especializados, estamos comprometidos a brindarte la mejor experiencia ciclista.\",\"publisher\":{\"@id\":\"https:\\\/\\\/veloaxe.com\\\/#organization\"},\"potentialAction\":[{\"@type\":\"SearchAction\",\"target\":{\"@type\":\"EntryPoint\",\"urlTemplate\":\"https:\\\/\\\/veloaxe.com\\\/?s={search_term_string}\"},\"query-input\":{\"@type\":\"PropertyValueSpecification\",\"valueRequired\":true,\"valueName\":\"search_term_string\"}}],\"inLanguage\":\"fr-FR\"},{\"@type\":\"Organization\",\"@id\":\"https:\\\/\\\/veloaxe.com\\\/#organization\",\"name\":\"Tienda de bicicletas | VELOAXE\",\"url\":\"https:\\\/\\\/veloaxe.com\\\/\",\"logo\":{\"@type\":\"ImageObject\",\"inLanguage\":\"fr-FR\",\"@id\":\"https:\\\/\\\/veloaxe.com\\\/#\\\/schema\\\/logo\\\/image\\\/\",\"url\":\"https:\\\/\\\/veloaxe.com\\\/wp-content\\\/uploads\\\/2026\\\/01\\\/cropped-logo-1.jpg\",\"contentUrl\":\"https:\\\/\\\/veloaxe.com\\\/wp-content\\\/uploads\\\/2026\\\/01\\\/cropped-logo-1.jpg\",\"width\":1273,\"height\":363,\"caption\":\"Tienda de bicicletas | VELOAXE\"},\"image\":{\"@id\":\"https:\\\/\\\/veloaxe.com\\\/#\\\/schema\\\/logo\\\/image\\\/\"},\"sameAs\":[\"https:\\\/\\\/www.facebook.com\\\/veloaxe\"]}]}<\/script>\n<!-- \/ Yoast SEO plugin. -->","yoast_head_json":{"title":"CUBIERTA PIRELLI P-ZERO RACE | VELOAXE.COM","description":"CUBIERTA PIRELLI P-ZERO RACE - Sin duda los mejores cubiertas para bicicleta del momento. Rendimiento excepcional sean cuales sean las condiciones.","robots":{"index":"index","follow":"follow","max-snippet":"max-snippet:-1","max-image-preview":"max-image-preview:large","max-video-preview":"max-video-preview:-1"},"canonical":"https:\/\/veloaxe.com\/fr\/produit\/cubierta-pirelli-p-zero-race\/","og_locale":"fr_FR","og_type":"article","og_title":"CUBIERTA PIRELLI P-ZERO RACE | VELOAXE.COM","og_description":"CUBIERTA PIRELLI P-ZERO RACE - Sin duda los mejores cubiertas para bicicleta del momento. Rendimiento excepcional sean cuales sean las condiciones.","og_url":"https:\/\/veloaxe.com\/fr\/produit\/cubierta-pirelli-p-zero-race\/","og_site_name":"Tienda de bicicletas | VELOAXE","article_publisher":"https:\/\/www.facebook.com\/veloaxe","article_modified_time":"2025-05-02T05:19:14+00:00","og_image":[{"width":1248,"height":1156,"url":"https:\/\/veloaxe.com\/wp-content\/uploads\/2024\/12\/cubierta-pirelli-p-zero-race.webp","type":"image\/webp"}],"twitter_card":"summary_large_image","twitter_misc":{"Dur\u00e9e de lecture estim\u00e9e":"2 minutes"},"schema":{"@context":"https:\/\/schema.org","@graph":[{"@type":"WebPage","@id":"https:\/\/veloaxe.com\/producto\/cubierta-pirelli-p-zero-race\/","url":"https:\/\/veloaxe.com\/producto\/cubierta-pirelli-p-zero-race\/","name":"CUBIERTA PIRELLI P-ZERO RACE | VELOAXE.COM","isPartOf":{"@id":"https:\/\/veloaxe.com\/#website"},"primaryImageOfPage":{"@id":"https:\/\/veloaxe.com\/producto\/cubierta-pirelli-p-zero-race\/#primaryimage"},"image":{"@id":"https:\/\/veloaxe.com\/producto\/cubierta-pirelli-p-zero-race\/#primaryimage"},"thumbnailUrl":"https:\/\/veloaxe.com\/wp-content\/uploads\/2024\/12\/cubierta-pirelli-p-zero-race.webp","datePublished":"2024-12-01T16:20:34+00:00","dateModified":"2025-05-02T05:19:14+00:00","description":"CUBIERTA PIRELLI P-ZERO RACE - Sin duda los mejores cubiertas para bicicleta del momento. Rendimiento excepcional sean cuales sean las condiciones.","breadcrumb":{"@id":"https:\/\/veloaxe.com\/producto\/cubierta-pirelli-p-zero-race\/#breadcrumb"},"inLanguage":"fr-FR","potentialAction":[{"@type":"ReadAction","target":["https:\/\/veloaxe.com\/producto\/cubierta-pirelli-p-zero-race\/"]}]},{"@type":"ImageObject","inLanguage":"fr-FR","@id":"https:\/\/veloaxe.com\/producto\/cubierta-pirelli-p-zero-race\/#primaryimage","url":"https:\/\/veloaxe.com\/wp-content\/uploads\/2024\/12\/cubierta-pirelli-p-zero-race.webp","contentUrl":"https:\/\/veloaxe.com\/wp-content\/uploads\/2024\/12\/cubierta-pirelli-p-zero-race.webp","width":1248,"height":1156,"caption":"cubierta-pirelli-p-zero-race"},{"@type":"BreadcrumbList","@id":"https:\/\/veloaxe.com\/producto\/cubierta-pirelli-p-zero-race\/#breadcrumb","itemListElement":[{"@type":"ListItem","position":1,"name":"Portada","item":"https:\/\/paleturquoise-herring-271034.hostingersite.com\/"},{"@type":"ListItem","position":2,"name":"Shop","item":"https:\/\/paleturquoise-herring-271034.hostingersite.com\/shop\/"},{"@type":"ListItem","position":3,"name":"CUBIERTA PIRELLI P-ZERO RACE"}]},{"@type":"WebSite","@id":"https:\/\/veloaxe.com\/#website","url":"https:\/\/veloaxe.com\/","name":"Boutique de v\u00e9lo en ligne | VELOAXE","description":"Descubre una amplia selecci\u00f3n de bicicletas de alta calidad, desde modelos urbanos y de monta\u00f1a hasta bicicletas de carretera de \u00faltima generaci\u00f3n. Con un servicio experto y accesorios especializados, estamos comprometidos a brindarte la mejor experiencia ciclista.","publisher":{"@id":"https:\/\/veloaxe.com\/#organization"},"potentialAction":[{"@type":"SearchAction","target":{"@type":"EntryPoint","urlTemplate":"https:\/\/veloaxe.com\/?s={search_term_string}"},"query-input":{"@type":"PropertyValueSpecification","valueRequired":true,"valueName":"search_term_string"}}],"inLanguage":"fr-FR"},{"@type":"Organization","@id":"https:\/\/veloaxe.com\/#organization","name":"Boutique de v\u00e9lo en ligne | VELOAXE","url":"https:\/\/veloaxe.com\/","logo":{"@type":"ImageObject","inLanguage":"fr-FR","@id":"https:\/\/veloaxe.com\/#\/schema\/logo\/image\/","url":"https:\/\/veloaxe.com\/wp-content\/uploads\/2026\/01\/cropped-logo-1.jpg","contentUrl":"https:\/\/veloaxe.com\/wp-content\/uploads\/2026\/01\/cropped-logo-1.jpg","width":1273,"height":363,"caption":"Tienda de bicicletas | VELOAXE"},"image":{"@id":"https:\/\/veloaxe.com\/#\/schema\/logo\/image\/"},"sameAs":["https:\/\/www.facebook.com\/veloaxe"]}]}},"_links":{"self":[{"href":"https:\/\/veloaxe.com\/fr\/wp-json\/wp\/v2\/product\/17865","targetHints":{"allow":["GET"]}}],"collection":[{"href":"https:\/\/veloaxe.com\/fr\/wp-json\/wp\/v2\/product"}],"about":[{"href":"https:\/\/veloaxe.com\/fr\/wp-json\/wp\/v2\/types\/product"}],"replies":[{"embeddable":true,"href":"https:\/\/veloaxe.com\/fr\/wp-json\/wp\/v2\/comments?post=17865"}],"wp:featuredmedia":[{"embeddable":true,"href":"https:\/\/veloaxe.com\/fr\/wp-json\/wp\/v2\/media\/17866"}],"wp:attachment":[{"href":"https:\/\/veloaxe.com\/fr\/wp-json\/wp\/v2\/media?parent=17865"}],"wp:term":[{"taxonomy":"product_brand","embeddable":true,"href":"https:\/\/veloaxe.com\/fr\/wp-json\/wp\/v2\/product_brand?post=17865"},{"taxonomy":"product_cat","embeddable":true,"href":"https:\/\/veloaxe.com\/fr\/wp-json\/wp\/v2\/product_cat?post=17865"},{"taxonomy":"product_tag","embeddable":true,"href":"https:\/\/veloaxe.com\/fr\/wp-json\/wp\/v2\/product_tag?post=17865"}],"curies":[{"name":"wp","href":"https:\/\/api.w.org\/{rel}","templated":true}]}}