{"id":17889,"date":"2024-12-01T16:44:41","date_gmt":"2024-12-01T16:44:41","guid":{"rendered":"https:\/\/veloaxe.com\/?post_type=product&#038;p=17889"},"modified":"2025-05-02T05:10:23","modified_gmt":"2025-05-02T05:10:23","slug":"cubierta-pirelli-p-zero-race-tlr","status":"publish","type":"product","link":"https:\/\/veloaxe.com\/fr\/produit\/cubierta-pirelli-p-zero-race-tlr\/","title":{"rendered":"CUBIERTA PIRELLI P-ZERO RACE TLR"},"content":{"rendered":"<p>La nueva generaci\u00f3n de <strong>PIRELLI P-ZERO Race TLR<\/strong> es el neum\u00e1tico de mayor rendimiento de nuestra cartera, adem\u00e1s de ser el primer neum\u00e1tico con tecnolog\u00eda tubeless fabricado \u00edntegramente en Italia en la nueva f\u00e1brica de Bollate. La introducci\u00f3n de la nueva tecnolog\u00eda SPEEDCORE en la carcasa de 120tpi, se caracteriza por el uso de una capa de compuesto mezclado con aramida que recubre la capa interior del neum\u00e1tico, mejorando tanto la suavidad como la resistencia de la goma. Resultado: un neum\u00e1tico menos r\u00edgido pero m\u00e1s r\u00e1pido. El compuesto, por su parte, mantiene la misma tecnolog\u00eda avanzada SmartEVO, compartida con el resto de neum\u00e1ticos de altas prestaciones de la gama P-ZERO.<\/p>\n<ul>\n<li>Performance<\/li>\n<li>Speed<\/li>\n<li>Grip<\/li>\n<\/ul>\n<p>&nbsp;<\/p>\n<p><strong>Smart EVO Compound :<\/strong> Todav\u00eda nuestra mejor formulaci\u00f3n qu\u00edmica para uso en carretera polivalente, ya sea en carreras o para ciclismo de alta intensidad y largas distancias de ocio. Nace de la gran experiencia en Motorsport de Pirelli y de la colaboraci\u00f3n con los equipos de f\u00e1brica del World Tour, y presenta una formulaci\u00f3n de un solo compuesto basada en tres pol\u00edmeros diferentes, cada uno de los cuales proporciona rendimientos opuestos en una mezcla perfecta de agarre, velocidad y fiabilidad. La mezcla avanzada de pol\u00edmeros con comportamientos &#8216;inteligentes&#8217; son los elementos clave del compuesto SmartEVO, proporcionando agarre en cualquier condici\u00f3n clim\u00e1tica y una resistencia al rodaje muy baja en un paquete dise\u00f1ado tambi\u00e9n para soportar kilometrajes elevados y superficies de carretera m\u00e1s rugosas. Es una formulaci\u00f3n qu\u00edmica de alto rendimiento desarrollada para el ciclismo de carretera moderno, desde el uso diario hasta la competici\u00f3n, incluso a nivel World Tour.<\/p>\n<div class=\"style_img__Ywbyu\"><\/div>\n<div class=\"style_description__ILWUW\"><strong>Speed CORE<\/strong> : Speed CORE es una innovadora construcci\u00f3n lista para tubeless desarrollada por Pirelli (Patente Pendiente) para nuestros neum\u00e1ticos de ciclismo de alto rendimiento, representando nuestra tecnolog\u00eda TLR m\u00e1s avanzada hasta la fecha. Derivada del know-how automovil\u00edstico de Pirelli y posible gracias a nuestra nueva planta de producci\u00f3n en Italia, cerca de nuestra sede central en Mil\u00e1n, la construcci\u00f3n de SpeedCORE\u2122 consiste en una fina capa herm\u00e9tica de compuesto de goma infusionada con part\u00edculas de aramida. Esta capa cubre la parte interna del neum\u00e1tico y gracias a la presencia de la aramida en la mezcla de goma, permite una mejor resistencia mec\u00e1nica, una mejora en la retenci\u00f3n de aire y una mayor flexibilidad general: todo contribuyendo al rendimiento general del neum\u00e1tico.<\/div>","protected":false},"excerpt":{"rendered":"<p>La nueva generaci\u00f3n de PIRELLI P-ZERO Race TLR es el neum\u00e1tico de mayor rendimiento de nuestra cartera, adem\u00e1s de ser el primer neum\u00e1tico con tecnolog\u00eda tubeless fabricado \u00edntegramente en Italia en la nueva f\u00e1brica de Bollate. La introducci\u00f3n de la nueva tecnolog\u00eda SPEEDCORE en la carcasa de 120tpi, se caracteriza por el uso de una [&hellip;]<\/p>\n","protected":false},"featured_media":17892,"comment_status":"closed","ping_status":"closed","template":"","meta":[],"product_brand":[],"product_cat":[221,38],"product_tag":[],"class_list":{"0":"post-17889","1":"product","2":"type-product","3":"status-publish","4":"has-post-thumbnail","6":"product_cat-cubiertas","7":"product_cat-ruedas-neumatico-tubular","8":"product_shipping_class-no-bicicletas","10":"first","11":"instock","12":"sale","13":"shipping-taxable","14":"purchasable","15":"product-type-variable"},"yoast_head":"<!-- This site is optimized with the Yoast SEO plugin v27.6 - https:\/\/yoast.com\/product\/yoast-seo-wordpress\/ -->\n<title>CUBIERTA PIRELLI P-ZERO RACE TLR | VELOAXE.COM<\/title>\n<meta name=\"description\" content=\"CUBIERTA PIRELLI P-ZERO RACE TLR - Sin duda los mejores cubiertas para bicicleta del momento. Rendimiento excepcional sean cuales sean las condiciones.\" \/>\n<meta name=\"robots\" content=\"index, follow, max-snippet:-1, max-image-preview:large, max-video-preview:-1\" \/>\n<link rel=\"canonical\" href=\"https:\/\/veloaxe.com\/fr\/produit\/cubierta-pirelli-p-zero-race-tlr\/\" \/>\n<meta property=\"og:locale\" content=\"fr_FR\" \/>\n<meta property=\"og:type\" content=\"article\" \/>\n<meta property=\"og:title\" content=\"CUBIERTA PIRELLI P-ZERO RACE TLR | VELOAXE.COM\" \/>\n<meta property=\"og:description\" content=\"CUBIERTA PIRELLI P-ZERO RACE TLR - Sin duda los mejores cubiertas para bicicleta del momento. Rendimiento excepcional sean cuales sean las condiciones.\" \/>\n<meta property=\"og:url\" content=\"https:\/\/veloaxe.com\/fr\/produit\/cubierta-pirelli-p-zero-race-tlr\/\" \/>\n<meta property=\"og:site_name\" content=\"Tienda de bicicletas | VELOAXE\" \/>\n<meta property=\"article:publisher\" content=\"https:\/\/www.facebook.com\/veloaxe\" \/>\n<meta property=\"article:modified_time\" content=\"2025-05-02T05:10:23+00:00\" \/>\n<meta property=\"og:image\" content=\"https:\/\/veloaxe.com\/wp-content\/uploads\/2024\/12\/cubierta-pirelli-p_zero_race_tlr.webp\" \/>\n\t<meta property=\"og:image:width\" content=\"1248\" \/>\n\t<meta property=\"og:image:height\" content=\"1156\" \/>\n\t<meta property=\"og:image:type\" content=\"image\/webp\" \/>\n<meta name=\"twitter:card\" content=\"summary_large_image\" \/>\n<meta name=\"twitter:label1\" content=\"Dur\u00e9e de lecture estim\u00e9e\" \/>\n\t<meta name=\"twitter:data1\" content=\"2 minutes\" \/>\n<script type=\"application\/ld+json\" class=\"yoast-schema-graph\">{\"@context\":\"https:\\\/\\\/schema.org\",\"@graph\":[{\"@type\":\"WebPage\",\"@id\":\"https:\\\/\\\/veloaxe.com\\\/producto\\\/cubierta-pirelli-p-zero-race-tlr\\\/\",\"url\":\"https:\\\/\\\/veloaxe.com\\\/producto\\\/cubierta-pirelli-p-zero-race-tlr\\\/\",\"name\":\"CUBIERTA PIRELLI P-ZERO RACE TLR | VELOAXE.COM\",\"isPartOf\":{\"@id\":\"https:\\\/\\\/veloaxe.com\\\/#website\"},\"primaryImageOfPage\":{\"@id\":\"https:\\\/\\\/veloaxe.com\\\/producto\\\/cubierta-pirelli-p-zero-race-tlr\\\/#primaryimage\"},\"image\":{\"@id\":\"https:\\\/\\\/veloaxe.com\\\/producto\\\/cubierta-pirelli-p-zero-race-tlr\\\/#primaryimage\"},\"thumbnailUrl\":\"https:\\\/\\\/veloaxe.com\\\/wp-content\\\/uploads\\\/2024\\\/12\\\/cubierta-pirelli-p_zero_race_tlr.webp\",\"datePublished\":\"2024-12-01T16:44:41+00:00\",\"dateModified\":\"2025-05-02T05:10:23+00:00\",\"description\":\"CUBIERTA PIRELLI P-ZERO RACE TLR - Sin duda los mejores cubiertas para bicicleta del momento. Rendimiento excepcional sean cuales sean las condiciones.\",\"breadcrumb\":{\"@id\":\"https:\\\/\\\/veloaxe.com\\\/producto\\\/cubierta-pirelli-p-zero-race-tlr\\\/#breadcrumb\"},\"inLanguage\":\"fr-FR\",\"potentialAction\":[{\"@type\":\"ReadAction\",\"target\":[\"https:\\\/\\\/veloaxe.com\\\/producto\\\/cubierta-pirelli-p-zero-race-tlr\\\/\"]}]},{\"@type\":\"ImageObject\",\"inLanguage\":\"fr-FR\",\"@id\":\"https:\\\/\\\/veloaxe.com\\\/producto\\\/cubierta-pirelli-p-zero-race-tlr\\\/#primaryimage\",\"url\":\"https:\\\/\\\/veloaxe.com\\\/wp-content\\\/uploads\\\/2024\\\/12\\\/cubierta-pirelli-p_zero_race_tlr.webp\",\"contentUrl\":\"https:\\\/\\\/veloaxe.com\\\/wp-content\\\/uploads\\\/2024\\\/12\\\/cubierta-pirelli-p_zero_race_tlr.webp\",\"width\":1248,\"height\":1156,\"caption\":\"cubierta-pirelli-p-zero-race-tlr\"},{\"@type\":\"BreadcrumbList\",\"@id\":\"https:\\\/\\\/veloaxe.com\\\/producto\\\/cubierta-pirelli-p-zero-race-tlr\\\/#breadcrumb\",\"itemListElement\":[{\"@type\":\"ListItem\",\"position\":1,\"name\":\"Portada\",\"item\":\"https:\\\/\\\/paleturquoise-herring-271034.hostingersite.com\\\/\"},{\"@type\":\"ListItem\",\"position\":2,\"name\":\"Shop\",\"item\":\"https:\\\/\\\/paleturquoise-herring-271034.hostingersite.com\\\/shop\\\/\"},{\"@type\":\"ListItem\",\"position\":3,\"name\":\"CUBIERTA PIRELLI P-ZERO RACE TLR\"}]},{\"@type\":\"WebSite\",\"@id\":\"https:\\\/\\\/veloaxe.com\\\/#website\",\"url\":\"https:\\\/\\\/veloaxe.com\\\/\",\"name\":\"Tienda de bicicletas | VELOAXE\",\"description\":\"Descubre una amplia selecci\u00f3n de bicicletas de alta calidad, desde modelos urbanos y de monta\u00f1a hasta bicicletas de carretera de \u00faltima generaci\u00f3n. Con un servicio experto y accesorios especializados, estamos comprometidos a brindarte la mejor experiencia ciclista.\",\"publisher\":{\"@id\":\"https:\\\/\\\/veloaxe.com\\\/#organization\"},\"potentialAction\":[{\"@type\":\"SearchAction\",\"target\":{\"@type\":\"EntryPoint\",\"urlTemplate\":\"https:\\\/\\\/veloaxe.com\\\/?s={search_term_string}\"},\"query-input\":{\"@type\":\"PropertyValueSpecification\",\"valueRequired\":true,\"valueName\":\"search_term_string\"}}],\"inLanguage\":\"fr-FR\"},{\"@type\":\"Organization\",\"@id\":\"https:\\\/\\\/veloaxe.com\\\/#organization\",\"name\":\"Tienda de bicicletas | VELOAXE\",\"url\":\"https:\\\/\\\/veloaxe.com\\\/\",\"logo\":{\"@type\":\"ImageObject\",\"inLanguage\":\"fr-FR\",\"@id\":\"https:\\\/\\\/veloaxe.com\\\/#\\\/schema\\\/logo\\\/image\\\/\",\"url\":\"https:\\\/\\\/veloaxe.com\\\/wp-content\\\/uploads\\\/2026\\\/01\\\/cropped-logo-1.jpg\",\"contentUrl\":\"https:\\\/\\\/veloaxe.com\\\/wp-content\\\/uploads\\\/2026\\\/01\\\/cropped-logo-1.jpg\",\"width\":1273,\"height\":363,\"caption\":\"Tienda de bicicletas | VELOAXE\"},\"image\":{\"@id\":\"https:\\\/\\\/veloaxe.com\\\/#\\\/schema\\\/logo\\\/image\\\/\"},\"sameAs\":[\"https:\\\/\\\/www.facebook.com\\\/veloaxe\"]}]}<\/script>\n<!-- \/ Yoast SEO plugin. -->","yoast_head_json":{"title":"CUBIERTA PIRELLI P-ZERO RACE TLR | VELOAXE.COM","description":"CUBIERTA PIRELLI P-ZERO RACE TLR - Sin duda los mejores cubiertas para bicicleta del momento. Rendimiento excepcional sean cuales sean las condiciones.","robots":{"index":"index","follow":"follow","max-snippet":"max-snippet:-1","max-image-preview":"max-image-preview:large","max-video-preview":"max-video-preview:-1"},"canonical":"https:\/\/veloaxe.com\/fr\/produit\/cubierta-pirelli-p-zero-race-tlr\/","og_locale":"fr_FR","og_type":"article","og_title":"CUBIERTA PIRELLI P-ZERO RACE TLR | VELOAXE.COM","og_description":"CUBIERTA PIRELLI P-ZERO RACE TLR - Sin duda los mejores cubiertas para bicicleta del momento. Rendimiento excepcional sean cuales sean las condiciones.","og_url":"https:\/\/veloaxe.com\/fr\/produit\/cubierta-pirelli-p-zero-race-tlr\/","og_site_name":"Tienda de bicicletas | VELOAXE","article_publisher":"https:\/\/www.facebook.com\/veloaxe","article_modified_time":"2025-05-02T05:10:23+00:00","og_image":[{"width":1248,"height":1156,"url":"https:\/\/veloaxe.com\/wp-content\/uploads\/2024\/12\/cubierta-pirelli-p_zero_race_tlr.webp","type":"image\/webp"}],"twitter_card":"summary_large_image","twitter_misc":{"Dur\u00e9e de lecture estim\u00e9e":"2 minutes"},"schema":{"@context":"https:\/\/schema.org","@graph":[{"@type":"WebPage","@id":"https:\/\/veloaxe.com\/producto\/cubierta-pirelli-p-zero-race-tlr\/","url":"https:\/\/veloaxe.com\/producto\/cubierta-pirelli-p-zero-race-tlr\/","name":"CUBIERTA PIRELLI P-ZERO RACE TLR | VELOAXE.COM","isPartOf":{"@id":"https:\/\/veloaxe.com\/#website"},"primaryImageOfPage":{"@id":"https:\/\/veloaxe.com\/producto\/cubierta-pirelli-p-zero-race-tlr\/#primaryimage"},"image":{"@id":"https:\/\/veloaxe.com\/producto\/cubierta-pirelli-p-zero-race-tlr\/#primaryimage"},"thumbnailUrl":"https:\/\/veloaxe.com\/wp-content\/uploads\/2024\/12\/cubierta-pirelli-p_zero_race_tlr.webp","datePublished":"2024-12-01T16:44:41+00:00","dateModified":"2025-05-02T05:10:23+00:00","description":"CUBIERTA PIRELLI P-ZERO RACE TLR - Sin duda los mejores cubiertas para bicicleta del momento. Rendimiento excepcional sean cuales sean las condiciones.","breadcrumb":{"@id":"https:\/\/veloaxe.com\/producto\/cubierta-pirelli-p-zero-race-tlr\/#breadcrumb"},"inLanguage":"fr-FR","potentialAction":[{"@type":"ReadAction","target":["https:\/\/veloaxe.com\/producto\/cubierta-pirelli-p-zero-race-tlr\/"]}]},{"@type":"ImageObject","inLanguage":"fr-FR","@id":"https:\/\/veloaxe.com\/producto\/cubierta-pirelli-p-zero-race-tlr\/#primaryimage","url":"https:\/\/veloaxe.com\/wp-content\/uploads\/2024\/12\/cubierta-pirelli-p_zero_race_tlr.webp","contentUrl":"https:\/\/veloaxe.com\/wp-content\/uploads\/2024\/12\/cubierta-pirelli-p_zero_race_tlr.webp","width":1248,"height":1156,"caption":"cubierta-pirelli-p-zero-race-tlr"},{"@type":"BreadcrumbList","@id":"https:\/\/veloaxe.com\/producto\/cubierta-pirelli-p-zero-race-tlr\/#breadcrumb","itemListElement":[{"@type":"ListItem","position":1,"name":"Portada","item":"https:\/\/paleturquoise-herring-271034.hostingersite.com\/"},{"@type":"ListItem","position":2,"name":"Shop","item":"https:\/\/paleturquoise-herring-271034.hostingersite.com\/shop\/"},{"@type":"ListItem","position":3,"name":"CUBIERTA PIRELLI P-ZERO RACE TLR"}]},{"@type":"WebSite","@id":"https:\/\/veloaxe.com\/#website","url":"https:\/\/veloaxe.com\/","name":"Boutique de v\u00e9lo en ligne | VELOAXE","description":"Descubre una amplia selecci\u00f3n de bicicletas de alta calidad, desde modelos urbanos y de monta\u00f1a hasta bicicletas de carretera de \u00faltima generaci\u00f3n. Con un servicio experto y accesorios especializados, estamos comprometidos a brindarte la mejor experiencia ciclista.","publisher":{"@id":"https:\/\/veloaxe.com\/#organization"},"potentialAction":[{"@type":"SearchAction","target":{"@type":"EntryPoint","urlTemplate":"https:\/\/veloaxe.com\/?s={search_term_string}"},"query-input":{"@type":"PropertyValueSpecification","valueRequired":true,"valueName":"search_term_string"}}],"inLanguage":"fr-FR"},{"@type":"Organization","@id":"https:\/\/veloaxe.com\/#organization","name":"Boutique de v\u00e9lo en ligne | VELOAXE","url":"https:\/\/veloaxe.com\/","logo":{"@type":"ImageObject","inLanguage":"fr-FR","@id":"https:\/\/veloaxe.com\/#\/schema\/logo\/image\/","url":"https:\/\/veloaxe.com\/wp-content\/uploads\/2026\/01\/cropped-logo-1.jpg","contentUrl":"https:\/\/veloaxe.com\/wp-content\/uploads\/2026\/01\/cropped-logo-1.jpg","width":1273,"height":363,"caption":"Tienda de bicicletas | VELOAXE"},"image":{"@id":"https:\/\/veloaxe.com\/#\/schema\/logo\/image\/"},"sameAs":["https:\/\/www.facebook.com\/veloaxe"]}]}},"_links":{"self":[{"href":"https:\/\/veloaxe.com\/fr\/wp-json\/wp\/v2\/product\/17889","targetHints":{"allow":["GET"]}}],"collection":[{"href":"https:\/\/veloaxe.com\/fr\/wp-json\/wp\/v2\/product"}],"about":[{"href":"https:\/\/veloaxe.com\/fr\/wp-json\/wp\/v2\/types\/product"}],"replies":[{"embeddable":true,"href":"https:\/\/veloaxe.com\/fr\/wp-json\/wp\/v2\/comments?post=17889"}],"wp:featuredmedia":[{"embeddable":true,"href":"https:\/\/veloaxe.com\/fr\/wp-json\/wp\/v2\/media\/17892"}],"wp:attachment":[{"href":"https:\/\/veloaxe.com\/fr\/wp-json\/wp\/v2\/media?parent=17889"}],"wp:term":[{"taxonomy":"product_brand","embeddable":true,"href":"https:\/\/veloaxe.com\/fr\/wp-json\/wp\/v2\/product_brand?post=17889"},{"taxonomy":"product_cat","embeddable":true,"href":"https:\/\/veloaxe.com\/fr\/wp-json\/wp\/v2\/product_cat?post=17889"},{"taxonomy":"product_tag","embeddable":true,"href":"https:\/\/veloaxe.com\/fr\/wp-json\/wp\/v2\/product_tag?post=17889"}],"curies":[{"name":"wp","href":"https:\/\/api.w.org\/{rel}","templated":true}]}}