{"id":17944,"date":"2024-12-01T17:18:30","date_gmt":"2024-12-01T17:18:30","guid":{"rendered":"https:\/\/veloaxe.com\/?post_type=product&#038;p=17944"},"modified":"2025-05-02T04:54:03","modified_gmt":"2025-05-02T04:54:03","slug":"cubierta-pirelli-p-zero-road-tlr","status":"publish","type":"product","link":"https:\/\/veloaxe.com\/fr\/produit\/cubierta-pirelli-p-zero-road-tlr\/","title":{"rendered":"CUBIERTA PIRELLI P-ZERO ROAD TLR"},"content":{"rendered":"<p>Pirelli ampl\u00eda la familia P-ZERO con la introducci\u00f3n del neum\u00e1tico tubeless m\u00e1s completo y vers\u00e1til, que presenta el compuesto EVO y la nueva carcasa TechLINER: una carcasa de 120 tpi junto con un revestimiento de goma para una mejor retenci\u00f3n de la presi\u00f3n. Estas caracter\u00edsticas hacen del nuevo P ZERO\u2122 Road TLR el compromiso perfecto entre velocidad, comodidad y protecci\u00f3n, producto todo en uno, para acompa\u00f1arte en todas tus salidas. El P ZERO Road TLR es la soluci\u00f3n perfecta para el ciclista que busca un rendimiento m\u00e1s equilibrado y completo, centrado en la resistencia.<\/p>\n<ul>\n<li>Control<\/li>\n<li>Comodidad<\/li>\n<li>Protecci\u00f3n<\/li>\n<\/ul>\n<p>&nbsp;<\/p>\n<p><strong>EVO Compound :<\/strong> El compuesto EVO espec\u00edfico para carretera es una formulaci\u00f3n qu\u00edmica desarrollada para la m\u00e1xima versatilidad: buena resistencia a la rodadura, agarre \u00f3ptimo en mojado y buena durabilidad. El EVO Compound naci\u00f3 de la combinaci\u00f3n de caracter\u00edsticas opuestas, lo que lo convierte en una buena herramienta para aquellos que buscan una cubierta de carrera vers\u00e1til. EVO Compound es una caracter\u00edstica exclusiva de la gama P ZERO.<\/p>\n<p><strong>Tech LINER<\/strong> : El Tech LINER es una carcasa de 120 tpi espec\u00edfica para carretera tubeless que cuenta con un revestimiento de goma que le proporciona una mejor retenci\u00f3n de presi\u00f3n. Esta caracter\u00edstica te permite ir r\u00e1pido sin dejar de sentirte c\u00f3modo con una tecnolog\u00eda fiable dise\u00f1ada para aplicaciones de rendimiento y resistencia en todos los aspectos.<\/p>\n<p>El Tech LINER es una caracter\u00edstica exclusiva del P ZERO\u2122 Road TLR.<\/p>","protected":false},"excerpt":{"rendered":"<p>Pirelli ampl\u00eda la familia P-ZERO con la introducci\u00f3n del neum\u00e1tico tubeless m\u00e1s completo y vers\u00e1til, que presenta el compuesto EVO y la nueva carcasa TechLINER: una carcasa de 120 tpi junto con un revestimiento de goma para una mejor retenci\u00f3n de la presi\u00f3n. Estas caracter\u00edsticas hacen del nuevo P ZERO\u2122 Road TLR el compromiso perfecto [&hellip;]<\/p>\n","protected":false},"featured_media":17948,"comment_status":"closed","ping_status":"closed","template":"","meta":[],"product_brand":[],"product_cat":[221,38],"product_tag":[],"class_list":{"0":"post-17944","1":"product","2":"type-product","3":"status-publish","4":"has-post-thumbnail","6":"product_cat-cubiertas","7":"product_cat-ruedas-neumatico-tubular","8":"product_shipping_class-no-bicicletas","10":"first","11":"instock","12":"sale","13":"shipping-taxable","14":"purchasable","15":"product-type-variable"},"yoast_head":"<!-- This site is optimized with the Yoast SEO plugin v27.6 - https:\/\/yoast.com\/product\/yoast-seo-wordpress\/ -->\n<title>CUBIERTA PIRELLI P-ZERO ROAD TLR | VELOAXE.COM<\/title>\n<meta name=\"description\" content=\"CUBIERTA PIRELLI P-ZERO ROAD TLR - Sin duda los mejores cubiertas para bicicleta del momento. Rendimiento excepcional sean cuales sean las condiciones.\" \/>\n<meta name=\"robots\" content=\"index, follow, max-snippet:-1, max-image-preview:large, max-video-preview:-1\" \/>\n<link rel=\"canonical\" href=\"https:\/\/veloaxe.com\/fr\/produit\/cubierta-pirelli-p-zero-road-tlr\/\" \/>\n<meta property=\"og:locale\" content=\"fr_FR\" \/>\n<meta property=\"og:type\" content=\"article\" \/>\n<meta property=\"og:title\" content=\"CUBIERTA PIRELLI P-ZERO ROAD TLR | VELOAXE.COM\" \/>\n<meta property=\"og:description\" content=\"CUBIERTA PIRELLI P-ZERO ROAD TLR - Sin duda los mejores cubiertas para bicicleta del momento. Rendimiento excepcional sean cuales sean las condiciones.\" \/>\n<meta property=\"og:url\" content=\"https:\/\/veloaxe.com\/fr\/produit\/cubierta-pirelli-p-zero-road-tlr\/\" \/>\n<meta property=\"og:site_name\" content=\"Tienda de bicicletas | VELOAXE\" \/>\n<meta property=\"article:publisher\" content=\"https:\/\/www.facebook.com\/veloaxe\" \/>\n<meta property=\"article:modified_time\" content=\"2025-05-02T04:54:03+00:00\" \/>\n<meta property=\"og:image\" content=\"https:\/\/veloaxe.com\/wp-content\/uploads\/2024\/12\/cubierta-pirelli-p-zero-road-tlr.webp\" \/>\n\t<meta property=\"og:image:width\" content=\"1248\" \/>\n\t<meta property=\"og:image:height\" content=\"1156\" \/>\n\t<meta property=\"og:image:type\" content=\"image\/webp\" \/>\n<meta name=\"twitter:card\" content=\"summary_large_image\" \/>\n<meta name=\"twitter:label1\" content=\"Dur\u00e9e de lecture estim\u00e9e\" \/>\n\t<meta name=\"twitter:data1\" content=\"2 minutes\" \/>\n<script type=\"application\/ld+json\" class=\"yoast-schema-graph\">{\"@context\":\"https:\\\/\\\/schema.org\",\"@graph\":[{\"@type\":\"WebPage\",\"@id\":\"https:\\\/\\\/veloaxe.com\\\/producto\\\/cubierta-pirelli-p-zero-road-tlr\\\/\",\"url\":\"https:\\\/\\\/veloaxe.com\\\/producto\\\/cubierta-pirelli-p-zero-road-tlr\\\/\",\"name\":\"CUBIERTA PIRELLI P-ZERO ROAD TLR | VELOAXE.COM\",\"isPartOf\":{\"@id\":\"https:\\\/\\\/veloaxe.com\\\/#website\"},\"primaryImageOfPage\":{\"@id\":\"https:\\\/\\\/veloaxe.com\\\/producto\\\/cubierta-pirelli-p-zero-road-tlr\\\/#primaryimage\"},\"image\":{\"@id\":\"https:\\\/\\\/veloaxe.com\\\/producto\\\/cubierta-pirelli-p-zero-road-tlr\\\/#primaryimage\"},\"thumbnailUrl\":\"https:\\\/\\\/veloaxe.com\\\/wp-content\\\/uploads\\\/2024\\\/12\\\/cubierta-pirelli-p-zero-road-tlr.webp\",\"datePublished\":\"2024-12-01T17:18:30+00:00\",\"dateModified\":\"2025-05-02T04:54:03+00:00\",\"description\":\"CUBIERTA PIRELLI P-ZERO ROAD TLR - Sin duda los mejores cubiertas para bicicleta del momento. Rendimiento excepcional sean cuales sean las condiciones.\",\"breadcrumb\":{\"@id\":\"https:\\\/\\\/veloaxe.com\\\/producto\\\/cubierta-pirelli-p-zero-road-tlr\\\/#breadcrumb\"},\"inLanguage\":\"fr-FR\",\"potentialAction\":[{\"@type\":\"ReadAction\",\"target\":[\"https:\\\/\\\/veloaxe.com\\\/producto\\\/cubierta-pirelli-p-zero-road-tlr\\\/\"]}]},{\"@type\":\"ImageObject\",\"inLanguage\":\"fr-FR\",\"@id\":\"https:\\\/\\\/veloaxe.com\\\/producto\\\/cubierta-pirelli-p-zero-road-tlr\\\/#primaryimage\",\"url\":\"https:\\\/\\\/veloaxe.com\\\/wp-content\\\/uploads\\\/2024\\\/12\\\/cubierta-pirelli-p-zero-road-tlr.webp\",\"contentUrl\":\"https:\\\/\\\/veloaxe.com\\\/wp-content\\\/uploads\\\/2024\\\/12\\\/cubierta-pirelli-p-zero-road-tlr.webp\",\"width\":1248,\"height\":1156,\"caption\":\"cubierta-pirelli-p-zero-road-tlr\"},{\"@type\":\"BreadcrumbList\",\"@id\":\"https:\\\/\\\/veloaxe.com\\\/producto\\\/cubierta-pirelli-p-zero-road-tlr\\\/#breadcrumb\",\"itemListElement\":[{\"@type\":\"ListItem\",\"position\":1,\"name\":\"Portada\",\"item\":\"https:\\\/\\\/paleturquoise-herring-271034.hostingersite.com\\\/\"},{\"@type\":\"ListItem\",\"position\":2,\"name\":\"Shop\",\"item\":\"https:\\\/\\\/paleturquoise-herring-271034.hostingersite.com\\\/shop\\\/\"},{\"@type\":\"ListItem\",\"position\":3,\"name\":\"CUBIERTA PIRELLI P-ZERO ROAD TLR\"}]},{\"@type\":\"WebSite\",\"@id\":\"https:\\\/\\\/veloaxe.com\\\/#website\",\"url\":\"https:\\\/\\\/veloaxe.com\\\/\",\"name\":\"Tienda de bicicletas | VELOAXE\",\"description\":\"Descubre una amplia selecci\u00f3n de bicicletas de alta calidad, desde modelos urbanos y de monta\u00f1a hasta bicicletas de carretera de \u00faltima generaci\u00f3n. Con un servicio experto y accesorios especializados, estamos comprometidos a brindarte la mejor experiencia ciclista.\",\"publisher\":{\"@id\":\"https:\\\/\\\/veloaxe.com\\\/#organization\"},\"potentialAction\":[{\"@type\":\"SearchAction\",\"target\":{\"@type\":\"EntryPoint\",\"urlTemplate\":\"https:\\\/\\\/veloaxe.com\\\/?s={search_term_string}\"},\"query-input\":{\"@type\":\"PropertyValueSpecification\",\"valueRequired\":true,\"valueName\":\"search_term_string\"}}],\"inLanguage\":\"fr-FR\"},{\"@type\":\"Organization\",\"@id\":\"https:\\\/\\\/veloaxe.com\\\/#organization\",\"name\":\"Tienda de bicicletas | VELOAXE\",\"url\":\"https:\\\/\\\/veloaxe.com\\\/\",\"logo\":{\"@type\":\"ImageObject\",\"inLanguage\":\"fr-FR\",\"@id\":\"https:\\\/\\\/veloaxe.com\\\/#\\\/schema\\\/logo\\\/image\\\/\",\"url\":\"https:\\\/\\\/veloaxe.com\\\/wp-content\\\/uploads\\\/2026\\\/01\\\/cropped-logo-1.jpg\",\"contentUrl\":\"https:\\\/\\\/veloaxe.com\\\/wp-content\\\/uploads\\\/2026\\\/01\\\/cropped-logo-1.jpg\",\"width\":1273,\"height\":363,\"caption\":\"Tienda de bicicletas | VELOAXE\"},\"image\":{\"@id\":\"https:\\\/\\\/veloaxe.com\\\/#\\\/schema\\\/logo\\\/image\\\/\"},\"sameAs\":[\"https:\\\/\\\/www.facebook.com\\\/veloaxe\"]}]}<\/script>\n<!-- \/ Yoast SEO plugin. -->","yoast_head_json":{"title":"CUBIERTA PIRELLI P-ZERO ROAD TLR | VELOAXE.COM","description":"CUBIERTA PIRELLI P-ZERO ROAD TLR - Sin duda los mejores cubiertas para bicicleta del momento. Rendimiento excepcional sean cuales sean las condiciones.","robots":{"index":"index","follow":"follow","max-snippet":"max-snippet:-1","max-image-preview":"max-image-preview:large","max-video-preview":"max-video-preview:-1"},"canonical":"https:\/\/veloaxe.com\/fr\/produit\/cubierta-pirelli-p-zero-road-tlr\/","og_locale":"fr_FR","og_type":"article","og_title":"CUBIERTA PIRELLI P-ZERO ROAD TLR | VELOAXE.COM","og_description":"CUBIERTA PIRELLI P-ZERO ROAD TLR - Sin duda los mejores cubiertas para bicicleta del momento. Rendimiento excepcional sean cuales sean las condiciones.","og_url":"https:\/\/veloaxe.com\/fr\/produit\/cubierta-pirelli-p-zero-road-tlr\/","og_site_name":"Tienda de bicicletas | VELOAXE","article_publisher":"https:\/\/www.facebook.com\/veloaxe","article_modified_time":"2025-05-02T04:54:03+00:00","og_image":[{"width":1248,"height":1156,"url":"https:\/\/veloaxe.com\/wp-content\/uploads\/2024\/12\/cubierta-pirelli-p-zero-road-tlr.webp","type":"image\/webp"}],"twitter_card":"summary_large_image","twitter_misc":{"Dur\u00e9e de lecture estim\u00e9e":"2 minutes"},"schema":{"@context":"https:\/\/schema.org","@graph":[{"@type":"WebPage","@id":"https:\/\/veloaxe.com\/producto\/cubierta-pirelli-p-zero-road-tlr\/","url":"https:\/\/veloaxe.com\/producto\/cubierta-pirelli-p-zero-road-tlr\/","name":"CUBIERTA PIRELLI P-ZERO ROAD TLR | VELOAXE.COM","isPartOf":{"@id":"https:\/\/veloaxe.com\/#website"},"primaryImageOfPage":{"@id":"https:\/\/veloaxe.com\/producto\/cubierta-pirelli-p-zero-road-tlr\/#primaryimage"},"image":{"@id":"https:\/\/veloaxe.com\/producto\/cubierta-pirelli-p-zero-road-tlr\/#primaryimage"},"thumbnailUrl":"https:\/\/veloaxe.com\/wp-content\/uploads\/2024\/12\/cubierta-pirelli-p-zero-road-tlr.webp","datePublished":"2024-12-01T17:18:30+00:00","dateModified":"2025-05-02T04:54:03+00:00","description":"CUBIERTA PIRELLI P-ZERO ROAD TLR - Sin duda los mejores cubiertas para bicicleta del momento. Rendimiento excepcional sean cuales sean las condiciones.","breadcrumb":{"@id":"https:\/\/veloaxe.com\/producto\/cubierta-pirelli-p-zero-road-tlr\/#breadcrumb"},"inLanguage":"fr-FR","potentialAction":[{"@type":"ReadAction","target":["https:\/\/veloaxe.com\/producto\/cubierta-pirelli-p-zero-road-tlr\/"]}]},{"@type":"ImageObject","inLanguage":"fr-FR","@id":"https:\/\/veloaxe.com\/producto\/cubierta-pirelli-p-zero-road-tlr\/#primaryimage","url":"https:\/\/veloaxe.com\/wp-content\/uploads\/2024\/12\/cubierta-pirelli-p-zero-road-tlr.webp","contentUrl":"https:\/\/veloaxe.com\/wp-content\/uploads\/2024\/12\/cubierta-pirelli-p-zero-road-tlr.webp","width":1248,"height":1156,"caption":"cubierta-pirelli-p-zero-road-tlr"},{"@type":"BreadcrumbList","@id":"https:\/\/veloaxe.com\/producto\/cubierta-pirelli-p-zero-road-tlr\/#breadcrumb","itemListElement":[{"@type":"ListItem","position":1,"name":"Portada","item":"https:\/\/paleturquoise-herring-271034.hostingersite.com\/"},{"@type":"ListItem","position":2,"name":"Shop","item":"https:\/\/paleturquoise-herring-271034.hostingersite.com\/shop\/"},{"@type":"ListItem","position":3,"name":"CUBIERTA PIRELLI P-ZERO ROAD TLR"}]},{"@type":"WebSite","@id":"https:\/\/veloaxe.com\/#website","url":"https:\/\/veloaxe.com\/","name":"Boutique de v\u00e9lo en ligne | VELOAXE","description":"Descubre una amplia selecci\u00f3n de bicicletas de alta calidad, desde modelos urbanos y de monta\u00f1a hasta bicicletas de carretera de \u00faltima generaci\u00f3n. Con un servicio experto y accesorios especializados, estamos comprometidos a brindarte la mejor experiencia ciclista.","publisher":{"@id":"https:\/\/veloaxe.com\/#organization"},"potentialAction":[{"@type":"SearchAction","target":{"@type":"EntryPoint","urlTemplate":"https:\/\/veloaxe.com\/?s={search_term_string}"},"query-input":{"@type":"PropertyValueSpecification","valueRequired":true,"valueName":"search_term_string"}}],"inLanguage":"fr-FR"},{"@type":"Organization","@id":"https:\/\/veloaxe.com\/#organization","name":"Boutique de v\u00e9lo en ligne | VELOAXE","url":"https:\/\/veloaxe.com\/","logo":{"@type":"ImageObject","inLanguage":"fr-FR","@id":"https:\/\/veloaxe.com\/#\/schema\/logo\/image\/","url":"https:\/\/veloaxe.com\/wp-content\/uploads\/2026\/01\/cropped-logo-1.jpg","contentUrl":"https:\/\/veloaxe.com\/wp-content\/uploads\/2026\/01\/cropped-logo-1.jpg","width":1273,"height":363,"caption":"Tienda de bicicletas | VELOAXE"},"image":{"@id":"https:\/\/veloaxe.com\/#\/schema\/logo\/image\/"},"sameAs":["https:\/\/www.facebook.com\/veloaxe"]}]}},"_links":{"self":[{"href":"https:\/\/veloaxe.com\/fr\/wp-json\/wp\/v2\/product\/17944","targetHints":{"allow":["GET"]}}],"collection":[{"href":"https:\/\/veloaxe.com\/fr\/wp-json\/wp\/v2\/product"}],"about":[{"href":"https:\/\/veloaxe.com\/fr\/wp-json\/wp\/v2\/types\/product"}],"replies":[{"embeddable":true,"href":"https:\/\/veloaxe.com\/fr\/wp-json\/wp\/v2\/comments?post=17944"}],"wp:featuredmedia":[{"embeddable":true,"href":"https:\/\/veloaxe.com\/fr\/wp-json\/wp\/v2\/media\/17948"}],"wp:attachment":[{"href":"https:\/\/veloaxe.com\/fr\/wp-json\/wp\/v2\/media?parent=17944"}],"wp:term":[{"taxonomy":"product_brand","embeddable":true,"href":"https:\/\/veloaxe.com\/fr\/wp-json\/wp\/v2\/product_brand?post=17944"},{"taxonomy":"product_cat","embeddable":true,"href":"https:\/\/veloaxe.com\/fr\/wp-json\/wp\/v2\/product_cat?post=17944"},{"taxonomy":"product_tag","embeddable":true,"href":"https:\/\/veloaxe.com\/fr\/wp-json\/wp\/v2\/product_tag?post=17944"}],"curies":[{"name":"wp","href":"https:\/\/api.w.org\/{rel}","templated":true}]}}