{"id":17997,"date":"2024-12-02T09:44:23","date_gmt":"2024-12-02T09:44:23","guid":{"rendered":"https:\/\/veloaxe.com\/?post_type=product&#038;p=17997"},"modified":"2025-04-28T19:06:44","modified_gmt":"2025-04-28T19:06:44","slug":"cubierta-pirelli-cinturato-cross-m-tlr-33mm","status":"publish","type":"product","link":"https:\/\/veloaxe.com\/fr\/producto\/cubierta-pirelli-cinturato-cross-m-tlr-33mm\/","title":{"rendered":"CUBIERTA PIRELLI CINTURATO CROSS M TLR &#8211; 33mm"},"content":{"rendered":"<p>Il <strong>PIRELLI Cinturato Cross<\/strong> Mixed Terrain es el neum\u00e1tico espec\u00edfico para uso Cross dise\u00f1ado para terrenos mixtos, con cobertura variable entre compactos e irregulares y para todo tipo intermedio. La banda de rodadura est\u00e1 fabricada con ranuras de altura y espaciado medio para garantizar un rendimiento excelente en una amplia gama de suelos.<\/p>\n<p>El compuesto especial SpeedGRIP a\u00f1ade resistencia mec\u00e1nica y caracter\u00edsticas de agarre qu\u00edmico sin reducir el deslizamiento. Cinturato\u2122 Gravel Mixed Terrain es una cubierta de alto rendimiento con caracter\u00edsticas de agarre \u00fanicas en todas las condiciones, tanto secas como mojadas, que tambi\u00e9n proporciona un alto nivel de protecci\u00f3n contra pinchazos.<\/p>\n<p>Todos los neum\u00e1ticos de la gama son Tubeless Ready y cuentan con una carcasa reforzada de flanco a flanco con cordones de aramida TLR plegables y optimizados para llantas anchas.<\/p>","protected":false},"excerpt":{"rendered":"<p>El PIRELLI Cinturato Cross Mixed Terrain es el neum\u00e1tico espec\u00edfico para uso Cross dise\u00f1ado para terrenos mixtos, con cobertura variable entre compactos e irregulares y para todo tipo intermedio. La banda de rodadura est\u00e1 fabricada con ranuras de altura y espaciado medio para garantizar un rendimiento excelente en una amplia gama de suelos. El compuesto [&hellip;]<\/p>\n","protected":false},"featured_media":18001,"comment_status":"closed","ping_status":"closed","template":"","meta":[],"product_brand":[],"product_cat":[16,222,38],"product_tag":[],"class_list":{"0":"post-17997","1":"product","2":"type-product","3":"status-publish","4":"has-post-thumbnail","6":"product_cat-carretera-gravel-bicicletas","7":"product_cat-cubierta-gravel-cx","8":"product_cat-ruedas-neumatico-tubular","9":"product_shipping_class-no-bicicletas","11":"first","12":"instock","13":"sale","14":"shipping-taxable","15":"purchasable","16":"product-type-simple"},"yoast_head":"<!-- This site is optimized with the Yoast SEO plugin v27.6 - https:\/\/yoast.com\/product\/yoast-seo-wordpress\/ -->\n<title>CUBIERTA PIRELLI CINTURATO CROSS M TLR - 33mm | VELOAXE<\/title>\n<meta name=\"description\" content=\"CUBIERTA PIRELLI CINTURATO CROSS M TLR - Sin duda los mejores cubiertas para bicicleta del momento. Rendimiento excepcional sean cuales sean las condiciones.\" \/>\n<meta name=\"robots\" content=\"index, follow, max-snippet:-1, max-image-preview:large, max-video-preview:-1\" \/>\n<link rel=\"canonical\" href=\"https:\/\/paleturquoise-herring-271034.hostingersite.com\/producto\/cubierta-pirelli-cinturato-cross-m-tlr-33mm\/\" \/>\n<meta property=\"og:locale\" content=\"fr_FR\" \/>\n<meta property=\"og:type\" content=\"article\" \/>\n<meta property=\"og:title\" content=\"CUBIERTA PIRELLI CINTURATO CROSS M TLR - 33mm | VELOAXE\" \/>\n<meta property=\"og:description\" content=\"CUBIERTA PIRELLI CINTURATO CROSS M TLR - Sin duda los mejores cubiertas para bicicleta del momento. Rendimiento excepcional sean cuales sean las condiciones.\" \/>\n<meta property=\"og:url\" content=\"https:\/\/paleturquoise-herring-271034.hostingersite.com\/producto\/cubierta-pirelli-cinturato-cross-m-tlr-33mm\/\" \/>\n<meta property=\"og:site_name\" content=\"Tienda de bicicletas | VELOAXE\" \/>\n<meta property=\"article:publisher\" content=\"https:\/\/www.facebook.com\/veloaxe\" \/>\n<meta property=\"article:modified_time\" content=\"2025-04-28T19:06:44+00:00\" \/>\n<meta property=\"og:image\" content=\"https:\/\/paleturquoise-herring-271034.hostingersite.com\/wp-content\/uploads\/2024\/12\/cubierta-pirelli-cinturato-cross-m.jpg\" \/>\n\t<meta property=\"og:image:width\" content=\"800\" \/>\n\t<meta property=\"og:image:height\" content=\"800\" \/>\n\t<meta property=\"og:image:type\" content=\"image\/jpeg\" \/>\n<meta name=\"twitter:card\" content=\"summary_large_image\" \/>\n<meta name=\"twitter:label1\" content=\"Dur\u00e9e de lecture estim\u00e9e\" \/>\n\t<meta name=\"twitter:data1\" content=\"1 minute\" \/>\n<script type=\"application\/ld+json\" class=\"yoast-schema-graph\">{\"@context\":\"https:\\\/\\\/schema.org\",\"@graph\":[{\"@type\":\"WebPage\",\"@id\":\"https:\\\/\\\/paleturquoise-herring-271034.hostingersite.com\\\/producto\\\/cubierta-pirelli-cinturato-cross-m-tlr-33mm\\\/\",\"url\":\"https:\\\/\\\/paleturquoise-herring-271034.hostingersite.com\\\/producto\\\/cubierta-pirelli-cinturato-cross-m-tlr-33mm\\\/\",\"name\":\"CUBIERTA PIRELLI CINTURATO CROSS M TLR - 33mm | VELOAXE\",\"isPartOf\":{\"@id\":\"https:\\\/\\\/veloaxe.com\\\/#website\"},\"primaryImageOfPage\":{\"@id\":\"https:\\\/\\\/paleturquoise-herring-271034.hostingersite.com\\\/producto\\\/cubierta-pirelli-cinturato-cross-m-tlr-33mm\\\/#primaryimage\"},\"image\":{\"@id\":\"https:\\\/\\\/paleturquoise-herring-271034.hostingersite.com\\\/producto\\\/cubierta-pirelli-cinturato-cross-m-tlr-33mm\\\/#primaryimage\"},\"thumbnailUrl\":\"https:\\\/\\\/veloaxe.com\\\/wp-content\\\/uploads\\\/2024\\\/12\\\/cubierta-pirelli-cinturato-cross-m.jpg\",\"datePublished\":\"2024-12-02T09:44:23+00:00\",\"dateModified\":\"2025-04-28T19:06:44+00:00\",\"description\":\"CUBIERTA PIRELLI CINTURATO CROSS M TLR - Sin duda los mejores cubiertas para bicicleta del momento. Rendimiento excepcional sean cuales sean las condiciones.\",\"breadcrumb\":{\"@id\":\"https:\\\/\\\/paleturquoise-herring-271034.hostingersite.com\\\/producto\\\/cubierta-pirelli-cinturato-cross-m-tlr-33mm\\\/#breadcrumb\"},\"inLanguage\":\"fr-FR\",\"potentialAction\":[{\"@type\":\"ReadAction\",\"target\":[\"https:\\\/\\\/paleturquoise-herring-271034.hostingersite.com\\\/producto\\\/cubierta-pirelli-cinturato-cross-m-tlr-33mm\\\/\"]}]},{\"@type\":\"ImageObject\",\"inLanguage\":\"fr-FR\",\"@id\":\"https:\\\/\\\/paleturquoise-herring-271034.hostingersite.com\\\/producto\\\/cubierta-pirelli-cinturato-cross-m-tlr-33mm\\\/#primaryimage\",\"url\":\"https:\\\/\\\/veloaxe.com\\\/wp-content\\\/uploads\\\/2024\\\/12\\\/cubierta-pirelli-cinturato-cross-m.jpg\",\"contentUrl\":\"https:\\\/\\\/veloaxe.com\\\/wp-content\\\/uploads\\\/2024\\\/12\\\/cubierta-pirelli-cinturato-cross-m.jpg\",\"width\":800,\"height\":800,\"caption\":\"cubierta-pirelli-cinturato-cross-m\"},{\"@type\":\"BreadcrumbList\",\"@id\":\"https:\\\/\\\/paleturquoise-herring-271034.hostingersite.com\\\/producto\\\/cubierta-pirelli-cinturato-cross-m-tlr-33mm\\\/#breadcrumb\",\"itemListElement\":[{\"@type\":\"ListItem\",\"position\":1,\"name\":\"Portada\",\"item\":\"https:\\\/\\\/veloaxe.com\\\/\"},{\"@type\":\"ListItem\",\"position\":2,\"name\":\"Shop\",\"item\":\"https:\\\/\\\/paleturquoise-herring-271034.hostingersite.com\\\/shop\\\/\"},{\"@type\":\"ListItem\",\"position\":3,\"name\":\"CUBIERTA PIRELLI CINTURATO CROSS M TLR &#8211; 33mm\"}]},{\"@type\":\"WebSite\",\"@id\":\"https:\\\/\\\/veloaxe.com\\\/#website\",\"url\":\"https:\\\/\\\/veloaxe.com\\\/\",\"name\":\"Tienda de bicicletas | VELOAXE\",\"description\":\"Descubre una amplia selecci\u00f3n de bicicletas de alta calidad, desde modelos urbanos y de monta\u00f1a hasta bicicletas de carretera de \u00faltima generaci\u00f3n. Con un servicio experto y accesorios especializados, estamos comprometidos a brindarte la mejor experiencia ciclista.\",\"publisher\":{\"@id\":\"https:\\\/\\\/veloaxe.com\\\/#organization\"},\"potentialAction\":[{\"@type\":\"SearchAction\",\"target\":{\"@type\":\"EntryPoint\",\"urlTemplate\":\"https:\\\/\\\/veloaxe.com\\\/?s={search_term_string}\"},\"query-input\":{\"@type\":\"PropertyValueSpecification\",\"valueRequired\":true,\"valueName\":\"search_term_string\"}}],\"inLanguage\":\"fr-FR\"},{\"@type\":\"Organization\",\"@id\":\"https:\\\/\\\/veloaxe.com\\\/#organization\",\"name\":\"Tienda de bicicletas | VELOAXE\",\"url\":\"https:\\\/\\\/veloaxe.com\\\/\",\"logo\":{\"@type\":\"ImageObject\",\"inLanguage\":\"fr-FR\",\"@id\":\"https:\\\/\\\/veloaxe.com\\\/#\\\/schema\\\/logo\\\/image\\\/\",\"url\":\"https:\\\/\\\/veloaxe.com\\\/wp-content\\\/uploads\\\/2026\\\/01\\\/cropped-logo-1.jpg\",\"contentUrl\":\"https:\\\/\\\/veloaxe.com\\\/wp-content\\\/uploads\\\/2026\\\/01\\\/cropped-logo-1.jpg\",\"width\":1273,\"height\":363,\"caption\":\"Tienda de bicicletas | VELOAXE\"},\"image\":{\"@id\":\"https:\\\/\\\/veloaxe.com\\\/#\\\/schema\\\/logo\\\/image\\\/\"},\"sameAs\":[\"https:\\\/\\\/www.facebook.com\\\/veloaxe\"]}]}<\/script>\n<!-- \/ Yoast SEO plugin. -->","yoast_head_json":{"title":"CUBIERTA PIRELLI CINTURATO CROSS M TLR - 33mm | VELOAXE","description":"CUBIERTA PIRELLI CINTURATO CROSS M TLR - Sin duda los mejores cubiertas para bicicleta del momento. Rendimiento excepcional sean cuales sean las condiciones.","robots":{"index":"index","follow":"follow","max-snippet":"max-snippet:-1","max-image-preview":"max-image-preview:large","max-video-preview":"max-video-preview:-1"},"canonical":"https:\/\/paleturquoise-herring-271034.hostingersite.com\/producto\/cubierta-pirelli-cinturato-cross-m-tlr-33mm\/","og_locale":"fr_FR","og_type":"article","og_title":"CUBIERTA PIRELLI CINTURATO CROSS M TLR - 33mm | VELOAXE","og_description":"CUBIERTA PIRELLI CINTURATO CROSS M TLR - Sin duda los mejores cubiertas para bicicleta del momento. Rendimiento excepcional sean cuales sean las condiciones.","og_url":"https:\/\/paleturquoise-herring-271034.hostingersite.com\/producto\/cubierta-pirelli-cinturato-cross-m-tlr-33mm\/","og_site_name":"Tienda de bicicletas | VELOAXE","article_publisher":"https:\/\/www.facebook.com\/veloaxe","article_modified_time":"2025-04-28T19:06:44+00:00","og_image":[{"width":800,"height":800,"url":"https:\/\/paleturquoise-herring-271034.hostingersite.com\/wp-content\/uploads\/2024\/12\/cubierta-pirelli-cinturato-cross-m.jpg","type":"image\/jpeg"}],"twitter_card":"summary_large_image","twitter_misc":{"Dur\u00e9e de lecture estim\u00e9e":"1 minute"},"schema":{"@context":"https:\/\/schema.org","@graph":[{"@type":"WebPage","@id":"https:\/\/paleturquoise-herring-271034.hostingersite.com\/producto\/cubierta-pirelli-cinturato-cross-m-tlr-33mm\/","url":"https:\/\/paleturquoise-herring-271034.hostingersite.com\/producto\/cubierta-pirelli-cinturato-cross-m-tlr-33mm\/","name":"CUBIERTA PIRELLI CINTURATO CROSS M TLR - 33mm | VELOAXE","isPartOf":{"@id":"https:\/\/veloaxe.com\/#website"},"primaryImageOfPage":{"@id":"https:\/\/paleturquoise-herring-271034.hostingersite.com\/producto\/cubierta-pirelli-cinturato-cross-m-tlr-33mm\/#primaryimage"},"image":{"@id":"https:\/\/paleturquoise-herring-271034.hostingersite.com\/producto\/cubierta-pirelli-cinturato-cross-m-tlr-33mm\/#primaryimage"},"thumbnailUrl":"https:\/\/veloaxe.com\/wp-content\/uploads\/2024\/12\/cubierta-pirelli-cinturato-cross-m.jpg","datePublished":"2024-12-02T09:44:23+00:00","dateModified":"2025-04-28T19:06:44+00:00","description":"CUBIERTA PIRELLI CINTURATO CROSS M TLR - Sin duda los mejores cubiertas para bicicleta del momento. Rendimiento excepcional sean cuales sean las condiciones.","breadcrumb":{"@id":"https:\/\/paleturquoise-herring-271034.hostingersite.com\/producto\/cubierta-pirelli-cinturato-cross-m-tlr-33mm\/#breadcrumb"},"inLanguage":"fr-FR","potentialAction":[{"@type":"ReadAction","target":["https:\/\/paleturquoise-herring-271034.hostingersite.com\/producto\/cubierta-pirelli-cinturato-cross-m-tlr-33mm\/"]}]},{"@type":"ImageObject","inLanguage":"fr-FR","@id":"https:\/\/paleturquoise-herring-271034.hostingersite.com\/producto\/cubierta-pirelli-cinturato-cross-m-tlr-33mm\/#primaryimage","url":"https:\/\/veloaxe.com\/wp-content\/uploads\/2024\/12\/cubierta-pirelli-cinturato-cross-m.jpg","contentUrl":"https:\/\/veloaxe.com\/wp-content\/uploads\/2024\/12\/cubierta-pirelli-cinturato-cross-m.jpg","width":800,"height":800,"caption":"cubierta-pirelli-cinturato-cross-m"},{"@type":"BreadcrumbList","@id":"https:\/\/paleturquoise-herring-271034.hostingersite.com\/producto\/cubierta-pirelli-cinturato-cross-m-tlr-33mm\/#breadcrumb","itemListElement":[{"@type":"ListItem","position":1,"name":"Portada","item":"https:\/\/veloaxe.com\/"},{"@type":"ListItem","position":2,"name":"Shop","item":"https:\/\/paleturquoise-herring-271034.hostingersite.com\/shop\/"},{"@type":"ListItem","position":3,"name":"CUBIERTA PIRELLI CINTURATO CROSS M TLR &#8211; 33mm"}]},{"@type":"WebSite","@id":"https:\/\/veloaxe.com\/#website","url":"https:\/\/veloaxe.com\/","name":"Boutique de v\u00e9lo en ligne | VELOAXE","description":"D\u00e9couvrez une large s\u00e9lection de v\u00e9los de haute qualit\u00e9, des mod\u00e8les urbains et de montagne aux v\u00e9los de route de pointe. Avec un service d'experts et des accessoires sp\u00e9cialis\u00e9s, nous nous engageons \u00e0 vous offrir la meilleure exp\u00e9rience de cyclisme.","publisher":{"@id":"https:\/\/veloaxe.com\/#organization"},"potentialAction":[{"@type":"SearchAction","target":{"@type":"EntryPoint","urlTemplate":"https:\/\/veloaxe.com\/?s={search_term_string}"},"query-input":{"@type":"PropertyValueSpecification","valueRequired":true,"valueName":"search_term_string"}}],"inLanguage":"fr-FR"},{"@type":"Organization","@id":"https:\/\/veloaxe.com\/#organization","name":"Boutique de v\u00e9lo en ligne | VELOAXE","url":"https:\/\/veloaxe.com\/","logo":{"@type":"ImageObject","inLanguage":"fr-FR","@id":"https:\/\/veloaxe.com\/#\/schema\/logo\/image\/","url":"https:\/\/veloaxe.com\/wp-content\/uploads\/2026\/01\/cropped-logo-1.jpg","contentUrl":"https:\/\/veloaxe.com\/wp-content\/uploads\/2026\/01\/cropped-logo-1.jpg","width":1273,"height":363,"caption":"Tienda de bicicletas | VELOAXE"},"image":{"@id":"https:\/\/veloaxe.com\/#\/schema\/logo\/image\/"},"sameAs":["https:\/\/www.facebook.com\/veloaxe"]}]}},"_links":{"self":[{"href":"https:\/\/veloaxe.com\/fr\/wp-json\/wp\/v2\/product\/17997","targetHints":{"allow":["GET"]}}],"collection":[{"href":"https:\/\/veloaxe.com\/fr\/wp-json\/wp\/v2\/product"}],"about":[{"href":"https:\/\/veloaxe.com\/fr\/wp-json\/wp\/v2\/types\/product"}],"replies":[{"embeddable":true,"href":"https:\/\/veloaxe.com\/fr\/wp-json\/wp\/v2\/comments?post=17997"}],"wp:featuredmedia":[{"embeddable":true,"href":"https:\/\/veloaxe.com\/fr\/wp-json\/wp\/v2\/media\/18001"}],"wp:attachment":[{"href":"https:\/\/veloaxe.com\/fr\/wp-json\/wp\/v2\/media?parent=17997"}],"wp:term":[{"taxonomy":"product_brand","embeddable":true,"href":"https:\/\/veloaxe.com\/fr\/wp-json\/wp\/v2\/product_brand?post=17997"},{"taxonomy":"product_cat","embeddable":true,"href":"https:\/\/veloaxe.com\/fr\/wp-json\/wp\/v2\/product_cat?post=17997"},{"taxonomy":"product_tag","embeddable":true,"href":"https:\/\/veloaxe.com\/fr\/wp-json\/wp\/v2\/product_tag?post=17997"}],"curies":[{"name":"wp","href":"https:\/\/api.w.org\/{rel}","templated":true}]}}