{"id":18004,"date":"2024-12-02T13:15:28","date_gmt":"2024-12-02T13:15:28","guid":{"rendered":"https:\/\/veloaxe.com\/?post_type=product&#038;p=18004"},"modified":"2025-04-28T19:04:32","modified_gmt":"2025-04-28T19:04:32","slug":"cubierta-pirelli-cinturato-adventure","status":"publish","type":"product","link":"https:\/\/veloaxe.com\/fr\/producto\/cubierta-pirelli-cinturato-adventure\/","title":{"rendered":"CUBIERTA PIRELLI CINTURATO ADVENTURE"},"content":{"rendered":"<p>Il <strong>Cubierta PIRELLI Cinturato Adventure<\/strong> est\u00e1 dise\u00f1ado para tu aventura en bicicleta; la banda de rodadura es m\u00e1s ligera en la parte central y m\u00e1s agresiva en los lados, siendo los tacos derivados del dise\u00f1o todoterreno orientados a favorecer la sujeci\u00f3n del ciclista fuera de carretera. El Cinturato Adventure presenta el nuevo ProWall Gravel, una carcasa tubeless-ready de 60 tpi con refuerzo adicional en la pared lateral para evitar cortes laterales, mientras que el ProCompound Gravel, gracias a su formulaci\u00f3n hecha de una mezcla de pol\u00edmeros, proporciona un kilometraje mejorado. El Cinturato Adventure es un neum\u00e1tico capaz de brindarte tracci\u00f3n y agarre en diferentes superficies.<\/p>\n<ul>\n<li>Protecci\u00f3n<\/li>\n<li>Kilometraje<\/li>\n<li>Agarre<\/li>\n<\/ul>\n<p><strong>PRO Compound Gravel :<\/strong> Esta versi\u00f3n de ProCompound es una f\u00f3rmula espec\u00edfica para gravel que prima la durabilidad y la protecci\u00f3n contra pinchazos. Derivado de la experiencia de los compuestos SmartEVO y EVO, m\u00e1s orientados a las carreras, inteligentemente ajustados para obtener un compuesto de caucho m\u00e1s fiable para aquellos que buscan un neum\u00e1tico predecible en cualquier tipo de superficie. El gravel Pro Compound consiguie un equilibrado entre agarre y durabilidad, desarrollado para los ciclistas que se enfrentan a m\u00faltiples superficies y largas distancias.<\/p>\n<p><strong>Pro WALL Gravel :<\/strong> Nuestros ingenieros han combinado h\u00e1bilmente tecnolog\u00edas derivadas de carcasas espec\u00edficas de carretera con las espec\u00edficas de MTB para obtener el nuevo ProWall Gravel. La ProWall Gravel es una carcasa multicapa reforzada tubeless-ready de 60 tpi con un refuerzo protector adicional en la pared lateral dise\u00f1ado para evitar cortes. Por lo tanto, esta tecnolog\u00eda de carcasa ofrece una mayor protecci\u00f3n contra pinchazos a la vez que ofrece una sensaci\u00f3n de conducci\u00f3n agradable en varias superficies, lo que le permite explorar nuevos caminos.<\/p>\n<p>El ProWall Gravel es una caracter\u00edstica exclusiva de Cinturato All Road &amp; Adventure<\/p>","protected":false},"excerpt":{"rendered":"<p>El Cubierta PIRELLI Cinturato Adventure est\u00e1 dise\u00f1ado para tu aventura en bicicleta; la banda de rodadura es m\u00e1s ligera en la parte central y m\u00e1s agresiva en los lados, siendo los tacos derivados del dise\u00f1o todoterreno orientados a favorecer la sujeci\u00f3n del ciclista fuera de carretera. El Cinturato Adventure presenta el nuevo ProWall Gravel, una [&hellip;]<\/p>\n","protected":false},"featured_media":18009,"comment_status":"closed","ping_status":"closed","template":"","meta":[],"product_brand":[],"product_cat":[16,222,38],"product_tag":[],"class_list":{"0":"post-18004","1":"product","2":"type-product","3":"status-publish","4":"has-post-thumbnail","6":"product_cat-carretera-gravel-bicicletas","7":"product_cat-cubierta-gravel-cx","8":"product_cat-ruedas-neumatico-tubular","9":"product_shipping_class-no-bicicletas","11":"first","12":"instock","13":"sale","14":"shipping-taxable","15":"purchasable","16":"product-type-variable"},"yoast_head":"<!-- This site is optimized with the Yoast SEO plugin v27.6 - https:\/\/yoast.com\/product\/yoast-seo-wordpress\/ -->\n<title>CUBIERTA PIRELLI CINTURATO ADVENTURE | VELOAXE<\/title>\n<meta name=\"description\" content=\"CUBIERTA PIRELLI CINTURATO ADVENTURE - Sin duda los mejores cubiertas para bicicleta del momento. Rendimiento excepcional sean cuales sean las condiciones.\" \/>\n<meta name=\"robots\" content=\"index, follow, max-snippet:-1, max-image-preview:large, max-video-preview:-1\" \/>\n<link rel=\"canonical\" href=\"https:\/\/veloaxe.com\/fr\/produit\/cubierta-pirelli-cinturato-adventure\/\" \/>\n<meta property=\"og:locale\" content=\"fr_FR\" \/>\n<meta property=\"og:type\" content=\"article\" \/>\n<meta property=\"og:title\" content=\"CUBIERTA PIRELLI CINTURATO ADVENTURE | VELOAXE\" \/>\n<meta property=\"og:description\" content=\"CUBIERTA PIRELLI CINTURATO ADVENTURE - Sin duda los mejores cubiertas para bicicleta del momento. Rendimiento excepcional sean cuales sean las condiciones.\" \/>\n<meta property=\"og:url\" content=\"https:\/\/veloaxe.com\/fr\/produit\/cubierta-pirelli-cinturato-adventure\/\" \/>\n<meta property=\"og:site_name\" content=\"Tienda de bicicletas | VELOAXE\" \/>\n<meta property=\"article:publisher\" content=\"https:\/\/www.facebook.com\/veloaxe\" \/>\n<meta property=\"article:modified_time\" content=\"2025-04-28T19:04:32+00:00\" \/>\n<meta property=\"og:image\" content=\"https:\/\/veloaxe.com\/wp-content\/uploads\/2024\/12\/cubierta-pirelli-cinturato-adventure-negro.jpg\" \/>\n\t<meta property=\"og:image:width\" content=\"800\" \/>\n\t<meta property=\"og:image:height\" content=\"800\" \/>\n\t<meta property=\"og:image:type\" content=\"image\/jpeg\" \/>\n<meta name=\"twitter:card\" content=\"summary_large_image\" \/>\n<meta name=\"twitter:label1\" content=\"Dur\u00e9e de lecture estim\u00e9e\" \/>\n\t<meta name=\"twitter:data1\" content=\"2 minutes\" \/>\n<script type=\"application\/ld+json\" class=\"yoast-schema-graph\">{\"@context\":\"https:\\\/\\\/schema.org\",\"@graph\":[{\"@type\":\"WebPage\",\"@id\":\"https:\\\/\\\/veloaxe.com\\\/producto\\\/cubierta-pirelli-cinturato-adventure\\\/\",\"url\":\"https:\\\/\\\/veloaxe.com\\\/producto\\\/cubierta-pirelli-cinturato-adventure\\\/\",\"name\":\"CUBIERTA PIRELLI CINTURATO ADVENTURE | VELOAXE\",\"isPartOf\":{\"@id\":\"https:\\\/\\\/veloaxe.com\\\/#website\"},\"primaryImageOfPage\":{\"@id\":\"https:\\\/\\\/veloaxe.com\\\/producto\\\/cubierta-pirelli-cinturato-adventure\\\/#primaryimage\"},\"image\":{\"@id\":\"https:\\\/\\\/veloaxe.com\\\/producto\\\/cubierta-pirelli-cinturato-adventure\\\/#primaryimage\"},\"thumbnailUrl\":\"https:\\\/\\\/veloaxe.com\\\/wp-content\\\/uploads\\\/2024\\\/12\\\/cubierta-pirelli-cinturato-adventure-negro.jpg\",\"datePublished\":\"2024-12-02T13:15:28+00:00\",\"dateModified\":\"2025-04-28T19:04:32+00:00\",\"description\":\"CUBIERTA PIRELLI CINTURATO ADVENTURE - Sin duda los mejores cubiertas para bicicleta del momento. Rendimiento excepcional sean cuales sean las condiciones.\",\"breadcrumb\":{\"@id\":\"https:\\\/\\\/veloaxe.com\\\/producto\\\/cubierta-pirelli-cinturato-adventure\\\/#breadcrumb\"},\"inLanguage\":\"fr-FR\",\"potentialAction\":[{\"@type\":\"ReadAction\",\"target\":[\"https:\\\/\\\/veloaxe.com\\\/producto\\\/cubierta-pirelli-cinturato-adventure\\\/\"]}]},{\"@type\":\"ImageObject\",\"inLanguage\":\"fr-FR\",\"@id\":\"https:\\\/\\\/veloaxe.com\\\/producto\\\/cubierta-pirelli-cinturato-adventure\\\/#primaryimage\",\"url\":\"https:\\\/\\\/veloaxe.com\\\/wp-content\\\/uploads\\\/2024\\\/12\\\/cubierta-pirelli-cinturato-adventure-negro.jpg\",\"contentUrl\":\"https:\\\/\\\/veloaxe.com\\\/wp-content\\\/uploads\\\/2024\\\/12\\\/cubierta-pirelli-cinturato-adventure-negro.jpg\",\"width\":800,\"height\":800,\"caption\":\"cubierta-pirelli-cinturato-adventure-negro\"},{\"@type\":\"BreadcrumbList\",\"@id\":\"https:\\\/\\\/veloaxe.com\\\/producto\\\/cubierta-pirelli-cinturato-adventure\\\/#breadcrumb\",\"itemListElement\":[{\"@type\":\"ListItem\",\"position\":1,\"name\":\"Portada\",\"item\":\"https:\\\/\\\/veloaxe.com\\\/\"},{\"@type\":\"ListItem\",\"position\":2,\"name\":\"Shop\",\"item\":\"https:\\\/\\\/paleturquoise-herring-271034.hostingersite.com\\\/shop\\\/\"},{\"@type\":\"ListItem\",\"position\":3,\"name\":\"CUBIERTA PIRELLI CINTURATO ADVENTURE\"}]},{\"@type\":\"WebSite\",\"@id\":\"https:\\\/\\\/veloaxe.com\\\/#website\",\"url\":\"https:\\\/\\\/veloaxe.com\\\/\",\"name\":\"Tienda de bicicletas | VELOAXE\",\"description\":\"Descubre una amplia selecci\u00f3n de bicicletas de alta calidad, desde modelos urbanos y de monta\u00f1a hasta bicicletas de carretera de \u00faltima generaci\u00f3n. Con un servicio experto y accesorios especializados, estamos comprometidos a brindarte la mejor experiencia ciclista.\",\"publisher\":{\"@id\":\"https:\\\/\\\/veloaxe.com\\\/#organization\"},\"potentialAction\":[{\"@type\":\"SearchAction\",\"target\":{\"@type\":\"EntryPoint\",\"urlTemplate\":\"https:\\\/\\\/veloaxe.com\\\/?s={search_term_string}\"},\"query-input\":{\"@type\":\"PropertyValueSpecification\",\"valueRequired\":true,\"valueName\":\"search_term_string\"}}],\"inLanguage\":\"fr-FR\"},{\"@type\":\"Organization\",\"@id\":\"https:\\\/\\\/veloaxe.com\\\/#organization\",\"name\":\"Tienda de bicicletas | VELOAXE\",\"url\":\"https:\\\/\\\/veloaxe.com\\\/\",\"logo\":{\"@type\":\"ImageObject\",\"inLanguage\":\"fr-FR\",\"@id\":\"https:\\\/\\\/veloaxe.com\\\/#\\\/schema\\\/logo\\\/image\\\/\",\"url\":\"https:\\\/\\\/veloaxe.com\\\/wp-content\\\/uploads\\\/2026\\\/01\\\/cropped-logo-1.jpg\",\"contentUrl\":\"https:\\\/\\\/veloaxe.com\\\/wp-content\\\/uploads\\\/2026\\\/01\\\/cropped-logo-1.jpg\",\"width\":1273,\"height\":363,\"caption\":\"Tienda de bicicletas | VELOAXE\"},\"image\":{\"@id\":\"https:\\\/\\\/veloaxe.com\\\/#\\\/schema\\\/logo\\\/image\\\/\"},\"sameAs\":[\"https:\\\/\\\/www.facebook.com\\\/veloaxe\"]}]}<\/script>\n<!-- \/ Yoast SEO plugin. -->","yoast_head_json":{"title":"CUBIERTA PIRELLI CINTURATO ADVENTURE | VELOAXE","description":"CUBIERTA PIRELLI CINTURATO ADVENTURE - Sin duda los mejores cubiertas para bicicleta del momento. Rendimiento excepcional sean cuales sean las condiciones.","robots":{"index":"index","follow":"follow","max-snippet":"max-snippet:-1","max-image-preview":"max-image-preview:large","max-video-preview":"max-video-preview:-1"},"canonical":"https:\/\/veloaxe.com\/fr\/produit\/cubierta-pirelli-cinturato-adventure\/","og_locale":"fr_FR","og_type":"article","og_title":"CUBIERTA PIRELLI CINTURATO ADVENTURE | VELOAXE","og_description":"CUBIERTA PIRELLI CINTURATO ADVENTURE - Sin duda los mejores cubiertas para bicicleta del momento. Rendimiento excepcional sean cuales sean las condiciones.","og_url":"https:\/\/veloaxe.com\/fr\/produit\/cubierta-pirelli-cinturato-adventure\/","og_site_name":"Tienda de bicicletas | VELOAXE","article_publisher":"https:\/\/www.facebook.com\/veloaxe","article_modified_time":"2025-04-28T19:04:32+00:00","og_image":[{"width":800,"height":800,"url":"https:\/\/veloaxe.com\/wp-content\/uploads\/2024\/12\/cubierta-pirelli-cinturato-adventure-negro.jpg","type":"image\/jpeg"}],"twitter_card":"summary_large_image","twitter_misc":{"Dur\u00e9e de lecture estim\u00e9e":"2 minutes"},"schema":{"@context":"https:\/\/schema.org","@graph":[{"@type":"WebPage","@id":"https:\/\/veloaxe.com\/producto\/cubierta-pirelli-cinturato-adventure\/","url":"https:\/\/veloaxe.com\/producto\/cubierta-pirelli-cinturato-adventure\/","name":"CUBIERTA PIRELLI CINTURATO ADVENTURE | VELOAXE","isPartOf":{"@id":"https:\/\/veloaxe.com\/#website"},"primaryImageOfPage":{"@id":"https:\/\/veloaxe.com\/producto\/cubierta-pirelli-cinturato-adventure\/#primaryimage"},"image":{"@id":"https:\/\/veloaxe.com\/producto\/cubierta-pirelli-cinturato-adventure\/#primaryimage"},"thumbnailUrl":"https:\/\/veloaxe.com\/wp-content\/uploads\/2024\/12\/cubierta-pirelli-cinturato-adventure-negro.jpg","datePublished":"2024-12-02T13:15:28+00:00","dateModified":"2025-04-28T19:04:32+00:00","description":"CUBIERTA PIRELLI CINTURATO ADVENTURE - Sin duda los mejores cubiertas para bicicleta del momento. Rendimiento excepcional sean cuales sean las condiciones.","breadcrumb":{"@id":"https:\/\/veloaxe.com\/producto\/cubierta-pirelli-cinturato-adventure\/#breadcrumb"},"inLanguage":"fr-FR","potentialAction":[{"@type":"ReadAction","target":["https:\/\/veloaxe.com\/producto\/cubierta-pirelli-cinturato-adventure\/"]}]},{"@type":"ImageObject","inLanguage":"fr-FR","@id":"https:\/\/veloaxe.com\/producto\/cubierta-pirelli-cinturato-adventure\/#primaryimage","url":"https:\/\/veloaxe.com\/wp-content\/uploads\/2024\/12\/cubierta-pirelli-cinturato-adventure-negro.jpg","contentUrl":"https:\/\/veloaxe.com\/wp-content\/uploads\/2024\/12\/cubierta-pirelli-cinturato-adventure-negro.jpg","width":800,"height":800,"caption":"cubierta-pirelli-cinturato-adventure-negro"},{"@type":"BreadcrumbList","@id":"https:\/\/veloaxe.com\/producto\/cubierta-pirelli-cinturato-adventure\/#breadcrumb","itemListElement":[{"@type":"ListItem","position":1,"name":"Portada","item":"https:\/\/veloaxe.com\/"},{"@type":"ListItem","position":2,"name":"Shop","item":"https:\/\/paleturquoise-herring-271034.hostingersite.com\/shop\/"},{"@type":"ListItem","position":3,"name":"CUBIERTA PIRELLI CINTURATO ADVENTURE"}]},{"@type":"WebSite","@id":"https:\/\/veloaxe.com\/#website","url":"https:\/\/veloaxe.com\/","name":"Boutique de v\u00e9lo en ligne | VELOAXE","description":"D\u00e9couvrez une large s\u00e9lection de v\u00e9los de haute qualit\u00e9, des mod\u00e8les urbains et de montagne aux v\u00e9los de route de pointe. Avec un service d'experts et des accessoires sp\u00e9cialis\u00e9s, nous nous engageons \u00e0 vous offrir la meilleure exp\u00e9rience de cyclisme.","publisher":{"@id":"https:\/\/veloaxe.com\/#organization"},"potentialAction":[{"@type":"SearchAction","target":{"@type":"EntryPoint","urlTemplate":"https:\/\/veloaxe.com\/?s={search_term_string}"},"query-input":{"@type":"PropertyValueSpecification","valueRequired":true,"valueName":"search_term_string"}}],"inLanguage":"fr-FR"},{"@type":"Organization","@id":"https:\/\/veloaxe.com\/#organization","name":"Boutique de v\u00e9lo en ligne | VELOAXE","url":"https:\/\/veloaxe.com\/","logo":{"@type":"ImageObject","inLanguage":"fr-FR","@id":"https:\/\/veloaxe.com\/#\/schema\/logo\/image\/","url":"https:\/\/veloaxe.com\/wp-content\/uploads\/2026\/01\/cropped-logo-1.jpg","contentUrl":"https:\/\/veloaxe.com\/wp-content\/uploads\/2026\/01\/cropped-logo-1.jpg","width":1273,"height":363,"caption":"Tienda de bicicletas | VELOAXE"},"image":{"@id":"https:\/\/veloaxe.com\/#\/schema\/logo\/image\/"},"sameAs":["https:\/\/www.facebook.com\/veloaxe"]}]}},"_links":{"self":[{"href":"https:\/\/veloaxe.com\/fr\/wp-json\/wp\/v2\/product\/18004","targetHints":{"allow":["GET"]}}],"collection":[{"href":"https:\/\/veloaxe.com\/fr\/wp-json\/wp\/v2\/product"}],"about":[{"href":"https:\/\/veloaxe.com\/fr\/wp-json\/wp\/v2\/types\/product"}],"replies":[{"embeddable":true,"href":"https:\/\/veloaxe.com\/fr\/wp-json\/wp\/v2\/comments?post=18004"}],"wp:featuredmedia":[{"embeddable":true,"href":"https:\/\/veloaxe.com\/fr\/wp-json\/wp\/v2\/media\/18009"}],"wp:attachment":[{"href":"https:\/\/veloaxe.com\/fr\/wp-json\/wp\/v2\/media?parent=18004"}],"wp:term":[{"taxonomy":"product_brand","embeddable":true,"href":"https:\/\/veloaxe.com\/fr\/wp-json\/wp\/v2\/product_brand?post=18004"},{"taxonomy":"product_cat","embeddable":true,"href":"https:\/\/veloaxe.com\/fr\/wp-json\/wp\/v2\/product_cat?post=18004"},{"taxonomy":"product_tag","embeddable":true,"href":"https:\/\/veloaxe.com\/fr\/wp-json\/wp\/v2\/product_tag?post=18004"}],"curies":[{"name":"wp","href":"https:\/\/api.w.org\/{rel}","templated":true}]}}