{"id":18054,"date":"2024-12-06T11:00:31","date_gmt":"2024-12-06T11:00:31","guid":{"rendered":"https:\/\/veloaxe.com\/?post_type=product&#038;p=18054"},"modified":"2025-04-28T18:41:15","modified_gmt":"2025-04-28T18:41:15","slug":"cubierta-pirelli-cinturato-gravel-rc","status":"publish","type":"product","link":"https:\/\/veloaxe.com\/fr\/producto\/cubierta-pirelli-cinturato-gravel-rc\/","title":{"rendered":"CUBIERTA PIRELLI CINTURATO GRAVEL RC"},"content":{"rendered":"<p>Il <strong>Cubierta PIRELLI Cinturato Gravel RC<\/strong> es el cubierta espec\u00edfico para carreras de gravel, derivado de nuestra experiencia en las competiciones m\u00e1s importantes del mundo y las aportaciones de nuestros atletas profesionales. El dise\u00f1o de la banda de rodadura est\u00e1 inspirado en el Scorpion\u2122 XC RC y se centra en dos caracter\u00edsticas clave: mayor velocidad en rectas y senderos r\u00e1pidos y el agarre lateral mejorado en las curvas. El <strong>Cubierta PIRELLI Cinturato Gravel RC<\/strong> es compatible con llantas hookless seg\u00fan el l\u00edmite de presi\u00f3n m\u00e1xima de 5 bar\/73 psi de ETRTO.<\/p>\n<ul>\n<li>COMPETICI\u00d3N<\/li>\n<li>VELOCIDAD<\/li>\n<li>RESISTENCIA A LOS PINCHAZOS<\/li>\n<li>TUBELESS V\u00c9LO<\/li>\n<\/ul>\n<p><strong>Speed GRIP Compound :<\/strong> El compuesto SpeedGRIP es una f\u00f3rmula de caucho espec\u00edfica para gravel nacida de la experiencia de Pirelli en el Campeonato Mundial de Rally, donde las prestaciones de velocidad y agarre dentro y fuera de la carretera son cruciales. Esta formulaci\u00f3n qu\u00edmica se basa en la matriz de pol\u00edmero del compuesto SmartGRIP espec\u00edfico para MTB al tiempo que reduce su resistencia a la rodadura. La aplicaci\u00f3n de gravel requiere una buena velocidad y capacidades dentro y fuera de la carretera, por esta raz\u00f3n, nuestros ingenieros ajustaron las caracter\u00edsticas del compuesto para lograr una mejor eficiencia energ\u00e9tica con un peque\u00f1o coproetiendo poco el agarre, el resultado es un compuesto predecible con un desempe\u00f1o s\u00f3lido dentro y fuera de la carretera.<\/p>\n<p><strong>Tech WALL Gravel :<\/strong> Nuestros ingenieros combinaron sabiamente las tecnolog\u00edas derivadas de las carcasas reforzadas espec\u00edficas de carretera con las carcasas espec\u00edficas de MTB para obtener nuestra carcasa de gravel m\u00e1s avanzada cuyo rendimiento se obtiene con el uso de refuerzos de tela especiales y capas m\u00e1s gruesas de caucho en \u00e1reas espec\u00edficas del neum\u00e1tico. En la carretera, la mayor\u00eda de los pinchazos son causados \u200b\u200bpor la penetraci\u00f3n de objetos afilados, mientras que fuera de la carretera, los pinchazos m\u00e1s comunes son causados \u200b\u200bpor cortes en las paredes laterales, por esta raz\u00f3n, TechWALL Gravel presenta una tela resistente a los cortes de 120 tpi en todo el per\u00edmetro del neum\u00e1tico. ofreciendo una sensaci\u00f3n de conducci\u00f3n flexible.<\/p>","protected":false},"excerpt":{"rendered":"<p>El Cubierta PIRELLI Cinturato Gravel RC es el cubierta espec\u00edfico para carreras de gravel, derivado de nuestra experiencia en las competiciones m\u00e1s importantes del mundo y las aportaciones de nuestros atletas profesionales. El dise\u00f1o de la banda de rodadura est\u00e1 inspirado en el Scorpion\u2122 XC RC y se centra en dos caracter\u00edsticas clave: mayor velocidad [&hellip;]<\/p>\n","protected":false},"featured_media":18062,"comment_status":"closed","ping_status":"closed","template":"","meta":[],"product_brand":[],"product_cat":[16,222,38],"product_tag":[],"class_list":{"0":"post-18054","1":"product","2":"type-product","3":"status-publish","4":"has-post-thumbnail","6":"product_cat-carretera-gravel-bicicletas","7":"product_cat-cubierta-gravel-cx","8":"product_cat-ruedas-neumatico-tubular","9":"product_shipping_class-no-bicicletas","11":"first","12":"instock","13":"sale","14":"shipping-taxable","15":"purchasable","16":"product-type-variable"},"yoast_head":"<!-- This site is optimized with the Yoast SEO plugin v27.6 - https:\/\/yoast.com\/product\/yoast-seo-wordpress\/ -->\n<title>CUBIERTA PIRELLI CINTURATO GRAVEL RC | VELOAXE<\/title>\n<meta name=\"description\" content=\"CUBIERTA PIRELLI CINTURATO GRAVEL RC - Sin duda los mejores cubiertas para bicicleta del momento. Rendimiento excepcional sean cuales sean las condiciones.\" \/>\n<meta name=\"robots\" content=\"index, follow, max-snippet:-1, max-image-preview:large, max-video-preview:-1\" \/>\n<link rel=\"canonical\" href=\"https:\/\/veloaxe.com\/fr\/produit\/cubierta-pirelli-cinturato-gravel-rc\/\" \/>\n<meta property=\"og:locale\" content=\"fr_FR\" \/>\n<meta property=\"og:type\" content=\"article\" \/>\n<meta property=\"og:title\" content=\"CUBIERTA PIRELLI CINTURATO GRAVEL RC | VELOAXE\" \/>\n<meta property=\"og:description\" content=\"CUBIERTA PIRELLI CINTURATO GRAVEL RC - Sin duda los mejores cubiertas para bicicleta del momento. Rendimiento excepcional sean cuales sean las condiciones.\" \/>\n<meta property=\"og:url\" content=\"https:\/\/veloaxe.com\/fr\/produit\/cubierta-pirelli-cinturato-gravel-rc\/\" \/>\n<meta property=\"og:site_name\" content=\"Tienda de bicicletas | VELOAXE\" \/>\n<meta property=\"article:publisher\" content=\"https:\/\/www.facebook.com\/veloaxe\" \/>\n<meta property=\"article:modified_time\" content=\"2025-04-28T18:41:15+00:00\" \/>\n<meta property=\"og:image\" content=\"https:\/\/veloaxe.com\/wp-content\/uploads\/2024\/12\/cubierta-pirelli-cinturato-gravel-rc-classic.jpg\" \/>\n\t<meta property=\"og:image:width\" content=\"800\" \/>\n\t<meta property=\"og:image:height\" content=\"800\" \/>\n\t<meta property=\"og:image:type\" content=\"image\/jpeg\" \/>\n<meta name=\"twitter:card\" content=\"summary_large_image\" \/>\n<meta name=\"twitter:label1\" content=\"Dur\u00e9e de lecture estim\u00e9e\" \/>\n\t<meta name=\"twitter:data1\" content=\"2 minutes\" \/>\n<script type=\"application\/ld+json\" class=\"yoast-schema-graph\">{\"@context\":\"https:\\\/\\\/schema.org\",\"@graph\":[{\"@type\":\"WebPage\",\"@id\":\"https:\\\/\\\/veloaxe.com\\\/producto\\\/cubierta-pirelli-cinturato-gravel-rc\\\/\",\"url\":\"https:\\\/\\\/veloaxe.com\\\/producto\\\/cubierta-pirelli-cinturato-gravel-rc\\\/\",\"name\":\"CUBIERTA PIRELLI CINTURATO GRAVEL RC | VELOAXE\",\"isPartOf\":{\"@id\":\"https:\\\/\\\/veloaxe.com\\\/#website\"},\"primaryImageOfPage\":{\"@id\":\"https:\\\/\\\/veloaxe.com\\\/producto\\\/cubierta-pirelli-cinturato-gravel-rc\\\/#primaryimage\"},\"image\":{\"@id\":\"https:\\\/\\\/veloaxe.com\\\/producto\\\/cubierta-pirelli-cinturato-gravel-rc\\\/#primaryimage\"},\"thumbnailUrl\":\"https:\\\/\\\/veloaxe.com\\\/wp-content\\\/uploads\\\/2024\\\/12\\\/cubierta-pirelli-cinturato-gravel-rc-classic.jpg\",\"datePublished\":\"2024-12-06T11:00:31+00:00\",\"dateModified\":\"2025-04-28T18:41:15+00:00\",\"description\":\"CUBIERTA PIRELLI CINTURATO GRAVEL RC - Sin duda los mejores cubiertas para bicicleta del momento. Rendimiento excepcional sean cuales sean las condiciones.\",\"breadcrumb\":{\"@id\":\"https:\\\/\\\/veloaxe.com\\\/producto\\\/cubierta-pirelli-cinturato-gravel-rc\\\/#breadcrumb\"},\"inLanguage\":\"fr-FR\",\"potentialAction\":[{\"@type\":\"ReadAction\",\"target\":[\"https:\\\/\\\/veloaxe.com\\\/producto\\\/cubierta-pirelli-cinturato-gravel-rc\\\/\"]}]},{\"@type\":\"ImageObject\",\"inLanguage\":\"fr-FR\",\"@id\":\"https:\\\/\\\/veloaxe.com\\\/producto\\\/cubierta-pirelli-cinturato-gravel-rc\\\/#primaryimage\",\"url\":\"https:\\\/\\\/veloaxe.com\\\/wp-content\\\/uploads\\\/2024\\\/12\\\/cubierta-pirelli-cinturato-gravel-rc-classic.jpg\",\"contentUrl\":\"https:\\\/\\\/veloaxe.com\\\/wp-content\\\/uploads\\\/2024\\\/12\\\/cubierta-pirelli-cinturato-gravel-rc-classic.jpg\",\"width\":800,\"height\":800,\"caption\":\"cubierta-pirelli-cinturato-gravel-rc-classic\"},{\"@type\":\"BreadcrumbList\",\"@id\":\"https:\\\/\\\/veloaxe.com\\\/producto\\\/cubierta-pirelli-cinturato-gravel-rc\\\/#breadcrumb\",\"itemListElement\":[{\"@type\":\"ListItem\",\"position\":1,\"name\":\"Portada\",\"item\":\"https:\\\/\\\/veloaxe.com\\\/\"},{\"@type\":\"ListItem\",\"position\":2,\"name\":\"Shop\",\"item\":\"https:\\\/\\\/paleturquoise-herring-271034.hostingersite.com\\\/shop\\\/\"},{\"@type\":\"ListItem\",\"position\":3,\"name\":\"CUBIERTA PIRELLI CINTURATO GRAVEL RC\"}]},{\"@type\":\"WebSite\",\"@id\":\"https:\\\/\\\/veloaxe.com\\\/#website\",\"url\":\"https:\\\/\\\/veloaxe.com\\\/\",\"name\":\"Tienda de bicicletas | VELOAXE\",\"description\":\"Descubre una amplia selecci\u00f3n de bicicletas de alta calidad, desde modelos urbanos y de monta\u00f1a hasta bicicletas de carretera de \u00faltima generaci\u00f3n. Con un servicio experto y accesorios especializados, estamos comprometidos a brindarte la mejor experiencia ciclista.\",\"publisher\":{\"@id\":\"https:\\\/\\\/veloaxe.com\\\/#organization\"},\"potentialAction\":[{\"@type\":\"SearchAction\",\"target\":{\"@type\":\"EntryPoint\",\"urlTemplate\":\"https:\\\/\\\/veloaxe.com\\\/?s={search_term_string}\"},\"query-input\":{\"@type\":\"PropertyValueSpecification\",\"valueRequired\":true,\"valueName\":\"search_term_string\"}}],\"inLanguage\":\"fr-FR\"},{\"@type\":\"Organization\",\"@id\":\"https:\\\/\\\/veloaxe.com\\\/#organization\",\"name\":\"Tienda de bicicletas | VELOAXE\",\"url\":\"https:\\\/\\\/veloaxe.com\\\/\",\"logo\":{\"@type\":\"ImageObject\",\"inLanguage\":\"fr-FR\",\"@id\":\"https:\\\/\\\/veloaxe.com\\\/#\\\/schema\\\/logo\\\/image\\\/\",\"url\":\"https:\\\/\\\/veloaxe.com\\\/wp-content\\\/uploads\\\/2026\\\/01\\\/cropped-logo-1.jpg\",\"contentUrl\":\"https:\\\/\\\/veloaxe.com\\\/wp-content\\\/uploads\\\/2026\\\/01\\\/cropped-logo-1.jpg\",\"width\":1273,\"height\":363,\"caption\":\"Tienda de bicicletas | VELOAXE\"},\"image\":{\"@id\":\"https:\\\/\\\/veloaxe.com\\\/#\\\/schema\\\/logo\\\/image\\\/\"},\"sameAs\":[\"https:\\\/\\\/www.facebook.com\\\/veloaxe\"]}]}<\/script>\n<!-- \/ Yoast SEO plugin. -->","yoast_head_json":{"title":"CUBIERTA PIRELLI CINTURATO GRAVEL RC | VELOAXE","description":"CUBIERTA PIRELLI CINTURATO GRAVEL RC - Sin duda los mejores cubiertas para bicicleta del momento. Rendimiento excepcional sean cuales sean las condiciones.","robots":{"index":"index","follow":"follow","max-snippet":"max-snippet:-1","max-image-preview":"max-image-preview:large","max-video-preview":"max-video-preview:-1"},"canonical":"https:\/\/veloaxe.com\/fr\/produit\/cubierta-pirelli-cinturato-gravel-rc\/","og_locale":"fr_FR","og_type":"article","og_title":"CUBIERTA PIRELLI CINTURATO GRAVEL RC | VELOAXE","og_description":"CUBIERTA PIRELLI CINTURATO GRAVEL RC - Sin duda los mejores cubiertas para bicicleta del momento. Rendimiento excepcional sean cuales sean las condiciones.","og_url":"https:\/\/veloaxe.com\/fr\/produit\/cubierta-pirelli-cinturato-gravel-rc\/","og_site_name":"Tienda de bicicletas | VELOAXE","article_publisher":"https:\/\/www.facebook.com\/veloaxe","article_modified_time":"2025-04-28T18:41:15+00:00","og_image":[{"width":800,"height":800,"url":"https:\/\/veloaxe.com\/wp-content\/uploads\/2024\/12\/cubierta-pirelli-cinturato-gravel-rc-classic.jpg","type":"image\/jpeg"}],"twitter_card":"summary_large_image","twitter_misc":{"Dur\u00e9e de lecture estim\u00e9e":"2 minutes"},"schema":{"@context":"https:\/\/schema.org","@graph":[{"@type":"WebPage","@id":"https:\/\/veloaxe.com\/producto\/cubierta-pirelli-cinturato-gravel-rc\/","url":"https:\/\/veloaxe.com\/producto\/cubierta-pirelli-cinturato-gravel-rc\/","name":"CUBIERTA PIRELLI CINTURATO GRAVEL RC | VELOAXE","isPartOf":{"@id":"https:\/\/veloaxe.com\/#website"},"primaryImageOfPage":{"@id":"https:\/\/veloaxe.com\/producto\/cubierta-pirelli-cinturato-gravel-rc\/#primaryimage"},"image":{"@id":"https:\/\/veloaxe.com\/producto\/cubierta-pirelli-cinturato-gravel-rc\/#primaryimage"},"thumbnailUrl":"https:\/\/veloaxe.com\/wp-content\/uploads\/2024\/12\/cubierta-pirelli-cinturato-gravel-rc-classic.jpg","datePublished":"2024-12-06T11:00:31+00:00","dateModified":"2025-04-28T18:41:15+00:00","description":"CUBIERTA PIRELLI CINTURATO GRAVEL RC - Sin duda los mejores cubiertas para bicicleta del momento. Rendimiento excepcional sean cuales sean las condiciones.","breadcrumb":{"@id":"https:\/\/veloaxe.com\/producto\/cubierta-pirelli-cinturato-gravel-rc\/#breadcrumb"},"inLanguage":"fr-FR","potentialAction":[{"@type":"ReadAction","target":["https:\/\/veloaxe.com\/producto\/cubierta-pirelli-cinturato-gravel-rc\/"]}]},{"@type":"ImageObject","inLanguage":"fr-FR","@id":"https:\/\/veloaxe.com\/producto\/cubierta-pirelli-cinturato-gravel-rc\/#primaryimage","url":"https:\/\/veloaxe.com\/wp-content\/uploads\/2024\/12\/cubierta-pirelli-cinturato-gravel-rc-classic.jpg","contentUrl":"https:\/\/veloaxe.com\/wp-content\/uploads\/2024\/12\/cubierta-pirelli-cinturato-gravel-rc-classic.jpg","width":800,"height":800,"caption":"cubierta-pirelli-cinturato-gravel-rc-classic"},{"@type":"BreadcrumbList","@id":"https:\/\/veloaxe.com\/producto\/cubierta-pirelli-cinturato-gravel-rc\/#breadcrumb","itemListElement":[{"@type":"ListItem","position":1,"name":"Portada","item":"https:\/\/veloaxe.com\/"},{"@type":"ListItem","position":2,"name":"Shop","item":"https:\/\/paleturquoise-herring-271034.hostingersite.com\/shop\/"},{"@type":"ListItem","position":3,"name":"CUBIERTA PIRELLI CINTURATO GRAVEL RC"}]},{"@type":"WebSite","@id":"https:\/\/veloaxe.com\/#website","url":"https:\/\/veloaxe.com\/","name":"Boutique de v\u00e9lo en ligne | VELOAXE","description":"D\u00e9couvrez une large s\u00e9lection de v\u00e9los de haute qualit\u00e9, des mod\u00e8les urbains et de montagne aux v\u00e9los de route de pointe. Avec un service d'experts et des accessoires sp\u00e9cialis\u00e9s, nous nous engageons \u00e0 vous offrir la meilleure exp\u00e9rience de cyclisme.","publisher":{"@id":"https:\/\/veloaxe.com\/#organization"},"potentialAction":[{"@type":"SearchAction","target":{"@type":"EntryPoint","urlTemplate":"https:\/\/veloaxe.com\/?s={search_term_string}"},"query-input":{"@type":"PropertyValueSpecification","valueRequired":true,"valueName":"search_term_string"}}],"inLanguage":"fr-FR"},{"@type":"Organization","@id":"https:\/\/veloaxe.com\/#organization","name":"Boutique de v\u00e9lo en ligne | VELOAXE","url":"https:\/\/veloaxe.com\/","logo":{"@type":"ImageObject","inLanguage":"fr-FR","@id":"https:\/\/veloaxe.com\/#\/schema\/logo\/image\/","url":"https:\/\/veloaxe.com\/wp-content\/uploads\/2026\/01\/cropped-logo-1.jpg","contentUrl":"https:\/\/veloaxe.com\/wp-content\/uploads\/2026\/01\/cropped-logo-1.jpg","width":1273,"height":363,"caption":"Tienda de bicicletas | VELOAXE"},"image":{"@id":"https:\/\/veloaxe.com\/#\/schema\/logo\/image\/"},"sameAs":["https:\/\/www.facebook.com\/veloaxe"]}]}},"_links":{"self":[{"href":"https:\/\/veloaxe.com\/fr\/wp-json\/wp\/v2\/product\/18054","targetHints":{"allow":["GET"]}}],"collection":[{"href":"https:\/\/veloaxe.com\/fr\/wp-json\/wp\/v2\/product"}],"about":[{"href":"https:\/\/veloaxe.com\/fr\/wp-json\/wp\/v2\/types\/product"}],"replies":[{"embeddable":true,"href":"https:\/\/veloaxe.com\/fr\/wp-json\/wp\/v2\/comments?post=18054"}],"wp:featuredmedia":[{"embeddable":true,"href":"https:\/\/veloaxe.com\/fr\/wp-json\/wp\/v2\/media\/18062"}],"wp:attachment":[{"href":"https:\/\/veloaxe.com\/fr\/wp-json\/wp\/v2\/media?parent=18054"}],"wp:term":[{"taxonomy":"product_brand","embeddable":true,"href":"https:\/\/veloaxe.com\/fr\/wp-json\/wp\/v2\/product_brand?post=18054"},{"taxonomy":"product_cat","embeddable":true,"href":"https:\/\/veloaxe.com\/fr\/wp-json\/wp\/v2\/product_cat?post=18054"},{"taxonomy":"product_tag","embeddable":true,"href":"https:\/\/veloaxe.com\/fr\/wp-json\/wp\/v2\/product_tag?post=18054"}],"curies":[{"name":"wp","href":"https:\/\/api.w.org\/{rel}","templated":true}]}}