{"id":18316,"date":"2024-12-12T13:51:21","date_gmt":"2024-12-12T13:51:21","guid":{"rendered":"https:\/\/veloaxe.com\/?post_type=product&#038;p=18316"},"modified":"2025-04-25T05:37:56","modified_gmt":"2025-04-25T05:37:56","slug":"cubierta-american-classic-grus-tubeless-gravel","status":"publish","type":"product","link":"https:\/\/veloaxe.com\/fr\/producto\/cubierta-american-classic-grus-tubeless-gravel\/","title":{"rendered":"CUBIERTA AMERICAN CLASSIC GRUS TUBELESS GRAVEL"},"content":{"rendered":"<p>Inspirado en los fragmentos de arena y grava que cubren la mayor\u00eda de los campos de carreras de gravel, el <strong>American Classic Grus<\/strong> est\u00e1 dise\u00f1ado para brindar a los atletas la ventaja que necesitan para afrontar cualquier terreno. Su banda de rodadura central estrechamente espaciada ofrece mayores velocidades de rodadura en secciones rectas, mientras que los agresivos tacos en forma de gancho proporcionan control lateral en las curvas de alta velocidad y mejoran el agarre en terrenos accidentados. Adem\u00e1s, las perillas de transici\u00f3n abiertas evitan la acumulaci\u00f3n de barro y arena. Con una carcasa <strong>Tubeless Ready 120 TPI<\/strong>, Stage 5S Armor resistente a la abrasi\u00f3n y los cortes y compuestos de banda de rodadura Rubberforce G de American Classic, el Grus est\u00e1 listo para enfrentar una amplia gama de condiciones a velocidades de carrera. No dejes que el terreno desafiante te frene: actualiza al American Classic Grus y experimenta lo \u00faltimo en velocidad, control y rendimiento.<\/p>\n<p>&nbsp;<\/p>\n<p><strong>Rubberforce G<\/strong> es nuestra familia de compuestos para bandas de rodadura dise\u00f1ados para neum\u00e1ticos todoterreno y de grava American Classic. La alta estructura y la alta superficie espec\u00edfica (SSA) del negro de humo proporcionan una excelente resistencia a la abrasi\u00f3n, alta resistencia a la tracci\u00f3n y buena resistencia a desgarros y cortes para aventuras todoterreno. Los compuestos finales son espec\u00edficos para el tipo de conducci\u00f3n previsto del modelo de neum\u00e1tico espec\u00edfico.<\/p>\n<p><strong>Stage 5S Armor<\/strong> es la construcci\u00f3n de neum\u00e1tico espec\u00edfica para gravel de American Classic que combina telas de carcasa de 120 TPI, compuestos de banda de rodadura Rubberforce G, un revestimiento listo para usar sin c\u00e1mara y un tejido Nylon105 de tal\u00f3n a tal\u00f3n que proporciona un neum\u00e1tico m\u00e1s liviano, m\u00e1s r\u00e1pido y con m\u00e1s cortes y desgarros. y resistente a la abrasi\u00f3n que nuestra protecci\u00f3n plana Stage 5S original.<\/p>\n<p>Los cubiertas <strong>Tubeless Ready<\/strong> son similares a los cubiertas modernos para autom\u00f3viles y motocicletas. Est\u00e1n dise\u00f1ados para funcionar sin c\u00e1mara de aire y fijarse a la llanta mediante talones espec\u00edficos en el neum\u00e1tico y la llanta. Los sistemas Tubeless Ready modernos utilizan una combinaci\u00f3n de una llanta y un fondo de llanta espec\u00edficos para tubeless, una carcasa y un tal\u00f3n herm\u00e9ticos en el neum\u00e1tico, un v\u00e1stago de v\u00e1lvula tubeless y un sellador. Nuestros neum\u00e1ticos Tubeless Ready se pueden utilizar en llantas de cubierta tradicionales. Sin embargo, deben usarse junto con una c\u00e1mara de aire del tama\u00f1o adecuado.<\/p>\n<p>Los cubiertas <strong>American Classic Tubeless Ready<\/strong> siguen las normas E.T.R.T.O. normas para neum\u00e1ticos y llantas para cubierta. Para uso sin c\u00e1mara, requieren una llanta sin c\u00e1mara que cumpla con esos est\u00e1ndares. Tambi\u00e9n se pueden utilizar en llantas para cubierta sin c\u00e1mara siempre que la llanta cumpla con los est\u00e1ndares mencionados anteriormente y se utilicen con una c\u00e1mara de aire del tama\u00f1o adecuado.<\/p>\n<p>&nbsp;<\/p>","protected":false},"excerpt":{"rendered":"<p>Inspirado en los fragmentos de arena y grava que cubren la mayor\u00eda de los campos de carreras de gravel, el American Classic Grus est\u00e1 dise\u00f1ado para brindar a los atletas la ventaja que necesitan para afrontar cualquier terreno. Su banda de rodadura central estrechamente espaciada ofrece mayores velocidades de rodadura en secciones rectas, mientras que [&hellip;]<\/p>\n","protected":false},"featured_media":18319,"comment_status":"closed","ping_status":"closed","template":"","meta":[],"product_brand":[],"product_cat":[16,222,38],"product_tag":[],"class_list":{"0":"post-18316","1":"product","2":"type-product","3":"status-publish","4":"has-post-thumbnail","6":"product_cat-carretera-gravel-bicicletas","7":"product_cat-cubierta-gravel-cx","8":"product_cat-ruedas-neumatico-tubular","9":"product_shipping_class-no-bicicletas","11":"first","12":"instock","13":"sale","14":"shipping-taxable","15":"purchasable","16":"product-type-variable"},"yoast_head":"<!-- This site is optimized with the Yoast SEO plugin v27.6 - https:\/\/yoast.com\/product\/yoast-seo-wordpress\/ -->\n<title>CUBIERTA AMERICAN CLASSIC GRUS TUBELESS GRAVEL | VELOAXE.COM<\/title>\n<meta name=\"description\" content=\"CUBIERTA AMERICAN CLASSIC GRUS TUBELESS GRAVEL - Toda la gama AMERICAN CLASSIC est\u00e1 disponible en nuestro sitio, Cubiertas Gravel \/ VTT o Carretera.\" \/>\n<meta name=\"robots\" content=\"index, follow, max-snippet:-1, max-image-preview:large, max-video-preview:-1\" \/>\n<link rel=\"canonical\" href=\"https:\/\/veloaxe.com\/fr\/produit\/cubierta-american-classic-grus-tubeless-gravel\/\" \/>\n<meta property=\"og:locale\" content=\"fr_FR\" \/>\n<meta property=\"og:type\" content=\"article\" \/>\n<meta property=\"og:title\" content=\"CUBIERTA AMERICAN CLASSIC GRUS TUBELESS GRAVEL | VELOAXE.COM\" \/>\n<meta property=\"og:description\" content=\"CUBIERTA AMERICAN CLASSIC GRUS TUBELESS GRAVEL - Toda la gama AMERICAN CLASSIC est\u00e1 disponible en nuestro sitio, Cubiertas Gravel \/ VTT o Carretera.\" \/>\n<meta property=\"og:url\" content=\"https:\/\/veloaxe.com\/fr\/produit\/cubierta-american-classic-grus-tubeless-gravel\/\" \/>\n<meta property=\"og:site_name\" content=\"Tienda de bicicletas | VELOAXE\" \/>\n<meta property=\"article:publisher\" content=\"https:\/\/www.facebook.com\/veloaxe\" \/>\n<meta property=\"article:modified_time\" content=\"2025-04-25T05:37:56+00:00\" \/>\n<meta property=\"og:image\" content=\"https:\/\/veloaxe.com\/wp-content\/uploads\/2024\/12\/cubierta-american-classic-grus-tubeless.jpg\" \/>\n\t<meta property=\"og:image:width\" content=\"800\" \/>\n\t<meta property=\"og:image:height\" content=\"800\" \/>\n\t<meta property=\"og:image:type\" content=\"image\/jpeg\" \/>\n<meta name=\"twitter:card\" content=\"summary_large_image\" \/>\n<meta name=\"twitter:label1\" content=\"Dur\u00e9e de lecture estim\u00e9e\" \/>\n\t<meta name=\"twitter:data1\" content=\"3 minutes\" \/>\n<script type=\"application\/ld+json\" class=\"yoast-schema-graph\">{\"@context\":\"https:\\\/\\\/schema.org\",\"@graph\":[{\"@type\":\"WebPage\",\"@id\":\"https:\\\/\\\/veloaxe.com\\\/producto\\\/cubierta-american-classic-grus-tubeless-gravel\\\/\",\"url\":\"https:\\\/\\\/veloaxe.com\\\/producto\\\/cubierta-american-classic-grus-tubeless-gravel\\\/\",\"name\":\"CUBIERTA AMERICAN CLASSIC GRUS TUBELESS GRAVEL | VELOAXE.COM\",\"isPartOf\":{\"@id\":\"https:\\\/\\\/veloaxe.com\\\/#website\"},\"primaryImageOfPage\":{\"@id\":\"https:\\\/\\\/veloaxe.com\\\/producto\\\/cubierta-american-classic-grus-tubeless-gravel\\\/#primaryimage\"},\"image\":{\"@id\":\"https:\\\/\\\/veloaxe.com\\\/producto\\\/cubierta-american-classic-grus-tubeless-gravel\\\/#primaryimage\"},\"thumbnailUrl\":\"https:\\\/\\\/veloaxe.com\\\/wp-content\\\/uploads\\\/2024\\\/12\\\/cubierta-american-classic-grus-tubeless.jpg\",\"datePublished\":\"2024-12-12T13:51:21+00:00\",\"dateModified\":\"2025-04-25T05:37:56+00:00\",\"description\":\"CUBIERTA AMERICAN CLASSIC GRUS TUBELESS GRAVEL - Toda la gama AMERICAN CLASSIC est\u00e1 disponible en nuestro sitio, Cubiertas Gravel \\\/ VTT o Carretera.\",\"breadcrumb\":{\"@id\":\"https:\\\/\\\/veloaxe.com\\\/producto\\\/cubierta-american-classic-grus-tubeless-gravel\\\/#breadcrumb\"},\"inLanguage\":\"fr-FR\",\"potentialAction\":[{\"@type\":\"ReadAction\",\"target\":[\"https:\\\/\\\/veloaxe.com\\\/producto\\\/cubierta-american-classic-grus-tubeless-gravel\\\/\"]}]},{\"@type\":\"ImageObject\",\"inLanguage\":\"fr-FR\",\"@id\":\"https:\\\/\\\/veloaxe.com\\\/producto\\\/cubierta-american-classic-grus-tubeless-gravel\\\/#primaryimage\",\"url\":\"https:\\\/\\\/veloaxe.com\\\/wp-content\\\/uploads\\\/2024\\\/12\\\/cubierta-american-classic-grus-tubeless.jpg\",\"contentUrl\":\"https:\\\/\\\/veloaxe.com\\\/wp-content\\\/uploads\\\/2024\\\/12\\\/cubierta-american-classic-grus-tubeless.jpg\",\"width\":800,\"height\":800,\"caption\":\"cubierta-american-classic-grus-tubeless\"},{\"@type\":\"BreadcrumbList\",\"@id\":\"https:\\\/\\\/veloaxe.com\\\/producto\\\/cubierta-american-classic-grus-tubeless-gravel\\\/#breadcrumb\",\"itemListElement\":[{\"@type\":\"ListItem\",\"position\":1,\"name\":\"Portada\",\"item\":\"https:\\\/\\\/veloaxe.com\\\/\"},{\"@type\":\"ListItem\",\"position\":2,\"name\":\"Shop\",\"item\":\"https:\\\/\\\/paleturquoise-herring-271034.hostingersite.com\\\/shop\\\/\"},{\"@type\":\"ListItem\",\"position\":3,\"name\":\"CUBIERTA AMERICAN CLASSIC GRUS TUBELESS GRAVEL\"}]},{\"@type\":\"WebSite\",\"@id\":\"https:\\\/\\\/veloaxe.com\\\/#website\",\"url\":\"https:\\\/\\\/veloaxe.com\\\/\",\"name\":\"Tienda de bicicletas | VELOAXE\",\"description\":\"Descubre una amplia selecci\u00f3n de bicicletas de alta calidad, desde modelos urbanos y de monta\u00f1a hasta bicicletas de carretera de \u00faltima generaci\u00f3n. Con un servicio experto y accesorios especializados, estamos comprometidos a brindarte la mejor experiencia ciclista.\",\"publisher\":{\"@id\":\"https:\\\/\\\/veloaxe.com\\\/#organization\"},\"potentialAction\":[{\"@type\":\"SearchAction\",\"target\":{\"@type\":\"EntryPoint\",\"urlTemplate\":\"https:\\\/\\\/veloaxe.com\\\/?s={search_term_string}\"},\"query-input\":{\"@type\":\"PropertyValueSpecification\",\"valueRequired\":true,\"valueName\":\"search_term_string\"}}],\"inLanguage\":\"fr-FR\"},{\"@type\":\"Organization\",\"@id\":\"https:\\\/\\\/veloaxe.com\\\/#organization\",\"name\":\"Tienda de bicicletas | VELOAXE\",\"url\":\"https:\\\/\\\/veloaxe.com\\\/\",\"logo\":{\"@type\":\"ImageObject\",\"inLanguage\":\"fr-FR\",\"@id\":\"https:\\\/\\\/veloaxe.com\\\/#\\\/schema\\\/logo\\\/image\\\/\",\"url\":\"https:\\\/\\\/veloaxe.com\\\/wp-content\\\/uploads\\\/2026\\\/01\\\/cropped-logo-1.jpg\",\"contentUrl\":\"https:\\\/\\\/veloaxe.com\\\/wp-content\\\/uploads\\\/2026\\\/01\\\/cropped-logo-1.jpg\",\"width\":1273,\"height\":363,\"caption\":\"Tienda de bicicletas | VELOAXE\"},\"image\":{\"@id\":\"https:\\\/\\\/veloaxe.com\\\/#\\\/schema\\\/logo\\\/image\\\/\"},\"sameAs\":[\"https:\\\/\\\/www.facebook.com\\\/veloaxe\"]}]}<\/script>\n<!-- \/ Yoast SEO plugin. -->","yoast_head_json":{"title":"CUBIERTA AMERICAN CLASSIC GRUS TUBELESS GRAVEL | VELOAXE.COM","description":"CUBIERTA AMERICAN CLASSIC GRUS TUBELESS GRAVEL - Toda la gama AMERICAN CLASSIC est\u00e1 disponible en nuestro sitio, Cubiertas Gravel \/ VTT o Carretera.","robots":{"index":"index","follow":"follow","max-snippet":"max-snippet:-1","max-image-preview":"max-image-preview:large","max-video-preview":"max-video-preview:-1"},"canonical":"https:\/\/veloaxe.com\/fr\/produit\/cubierta-american-classic-grus-tubeless-gravel\/","og_locale":"fr_FR","og_type":"article","og_title":"CUBIERTA AMERICAN CLASSIC GRUS TUBELESS GRAVEL | VELOAXE.COM","og_description":"CUBIERTA AMERICAN CLASSIC GRUS TUBELESS GRAVEL - Toda la gama AMERICAN CLASSIC est\u00e1 disponible en nuestro sitio, Cubiertas Gravel \/ VTT o Carretera.","og_url":"https:\/\/veloaxe.com\/fr\/produit\/cubierta-american-classic-grus-tubeless-gravel\/","og_site_name":"Tienda de bicicletas | VELOAXE","article_publisher":"https:\/\/www.facebook.com\/veloaxe","article_modified_time":"2025-04-25T05:37:56+00:00","og_image":[{"width":800,"height":800,"url":"https:\/\/veloaxe.com\/wp-content\/uploads\/2024\/12\/cubierta-american-classic-grus-tubeless.jpg","type":"image\/jpeg"}],"twitter_card":"summary_large_image","twitter_misc":{"Dur\u00e9e de lecture estim\u00e9e":"3 minutes"},"schema":{"@context":"https:\/\/schema.org","@graph":[{"@type":"WebPage","@id":"https:\/\/veloaxe.com\/producto\/cubierta-american-classic-grus-tubeless-gravel\/","url":"https:\/\/veloaxe.com\/producto\/cubierta-american-classic-grus-tubeless-gravel\/","name":"CUBIERTA AMERICAN CLASSIC GRUS TUBELESS GRAVEL | VELOAXE.COM","isPartOf":{"@id":"https:\/\/veloaxe.com\/#website"},"primaryImageOfPage":{"@id":"https:\/\/veloaxe.com\/producto\/cubierta-american-classic-grus-tubeless-gravel\/#primaryimage"},"image":{"@id":"https:\/\/veloaxe.com\/producto\/cubierta-american-classic-grus-tubeless-gravel\/#primaryimage"},"thumbnailUrl":"https:\/\/veloaxe.com\/wp-content\/uploads\/2024\/12\/cubierta-american-classic-grus-tubeless.jpg","datePublished":"2024-12-12T13:51:21+00:00","dateModified":"2025-04-25T05:37:56+00:00","description":"CUBIERTA AMERICAN CLASSIC GRUS TUBELESS GRAVEL - Toda la gama AMERICAN CLASSIC est\u00e1 disponible en nuestro sitio, Cubiertas Gravel \/ VTT o Carretera.","breadcrumb":{"@id":"https:\/\/veloaxe.com\/producto\/cubierta-american-classic-grus-tubeless-gravel\/#breadcrumb"},"inLanguage":"fr-FR","potentialAction":[{"@type":"ReadAction","target":["https:\/\/veloaxe.com\/producto\/cubierta-american-classic-grus-tubeless-gravel\/"]}]},{"@type":"ImageObject","inLanguage":"fr-FR","@id":"https:\/\/veloaxe.com\/producto\/cubierta-american-classic-grus-tubeless-gravel\/#primaryimage","url":"https:\/\/veloaxe.com\/wp-content\/uploads\/2024\/12\/cubierta-american-classic-grus-tubeless.jpg","contentUrl":"https:\/\/veloaxe.com\/wp-content\/uploads\/2024\/12\/cubierta-american-classic-grus-tubeless.jpg","width":800,"height":800,"caption":"cubierta-american-classic-grus-tubeless"},{"@type":"BreadcrumbList","@id":"https:\/\/veloaxe.com\/producto\/cubierta-american-classic-grus-tubeless-gravel\/#breadcrumb","itemListElement":[{"@type":"ListItem","position":1,"name":"Portada","item":"https:\/\/veloaxe.com\/"},{"@type":"ListItem","position":2,"name":"Shop","item":"https:\/\/paleturquoise-herring-271034.hostingersite.com\/shop\/"},{"@type":"ListItem","position":3,"name":"CUBIERTA AMERICAN CLASSIC GRUS TUBELESS GRAVEL"}]},{"@type":"WebSite","@id":"https:\/\/veloaxe.com\/#website","url":"https:\/\/veloaxe.com\/","name":"Boutique de v\u00e9lo en ligne | VELOAXE","description":"D\u00e9couvrez une large s\u00e9lection de v\u00e9los de haute qualit\u00e9, des mod\u00e8les urbains et de montagne aux v\u00e9los de route de pointe. Avec un service d'experts et des accessoires sp\u00e9cialis\u00e9s, nous nous engageons \u00e0 vous offrir la meilleure exp\u00e9rience de cyclisme.","publisher":{"@id":"https:\/\/veloaxe.com\/#organization"},"potentialAction":[{"@type":"SearchAction","target":{"@type":"EntryPoint","urlTemplate":"https:\/\/veloaxe.com\/?s={search_term_string}"},"query-input":{"@type":"PropertyValueSpecification","valueRequired":true,"valueName":"search_term_string"}}],"inLanguage":"fr-FR"},{"@type":"Organization","@id":"https:\/\/veloaxe.com\/#organization","name":"Boutique de v\u00e9lo en ligne | VELOAXE","url":"https:\/\/veloaxe.com\/","logo":{"@type":"ImageObject","inLanguage":"fr-FR","@id":"https:\/\/veloaxe.com\/#\/schema\/logo\/image\/","url":"https:\/\/veloaxe.com\/wp-content\/uploads\/2026\/01\/cropped-logo-1.jpg","contentUrl":"https:\/\/veloaxe.com\/wp-content\/uploads\/2026\/01\/cropped-logo-1.jpg","width":1273,"height":363,"caption":"Tienda de bicicletas | VELOAXE"},"image":{"@id":"https:\/\/veloaxe.com\/#\/schema\/logo\/image\/"},"sameAs":["https:\/\/www.facebook.com\/veloaxe"]}]}},"_links":{"self":[{"href":"https:\/\/veloaxe.com\/fr\/wp-json\/wp\/v2\/product\/18316","targetHints":{"allow":["GET"]}}],"collection":[{"href":"https:\/\/veloaxe.com\/fr\/wp-json\/wp\/v2\/product"}],"about":[{"href":"https:\/\/veloaxe.com\/fr\/wp-json\/wp\/v2\/types\/product"}],"replies":[{"embeddable":true,"href":"https:\/\/veloaxe.com\/fr\/wp-json\/wp\/v2\/comments?post=18316"}],"wp:featuredmedia":[{"embeddable":true,"href":"https:\/\/veloaxe.com\/fr\/wp-json\/wp\/v2\/media\/18319"}],"wp:attachment":[{"href":"https:\/\/veloaxe.com\/fr\/wp-json\/wp\/v2\/media?parent=18316"}],"wp:term":[{"taxonomy":"product_brand","embeddable":true,"href":"https:\/\/veloaxe.com\/fr\/wp-json\/wp\/v2\/product_brand?post=18316"},{"taxonomy":"product_cat","embeddable":true,"href":"https:\/\/veloaxe.com\/fr\/wp-json\/wp\/v2\/product_cat?post=18316"},{"taxonomy":"product_tag","embeddable":true,"href":"https:\/\/veloaxe.com\/fr\/wp-json\/wp\/v2\/product_tag?post=18316"}],"curies":[{"name":"wp","href":"https:\/\/api.w.org\/{rel}","templated":true}]}}