{"id":18500,"date":"2025-01-06T09:31:13","date_gmt":"2025-01-06T09:31:13","guid":{"rendered":"https:\/\/veloaxe.com\/?post_type=product&#038;p=18500"},"modified":"2025-04-24T05:35:30","modified_gmt":"2025-04-24T05:35:30","slug":"cinta-manillar-prologo-esatouch-negro","status":"publish","type":"product","link":"https:\/\/veloaxe.com\/fr\/produit\/cinta-manillar-prologo-esatouch-negro\/","title":{"rendered":"CINTA MANILLAR PROLOGO ESATOUCH &#8211; NEGRO"},"content":{"rendered":"<p><strong>CINTA MANILLAR PROLOGO Esatouch<\/strong>, para m\u00e1ximo agarre. Desarrollado gracias al know-how de Prologo, esatouch representa la elecci\u00f3n definitiva para quienes buscan el m\u00e1ximo confort y agarre. El dise\u00f1o de la hoja hexagonal permite una doble funci\u00f3n:<\/p>\n<p>Un efecto &#8220;coj\u00edn&#8221; para amortiguar mejor las vibraciones transmitidas por el manillar.<br \/>\nUn efecto \u201cVaccum\u201d para maximizar el agarre y la sujeci\u00f3n.<br \/>\nDe esta forma se reduce la tensi\u00f3n en el t\u00fanel carpiano para garantizar largos paseos en bicicleta sin problemas.<\/p>\n<p>Fabricado en EVA, tiene un grosor de 2,5 mm para asegurar una buena sujeci\u00f3n sin resultar voluminoso, el tama\u00f1o es de 2000 x 30 mm y el par pesa 60 g.<\/p>\n<p>Las cintas Prologo son elegidas por los mejores equipos del World Tour del mundo: Team Baharain Victorious &#8211; EF Education-EasyPost \u2013 Intermarch\u00e8 Wanty Gobert \u2013 Groupama FDJ y muchos otros.<\/p>","protected":false},"excerpt":{"rendered":"<p>CINTA MANILLAR PROLOGO Esatouch, para m\u00e1ximo agarre. Desarrollado gracias al know-how de Prologo, esatouch representa la elecci\u00f3n definitiva para quienes buscan el m\u00e1ximo confort y agarre. El dise\u00f1o de la hoja hexagonal permite una doble funci\u00f3n: Un efecto &#8220;coj\u00edn&#8221; para amortiguar mejor las vibraciones transmitidas por el manillar. Un efecto \u201cVaccum\u201d para maximizar el agarre [&hellip;]<\/p>\n","protected":false},"featured_media":18501,"comment_status":"closed","ping_status":"closed","template":"","meta":[],"product_brand":[],"product_cat":[16,22,19],"product_tag":[],"class_list":{"0":"post-18500","1":"product","2":"type-product","3":"status-publish","4":"has-post-thumbnail","6":"product_cat-carretera-gravel-bicicletas","7":"product_cat-cinta-manillar","8":"product_cat-componentes-de-bicicletas","9":"product_shipping_class-no-bicicletas","11":"first","12":"instock","13":"sale","14":"shipping-taxable","15":"purchasable","16":"product-type-simple"},"yoast_head":"<!-- This site is optimized with the Yoast SEO plugin v27.6 - https:\/\/yoast.com\/product\/yoast-seo-wordpress\/ -->\n<title>CINTA MANILLAR PROLOGO ESATOUCH | VELOAXE.COM<\/title>\n<meta name=\"description\" content=\"CINTA MANILLAR PROLOGO ESATOUCH - Todas las cintas de manillar PROLOGO est\u00e1n disponibles en nuestro sitio en una amplia variedad de colores.\" \/>\n<meta name=\"robots\" content=\"index, follow, max-snippet:-1, max-image-preview:large, max-video-preview:-1\" \/>\n<link rel=\"canonical\" href=\"https:\/\/veloaxe.com\/fr\/produit\/cinta-manillar-prologo-esatouch-negro\/\" \/>\n<meta property=\"og:locale\" content=\"fr_FR\" \/>\n<meta property=\"og:type\" content=\"article\" \/>\n<meta property=\"og:title\" content=\"CINTA MANILLAR PROLOGO ESATOUCH | VELOAXE.COM\" \/>\n<meta property=\"og:description\" content=\"CINTA MANILLAR PROLOGO ESATOUCH - Todas las cintas de manillar PROLOGO est\u00e1n disponibles en nuestro sitio en una amplia variedad de colores.\" \/>\n<meta property=\"og:url\" content=\"https:\/\/veloaxe.com\/fr\/produit\/cinta-manillar-prologo-esatouch-negro\/\" \/>\n<meta property=\"og:site_name\" content=\"Tienda de bicicletas | VELOAXE\" \/>\n<meta property=\"article:publisher\" content=\"https:\/\/www.facebook.com\/veloaxe\" \/>\n<meta property=\"article:modified_time\" content=\"2025-04-24T05:35:30+00:00\" \/>\n<meta property=\"og:image\" content=\"https:\/\/veloaxe.com\/wp-content\/uploads\/2025\/01\/cinta-manillar-prologo-esatouch-negro.jpg\" \/>\n\t<meta property=\"og:image:width\" content=\"800\" \/>\n\t<meta property=\"og:image:height\" content=\"800\" \/>\n\t<meta property=\"og:image:type\" content=\"image\/jpeg\" \/>\n<meta name=\"twitter:card\" content=\"summary_large_image\" \/>\n<meta name=\"twitter:label1\" content=\"Dur\u00e9e de lecture estim\u00e9e\" \/>\n\t<meta name=\"twitter:data1\" content=\"1 minute\" \/>\n<script type=\"application\/ld+json\" class=\"yoast-schema-graph\">{\"@context\":\"https:\\\/\\\/schema.org\",\"@graph\":[{\"@type\":\"WebPage\",\"@id\":\"https:\\\/\\\/veloaxe.com\\\/producto\\\/cinta-manillar-prologo-esatouch-negro\\\/\",\"url\":\"https:\\\/\\\/veloaxe.com\\\/producto\\\/cinta-manillar-prologo-esatouch-negro\\\/\",\"name\":\"CINTA MANILLAR PROLOGO ESATOUCH | VELOAXE.COM\",\"isPartOf\":{\"@id\":\"https:\\\/\\\/veloaxe.com\\\/#website\"},\"primaryImageOfPage\":{\"@id\":\"https:\\\/\\\/veloaxe.com\\\/producto\\\/cinta-manillar-prologo-esatouch-negro\\\/#primaryimage\"},\"image\":{\"@id\":\"https:\\\/\\\/veloaxe.com\\\/producto\\\/cinta-manillar-prologo-esatouch-negro\\\/#primaryimage\"},\"thumbnailUrl\":\"https:\\\/\\\/veloaxe.com\\\/wp-content\\\/uploads\\\/2025\\\/01\\\/cinta-manillar-prologo-esatouch-negro.jpg\",\"datePublished\":\"2025-01-06T09:31:13+00:00\",\"dateModified\":\"2025-04-24T05:35:30+00:00\",\"description\":\"CINTA MANILLAR PROLOGO ESATOUCH - Todas las cintas de manillar PROLOGO est\u00e1n disponibles en nuestro sitio en una amplia variedad de colores.\",\"breadcrumb\":{\"@id\":\"https:\\\/\\\/veloaxe.com\\\/producto\\\/cinta-manillar-prologo-esatouch-negro\\\/#breadcrumb\"},\"inLanguage\":\"fr-FR\",\"potentialAction\":[{\"@type\":\"ReadAction\",\"target\":[\"https:\\\/\\\/veloaxe.com\\\/producto\\\/cinta-manillar-prologo-esatouch-negro\\\/\"]}]},{\"@type\":\"ImageObject\",\"inLanguage\":\"fr-FR\",\"@id\":\"https:\\\/\\\/veloaxe.com\\\/producto\\\/cinta-manillar-prologo-esatouch-negro\\\/#primaryimage\",\"url\":\"https:\\\/\\\/veloaxe.com\\\/wp-content\\\/uploads\\\/2025\\\/01\\\/cinta-manillar-prologo-esatouch-negro.jpg\",\"contentUrl\":\"https:\\\/\\\/veloaxe.com\\\/wp-content\\\/uploads\\\/2025\\\/01\\\/cinta-manillar-prologo-esatouch-negro.jpg\",\"width\":800,\"height\":800,\"caption\":\"cinta-manillar-prologo-esatouch-negro\"},{\"@type\":\"BreadcrumbList\",\"@id\":\"https:\\\/\\\/veloaxe.com\\\/producto\\\/cinta-manillar-prologo-esatouch-negro\\\/#breadcrumb\",\"itemListElement\":[{\"@type\":\"ListItem\",\"position\":1,\"name\":\"Portada\",\"item\":\"https:\\\/\\\/paleturquoise-herring-271034.hostingersite.com\\\/\"},{\"@type\":\"ListItem\",\"position\":2,\"name\":\"Shop\",\"item\":\"https:\\\/\\\/paleturquoise-herring-271034.hostingersite.com\\\/shop\\\/\"},{\"@type\":\"ListItem\",\"position\":3,\"name\":\"CINTA MANILLAR PROLOGO ESATOUCH &#8211; NEGRO\"}]},{\"@type\":\"WebSite\",\"@id\":\"https:\\\/\\\/veloaxe.com\\\/#website\",\"url\":\"https:\\\/\\\/veloaxe.com\\\/\",\"name\":\"Tienda de bicicletas | VELOAXE\",\"description\":\"Descubre una amplia selecci\u00f3n de bicicletas de alta calidad, desde modelos urbanos y de monta\u00f1a hasta bicicletas de carretera de \u00faltima generaci\u00f3n. Con un servicio experto y accesorios especializados, estamos comprometidos a brindarte la mejor experiencia ciclista.\",\"publisher\":{\"@id\":\"https:\\\/\\\/veloaxe.com\\\/#organization\"},\"potentialAction\":[{\"@type\":\"SearchAction\",\"target\":{\"@type\":\"EntryPoint\",\"urlTemplate\":\"https:\\\/\\\/veloaxe.com\\\/?s={search_term_string}\"},\"query-input\":{\"@type\":\"PropertyValueSpecification\",\"valueRequired\":true,\"valueName\":\"search_term_string\"}}],\"inLanguage\":\"fr-FR\"},{\"@type\":\"Organization\",\"@id\":\"https:\\\/\\\/veloaxe.com\\\/#organization\",\"name\":\"Tienda de bicicletas | VELOAXE\",\"url\":\"https:\\\/\\\/veloaxe.com\\\/\",\"logo\":{\"@type\":\"ImageObject\",\"inLanguage\":\"fr-FR\",\"@id\":\"https:\\\/\\\/veloaxe.com\\\/#\\\/schema\\\/logo\\\/image\\\/\",\"url\":\"https:\\\/\\\/veloaxe.com\\\/wp-content\\\/uploads\\\/2026\\\/01\\\/cropped-logo-1.jpg\",\"contentUrl\":\"https:\\\/\\\/veloaxe.com\\\/wp-content\\\/uploads\\\/2026\\\/01\\\/cropped-logo-1.jpg\",\"width\":1273,\"height\":363,\"caption\":\"Tienda de bicicletas | VELOAXE\"},\"image\":{\"@id\":\"https:\\\/\\\/veloaxe.com\\\/#\\\/schema\\\/logo\\\/image\\\/\"},\"sameAs\":[\"https:\\\/\\\/www.facebook.com\\\/veloaxe\"]}]}<\/script>\n<!-- \/ Yoast SEO plugin. -->","yoast_head_json":{"title":"CINTA MANILLAR PROLOGO ESATOUCH | VELOAXE.COM","description":"CINTA MANILLAR PROLOGO ESATOUCH - Todas las cintas de manillar PROLOGO est\u00e1n disponibles en nuestro sitio en una amplia variedad de colores.","robots":{"index":"index","follow":"follow","max-snippet":"max-snippet:-1","max-image-preview":"max-image-preview:large","max-video-preview":"max-video-preview:-1"},"canonical":"https:\/\/veloaxe.com\/fr\/produit\/cinta-manillar-prologo-esatouch-negro\/","og_locale":"fr_FR","og_type":"article","og_title":"CINTA MANILLAR PROLOGO ESATOUCH | VELOAXE.COM","og_description":"CINTA MANILLAR PROLOGO ESATOUCH - Todas las cintas de manillar PROLOGO est\u00e1n disponibles en nuestro sitio en una amplia variedad de colores.","og_url":"https:\/\/veloaxe.com\/fr\/produit\/cinta-manillar-prologo-esatouch-negro\/","og_site_name":"Tienda de bicicletas | VELOAXE","article_publisher":"https:\/\/www.facebook.com\/veloaxe","article_modified_time":"2025-04-24T05:35:30+00:00","og_image":[{"width":800,"height":800,"url":"https:\/\/veloaxe.com\/wp-content\/uploads\/2025\/01\/cinta-manillar-prologo-esatouch-negro.jpg","type":"image\/jpeg"}],"twitter_card":"summary_large_image","twitter_misc":{"Dur\u00e9e de lecture estim\u00e9e":"1 minute"},"schema":{"@context":"https:\/\/schema.org","@graph":[{"@type":"WebPage","@id":"https:\/\/veloaxe.com\/producto\/cinta-manillar-prologo-esatouch-negro\/","url":"https:\/\/veloaxe.com\/producto\/cinta-manillar-prologo-esatouch-negro\/","name":"CINTA MANILLAR PROLOGO ESATOUCH | VELOAXE.COM","isPartOf":{"@id":"https:\/\/veloaxe.com\/#website"},"primaryImageOfPage":{"@id":"https:\/\/veloaxe.com\/producto\/cinta-manillar-prologo-esatouch-negro\/#primaryimage"},"image":{"@id":"https:\/\/veloaxe.com\/producto\/cinta-manillar-prologo-esatouch-negro\/#primaryimage"},"thumbnailUrl":"https:\/\/veloaxe.com\/wp-content\/uploads\/2025\/01\/cinta-manillar-prologo-esatouch-negro.jpg","datePublished":"2025-01-06T09:31:13+00:00","dateModified":"2025-04-24T05:35:30+00:00","description":"CINTA MANILLAR PROLOGO ESATOUCH - Todas las cintas de manillar PROLOGO est\u00e1n disponibles en nuestro sitio en una amplia variedad de colores.","breadcrumb":{"@id":"https:\/\/veloaxe.com\/producto\/cinta-manillar-prologo-esatouch-negro\/#breadcrumb"},"inLanguage":"fr-FR","potentialAction":[{"@type":"ReadAction","target":["https:\/\/veloaxe.com\/producto\/cinta-manillar-prologo-esatouch-negro\/"]}]},{"@type":"ImageObject","inLanguage":"fr-FR","@id":"https:\/\/veloaxe.com\/producto\/cinta-manillar-prologo-esatouch-negro\/#primaryimage","url":"https:\/\/veloaxe.com\/wp-content\/uploads\/2025\/01\/cinta-manillar-prologo-esatouch-negro.jpg","contentUrl":"https:\/\/veloaxe.com\/wp-content\/uploads\/2025\/01\/cinta-manillar-prologo-esatouch-negro.jpg","width":800,"height":800,"caption":"cinta-manillar-prologo-esatouch-negro"},{"@type":"BreadcrumbList","@id":"https:\/\/veloaxe.com\/producto\/cinta-manillar-prologo-esatouch-negro\/#breadcrumb","itemListElement":[{"@type":"ListItem","position":1,"name":"Portada","item":"https:\/\/paleturquoise-herring-271034.hostingersite.com\/"},{"@type":"ListItem","position":2,"name":"Shop","item":"https:\/\/paleturquoise-herring-271034.hostingersite.com\/shop\/"},{"@type":"ListItem","position":3,"name":"CINTA MANILLAR PROLOGO ESATOUCH &#8211; NEGRO"}]},{"@type":"WebSite","@id":"https:\/\/veloaxe.com\/#website","url":"https:\/\/veloaxe.com\/","name":"Boutique de v\u00e9lo en ligne | VELOAXE","description":"Descubre una amplia selecci\u00f3n de bicicletas de alta calidad, desde modelos urbanos y de monta\u00f1a hasta bicicletas de carretera de \u00faltima generaci\u00f3n. Con un servicio experto y accesorios especializados, estamos comprometidos a brindarte la mejor experiencia ciclista.","publisher":{"@id":"https:\/\/veloaxe.com\/#organization"},"potentialAction":[{"@type":"SearchAction","target":{"@type":"EntryPoint","urlTemplate":"https:\/\/veloaxe.com\/?s={search_term_string}"},"query-input":{"@type":"PropertyValueSpecification","valueRequired":true,"valueName":"search_term_string"}}],"inLanguage":"fr-FR"},{"@type":"Organization","@id":"https:\/\/veloaxe.com\/#organization","name":"Boutique de v\u00e9lo en ligne | VELOAXE","url":"https:\/\/veloaxe.com\/","logo":{"@type":"ImageObject","inLanguage":"fr-FR","@id":"https:\/\/veloaxe.com\/#\/schema\/logo\/image\/","url":"https:\/\/veloaxe.com\/wp-content\/uploads\/2026\/01\/cropped-logo-1.jpg","contentUrl":"https:\/\/veloaxe.com\/wp-content\/uploads\/2026\/01\/cropped-logo-1.jpg","width":1273,"height":363,"caption":"Tienda de bicicletas | VELOAXE"},"image":{"@id":"https:\/\/veloaxe.com\/#\/schema\/logo\/image\/"},"sameAs":["https:\/\/www.facebook.com\/veloaxe"]}]}},"_links":{"self":[{"href":"https:\/\/veloaxe.com\/fr\/wp-json\/wp\/v2\/product\/18500","targetHints":{"allow":["GET"]}}],"collection":[{"href":"https:\/\/veloaxe.com\/fr\/wp-json\/wp\/v2\/product"}],"about":[{"href":"https:\/\/veloaxe.com\/fr\/wp-json\/wp\/v2\/types\/product"}],"replies":[{"embeddable":true,"href":"https:\/\/veloaxe.com\/fr\/wp-json\/wp\/v2\/comments?post=18500"}],"wp:featuredmedia":[{"embeddable":true,"href":"https:\/\/veloaxe.com\/fr\/wp-json\/wp\/v2\/media\/18501"}],"wp:attachment":[{"href":"https:\/\/veloaxe.com\/fr\/wp-json\/wp\/v2\/media?parent=18500"}],"wp:term":[{"taxonomy":"product_brand","embeddable":true,"href":"https:\/\/veloaxe.com\/fr\/wp-json\/wp\/v2\/product_brand?post=18500"},{"taxonomy":"product_cat","embeddable":true,"href":"https:\/\/veloaxe.com\/fr\/wp-json\/wp\/v2\/product_cat?post=18500"},{"taxonomy":"product_tag","embeddable":true,"href":"https:\/\/veloaxe.com\/fr\/wp-json\/wp\/v2\/product_tag?post=18500"}],"curies":[{"name":"wp","href":"https:\/\/api.w.org\/{rel}","templated":true}]}}