{"id":18605,"date":"2025-01-08T08:43:46","date_gmt":"2025-01-08T08:43:46","guid":{"rendered":"https:\/\/veloaxe.com\/?post_type=product&#038;p=18605"},"modified":"2025-04-23T07:04:52","modified_gmt":"2025-04-23T07:04:52","slug":"sillin-prologo-dimension-agx-slide-control-143-nack-gravel","status":"publish","type":"product","link":"https:\/\/veloaxe.com\/fr\/producto\/sillin-prologo-dimension-agx-slide-control-143-nack-gravel\/","title":{"rendered":"SILLIN PROLOGO DIMENSION AGX SLIDE CONTROL 143 NACK &#8211; GRAVEL"},"content":{"rendered":"<p><strong>SILLIN PROLOGO DIMENSION AGX SLIDE CONTROL NACK<\/strong>, acr\u00f3nimo de Adventure &#8211; Gravel &#8211; Cyclocross, es la l\u00ednea de sillines ergon\u00f3micos Prologo dedicados al mundo gravel y all-road, dise\u00f1ados para garantizar el equilibrio adecuado entre rendimiento y comodidad en todo tipo de terreno, incluso en largas distancias. En comparaci\u00f3n con los modelos tradicionales, los sillines AGX cuentan con una base m\u00e1s flexible fabricada con materiales de nueva generaci\u00f3n y un acolchado extra de 2 mm fabricado con espumas de baja densidad. Estas caracter\u00edsticas garantizan una mejor absorci\u00f3n de impactos y vibraciones, sin limitar ni comprometer la transferencia de potencia, incluso al pedalear sobre caminos de tierra.<\/p>\n<p><strong><em>Caracter\u00edsticas t\u00e9cnicas:<\/em><\/strong><\/p>\n<p><strong>V-Shape:<\/strong> la forma de V permite un asiento m\u00e1s avanzado en el sill\u00edn, eliminando la presi\u00f3n en la zona perineal delantera y ofreciendo mayor estabilidad y zona de apoyo en la parte trasera.<\/p>\n<p><strong>Slide Control:<\/strong> Tecnolog\u00eda 3D de Prologo para mejorar el agarre y la estabilidad del ciclista, ayud\u00e1ndole a mantener la posici\u00f3n correcta en el sill\u00edn, incluso al afrontar tramos todoterreno.<\/p>\n<p><strong>PAS:<\/strong> el canal evita picos de presi\u00f3n y entumecimiento aumentando la circulaci\u00f3n sangu\u00ednea. El dise\u00f1o ergon\u00f3mico y las espumas de densidad variable eliminan los puntos de presi\u00f3n en la zona perineal.<\/p>\n<p><strong><em>Rail Nack: <\/em><\/strong>en fibra de carbono, Kevlar y filamentos de aluminio, para quienes buscan el m\u00e1ximo rendimiento y el menor peso de los componentes.<\/p>\n<p><strong>Medidas:<\/strong> 245x143mm<br \/>\n<strong>Peso del sill\u00edn con ra\u00edl NACK:<\/strong> 159gr<\/p>","protected":false},"excerpt":{"rendered":"<p>SILLIN PROLOGO DIMENSION AGX SLIDE CONTROL NACK, acr\u00f3nimo de Adventure &#8211; Gravel &#8211; Cyclocross, es la l\u00ednea de sillines ergon\u00f3micos Prologo dedicados al mundo gravel y all-road, dise\u00f1ados para garantizar el equilibrio adecuado entre rendimiento y comodidad en todo tipo de terreno, incluso en largas distancias. En comparaci\u00f3n con los modelos tradicionales, los sillines AGX [&hellip;]<\/p>\n","protected":false},"featured_media":18603,"comment_status":"closed","ping_status":"closed","template":"","meta":[],"product_brand":[],"product_cat":[16,19,225,228],"product_tag":[],"class_list":{"0":"post-18605","1":"product","2":"type-product","3":"status-publish","4":"has-post-thumbnail","6":"product_cat-carretera-gravel-bicicletas","7":"product_cat-componentes-de-bicicletas","8":"product_cat-sillines-carretera-gravel","9":"product_cat-sillines-gravel","10":"product_shipping_class-no-bicicletas","12":"first","13":"instock","14":"sale","15":"shipping-taxable","16":"purchasable","17":"product-type-variable"},"yoast_head":"<!-- This site is optimized with the Yoast SEO plugin v27.6 - https:\/\/yoast.com\/product\/yoast-seo-wordpress\/ -->\n<title>SILLIN PROLOGO DIMENSION AGX SLIDE CONTROL 143 NACK | VELOAXE<\/title>\n<meta name=\"description\" content=\"SILLIN PROLOGO DIMENSION AGX SLIDE CONTROL 143 NACK GRAVEL - Todos los sillines PROLOGO est\u00e1n disponibles en nuestro sitio en una amplia variedad de colores.\" \/>\n<meta name=\"robots\" content=\"index, follow, max-snippet:-1, max-image-preview:large, max-video-preview:-1\" \/>\n<link rel=\"canonical\" href=\"https:\/\/veloaxe.com\/fr\/produit\/sillin-prologo-dimension-agx-slide-control-143-nack-gravel\/\" \/>\n<meta property=\"og:locale\" content=\"fr_FR\" \/>\n<meta property=\"og:type\" content=\"article\" \/>\n<meta property=\"og:title\" content=\"SILLIN PROLOGO DIMENSION AGX SLIDE CONTROL 143 NACK | VELOAXE\" \/>\n<meta property=\"og:description\" content=\"SILLIN PROLOGO DIMENSION AGX SLIDE CONTROL 143 NACK GRAVEL - Todos los sillines PROLOGO est\u00e1n disponibles en nuestro sitio en una amplia variedad de colores.\" \/>\n<meta property=\"og:url\" content=\"https:\/\/veloaxe.com\/fr\/produit\/sillin-prologo-dimension-agx-slide-control-143-nack-gravel\/\" \/>\n<meta property=\"og:site_name\" content=\"Tienda de bicicletas | VELOAXE\" \/>\n<meta property=\"article:publisher\" content=\"https:\/\/www.facebook.com\/veloaxe\" \/>\n<meta property=\"article:modified_time\" content=\"2025-04-23T07:04:52+00:00\" \/>\n<meta property=\"og:image\" content=\"https:\/\/veloaxe.com\/wp-content\/uploads\/2025\/01\/sillin-prologo-dimension-agx-slide-control-tirox.jpg\" \/>\n\t<meta property=\"og:image:width\" content=\"800\" \/>\n\t<meta property=\"og:image:height\" content=\"800\" \/>\n\t<meta property=\"og:image:type\" content=\"image\/jpeg\" \/>\n<meta name=\"twitter:card\" content=\"summary_large_image\" \/>\n<meta name=\"twitter:label1\" content=\"Dur\u00e9e de lecture estim\u00e9e\" \/>\n\t<meta name=\"twitter:data1\" content=\"2 minutes\" \/>\n<script type=\"application\/ld+json\" class=\"yoast-schema-graph\">{\"@context\":\"https:\\\/\\\/schema.org\",\"@graph\":[{\"@type\":\"WebPage\",\"@id\":\"https:\\\/\\\/veloaxe.com\\\/producto\\\/sillin-prologo-dimension-agx-slide-control-143-nack-gravel\\\/\",\"url\":\"https:\\\/\\\/veloaxe.com\\\/producto\\\/sillin-prologo-dimension-agx-slide-control-143-nack-gravel\\\/\",\"name\":\"SILLIN PROLOGO DIMENSION AGX SLIDE CONTROL 143 NACK | VELOAXE\",\"isPartOf\":{\"@id\":\"https:\\\/\\\/veloaxe.com\\\/#website\"},\"primaryImageOfPage\":{\"@id\":\"https:\\\/\\\/veloaxe.com\\\/producto\\\/sillin-prologo-dimension-agx-slide-control-143-nack-gravel\\\/#primaryimage\"},\"image\":{\"@id\":\"https:\\\/\\\/veloaxe.com\\\/producto\\\/sillin-prologo-dimension-agx-slide-control-143-nack-gravel\\\/#primaryimage\"},\"thumbnailUrl\":\"https:\\\/\\\/veloaxe.com\\\/wp-content\\\/uploads\\\/2025\\\/01\\\/sillin-prologo-dimension-agx-slide-control-tirox.jpg\",\"datePublished\":\"2025-01-08T08:43:46+00:00\",\"dateModified\":\"2025-04-23T07:04:52+00:00\",\"description\":\"SILLIN PROLOGO DIMENSION AGX SLIDE CONTROL 143 NACK GRAVEL - Todos los sillines PROLOGO est\u00e1n disponibles en nuestro sitio en una amplia variedad de colores.\",\"breadcrumb\":{\"@id\":\"https:\\\/\\\/veloaxe.com\\\/producto\\\/sillin-prologo-dimension-agx-slide-control-143-nack-gravel\\\/#breadcrumb\"},\"inLanguage\":\"fr-FR\",\"potentialAction\":[{\"@type\":\"ReadAction\",\"target\":[\"https:\\\/\\\/veloaxe.com\\\/producto\\\/sillin-prologo-dimension-agx-slide-control-143-nack-gravel\\\/\"]}]},{\"@type\":\"ImageObject\",\"inLanguage\":\"fr-FR\",\"@id\":\"https:\\\/\\\/veloaxe.com\\\/producto\\\/sillin-prologo-dimension-agx-slide-control-143-nack-gravel\\\/#primaryimage\",\"url\":\"https:\\\/\\\/veloaxe.com\\\/wp-content\\\/uploads\\\/2025\\\/01\\\/sillin-prologo-dimension-agx-slide-control-tirox.jpg\",\"contentUrl\":\"https:\\\/\\\/veloaxe.com\\\/wp-content\\\/uploads\\\/2025\\\/01\\\/sillin-prologo-dimension-agx-slide-control-tirox.jpg\",\"width\":800,\"height\":800,\"caption\":\"sillin-prologo-dimension-agx-slide-control-tirox\"},{\"@type\":\"BreadcrumbList\",\"@id\":\"https:\\\/\\\/veloaxe.com\\\/producto\\\/sillin-prologo-dimension-agx-slide-control-143-nack-gravel\\\/#breadcrumb\",\"itemListElement\":[{\"@type\":\"ListItem\",\"position\":1,\"name\":\"Portada\",\"item\":\"https:\\\/\\\/veloaxe.com\\\/\"},{\"@type\":\"ListItem\",\"position\":2,\"name\":\"Shop\",\"item\":\"https:\\\/\\\/paleturquoise-herring-271034.hostingersite.com\\\/shop\\\/\"},{\"@type\":\"ListItem\",\"position\":3,\"name\":\"SILLIN PROLOGO DIMENSION AGX SLIDE CONTROL 143 NACK &#8211; GRAVEL\"}]},{\"@type\":\"WebSite\",\"@id\":\"https:\\\/\\\/veloaxe.com\\\/#website\",\"url\":\"https:\\\/\\\/veloaxe.com\\\/\",\"name\":\"Tienda de bicicletas | VELOAXE\",\"description\":\"Descubre una amplia selecci\u00f3n de bicicletas de alta calidad, desde modelos urbanos y de monta\u00f1a hasta bicicletas de carretera de \u00faltima generaci\u00f3n. Con un servicio experto y accesorios especializados, estamos comprometidos a brindarte la mejor experiencia ciclista.\",\"publisher\":{\"@id\":\"https:\\\/\\\/veloaxe.com\\\/#organization\"},\"potentialAction\":[{\"@type\":\"SearchAction\",\"target\":{\"@type\":\"EntryPoint\",\"urlTemplate\":\"https:\\\/\\\/veloaxe.com\\\/?s={search_term_string}\"},\"query-input\":{\"@type\":\"PropertyValueSpecification\",\"valueRequired\":true,\"valueName\":\"search_term_string\"}}],\"inLanguage\":\"fr-FR\"},{\"@type\":\"Organization\",\"@id\":\"https:\\\/\\\/veloaxe.com\\\/#organization\",\"name\":\"Tienda de bicicletas | VELOAXE\",\"url\":\"https:\\\/\\\/veloaxe.com\\\/\",\"logo\":{\"@type\":\"ImageObject\",\"inLanguage\":\"fr-FR\",\"@id\":\"https:\\\/\\\/veloaxe.com\\\/#\\\/schema\\\/logo\\\/image\\\/\",\"url\":\"https:\\\/\\\/veloaxe.com\\\/wp-content\\\/uploads\\\/2026\\\/01\\\/cropped-logo-1.jpg\",\"contentUrl\":\"https:\\\/\\\/veloaxe.com\\\/wp-content\\\/uploads\\\/2026\\\/01\\\/cropped-logo-1.jpg\",\"width\":1273,\"height\":363,\"caption\":\"Tienda de bicicletas | VELOAXE\"},\"image\":{\"@id\":\"https:\\\/\\\/veloaxe.com\\\/#\\\/schema\\\/logo\\\/image\\\/\"},\"sameAs\":[\"https:\\\/\\\/www.facebook.com\\\/veloaxe\"]}]}<\/script>\n<!-- \/ Yoast SEO plugin. -->","yoast_head_json":{"title":"SILLIN PROLOGO DIMENSION AGX SLIDE CONTROL 143 NACK | VELOAXE","description":"SILLIN PROLOGO DIMENSION AGX SLIDE CONTROL 143 NACK GRAVEL - Todos los sillines PROLOGO est\u00e1n disponibles en nuestro sitio en una amplia variedad de colores.","robots":{"index":"index","follow":"follow","max-snippet":"max-snippet:-1","max-image-preview":"max-image-preview:large","max-video-preview":"max-video-preview:-1"},"canonical":"https:\/\/veloaxe.com\/fr\/produit\/sillin-prologo-dimension-agx-slide-control-143-nack-gravel\/","og_locale":"fr_FR","og_type":"article","og_title":"SILLIN PROLOGO DIMENSION AGX SLIDE CONTROL 143 NACK | VELOAXE","og_description":"SILLIN PROLOGO DIMENSION AGX SLIDE CONTROL 143 NACK GRAVEL - Todos los sillines PROLOGO est\u00e1n disponibles en nuestro sitio en una amplia variedad de colores.","og_url":"https:\/\/veloaxe.com\/fr\/produit\/sillin-prologo-dimension-agx-slide-control-143-nack-gravel\/","og_site_name":"Tienda de bicicletas | VELOAXE","article_publisher":"https:\/\/www.facebook.com\/veloaxe","article_modified_time":"2025-04-23T07:04:52+00:00","og_image":[{"width":800,"height":800,"url":"https:\/\/veloaxe.com\/wp-content\/uploads\/2025\/01\/sillin-prologo-dimension-agx-slide-control-tirox.jpg","type":"image\/jpeg"}],"twitter_card":"summary_large_image","twitter_misc":{"Dur\u00e9e de lecture estim\u00e9e":"2 minutes"},"schema":{"@context":"https:\/\/schema.org","@graph":[{"@type":"WebPage","@id":"https:\/\/veloaxe.com\/producto\/sillin-prologo-dimension-agx-slide-control-143-nack-gravel\/","url":"https:\/\/veloaxe.com\/producto\/sillin-prologo-dimension-agx-slide-control-143-nack-gravel\/","name":"SILLIN PROLOGO DIMENSION AGX SLIDE CONTROL 143 NACK | VELOAXE","isPartOf":{"@id":"https:\/\/veloaxe.com\/#website"},"primaryImageOfPage":{"@id":"https:\/\/veloaxe.com\/producto\/sillin-prologo-dimension-agx-slide-control-143-nack-gravel\/#primaryimage"},"image":{"@id":"https:\/\/veloaxe.com\/producto\/sillin-prologo-dimension-agx-slide-control-143-nack-gravel\/#primaryimage"},"thumbnailUrl":"https:\/\/veloaxe.com\/wp-content\/uploads\/2025\/01\/sillin-prologo-dimension-agx-slide-control-tirox.jpg","datePublished":"2025-01-08T08:43:46+00:00","dateModified":"2025-04-23T07:04:52+00:00","description":"SILLIN PROLOGO DIMENSION AGX SLIDE CONTROL 143 NACK GRAVEL - Todos los sillines PROLOGO est\u00e1n disponibles en nuestro sitio en una amplia variedad de colores.","breadcrumb":{"@id":"https:\/\/veloaxe.com\/producto\/sillin-prologo-dimension-agx-slide-control-143-nack-gravel\/#breadcrumb"},"inLanguage":"fr-FR","potentialAction":[{"@type":"ReadAction","target":["https:\/\/veloaxe.com\/producto\/sillin-prologo-dimension-agx-slide-control-143-nack-gravel\/"]}]},{"@type":"ImageObject","inLanguage":"fr-FR","@id":"https:\/\/veloaxe.com\/producto\/sillin-prologo-dimension-agx-slide-control-143-nack-gravel\/#primaryimage","url":"https:\/\/veloaxe.com\/wp-content\/uploads\/2025\/01\/sillin-prologo-dimension-agx-slide-control-tirox.jpg","contentUrl":"https:\/\/veloaxe.com\/wp-content\/uploads\/2025\/01\/sillin-prologo-dimension-agx-slide-control-tirox.jpg","width":800,"height":800,"caption":"sillin-prologo-dimension-agx-slide-control-tirox"},{"@type":"BreadcrumbList","@id":"https:\/\/veloaxe.com\/producto\/sillin-prologo-dimension-agx-slide-control-143-nack-gravel\/#breadcrumb","itemListElement":[{"@type":"ListItem","position":1,"name":"Portada","item":"https:\/\/veloaxe.com\/"},{"@type":"ListItem","position":2,"name":"Shop","item":"https:\/\/paleturquoise-herring-271034.hostingersite.com\/shop\/"},{"@type":"ListItem","position":3,"name":"SILLIN PROLOGO DIMENSION AGX SLIDE CONTROL 143 NACK &#8211; GRAVEL"}]},{"@type":"WebSite","@id":"https:\/\/veloaxe.com\/#website","url":"https:\/\/veloaxe.com\/","name":"Boutique de v\u00e9lo en ligne | VELOAXE","description":"D\u00e9couvrez une large s\u00e9lection de v\u00e9los de haute qualit\u00e9, des mod\u00e8les urbains et de montagne aux v\u00e9los de route de pointe. Avec un service d'experts et des accessoires sp\u00e9cialis\u00e9s, nous nous engageons \u00e0 vous offrir la meilleure exp\u00e9rience de cyclisme.","publisher":{"@id":"https:\/\/veloaxe.com\/#organization"},"potentialAction":[{"@type":"SearchAction","target":{"@type":"EntryPoint","urlTemplate":"https:\/\/veloaxe.com\/?s={search_term_string}"},"query-input":{"@type":"PropertyValueSpecification","valueRequired":true,"valueName":"search_term_string"}}],"inLanguage":"fr-FR"},{"@type":"Organization","@id":"https:\/\/veloaxe.com\/#organization","name":"Boutique de v\u00e9lo en ligne | VELOAXE","url":"https:\/\/veloaxe.com\/","logo":{"@type":"ImageObject","inLanguage":"fr-FR","@id":"https:\/\/veloaxe.com\/#\/schema\/logo\/image\/","url":"https:\/\/veloaxe.com\/wp-content\/uploads\/2026\/01\/cropped-logo-1.jpg","contentUrl":"https:\/\/veloaxe.com\/wp-content\/uploads\/2026\/01\/cropped-logo-1.jpg","width":1273,"height":363,"caption":"Tienda de bicicletas | VELOAXE"},"image":{"@id":"https:\/\/veloaxe.com\/#\/schema\/logo\/image\/"},"sameAs":["https:\/\/www.facebook.com\/veloaxe"]}]}},"_links":{"self":[{"href":"https:\/\/veloaxe.com\/fr\/wp-json\/wp\/v2\/product\/18605","targetHints":{"allow":["GET"]}}],"collection":[{"href":"https:\/\/veloaxe.com\/fr\/wp-json\/wp\/v2\/product"}],"about":[{"href":"https:\/\/veloaxe.com\/fr\/wp-json\/wp\/v2\/types\/product"}],"replies":[{"embeddable":true,"href":"https:\/\/veloaxe.com\/fr\/wp-json\/wp\/v2\/comments?post=18605"}],"wp:featuredmedia":[{"embeddable":true,"href":"https:\/\/veloaxe.com\/fr\/wp-json\/wp\/v2\/media\/18603"}],"wp:attachment":[{"href":"https:\/\/veloaxe.com\/fr\/wp-json\/wp\/v2\/media?parent=18605"}],"wp:term":[{"taxonomy":"product_brand","embeddable":true,"href":"https:\/\/veloaxe.com\/fr\/wp-json\/wp\/v2\/product_brand?post=18605"},{"taxonomy":"product_cat","embeddable":true,"href":"https:\/\/veloaxe.com\/fr\/wp-json\/wp\/v2\/product_cat?post=18605"},{"taxonomy":"product_tag","embeddable":true,"href":"https:\/\/veloaxe.com\/fr\/wp-json\/wp\/v2\/product_tag?post=18605"}],"curies":[{"name":"wp","href":"https:\/\/api.w.org\/{rel}","templated":true}]}}