{"id":18661,"date":"2025-01-09T13:31:40","date_gmt":"2025-01-09T13:31:40","guid":{"rendered":"https:\/\/veloaxe.com\/?post_type=product&#038;p=18661"},"modified":"2025-04-23T06:22:16","modified_gmt":"2025-04-23T06:22:16","slug":"sillin-prologo-dimension-eva-tirox-mujer","status":"publish","type":"product","link":"https:\/\/veloaxe.com\/fr\/producto\/sillin-prologo-dimension-eva-tirox-mujer\/","title":{"rendered":"SILLIN PROLOGO DIMENSION EVA TIROX &#8211; MUJER"},"content":{"rendered":"<p><strong>SILLIN PROLOGO EVA NACK<\/strong> : el nuevo sill\u00edn Prologo dedicado a la mujer.<\/p>\n<p>Dimension EVA es el nuevo sill\u00edn Prologo espec\u00edficamente para mujer, desarrollado en colaboraci\u00f3n con los equipos femeninos <em>UAE Team ADQ, EF-Oatly-Cannondale y FDJ Suez<\/em>. Junto al modelo Scratch EVA lanzado en 2023, el nuevo Dimension EVA completa la gama de sillines Prologo dise\u00f1ados para ciclistas que buscan un sill\u00edn dise\u00f1ado espec\u00edficamente para sus necesidades, garantizando comodidad, soporte y alto rendimiento.<\/p>\n<p>Dise\u00f1ado para un p\u00fablico femenino exigente, este nuevo modelo presenta la caracter\u00edstica forma en V de la familia Dimension, que favorece una posici\u00f3n de conducci\u00f3n avanzada y aerodin\u00e1mica, ideal para maximizar el empuje de los pedales.<\/p>\n<p>En comparaci\u00f3n con el modelo unisex Dimension 143, la forma anat\u00f3mica del nuevo Dimension EVA ha sido completamente redise\u00f1ada para adaptarse mejor al cuerpo femenino, manteniendo al mismo tiempo una longitud compacta de 245 mm.<\/p>\n<p>El innovador dise\u00f1o tiene un ancho de 156 mm para aumentar la superficie de apoyo de la pelvis femenina, que generalmente es m\u00e1s ancha que la masculina. El centro anat\u00f3mico se ha desplazado 5 mm hacia atr\u00e1s para facilitar la colocaci\u00f3n de los huesos isqui\u00e1ticos en la parte trasera del sill\u00edn, donde el nuevo acolchado ofrece el m\u00e1ximo apoyo. Acolchado que se ha confeccionado con nuevas espumas de menor densidad, y se ha incrementado en la parte trasera en 8 mm para aumentar el confort y la estabilidad durante salidas m\u00e1s largas e intensas.<\/p>\n<p>El canal central PAS es un 18% m\u00e1s ancho, con un mayor acolchado en los laterales que reduce a\u00fan m\u00e1s la presi\u00f3n sobre los genitales femeninos.<br \/>\nLa punta del sill\u00edn, un 13% m\u00e1s ancha, ha sido dise\u00f1ada para aumentar el confort incluso en las posiciones de pedaleo m\u00e1s avanzadas y aerodin\u00e1micas, haciendo de este sill\u00edn perfecto para ciclistas que buscan un alto rendimiento sin renunciar al confort.<\/p>\n<p>Los gr\u00e1ficos de la Dimension EVA se caracterizan por l\u00edneas finas que resaltan la forma de V del sill\u00edn, con detalles azules que recuerdan el logo de EVA ya utilizado en el modelo Scratch EVA, dando un toque de estilo y reconocimiento a toda la l\u00ednea femenina Prologo.<\/p>\n<p>La <strong>PROLOGO Dimension EVA<\/strong> estar\u00e1 disponible en dos versiones: con ra\u00edl Nack, para ciclistas que buscan el m\u00e1ximo rendimiento y el menor peso de los componentes, y TiroX para quienes buscan mayor comodidad.<\/p>\n<p><strong>Medidas<\/strong> : 245x156mm<br \/>\n<strong>Peso<\/strong> : 227 grs<\/p>","protected":false},"excerpt":{"rendered":"<p>SILLIN PROLOGO EVA NACK : el nuevo sill\u00edn Prologo dedicado a la mujer. Dimension EVA es el nuevo sill\u00edn Prologo espec\u00edficamente para mujer, desarrollado en colaboraci\u00f3n con los equipos femeninos UAE Team ADQ, EF-Oatly-Cannondale y FDJ Suez. Junto al modelo Scratch EVA lanzado en 2023, el nuevo Dimension EVA completa la gama de sillines Prologo [&hellip;]<\/p>\n","protected":false},"featured_media":18660,"comment_status":"closed","ping_status":"closed","template":"","meta":[],"product_brand":[],"product_cat":[16,19,225,227],"product_tag":[],"class_list":{"0":"post-18661","1":"product","2":"type-product","3":"status-publish","4":"has-post-thumbnail","6":"product_cat-carretera-gravel-bicicletas","7":"product_cat-componentes-de-bicicletas","8":"product_cat-sillines-carretera-gravel","9":"product_cat-sillines-carretera","10":"product_shipping_class-no-bicicletas","12":"first","13":"instock","14":"sale","15":"shipping-taxable","16":"purchasable","17":"product-type-simple"},"yoast_head":"<!-- This site is optimized with the Yoast SEO plugin v27.6 - https:\/\/yoast.com\/product\/yoast-seo-wordpress\/ -->\n<title>SILLIN PROLOGO DIMENSION EVA TIROX - MUJER | VELOAXE.COM<\/title>\n<meta name=\"description\" content=\"SILLIN PROLOGO DIMENSION EVA TIROX MUJER - Todos los sillines PROLOGO est\u00e1n disponibles en nuestro sitio en una amplia variedad de colores.\" \/>\n<meta name=\"robots\" content=\"index, follow, max-snippet:-1, max-image-preview:large, max-video-preview:-1\" \/>\n<link rel=\"canonical\" href=\"https:\/\/veloaxe.com\/fr\/produit\/sillin-prologo-dimension-eva-tirox-mujer\/\" \/>\n<meta property=\"og:locale\" content=\"fr_FR\" \/>\n<meta property=\"og:type\" content=\"article\" \/>\n<meta property=\"og:title\" content=\"SILLIN PROLOGO DIMENSION EVA TIROX - MUJER | VELOAXE.COM\" \/>\n<meta property=\"og:description\" content=\"SILLIN PROLOGO DIMENSION EVA TIROX MUJER - Todos los sillines PROLOGO est\u00e1n disponibles en nuestro sitio en una amplia variedad de colores.\" \/>\n<meta property=\"og:url\" content=\"https:\/\/veloaxe.com\/fr\/produit\/sillin-prologo-dimension-eva-tirox-mujer\/\" \/>\n<meta property=\"og:site_name\" content=\"Tienda de bicicletas | VELOAXE\" \/>\n<meta property=\"article:publisher\" content=\"https:\/\/www.facebook.com\/veloaxe\" \/>\n<meta property=\"article:modified_time\" content=\"2025-04-23T06:22:16+00:00\" \/>\n<meta property=\"og:image\" content=\"https:\/\/veloaxe.com\/wp-content\/uploads\/2025\/01\/sillin-prologo-dimension-eva.jpg\" \/>\n\t<meta property=\"og:image:width\" content=\"800\" \/>\n\t<meta property=\"og:image:height\" content=\"800\" \/>\n\t<meta property=\"og:image:type\" content=\"image\/jpeg\" \/>\n<meta name=\"twitter:card\" content=\"summary_large_image\" \/>\n<meta name=\"twitter:label1\" content=\"Dur\u00e9e de lecture estim\u00e9e\" \/>\n\t<meta name=\"twitter:data1\" content=\"2 minutes\" \/>\n<script type=\"application\/ld+json\" class=\"yoast-schema-graph\">{\"@context\":\"https:\\\/\\\/schema.org\",\"@graph\":[{\"@type\":\"WebPage\",\"@id\":\"https:\\\/\\\/veloaxe.com\\\/producto\\\/sillin-prologo-dimension-eva-tirox-mujer\\\/\",\"url\":\"https:\\\/\\\/veloaxe.com\\\/producto\\\/sillin-prologo-dimension-eva-tirox-mujer\\\/\",\"name\":\"SILLIN PROLOGO DIMENSION EVA TIROX - MUJER | VELOAXE.COM\",\"isPartOf\":{\"@id\":\"https:\\\/\\\/veloaxe.com\\\/#website\"},\"primaryImageOfPage\":{\"@id\":\"https:\\\/\\\/veloaxe.com\\\/producto\\\/sillin-prologo-dimension-eva-tirox-mujer\\\/#primaryimage\"},\"image\":{\"@id\":\"https:\\\/\\\/veloaxe.com\\\/producto\\\/sillin-prologo-dimension-eva-tirox-mujer\\\/#primaryimage\"},\"thumbnailUrl\":\"https:\\\/\\\/veloaxe.com\\\/wp-content\\\/uploads\\\/2025\\\/01\\\/sillin-prologo-dimension-eva.jpg\",\"datePublished\":\"2025-01-09T13:31:40+00:00\",\"dateModified\":\"2025-04-23T06:22:16+00:00\",\"description\":\"SILLIN PROLOGO DIMENSION EVA TIROX MUJER - Todos los sillines PROLOGO est\u00e1n disponibles en nuestro sitio en una amplia variedad de colores.\",\"breadcrumb\":{\"@id\":\"https:\\\/\\\/veloaxe.com\\\/producto\\\/sillin-prologo-dimension-eva-tirox-mujer\\\/#breadcrumb\"},\"inLanguage\":\"fr-FR\",\"potentialAction\":[{\"@type\":\"ReadAction\",\"target\":[\"https:\\\/\\\/veloaxe.com\\\/producto\\\/sillin-prologo-dimension-eva-tirox-mujer\\\/\"]}]},{\"@type\":\"ImageObject\",\"inLanguage\":\"fr-FR\",\"@id\":\"https:\\\/\\\/veloaxe.com\\\/producto\\\/sillin-prologo-dimension-eva-tirox-mujer\\\/#primaryimage\",\"url\":\"https:\\\/\\\/veloaxe.com\\\/wp-content\\\/uploads\\\/2025\\\/01\\\/sillin-prologo-dimension-eva.jpg\",\"contentUrl\":\"https:\\\/\\\/veloaxe.com\\\/wp-content\\\/uploads\\\/2025\\\/01\\\/sillin-prologo-dimension-eva.jpg\",\"width\":800,\"height\":800,\"caption\":\"sillin-prologo-dimension-eva\"},{\"@type\":\"BreadcrumbList\",\"@id\":\"https:\\\/\\\/veloaxe.com\\\/producto\\\/sillin-prologo-dimension-eva-tirox-mujer\\\/#breadcrumb\",\"itemListElement\":[{\"@type\":\"ListItem\",\"position\":1,\"name\":\"Portada\",\"item\":\"https:\\\/\\\/veloaxe.com\\\/\"},{\"@type\":\"ListItem\",\"position\":2,\"name\":\"Shop\",\"item\":\"https:\\\/\\\/paleturquoise-herring-271034.hostingersite.com\\\/shop\\\/\"},{\"@type\":\"ListItem\",\"position\":3,\"name\":\"SILLIN PROLOGO DIMENSION EVA TIROX &#8211; MUJER\"}]},{\"@type\":\"WebSite\",\"@id\":\"https:\\\/\\\/veloaxe.com\\\/#website\",\"url\":\"https:\\\/\\\/veloaxe.com\\\/\",\"name\":\"Tienda de bicicletas | VELOAXE\",\"description\":\"Descubre una amplia selecci\u00f3n de bicicletas de alta calidad, desde modelos urbanos y de monta\u00f1a hasta bicicletas de carretera de \u00faltima generaci\u00f3n. Con un servicio experto y accesorios especializados, estamos comprometidos a brindarte la mejor experiencia ciclista.\",\"publisher\":{\"@id\":\"https:\\\/\\\/veloaxe.com\\\/#organization\"},\"potentialAction\":[{\"@type\":\"SearchAction\",\"target\":{\"@type\":\"EntryPoint\",\"urlTemplate\":\"https:\\\/\\\/veloaxe.com\\\/?s={search_term_string}\"},\"query-input\":{\"@type\":\"PropertyValueSpecification\",\"valueRequired\":true,\"valueName\":\"search_term_string\"}}],\"inLanguage\":\"fr-FR\"},{\"@type\":\"Organization\",\"@id\":\"https:\\\/\\\/veloaxe.com\\\/#organization\",\"name\":\"Tienda de bicicletas | VELOAXE\",\"url\":\"https:\\\/\\\/veloaxe.com\\\/\",\"logo\":{\"@type\":\"ImageObject\",\"inLanguage\":\"fr-FR\",\"@id\":\"https:\\\/\\\/veloaxe.com\\\/#\\\/schema\\\/logo\\\/image\\\/\",\"url\":\"https:\\\/\\\/veloaxe.com\\\/wp-content\\\/uploads\\\/2026\\\/01\\\/cropped-logo-1.jpg\",\"contentUrl\":\"https:\\\/\\\/veloaxe.com\\\/wp-content\\\/uploads\\\/2026\\\/01\\\/cropped-logo-1.jpg\",\"width\":1273,\"height\":363,\"caption\":\"Tienda de bicicletas | VELOAXE\"},\"image\":{\"@id\":\"https:\\\/\\\/veloaxe.com\\\/#\\\/schema\\\/logo\\\/image\\\/\"},\"sameAs\":[\"https:\\\/\\\/www.facebook.com\\\/veloaxe\"]}]}<\/script>\n<!-- \/ Yoast SEO plugin. -->","yoast_head_json":{"title":"SILLIN PROLOGO DIMENSION EVA TIROX - MUJER | VELOAXE.COM","description":"SILLIN PROLOGO DIMENSION EVA TIROX MUJER - Todos los sillines PROLOGO est\u00e1n disponibles en nuestro sitio en una amplia variedad de colores.","robots":{"index":"index","follow":"follow","max-snippet":"max-snippet:-1","max-image-preview":"max-image-preview:large","max-video-preview":"max-video-preview:-1"},"canonical":"https:\/\/veloaxe.com\/fr\/produit\/sillin-prologo-dimension-eva-tirox-mujer\/","og_locale":"fr_FR","og_type":"article","og_title":"SILLIN PROLOGO DIMENSION EVA TIROX - MUJER | VELOAXE.COM","og_description":"SILLIN PROLOGO DIMENSION EVA TIROX MUJER - Todos los sillines PROLOGO est\u00e1n disponibles en nuestro sitio en una amplia variedad de colores.","og_url":"https:\/\/veloaxe.com\/fr\/produit\/sillin-prologo-dimension-eva-tirox-mujer\/","og_site_name":"Tienda de bicicletas | VELOAXE","article_publisher":"https:\/\/www.facebook.com\/veloaxe","article_modified_time":"2025-04-23T06:22:16+00:00","og_image":[{"width":800,"height":800,"url":"https:\/\/veloaxe.com\/wp-content\/uploads\/2025\/01\/sillin-prologo-dimension-eva.jpg","type":"image\/jpeg"}],"twitter_card":"summary_large_image","twitter_misc":{"Dur\u00e9e de lecture estim\u00e9e":"2 minutes"},"schema":{"@context":"https:\/\/schema.org","@graph":[{"@type":"WebPage","@id":"https:\/\/veloaxe.com\/producto\/sillin-prologo-dimension-eva-tirox-mujer\/","url":"https:\/\/veloaxe.com\/producto\/sillin-prologo-dimension-eva-tirox-mujer\/","name":"SILLIN PROLOGO DIMENSION EVA TIROX - MUJER | VELOAXE.COM","isPartOf":{"@id":"https:\/\/veloaxe.com\/#website"},"primaryImageOfPage":{"@id":"https:\/\/veloaxe.com\/producto\/sillin-prologo-dimension-eva-tirox-mujer\/#primaryimage"},"image":{"@id":"https:\/\/veloaxe.com\/producto\/sillin-prologo-dimension-eva-tirox-mujer\/#primaryimage"},"thumbnailUrl":"https:\/\/veloaxe.com\/wp-content\/uploads\/2025\/01\/sillin-prologo-dimension-eva.jpg","datePublished":"2025-01-09T13:31:40+00:00","dateModified":"2025-04-23T06:22:16+00:00","description":"SILLIN PROLOGO DIMENSION EVA TIROX MUJER - Todos los sillines PROLOGO est\u00e1n disponibles en nuestro sitio en una amplia variedad de colores.","breadcrumb":{"@id":"https:\/\/veloaxe.com\/producto\/sillin-prologo-dimension-eva-tirox-mujer\/#breadcrumb"},"inLanguage":"fr-FR","potentialAction":[{"@type":"ReadAction","target":["https:\/\/veloaxe.com\/producto\/sillin-prologo-dimension-eva-tirox-mujer\/"]}]},{"@type":"ImageObject","inLanguage":"fr-FR","@id":"https:\/\/veloaxe.com\/producto\/sillin-prologo-dimension-eva-tirox-mujer\/#primaryimage","url":"https:\/\/veloaxe.com\/wp-content\/uploads\/2025\/01\/sillin-prologo-dimension-eva.jpg","contentUrl":"https:\/\/veloaxe.com\/wp-content\/uploads\/2025\/01\/sillin-prologo-dimension-eva.jpg","width":800,"height":800,"caption":"sillin-prologo-dimension-eva"},{"@type":"BreadcrumbList","@id":"https:\/\/veloaxe.com\/producto\/sillin-prologo-dimension-eva-tirox-mujer\/#breadcrumb","itemListElement":[{"@type":"ListItem","position":1,"name":"Portada","item":"https:\/\/veloaxe.com\/"},{"@type":"ListItem","position":2,"name":"Shop","item":"https:\/\/paleturquoise-herring-271034.hostingersite.com\/shop\/"},{"@type":"ListItem","position":3,"name":"SILLIN PROLOGO DIMENSION EVA TIROX &#8211; MUJER"}]},{"@type":"WebSite","@id":"https:\/\/veloaxe.com\/#website","url":"https:\/\/veloaxe.com\/","name":"Boutique de v\u00e9lo en ligne | VELOAXE","description":"D\u00e9couvrez une large s\u00e9lection de v\u00e9los de haute qualit\u00e9, des mod\u00e8les urbains et de montagne aux v\u00e9los de route de pointe. Avec un service d'experts et des accessoires sp\u00e9cialis\u00e9s, nous nous engageons \u00e0 vous offrir la meilleure exp\u00e9rience de cyclisme.","publisher":{"@id":"https:\/\/veloaxe.com\/#organization"},"potentialAction":[{"@type":"SearchAction","target":{"@type":"EntryPoint","urlTemplate":"https:\/\/veloaxe.com\/?s={search_term_string}"},"query-input":{"@type":"PropertyValueSpecification","valueRequired":true,"valueName":"search_term_string"}}],"inLanguage":"fr-FR"},{"@type":"Organization","@id":"https:\/\/veloaxe.com\/#organization","name":"Boutique de v\u00e9lo en ligne | VELOAXE","url":"https:\/\/veloaxe.com\/","logo":{"@type":"ImageObject","inLanguage":"fr-FR","@id":"https:\/\/veloaxe.com\/#\/schema\/logo\/image\/","url":"https:\/\/veloaxe.com\/wp-content\/uploads\/2026\/01\/cropped-logo-1.jpg","contentUrl":"https:\/\/veloaxe.com\/wp-content\/uploads\/2026\/01\/cropped-logo-1.jpg","width":1273,"height":363,"caption":"Tienda de bicicletas | VELOAXE"},"image":{"@id":"https:\/\/veloaxe.com\/#\/schema\/logo\/image\/"},"sameAs":["https:\/\/www.facebook.com\/veloaxe"]}]}},"_links":{"self":[{"href":"https:\/\/veloaxe.com\/fr\/wp-json\/wp\/v2\/product\/18661","targetHints":{"allow":["GET"]}}],"collection":[{"href":"https:\/\/veloaxe.com\/fr\/wp-json\/wp\/v2\/product"}],"about":[{"href":"https:\/\/veloaxe.com\/fr\/wp-json\/wp\/v2\/types\/product"}],"replies":[{"embeddable":true,"href":"https:\/\/veloaxe.com\/fr\/wp-json\/wp\/v2\/comments?post=18661"}],"wp:featuredmedia":[{"embeddable":true,"href":"https:\/\/veloaxe.com\/fr\/wp-json\/wp\/v2\/media\/18660"}],"wp:attachment":[{"href":"https:\/\/veloaxe.com\/fr\/wp-json\/wp\/v2\/media?parent=18661"}],"wp:term":[{"taxonomy":"product_brand","embeddable":true,"href":"https:\/\/veloaxe.com\/fr\/wp-json\/wp\/v2\/product_brand?post=18661"},{"taxonomy":"product_cat","embeddable":true,"href":"https:\/\/veloaxe.com\/fr\/wp-json\/wp\/v2\/product_cat?post=18661"},{"taxonomy":"product_tag","embeddable":true,"href":"https:\/\/veloaxe.com\/fr\/wp-json\/wp\/v2\/product_tag?post=18661"}],"curies":[{"name":"wp","href":"https:\/\/api.w.org\/{rel}","templated":true}]}}