{"id":18983,"date":"2025-01-15T16:53:07","date_gmt":"2025-01-15T16:53:07","guid":{"rendered":"https:\/\/veloaxe.com\/?post_type=product&#038;p=18983"},"modified":"2025-04-23T05:30:14","modified_gmt":"2025-04-23T05:30:14","slug":"sillin-prologo-nago-c3-nack","status":"publish","type":"product","link":"https:\/\/veloaxe.com\/fr\/producto\/sillin-prologo-nago-c3-nack\/","title":{"rendered":"SILLIN PROLOGO NAGO C3 NACK"},"content":{"rendered":"<p><em><strong>SILLIN PROLOGO NAGO C3 NACK<\/strong><\/em> &#8211; Sill\u00edn semirredondo ideal para carretera. Este sill\u00edn est\u00e1 fabricado con una base de composite de carbono (Prologo C3), un compuesto patentado por Prologo que nos ha permitido realizar un sill\u00edn curvado con un peso inferior a 170 gramos y manteniendo la estabilidad y el rendimiento de sillines m\u00e1s pesados.<\/p>\n<p>Los sillines NAGO C3 est\u00e1n disponibles con el ra\u00edl NACK, en nano fibra de carbono que integra filamentos de Kevlar y aluminio para proporcionar ra\u00edles s\u00faper ligeros y reducir las deformaciones en comparaci\u00f3n con los ra\u00edles de carbono est\u00e1ndar. Di\u00e1metro sobredimensionado 7&#215;9,3mm.<\/p>\n<p><strong>Medidas<\/strong> : 275x139mm<br \/>\n<strong>Peso<\/strong> : 139 grs<\/p>","protected":false},"excerpt":{"rendered":"<p>SILLIN PROLOGO NAGO C3 NACK &#8211; Sill\u00edn semirredondo ideal para carretera. Este sill\u00edn est\u00e1 fabricado con una base de composite de carbono (Prologo C3), un compuesto patentado por Prologo que nos ha permitido realizar un sill\u00edn curvado con un peso inferior a 170 gramos y manteniendo la estabilidad y el rendimiento de sillines m\u00e1s pesados. [&hellip;]<\/p>\n","protected":false},"featured_media":18987,"comment_status":"closed","ping_status":"closed","template":"","meta":[],"product_brand":[],"product_cat":[16,19,225,227],"product_tag":[],"class_list":{"0":"post-18983","1":"product","2":"type-product","3":"status-publish","4":"has-post-thumbnail","6":"product_cat-carretera-gravel-bicicletas","7":"product_cat-componentes-de-bicicletas","8":"product_cat-sillines-carretera-gravel","9":"product_cat-sillines-carretera","10":"product_shipping_class-no-bicicletas","12":"first","13":"instock","14":"sale","15":"shipping-taxable","16":"purchasable","17":"product-type-simple"},"yoast_head":"<!-- This site is optimized with the Yoast SEO plugin v27.6 - https:\/\/yoast.com\/product\/yoast-seo-wordpress\/ -->\n<title>SILLIN PROLOGO NAGO C3 NACK | VELOAXE.COM<\/title>\n<meta name=\"description\" content=\"SILLIN PROLOGO NAGO C3 NACK - Todos los sillines PROLOGO est\u00e1n disponibles en nuestro sitio en una amplia variedad de colores.\" \/>\n<meta name=\"robots\" content=\"index, follow, max-snippet:-1, max-image-preview:large, max-video-preview:-1\" \/>\n<link rel=\"canonical\" href=\"https:\/\/veloaxe.com\/fr\/produit\/sillin-prologo-nago-c3-nack\/\" \/>\n<meta property=\"og:locale\" content=\"fr_FR\" \/>\n<meta property=\"og:type\" content=\"article\" \/>\n<meta property=\"og:title\" content=\"SILLIN PROLOGO NAGO C3 NACK | VELOAXE.COM\" \/>\n<meta property=\"og:description\" content=\"SILLIN PROLOGO NAGO C3 NACK - Todos los sillines PROLOGO est\u00e1n disponibles en nuestro sitio en una amplia variedad de colores.\" \/>\n<meta property=\"og:url\" content=\"https:\/\/veloaxe.com\/fr\/produit\/sillin-prologo-nago-c3-nack\/\" \/>\n<meta property=\"og:site_name\" content=\"Tienda de bicicletas | VELOAXE\" \/>\n<meta property=\"article:publisher\" content=\"https:\/\/www.facebook.com\/veloaxe\" \/>\n<meta property=\"article:modified_time\" content=\"2025-04-23T05:30:14+00:00\" \/>\n<meta property=\"og:image\" content=\"https:\/\/veloaxe.com\/wp-content\/uploads\/2025\/01\/sillin-prologo-nago-c3-nack.jpg\" \/>\n\t<meta property=\"og:image:width\" content=\"800\" \/>\n\t<meta property=\"og:image:height\" content=\"800\" \/>\n\t<meta property=\"og:image:type\" content=\"image\/jpeg\" \/>\n<meta name=\"twitter:card\" content=\"summary_large_image\" \/>\n<meta name=\"twitter:label1\" content=\"Dur\u00e9e de lecture estim\u00e9e\" \/>\n\t<meta name=\"twitter:data1\" content=\"1 minute\" \/>\n<script type=\"application\/ld+json\" class=\"yoast-schema-graph\">{\"@context\":\"https:\\\/\\\/schema.org\",\"@graph\":[{\"@type\":\"WebPage\",\"@id\":\"https:\\\/\\\/veloaxe.com\\\/producto\\\/sillin-prologo-nago-c3-nack\\\/\",\"url\":\"https:\\\/\\\/veloaxe.com\\\/producto\\\/sillin-prologo-nago-c3-nack\\\/\",\"name\":\"SILLIN PROLOGO NAGO C3 NACK | VELOAXE.COM\",\"isPartOf\":{\"@id\":\"https:\\\/\\\/veloaxe.com\\\/#website\"},\"primaryImageOfPage\":{\"@id\":\"https:\\\/\\\/veloaxe.com\\\/producto\\\/sillin-prologo-nago-c3-nack\\\/#primaryimage\"},\"image\":{\"@id\":\"https:\\\/\\\/veloaxe.com\\\/producto\\\/sillin-prologo-nago-c3-nack\\\/#primaryimage\"},\"thumbnailUrl\":\"https:\\\/\\\/veloaxe.com\\\/wp-content\\\/uploads\\\/2025\\\/01\\\/sillin-prologo-nago-c3-nack.jpg\",\"datePublished\":\"2025-01-15T16:53:07+00:00\",\"dateModified\":\"2025-04-23T05:30:14+00:00\",\"description\":\"SILLIN PROLOGO NAGO C3 NACK - Todos los sillines PROLOGO est\u00e1n disponibles en nuestro sitio en una amplia variedad de colores.\",\"breadcrumb\":{\"@id\":\"https:\\\/\\\/veloaxe.com\\\/producto\\\/sillin-prologo-nago-c3-nack\\\/#breadcrumb\"},\"inLanguage\":\"fr-FR\",\"potentialAction\":[{\"@type\":\"ReadAction\",\"target\":[\"https:\\\/\\\/veloaxe.com\\\/producto\\\/sillin-prologo-nago-c3-nack\\\/\"]}]},{\"@type\":\"ImageObject\",\"inLanguage\":\"fr-FR\",\"@id\":\"https:\\\/\\\/veloaxe.com\\\/producto\\\/sillin-prologo-nago-c3-nack\\\/#primaryimage\",\"url\":\"https:\\\/\\\/veloaxe.com\\\/wp-content\\\/uploads\\\/2025\\\/01\\\/sillin-prologo-nago-c3-nack.jpg\",\"contentUrl\":\"https:\\\/\\\/veloaxe.com\\\/wp-content\\\/uploads\\\/2025\\\/01\\\/sillin-prologo-nago-c3-nack.jpg\",\"width\":800,\"height\":800,\"caption\":\"sillin-prologo-nago-c3-nack\"},{\"@type\":\"BreadcrumbList\",\"@id\":\"https:\\\/\\\/veloaxe.com\\\/producto\\\/sillin-prologo-nago-c3-nack\\\/#breadcrumb\",\"itemListElement\":[{\"@type\":\"ListItem\",\"position\":1,\"name\":\"Portada\",\"item\":\"https:\\\/\\\/veloaxe.com\\\/\"},{\"@type\":\"ListItem\",\"position\":2,\"name\":\"Shop\",\"item\":\"https:\\\/\\\/paleturquoise-herring-271034.hostingersite.com\\\/shop\\\/\"},{\"@type\":\"ListItem\",\"position\":3,\"name\":\"SILLIN PROLOGO NAGO C3 NACK\"}]},{\"@type\":\"WebSite\",\"@id\":\"https:\\\/\\\/veloaxe.com\\\/#website\",\"url\":\"https:\\\/\\\/veloaxe.com\\\/\",\"name\":\"Tienda de bicicletas | VELOAXE\",\"description\":\"Descubre una amplia selecci\u00f3n de bicicletas de alta calidad, desde modelos urbanos y de monta\u00f1a hasta bicicletas de carretera de \u00faltima generaci\u00f3n. Con un servicio experto y accesorios especializados, estamos comprometidos a brindarte la mejor experiencia ciclista.\",\"publisher\":{\"@id\":\"https:\\\/\\\/veloaxe.com\\\/#organization\"},\"potentialAction\":[{\"@type\":\"SearchAction\",\"target\":{\"@type\":\"EntryPoint\",\"urlTemplate\":\"https:\\\/\\\/veloaxe.com\\\/?s={search_term_string}\"},\"query-input\":{\"@type\":\"PropertyValueSpecification\",\"valueRequired\":true,\"valueName\":\"search_term_string\"}}],\"inLanguage\":\"fr-FR\"},{\"@type\":\"Organization\",\"@id\":\"https:\\\/\\\/veloaxe.com\\\/#organization\",\"name\":\"Tienda de bicicletas | VELOAXE\",\"url\":\"https:\\\/\\\/veloaxe.com\\\/\",\"logo\":{\"@type\":\"ImageObject\",\"inLanguage\":\"fr-FR\",\"@id\":\"https:\\\/\\\/veloaxe.com\\\/#\\\/schema\\\/logo\\\/image\\\/\",\"url\":\"https:\\\/\\\/veloaxe.com\\\/wp-content\\\/uploads\\\/2026\\\/01\\\/cropped-logo-1.jpg\",\"contentUrl\":\"https:\\\/\\\/veloaxe.com\\\/wp-content\\\/uploads\\\/2026\\\/01\\\/cropped-logo-1.jpg\",\"width\":1273,\"height\":363,\"caption\":\"Tienda de bicicletas | VELOAXE\"},\"image\":{\"@id\":\"https:\\\/\\\/veloaxe.com\\\/#\\\/schema\\\/logo\\\/image\\\/\"},\"sameAs\":[\"https:\\\/\\\/www.facebook.com\\\/veloaxe\"]}]}<\/script>\n<!-- \/ Yoast SEO plugin. -->","yoast_head_json":{"title":"SILLIN PROLOGO NAGO C3 NACK | VELOAXE.COM","description":"SILLIN PROLOGO NAGO C3 NACK - Todos los sillines PROLOGO est\u00e1n disponibles en nuestro sitio en una amplia variedad de colores.","robots":{"index":"index","follow":"follow","max-snippet":"max-snippet:-1","max-image-preview":"max-image-preview:large","max-video-preview":"max-video-preview:-1"},"canonical":"https:\/\/veloaxe.com\/fr\/produit\/sillin-prologo-nago-c3-nack\/","og_locale":"fr_FR","og_type":"article","og_title":"SILLIN PROLOGO NAGO C3 NACK | VELOAXE.COM","og_description":"SILLIN PROLOGO NAGO C3 NACK - Todos los sillines PROLOGO est\u00e1n disponibles en nuestro sitio en una amplia variedad de colores.","og_url":"https:\/\/veloaxe.com\/fr\/produit\/sillin-prologo-nago-c3-nack\/","og_site_name":"Tienda de bicicletas | VELOAXE","article_publisher":"https:\/\/www.facebook.com\/veloaxe","article_modified_time":"2025-04-23T05:30:14+00:00","og_image":[{"width":800,"height":800,"url":"https:\/\/veloaxe.com\/wp-content\/uploads\/2025\/01\/sillin-prologo-nago-c3-nack.jpg","type":"image\/jpeg"}],"twitter_card":"summary_large_image","twitter_misc":{"Dur\u00e9e de lecture estim\u00e9e":"1 minute"},"schema":{"@context":"https:\/\/schema.org","@graph":[{"@type":"WebPage","@id":"https:\/\/veloaxe.com\/producto\/sillin-prologo-nago-c3-nack\/","url":"https:\/\/veloaxe.com\/producto\/sillin-prologo-nago-c3-nack\/","name":"SILLIN PROLOGO NAGO C3 NACK | VELOAXE.COM","isPartOf":{"@id":"https:\/\/veloaxe.com\/#website"},"primaryImageOfPage":{"@id":"https:\/\/veloaxe.com\/producto\/sillin-prologo-nago-c3-nack\/#primaryimage"},"image":{"@id":"https:\/\/veloaxe.com\/producto\/sillin-prologo-nago-c3-nack\/#primaryimage"},"thumbnailUrl":"https:\/\/veloaxe.com\/wp-content\/uploads\/2025\/01\/sillin-prologo-nago-c3-nack.jpg","datePublished":"2025-01-15T16:53:07+00:00","dateModified":"2025-04-23T05:30:14+00:00","description":"SILLIN PROLOGO NAGO C3 NACK - Todos los sillines PROLOGO est\u00e1n disponibles en nuestro sitio en una amplia variedad de colores.","breadcrumb":{"@id":"https:\/\/veloaxe.com\/producto\/sillin-prologo-nago-c3-nack\/#breadcrumb"},"inLanguage":"fr-FR","potentialAction":[{"@type":"ReadAction","target":["https:\/\/veloaxe.com\/producto\/sillin-prologo-nago-c3-nack\/"]}]},{"@type":"ImageObject","inLanguage":"fr-FR","@id":"https:\/\/veloaxe.com\/producto\/sillin-prologo-nago-c3-nack\/#primaryimage","url":"https:\/\/veloaxe.com\/wp-content\/uploads\/2025\/01\/sillin-prologo-nago-c3-nack.jpg","contentUrl":"https:\/\/veloaxe.com\/wp-content\/uploads\/2025\/01\/sillin-prologo-nago-c3-nack.jpg","width":800,"height":800,"caption":"sillin-prologo-nago-c3-nack"},{"@type":"BreadcrumbList","@id":"https:\/\/veloaxe.com\/producto\/sillin-prologo-nago-c3-nack\/#breadcrumb","itemListElement":[{"@type":"ListItem","position":1,"name":"Portada","item":"https:\/\/veloaxe.com\/"},{"@type":"ListItem","position":2,"name":"Shop","item":"https:\/\/paleturquoise-herring-271034.hostingersite.com\/shop\/"},{"@type":"ListItem","position":3,"name":"SILLIN PROLOGO NAGO C3 NACK"}]},{"@type":"WebSite","@id":"https:\/\/veloaxe.com\/#website","url":"https:\/\/veloaxe.com\/","name":"Boutique de v\u00e9lo en ligne | VELOAXE","description":"D\u00e9couvrez une large s\u00e9lection de v\u00e9los de haute qualit\u00e9, des mod\u00e8les urbains et de montagne aux v\u00e9los de route de pointe. Avec un service d'experts et des accessoires sp\u00e9cialis\u00e9s, nous nous engageons \u00e0 vous offrir la meilleure exp\u00e9rience de cyclisme.","publisher":{"@id":"https:\/\/veloaxe.com\/#organization"},"potentialAction":[{"@type":"SearchAction","target":{"@type":"EntryPoint","urlTemplate":"https:\/\/veloaxe.com\/?s={search_term_string}"},"query-input":{"@type":"PropertyValueSpecification","valueRequired":true,"valueName":"search_term_string"}}],"inLanguage":"fr-FR"},{"@type":"Organization","@id":"https:\/\/veloaxe.com\/#organization","name":"Boutique de v\u00e9lo en ligne | VELOAXE","url":"https:\/\/veloaxe.com\/","logo":{"@type":"ImageObject","inLanguage":"fr-FR","@id":"https:\/\/veloaxe.com\/#\/schema\/logo\/image\/","url":"https:\/\/veloaxe.com\/wp-content\/uploads\/2026\/01\/cropped-logo-1.jpg","contentUrl":"https:\/\/veloaxe.com\/wp-content\/uploads\/2026\/01\/cropped-logo-1.jpg","width":1273,"height":363,"caption":"Tienda de bicicletas | VELOAXE"},"image":{"@id":"https:\/\/veloaxe.com\/#\/schema\/logo\/image\/"},"sameAs":["https:\/\/www.facebook.com\/veloaxe"]}]}},"_links":{"self":[{"href":"https:\/\/veloaxe.com\/fr\/wp-json\/wp\/v2\/product\/18983","targetHints":{"allow":["GET"]}}],"collection":[{"href":"https:\/\/veloaxe.com\/fr\/wp-json\/wp\/v2\/product"}],"about":[{"href":"https:\/\/veloaxe.com\/fr\/wp-json\/wp\/v2\/types\/product"}],"replies":[{"embeddable":true,"href":"https:\/\/veloaxe.com\/fr\/wp-json\/wp\/v2\/comments?post=18983"}],"wp:featuredmedia":[{"embeddable":true,"href":"https:\/\/veloaxe.com\/fr\/wp-json\/wp\/v2\/media\/18987"}],"wp:attachment":[{"href":"https:\/\/veloaxe.com\/fr\/wp-json\/wp\/v2\/media?parent=18983"}],"wp:term":[{"taxonomy":"product_brand","embeddable":true,"href":"https:\/\/veloaxe.com\/fr\/wp-json\/wp\/v2\/product_brand?post=18983"},{"taxonomy":"product_cat","embeddable":true,"href":"https:\/\/veloaxe.com\/fr\/wp-json\/wp\/v2\/product_cat?post=18983"},{"taxonomy":"product_tag","embeddable":true,"href":"https:\/\/veloaxe.com\/fr\/wp-json\/wp\/v2\/product_tag?post=18983"}],"curies":[{"name":"wp","href":"https:\/\/api.w.org\/{rel}","templated":true}]}}