{"id":19080,"date":"2025-01-17T08:27:55","date_gmt":"2025-01-17T08:27:55","guid":{"rendered":"https:\/\/veloaxe.com\/?post_type=product&#038;p=19080"},"modified":"2025-04-23T05:09:54","modified_gmt":"2025-04-23T05:09:54","slug":"sillin-prologo-nago-r4-pas-tirox","status":"publish","type":"product","link":"https:\/\/veloaxe.com\/fr\/producto\/sillin-prologo-nago-r4-pas-tirox\/","title":{"rendered":"SILLIN PROLOGO NAGO R4 PAS TIROX"},"content":{"rendered":"<p>Il<em><strong> SILLIN PROLOGO NAGO R4 PAS<\/strong><\/em> (Redesign 4) es la evoluci\u00f3n del ic\u00f3nico NAGO, el sill\u00edn Prologo creado en 2008 y ya ganador de un Giro de Italia y de numerosas Cl\u00e1sicas a lo largo de los a\u00f1os. Dise\u00f1ado a partir de las necesidades de los equipos profesionales apoyados por Prologo, el nuevo sill\u00edn ha sido perfeccionado gracias a las pruebas \u201cPressure Map MyOwn\u201d, para satisfacer las necesidades de todos los ciclistas que buscan el m\u00e1ximo rendimiento y comodidad incluso en recorridos largos.<\/p>\n<p>Dimensiones compactas con una longitud de 245 mm y forma de T, con un centro anat\u00f3mico ligeramente adelantado, para ofrecer una buena libertad de movimientos sobre el sill\u00edn y maximizar la eficiencia del pedaleo en todas las posiciones. La forma ergon\u00f3mica semicircular tambi\u00e9n hace que el nuevo NAGO R4 PAS sea ideal para ciclistas con flexibilidad media en t\u00e9rminos de rotaci\u00f3n p\u00e9lvica.<\/p>\n<p>La forma ergon\u00f3mica semicircular hace que el NAGO R4 PAS sea ideal para ciclistas con una flexibilidad media de rotaci\u00f3n p\u00e9lvica, mientras que el ancho reducido de solo 137 mm es adecuado para personas con un ancho de isquiones no demasiado amplio.<\/p>\n<p>La versi\u00f3n abierta NAGO R4 PAS presenta dos secciones separadas completamente independientes, realizadas con espumas de densidad variable de \u00faltima generaci\u00f3n, para garantizar un excelente soporte y el confort adecuado durante todas las fases del pedaleo. En el centro, el sistema Prologo PAS: un amplio canal central y una base perforada, para eliminar los picos de presi\u00f3n incluso durante el m\u00e1ximo empuje de los pedales.<\/p>\n<p>La base est\u00e1 realizada en fibra larga de carbono, un material que ofrece un excelente compromiso entre rigidez y confort.<\/p>\n<p><strong>Medidas<\/strong> : 245x137mm<br \/>\n<strong>Peso<\/strong> : 191 grs<\/p>","protected":false},"excerpt":{"rendered":"<p>El SILLIN PROLOGO NAGO R4 PAS (Redesign 4) es la evoluci\u00f3n del ic\u00f3nico NAGO, el sill\u00edn Prologo creado en 2008 y ya ganador de un Giro de Italia y de numerosas Cl\u00e1sicas a lo largo de los a\u00f1os. Dise\u00f1ado a partir de las necesidades de los equipos profesionales apoyados por Prologo, el nuevo sill\u00edn ha [&hellip;]<\/p>\n","protected":false},"featured_media":19081,"comment_status":"closed","ping_status":"closed","template":"","meta":[],"product_brand":[],"product_cat":[16,19,225,227],"product_tag":[],"class_list":{"0":"post-19080","1":"product","2":"type-product","3":"status-publish","4":"has-post-thumbnail","6":"product_cat-carretera-gravel-bicicletas","7":"product_cat-componentes-de-bicicletas","8":"product_cat-sillines-carretera-gravel","9":"product_cat-sillines-carretera","10":"product_shipping_class-no-bicicletas","12":"first","13":"instock","14":"sale","15":"shipping-taxable","16":"purchasable","17":"product-type-simple"},"yoast_head":"<!-- This site is optimized with the Yoast SEO plugin v27.6 - https:\/\/yoast.com\/product\/yoast-seo-wordpress\/ -->\n<title>SILLIN PROLOGO NAGO R4 147 TIROX | VELOAXE.COM<\/title>\n<meta name=\"description\" content=\"SILLIN PROLOGO NAGO R4 PAS TIROX - Todos los sillines PROLOGO est\u00e1n disponibles en nuestro sitio en una amplia variedad de colores.\" \/>\n<meta name=\"robots\" content=\"index, follow, max-snippet:-1, max-image-preview:large, max-video-preview:-1\" \/>\n<link rel=\"canonical\" href=\"https:\/\/veloaxe.com\/fr\/produit\/sillin-prologo-nago-r4-pas-tirox\/\" \/>\n<meta property=\"og:locale\" content=\"fr_FR\" \/>\n<meta property=\"og:type\" content=\"article\" \/>\n<meta property=\"og:title\" content=\"SILLIN PROLOGO NAGO R4 147 TIROX | VELOAXE.COM\" \/>\n<meta property=\"og:description\" content=\"SILLIN PROLOGO NAGO R4 PAS TIROX - Todos los sillines PROLOGO est\u00e1n disponibles en nuestro sitio en una amplia variedad de colores.\" \/>\n<meta property=\"og:url\" content=\"https:\/\/veloaxe.com\/fr\/produit\/sillin-prologo-nago-r4-pas-tirox\/\" \/>\n<meta property=\"og:site_name\" content=\"Tienda de bicicletas | VELOAXE\" \/>\n<meta property=\"article:publisher\" content=\"https:\/\/www.facebook.com\/veloaxe\" \/>\n<meta property=\"article:modified_time\" content=\"2025-04-23T05:09:54+00:00\" \/>\n<meta property=\"og:image\" content=\"https:\/\/veloaxe.com\/wp-content\/uploads\/2025\/01\/sillin-prologo-r4-pas.jpg\" \/>\n\t<meta property=\"og:image:width\" content=\"800\" \/>\n\t<meta property=\"og:image:height\" content=\"800\" \/>\n\t<meta property=\"og:image:type\" content=\"image\/jpeg\" \/>\n<meta name=\"twitter:card\" content=\"summary_large_image\" \/>\n<meta name=\"twitter:label1\" content=\"Dur\u00e9e de lecture estim\u00e9e\" \/>\n\t<meta name=\"twitter:data1\" content=\"2 minutes\" \/>\n<script type=\"application\/ld+json\" class=\"yoast-schema-graph\">{\"@context\":\"https:\\\/\\\/schema.org\",\"@graph\":[{\"@type\":\"WebPage\",\"@id\":\"https:\\\/\\\/veloaxe.com\\\/producto\\\/sillin-prologo-nago-r4-pas-tirox\\\/\",\"url\":\"https:\\\/\\\/veloaxe.com\\\/producto\\\/sillin-prologo-nago-r4-pas-tirox\\\/\",\"name\":\"SILLIN PROLOGO NAGO R4 147 TIROX | VELOAXE.COM\",\"isPartOf\":{\"@id\":\"https:\\\/\\\/veloaxe.com\\\/#website\"},\"primaryImageOfPage\":{\"@id\":\"https:\\\/\\\/veloaxe.com\\\/producto\\\/sillin-prologo-nago-r4-pas-tirox\\\/#primaryimage\"},\"image\":{\"@id\":\"https:\\\/\\\/veloaxe.com\\\/producto\\\/sillin-prologo-nago-r4-pas-tirox\\\/#primaryimage\"},\"thumbnailUrl\":\"https:\\\/\\\/veloaxe.com\\\/wp-content\\\/uploads\\\/2025\\\/01\\\/sillin-prologo-r4-pas.jpg\",\"datePublished\":\"2025-01-17T08:27:55+00:00\",\"dateModified\":\"2025-04-23T05:09:54+00:00\",\"description\":\"SILLIN PROLOGO NAGO R4 PAS TIROX - Todos los sillines PROLOGO est\u00e1n disponibles en nuestro sitio en una amplia variedad de colores.\",\"breadcrumb\":{\"@id\":\"https:\\\/\\\/veloaxe.com\\\/producto\\\/sillin-prologo-nago-r4-pas-tirox\\\/#breadcrumb\"},\"inLanguage\":\"fr-FR\",\"potentialAction\":[{\"@type\":\"ReadAction\",\"target\":[\"https:\\\/\\\/veloaxe.com\\\/producto\\\/sillin-prologo-nago-r4-pas-tirox\\\/\"]}]},{\"@type\":\"ImageObject\",\"inLanguage\":\"fr-FR\",\"@id\":\"https:\\\/\\\/veloaxe.com\\\/producto\\\/sillin-prologo-nago-r4-pas-tirox\\\/#primaryimage\",\"url\":\"https:\\\/\\\/veloaxe.com\\\/wp-content\\\/uploads\\\/2025\\\/01\\\/sillin-prologo-r4-pas.jpg\",\"contentUrl\":\"https:\\\/\\\/veloaxe.com\\\/wp-content\\\/uploads\\\/2025\\\/01\\\/sillin-prologo-r4-pas.jpg\",\"width\":800,\"height\":800,\"caption\":\"sillin-prologo-r4-pas\"},{\"@type\":\"BreadcrumbList\",\"@id\":\"https:\\\/\\\/veloaxe.com\\\/producto\\\/sillin-prologo-nago-r4-pas-tirox\\\/#breadcrumb\",\"itemListElement\":[{\"@type\":\"ListItem\",\"position\":1,\"name\":\"Portada\",\"item\":\"https:\\\/\\\/veloaxe.com\\\/\"},{\"@type\":\"ListItem\",\"position\":2,\"name\":\"Shop\",\"item\":\"https:\\\/\\\/paleturquoise-herring-271034.hostingersite.com\\\/shop\\\/\"},{\"@type\":\"ListItem\",\"position\":3,\"name\":\"SILLIN PROLOGO NAGO R4 PAS TIROX\"}]},{\"@type\":\"WebSite\",\"@id\":\"https:\\\/\\\/veloaxe.com\\\/#website\",\"url\":\"https:\\\/\\\/veloaxe.com\\\/\",\"name\":\"Tienda de bicicletas | VELOAXE\",\"description\":\"Descubre una amplia selecci\u00f3n de bicicletas de alta calidad, desde modelos urbanos y de monta\u00f1a hasta bicicletas de carretera de \u00faltima generaci\u00f3n. Con un servicio experto y accesorios especializados, estamos comprometidos a brindarte la mejor experiencia ciclista.\",\"publisher\":{\"@id\":\"https:\\\/\\\/veloaxe.com\\\/#organization\"},\"potentialAction\":[{\"@type\":\"SearchAction\",\"target\":{\"@type\":\"EntryPoint\",\"urlTemplate\":\"https:\\\/\\\/veloaxe.com\\\/?s={search_term_string}\"},\"query-input\":{\"@type\":\"PropertyValueSpecification\",\"valueRequired\":true,\"valueName\":\"search_term_string\"}}],\"inLanguage\":\"fr-FR\"},{\"@type\":\"Organization\",\"@id\":\"https:\\\/\\\/veloaxe.com\\\/#organization\",\"name\":\"Tienda de bicicletas | VELOAXE\",\"url\":\"https:\\\/\\\/veloaxe.com\\\/\",\"logo\":{\"@type\":\"ImageObject\",\"inLanguage\":\"fr-FR\",\"@id\":\"https:\\\/\\\/veloaxe.com\\\/#\\\/schema\\\/logo\\\/image\\\/\",\"url\":\"https:\\\/\\\/veloaxe.com\\\/wp-content\\\/uploads\\\/2026\\\/01\\\/cropped-logo-1.jpg\",\"contentUrl\":\"https:\\\/\\\/veloaxe.com\\\/wp-content\\\/uploads\\\/2026\\\/01\\\/cropped-logo-1.jpg\",\"width\":1273,\"height\":363,\"caption\":\"Tienda de bicicletas | VELOAXE\"},\"image\":{\"@id\":\"https:\\\/\\\/veloaxe.com\\\/#\\\/schema\\\/logo\\\/image\\\/\"},\"sameAs\":[\"https:\\\/\\\/www.facebook.com\\\/veloaxe\"]}]}<\/script>\n<!-- \/ Yoast SEO plugin. -->","yoast_head_json":{"title":"SILLIN PROLOGO NAGO R4 147 TIROX | VELOAXE.COM","description":"SILLIN PROLOGO NAGO R4 PAS TIROX - Todos los sillines PROLOGO est\u00e1n disponibles en nuestro sitio en una amplia variedad de colores.","robots":{"index":"index","follow":"follow","max-snippet":"max-snippet:-1","max-image-preview":"max-image-preview:large","max-video-preview":"max-video-preview:-1"},"canonical":"https:\/\/veloaxe.com\/fr\/produit\/sillin-prologo-nago-r4-pas-tirox\/","og_locale":"fr_FR","og_type":"article","og_title":"SILLIN PROLOGO NAGO R4 147 TIROX | VELOAXE.COM","og_description":"SILLIN PROLOGO NAGO R4 PAS TIROX - Todos los sillines PROLOGO est\u00e1n disponibles en nuestro sitio en una amplia variedad de colores.","og_url":"https:\/\/veloaxe.com\/fr\/produit\/sillin-prologo-nago-r4-pas-tirox\/","og_site_name":"Tienda de bicicletas | VELOAXE","article_publisher":"https:\/\/www.facebook.com\/veloaxe","article_modified_time":"2025-04-23T05:09:54+00:00","og_image":[{"width":800,"height":800,"url":"https:\/\/veloaxe.com\/wp-content\/uploads\/2025\/01\/sillin-prologo-r4-pas.jpg","type":"image\/jpeg"}],"twitter_card":"summary_large_image","twitter_misc":{"Dur\u00e9e de lecture estim\u00e9e":"2 minutes"},"schema":{"@context":"https:\/\/schema.org","@graph":[{"@type":"WebPage","@id":"https:\/\/veloaxe.com\/producto\/sillin-prologo-nago-r4-pas-tirox\/","url":"https:\/\/veloaxe.com\/producto\/sillin-prologo-nago-r4-pas-tirox\/","name":"SILLIN PROLOGO NAGO R4 147 TIROX | VELOAXE.COM","isPartOf":{"@id":"https:\/\/veloaxe.com\/#website"},"primaryImageOfPage":{"@id":"https:\/\/veloaxe.com\/producto\/sillin-prologo-nago-r4-pas-tirox\/#primaryimage"},"image":{"@id":"https:\/\/veloaxe.com\/producto\/sillin-prologo-nago-r4-pas-tirox\/#primaryimage"},"thumbnailUrl":"https:\/\/veloaxe.com\/wp-content\/uploads\/2025\/01\/sillin-prologo-r4-pas.jpg","datePublished":"2025-01-17T08:27:55+00:00","dateModified":"2025-04-23T05:09:54+00:00","description":"SILLIN PROLOGO NAGO R4 PAS TIROX - Todos los sillines PROLOGO est\u00e1n disponibles en nuestro sitio en una amplia variedad de colores.","breadcrumb":{"@id":"https:\/\/veloaxe.com\/producto\/sillin-prologo-nago-r4-pas-tirox\/#breadcrumb"},"inLanguage":"fr-FR","potentialAction":[{"@type":"ReadAction","target":["https:\/\/veloaxe.com\/producto\/sillin-prologo-nago-r4-pas-tirox\/"]}]},{"@type":"ImageObject","inLanguage":"fr-FR","@id":"https:\/\/veloaxe.com\/producto\/sillin-prologo-nago-r4-pas-tirox\/#primaryimage","url":"https:\/\/veloaxe.com\/wp-content\/uploads\/2025\/01\/sillin-prologo-r4-pas.jpg","contentUrl":"https:\/\/veloaxe.com\/wp-content\/uploads\/2025\/01\/sillin-prologo-r4-pas.jpg","width":800,"height":800,"caption":"sillin-prologo-r4-pas"},{"@type":"BreadcrumbList","@id":"https:\/\/veloaxe.com\/producto\/sillin-prologo-nago-r4-pas-tirox\/#breadcrumb","itemListElement":[{"@type":"ListItem","position":1,"name":"Portada","item":"https:\/\/veloaxe.com\/"},{"@type":"ListItem","position":2,"name":"Shop","item":"https:\/\/paleturquoise-herring-271034.hostingersite.com\/shop\/"},{"@type":"ListItem","position":3,"name":"SILLIN PROLOGO NAGO R4 PAS TIROX"}]},{"@type":"WebSite","@id":"https:\/\/veloaxe.com\/#website","url":"https:\/\/veloaxe.com\/","name":"Boutique de v\u00e9lo en ligne | VELOAXE","description":"D\u00e9couvrez une large s\u00e9lection de v\u00e9los de haute qualit\u00e9, des mod\u00e8les urbains et de montagne aux v\u00e9los de route de pointe. Avec un service d'experts et des accessoires sp\u00e9cialis\u00e9s, nous nous engageons \u00e0 vous offrir la meilleure exp\u00e9rience de cyclisme.","publisher":{"@id":"https:\/\/veloaxe.com\/#organization"},"potentialAction":[{"@type":"SearchAction","target":{"@type":"EntryPoint","urlTemplate":"https:\/\/veloaxe.com\/?s={search_term_string}"},"query-input":{"@type":"PropertyValueSpecification","valueRequired":true,"valueName":"search_term_string"}}],"inLanguage":"fr-FR"},{"@type":"Organization","@id":"https:\/\/veloaxe.com\/#organization","name":"Boutique de v\u00e9lo en ligne | VELOAXE","url":"https:\/\/veloaxe.com\/","logo":{"@type":"ImageObject","inLanguage":"fr-FR","@id":"https:\/\/veloaxe.com\/#\/schema\/logo\/image\/","url":"https:\/\/veloaxe.com\/wp-content\/uploads\/2026\/01\/cropped-logo-1.jpg","contentUrl":"https:\/\/veloaxe.com\/wp-content\/uploads\/2026\/01\/cropped-logo-1.jpg","width":1273,"height":363,"caption":"Tienda de bicicletas | VELOAXE"},"image":{"@id":"https:\/\/veloaxe.com\/#\/schema\/logo\/image\/"},"sameAs":["https:\/\/www.facebook.com\/veloaxe"]}]}},"_links":{"self":[{"href":"https:\/\/veloaxe.com\/fr\/wp-json\/wp\/v2\/product\/19080","targetHints":{"allow":["GET"]}}],"collection":[{"href":"https:\/\/veloaxe.com\/fr\/wp-json\/wp\/v2\/product"}],"about":[{"href":"https:\/\/veloaxe.com\/fr\/wp-json\/wp\/v2\/types\/product"}],"replies":[{"embeddable":true,"href":"https:\/\/veloaxe.com\/fr\/wp-json\/wp\/v2\/comments?post=19080"}],"wp:featuredmedia":[{"embeddable":true,"href":"https:\/\/veloaxe.com\/fr\/wp-json\/wp\/v2\/media\/19081"}],"wp:attachment":[{"href":"https:\/\/veloaxe.com\/fr\/wp-json\/wp\/v2\/media?parent=19080"}],"wp:term":[{"taxonomy":"product_brand","embeddable":true,"href":"https:\/\/veloaxe.com\/fr\/wp-json\/wp\/v2\/product_brand?post=19080"},{"taxonomy":"product_cat","embeddable":true,"href":"https:\/\/veloaxe.com\/fr\/wp-json\/wp\/v2\/product_cat?post=19080"},{"taxonomy":"product_tag","embeddable":true,"href":"https:\/\/veloaxe.com\/fr\/wp-json\/wp\/v2\/product_tag?post=19080"}],"curies":[{"name":"wp","href":"https:\/\/api.w.org\/{rel}","templated":true}]}}