{"id":19084,"date":"2025-01-17T08:50:39","date_gmt":"2025-01-17T08:50:39","guid":{"rendered":"https:\/\/veloaxe.com\/?post_type=product&#038;p=19084"},"modified":"2025-04-23T05:04:23","modified_gmt":"2025-04-23T05:04:23","slug":"sillin-prologo-nago-r4-pas-3d-nack","status":"publish","type":"product","link":"https:\/\/veloaxe.com\/fr\/producto\/sillin-prologo-nago-r4-pas-3d-nack\/","title":{"rendered":"SILLIN PROLOGO NAGO R4 PAS 3D NACK"},"content":{"rendered":"<p>La <em><strong>SILLIN PROLOGO NAGO R4 PAS 3DMSS<\/strong><\/em> presenta la misma forma ergon\u00f3mica en T y dimensiones compactas (245&#215;137 mm) que el NAGO R4, el nuevo sill\u00edn multidisciplinar ya adoptado por varios profesionales como Tadej Poga\u010dar, Mark Cavendish, Geraint Thomas, Pello Bilbao y Alberto Bettiol.<\/p>\n<p><em><strong>DISE\u00d1ADO POR AN\u00c1LISIS DE PRUEBA DE PRESI\u00d3N :<\/strong><\/em><\/p>\n<p>NAGO R4 PAS 3DMSS nace del estudio de los tests Pressure Map MyOwn, el sistema propietario de Prologo que ha permitido analizar cient\u00edficamente las zonas de presi\u00f3n ejercidas sobre el sill\u00edn por diversos ciclistas profesionales y amateurs.<\/p>\n<p>Los datos recogidos nos han permitido dise\u00f1ar y crear un sill\u00edn 3D extremadamente ligero, con una cubierta compuesta por sectores separados capaz de adaptarse mejor a las diferentes zonas de presi\u00f3n y garantizar el m\u00e1ximo soporte y confort durante todas las fases del pedaleo.<\/p>\n<p><em><strong>3DMSS, LA TECNOLOG\u00cdA DE SISTEMAS MULTISECTORIAL SE PASA AL 3D :<\/strong><\/em><\/p>\n<p>La cubierta del nuevo NAGO R4 PAS 3DMSS combina la tecnolog\u00eda MSS &#8211; Multi Sector System con un innovador proceso de impresi\u00f3n 3D, que ha permitido crear cinco sectores separados para cada lado del sill\u00edn, capaces de adaptarse de forma \u00f3ptima a las zonas de presi\u00f3n individuales. Ejercitar y apoyar la morfolog\u00eda del ciclista.<\/p>\n<p>Cada sector presenta diferentes formas geom\u00e9tricas complejas, densidades variables y diferentes coeficientes el\u00e1sticos, en funci\u00f3n de la posici\u00f3n y funci\u00f3n:<\/p>\n<p>la secci\u00f3n trasera tiene una alta densidad y un alto coeficiente el\u00e1stico, para ofrecer un mayor soporte a los huesos isqui\u00e1ticos y facilitar la fase de tracci\u00f3n del pedaleo;<br \/>\nlas 3 secciones centrales, por su parte, tienen una densidad baja y un coeficiente el\u00e1stico medio, para ofrecer el m\u00e1ximo confort donde reposan los tejidos blandos;<br \/>\nLa secci\u00f3n delantera finalmente tiene una densidad media y un coeficiente el\u00e1stico bajo para ofrecer un buen soporte incluso cuando es necesario pedalear en la punta del sill\u00edn.<\/p>\n<p><em><strong>COMODIDAD Y RENDIMIENTO, CON UN PESO R\u00c9CORD PARA UN SILL\u00cdN 3D :<\/strong><\/em><\/p>\n<p>Parte de nuestros esfuerzos de dise\u00f1o tambi\u00e9n se centraron en mejorar un punto d\u00e9bil t\u00edpico de los sillines fabricados en 3D: su peso, que es notoriamente superior al de los sillines tradicionales.<\/p>\n<p>Gracias a los datos obtenidos en las pruebas Pressure Map MyOwn, fue posible identificar las zonas del sill\u00edn donde las presiones aplicadas fueron menores. Las secciones de la cubierta correspondientes a estas zonas han sido creadas con formas geom\u00e9tricas 3D espec\u00edficas, dise\u00f1adas para limitar el material utilizado, sin comprometer la comodidad ni limitar el rendimiento del sill\u00edn.<\/p>\n<p>La base de carbono de fibra larga inyectada y el riel Nack (Nano Carbon Fiber) contribuyen a reducir a\u00fan m\u00e1s el peso general, al tiempo que garantizan la m\u00e1xima rigidez.<\/p>\n<p>\u00bfEl resultado? El peso del nuevo NAGO R4 PAS 3DMSS es de solo 149 gramos. El peso m\u00e1s bajo jam\u00e1s visto, comparado con todos los modelos 3D que hay actualmente en el mercado.<\/p>\n<p><strong>Medidas<\/strong> : 245x147mm<br \/>\n<strong>Peso<\/strong> : 203 grs<\/p>","protected":false},"excerpt":{"rendered":"<p>La SILLIN PROLOGO NAGO R4 PAS 3DMSS presenta la misma forma ergon\u00f3mica en T y dimensiones compactas (245&#215;137 mm) que el NAGO R4, el nuevo sill\u00edn multidisciplinar ya adoptado por varios profesionales como Tadej Poga\u010dar, Mark Cavendish, Geraint Thomas, Pello Bilbao y Alberto Bettiol. DISE\u00d1ADO POR AN\u00c1LISIS DE PRUEBA DE PRESI\u00d3N : NAGO R4 PAS [&hellip;]<\/p>\n","protected":false},"featured_media":19081,"comment_status":"closed","ping_status":"closed","template":"","meta":[],"product_brand":[],"product_cat":[16,19,225,227],"product_tag":[],"class_list":{"0":"post-19084","1":"product","2":"type-product","3":"status-publish","4":"has-post-thumbnail","6":"product_cat-carretera-gravel-bicicletas","7":"product_cat-componentes-de-bicicletas","8":"product_cat-sillines-carretera-gravel","9":"product_cat-sillines-carretera","10":"product_shipping_class-no-bicicletas","12":"first","13":"instock","14":"sale","15":"shipping-taxable","16":"purchasable","17":"product-type-simple"},"yoast_head":"<!-- This site is optimized with the Yoast SEO plugin v27.6 - https:\/\/yoast.com\/product\/yoast-seo-wordpress\/ -->\n<title>SILLIN PROLOGO NAGO R4 PAS 3D NACK | VELOAXE.COM<\/title>\n<meta name=\"description\" content=\"SILLIN PROLOGO NAGO R4 PAS 3D NACK - Todos los sillines PROLOGO est\u00e1n disponibles en nuestro sitio en una amplia variedad de colores.\" \/>\n<meta name=\"robots\" content=\"index, follow, max-snippet:-1, max-image-preview:large, max-video-preview:-1\" \/>\n<link rel=\"canonical\" href=\"https:\/\/veloaxe.com\/fr\/produit\/sillin-prologo-nago-r4-pas-3d-nack\/\" \/>\n<meta property=\"og:locale\" content=\"fr_FR\" \/>\n<meta property=\"og:type\" content=\"article\" \/>\n<meta property=\"og:title\" content=\"SILLIN PROLOGO NAGO R4 PAS 3D NACK | VELOAXE.COM\" \/>\n<meta property=\"og:description\" content=\"SILLIN PROLOGO NAGO R4 PAS 3D NACK - Todos los sillines PROLOGO est\u00e1n disponibles en nuestro sitio en una amplia variedad de colores.\" \/>\n<meta property=\"og:url\" content=\"https:\/\/veloaxe.com\/fr\/produit\/sillin-prologo-nago-r4-pas-3d-nack\/\" \/>\n<meta property=\"og:site_name\" content=\"Tienda de bicicletas | VELOAXE\" \/>\n<meta property=\"article:publisher\" content=\"https:\/\/www.facebook.com\/veloaxe\" \/>\n<meta property=\"article:modified_time\" content=\"2025-04-23T05:04:23+00:00\" \/>\n<meta property=\"og:image\" content=\"https:\/\/veloaxe.com\/wp-content\/uploads\/2025\/01\/sillin-prologo-r4-pas.jpg\" \/>\n\t<meta property=\"og:image:width\" content=\"800\" \/>\n\t<meta property=\"og:image:height\" content=\"800\" \/>\n\t<meta property=\"og:image:type\" content=\"image\/jpeg\" \/>\n<meta name=\"twitter:card\" content=\"summary_large_image\" \/>\n<meta name=\"twitter:label1\" content=\"Dur\u00e9e de lecture estim\u00e9e\" \/>\n\t<meta name=\"twitter:data1\" content=\"3 minutes\" \/>\n<script type=\"application\/ld+json\" class=\"yoast-schema-graph\">{\"@context\":\"https:\\\/\\\/schema.org\",\"@graph\":[{\"@type\":\"WebPage\",\"@id\":\"https:\\\/\\\/veloaxe.com\\\/producto\\\/sillin-prologo-nago-r4-pas-3d-nack\\\/\",\"url\":\"https:\\\/\\\/veloaxe.com\\\/producto\\\/sillin-prologo-nago-r4-pas-3d-nack\\\/\",\"name\":\"SILLIN PROLOGO NAGO R4 PAS 3D NACK | VELOAXE.COM\",\"isPartOf\":{\"@id\":\"https:\\\/\\\/veloaxe.com\\\/#website\"},\"primaryImageOfPage\":{\"@id\":\"https:\\\/\\\/veloaxe.com\\\/producto\\\/sillin-prologo-nago-r4-pas-3d-nack\\\/#primaryimage\"},\"image\":{\"@id\":\"https:\\\/\\\/veloaxe.com\\\/producto\\\/sillin-prologo-nago-r4-pas-3d-nack\\\/#primaryimage\"},\"thumbnailUrl\":\"https:\\\/\\\/veloaxe.com\\\/wp-content\\\/uploads\\\/2025\\\/01\\\/sillin-prologo-r4-pas.jpg\",\"datePublished\":\"2025-01-17T08:50:39+00:00\",\"dateModified\":\"2025-04-23T05:04:23+00:00\",\"description\":\"SILLIN PROLOGO NAGO R4 PAS 3D NACK - Todos los sillines PROLOGO est\u00e1n disponibles en nuestro sitio en una amplia variedad de colores.\",\"breadcrumb\":{\"@id\":\"https:\\\/\\\/veloaxe.com\\\/producto\\\/sillin-prologo-nago-r4-pas-3d-nack\\\/#breadcrumb\"},\"inLanguage\":\"fr-FR\",\"potentialAction\":[{\"@type\":\"ReadAction\",\"target\":[\"https:\\\/\\\/veloaxe.com\\\/producto\\\/sillin-prologo-nago-r4-pas-3d-nack\\\/\"]}]},{\"@type\":\"ImageObject\",\"inLanguage\":\"fr-FR\",\"@id\":\"https:\\\/\\\/veloaxe.com\\\/producto\\\/sillin-prologo-nago-r4-pas-3d-nack\\\/#primaryimage\",\"url\":\"https:\\\/\\\/veloaxe.com\\\/wp-content\\\/uploads\\\/2025\\\/01\\\/sillin-prologo-r4-pas.jpg\",\"contentUrl\":\"https:\\\/\\\/veloaxe.com\\\/wp-content\\\/uploads\\\/2025\\\/01\\\/sillin-prologo-r4-pas.jpg\",\"width\":800,\"height\":800,\"caption\":\"sillin-prologo-r4-pas\"},{\"@type\":\"BreadcrumbList\",\"@id\":\"https:\\\/\\\/veloaxe.com\\\/producto\\\/sillin-prologo-nago-r4-pas-3d-nack\\\/#breadcrumb\",\"itemListElement\":[{\"@type\":\"ListItem\",\"position\":1,\"name\":\"Portada\",\"item\":\"https:\\\/\\\/veloaxe.com\\\/\"},{\"@type\":\"ListItem\",\"position\":2,\"name\":\"Shop\",\"item\":\"https:\\\/\\\/paleturquoise-herring-271034.hostingersite.com\\\/shop\\\/\"},{\"@type\":\"ListItem\",\"position\":3,\"name\":\"SILLIN PROLOGO NAGO R4 PAS 3D NACK\"}]},{\"@type\":\"WebSite\",\"@id\":\"https:\\\/\\\/veloaxe.com\\\/#website\",\"url\":\"https:\\\/\\\/veloaxe.com\\\/\",\"name\":\"Tienda de bicicletas | VELOAXE\",\"description\":\"Descubre una amplia selecci\u00f3n de bicicletas de alta calidad, desde modelos urbanos y de monta\u00f1a hasta bicicletas de carretera de \u00faltima generaci\u00f3n. Con un servicio experto y accesorios especializados, estamos comprometidos a brindarte la mejor experiencia ciclista.\",\"publisher\":{\"@id\":\"https:\\\/\\\/veloaxe.com\\\/#organization\"},\"potentialAction\":[{\"@type\":\"SearchAction\",\"target\":{\"@type\":\"EntryPoint\",\"urlTemplate\":\"https:\\\/\\\/veloaxe.com\\\/?s={search_term_string}\"},\"query-input\":{\"@type\":\"PropertyValueSpecification\",\"valueRequired\":true,\"valueName\":\"search_term_string\"}}],\"inLanguage\":\"fr-FR\"},{\"@type\":\"Organization\",\"@id\":\"https:\\\/\\\/veloaxe.com\\\/#organization\",\"name\":\"Tienda de bicicletas | VELOAXE\",\"url\":\"https:\\\/\\\/veloaxe.com\\\/\",\"logo\":{\"@type\":\"ImageObject\",\"inLanguage\":\"fr-FR\",\"@id\":\"https:\\\/\\\/veloaxe.com\\\/#\\\/schema\\\/logo\\\/image\\\/\",\"url\":\"https:\\\/\\\/veloaxe.com\\\/wp-content\\\/uploads\\\/2026\\\/01\\\/cropped-logo-1.jpg\",\"contentUrl\":\"https:\\\/\\\/veloaxe.com\\\/wp-content\\\/uploads\\\/2026\\\/01\\\/cropped-logo-1.jpg\",\"width\":1273,\"height\":363,\"caption\":\"Tienda de bicicletas | VELOAXE\"},\"image\":{\"@id\":\"https:\\\/\\\/veloaxe.com\\\/#\\\/schema\\\/logo\\\/image\\\/\"},\"sameAs\":[\"https:\\\/\\\/www.facebook.com\\\/veloaxe\"]}]}<\/script>\n<!-- \/ Yoast SEO plugin. -->","yoast_head_json":{"title":"SILLIN PROLOGO NAGO R4 PAS 3D NACK | VELOAXE.COM","description":"SILLIN PROLOGO NAGO R4 PAS 3D NACK - Todos los sillines PROLOGO est\u00e1n disponibles en nuestro sitio en una amplia variedad de colores.","robots":{"index":"index","follow":"follow","max-snippet":"max-snippet:-1","max-image-preview":"max-image-preview:large","max-video-preview":"max-video-preview:-1"},"canonical":"https:\/\/veloaxe.com\/fr\/produit\/sillin-prologo-nago-r4-pas-3d-nack\/","og_locale":"fr_FR","og_type":"article","og_title":"SILLIN PROLOGO NAGO R4 PAS 3D NACK | VELOAXE.COM","og_description":"SILLIN PROLOGO NAGO R4 PAS 3D NACK - Todos los sillines PROLOGO est\u00e1n disponibles en nuestro sitio en una amplia variedad de colores.","og_url":"https:\/\/veloaxe.com\/fr\/produit\/sillin-prologo-nago-r4-pas-3d-nack\/","og_site_name":"Tienda de bicicletas | VELOAXE","article_publisher":"https:\/\/www.facebook.com\/veloaxe","article_modified_time":"2025-04-23T05:04:23+00:00","og_image":[{"width":800,"height":800,"url":"https:\/\/veloaxe.com\/wp-content\/uploads\/2025\/01\/sillin-prologo-r4-pas.jpg","type":"image\/jpeg"}],"twitter_card":"summary_large_image","twitter_misc":{"Dur\u00e9e de lecture estim\u00e9e":"3 minutes"},"schema":{"@context":"https:\/\/schema.org","@graph":[{"@type":"WebPage","@id":"https:\/\/veloaxe.com\/producto\/sillin-prologo-nago-r4-pas-3d-nack\/","url":"https:\/\/veloaxe.com\/producto\/sillin-prologo-nago-r4-pas-3d-nack\/","name":"SILLIN PROLOGO NAGO R4 PAS 3D NACK | VELOAXE.COM","isPartOf":{"@id":"https:\/\/veloaxe.com\/#website"},"primaryImageOfPage":{"@id":"https:\/\/veloaxe.com\/producto\/sillin-prologo-nago-r4-pas-3d-nack\/#primaryimage"},"image":{"@id":"https:\/\/veloaxe.com\/producto\/sillin-prologo-nago-r4-pas-3d-nack\/#primaryimage"},"thumbnailUrl":"https:\/\/veloaxe.com\/wp-content\/uploads\/2025\/01\/sillin-prologo-r4-pas.jpg","datePublished":"2025-01-17T08:50:39+00:00","dateModified":"2025-04-23T05:04:23+00:00","description":"SILLIN PROLOGO NAGO R4 PAS 3D NACK - Todos los sillines PROLOGO est\u00e1n disponibles en nuestro sitio en una amplia variedad de colores.","breadcrumb":{"@id":"https:\/\/veloaxe.com\/producto\/sillin-prologo-nago-r4-pas-3d-nack\/#breadcrumb"},"inLanguage":"fr-FR","potentialAction":[{"@type":"ReadAction","target":["https:\/\/veloaxe.com\/producto\/sillin-prologo-nago-r4-pas-3d-nack\/"]}]},{"@type":"ImageObject","inLanguage":"fr-FR","@id":"https:\/\/veloaxe.com\/producto\/sillin-prologo-nago-r4-pas-3d-nack\/#primaryimage","url":"https:\/\/veloaxe.com\/wp-content\/uploads\/2025\/01\/sillin-prologo-r4-pas.jpg","contentUrl":"https:\/\/veloaxe.com\/wp-content\/uploads\/2025\/01\/sillin-prologo-r4-pas.jpg","width":800,"height":800,"caption":"sillin-prologo-r4-pas"},{"@type":"BreadcrumbList","@id":"https:\/\/veloaxe.com\/producto\/sillin-prologo-nago-r4-pas-3d-nack\/#breadcrumb","itemListElement":[{"@type":"ListItem","position":1,"name":"Portada","item":"https:\/\/veloaxe.com\/"},{"@type":"ListItem","position":2,"name":"Shop","item":"https:\/\/paleturquoise-herring-271034.hostingersite.com\/shop\/"},{"@type":"ListItem","position":3,"name":"SILLIN PROLOGO NAGO R4 PAS 3D NACK"}]},{"@type":"WebSite","@id":"https:\/\/veloaxe.com\/#website","url":"https:\/\/veloaxe.com\/","name":"Boutique de v\u00e9lo en ligne | VELOAXE","description":"D\u00e9couvrez une large s\u00e9lection de v\u00e9los de haute qualit\u00e9, des mod\u00e8les urbains et de montagne aux v\u00e9los de route de pointe. Avec un service d'experts et des accessoires sp\u00e9cialis\u00e9s, nous nous engageons \u00e0 vous offrir la meilleure exp\u00e9rience de cyclisme.","publisher":{"@id":"https:\/\/veloaxe.com\/#organization"},"potentialAction":[{"@type":"SearchAction","target":{"@type":"EntryPoint","urlTemplate":"https:\/\/veloaxe.com\/?s={search_term_string}"},"query-input":{"@type":"PropertyValueSpecification","valueRequired":true,"valueName":"search_term_string"}}],"inLanguage":"fr-FR"},{"@type":"Organization","@id":"https:\/\/veloaxe.com\/#organization","name":"Boutique de v\u00e9lo en ligne | VELOAXE","url":"https:\/\/veloaxe.com\/","logo":{"@type":"ImageObject","inLanguage":"fr-FR","@id":"https:\/\/veloaxe.com\/#\/schema\/logo\/image\/","url":"https:\/\/veloaxe.com\/wp-content\/uploads\/2026\/01\/cropped-logo-1.jpg","contentUrl":"https:\/\/veloaxe.com\/wp-content\/uploads\/2026\/01\/cropped-logo-1.jpg","width":1273,"height":363,"caption":"Tienda de bicicletas | VELOAXE"},"image":{"@id":"https:\/\/veloaxe.com\/#\/schema\/logo\/image\/"},"sameAs":["https:\/\/www.facebook.com\/veloaxe"]}]}},"_links":{"self":[{"href":"https:\/\/veloaxe.com\/fr\/wp-json\/wp\/v2\/product\/19084","targetHints":{"allow":["GET"]}}],"collection":[{"href":"https:\/\/veloaxe.com\/fr\/wp-json\/wp\/v2\/product"}],"about":[{"href":"https:\/\/veloaxe.com\/fr\/wp-json\/wp\/v2\/types\/product"}],"replies":[{"embeddable":true,"href":"https:\/\/veloaxe.com\/fr\/wp-json\/wp\/v2\/comments?post=19084"}],"wp:featuredmedia":[{"embeddable":true,"href":"https:\/\/veloaxe.com\/fr\/wp-json\/wp\/v2\/media\/19081"}],"wp:attachment":[{"href":"https:\/\/veloaxe.com\/fr\/wp-json\/wp\/v2\/media?parent=19084"}],"wp:term":[{"taxonomy":"product_brand","embeddable":true,"href":"https:\/\/veloaxe.com\/fr\/wp-json\/wp\/v2\/product_brand?post=19084"},{"taxonomy":"product_cat","embeddable":true,"href":"https:\/\/veloaxe.com\/fr\/wp-json\/wp\/v2\/product_cat?post=19084"},{"taxonomy":"product_tag","embeddable":true,"href":"https:\/\/veloaxe.com\/fr\/wp-json\/wp\/v2\/product_tag?post=19084"}],"curies":[{"name":"wp","href":"https:\/\/api.w.org\/{rel}","templated":true}]}}