{"id":19097,"date":"2025-01-18T14:36:17","date_gmt":"2025-01-18T14:36:17","guid":{"rendered":"https:\/\/veloaxe.com\/?post_type=product&#038;p=19097"},"modified":"2025-04-22T16:02:44","modified_gmt":"2025-04-22T16:02:44","slug":"sillin-prologo-proxim-w400-performance-t-2-0","status":"publish","type":"product","link":"https:\/\/veloaxe.com\/fr\/produit\/sillin-prologo-proxim-w400-performance-t-2-0\/","title":{"rendered":"SILLIN PROLOGO PROXIM W400 PERFORMANCE T2.0"},"content":{"rendered":"<p><em><strong>SILLIN PROLOGO Proxim W400<\/strong><\/em> &#8211; es la \u00faltima incorporaci\u00f3n a la gama Proxim, por lo que es ideal tanto para bicicletas el\u00e9ctricas como para bicicletas tradicionales, para uso todoterreno pero tambi\u00e9n para desplazamientos diarios\/ocio gracias a su tama\u00f1o y acolchado (Multi Sector System). 153 mm (para un uso m\u00e1s deportivo), gracias a su longitud reducida (255mm) se reducen los puntos de contacto y los picos de presi\u00f3n en la zona perineal.<\/p>\n<p>Los puntos clave de Proxim son:<\/p>\n<ul>\n<li><em><strong>MSS<\/strong><\/em> \u2013 Multi Sector System: este sistema presenta diferentes zonas mapeadas y separadas en el sill\u00edn, cada una compuesta por diferentes espumas interactivas y acolchado de celda \u00fanica separado. Las \u201cislas\u201d funcionan de forma aut\u00f3noma, adapt\u00e1ndose a todas las posiciones que el ciclista puede asumir mientras pedalea.<\/li>\n<li><strong style=\"font-style: italic;\">NARIZ OPTIMIZADA:<\/strong> m\u00e1s ancha y con inclinaci\u00f3n hacia abajo.<\/li>\n<li><strong style=\"font-style: italic;\">SISTEMA BASE ACTIVA<\/strong><em><strong>:<\/strong><\/em> un sistema de \u00faltima generaci\u00f3n que prev\u00e9 el uso de una base con orificio con el fin de obtener un excelente alivio de la presi\u00f3n, una mayor distribuci\u00f3n de la presi\u00f3n gracias a una mayor superficie de apoyo y garantiza la protecci\u00f3n del ciclista contra el agua\/barro durante los entrenamientos m\u00e1s exigentes. Condiciones clim\u00e1ticas cr\u00edticas.<\/li>\n<li><em style=\"font-weight: bold;\">NUEVAS ESPUMAS:<\/em> las nuevas espumas m\u00e1s suaves y m\u00e1s grandes utilizadas en el W400 garantizan un alto nivel de confort permitiendo al ciclista pasar largos recorridos sentado en el sill\u00edn.<\/li>\n<li><strong style=\"font-style: italic;\">MANIJA TRASERA y GR\u00c1FICOS REFLECTANTES:<\/strong> El sill\u00edn est\u00e1 equipado con un \u201cmanillar\u201d trasero para facilitar el movimiento de la bicicleta as\u00ed como gr\u00e1ficos con materiales reflectantes para mejorar la seguridad.<\/li>\n<\/ul>\n<p><strong>Medidas<\/strong> : 255x153mm<br \/>\n<strong>Peso<\/strong> : 249 grs<\/p>","protected":false},"excerpt":{"rendered":"<p>SILLIN PROLOGO Proxim W400 &#8211; es la \u00faltima incorporaci\u00f3n a la gama Proxim, por lo que es ideal tanto para bicicletas el\u00e9ctricas como para bicicletas tradicionales, para uso todoterreno pero tambi\u00e9n para desplazamientos diarios\/ocio gracias a su tama\u00f1o y acolchado (Multi Sector System). 153 mm (para un uso m\u00e1s deportivo), gracias a su longitud reducida [&hellip;]<\/p>\n","protected":false},"featured_media":19098,"comment_status":"closed","ping_status":"closed","template":"","meta":[],"product_brand":[],"product_cat":[46,226],"product_tag":[],"class_list":{"0":"post-19097","1":"product","2":"type-product","3":"status-publish","4":"has-post-thumbnail","6":"product_cat-btt-bicicleta-de-montana","7":"product_cat-sillin-mtb","8":"product_shipping_class-no-bicicletas","10":"first","11":"instock","12":"sale","13":"shipping-taxable","14":"purchasable","15":"product-type-simple"},"yoast_head":"<!-- This site is optimized with the Yoast SEO plugin v27.6 - https:\/\/yoast.com\/product\/yoast-seo-wordpress\/ -->\n<title>SILLIN PROLOGO PROXIM W400 PERFORMANCE | VELOAXE.COM<\/title>\n<meta name=\"description\" content=\"SILLIN PROLOGO PROXIM W400 PERFORMANCE T2.0 - Todos los sillines PROLOGO est\u00e1n disponibles en nuestro sitio en una amplia variedad de colores.\" \/>\n<meta name=\"robots\" content=\"index, follow, max-snippet:-1, max-image-preview:large, max-video-preview:-1\" \/>\n<link rel=\"canonical\" href=\"https:\/\/veloaxe.com\/fr\/produit\/sillin-prologo-proxim-w400-performance-t-2-0\/\" \/>\n<meta property=\"og:locale\" content=\"fr_FR\" \/>\n<meta property=\"og:type\" content=\"article\" \/>\n<meta property=\"og:title\" content=\"SILLIN PROLOGO PROXIM W400 PERFORMANCE | VELOAXE.COM\" \/>\n<meta property=\"og:description\" content=\"SILLIN PROLOGO PROXIM W400 PERFORMANCE T2.0 - Todos los sillines PROLOGO est\u00e1n disponibles en nuestro sitio en una amplia variedad de colores.\" \/>\n<meta property=\"og:url\" content=\"https:\/\/veloaxe.com\/fr\/produit\/sillin-prologo-proxim-w400-performance-t-2-0\/\" \/>\n<meta property=\"og:site_name\" content=\"Tienda de bicicletas | VELOAXE\" \/>\n<meta property=\"article:publisher\" content=\"https:\/\/www.facebook.com\/veloaxe\" \/>\n<meta property=\"article:modified_time\" content=\"2025-04-22T16:02:44+00:00\" \/>\n<meta property=\"og:image\" content=\"https:\/\/veloaxe.com\/wp-content\/uploads\/2025\/01\/sillin-prologo-proxim-w400-performance.jpg\" \/>\n\t<meta property=\"og:image:width\" content=\"800\" \/>\n\t<meta property=\"og:image:height\" content=\"800\" \/>\n\t<meta property=\"og:image:type\" content=\"image\/jpeg\" \/>\n<meta name=\"twitter:card\" content=\"summary_large_image\" \/>\n<meta name=\"twitter:label1\" content=\"Dur\u00e9e de lecture estim\u00e9e\" \/>\n\t<meta name=\"twitter:data1\" content=\"2 minutes\" \/>\n<script type=\"application\/ld+json\" class=\"yoast-schema-graph\">{\"@context\":\"https:\\\/\\\/schema.org\",\"@graph\":[{\"@type\":\"WebPage\",\"@id\":\"https:\\\/\\\/veloaxe.com\\\/producto\\\/sillin-prologo-proxim-w400-performance-t-2-0\\\/\",\"url\":\"https:\\\/\\\/veloaxe.com\\\/producto\\\/sillin-prologo-proxim-w400-performance-t-2-0\\\/\",\"name\":\"SILLIN PROLOGO PROXIM W400 PERFORMANCE | VELOAXE.COM\",\"isPartOf\":{\"@id\":\"https:\\\/\\\/veloaxe.com\\\/#website\"},\"primaryImageOfPage\":{\"@id\":\"https:\\\/\\\/veloaxe.com\\\/producto\\\/sillin-prologo-proxim-w400-performance-t-2-0\\\/#primaryimage\"},\"image\":{\"@id\":\"https:\\\/\\\/veloaxe.com\\\/producto\\\/sillin-prologo-proxim-w400-performance-t-2-0\\\/#primaryimage\"},\"thumbnailUrl\":\"https:\\\/\\\/veloaxe.com\\\/wp-content\\\/uploads\\\/2025\\\/01\\\/sillin-prologo-proxim-w400-performance.jpg\",\"datePublished\":\"2025-01-18T14:36:17+00:00\",\"dateModified\":\"2025-04-22T16:02:44+00:00\",\"description\":\"SILLIN PROLOGO PROXIM W400 PERFORMANCE T2.0 - Todos los sillines PROLOGO est\u00e1n disponibles en nuestro sitio en una amplia variedad de colores.\",\"breadcrumb\":{\"@id\":\"https:\\\/\\\/veloaxe.com\\\/producto\\\/sillin-prologo-proxim-w400-performance-t-2-0\\\/#breadcrumb\"},\"inLanguage\":\"fr-FR\",\"potentialAction\":[{\"@type\":\"ReadAction\",\"target\":[\"https:\\\/\\\/veloaxe.com\\\/producto\\\/sillin-prologo-proxim-w400-performance-t-2-0\\\/\"]}]},{\"@type\":\"ImageObject\",\"inLanguage\":\"fr-FR\",\"@id\":\"https:\\\/\\\/veloaxe.com\\\/producto\\\/sillin-prologo-proxim-w400-performance-t-2-0\\\/#primaryimage\",\"url\":\"https:\\\/\\\/veloaxe.com\\\/wp-content\\\/uploads\\\/2025\\\/01\\\/sillin-prologo-proxim-w400-performance.jpg\",\"contentUrl\":\"https:\\\/\\\/veloaxe.com\\\/wp-content\\\/uploads\\\/2025\\\/01\\\/sillin-prologo-proxim-w400-performance.jpg\",\"width\":800,\"height\":800,\"caption\":\"sillin-prologo-proxim-w400-performance\"},{\"@type\":\"BreadcrumbList\",\"@id\":\"https:\\\/\\\/veloaxe.com\\\/producto\\\/sillin-prologo-proxim-w400-performance-t-2-0\\\/#breadcrumb\",\"itemListElement\":[{\"@type\":\"ListItem\",\"position\":1,\"name\":\"Portada\",\"item\":\"https:\\\/\\\/paleturquoise-herring-271034.hostingersite.com\\\/\"},{\"@type\":\"ListItem\",\"position\":2,\"name\":\"Shop\",\"item\":\"https:\\\/\\\/paleturquoise-herring-271034.hostingersite.com\\\/shop\\\/\"},{\"@type\":\"ListItem\",\"position\":3,\"name\":\"SILLIN PROLOGO PROXIM W400 PERFORMANCE T2.0\"}]},{\"@type\":\"WebSite\",\"@id\":\"https:\\\/\\\/veloaxe.com\\\/#website\",\"url\":\"https:\\\/\\\/veloaxe.com\\\/\",\"name\":\"Tienda de bicicletas | VELOAXE\",\"description\":\"Descubre una amplia selecci\u00f3n de bicicletas de alta calidad, desde modelos urbanos y de monta\u00f1a hasta bicicletas de carretera de \u00faltima generaci\u00f3n. Con un servicio experto y accesorios especializados, estamos comprometidos a brindarte la mejor experiencia ciclista.\",\"publisher\":{\"@id\":\"https:\\\/\\\/veloaxe.com\\\/#organization\"},\"potentialAction\":[{\"@type\":\"SearchAction\",\"target\":{\"@type\":\"EntryPoint\",\"urlTemplate\":\"https:\\\/\\\/veloaxe.com\\\/?s={search_term_string}\"},\"query-input\":{\"@type\":\"PropertyValueSpecification\",\"valueRequired\":true,\"valueName\":\"search_term_string\"}}],\"inLanguage\":\"fr-FR\"},{\"@type\":\"Organization\",\"@id\":\"https:\\\/\\\/veloaxe.com\\\/#organization\",\"name\":\"Tienda de bicicletas | VELOAXE\",\"url\":\"https:\\\/\\\/veloaxe.com\\\/\",\"logo\":{\"@type\":\"ImageObject\",\"inLanguage\":\"fr-FR\",\"@id\":\"https:\\\/\\\/veloaxe.com\\\/#\\\/schema\\\/logo\\\/image\\\/\",\"url\":\"https:\\\/\\\/veloaxe.com\\\/wp-content\\\/uploads\\\/2026\\\/01\\\/cropped-logo-1.jpg\",\"contentUrl\":\"https:\\\/\\\/veloaxe.com\\\/wp-content\\\/uploads\\\/2026\\\/01\\\/cropped-logo-1.jpg\",\"width\":1273,\"height\":363,\"caption\":\"Tienda de bicicletas | VELOAXE\"},\"image\":{\"@id\":\"https:\\\/\\\/veloaxe.com\\\/#\\\/schema\\\/logo\\\/image\\\/\"},\"sameAs\":[\"https:\\\/\\\/www.facebook.com\\\/veloaxe\"]}]}<\/script>\n<!-- \/ Yoast SEO plugin. -->","yoast_head_json":{"title":"SILLIN PROLOGO PROXIM W400 PERFORMANCE | VELOAXE.COM","description":"SILLIN PROLOGO PROXIM W400 PERFORMANCE T2.0 - Todos los sillines PROLOGO est\u00e1n disponibles en nuestro sitio en una amplia variedad de colores.","robots":{"index":"index","follow":"follow","max-snippet":"max-snippet:-1","max-image-preview":"max-image-preview:large","max-video-preview":"max-video-preview:-1"},"canonical":"https:\/\/veloaxe.com\/fr\/produit\/sillin-prologo-proxim-w400-performance-t-2-0\/","og_locale":"fr_FR","og_type":"article","og_title":"SILLIN PROLOGO PROXIM W400 PERFORMANCE | VELOAXE.COM","og_description":"SILLIN PROLOGO PROXIM W400 PERFORMANCE T2.0 - Todos los sillines PROLOGO est\u00e1n disponibles en nuestro sitio en una amplia variedad de colores.","og_url":"https:\/\/veloaxe.com\/fr\/produit\/sillin-prologo-proxim-w400-performance-t-2-0\/","og_site_name":"Tienda de bicicletas | VELOAXE","article_publisher":"https:\/\/www.facebook.com\/veloaxe","article_modified_time":"2025-04-22T16:02:44+00:00","og_image":[{"width":800,"height":800,"url":"https:\/\/veloaxe.com\/wp-content\/uploads\/2025\/01\/sillin-prologo-proxim-w400-performance.jpg","type":"image\/jpeg"}],"twitter_card":"summary_large_image","twitter_misc":{"Dur\u00e9e de lecture estim\u00e9e":"2 minutes"},"schema":{"@context":"https:\/\/schema.org","@graph":[{"@type":"WebPage","@id":"https:\/\/veloaxe.com\/producto\/sillin-prologo-proxim-w400-performance-t-2-0\/","url":"https:\/\/veloaxe.com\/producto\/sillin-prologo-proxim-w400-performance-t-2-0\/","name":"SILLIN PROLOGO PROXIM W400 PERFORMANCE | VELOAXE.COM","isPartOf":{"@id":"https:\/\/veloaxe.com\/#website"},"primaryImageOfPage":{"@id":"https:\/\/veloaxe.com\/producto\/sillin-prologo-proxim-w400-performance-t-2-0\/#primaryimage"},"image":{"@id":"https:\/\/veloaxe.com\/producto\/sillin-prologo-proxim-w400-performance-t-2-0\/#primaryimage"},"thumbnailUrl":"https:\/\/veloaxe.com\/wp-content\/uploads\/2025\/01\/sillin-prologo-proxim-w400-performance.jpg","datePublished":"2025-01-18T14:36:17+00:00","dateModified":"2025-04-22T16:02:44+00:00","description":"SILLIN PROLOGO PROXIM W400 PERFORMANCE T2.0 - Todos los sillines PROLOGO est\u00e1n disponibles en nuestro sitio en una amplia variedad de colores.","breadcrumb":{"@id":"https:\/\/veloaxe.com\/producto\/sillin-prologo-proxim-w400-performance-t-2-0\/#breadcrumb"},"inLanguage":"fr-FR","potentialAction":[{"@type":"ReadAction","target":["https:\/\/veloaxe.com\/producto\/sillin-prologo-proxim-w400-performance-t-2-0\/"]}]},{"@type":"ImageObject","inLanguage":"fr-FR","@id":"https:\/\/veloaxe.com\/producto\/sillin-prologo-proxim-w400-performance-t-2-0\/#primaryimage","url":"https:\/\/veloaxe.com\/wp-content\/uploads\/2025\/01\/sillin-prologo-proxim-w400-performance.jpg","contentUrl":"https:\/\/veloaxe.com\/wp-content\/uploads\/2025\/01\/sillin-prologo-proxim-w400-performance.jpg","width":800,"height":800,"caption":"sillin-prologo-proxim-w400-performance"},{"@type":"BreadcrumbList","@id":"https:\/\/veloaxe.com\/producto\/sillin-prologo-proxim-w400-performance-t-2-0\/#breadcrumb","itemListElement":[{"@type":"ListItem","position":1,"name":"Portada","item":"https:\/\/paleturquoise-herring-271034.hostingersite.com\/"},{"@type":"ListItem","position":2,"name":"Shop","item":"https:\/\/paleturquoise-herring-271034.hostingersite.com\/shop\/"},{"@type":"ListItem","position":3,"name":"SILLIN PROLOGO PROXIM W400 PERFORMANCE T2.0"}]},{"@type":"WebSite","@id":"https:\/\/veloaxe.com\/#website","url":"https:\/\/veloaxe.com\/","name":"Boutique de v\u00e9lo en ligne | VELOAXE","description":"Descubre una amplia selecci\u00f3n de bicicletas de alta calidad, desde modelos urbanos y de monta\u00f1a hasta bicicletas de carretera de \u00faltima generaci\u00f3n. Con un servicio experto y accesorios especializados, estamos comprometidos a brindarte la mejor experiencia ciclista.","publisher":{"@id":"https:\/\/veloaxe.com\/#organization"},"potentialAction":[{"@type":"SearchAction","target":{"@type":"EntryPoint","urlTemplate":"https:\/\/veloaxe.com\/?s={search_term_string}"},"query-input":{"@type":"PropertyValueSpecification","valueRequired":true,"valueName":"search_term_string"}}],"inLanguage":"fr-FR"},{"@type":"Organization","@id":"https:\/\/veloaxe.com\/#organization","name":"Boutique de v\u00e9lo en ligne | VELOAXE","url":"https:\/\/veloaxe.com\/","logo":{"@type":"ImageObject","inLanguage":"fr-FR","@id":"https:\/\/veloaxe.com\/#\/schema\/logo\/image\/","url":"https:\/\/veloaxe.com\/wp-content\/uploads\/2026\/01\/cropped-logo-1.jpg","contentUrl":"https:\/\/veloaxe.com\/wp-content\/uploads\/2026\/01\/cropped-logo-1.jpg","width":1273,"height":363,"caption":"Tienda de bicicletas | VELOAXE"},"image":{"@id":"https:\/\/veloaxe.com\/#\/schema\/logo\/image\/"},"sameAs":["https:\/\/www.facebook.com\/veloaxe"]}]}},"_links":{"self":[{"href":"https:\/\/veloaxe.com\/fr\/wp-json\/wp\/v2\/product\/19097","targetHints":{"allow":["GET"]}}],"collection":[{"href":"https:\/\/veloaxe.com\/fr\/wp-json\/wp\/v2\/product"}],"about":[{"href":"https:\/\/veloaxe.com\/fr\/wp-json\/wp\/v2\/types\/product"}],"replies":[{"embeddable":true,"href":"https:\/\/veloaxe.com\/fr\/wp-json\/wp\/v2\/comments?post=19097"}],"wp:featuredmedia":[{"embeddable":true,"href":"https:\/\/veloaxe.com\/fr\/wp-json\/wp\/v2\/media\/19098"}],"wp:attachment":[{"href":"https:\/\/veloaxe.com\/fr\/wp-json\/wp\/v2\/media?parent=19097"}],"wp:term":[{"taxonomy":"product_brand","embeddable":true,"href":"https:\/\/veloaxe.com\/fr\/wp-json\/wp\/v2\/product_brand?post=19097"},{"taxonomy":"product_cat","embeddable":true,"href":"https:\/\/veloaxe.com\/fr\/wp-json\/wp\/v2\/product_cat?post=19097"},{"taxonomy":"product_tag","embeddable":true,"href":"https:\/\/veloaxe.com\/fr\/wp-json\/wp\/v2\/product_tag?post=19097"}],"curies":[{"name":"wp","href":"https:\/\/api.w.org\/{rel}","templated":true}]}}