{"id":19101,"date":"2025-01-18T14:57:56","date_gmt":"2025-01-18T14:57:56","guid":{"rendered":"https:\/\/veloaxe.com\/?post_type=product&#038;p=19101"},"modified":"2025-04-22T15:58:55","modified_gmt":"2025-04-22T15:58:55","slug":"sillin-prologo-proxim-w450-performance-tirox","status":"publish","type":"product","link":"https:\/\/veloaxe.com\/fr\/produit\/sillin-prologo-proxim-w450-performance-tirox\/","title":{"rendered":"SILLIN PROLOGO PROXIM W450 PERFORMANCE TIROX"},"content":{"rendered":"<p>Con estas pocas palabras Prologo lanz\u00f3 un desaf\u00edo de dise\u00f1o a la Universidad Polit\u00e9cnica de Mil\u00e1n. M\u00e1s precisamente, lanz\u00f3 este desaf\u00edo a Polifactory, un laboratorio de investigaci\u00f3n multidisciplinario que re\u00fane mentes j\u00f3venes y brillantes. Un trabajo 360\u00b0 que parte de un profundo an\u00e1lisis del mercado para conocer a fondo el sector, el target y la competencia, intentando luego trasladar toda esta informaci\u00f3n a la creaci\u00f3n del mejor producto que el mercado pueda ofrecer.<\/p>\n<p>CARACTER\u00cdSTICAS T\u00c9CNICAS:<\/p>\n<ul>\n<li><em><strong>MSS<\/strong> <\/em>&#8211; Multi Sector System: este sistema presenta diferentes zonas mapeadas y separadas en el sill\u00edn, cada una compuesta por diferentes espumas interactivas y acolchado de celda \u00fanica separado. Las \u201cislas\u201d funcionan de forma aut\u00f3noma, adapt\u00e1ndose a todas las posiciones que el ciclista puede asumir mientras pedalea.<\/li>\n<li><em><strong>Forma:<\/strong><\/em> semicircular, 250 mm de largo y 155 mm de ancho. Lateralmente, el sill\u00edn, gracias al Multi-Sector-System, es m\u00e1s flexible, permitiendo una mayor libertad de movimientos y promoviendo una doble acci\u00f3n de soporte y contenci\u00f3n durante la fase de pedaleo.<\/li>\n<li><strong><em>Acolchado extra +6mm:<\/em><\/strong> en la versi\u00f3n SPORT se ha aumentado el acolchado para garantizar un mayor confort y una mejor absorci\u00f3n de las vibraciones de los terrenos irregulares. El acolchado total es de 12 mm.<\/li>\n<li><em><strong>Canal Ergon\u00f3mico:<\/strong><\/em> Los modelos W450 son muy vers\u00e1tiles y pueden adaptarse a m\u00faltiples usos y disciplinas. En la zona central, las espumas activas, en combinaci\u00f3n con la ranura en la zona p\u00e9lvica, garantizan estabilidad y confort disipando la presi\u00f3n a lo largo de toda la superficie del sill\u00edn. El cierre de la zona de la pr\u00f3stata tambi\u00e9n ofrece una mejor protecci\u00f3n de la zona genital en condiciones clim\u00e1ticas extremas (lluvia o barro).<\/li>\n<li><strong><em>Asa trasera y gr\u00e1ficos reflectantes:<\/em><\/strong> El sill\u00edn est\u00e1 equipado con un \u201casa\u201d trasera para facilitar el movimiento de la bicicleta as\u00ed como gr\u00e1ficos con materiales reflectantes para mejorar la seguridad.<\/li>\n<\/ul>\n<p><strong>Medidas<\/strong> : 245x145mm<br \/>\n<strong>Peso<\/strong> : 230 grs<\/p>","protected":false},"excerpt":{"rendered":"<p>Con estas pocas palabras Prologo lanz\u00f3 un desaf\u00edo de dise\u00f1o a la Universidad Polit\u00e9cnica de Mil\u00e1n. M\u00e1s precisamente, lanz\u00f3 este desaf\u00edo a Polifactory, un laboratorio de investigaci\u00f3n multidisciplinario que re\u00fane mentes j\u00f3venes y brillantes. Un trabajo 360\u00b0 que parte de un profundo an\u00e1lisis del mercado para conocer a fondo el sector, el target y la [&hellip;]<\/p>\n","protected":false},"featured_media":19103,"comment_status":"closed","ping_status":"closed","template":"","meta":[],"product_brand":[],"product_cat":[46,226],"product_tag":[],"class_list":{"0":"post-19101","1":"product","2":"type-product","3":"status-publish","4":"has-post-thumbnail","6":"product_cat-btt-bicicleta-de-montana","7":"product_cat-sillin-mtb","8":"product_shipping_class-no-bicicletas","10":"first","11":"instock","12":"sale","13":"shipping-taxable","14":"purchasable","15":"product-type-simple"},"yoast_head":"<!-- This site is optimized with the Yoast SEO plugin v27.6 - https:\/\/yoast.com\/product\/yoast-seo-wordpress\/ -->\n<title>SILLIN PROLOGO PROXIM W450 PERFORMANCE TIROX | VELOAXE.COM<\/title>\n<meta name=\"description\" content=\"SILLIN PROLOGO PROXIM W450 PERFORMANCE TIROX - Todos los sillines PROLOGO est\u00e1n disponibles en nuestro sitio en una amplia variedad de colores.\" \/>\n<meta name=\"robots\" content=\"index, follow, max-snippet:-1, max-image-preview:large, max-video-preview:-1\" \/>\n<link rel=\"canonical\" href=\"https:\/\/veloaxe.com\/fr\/produit\/sillin-prologo-proxim-w450-performance-tirox\/\" \/>\n<meta property=\"og:locale\" content=\"fr_FR\" \/>\n<meta property=\"og:type\" content=\"article\" \/>\n<meta property=\"og:title\" content=\"SILLIN PROLOGO PROXIM W450 PERFORMANCE TIROX | VELOAXE.COM\" \/>\n<meta property=\"og:description\" content=\"SILLIN PROLOGO PROXIM W450 PERFORMANCE TIROX - Todos los sillines PROLOGO est\u00e1n disponibles en nuestro sitio en una amplia variedad de colores.\" \/>\n<meta property=\"og:url\" content=\"https:\/\/veloaxe.com\/fr\/produit\/sillin-prologo-proxim-w450-performance-tirox\/\" \/>\n<meta property=\"og:site_name\" content=\"Tienda de bicicletas | VELOAXE\" \/>\n<meta property=\"article:publisher\" content=\"https:\/\/www.facebook.com\/veloaxe\" \/>\n<meta property=\"article:modified_time\" content=\"2025-04-22T15:58:55+00:00\" \/>\n<meta property=\"og:image\" content=\"https:\/\/veloaxe.com\/wp-content\/uploads\/2025\/01\/sillin-prologo-proxim-w450-performance-tirox.jpg\" \/>\n\t<meta property=\"og:image:width\" content=\"800\" \/>\n\t<meta property=\"og:image:height\" content=\"800\" \/>\n\t<meta property=\"og:image:type\" content=\"image\/jpeg\" \/>\n<meta name=\"twitter:card\" content=\"summary_large_image\" \/>\n<meta name=\"twitter:label1\" content=\"Dur\u00e9e de lecture estim\u00e9e\" \/>\n\t<meta name=\"twitter:data1\" content=\"2 minutes\" \/>\n<script type=\"application\/ld+json\" class=\"yoast-schema-graph\">{\"@context\":\"https:\\\/\\\/schema.org\",\"@graph\":[{\"@type\":\"WebPage\",\"@id\":\"https:\\\/\\\/veloaxe.com\\\/producto\\\/sillin-prologo-proxim-w450-performance-tirox\\\/\",\"url\":\"https:\\\/\\\/veloaxe.com\\\/producto\\\/sillin-prologo-proxim-w450-performance-tirox\\\/\",\"name\":\"SILLIN PROLOGO PROXIM W450 PERFORMANCE TIROX | VELOAXE.COM\",\"isPartOf\":{\"@id\":\"https:\\\/\\\/veloaxe.com\\\/#website\"},\"primaryImageOfPage\":{\"@id\":\"https:\\\/\\\/veloaxe.com\\\/producto\\\/sillin-prologo-proxim-w450-performance-tirox\\\/#primaryimage\"},\"image\":{\"@id\":\"https:\\\/\\\/veloaxe.com\\\/producto\\\/sillin-prologo-proxim-w450-performance-tirox\\\/#primaryimage\"},\"thumbnailUrl\":\"https:\\\/\\\/veloaxe.com\\\/wp-content\\\/uploads\\\/2025\\\/01\\\/sillin-prologo-proxim-w450-performance-tirox.jpg\",\"datePublished\":\"2025-01-18T14:57:56+00:00\",\"dateModified\":\"2025-04-22T15:58:55+00:00\",\"description\":\"SILLIN PROLOGO PROXIM W450 PERFORMANCE TIROX - Todos los sillines PROLOGO est\u00e1n disponibles en nuestro sitio en una amplia variedad de colores.\",\"breadcrumb\":{\"@id\":\"https:\\\/\\\/veloaxe.com\\\/producto\\\/sillin-prologo-proxim-w450-performance-tirox\\\/#breadcrumb\"},\"inLanguage\":\"fr-FR\",\"potentialAction\":[{\"@type\":\"ReadAction\",\"target\":[\"https:\\\/\\\/veloaxe.com\\\/producto\\\/sillin-prologo-proxim-w450-performance-tirox\\\/\"]}]},{\"@type\":\"ImageObject\",\"inLanguage\":\"fr-FR\",\"@id\":\"https:\\\/\\\/veloaxe.com\\\/producto\\\/sillin-prologo-proxim-w450-performance-tirox\\\/#primaryimage\",\"url\":\"https:\\\/\\\/veloaxe.com\\\/wp-content\\\/uploads\\\/2025\\\/01\\\/sillin-prologo-proxim-w450-performance-tirox.jpg\",\"contentUrl\":\"https:\\\/\\\/veloaxe.com\\\/wp-content\\\/uploads\\\/2025\\\/01\\\/sillin-prologo-proxim-w450-performance-tirox.jpg\",\"width\":800,\"height\":800,\"caption\":\"sillin-prologo-proxim-w450-performance-tirox\"},{\"@type\":\"BreadcrumbList\",\"@id\":\"https:\\\/\\\/veloaxe.com\\\/producto\\\/sillin-prologo-proxim-w450-performance-tirox\\\/#breadcrumb\",\"itemListElement\":[{\"@type\":\"ListItem\",\"position\":1,\"name\":\"Portada\",\"item\":\"https:\\\/\\\/paleturquoise-herring-271034.hostingersite.com\\\/\"},{\"@type\":\"ListItem\",\"position\":2,\"name\":\"Shop\",\"item\":\"https:\\\/\\\/paleturquoise-herring-271034.hostingersite.com\\\/shop\\\/\"},{\"@type\":\"ListItem\",\"position\":3,\"name\":\"SILLIN PROLOGO PROXIM W450 PERFORMANCE TIROX\"}]},{\"@type\":\"WebSite\",\"@id\":\"https:\\\/\\\/veloaxe.com\\\/#website\",\"url\":\"https:\\\/\\\/veloaxe.com\\\/\",\"name\":\"Tienda de bicicletas | VELOAXE\",\"description\":\"Descubre una amplia selecci\u00f3n de bicicletas de alta calidad, desde modelos urbanos y de monta\u00f1a hasta bicicletas de carretera de \u00faltima generaci\u00f3n. Con un servicio experto y accesorios especializados, estamos comprometidos a brindarte la mejor experiencia ciclista.\",\"publisher\":{\"@id\":\"https:\\\/\\\/veloaxe.com\\\/#organization\"},\"potentialAction\":[{\"@type\":\"SearchAction\",\"target\":{\"@type\":\"EntryPoint\",\"urlTemplate\":\"https:\\\/\\\/veloaxe.com\\\/?s={search_term_string}\"},\"query-input\":{\"@type\":\"PropertyValueSpecification\",\"valueRequired\":true,\"valueName\":\"search_term_string\"}}],\"inLanguage\":\"fr-FR\"},{\"@type\":\"Organization\",\"@id\":\"https:\\\/\\\/veloaxe.com\\\/#organization\",\"name\":\"Tienda de bicicletas | VELOAXE\",\"url\":\"https:\\\/\\\/veloaxe.com\\\/\",\"logo\":{\"@type\":\"ImageObject\",\"inLanguage\":\"fr-FR\",\"@id\":\"https:\\\/\\\/veloaxe.com\\\/#\\\/schema\\\/logo\\\/image\\\/\",\"url\":\"https:\\\/\\\/veloaxe.com\\\/wp-content\\\/uploads\\\/2026\\\/01\\\/cropped-logo-1.jpg\",\"contentUrl\":\"https:\\\/\\\/veloaxe.com\\\/wp-content\\\/uploads\\\/2026\\\/01\\\/cropped-logo-1.jpg\",\"width\":1273,\"height\":363,\"caption\":\"Tienda de bicicletas | VELOAXE\"},\"image\":{\"@id\":\"https:\\\/\\\/veloaxe.com\\\/#\\\/schema\\\/logo\\\/image\\\/\"},\"sameAs\":[\"https:\\\/\\\/www.facebook.com\\\/veloaxe\"]}]}<\/script>\n<!-- \/ Yoast SEO plugin. -->","yoast_head_json":{"title":"SILLIN PROLOGO PROXIM W450 PERFORMANCE TIROX | VELOAXE.COM","description":"SILLIN PROLOGO PROXIM W450 PERFORMANCE TIROX - Todos los sillines PROLOGO est\u00e1n disponibles en nuestro sitio en una amplia variedad de colores.","robots":{"index":"index","follow":"follow","max-snippet":"max-snippet:-1","max-image-preview":"max-image-preview:large","max-video-preview":"max-video-preview:-1"},"canonical":"https:\/\/veloaxe.com\/fr\/produit\/sillin-prologo-proxim-w450-performance-tirox\/","og_locale":"fr_FR","og_type":"article","og_title":"SILLIN PROLOGO PROXIM W450 PERFORMANCE TIROX | VELOAXE.COM","og_description":"SILLIN PROLOGO PROXIM W450 PERFORMANCE TIROX - Todos los sillines PROLOGO est\u00e1n disponibles en nuestro sitio en una amplia variedad de colores.","og_url":"https:\/\/veloaxe.com\/fr\/produit\/sillin-prologo-proxim-w450-performance-tirox\/","og_site_name":"Tienda de bicicletas | VELOAXE","article_publisher":"https:\/\/www.facebook.com\/veloaxe","article_modified_time":"2025-04-22T15:58:55+00:00","og_image":[{"width":800,"height":800,"url":"https:\/\/veloaxe.com\/wp-content\/uploads\/2025\/01\/sillin-prologo-proxim-w450-performance-tirox.jpg","type":"image\/jpeg"}],"twitter_card":"summary_large_image","twitter_misc":{"Dur\u00e9e de lecture estim\u00e9e":"2 minutes"},"schema":{"@context":"https:\/\/schema.org","@graph":[{"@type":"WebPage","@id":"https:\/\/veloaxe.com\/producto\/sillin-prologo-proxim-w450-performance-tirox\/","url":"https:\/\/veloaxe.com\/producto\/sillin-prologo-proxim-w450-performance-tirox\/","name":"SILLIN PROLOGO PROXIM W450 PERFORMANCE TIROX | VELOAXE.COM","isPartOf":{"@id":"https:\/\/veloaxe.com\/#website"},"primaryImageOfPage":{"@id":"https:\/\/veloaxe.com\/producto\/sillin-prologo-proxim-w450-performance-tirox\/#primaryimage"},"image":{"@id":"https:\/\/veloaxe.com\/producto\/sillin-prologo-proxim-w450-performance-tirox\/#primaryimage"},"thumbnailUrl":"https:\/\/veloaxe.com\/wp-content\/uploads\/2025\/01\/sillin-prologo-proxim-w450-performance-tirox.jpg","datePublished":"2025-01-18T14:57:56+00:00","dateModified":"2025-04-22T15:58:55+00:00","description":"SILLIN PROLOGO PROXIM W450 PERFORMANCE TIROX - Todos los sillines PROLOGO est\u00e1n disponibles en nuestro sitio en una amplia variedad de colores.","breadcrumb":{"@id":"https:\/\/veloaxe.com\/producto\/sillin-prologo-proxim-w450-performance-tirox\/#breadcrumb"},"inLanguage":"fr-FR","potentialAction":[{"@type":"ReadAction","target":["https:\/\/veloaxe.com\/producto\/sillin-prologo-proxim-w450-performance-tirox\/"]}]},{"@type":"ImageObject","inLanguage":"fr-FR","@id":"https:\/\/veloaxe.com\/producto\/sillin-prologo-proxim-w450-performance-tirox\/#primaryimage","url":"https:\/\/veloaxe.com\/wp-content\/uploads\/2025\/01\/sillin-prologo-proxim-w450-performance-tirox.jpg","contentUrl":"https:\/\/veloaxe.com\/wp-content\/uploads\/2025\/01\/sillin-prologo-proxim-w450-performance-tirox.jpg","width":800,"height":800,"caption":"sillin-prologo-proxim-w450-performance-tirox"},{"@type":"BreadcrumbList","@id":"https:\/\/veloaxe.com\/producto\/sillin-prologo-proxim-w450-performance-tirox\/#breadcrumb","itemListElement":[{"@type":"ListItem","position":1,"name":"Portada","item":"https:\/\/paleturquoise-herring-271034.hostingersite.com\/"},{"@type":"ListItem","position":2,"name":"Shop","item":"https:\/\/paleturquoise-herring-271034.hostingersite.com\/shop\/"},{"@type":"ListItem","position":3,"name":"SILLIN PROLOGO PROXIM W450 PERFORMANCE TIROX"}]},{"@type":"WebSite","@id":"https:\/\/veloaxe.com\/#website","url":"https:\/\/veloaxe.com\/","name":"Boutique de v\u00e9lo en ligne | VELOAXE","description":"Descubre una amplia selecci\u00f3n de bicicletas de alta calidad, desde modelos urbanos y de monta\u00f1a hasta bicicletas de carretera de \u00faltima generaci\u00f3n. Con un servicio experto y accesorios especializados, estamos comprometidos a brindarte la mejor experiencia ciclista.","publisher":{"@id":"https:\/\/veloaxe.com\/#organization"},"potentialAction":[{"@type":"SearchAction","target":{"@type":"EntryPoint","urlTemplate":"https:\/\/veloaxe.com\/?s={search_term_string}"},"query-input":{"@type":"PropertyValueSpecification","valueRequired":true,"valueName":"search_term_string"}}],"inLanguage":"fr-FR"},{"@type":"Organization","@id":"https:\/\/veloaxe.com\/#organization","name":"Boutique de v\u00e9lo en ligne | VELOAXE","url":"https:\/\/veloaxe.com\/","logo":{"@type":"ImageObject","inLanguage":"fr-FR","@id":"https:\/\/veloaxe.com\/#\/schema\/logo\/image\/","url":"https:\/\/veloaxe.com\/wp-content\/uploads\/2026\/01\/cropped-logo-1.jpg","contentUrl":"https:\/\/veloaxe.com\/wp-content\/uploads\/2026\/01\/cropped-logo-1.jpg","width":1273,"height":363,"caption":"Tienda de bicicletas | VELOAXE"},"image":{"@id":"https:\/\/veloaxe.com\/#\/schema\/logo\/image\/"},"sameAs":["https:\/\/www.facebook.com\/veloaxe"]}]}},"_links":{"self":[{"href":"https:\/\/veloaxe.com\/fr\/wp-json\/wp\/v2\/product\/19101","targetHints":{"allow":["GET"]}}],"collection":[{"href":"https:\/\/veloaxe.com\/fr\/wp-json\/wp\/v2\/product"}],"about":[{"href":"https:\/\/veloaxe.com\/fr\/wp-json\/wp\/v2\/types\/product"}],"replies":[{"embeddable":true,"href":"https:\/\/veloaxe.com\/fr\/wp-json\/wp\/v2\/comments?post=19101"}],"wp:featuredmedia":[{"embeddable":true,"href":"https:\/\/veloaxe.com\/fr\/wp-json\/wp\/v2\/media\/19103"}],"wp:attachment":[{"href":"https:\/\/veloaxe.com\/fr\/wp-json\/wp\/v2\/media?parent=19101"}],"wp:term":[{"taxonomy":"product_brand","embeddable":true,"href":"https:\/\/veloaxe.com\/fr\/wp-json\/wp\/v2\/product_brand?post=19101"},{"taxonomy":"product_cat","embeddable":true,"href":"https:\/\/veloaxe.com\/fr\/wp-json\/wp\/v2\/product_cat?post=19101"},{"taxonomy":"product_tag","embeddable":true,"href":"https:\/\/veloaxe.com\/fr\/wp-json\/wp\/v2\/product_tag?post=19101"}],"curies":[{"name":"wp","href":"https:\/\/api.w.org\/{rel}","templated":true}]}}