{"id":19146,"date":"2025-01-19T15:56:11","date_gmt":"2025-01-19T15:56:11","guid":{"rendered":"https:\/\/veloaxe.com\/?post_type=product&#038;p=19146"},"modified":"2025-04-22T15:12:45","modified_gmt":"2025-04-22T15:12:45","slug":"sillin-prologo-scratch-m5-pas-space-147-nack","status":"publish","type":"product","link":"https:\/\/veloaxe.com\/fr\/produit\/sillin-prologo-scratch-m5-pas-space-147-nack\/","title":{"rendered":"SILLIN PROLOGO SCRATCH M5 PAS SPACE 147 NACK"},"content":{"rendered":"<p><em><strong>SILLIN PROLOGO M5 PAS SPACE 147 NACK<\/strong><\/em>. El t\u00e9rmino SPACE identifica todos aquellos sillines que se caracterizan por un asiento m\u00e1s ancho y un mayor acolchado, garantizando y mejorando el confort. Es la elecci\u00f3n perfecta para las mujeres, que tienen una pelvis m\u00e1s ancha que los hombres, o para quienes necesitan una mejor distribuci\u00f3n del peso. El Scratch M5 Space mide 250 mm de largo y 147 mm de ancho, con un acolchado de espuma de +5 mm en comparaci\u00f3n con la versi\u00f3n est\u00e1ndar.<\/p>\n<p>Gracias al nuevo dise\u00f1o \u201cT SHAPE\u201d, sus dimensiones y su ergonom\u00eda, el SCRATCH M5 SPACE es un sill\u00edn unisex (hombre y mujer) apto para un uso multicategor\u00eda.<\/p>\n<p>El sistema de asientos MSS-Multi Sector System, dise\u00f1ado en colaboraci\u00f3n con el Polit\u00e9cnico de Mil\u00e1n, ayuda a mejorar el confort y el rendimiento. Las espumas activas y separadas crean cinco zonas que funcionan de forma inteligente e individual, promoviendo el movimiento normal de pedaleo tanto en la fase de empuje como de tracci\u00f3n. La forma redonda del SCRATCH M5 permite que la pelvis rote de forma natural, creando estabilidad y apoyo para las zonas lumbares; Tambi\u00e9n promueve la distribuci\u00f3n de la presi\u00f3n sobre una superficie mayor.<\/p>\n<p>El sistema PAS (Perineal Area System) es un canal dise\u00f1ado para eliminar los picos de presi\u00f3n y el entumecimiento mejorando el flujo sangu\u00edneo. Su particular dise\u00f1o ergon\u00f3mico, apoyado sobre espuma de densidad variable, elimina los puntos de contacto en la zona prost\u00e1tico-genital. El canal PAS es \u00f3ptimo para usuarios que prefieren rendimiento combinado con comodidad en distancias largas y medias.<\/p>\n<p><strong>Medidas<\/strong> : 250x147mm<br \/>\n<strong>Peso<\/strong> : 172 grs<\/p>","protected":false},"excerpt":{"rendered":"<p>SILLIN PROLOGO M5 PAS SPACE 147 NACK. El t\u00e9rmino SPACE identifica todos aquellos sillines que se caracterizan por un asiento m\u00e1s ancho y un mayor acolchado, garantizando y mejorando el confort. Es la elecci\u00f3n perfecta para las mujeres, que tienen una pelvis m\u00e1s ancha que los hombres, o para quienes necesitan una mejor distribuci\u00f3n del [&hellip;]<\/p>\n","protected":false},"featured_media":19145,"comment_status":"closed","ping_status":"closed","template":"","meta":[],"product_brand":[],"product_cat":[46,16,19,47,226,225,227],"product_tag":[],"class_list":{"0":"post-19146","1":"product","2":"type-product","3":"status-publish","4":"has-post-thumbnail","6":"product_cat-btt-bicicleta-de-montana","7":"product_cat-carretera-gravel-bicicletas","8":"product_cat-componentes-de-bicicletas","9":"product_cat-componentes-para-btt","10":"product_cat-sillin-mtb","11":"product_cat-sillines-carretera-gravel","12":"product_cat-sillines-carretera","13":"product_shipping_class-no-bicicletas","15":"first","16":"instock","17":"sale","18":"shipping-taxable","19":"purchasable","20":"product-type-simple"},"yoast_head":"<!-- This site is optimized with the Yoast SEO plugin v27.6 - https:\/\/yoast.com\/product\/yoast-seo-wordpress\/ -->\n<title>SILLIN PROLOGO SCRATCH M5 PAS SPACE 147 NACK | VELOAXE.COM<\/title>\n<meta name=\"description\" content=\"SILLIN PROLOGO SCRATCH M5 PAS SPACE 147 NACK - Todos los sillines PROLOGO est\u00e1n disponibles en nuestro sitio en una amplia variedad de colores.\" \/>\n<meta name=\"robots\" content=\"index, follow, max-snippet:-1, max-image-preview:large, max-video-preview:-1\" \/>\n<link rel=\"canonical\" href=\"https:\/\/veloaxe.com\/fr\/produit\/sillin-prologo-scratch-m5-pas-space-147-nack\/\" \/>\n<meta property=\"og:locale\" content=\"fr_FR\" \/>\n<meta property=\"og:type\" content=\"article\" \/>\n<meta property=\"og:title\" content=\"SILLIN PROLOGO SCRATCH M5 PAS SPACE 147 NACK | VELOAXE.COM\" \/>\n<meta property=\"og:description\" content=\"SILLIN PROLOGO SCRATCH M5 PAS SPACE 147 NACK - Todos los sillines PROLOGO est\u00e1n disponibles en nuestro sitio en una amplia variedad de colores.\" \/>\n<meta property=\"og:url\" content=\"https:\/\/veloaxe.com\/fr\/produit\/sillin-prologo-scratch-m5-pas-space-147-nack\/\" \/>\n<meta property=\"og:site_name\" content=\"Tienda de bicicletas | VELOAXE\" \/>\n<meta property=\"article:publisher\" content=\"https:\/\/www.facebook.com\/veloaxe\" \/>\n<meta property=\"article:modified_time\" content=\"2025-04-22T15:12:45+00:00\" \/>\n<meta property=\"og:image\" content=\"https:\/\/veloaxe.com\/wp-content\/uploads\/2025\/01\/sillin-prologo-scratch-m5-pas-space.jpg\" \/>\n\t<meta property=\"og:image:width\" content=\"800\" \/>\n\t<meta property=\"og:image:height\" content=\"800\" \/>\n\t<meta property=\"og:image:type\" content=\"image\/jpeg\" \/>\n<meta name=\"twitter:card\" content=\"summary_large_image\" \/>\n<meta name=\"twitter:label1\" content=\"Dur\u00e9e de lecture estim\u00e9e\" \/>\n\t<meta name=\"twitter:data1\" content=\"2 minutes\" \/>\n<script type=\"application\/ld+json\" class=\"yoast-schema-graph\">{\"@context\":\"https:\\\/\\\/schema.org\",\"@graph\":[{\"@type\":\"WebPage\",\"@id\":\"https:\\\/\\\/veloaxe.com\\\/producto\\\/sillin-prologo-scratch-m5-pas-space-147-nack\\\/\",\"url\":\"https:\\\/\\\/veloaxe.com\\\/producto\\\/sillin-prologo-scratch-m5-pas-space-147-nack\\\/\",\"name\":\"SILLIN PROLOGO SCRATCH M5 PAS SPACE 147 NACK | VELOAXE.COM\",\"isPartOf\":{\"@id\":\"https:\\\/\\\/veloaxe.com\\\/#website\"},\"primaryImageOfPage\":{\"@id\":\"https:\\\/\\\/veloaxe.com\\\/producto\\\/sillin-prologo-scratch-m5-pas-space-147-nack\\\/#primaryimage\"},\"image\":{\"@id\":\"https:\\\/\\\/veloaxe.com\\\/producto\\\/sillin-prologo-scratch-m5-pas-space-147-nack\\\/#primaryimage\"},\"thumbnailUrl\":\"https:\\\/\\\/veloaxe.com\\\/wp-content\\\/uploads\\\/2025\\\/01\\\/sillin-prologo-scratch-m5-pas-space.jpg\",\"datePublished\":\"2025-01-19T15:56:11+00:00\",\"dateModified\":\"2025-04-22T15:12:45+00:00\",\"description\":\"SILLIN PROLOGO SCRATCH M5 PAS SPACE 147 NACK - Todos los sillines PROLOGO est\u00e1n disponibles en nuestro sitio en una amplia variedad de colores.\",\"breadcrumb\":{\"@id\":\"https:\\\/\\\/veloaxe.com\\\/producto\\\/sillin-prologo-scratch-m5-pas-space-147-nack\\\/#breadcrumb\"},\"inLanguage\":\"fr-FR\",\"potentialAction\":[{\"@type\":\"ReadAction\",\"target\":[\"https:\\\/\\\/veloaxe.com\\\/producto\\\/sillin-prologo-scratch-m5-pas-space-147-nack\\\/\"]}]},{\"@type\":\"ImageObject\",\"inLanguage\":\"fr-FR\",\"@id\":\"https:\\\/\\\/veloaxe.com\\\/producto\\\/sillin-prologo-scratch-m5-pas-space-147-nack\\\/#primaryimage\",\"url\":\"https:\\\/\\\/veloaxe.com\\\/wp-content\\\/uploads\\\/2025\\\/01\\\/sillin-prologo-scratch-m5-pas-space.jpg\",\"contentUrl\":\"https:\\\/\\\/veloaxe.com\\\/wp-content\\\/uploads\\\/2025\\\/01\\\/sillin-prologo-scratch-m5-pas-space.jpg\",\"width\":800,\"height\":800,\"caption\":\"sillin-prologo-scratch-m5-pas-space\"},{\"@type\":\"BreadcrumbList\",\"@id\":\"https:\\\/\\\/veloaxe.com\\\/producto\\\/sillin-prologo-scratch-m5-pas-space-147-nack\\\/#breadcrumb\",\"itemListElement\":[{\"@type\":\"ListItem\",\"position\":1,\"name\":\"Portada\",\"item\":\"https:\\\/\\\/paleturquoise-herring-271034.hostingersite.com\\\/\"},{\"@type\":\"ListItem\",\"position\":2,\"name\":\"Shop\",\"item\":\"https:\\\/\\\/paleturquoise-herring-271034.hostingersite.com\\\/shop\\\/\"},{\"@type\":\"ListItem\",\"position\":3,\"name\":\"SILLIN PROLOGO SCRATCH M5 PAS SPACE 147 NACK\"}]},{\"@type\":\"WebSite\",\"@id\":\"https:\\\/\\\/veloaxe.com\\\/#website\",\"url\":\"https:\\\/\\\/veloaxe.com\\\/\",\"name\":\"Tienda de bicicletas | VELOAXE\",\"description\":\"Descubre una amplia selecci\u00f3n de bicicletas de alta calidad, desde modelos urbanos y de monta\u00f1a hasta bicicletas de carretera de \u00faltima generaci\u00f3n. Con un servicio experto y accesorios especializados, estamos comprometidos a brindarte la mejor experiencia ciclista.\",\"publisher\":{\"@id\":\"https:\\\/\\\/veloaxe.com\\\/#organization\"},\"potentialAction\":[{\"@type\":\"SearchAction\",\"target\":{\"@type\":\"EntryPoint\",\"urlTemplate\":\"https:\\\/\\\/veloaxe.com\\\/?s={search_term_string}\"},\"query-input\":{\"@type\":\"PropertyValueSpecification\",\"valueRequired\":true,\"valueName\":\"search_term_string\"}}],\"inLanguage\":\"fr-FR\"},{\"@type\":\"Organization\",\"@id\":\"https:\\\/\\\/veloaxe.com\\\/#organization\",\"name\":\"Tienda de bicicletas | VELOAXE\",\"url\":\"https:\\\/\\\/veloaxe.com\\\/\",\"logo\":{\"@type\":\"ImageObject\",\"inLanguage\":\"fr-FR\",\"@id\":\"https:\\\/\\\/veloaxe.com\\\/#\\\/schema\\\/logo\\\/image\\\/\",\"url\":\"https:\\\/\\\/veloaxe.com\\\/wp-content\\\/uploads\\\/2026\\\/01\\\/cropped-logo-1.jpg\",\"contentUrl\":\"https:\\\/\\\/veloaxe.com\\\/wp-content\\\/uploads\\\/2026\\\/01\\\/cropped-logo-1.jpg\",\"width\":1273,\"height\":363,\"caption\":\"Tienda de bicicletas | VELOAXE\"},\"image\":{\"@id\":\"https:\\\/\\\/veloaxe.com\\\/#\\\/schema\\\/logo\\\/image\\\/\"},\"sameAs\":[\"https:\\\/\\\/www.facebook.com\\\/veloaxe\"]}]}<\/script>\n<!-- \/ Yoast SEO plugin. -->","yoast_head_json":{"title":"SILLIN PROLOGO SCRATCH M5 PAS SPACE 147 NACK | VELOAXE.COM","description":"SILLIN PROLOGO SCRATCH M5 PAS SPACE 147 NACK - Todos los sillines PROLOGO est\u00e1n disponibles en nuestro sitio en una amplia variedad de colores.","robots":{"index":"index","follow":"follow","max-snippet":"max-snippet:-1","max-image-preview":"max-image-preview:large","max-video-preview":"max-video-preview:-1"},"canonical":"https:\/\/veloaxe.com\/fr\/produit\/sillin-prologo-scratch-m5-pas-space-147-nack\/","og_locale":"fr_FR","og_type":"article","og_title":"SILLIN PROLOGO SCRATCH M5 PAS SPACE 147 NACK | VELOAXE.COM","og_description":"SILLIN PROLOGO SCRATCH M5 PAS SPACE 147 NACK - Todos los sillines PROLOGO est\u00e1n disponibles en nuestro sitio en una amplia variedad de colores.","og_url":"https:\/\/veloaxe.com\/fr\/produit\/sillin-prologo-scratch-m5-pas-space-147-nack\/","og_site_name":"Tienda de bicicletas | VELOAXE","article_publisher":"https:\/\/www.facebook.com\/veloaxe","article_modified_time":"2025-04-22T15:12:45+00:00","og_image":[{"width":800,"height":800,"url":"https:\/\/veloaxe.com\/wp-content\/uploads\/2025\/01\/sillin-prologo-scratch-m5-pas-space.jpg","type":"image\/jpeg"}],"twitter_card":"summary_large_image","twitter_misc":{"Dur\u00e9e de lecture estim\u00e9e":"2 minutes"},"schema":{"@context":"https:\/\/schema.org","@graph":[{"@type":"WebPage","@id":"https:\/\/veloaxe.com\/producto\/sillin-prologo-scratch-m5-pas-space-147-nack\/","url":"https:\/\/veloaxe.com\/producto\/sillin-prologo-scratch-m5-pas-space-147-nack\/","name":"SILLIN PROLOGO SCRATCH M5 PAS SPACE 147 NACK | VELOAXE.COM","isPartOf":{"@id":"https:\/\/veloaxe.com\/#website"},"primaryImageOfPage":{"@id":"https:\/\/veloaxe.com\/producto\/sillin-prologo-scratch-m5-pas-space-147-nack\/#primaryimage"},"image":{"@id":"https:\/\/veloaxe.com\/producto\/sillin-prologo-scratch-m5-pas-space-147-nack\/#primaryimage"},"thumbnailUrl":"https:\/\/veloaxe.com\/wp-content\/uploads\/2025\/01\/sillin-prologo-scratch-m5-pas-space.jpg","datePublished":"2025-01-19T15:56:11+00:00","dateModified":"2025-04-22T15:12:45+00:00","description":"SILLIN PROLOGO SCRATCH M5 PAS SPACE 147 NACK - Todos los sillines PROLOGO est\u00e1n disponibles en nuestro sitio en una amplia variedad de colores.","breadcrumb":{"@id":"https:\/\/veloaxe.com\/producto\/sillin-prologo-scratch-m5-pas-space-147-nack\/#breadcrumb"},"inLanguage":"fr-FR","potentialAction":[{"@type":"ReadAction","target":["https:\/\/veloaxe.com\/producto\/sillin-prologo-scratch-m5-pas-space-147-nack\/"]}]},{"@type":"ImageObject","inLanguage":"fr-FR","@id":"https:\/\/veloaxe.com\/producto\/sillin-prologo-scratch-m5-pas-space-147-nack\/#primaryimage","url":"https:\/\/veloaxe.com\/wp-content\/uploads\/2025\/01\/sillin-prologo-scratch-m5-pas-space.jpg","contentUrl":"https:\/\/veloaxe.com\/wp-content\/uploads\/2025\/01\/sillin-prologo-scratch-m5-pas-space.jpg","width":800,"height":800,"caption":"sillin-prologo-scratch-m5-pas-space"},{"@type":"BreadcrumbList","@id":"https:\/\/veloaxe.com\/producto\/sillin-prologo-scratch-m5-pas-space-147-nack\/#breadcrumb","itemListElement":[{"@type":"ListItem","position":1,"name":"Portada","item":"https:\/\/paleturquoise-herring-271034.hostingersite.com\/"},{"@type":"ListItem","position":2,"name":"Shop","item":"https:\/\/paleturquoise-herring-271034.hostingersite.com\/shop\/"},{"@type":"ListItem","position":3,"name":"SILLIN PROLOGO SCRATCH M5 PAS SPACE 147 NACK"}]},{"@type":"WebSite","@id":"https:\/\/veloaxe.com\/#website","url":"https:\/\/veloaxe.com\/","name":"Boutique de v\u00e9lo en ligne | VELOAXE","description":"Descubre una amplia selecci\u00f3n de bicicletas de alta calidad, desde modelos urbanos y de monta\u00f1a hasta bicicletas de carretera de \u00faltima generaci\u00f3n. Con un servicio experto y accesorios especializados, estamos comprometidos a brindarte la mejor experiencia ciclista.","publisher":{"@id":"https:\/\/veloaxe.com\/#organization"},"potentialAction":[{"@type":"SearchAction","target":{"@type":"EntryPoint","urlTemplate":"https:\/\/veloaxe.com\/?s={search_term_string}"},"query-input":{"@type":"PropertyValueSpecification","valueRequired":true,"valueName":"search_term_string"}}],"inLanguage":"fr-FR"},{"@type":"Organization","@id":"https:\/\/veloaxe.com\/#organization","name":"Boutique de v\u00e9lo en ligne | VELOAXE","url":"https:\/\/veloaxe.com\/","logo":{"@type":"ImageObject","inLanguage":"fr-FR","@id":"https:\/\/veloaxe.com\/#\/schema\/logo\/image\/","url":"https:\/\/veloaxe.com\/wp-content\/uploads\/2026\/01\/cropped-logo-1.jpg","contentUrl":"https:\/\/veloaxe.com\/wp-content\/uploads\/2026\/01\/cropped-logo-1.jpg","width":1273,"height":363,"caption":"Tienda de bicicletas | VELOAXE"},"image":{"@id":"https:\/\/veloaxe.com\/#\/schema\/logo\/image\/"},"sameAs":["https:\/\/www.facebook.com\/veloaxe"]}]}},"_links":{"self":[{"href":"https:\/\/veloaxe.com\/fr\/wp-json\/wp\/v2\/product\/19146","targetHints":{"allow":["GET"]}}],"collection":[{"href":"https:\/\/veloaxe.com\/fr\/wp-json\/wp\/v2\/product"}],"about":[{"href":"https:\/\/veloaxe.com\/fr\/wp-json\/wp\/v2\/types\/product"}],"replies":[{"embeddable":true,"href":"https:\/\/veloaxe.com\/fr\/wp-json\/wp\/v2\/comments?post=19146"}],"wp:featuredmedia":[{"embeddable":true,"href":"https:\/\/veloaxe.com\/fr\/wp-json\/wp\/v2\/media\/19145"}],"wp:attachment":[{"href":"https:\/\/veloaxe.com\/fr\/wp-json\/wp\/v2\/media?parent=19146"}],"wp:term":[{"taxonomy":"product_brand","embeddable":true,"href":"https:\/\/veloaxe.com\/fr\/wp-json\/wp\/v2\/product_brand?post=19146"},{"taxonomy":"product_cat","embeddable":true,"href":"https:\/\/veloaxe.com\/fr\/wp-json\/wp\/v2\/product_cat?post=19146"},{"taxonomy":"product_tag","embeddable":true,"href":"https:\/\/veloaxe.com\/fr\/wp-json\/wp\/v2\/product_tag?post=19146"}],"curies":[{"name":"wp","href":"https:\/\/api.w.org\/{rel}","templated":true}]}}