{"id":19151,"date":"2025-01-19T16:26:40","date_gmt":"2025-01-19T16:26:40","guid":{"rendered":"https:\/\/veloaxe.com\/?post_type=product&#038;p=19151"},"modified":"2025-04-22T15:04:00","modified_gmt":"2025-04-22T15:04:00","slug":"sillin-prologo-t-gale-tt-cpc-nack","status":"publish","type":"product","link":"https:\/\/veloaxe.com\/fr\/producto\/sillin-prologo-t-gale-tt-cpc-nack\/","title":{"rendered":"SILLIN PROLOGO T-GALE TT CPC NACK"},"content":{"rendered":"<p>Prologo ha creado el sill\u00edn definitivo para contrarreloj y triatl\u00f3n: el <em><strong>PROLOGO T-GALE TT CPC NACK<\/strong><\/em> es un sill\u00edn de forma plana creado para obtener el m\u00e1ximo rendimiento durante contrarreloj y triatlones. Probado en el t\u00fanel de viento, este sill\u00edn tiene caracter\u00edsticas altamente tecnol\u00f3gicas combinadas con un dise\u00f1o \u00fanico. La punta se ha acortado 4,5 cm en comparaci\u00f3n con un sill\u00edn est\u00e1ndar. Un elast\u00f3mero integrado entre la base y el acolchado es capaz de absorber golpes y vibraciones.<\/p>\n<p>Es el sill\u00edn perfecto gracias al cual un deportista puede ejercer la m\u00e1xima potencia manteniendo una posici\u00f3n aerodin\u00e1mica durante mucho tiempo.<\/p>\n<p>CPC, Connect Power Control es el sistema dise\u00f1ado y patentado por los t\u00e9cnicos de Prologo. Situado en puntos estrat\u00e9gicos, absorbe las vibraciones y los impactos y ayuda a mantener la mejor posici\u00f3n sobre la bicicleta, garantizando el agarre necesario en todos los puntos de contacto y en cualquier condici\u00f3n clim\u00e1tica. Mejora la ventilaci\u00f3n en los puntos de contacto. Probado por equipos profesionales de carretera y MTB, garantiza la comodidad aumentando el rendimiento. La tecnolog\u00eda CPC se utiliza en el ej\u00e9rcito y en la F\u00f3rmula 1 (asientos y guantes especiales) y utiliza un material de pol\u00edmero tridimensional hueco \u00fanico.<\/p>\n<p><strong>Los sillines T-GALE est\u00e1n disponibles:<\/strong> Con la horquilla NACK, en nano fibra de carbono que integra filamentos de Kevlar y aluminio para proporcionar una horquilla s\u00faper ligera y reduce las deformaciones en comparaci\u00f3n con las horquillas de carbono est\u00e1ndar. Di\u00e1metro sobredimensionado 7&#215;9,3 mm<br \/>\nen Tirox. Carril en aleaci\u00f3n ligera inoxidable, altamente resistente a la tracci\u00f3n y torsi\u00f3n, por sus caracter\u00edsticas f\u00edsicas y ligereza, se utiliza en la industria aeron\u00e1utica y aeroespacial. T-Irox resulta pues ser una horquilla con una excelente relaci\u00f3n peso-resistencia, que no teme los esfuerzos normales a los que se enfrenta una bicicleta. Di\u00e1metro de la horquilla 7 mm<\/p>\n<p><strong>Medidas<\/strong> : 240&#215;128<br \/>\n<strong>Peso<\/strong> : 252 grs<\/p>","protected":false},"excerpt":{"rendered":"<p>Prologo ha creado el sill\u00edn definitivo para contrarreloj y triatl\u00f3n: el PROLOGO T-GALE TT CPC NACK es un sill\u00edn de forma plana creado para obtener el m\u00e1ximo rendimiento durante contrarreloj y triatlones. Probado en el t\u00fanel de viento, este sill\u00edn tiene caracter\u00edsticas altamente tecnol\u00f3gicas combinadas con un dise\u00f1o \u00fanico. La punta se ha acortado 4,5 [&hellip;]<\/p>\n","protected":false},"featured_media":19152,"comment_status":"closed","ping_status":"closed","template":"","meta":[],"product_brand":[],"product_cat":[16,19,225,229],"product_tag":[],"class_list":{"0":"post-19151","1":"product","2":"type-product","3":"status-publish","4":"has-post-thumbnail","6":"product_cat-carretera-gravel-bicicletas","7":"product_cat-componentes-de-bicicletas","8":"product_cat-sillines-carretera-gravel","9":"product_cat-sillines-triatlon","10":"product_shipping_class-no-bicicletas","12":"first","13":"instock","14":"sale","15":"shipping-taxable","16":"purchasable","17":"product-type-simple"},"yoast_head":"<!-- This site is optimized with the Yoast SEO plugin v27.6 - https:\/\/yoast.com\/product\/yoast-seo-wordpress\/ -->\n<title>SILLIN PROLOGO T-GALE TT CPC NACK | VELOAXE.COM<\/title>\n<meta name=\"description\" content=\"SILLIN PROLOGO T-GALE TT CPC NACK - Todos los sillines PROLOGO est\u00e1n disponibles en nuestro sitio en una amplia variedad de colores.\" \/>\n<meta name=\"robots\" content=\"index, follow, max-snippet:-1, max-image-preview:large, max-video-preview:-1\" \/>\n<link rel=\"canonical\" href=\"https:\/\/veloaxe.com\/fr\/produit\/sillin-prologo-t-gale-tt-cpc-nack\/\" \/>\n<meta property=\"og:locale\" content=\"fr_FR\" \/>\n<meta property=\"og:type\" content=\"article\" \/>\n<meta property=\"og:title\" content=\"SILLIN PROLOGO T-GALE TT CPC NACK | VELOAXE.COM\" \/>\n<meta property=\"og:description\" content=\"SILLIN PROLOGO T-GALE TT CPC NACK - Todos los sillines PROLOGO est\u00e1n disponibles en nuestro sitio en una amplia variedad de colores.\" \/>\n<meta property=\"og:url\" content=\"https:\/\/veloaxe.com\/fr\/produit\/sillin-prologo-t-gale-tt-cpc-nack\/\" \/>\n<meta property=\"og:site_name\" content=\"Tienda de bicicletas | VELOAXE\" \/>\n<meta property=\"article:publisher\" content=\"https:\/\/www.facebook.com\/veloaxe\" \/>\n<meta property=\"article:modified_time\" content=\"2025-04-22T15:04:00+00:00\" \/>\n<meta property=\"og:image\" content=\"https:\/\/veloaxe.com\/wp-content\/uploads\/2025\/01\/sillin-prologo-t-gale-cpc-nack.jpg\" \/>\n\t<meta property=\"og:image:width\" content=\"800\" \/>\n\t<meta property=\"og:image:height\" content=\"800\" \/>\n\t<meta property=\"og:image:type\" content=\"image\/jpeg\" \/>\n<meta name=\"twitter:card\" content=\"summary_large_image\" \/>\n<meta name=\"twitter:label1\" content=\"Dur\u00e9e de lecture estim\u00e9e\" \/>\n\t<meta name=\"twitter:data1\" content=\"2 minutes\" \/>\n<script type=\"application\/ld+json\" class=\"yoast-schema-graph\">{\"@context\":\"https:\\\/\\\/schema.org\",\"@graph\":[{\"@type\":\"WebPage\",\"@id\":\"https:\\\/\\\/veloaxe.com\\\/producto\\\/sillin-prologo-t-gale-tt-cpc-nack\\\/\",\"url\":\"https:\\\/\\\/veloaxe.com\\\/producto\\\/sillin-prologo-t-gale-tt-cpc-nack\\\/\",\"name\":\"SILLIN PROLOGO T-GALE TT CPC NACK | VELOAXE.COM\",\"isPartOf\":{\"@id\":\"https:\\\/\\\/veloaxe.com\\\/#website\"},\"primaryImageOfPage\":{\"@id\":\"https:\\\/\\\/veloaxe.com\\\/producto\\\/sillin-prologo-t-gale-tt-cpc-nack\\\/#primaryimage\"},\"image\":{\"@id\":\"https:\\\/\\\/veloaxe.com\\\/producto\\\/sillin-prologo-t-gale-tt-cpc-nack\\\/#primaryimage\"},\"thumbnailUrl\":\"https:\\\/\\\/veloaxe.com\\\/wp-content\\\/uploads\\\/2025\\\/01\\\/sillin-prologo-t-gale-cpc-nack.jpg\",\"datePublished\":\"2025-01-19T16:26:40+00:00\",\"dateModified\":\"2025-04-22T15:04:00+00:00\",\"description\":\"SILLIN PROLOGO T-GALE TT CPC NACK - Todos los sillines PROLOGO est\u00e1n disponibles en nuestro sitio en una amplia variedad de colores.\",\"breadcrumb\":{\"@id\":\"https:\\\/\\\/veloaxe.com\\\/producto\\\/sillin-prologo-t-gale-tt-cpc-nack\\\/#breadcrumb\"},\"inLanguage\":\"fr-FR\",\"potentialAction\":[{\"@type\":\"ReadAction\",\"target\":[\"https:\\\/\\\/veloaxe.com\\\/producto\\\/sillin-prologo-t-gale-tt-cpc-nack\\\/\"]}]},{\"@type\":\"ImageObject\",\"inLanguage\":\"fr-FR\",\"@id\":\"https:\\\/\\\/veloaxe.com\\\/producto\\\/sillin-prologo-t-gale-tt-cpc-nack\\\/#primaryimage\",\"url\":\"https:\\\/\\\/veloaxe.com\\\/wp-content\\\/uploads\\\/2025\\\/01\\\/sillin-prologo-t-gale-cpc-nack.jpg\",\"contentUrl\":\"https:\\\/\\\/veloaxe.com\\\/wp-content\\\/uploads\\\/2025\\\/01\\\/sillin-prologo-t-gale-cpc-nack.jpg\",\"width\":800,\"height\":800,\"caption\":\"sillin-prologo-t-gale-cpc-nack\"},{\"@type\":\"BreadcrumbList\",\"@id\":\"https:\\\/\\\/veloaxe.com\\\/producto\\\/sillin-prologo-t-gale-tt-cpc-nack\\\/#breadcrumb\",\"itemListElement\":[{\"@type\":\"ListItem\",\"position\":1,\"name\":\"Portada\",\"item\":\"https:\\\/\\\/veloaxe.com\\\/\"},{\"@type\":\"ListItem\",\"position\":2,\"name\":\"Shop\",\"item\":\"https:\\\/\\\/paleturquoise-herring-271034.hostingersite.com\\\/shop\\\/\"},{\"@type\":\"ListItem\",\"position\":3,\"name\":\"SILLIN PROLOGO T-GALE TT CPC NACK\"}]},{\"@type\":\"WebSite\",\"@id\":\"https:\\\/\\\/veloaxe.com\\\/#website\",\"url\":\"https:\\\/\\\/veloaxe.com\\\/\",\"name\":\"Tienda de bicicletas | VELOAXE\",\"description\":\"Descubre una amplia selecci\u00f3n de bicicletas de alta calidad, desde modelos urbanos y de monta\u00f1a hasta bicicletas de carretera de \u00faltima generaci\u00f3n. Con un servicio experto y accesorios especializados, estamos comprometidos a brindarte la mejor experiencia ciclista.\",\"publisher\":{\"@id\":\"https:\\\/\\\/veloaxe.com\\\/#organization\"},\"potentialAction\":[{\"@type\":\"SearchAction\",\"target\":{\"@type\":\"EntryPoint\",\"urlTemplate\":\"https:\\\/\\\/veloaxe.com\\\/?s={search_term_string}\"},\"query-input\":{\"@type\":\"PropertyValueSpecification\",\"valueRequired\":true,\"valueName\":\"search_term_string\"}}],\"inLanguage\":\"fr-FR\"},{\"@type\":\"Organization\",\"@id\":\"https:\\\/\\\/veloaxe.com\\\/#organization\",\"name\":\"Tienda de bicicletas | VELOAXE\",\"url\":\"https:\\\/\\\/veloaxe.com\\\/\",\"logo\":{\"@type\":\"ImageObject\",\"inLanguage\":\"fr-FR\",\"@id\":\"https:\\\/\\\/veloaxe.com\\\/#\\\/schema\\\/logo\\\/image\\\/\",\"url\":\"https:\\\/\\\/veloaxe.com\\\/wp-content\\\/uploads\\\/2026\\\/01\\\/cropped-logo-1.jpg\",\"contentUrl\":\"https:\\\/\\\/veloaxe.com\\\/wp-content\\\/uploads\\\/2026\\\/01\\\/cropped-logo-1.jpg\",\"width\":1273,\"height\":363,\"caption\":\"Tienda de bicicletas | VELOAXE\"},\"image\":{\"@id\":\"https:\\\/\\\/veloaxe.com\\\/#\\\/schema\\\/logo\\\/image\\\/\"},\"sameAs\":[\"https:\\\/\\\/www.facebook.com\\\/veloaxe\"]}]}<\/script>\n<!-- \/ Yoast SEO plugin. -->","yoast_head_json":{"title":"SILLIN PROLOGO T-GALE TT CPC NACK | VELOAXE.COM","description":"SILLIN PROLOGO T-GALE TT CPC NACK - Todos los sillines PROLOGO est\u00e1n disponibles en nuestro sitio en una amplia variedad de colores.","robots":{"index":"index","follow":"follow","max-snippet":"max-snippet:-1","max-image-preview":"max-image-preview:large","max-video-preview":"max-video-preview:-1"},"canonical":"https:\/\/veloaxe.com\/fr\/produit\/sillin-prologo-t-gale-tt-cpc-nack\/","og_locale":"fr_FR","og_type":"article","og_title":"SILLIN PROLOGO T-GALE TT CPC NACK | VELOAXE.COM","og_description":"SILLIN PROLOGO T-GALE TT CPC NACK - Todos los sillines PROLOGO est\u00e1n disponibles en nuestro sitio en una amplia variedad de colores.","og_url":"https:\/\/veloaxe.com\/fr\/produit\/sillin-prologo-t-gale-tt-cpc-nack\/","og_site_name":"Tienda de bicicletas | VELOAXE","article_publisher":"https:\/\/www.facebook.com\/veloaxe","article_modified_time":"2025-04-22T15:04:00+00:00","og_image":[{"width":800,"height":800,"url":"https:\/\/veloaxe.com\/wp-content\/uploads\/2025\/01\/sillin-prologo-t-gale-cpc-nack.jpg","type":"image\/jpeg"}],"twitter_card":"summary_large_image","twitter_misc":{"Dur\u00e9e de lecture estim\u00e9e":"2 minutes"},"schema":{"@context":"https:\/\/schema.org","@graph":[{"@type":"WebPage","@id":"https:\/\/veloaxe.com\/producto\/sillin-prologo-t-gale-tt-cpc-nack\/","url":"https:\/\/veloaxe.com\/producto\/sillin-prologo-t-gale-tt-cpc-nack\/","name":"SILLIN PROLOGO T-GALE TT CPC NACK | VELOAXE.COM","isPartOf":{"@id":"https:\/\/veloaxe.com\/#website"},"primaryImageOfPage":{"@id":"https:\/\/veloaxe.com\/producto\/sillin-prologo-t-gale-tt-cpc-nack\/#primaryimage"},"image":{"@id":"https:\/\/veloaxe.com\/producto\/sillin-prologo-t-gale-tt-cpc-nack\/#primaryimage"},"thumbnailUrl":"https:\/\/veloaxe.com\/wp-content\/uploads\/2025\/01\/sillin-prologo-t-gale-cpc-nack.jpg","datePublished":"2025-01-19T16:26:40+00:00","dateModified":"2025-04-22T15:04:00+00:00","description":"SILLIN PROLOGO T-GALE TT CPC NACK - Todos los sillines PROLOGO est\u00e1n disponibles en nuestro sitio en una amplia variedad de colores.","breadcrumb":{"@id":"https:\/\/veloaxe.com\/producto\/sillin-prologo-t-gale-tt-cpc-nack\/#breadcrumb"},"inLanguage":"fr-FR","potentialAction":[{"@type":"ReadAction","target":["https:\/\/veloaxe.com\/producto\/sillin-prologo-t-gale-tt-cpc-nack\/"]}]},{"@type":"ImageObject","inLanguage":"fr-FR","@id":"https:\/\/veloaxe.com\/producto\/sillin-prologo-t-gale-tt-cpc-nack\/#primaryimage","url":"https:\/\/veloaxe.com\/wp-content\/uploads\/2025\/01\/sillin-prologo-t-gale-cpc-nack.jpg","contentUrl":"https:\/\/veloaxe.com\/wp-content\/uploads\/2025\/01\/sillin-prologo-t-gale-cpc-nack.jpg","width":800,"height":800,"caption":"sillin-prologo-t-gale-cpc-nack"},{"@type":"BreadcrumbList","@id":"https:\/\/veloaxe.com\/producto\/sillin-prologo-t-gale-tt-cpc-nack\/#breadcrumb","itemListElement":[{"@type":"ListItem","position":1,"name":"Portada","item":"https:\/\/veloaxe.com\/"},{"@type":"ListItem","position":2,"name":"Shop","item":"https:\/\/paleturquoise-herring-271034.hostingersite.com\/shop\/"},{"@type":"ListItem","position":3,"name":"SILLIN PROLOGO T-GALE TT CPC NACK"}]},{"@type":"WebSite","@id":"https:\/\/veloaxe.com\/#website","url":"https:\/\/veloaxe.com\/","name":"Boutique de v\u00e9lo en ligne | VELOAXE","description":"D\u00e9couvrez une large s\u00e9lection de v\u00e9los de haute qualit\u00e9, des mod\u00e8les urbains et de montagne aux v\u00e9los de route de pointe. Avec un service d'experts et des accessoires sp\u00e9cialis\u00e9s, nous nous engageons \u00e0 vous offrir la meilleure exp\u00e9rience de cyclisme.","publisher":{"@id":"https:\/\/veloaxe.com\/#organization"},"potentialAction":[{"@type":"SearchAction","target":{"@type":"EntryPoint","urlTemplate":"https:\/\/veloaxe.com\/?s={search_term_string}"},"query-input":{"@type":"PropertyValueSpecification","valueRequired":true,"valueName":"search_term_string"}}],"inLanguage":"fr-FR"},{"@type":"Organization","@id":"https:\/\/veloaxe.com\/#organization","name":"Boutique de v\u00e9lo en ligne | VELOAXE","url":"https:\/\/veloaxe.com\/","logo":{"@type":"ImageObject","inLanguage":"fr-FR","@id":"https:\/\/veloaxe.com\/#\/schema\/logo\/image\/","url":"https:\/\/veloaxe.com\/wp-content\/uploads\/2026\/01\/cropped-logo-1.jpg","contentUrl":"https:\/\/veloaxe.com\/wp-content\/uploads\/2026\/01\/cropped-logo-1.jpg","width":1273,"height":363,"caption":"Tienda de bicicletas | VELOAXE"},"image":{"@id":"https:\/\/veloaxe.com\/#\/schema\/logo\/image\/"},"sameAs":["https:\/\/www.facebook.com\/veloaxe"]}]}},"_links":{"self":[{"href":"https:\/\/veloaxe.com\/fr\/wp-json\/wp\/v2\/product\/19151","targetHints":{"allow":["GET"]}}],"collection":[{"href":"https:\/\/veloaxe.com\/fr\/wp-json\/wp\/v2\/product"}],"about":[{"href":"https:\/\/veloaxe.com\/fr\/wp-json\/wp\/v2\/types\/product"}],"replies":[{"embeddable":true,"href":"https:\/\/veloaxe.com\/fr\/wp-json\/wp\/v2\/comments?post=19151"}],"wp:featuredmedia":[{"embeddable":true,"href":"https:\/\/veloaxe.com\/fr\/wp-json\/wp\/v2\/media\/19152"}],"wp:attachment":[{"href":"https:\/\/veloaxe.com\/fr\/wp-json\/wp\/v2\/media?parent=19151"}],"wp:term":[{"taxonomy":"product_brand","embeddable":true,"href":"https:\/\/veloaxe.com\/fr\/wp-json\/wp\/v2\/product_brand?post=19151"},{"taxonomy":"product_cat","embeddable":true,"href":"https:\/\/veloaxe.com\/fr\/wp-json\/wp\/v2\/product_cat?post=19151"},{"taxonomy":"product_tag","embeddable":true,"href":"https:\/\/veloaxe.com\/fr\/wp-json\/wp\/v2\/product_tag?post=19151"}],"curies":[{"name":"wp","href":"https:\/\/api.w.org\/{rel}","templated":true}]}}