{"id":19161,"date":"2025-01-20T10:32:45","date_gmt":"2025-01-20T10:32:45","guid":{"rendered":"https:\/\/veloaxe.com\/?post_type=product&#038;p=19161"},"modified":"2025-04-22T14:52:02","modified_gmt":"2025-04-22T14:52:02","slug":"sillin-prologo-zero-tri-pas-t2-0","status":"publish","type":"product","link":"https:\/\/veloaxe.com\/fr\/producto\/sillin-prologo-zero-tri-pas-t2-0\/","title":{"rendered":"SILLIN PROLOGO ZERO TRI PAS T2.0"},"content":{"rendered":"<p>Il <em><strong>PROLOGO Zero TRI PAS<\/strong><\/em> est\u00e1 dise\u00f1ado principalmente para uso en triatl\u00f3n. Su forma plana la hace muy adecuada para distancias medias-cortas. El amplio canal que recorre todo el sill\u00edn alivia la presi\u00f3n en la zona perineal y facilita mantener una posici\u00f3n correcta de triatl\u00f3n.<\/p>\n<p>La tecnolog\u00eda PAS (Sistema de \u00c1rea Perineal) elimina los picos de presi\u00f3n y el entumecimiento en el \u00e1rea p\u00e9lvica. El sistema PAS se realiza gracias a una forma particular del molde de espuma, dejando la base intacta y garantizando sillines duraderos e inalterables en el tiempo. La tecnolog\u00eda PAS funciona como el cl\u00e1sico orificio del sill\u00edn, aliviando la presi\u00f3n pero con la ventaja de dejar el sill\u00edn estructura inalterada, es decir, el sill\u00edn se deforma menos con el uso por parte del ciclista. Esto garantiza la continuidad del movimiento de la pelvis incluso despu\u00e9s de muchos kil\u00f3metros, mientras que en un sill\u00edn deformado la pelvis se bloquea, provocando una sobrecarga de los m\u00fasculos de la zona lumbar-sacra y en particular del cuadrado lumbar. El resultado final garantiza un excelente confort y rendimiento.<\/p>\n<p><strong>Medidas<\/strong> : 254x136mm<br \/>\n<strong>Peso<\/strong> : 274 grs<\/p>","protected":false},"excerpt":{"rendered":"<p>El PROLOGO Zero TRI PAS est\u00e1 dise\u00f1ado principalmente para uso en triatl\u00f3n. Su forma plana la hace muy adecuada para distancias medias-cortas. El amplio canal que recorre todo el sill\u00edn alivia la presi\u00f3n en la zona perineal y facilita mantener una posici\u00f3n correcta de triatl\u00f3n. La tecnolog\u00eda PAS (Sistema de \u00c1rea Perineal) elimina los picos [&hellip;]<\/p>\n","protected":false},"featured_media":19162,"comment_status":"closed","ping_status":"closed","template":"","meta":[],"product_brand":[],"product_cat":[16,19,225,229],"product_tag":[],"class_list":{"0":"post-19161","1":"product","2":"type-product","3":"status-publish","4":"has-post-thumbnail","6":"product_cat-carretera-gravel-bicicletas","7":"product_cat-componentes-de-bicicletas","8":"product_cat-sillines-carretera-gravel","9":"product_cat-sillines-triatlon","10":"product_shipping_class-no-bicicletas","12":"first","13":"instock","14":"sale","15":"shipping-taxable","16":"purchasable","17":"product-type-simple"},"yoast_head":"<!-- This site is optimized with the Yoast SEO plugin v27.6 - https:\/\/yoast.com\/product\/yoast-seo-wordpress\/ -->\n<title>SILLIN PROLOGO ZERO TRI PAS T2.0 | VELOAXE.COM<\/title>\n<meta name=\"description\" content=\"SILLIN PROLOGO ZERO TRI PAS T2.0 - Todos los sillines PROLOGO est\u00e1n disponibles en nuestro sitio en una amplia variedad de colores.\" \/>\n<meta name=\"robots\" content=\"index, follow, max-snippet:-1, max-image-preview:large, max-video-preview:-1\" \/>\n<link rel=\"canonical\" href=\"https:\/\/veloaxe.com\/fr\/produit\/sillin-prologo-zero-tri-pas-t2-0\/\" \/>\n<meta property=\"og:locale\" content=\"fr_FR\" \/>\n<meta property=\"og:type\" content=\"article\" \/>\n<meta property=\"og:title\" content=\"SILLIN PROLOGO ZERO TRI PAS T2.0 | VELOAXE.COM\" \/>\n<meta property=\"og:description\" content=\"SILLIN PROLOGO ZERO TRI PAS T2.0 - Todos los sillines PROLOGO est\u00e1n disponibles en nuestro sitio en una amplia variedad de colores.\" \/>\n<meta property=\"og:url\" content=\"https:\/\/veloaxe.com\/fr\/produit\/sillin-prologo-zero-tri-pas-t2-0\/\" \/>\n<meta property=\"og:site_name\" content=\"Tienda de bicicletas | VELOAXE\" \/>\n<meta property=\"article:publisher\" content=\"https:\/\/www.facebook.com\/veloaxe\" \/>\n<meta property=\"article:modified_time\" content=\"2025-04-22T14:52:02+00:00\" \/>\n<meta property=\"og:image\" content=\"https:\/\/veloaxe.com\/wp-content\/uploads\/2025\/01\/sillin-prologo-tri-zero-pas.jpg\" \/>\n\t<meta property=\"og:image:width\" content=\"800\" \/>\n\t<meta property=\"og:image:height\" content=\"800\" \/>\n\t<meta property=\"og:image:type\" content=\"image\/jpeg\" \/>\n<meta name=\"twitter:card\" content=\"summary_large_image\" \/>\n<meta name=\"twitter:label1\" content=\"Dur\u00e9e de lecture estim\u00e9e\" \/>\n\t<meta name=\"twitter:data1\" content=\"2 minutes\" \/>\n<script type=\"application\/ld+json\" class=\"yoast-schema-graph\">{\"@context\":\"https:\\\/\\\/schema.org\",\"@graph\":[{\"@type\":\"WebPage\",\"@id\":\"https:\\\/\\\/veloaxe.com\\\/producto\\\/sillin-prologo-zero-tri-pas-t2-0\\\/\",\"url\":\"https:\\\/\\\/veloaxe.com\\\/producto\\\/sillin-prologo-zero-tri-pas-t2-0\\\/\",\"name\":\"SILLIN PROLOGO ZERO TRI PAS T2.0 | VELOAXE.COM\",\"isPartOf\":{\"@id\":\"https:\\\/\\\/veloaxe.com\\\/#website\"},\"primaryImageOfPage\":{\"@id\":\"https:\\\/\\\/veloaxe.com\\\/producto\\\/sillin-prologo-zero-tri-pas-t2-0\\\/#primaryimage\"},\"image\":{\"@id\":\"https:\\\/\\\/veloaxe.com\\\/producto\\\/sillin-prologo-zero-tri-pas-t2-0\\\/#primaryimage\"},\"thumbnailUrl\":\"https:\\\/\\\/veloaxe.com\\\/wp-content\\\/uploads\\\/2025\\\/01\\\/sillin-prologo-tri-zero-pas.jpg\",\"datePublished\":\"2025-01-20T10:32:45+00:00\",\"dateModified\":\"2025-04-22T14:52:02+00:00\",\"description\":\"SILLIN PROLOGO ZERO TRI PAS T2.0 - Todos los sillines PROLOGO est\u00e1n disponibles en nuestro sitio en una amplia variedad de colores.\",\"breadcrumb\":{\"@id\":\"https:\\\/\\\/veloaxe.com\\\/producto\\\/sillin-prologo-zero-tri-pas-t2-0\\\/#breadcrumb\"},\"inLanguage\":\"fr-FR\",\"potentialAction\":[{\"@type\":\"ReadAction\",\"target\":[\"https:\\\/\\\/veloaxe.com\\\/producto\\\/sillin-prologo-zero-tri-pas-t2-0\\\/\"]}]},{\"@type\":\"ImageObject\",\"inLanguage\":\"fr-FR\",\"@id\":\"https:\\\/\\\/veloaxe.com\\\/producto\\\/sillin-prologo-zero-tri-pas-t2-0\\\/#primaryimage\",\"url\":\"https:\\\/\\\/veloaxe.com\\\/wp-content\\\/uploads\\\/2025\\\/01\\\/sillin-prologo-tri-zero-pas.jpg\",\"contentUrl\":\"https:\\\/\\\/veloaxe.com\\\/wp-content\\\/uploads\\\/2025\\\/01\\\/sillin-prologo-tri-zero-pas.jpg\",\"width\":800,\"height\":800,\"caption\":\"sillin-prologo-zero-tri-pas\"},{\"@type\":\"BreadcrumbList\",\"@id\":\"https:\\\/\\\/veloaxe.com\\\/producto\\\/sillin-prologo-zero-tri-pas-t2-0\\\/#breadcrumb\",\"itemListElement\":[{\"@type\":\"ListItem\",\"position\":1,\"name\":\"Portada\",\"item\":\"https:\\\/\\\/veloaxe.com\\\/\"},{\"@type\":\"ListItem\",\"position\":2,\"name\":\"Shop\",\"item\":\"https:\\\/\\\/paleturquoise-herring-271034.hostingersite.com\\\/shop\\\/\"},{\"@type\":\"ListItem\",\"position\":3,\"name\":\"SILLIN PROLOGO ZERO TRI PAS T2.0\"}]},{\"@type\":\"WebSite\",\"@id\":\"https:\\\/\\\/veloaxe.com\\\/#website\",\"url\":\"https:\\\/\\\/veloaxe.com\\\/\",\"name\":\"Tienda de bicicletas | VELOAXE\",\"description\":\"Descubre una amplia selecci\u00f3n de bicicletas de alta calidad, desde modelos urbanos y de monta\u00f1a hasta bicicletas de carretera de \u00faltima generaci\u00f3n. Con un servicio experto y accesorios especializados, estamos comprometidos a brindarte la mejor experiencia ciclista.\",\"publisher\":{\"@id\":\"https:\\\/\\\/veloaxe.com\\\/#organization\"},\"potentialAction\":[{\"@type\":\"SearchAction\",\"target\":{\"@type\":\"EntryPoint\",\"urlTemplate\":\"https:\\\/\\\/veloaxe.com\\\/?s={search_term_string}\"},\"query-input\":{\"@type\":\"PropertyValueSpecification\",\"valueRequired\":true,\"valueName\":\"search_term_string\"}}],\"inLanguage\":\"fr-FR\"},{\"@type\":\"Organization\",\"@id\":\"https:\\\/\\\/veloaxe.com\\\/#organization\",\"name\":\"Tienda de bicicletas | VELOAXE\",\"url\":\"https:\\\/\\\/veloaxe.com\\\/\",\"logo\":{\"@type\":\"ImageObject\",\"inLanguage\":\"fr-FR\",\"@id\":\"https:\\\/\\\/veloaxe.com\\\/#\\\/schema\\\/logo\\\/image\\\/\",\"url\":\"https:\\\/\\\/veloaxe.com\\\/wp-content\\\/uploads\\\/2026\\\/01\\\/cropped-logo-1.jpg\",\"contentUrl\":\"https:\\\/\\\/veloaxe.com\\\/wp-content\\\/uploads\\\/2026\\\/01\\\/cropped-logo-1.jpg\",\"width\":1273,\"height\":363,\"caption\":\"Tienda de bicicletas | VELOAXE\"},\"image\":{\"@id\":\"https:\\\/\\\/veloaxe.com\\\/#\\\/schema\\\/logo\\\/image\\\/\"},\"sameAs\":[\"https:\\\/\\\/www.facebook.com\\\/veloaxe\"]}]}<\/script>\n<!-- \/ Yoast SEO plugin. -->","yoast_head_json":{"title":"SILLIN PROLOGO ZERO TRI PAS T2.0 | VELOAXE.COM","description":"SILLIN PROLOGO ZERO TRI PAS T2.0 - Todos los sillines PROLOGO est\u00e1n disponibles en nuestro sitio en una amplia variedad de colores.","robots":{"index":"index","follow":"follow","max-snippet":"max-snippet:-1","max-image-preview":"max-image-preview:large","max-video-preview":"max-video-preview:-1"},"canonical":"https:\/\/veloaxe.com\/fr\/produit\/sillin-prologo-zero-tri-pas-t2-0\/","og_locale":"fr_FR","og_type":"article","og_title":"SILLIN PROLOGO ZERO TRI PAS T2.0 | VELOAXE.COM","og_description":"SILLIN PROLOGO ZERO TRI PAS T2.0 - Todos los sillines PROLOGO est\u00e1n disponibles en nuestro sitio en una amplia variedad de colores.","og_url":"https:\/\/veloaxe.com\/fr\/produit\/sillin-prologo-zero-tri-pas-t2-0\/","og_site_name":"Tienda de bicicletas | VELOAXE","article_publisher":"https:\/\/www.facebook.com\/veloaxe","article_modified_time":"2025-04-22T14:52:02+00:00","og_image":[{"width":800,"height":800,"url":"https:\/\/veloaxe.com\/wp-content\/uploads\/2025\/01\/sillin-prologo-tri-zero-pas.jpg","type":"image\/jpeg"}],"twitter_card":"summary_large_image","twitter_misc":{"Dur\u00e9e de lecture estim\u00e9e":"2 minutes"},"schema":{"@context":"https:\/\/schema.org","@graph":[{"@type":"WebPage","@id":"https:\/\/veloaxe.com\/producto\/sillin-prologo-zero-tri-pas-t2-0\/","url":"https:\/\/veloaxe.com\/producto\/sillin-prologo-zero-tri-pas-t2-0\/","name":"SILLIN PROLOGO ZERO TRI PAS T2.0 | VELOAXE.COM","isPartOf":{"@id":"https:\/\/veloaxe.com\/#website"},"primaryImageOfPage":{"@id":"https:\/\/veloaxe.com\/producto\/sillin-prologo-zero-tri-pas-t2-0\/#primaryimage"},"image":{"@id":"https:\/\/veloaxe.com\/producto\/sillin-prologo-zero-tri-pas-t2-0\/#primaryimage"},"thumbnailUrl":"https:\/\/veloaxe.com\/wp-content\/uploads\/2025\/01\/sillin-prologo-tri-zero-pas.jpg","datePublished":"2025-01-20T10:32:45+00:00","dateModified":"2025-04-22T14:52:02+00:00","description":"SILLIN PROLOGO ZERO TRI PAS T2.0 - Todos los sillines PROLOGO est\u00e1n disponibles en nuestro sitio en una amplia variedad de colores.","breadcrumb":{"@id":"https:\/\/veloaxe.com\/producto\/sillin-prologo-zero-tri-pas-t2-0\/#breadcrumb"},"inLanguage":"fr-FR","potentialAction":[{"@type":"ReadAction","target":["https:\/\/veloaxe.com\/producto\/sillin-prologo-zero-tri-pas-t2-0\/"]}]},{"@type":"ImageObject","inLanguage":"fr-FR","@id":"https:\/\/veloaxe.com\/producto\/sillin-prologo-zero-tri-pas-t2-0\/#primaryimage","url":"https:\/\/veloaxe.com\/wp-content\/uploads\/2025\/01\/sillin-prologo-tri-zero-pas.jpg","contentUrl":"https:\/\/veloaxe.com\/wp-content\/uploads\/2025\/01\/sillin-prologo-tri-zero-pas.jpg","width":800,"height":800,"caption":"sillin-prologo-zero-tri-pas"},{"@type":"BreadcrumbList","@id":"https:\/\/veloaxe.com\/producto\/sillin-prologo-zero-tri-pas-t2-0\/#breadcrumb","itemListElement":[{"@type":"ListItem","position":1,"name":"Portada","item":"https:\/\/veloaxe.com\/"},{"@type":"ListItem","position":2,"name":"Shop","item":"https:\/\/paleturquoise-herring-271034.hostingersite.com\/shop\/"},{"@type":"ListItem","position":3,"name":"SILLIN PROLOGO ZERO TRI PAS T2.0"}]},{"@type":"WebSite","@id":"https:\/\/veloaxe.com\/#website","url":"https:\/\/veloaxe.com\/","name":"Boutique de v\u00e9lo en ligne | VELOAXE","description":"D\u00e9couvrez une large s\u00e9lection de v\u00e9los de haute qualit\u00e9, des mod\u00e8les urbains et de montagne aux v\u00e9los de route de pointe. Avec un service d'experts et des accessoires sp\u00e9cialis\u00e9s, nous nous engageons \u00e0 vous offrir la meilleure exp\u00e9rience de cyclisme.","publisher":{"@id":"https:\/\/veloaxe.com\/#organization"},"potentialAction":[{"@type":"SearchAction","target":{"@type":"EntryPoint","urlTemplate":"https:\/\/veloaxe.com\/?s={search_term_string}"},"query-input":{"@type":"PropertyValueSpecification","valueRequired":true,"valueName":"search_term_string"}}],"inLanguage":"fr-FR"},{"@type":"Organization","@id":"https:\/\/veloaxe.com\/#organization","name":"Boutique de v\u00e9lo en ligne | VELOAXE","url":"https:\/\/veloaxe.com\/","logo":{"@type":"ImageObject","inLanguage":"fr-FR","@id":"https:\/\/veloaxe.com\/#\/schema\/logo\/image\/","url":"https:\/\/veloaxe.com\/wp-content\/uploads\/2026\/01\/cropped-logo-1.jpg","contentUrl":"https:\/\/veloaxe.com\/wp-content\/uploads\/2026\/01\/cropped-logo-1.jpg","width":1273,"height":363,"caption":"Tienda de bicicletas | VELOAXE"},"image":{"@id":"https:\/\/veloaxe.com\/#\/schema\/logo\/image\/"},"sameAs":["https:\/\/www.facebook.com\/veloaxe"]}]}},"_links":{"self":[{"href":"https:\/\/veloaxe.com\/fr\/wp-json\/wp\/v2\/product\/19161","targetHints":{"allow":["GET"]}}],"collection":[{"href":"https:\/\/veloaxe.com\/fr\/wp-json\/wp\/v2\/product"}],"about":[{"href":"https:\/\/veloaxe.com\/fr\/wp-json\/wp\/v2\/types\/product"}],"replies":[{"embeddable":true,"href":"https:\/\/veloaxe.com\/fr\/wp-json\/wp\/v2\/comments?post=19161"}],"wp:featuredmedia":[{"embeddable":true,"href":"https:\/\/veloaxe.com\/fr\/wp-json\/wp\/v2\/media\/19162"}],"wp:attachment":[{"href":"https:\/\/veloaxe.com\/fr\/wp-json\/wp\/v2\/media?parent=19161"}],"wp:term":[{"taxonomy":"product_brand","embeddable":true,"href":"https:\/\/veloaxe.com\/fr\/wp-json\/wp\/v2\/product_brand?post=19161"},{"taxonomy":"product_cat","embeddable":true,"href":"https:\/\/veloaxe.com\/fr\/wp-json\/wp\/v2\/product_cat?post=19161"},{"taxonomy":"product_tag","embeddable":true,"href":"https:\/\/veloaxe.com\/fr\/wp-json\/wp\/v2\/product_tag?post=19161"}],"curies":[{"name":"wp","href":"https:\/\/api.w.org\/{rel}","templated":true}]}}