{"id":19184,"date":"2025-01-22T08:00:15","date_gmt":"2025-01-22T08:00:15","guid":{"rendered":"https:\/\/veloaxe.com\/?post_type=product&#038;p=19184"},"modified":"2025-04-22T14:40:06","modified_gmt":"2025-04-22T14:40:06","slug":"sillin-fizik-vento-argo-00-adaptive","status":"publish","type":"product","link":"https:\/\/veloaxe.com\/fr\/producto\/sillin-fizik-vento-argo-00-adaptive\/","title":{"rendered":"SILLIN FIZIK VENTO ARGO 00 ADAPTIVE"},"content":{"rendered":"<p><strong><em>FIZIK VENTO ARGO 00 ADAPTIVE<\/em><\/strong>\u00a0&#8211; Nuestro sill\u00edn de competici\u00f3n de alto rendimiento con punta corta cuenta con acolchado impreso en 3D para una comodidad de amortiguaci\u00f3n zonal en toda la superficie y carcasa y rieles totalmente de carbono para ahorrar peso sin sacrificar el soporte.<br \/>\nEl acolchado impreso en 3D adaptativo de Fizik se ha expandido a la familia Argo, creando la combinaci\u00f3n perfecta para aquellos que desean una comodidad excepcional y duradera en una plataforma vers\u00e1til que brinde estabilidad y equilibrio.<\/p>\n<p><em><strong>Acolchado impreso en 3D :<\/strong><\/em><br \/>\nLa evoluci\u00f3n de la impresi\u00f3n 3D digital nos ha permitido desarrollar un nuevo sill\u00edn sin las restricciones o limitaciones impuestas por los m\u00e9todos y materiales de producci\u00f3n tradicionales. El acolchado del sill\u00edn adaptativo est\u00e1 elaborado por Carbon\u00ae utilizando su revolucionaria tecnolog\u00eda de s\u00edntesis de luz digital. DLS es un proceso de fabricaci\u00f3n aditiva que utiliza proyecci\u00f3n de luz ultravioleta digital, \u00f3ptica permeable al ox\u00edgeno y resinas l\u00edquidas programables para producir piezas con excelentes propiedades mec\u00e1nicas, resoluci\u00f3n y acabado de superficie.<\/p>\n<p><em><strong>Amortiguaci\u00f3n zonal personalizada :<\/strong><\/em><br \/>\nGracias a la tecnolog\u00eda Carbon, los biomec\u00e1nicos y los ingenieros tienen una posibilidad sin precedentes: dise\u00f1ar y fabricar m\u00faltiples zonas funcionales dentro del sill\u00edn, ajustando cada una de ellas por separado para obtener propiedades mec\u00e1nicas espec\u00edficas. Cada una de estas zonas funcionales clave est\u00e1 dise\u00f1ada para una amortiguaci\u00f3n y una respuesta mec\u00e1nica distintivas, unidas de forma progresiva y sin costuras en el mismo acolchado. \u00bfEl resultado? Una reducci\u00f3n del 60 % de la presi\u00f3n m\u00e1xima mediante una mejor distribuci\u00f3n del peso para una mayor comodidad en toda la superficie del sill\u00edn.<\/p>\n<p><strong><em>Probado en laboratorio, probado en carretera :<\/em><\/strong><br \/>\nEl sill\u00edn es muy f\u00e1cil de limpiar. Incluso con el barro m\u00e1s sucio de la carretera, el polvo de grava o el roc\u00edo del sendero, todo lo que necesita hacer es simplemente lavarlo con agua. Todo lo que entra, sale. Lo hemos sometido a las pruebas m\u00e1s severas, simulando la intemperie acelerada, el envejecimiento por rayos UV y la resistencia al desgaste siguiendo estrictos protocolos.<\/p>\n<p><strong><em>Argo para todos los caminos :<\/em><\/strong><br \/>\nNuestra forma de sill\u00edn m\u00e1s vers\u00e1til, Argo, se adapta a una variedad de tipos de bicicletas y superficies. Ya sea que se desplace sobre asfalto liso o se desplace por terrenos t\u00e9cnicos, Argo est\u00e1 dise\u00f1ada para ayudar a los ciclistas a encontrar una mejor postura, coloc\u00e1ndolos en una posici\u00f3n m\u00e1s plantada para una mayor estabilidad y una mejor distribuci\u00f3n del peso. Adem\u00e1s, el dise\u00f1o m\u00e1s corto y con la punta ca\u00edda proporciona un soporte superior al adoptar una posici\u00f3n de pedaleo potente y aerodin\u00e1mica.<\/p>\n<p><strong><em>Dise\u00f1o, prueba, conducci\u00f3n :<\/em><\/strong><br \/>\nPara desarrollar las zonas de confort adaptativas ideales, estudiamos las distintas posiciones de conducci\u00f3n y los puntos de presi\u00f3n de los ciclistas profesionales y aficionados por igual, tanto en los laboratorios de fizik como en carreteras abiertas, pistas de grava y senderos. Durante cada fase de desarrollo, se probaron cuidadosamente nuevas iteraciones con gran enfoque en comprender c\u00f3mo cambian los patrones de presi\u00f3n seg\u00fan las diferentes geometr\u00edas de la bicicleta, posiciones de conducci\u00f3n y tipos de superficie.<\/p>\n<p><strong><em>Carbono completo :<\/em><\/strong><br \/>\nEl 00 es la opci\u00f3n m\u00e1s ligera de nuestra gama Argo, con un acolchado impreso en 3D de perfil m\u00e1s bajo combinado con una carcasa y rieles de carbono completo de alto m\u00f3dulo incre\u00edblemente r\u00edgidos, todo ajustado para una m\u00e1xima transferencia de potencia, sin comprometer la comodidad.<\/p>\n<p>FIZIK VENTO ARGO 00 ADAPTIVE 140mm \/ 150mm<\/p>\n<p>Longitud: 265 mm<br \/>\nAncho: 140 mm \/ 150mm<br \/>\nAltura a 75 mm de ancho: 43 mm<br \/>\nLongitud desde la punta hasta 75 mm de ancho: 114 mm<br \/>\nPeso: 175 g \/ 186 g<br \/>\nRail: 7&#215;9 mm<\/p>","protected":false},"excerpt":{"rendered":"<p>FIZIK VENTO ARGO 00 ADAPTIVE\u00a0&#8211; Nuestro sill\u00edn de competici\u00f3n de alto rendimiento con punta corta cuenta con acolchado impreso en 3D para una comodidad de amortiguaci\u00f3n zonal en toda la superficie y carcasa y rieles totalmente de carbono para ahorrar peso sin sacrificar el soporte. El acolchado impreso en 3D adaptativo de Fizik se ha [&hellip;]<\/p>\n","protected":false},"featured_media":19185,"comment_status":"closed","ping_status":"closed","template":"","meta":[],"product_brand":[],"product_cat":[16,19,225,227,228],"product_tag":[],"class_list":{"0":"post-19184","1":"product","2":"type-product","3":"status-publish","4":"has-post-thumbnail","6":"product_cat-carretera-gravel-bicicletas","7":"product_cat-componentes-de-bicicletas","8":"product_cat-sillines-carretera-gravel","9":"product_cat-sillines-carretera","10":"product_cat-sillines-gravel","11":"product_shipping_class-no-bicicletas","13":"first","14":"instock","15":"sale","16":"shipping-taxable","17":"purchasable","18":"product-type-variable"},"yoast_head":"<!-- This site is optimized with the Yoast SEO plugin v27.6 - https:\/\/yoast.com\/product\/yoast-seo-wordpress\/ -->\n<title>SILLIN FIZIK VENTO ARGO 00 ADAPTIVE | VELOAXE.COM<\/title>\n<meta name=\"description\" content=\"SILLIN FIZIK VENTO ARGO 00 ADAPTIVE - Todos los sillines FIZIK est\u00e1n disponibles en nuestro sitio en una amplia variedad de colores.\" \/>\n<meta name=\"robots\" content=\"index, follow, max-snippet:-1, max-image-preview:large, max-video-preview:-1\" \/>\n<link rel=\"canonical\" href=\"https:\/\/paleturquoise-herring-271034.hostingersite.com\/producto\/sillin-fizik-vento-argo-00-adaptive\/\" \/>\n<meta property=\"og:locale\" content=\"fr_FR\" \/>\n<meta property=\"og:type\" content=\"article\" \/>\n<meta property=\"og:title\" content=\"SILLIN FIZIK VENTO ARGO 00 ADAPTIVE | VELOAXE.COM\" \/>\n<meta property=\"og:description\" content=\"SILLIN FIZIK VENTO ARGO 00 ADAPTIVE - Todos los sillines FIZIK est\u00e1n disponibles en nuestro sitio en una amplia variedad de colores.\" \/>\n<meta property=\"og:url\" content=\"https:\/\/paleturquoise-herring-271034.hostingersite.com\/producto\/sillin-fizik-vento-argo-00-adaptive\/\" \/>\n<meta property=\"og:site_name\" content=\"Tienda de bicicletas | VELOAXE\" \/>\n<meta property=\"article:publisher\" content=\"https:\/\/www.facebook.com\/veloaxe\" \/>\n<meta property=\"article:modified_time\" content=\"2025-04-22T14:40:06+00:00\" \/>\n<meta property=\"og:image\" content=\"https:\/\/paleturquoise-herring-271034.hostingersite.com\/wp-content\/uploads\/2025\/01\/sillin-fizik-vento-00-adaptive.jpg\" \/>\n\t<meta property=\"og:image:width\" content=\"1000\" \/>\n\t<meta property=\"og:image:height\" content=\"1000\" \/>\n\t<meta property=\"og:image:type\" content=\"image\/jpeg\" \/>\n<meta name=\"twitter:card\" content=\"summary_large_image\" \/>\n<meta name=\"twitter:label1\" content=\"Dur\u00e9e de lecture estim\u00e9e\" \/>\n\t<meta name=\"twitter:data1\" content=\"3 minutes\" \/>\n<script type=\"application\/ld+json\" class=\"yoast-schema-graph\">{\"@context\":\"https:\\\/\\\/schema.org\",\"@graph\":[{\"@type\":\"WebPage\",\"@id\":\"https:\\\/\\\/paleturquoise-herring-271034.hostingersite.com\\\/producto\\\/sillin-fizik-vento-argo-00-adaptive\\\/\",\"url\":\"https:\\\/\\\/paleturquoise-herring-271034.hostingersite.com\\\/producto\\\/sillin-fizik-vento-argo-00-adaptive\\\/\",\"name\":\"SILLIN FIZIK VENTO ARGO 00 ADAPTIVE | VELOAXE.COM\",\"isPartOf\":{\"@id\":\"https:\\\/\\\/veloaxe.com\\\/#website\"},\"primaryImageOfPage\":{\"@id\":\"https:\\\/\\\/paleturquoise-herring-271034.hostingersite.com\\\/producto\\\/sillin-fizik-vento-argo-00-adaptive\\\/#primaryimage\"},\"image\":{\"@id\":\"https:\\\/\\\/paleturquoise-herring-271034.hostingersite.com\\\/producto\\\/sillin-fizik-vento-argo-00-adaptive\\\/#primaryimage\"},\"thumbnailUrl\":\"https:\\\/\\\/veloaxe.com\\\/wp-content\\\/uploads\\\/2025\\\/01\\\/sillin-fizik-vento-00-adaptive.jpg\",\"datePublished\":\"2025-01-22T08:00:15+00:00\",\"dateModified\":\"2025-04-22T14:40:06+00:00\",\"description\":\"SILLIN FIZIK VENTO ARGO 00 ADAPTIVE - Todos los sillines FIZIK est\u00e1n disponibles en nuestro sitio en una amplia variedad de colores.\",\"breadcrumb\":{\"@id\":\"https:\\\/\\\/paleturquoise-herring-271034.hostingersite.com\\\/producto\\\/sillin-fizik-vento-argo-00-adaptive\\\/#breadcrumb\"},\"inLanguage\":\"fr-FR\",\"potentialAction\":[{\"@type\":\"ReadAction\",\"target\":[\"https:\\\/\\\/paleturquoise-herring-271034.hostingersite.com\\\/producto\\\/sillin-fizik-vento-argo-00-adaptive\\\/\"]}]},{\"@type\":\"ImageObject\",\"inLanguage\":\"fr-FR\",\"@id\":\"https:\\\/\\\/paleturquoise-herring-271034.hostingersite.com\\\/producto\\\/sillin-fizik-vento-argo-00-adaptive\\\/#primaryimage\",\"url\":\"https:\\\/\\\/veloaxe.com\\\/wp-content\\\/uploads\\\/2025\\\/01\\\/sillin-fizik-vento-00-adaptive.jpg\",\"contentUrl\":\"https:\\\/\\\/veloaxe.com\\\/wp-content\\\/uploads\\\/2025\\\/01\\\/sillin-fizik-vento-00-adaptive.jpg\",\"width\":1000,\"height\":1000,\"caption\":\"sillin-fizik-vento-00-adaptive\"},{\"@type\":\"BreadcrumbList\",\"@id\":\"https:\\\/\\\/paleturquoise-herring-271034.hostingersite.com\\\/producto\\\/sillin-fizik-vento-argo-00-adaptive\\\/#breadcrumb\",\"itemListElement\":[{\"@type\":\"ListItem\",\"position\":1,\"name\":\"Portada\",\"item\":\"https:\\\/\\\/veloaxe.com\\\/\"},{\"@type\":\"ListItem\",\"position\":2,\"name\":\"Shop\",\"item\":\"https:\\\/\\\/paleturquoise-herring-271034.hostingersite.com\\\/shop\\\/\"},{\"@type\":\"ListItem\",\"position\":3,\"name\":\"SILLIN FIZIK VENTO ARGO 00 ADAPTIVE\"}]},{\"@type\":\"WebSite\",\"@id\":\"https:\\\/\\\/veloaxe.com\\\/#website\",\"url\":\"https:\\\/\\\/veloaxe.com\\\/\",\"name\":\"Tienda de bicicletas | VELOAXE\",\"description\":\"Descubre una amplia selecci\u00f3n de bicicletas de alta calidad, desde modelos urbanos y de monta\u00f1a hasta bicicletas de carretera de \u00faltima generaci\u00f3n. Con un servicio experto y accesorios especializados, estamos comprometidos a brindarte la mejor experiencia ciclista.\",\"publisher\":{\"@id\":\"https:\\\/\\\/veloaxe.com\\\/#organization\"},\"potentialAction\":[{\"@type\":\"SearchAction\",\"target\":{\"@type\":\"EntryPoint\",\"urlTemplate\":\"https:\\\/\\\/veloaxe.com\\\/?s={search_term_string}\"},\"query-input\":{\"@type\":\"PropertyValueSpecification\",\"valueRequired\":true,\"valueName\":\"search_term_string\"}}],\"inLanguage\":\"fr-FR\"},{\"@type\":\"Organization\",\"@id\":\"https:\\\/\\\/veloaxe.com\\\/#organization\",\"name\":\"Tienda de bicicletas | VELOAXE\",\"url\":\"https:\\\/\\\/veloaxe.com\\\/\",\"logo\":{\"@type\":\"ImageObject\",\"inLanguage\":\"fr-FR\",\"@id\":\"https:\\\/\\\/veloaxe.com\\\/#\\\/schema\\\/logo\\\/image\\\/\",\"url\":\"https:\\\/\\\/veloaxe.com\\\/wp-content\\\/uploads\\\/2026\\\/01\\\/cropped-logo-1.jpg\",\"contentUrl\":\"https:\\\/\\\/veloaxe.com\\\/wp-content\\\/uploads\\\/2026\\\/01\\\/cropped-logo-1.jpg\",\"width\":1273,\"height\":363,\"caption\":\"Tienda de bicicletas | VELOAXE\"},\"image\":{\"@id\":\"https:\\\/\\\/veloaxe.com\\\/#\\\/schema\\\/logo\\\/image\\\/\"},\"sameAs\":[\"https:\\\/\\\/www.facebook.com\\\/veloaxe\"]}]}<\/script>\n<!-- \/ Yoast SEO plugin. -->","yoast_head_json":{"title":"SILLIN FIZIK VENTO ARGO 00 ADAPTIVE | VELOAXE.COM","description":"SILLIN FIZIK VENTO ARGO 00 ADAPTIVE - Todos los sillines FIZIK est\u00e1n disponibles en nuestro sitio en una amplia variedad de colores.","robots":{"index":"index","follow":"follow","max-snippet":"max-snippet:-1","max-image-preview":"max-image-preview:large","max-video-preview":"max-video-preview:-1"},"canonical":"https:\/\/paleturquoise-herring-271034.hostingersite.com\/producto\/sillin-fizik-vento-argo-00-adaptive\/","og_locale":"fr_FR","og_type":"article","og_title":"SILLIN FIZIK VENTO ARGO 00 ADAPTIVE | VELOAXE.COM","og_description":"SILLIN FIZIK VENTO ARGO 00 ADAPTIVE - Todos los sillines FIZIK est\u00e1n disponibles en nuestro sitio en una amplia variedad de colores.","og_url":"https:\/\/paleturquoise-herring-271034.hostingersite.com\/producto\/sillin-fizik-vento-argo-00-adaptive\/","og_site_name":"Tienda de bicicletas | VELOAXE","article_publisher":"https:\/\/www.facebook.com\/veloaxe","article_modified_time":"2025-04-22T14:40:06+00:00","og_image":[{"width":1000,"height":1000,"url":"https:\/\/paleturquoise-herring-271034.hostingersite.com\/wp-content\/uploads\/2025\/01\/sillin-fizik-vento-00-adaptive.jpg","type":"image\/jpeg"}],"twitter_card":"summary_large_image","twitter_misc":{"Dur\u00e9e de lecture estim\u00e9e":"3 minutes"},"schema":{"@context":"https:\/\/schema.org","@graph":[{"@type":"WebPage","@id":"https:\/\/paleturquoise-herring-271034.hostingersite.com\/producto\/sillin-fizik-vento-argo-00-adaptive\/","url":"https:\/\/paleturquoise-herring-271034.hostingersite.com\/producto\/sillin-fizik-vento-argo-00-adaptive\/","name":"SILLIN FIZIK VENTO ARGO 00 ADAPTIVE | VELOAXE.COM","isPartOf":{"@id":"https:\/\/veloaxe.com\/#website"},"primaryImageOfPage":{"@id":"https:\/\/paleturquoise-herring-271034.hostingersite.com\/producto\/sillin-fizik-vento-argo-00-adaptive\/#primaryimage"},"image":{"@id":"https:\/\/paleturquoise-herring-271034.hostingersite.com\/producto\/sillin-fizik-vento-argo-00-adaptive\/#primaryimage"},"thumbnailUrl":"https:\/\/veloaxe.com\/wp-content\/uploads\/2025\/01\/sillin-fizik-vento-00-adaptive.jpg","datePublished":"2025-01-22T08:00:15+00:00","dateModified":"2025-04-22T14:40:06+00:00","description":"SILLIN FIZIK VENTO ARGO 00 ADAPTIVE - Todos los sillines FIZIK est\u00e1n disponibles en nuestro sitio en una amplia variedad de colores.","breadcrumb":{"@id":"https:\/\/paleturquoise-herring-271034.hostingersite.com\/producto\/sillin-fizik-vento-argo-00-adaptive\/#breadcrumb"},"inLanguage":"fr-FR","potentialAction":[{"@type":"ReadAction","target":["https:\/\/paleturquoise-herring-271034.hostingersite.com\/producto\/sillin-fizik-vento-argo-00-adaptive\/"]}]},{"@type":"ImageObject","inLanguage":"fr-FR","@id":"https:\/\/paleturquoise-herring-271034.hostingersite.com\/producto\/sillin-fizik-vento-argo-00-adaptive\/#primaryimage","url":"https:\/\/veloaxe.com\/wp-content\/uploads\/2025\/01\/sillin-fizik-vento-00-adaptive.jpg","contentUrl":"https:\/\/veloaxe.com\/wp-content\/uploads\/2025\/01\/sillin-fizik-vento-00-adaptive.jpg","width":1000,"height":1000,"caption":"sillin-fizik-vento-00-adaptive"},{"@type":"BreadcrumbList","@id":"https:\/\/paleturquoise-herring-271034.hostingersite.com\/producto\/sillin-fizik-vento-argo-00-adaptive\/#breadcrumb","itemListElement":[{"@type":"ListItem","position":1,"name":"Portada","item":"https:\/\/veloaxe.com\/"},{"@type":"ListItem","position":2,"name":"Shop","item":"https:\/\/paleturquoise-herring-271034.hostingersite.com\/shop\/"},{"@type":"ListItem","position":3,"name":"SILLIN FIZIK VENTO ARGO 00 ADAPTIVE"}]},{"@type":"WebSite","@id":"https:\/\/veloaxe.com\/#website","url":"https:\/\/veloaxe.com\/","name":"Boutique de v\u00e9lo en ligne | VELOAXE","description":"D\u00e9couvrez une large s\u00e9lection de v\u00e9los de haute qualit\u00e9, des mod\u00e8les urbains et de montagne aux v\u00e9los de route de pointe. Avec un service d'experts et des accessoires sp\u00e9cialis\u00e9s, nous nous engageons \u00e0 vous offrir la meilleure exp\u00e9rience de cyclisme.","publisher":{"@id":"https:\/\/veloaxe.com\/#organization"},"potentialAction":[{"@type":"SearchAction","target":{"@type":"EntryPoint","urlTemplate":"https:\/\/veloaxe.com\/?s={search_term_string}"},"query-input":{"@type":"PropertyValueSpecification","valueRequired":true,"valueName":"search_term_string"}}],"inLanguage":"fr-FR"},{"@type":"Organization","@id":"https:\/\/veloaxe.com\/#organization","name":"Boutique de v\u00e9lo en ligne | VELOAXE","url":"https:\/\/veloaxe.com\/","logo":{"@type":"ImageObject","inLanguage":"fr-FR","@id":"https:\/\/veloaxe.com\/#\/schema\/logo\/image\/","url":"https:\/\/veloaxe.com\/wp-content\/uploads\/2026\/01\/cropped-logo-1.jpg","contentUrl":"https:\/\/veloaxe.com\/wp-content\/uploads\/2026\/01\/cropped-logo-1.jpg","width":1273,"height":363,"caption":"Tienda de bicicletas | VELOAXE"},"image":{"@id":"https:\/\/veloaxe.com\/#\/schema\/logo\/image\/"},"sameAs":["https:\/\/www.facebook.com\/veloaxe"]}]}},"_links":{"self":[{"href":"https:\/\/veloaxe.com\/fr\/wp-json\/wp\/v2\/product\/19184","targetHints":{"allow":["GET"]}}],"collection":[{"href":"https:\/\/veloaxe.com\/fr\/wp-json\/wp\/v2\/product"}],"about":[{"href":"https:\/\/veloaxe.com\/fr\/wp-json\/wp\/v2\/types\/product"}],"replies":[{"embeddable":true,"href":"https:\/\/veloaxe.com\/fr\/wp-json\/wp\/v2\/comments?post=19184"}],"wp:featuredmedia":[{"embeddable":true,"href":"https:\/\/veloaxe.com\/fr\/wp-json\/wp\/v2\/media\/19185"}],"wp:attachment":[{"href":"https:\/\/veloaxe.com\/fr\/wp-json\/wp\/v2\/media?parent=19184"}],"wp:term":[{"taxonomy":"product_brand","embeddable":true,"href":"https:\/\/veloaxe.com\/fr\/wp-json\/wp\/v2\/product_brand?post=19184"},{"taxonomy":"product_cat","embeddable":true,"href":"https:\/\/veloaxe.com\/fr\/wp-json\/wp\/v2\/product_cat?post=19184"},{"taxonomy":"product_tag","embeddable":true,"href":"https:\/\/veloaxe.com\/fr\/wp-json\/wp\/v2\/product_tag?post=19184"}],"curies":[{"name":"wp","href":"https:\/\/api.w.org\/{rel}","templated":true}]}}