{"id":19188,"date":"2025-01-22T08:26:20","date_gmt":"2025-01-22T08:26:20","guid":{"rendered":"https:\/\/veloaxe.com\/?post_type=product&#038;p=19188"},"modified":"2025-04-22T14:37:09","modified_gmt":"2025-04-22T14:37:09","slug":"sillin-fizik-arione-00","status":"publish","type":"product","link":"https:\/\/veloaxe.com\/fr\/producto\/sillin-fizik-arione-00\/","title":{"rendered":"SILLIN FIZIK ARIONE 00"},"content":{"rendered":"<p>FIZIK ARIONE 00 &#8211; Un sill\u00edn que ofrece lo mejor para quienes exigen ligereza y flexibilidad. El Arione es m\u00e1s largo que cualquier otro sill\u00edn, plano desde el morro hasta la cola y con un morro estrecho, para que puedas moverte y encontrar tu punto de poder. FIZIK Arione 00 representa el pin\u00e1culo de la innovaci\u00f3n y el dise\u00f1o dentro de la colecci\u00f3n Arione de sillines de carreras profesionales, con una carcasa completa de doble carbono, que permite flexibilidad donde los muslos se unen con el sill\u00edn, y un riel de carbono trenzado. Es ligero, flexible y \u00e1gil, lo que le permite rendir al m\u00e1ximo. Est\u00e1 dise\u00f1ado para profesionales, con profesionales y conducido por profesionales.<\/p>\n<p>Carcasa: Construcci\u00f3n de doble carcasa \u00edntegramente en carbono Wingflex<br \/>\nRieles: Mobius Carbono trenzado 7 x 10 mm<br \/>\nCubierta: Dise\u00f1o 00 Microtex negro termosoldado<br \/>\nPeso: 140 gr<br \/>\nDimensiones: 298&#215;124 mm<\/p>","protected":false},"excerpt":{"rendered":"<p>FIZIK ARIONE 00 &#8211; Un sill\u00edn que ofrece lo mejor para quienes exigen ligereza y flexibilidad. El Arione es m\u00e1s largo que cualquier otro sill\u00edn, plano desde el morro hasta la cola y con un morro estrecho, para que puedas moverte y encontrar tu punto de poder. FIZIK Arione 00 representa el pin\u00e1culo de la [&hellip;]<\/p>\n","protected":false},"featured_media":19189,"comment_status":"closed","ping_status":"closed","template":"","meta":[],"product_brand":[],"product_cat":[16,19,225,227],"product_tag":[],"class_list":{"0":"post-19188","1":"product","2":"type-product","3":"status-publish","4":"has-post-thumbnail","6":"product_cat-carretera-gravel-bicicletas","7":"product_cat-componentes-de-bicicletas","8":"product_cat-sillines-carretera-gravel","9":"product_cat-sillines-carretera","10":"product_shipping_class-no-bicicletas","12":"first","13":"instock","14":"sale","15":"shipping-taxable","16":"purchasable","17":"product-type-simple"},"yoast_head":"<!-- This site is optimized with the Yoast SEO plugin v27.6 - https:\/\/yoast.com\/product\/yoast-seo-wordpress\/ -->\n<title>SILLIN FIZIK ARIONE 00 CARBONO| VELOAXE.COM<\/title>\n<meta name=\"description\" content=\"SILLIN FIZIK ARIONE 00 CARBONO - Todos los sillines FIZIK est\u00e1n disponibles en nuestro sitio en una amplia variedad de colores.\" \/>\n<meta name=\"robots\" content=\"index, follow, max-snippet:-1, max-image-preview:large, max-video-preview:-1\" \/>\n<link rel=\"canonical\" href=\"https:\/\/veloaxe.com\/fr\/produit\/sillin-fizik-arione-00\/\" \/>\n<meta property=\"og:locale\" content=\"fr_FR\" \/>\n<meta property=\"og:type\" content=\"article\" \/>\n<meta property=\"og:title\" content=\"SILLIN FIZIK ARIONE 00 CARBONO| VELOAXE.COM\" \/>\n<meta property=\"og:description\" content=\"SILLIN FIZIK ARIONE 00 CARBONO - Todos los sillines FIZIK est\u00e1n disponibles en nuestro sitio en una amplia variedad de colores.\" \/>\n<meta property=\"og:url\" content=\"https:\/\/veloaxe.com\/fr\/produit\/sillin-fizik-arione-00\/\" \/>\n<meta property=\"og:site_name\" content=\"Tienda de bicicletas | VELOAXE\" \/>\n<meta property=\"article:publisher\" content=\"https:\/\/www.facebook.com\/veloaxe\" \/>\n<meta property=\"article:modified_time\" content=\"2025-04-22T14:37:09+00:00\" \/>\n<meta property=\"og:image\" content=\"https:\/\/veloaxe.com\/wp-content\/uploads\/2025\/01\/sillin-arione-00.jpg\" \/>\n\t<meta property=\"og:image:width\" content=\"1000\" \/>\n\t<meta property=\"og:image:height\" content=\"1000\" \/>\n\t<meta property=\"og:image:type\" content=\"image\/jpeg\" \/>\n<meta name=\"twitter:card\" content=\"summary_large_image\" \/>\n<meta name=\"twitter:label1\" content=\"Dur\u00e9e de lecture estim\u00e9e\" \/>\n\t<meta name=\"twitter:data1\" content=\"1 minute\" \/>\n<script type=\"application\/ld+json\" class=\"yoast-schema-graph\">{\"@context\":\"https:\\\/\\\/schema.org\",\"@graph\":[{\"@type\":\"WebPage\",\"@id\":\"https:\\\/\\\/veloaxe.com\\\/producto\\\/sillin-fizik-arione-00\\\/\",\"url\":\"https:\\\/\\\/veloaxe.com\\\/producto\\\/sillin-fizik-arione-00\\\/\",\"name\":\"SILLIN FIZIK ARIONE 00 CARBONO| VELOAXE.COM\",\"isPartOf\":{\"@id\":\"https:\\\/\\\/veloaxe.com\\\/#website\"},\"primaryImageOfPage\":{\"@id\":\"https:\\\/\\\/veloaxe.com\\\/producto\\\/sillin-fizik-arione-00\\\/#primaryimage\"},\"image\":{\"@id\":\"https:\\\/\\\/veloaxe.com\\\/producto\\\/sillin-fizik-arione-00\\\/#primaryimage\"},\"thumbnailUrl\":\"https:\\\/\\\/veloaxe.com\\\/wp-content\\\/uploads\\\/2025\\\/01\\\/sillin-arione-00.jpg\",\"datePublished\":\"2025-01-22T08:26:20+00:00\",\"dateModified\":\"2025-04-22T14:37:09+00:00\",\"description\":\"SILLIN FIZIK ARIONE 00 CARBONO - Todos los sillines FIZIK est\u00e1n disponibles en nuestro sitio en una amplia variedad de colores.\",\"breadcrumb\":{\"@id\":\"https:\\\/\\\/veloaxe.com\\\/producto\\\/sillin-fizik-arione-00\\\/#breadcrumb\"},\"inLanguage\":\"fr-FR\",\"potentialAction\":[{\"@type\":\"ReadAction\",\"target\":[\"https:\\\/\\\/veloaxe.com\\\/producto\\\/sillin-fizik-arione-00\\\/\"]}]},{\"@type\":\"ImageObject\",\"inLanguage\":\"fr-FR\",\"@id\":\"https:\\\/\\\/veloaxe.com\\\/producto\\\/sillin-fizik-arione-00\\\/#primaryimage\",\"url\":\"https:\\\/\\\/veloaxe.com\\\/wp-content\\\/uploads\\\/2025\\\/01\\\/sillin-arione-00.jpg\",\"contentUrl\":\"https:\\\/\\\/veloaxe.com\\\/wp-content\\\/uploads\\\/2025\\\/01\\\/sillin-arione-00.jpg\",\"width\":1000,\"height\":1000,\"caption\":\"sillin-arione-00\"},{\"@type\":\"BreadcrumbList\",\"@id\":\"https:\\\/\\\/veloaxe.com\\\/producto\\\/sillin-fizik-arione-00\\\/#breadcrumb\",\"itemListElement\":[{\"@type\":\"ListItem\",\"position\":1,\"name\":\"Portada\",\"item\":\"https:\\\/\\\/veloaxe.com\\\/\"},{\"@type\":\"ListItem\",\"position\":2,\"name\":\"Shop\",\"item\":\"https:\\\/\\\/paleturquoise-herring-271034.hostingersite.com\\\/shop\\\/\"},{\"@type\":\"ListItem\",\"position\":3,\"name\":\"SILLIN FIZIK ARIONE 00\"}]},{\"@type\":\"WebSite\",\"@id\":\"https:\\\/\\\/veloaxe.com\\\/#website\",\"url\":\"https:\\\/\\\/veloaxe.com\\\/\",\"name\":\"Tienda de bicicletas | VELOAXE\",\"description\":\"Descubre una amplia selecci\u00f3n de bicicletas de alta calidad, desde modelos urbanos y de monta\u00f1a hasta bicicletas de carretera de \u00faltima generaci\u00f3n. Con un servicio experto y accesorios especializados, estamos comprometidos a brindarte la mejor experiencia ciclista.\",\"publisher\":{\"@id\":\"https:\\\/\\\/veloaxe.com\\\/#organization\"},\"potentialAction\":[{\"@type\":\"SearchAction\",\"target\":{\"@type\":\"EntryPoint\",\"urlTemplate\":\"https:\\\/\\\/veloaxe.com\\\/?s={search_term_string}\"},\"query-input\":{\"@type\":\"PropertyValueSpecification\",\"valueRequired\":true,\"valueName\":\"search_term_string\"}}],\"inLanguage\":\"fr-FR\"},{\"@type\":\"Organization\",\"@id\":\"https:\\\/\\\/veloaxe.com\\\/#organization\",\"name\":\"Tienda de bicicletas | VELOAXE\",\"url\":\"https:\\\/\\\/veloaxe.com\\\/\",\"logo\":{\"@type\":\"ImageObject\",\"inLanguage\":\"fr-FR\",\"@id\":\"https:\\\/\\\/veloaxe.com\\\/#\\\/schema\\\/logo\\\/image\\\/\",\"url\":\"https:\\\/\\\/veloaxe.com\\\/wp-content\\\/uploads\\\/2026\\\/01\\\/cropped-logo-1.jpg\",\"contentUrl\":\"https:\\\/\\\/veloaxe.com\\\/wp-content\\\/uploads\\\/2026\\\/01\\\/cropped-logo-1.jpg\",\"width\":1273,\"height\":363,\"caption\":\"Tienda de bicicletas | VELOAXE\"},\"image\":{\"@id\":\"https:\\\/\\\/veloaxe.com\\\/#\\\/schema\\\/logo\\\/image\\\/\"},\"sameAs\":[\"https:\\\/\\\/www.facebook.com\\\/veloaxe\"]}]}<\/script>\n<!-- \/ Yoast SEO plugin. -->","yoast_head_json":{"title":"SILLIN FIZIK ARIONE 00 CARBONO| VELOAXE.COM","description":"SILLIN FIZIK ARIONE 00 CARBONO - Todos los sillines FIZIK est\u00e1n disponibles en nuestro sitio en una amplia variedad de colores.","robots":{"index":"index","follow":"follow","max-snippet":"max-snippet:-1","max-image-preview":"max-image-preview:large","max-video-preview":"max-video-preview:-1"},"canonical":"https:\/\/veloaxe.com\/fr\/produit\/sillin-fizik-arione-00\/","og_locale":"fr_FR","og_type":"article","og_title":"SILLIN FIZIK ARIONE 00 CARBONO| VELOAXE.COM","og_description":"SILLIN FIZIK ARIONE 00 CARBONO - Todos los sillines FIZIK est\u00e1n disponibles en nuestro sitio en una amplia variedad de colores.","og_url":"https:\/\/veloaxe.com\/fr\/produit\/sillin-fizik-arione-00\/","og_site_name":"Tienda de bicicletas | VELOAXE","article_publisher":"https:\/\/www.facebook.com\/veloaxe","article_modified_time":"2025-04-22T14:37:09+00:00","og_image":[{"width":1000,"height":1000,"url":"https:\/\/veloaxe.com\/wp-content\/uploads\/2025\/01\/sillin-arione-00.jpg","type":"image\/jpeg"}],"twitter_card":"summary_large_image","twitter_misc":{"Dur\u00e9e de lecture estim\u00e9e":"1 minute"},"schema":{"@context":"https:\/\/schema.org","@graph":[{"@type":"WebPage","@id":"https:\/\/veloaxe.com\/producto\/sillin-fizik-arione-00\/","url":"https:\/\/veloaxe.com\/producto\/sillin-fizik-arione-00\/","name":"SILLIN FIZIK ARIONE 00 CARBONO| VELOAXE.COM","isPartOf":{"@id":"https:\/\/veloaxe.com\/#website"},"primaryImageOfPage":{"@id":"https:\/\/veloaxe.com\/producto\/sillin-fizik-arione-00\/#primaryimage"},"image":{"@id":"https:\/\/veloaxe.com\/producto\/sillin-fizik-arione-00\/#primaryimage"},"thumbnailUrl":"https:\/\/veloaxe.com\/wp-content\/uploads\/2025\/01\/sillin-arione-00.jpg","datePublished":"2025-01-22T08:26:20+00:00","dateModified":"2025-04-22T14:37:09+00:00","description":"SILLIN FIZIK ARIONE 00 CARBONO - Todos los sillines FIZIK est\u00e1n disponibles en nuestro sitio en una amplia variedad de colores.","breadcrumb":{"@id":"https:\/\/veloaxe.com\/producto\/sillin-fizik-arione-00\/#breadcrumb"},"inLanguage":"fr-FR","potentialAction":[{"@type":"ReadAction","target":["https:\/\/veloaxe.com\/producto\/sillin-fizik-arione-00\/"]}]},{"@type":"ImageObject","inLanguage":"fr-FR","@id":"https:\/\/veloaxe.com\/producto\/sillin-fizik-arione-00\/#primaryimage","url":"https:\/\/veloaxe.com\/wp-content\/uploads\/2025\/01\/sillin-arione-00.jpg","contentUrl":"https:\/\/veloaxe.com\/wp-content\/uploads\/2025\/01\/sillin-arione-00.jpg","width":1000,"height":1000,"caption":"sillin-arione-00"},{"@type":"BreadcrumbList","@id":"https:\/\/veloaxe.com\/producto\/sillin-fizik-arione-00\/#breadcrumb","itemListElement":[{"@type":"ListItem","position":1,"name":"Portada","item":"https:\/\/veloaxe.com\/"},{"@type":"ListItem","position":2,"name":"Shop","item":"https:\/\/paleturquoise-herring-271034.hostingersite.com\/shop\/"},{"@type":"ListItem","position":3,"name":"SILLIN FIZIK ARIONE 00"}]},{"@type":"WebSite","@id":"https:\/\/veloaxe.com\/#website","url":"https:\/\/veloaxe.com\/","name":"Boutique de v\u00e9lo en ligne | VELOAXE","description":"D\u00e9couvrez une large s\u00e9lection de v\u00e9los de haute qualit\u00e9, des mod\u00e8les urbains et de montagne aux v\u00e9los de route de pointe. Avec un service d'experts et des accessoires sp\u00e9cialis\u00e9s, nous nous engageons \u00e0 vous offrir la meilleure exp\u00e9rience de cyclisme.","publisher":{"@id":"https:\/\/veloaxe.com\/#organization"},"potentialAction":[{"@type":"SearchAction","target":{"@type":"EntryPoint","urlTemplate":"https:\/\/veloaxe.com\/?s={search_term_string}"},"query-input":{"@type":"PropertyValueSpecification","valueRequired":true,"valueName":"search_term_string"}}],"inLanguage":"fr-FR"},{"@type":"Organization","@id":"https:\/\/veloaxe.com\/#organization","name":"Boutique de v\u00e9lo en ligne | VELOAXE","url":"https:\/\/veloaxe.com\/","logo":{"@type":"ImageObject","inLanguage":"fr-FR","@id":"https:\/\/veloaxe.com\/#\/schema\/logo\/image\/","url":"https:\/\/veloaxe.com\/wp-content\/uploads\/2026\/01\/cropped-logo-1.jpg","contentUrl":"https:\/\/veloaxe.com\/wp-content\/uploads\/2026\/01\/cropped-logo-1.jpg","width":1273,"height":363,"caption":"Tienda de bicicletas | VELOAXE"},"image":{"@id":"https:\/\/veloaxe.com\/#\/schema\/logo\/image\/"},"sameAs":["https:\/\/www.facebook.com\/veloaxe"]}]}},"_links":{"self":[{"href":"https:\/\/veloaxe.com\/fr\/wp-json\/wp\/v2\/product\/19188","targetHints":{"allow":["GET"]}}],"collection":[{"href":"https:\/\/veloaxe.com\/fr\/wp-json\/wp\/v2\/product"}],"about":[{"href":"https:\/\/veloaxe.com\/fr\/wp-json\/wp\/v2\/types\/product"}],"replies":[{"embeddable":true,"href":"https:\/\/veloaxe.com\/fr\/wp-json\/wp\/v2\/comments?post=19188"}],"wp:featuredmedia":[{"embeddable":true,"href":"https:\/\/veloaxe.com\/fr\/wp-json\/wp\/v2\/media\/19189"}],"wp:attachment":[{"href":"https:\/\/veloaxe.com\/fr\/wp-json\/wp\/v2\/media?parent=19188"}],"wp:term":[{"taxonomy":"product_brand","embeddable":true,"href":"https:\/\/veloaxe.com\/fr\/wp-json\/wp\/v2\/product_brand?post=19188"},{"taxonomy":"product_cat","embeddable":true,"href":"https:\/\/veloaxe.com\/fr\/wp-json\/wp\/v2\/product_cat?post=19188"},{"taxonomy":"product_tag","embeddable":true,"href":"https:\/\/veloaxe.com\/fr\/wp-json\/wp\/v2\/product_tag?post=19188"}],"curies":[{"name":"wp","href":"https:\/\/api.w.org\/{rel}","templated":true}]}}