{"id":19192,"date":"2025-01-22T08:41:44","date_gmt":"2025-01-22T08:41:44","guid":{"rendered":"https:\/\/veloaxe.com\/?post_type=product&#038;p=19192"},"modified":"2025-04-22T14:34:13","modified_gmt":"2025-04-22T14:34:13","slug":"sillin-fizik-transiro-aeris-long-distance-r1-adaptive","status":"publish","type":"product","link":"https:\/\/veloaxe.com\/fr\/producto\/sillin-fizik-transiro-aeris-long-distance-r1-adaptive\/","title":{"rendered":"SILLIN FIZIK TRANSIRO AERIS LONG DISTANCE R1 ADAPTIVE"},"content":{"rendered":"<p><em><strong>FIZIK TRANSIRO AERIS LONG DISTANCE R1 ADAPTIVE<\/strong><\/em> &#8211; Un sill\u00edn de competici\u00f3n de triatl\u00f3n ligero y de larga distancia, fabricado con un ra\u00edl de carbono y dise\u00f1ado para reducir la presi\u00f3n en posiciones de conducci\u00f3n aerodin\u00e1micas a trav\u00e9s de un canal central profundo y nuestro acolchado Adaptive impreso en 3D.<\/p>\n<p><em><strong>ACOLCHADO IMPRESO EN 3D :<\/strong><\/em><br \/>\nEl acolchado Fizik Adaptive impreso en 3D se ha ampliado a la familia Aeris, creando la combinaci\u00f3n perfecta para aquellos que desean una comodidad excepcional y duradera en un sill\u00edn de bicicleta de triatl\u00f3n dise\u00f1ado con una punta m\u00e1s ancha para brindar mayor soporte y estabilidad al andar en posiciones de carrera aerodin\u00e1micas hacia adelante.<\/p>\n<p><em><strong>AMORTIGUACI\u00d3N ZONAL PERSONALIZADA :<\/strong><\/em><br \/>\nLa evoluci\u00f3n de la impresi\u00f3n digital 3D nos ha permitido desarrollar un nuevo sill\u00edn sin las restricciones o limitaciones impuestas por los m\u00e9todos y materiales de producci\u00f3n tradicionales. El acolchado del sill\u00edn Adaptive est\u00e1 elaborado por Carbon\u00ae utilizando su revolucionaria tecnolog\u00eda Digital Light Synthesis\u2122. DLS es un proceso de fabricaci\u00f3n aditiva que utiliza proyecci\u00f3n de luz ultravioleta digital, \u00f3ptica permeable al ox\u00edgeno y resinas l\u00edquidas programables para producir piezas con excelentes propiedades mec\u00e1nicas, resoluci\u00f3n y acabado de superficie.<\/p>\n<p><strong><em>PROBADO EN LABORATORIO, PROBADO EN CARRETERA :<\/em><\/strong><br \/>\nGracias a la tecnolog\u00eda de carbono, los biomec\u00e1nicos y los ingenieros tienen una posibilidad sin precedentes: dise\u00f1ar y fabricar m\u00faltiples zonas funcionales dentro del sill\u00edn, ajustando cada una de ellas por separado para obtener propiedades mec\u00e1nicas espec\u00edficas. Cada una de estas zonas funcionales clave est\u00e1 dise\u00f1ada para ofrecer una amortiguaci\u00f3n y una respuesta mec\u00e1nica distintivas, unidas de forma progresiva y sin costuras en el mismo acolchado. \u00bfEl resultado? Una reducci\u00f3n del 60 % de la presi\u00f3n m\u00e1xima mediante una mejor distribuci\u00f3n del peso para una mayor comodidad en toda la superficie del sill\u00edn.<\/p>\n<p><strong><em>PENSAMIENTO R\u00c1PIDO Y DE VANGUARDIA :<\/em><\/strong><br \/>\nLa innovaci\u00f3n en el an\u00e1lisis del ajuste de la bicicleta junto con la investigaci\u00f3n sobre la aerodin\u00e1mica del ciclismo nos llevaron a repensar nuestros sillines de triatl\u00f3n y contrarreloj. En un campo en el que las ganancias marginales son fundamentales, poder proporcionar un sill\u00edn que permita la comodidad en las posiciones aerodin\u00e1micas m\u00e1s extremas representa un gran avance en el logro del rendimiento.<\/p>\n<p><em><strong>LA VENTAJA ADAPTATIVA :<\/strong><\/em><br \/>\nLa versi\u00f3n Long-Distance de Aeris Adaptive est\u00e1 dise\u00f1ada con una punta m\u00e1s ancha y un canal largo y profundo que permite un alivio de presi\u00f3n sin precedentes, todo ello manteniendo el soporte firme y el equilibrio necesarios para las largas horas de pedaleo en posiciones aerodin\u00e1micas. En la punta, el bucle del ra\u00edl proporciona una resistencia adicional para evitar la fatiga asim\u00e9trica y tambi\u00e9n act\u00faa como un gancho para mantener la bicicleta en su lugar en las zonas de transici\u00f3n de la carrera. Uno de los muchos beneficios de la tecnolog\u00eda Adaptive es que nos permite incorporar un canal, en lugar de un recorte, con una zona funcional central suave, mejorando la distribuci\u00f3n del peso para un mejor alivio de la presi\u00f3n y aumentar la comodidad en recorridos m\u00e1s largos en posiciones aerodin\u00e1micas. Al mismo tiempo, la superficie del acolchado ofrece un agarre antideslizante que evita movimientos innecesarios que pueden comprometer el rendimiento.<\/p>\n<p><em><strong>M\u00daLTIPLES CARACTER\u00cdSTICAS PARA DISCIPLINAS MIXTAS :<\/strong><\/em><br \/>\nAeris viene con un enlace opcional para integrar un portabid\u00f3n en la parte trasera del sill\u00edn. El enlace est\u00e1 dise\u00f1ado para sostener las botellas en un \u00e1ngulo que no interfiera durante las fases cr\u00edticas de montaje y desmontaje en las zonas de transici\u00f3n. De acuerdo con las reglas de la UCI, Aeris est\u00e1 equipado con una inserci\u00f3n de riel revolucionaria que no solo proporciona una sensaci\u00f3n m\u00e1s aerodin\u00e1mica sino que tambi\u00e9n permite una amplia gama de ajuste, necesaria para lograr la posici\u00f3n ideal hacia adelante para vencer al viento. Aeris R1 Adaptive ahorra peso gracias a un riel de carbono de 7&#215;9 mm de nuevo dise\u00f1o.<\/p>\n<p>&nbsp;<\/p>\n<p>TRANSIRO AERIS LONG DISTANCE R1 135 mm<\/p>\n<p>Longitud: 242 mm<br \/>\nAncho: 135 mm<br \/>\nAltura a 75 mm de ancho: 51 mm<br \/>\nLongitud desde la punta hasta 75 mm de ancho: 99 mm<br \/>\nAncho de la punta: 55 mm<br \/>\nPeso: 190 g<br \/>\nRail: 7&#215;9 mm<\/p>","protected":false},"excerpt":{"rendered":"<p>FIZIK TRANSIRO AERIS LONG DISTANCE R1 ADAPTIVE &#8211; Un sill\u00edn de competici\u00f3n de triatl\u00f3n ligero y de larga distancia, fabricado con un ra\u00edl de carbono y dise\u00f1ado para reducir la presi\u00f3n en posiciones de conducci\u00f3n aerodin\u00e1micas a trav\u00e9s de un canal central profundo y nuestro acolchado Adaptive impreso en 3D. ACOLCHADO IMPRESO EN 3D : [&hellip;]<\/p>\n","protected":false},"featured_media":19193,"comment_status":"closed","ping_status":"closed","template":"","meta":[],"product_brand":[],"product_cat":[16,19,225,229],"product_tag":[],"class_list":{"0":"post-19192","1":"product","2":"type-product","3":"status-publish","4":"has-post-thumbnail","6":"product_cat-carretera-gravel-bicicletas","7":"product_cat-componentes-de-bicicletas","8":"product_cat-sillines-carretera-gravel","9":"product_cat-sillines-triatlon","10":"product_shipping_class-no-bicicletas","12":"first","13":"instock","14":"sale","15":"shipping-taxable","16":"purchasable","17":"product-type-simple"},"yoast_head":"<!-- This site is optimized with the Yoast SEO plugin v27.6 - https:\/\/yoast.com\/product\/yoast-seo-wordpress\/ -->\n<title>SILLIN FIZIK TRANSIRO AERIS LONG DISTANCE R1 ADAPTIVE | VELOAXE.COM<\/title>\n<meta name=\"description\" content=\"SILLIN FIZIK TRANSIRO AERIS LONG DISTANCE R1 ADAPTIVE - Todos los sillines FIZIK est\u00e1n disponibles en nuestro sitio en una amplia variedad de colores.\" \/>\n<meta name=\"robots\" content=\"index, follow, max-snippet:-1, max-image-preview:large, max-video-preview:-1\" \/>\n<link rel=\"canonical\" href=\"https:\/\/veloaxe.com\/fr\/produit\/sillin-fizik-transiro-aeris-long-distance-r1-adaptive\/\" \/>\n<meta property=\"og:locale\" content=\"fr_FR\" \/>\n<meta property=\"og:type\" content=\"article\" \/>\n<meta property=\"og:title\" content=\"SILLIN FIZIK TRANSIRO AERIS LONG DISTANCE R1 ADAPTIVE | VELOAXE.COM\" \/>\n<meta property=\"og:description\" content=\"SILLIN FIZIK TRANSIRO AERIS LONG DISTANCE R1 ADAPTIVE - Todos los sillines FIZIK est\u00e1n disponibles en nuestro sitio en una amplia variedad de colores.\" \/>\n<meta property=\"og:url\" content=\"https:\/\/veloaxe.com\/fr\/produit\/sillin-fizik-transiro-aeris-long-distance-r1-adaptive\/\" \/>\n<meta property=\"og:site_name\" content=\"Tienda de bicicletas | VELOAXE\" \/>\n<meta property=\"article:publisher\" content=\"https:\/\/www.facebook.com\/veloaxe\" \/>\n<meta property=\"article:modified_time\" content=\"2025-04-22T14:34:13+00:00\" \/>\n<meta property=\"og:image\" content=\"https:\/\/veloaxe.com\/wp-content\/uploads\/2025\/01\/sillin-fizik-transiro-aeris-adaptive-long-distance-r1.jpg\" \/>\n\t<meta property=\"og:image:width\" content=\"1000\" \/>\n\t<meta property=\"og:image:height\" content=\"1000\" \/>\n\t<meta property=\"og:image:type\" content=\"image\/jpeg\" \/>\n<meta name=\"twitter:card\" content=\"summary_large_image\" \/>\n<meta name=\"twitter:label1\" content=\"Dur\u00e9e de lecture estim\u00e9e\" \/>\n\t<meta name=\"twitter:data1\" content=\"4 minutes\" \/>\n<script type=\"application\/ld+json\" class=\"yoast-schema-graph\">{\"@context\":\"https:\\\/\\\/schema.org\",\"@graph\":[{\"@type\":\"WebPage\",\"@id\":\"https:\\\/\\\/veloaxe.com\\\/producto\\\/sillin-fizik-transiro-aeris-long-distance-r1-adaptive\\\/\",\"url\":\"https:\\\/\\\/veloaxe.com\\\/producto\\\/sillin-fizik-transiro-aeris-long-distance-r1-adaptive\\\/\",\"name\":\"SILLIN FIZIK TRANSIRO AERIS LONG DISTANCE R1 ADAPTIVE | VELOAXE.COM\",\"isPartOf\":{\"@id\":\"https:\\\/\\\/veloaxe.com\\\/#website\"},\"primaryImageOfPage\":{\"@id\":\"https:\\\/\\\/veloaxe.com\\\/producto\\\/sillin-fizik-transiro-aeris-long-distance-r1-adaptive\\\/#primaryimage\"},\"image\":{\"@id\":\"https:\\\/\\\/veloaxe.com\\\/producto\\\/sillin-fizik-transiro-aeris-long-distance-r1-adaptive\\\/#primaryimage\"},\"thumbnailUrl\":\"https:\\\/\\\/veloaxe.com\\\/wp-content\\\/uploads\\\/2025\\\/01\\\/sillin-fizik-transiro-aeris-adaptive-long-distance-r1.jpg\",\"datePublished\":\"2025-01-22T08:41:44+00:00\",\"dateModified\":\"2025-04-22T14:34:13+00:00\",\"description\":\"SILLIN FIZIK TRANSIRO AERIS LONG DISTANCE R1 ADAPTIVE - Todos los sillines FIZIK est\u00e1n disponibles en nuestro sitio en una amplia variedad de colores.\",\"breadcrumb\":{\"@id\":\"https:\\\/\\\/veloaxe.com\\\/producto\\\/sillin-fizik-transiro-aeris-long-distance-r1-adaptive\\\/#breadcrumb\"},\"inLanguage\":\"fr-FR\",\"potentialAction\":[{\"@type\":\"ReadAction\",\"target\":[\"https:\\\/\\\/veloaxe.com\\\/producto\\\/sillin-fizik-transiro-aeris-long-distance-r1-adaptive\\\/\"]}]},{\"@type\":\"ImageObject\",\"inLanguage\":\"fr-FR\",\"@id\":\"https:\\\/\\\/veloaxe.com\\\/producto\\\/sillin-fizik-transiro-aeris-long-distance-r1-adaptive\\\/#primaryimage\",\"url\":\"https:\\\/\\\/veloaxe.com\\\/wp-content\\\/uploads\\\/2025\\\/01\\\/sillin-fizik-transiro-aeris-adaptive-long-distance-r1.jpg\",\"contentUrl\":\"https:\\\/\\\/veloaxe.com\\\/wp-content\\\/uploads\\\/2025\\\/01\\\/sillin-fizik-transiro-aeris-adaptive-long-distance-r1.jpg\",\"width\":1000,\"height\":1000,\"caption\":\"sillin-fizik-transiro-aeris-adaptive-long-distance-r1\"},{\"@type\":\"BreadcrumbList\",\"@id\":\"https:\\\/\\\/veloaxe.com\\\/producto\\\/sillin-fizik-transiro-aeris-long-distance-r1-adaptive\\\/#breadcrumb\",\"itemListElement\":[{\"@type\":\"ListItem\",\"position\":1,\"name\":\"Portada\",\"item\":\"https:\\\/\\\/veloaxe.com\\\/\"},{\"@type\":\"ListItem\",\"position\":2,\"name\":\"Shop\",\"item\":\"https:\\\/\\\/paleturquoise-herring-271034.hostingersite.com\\\/shop\\\/\"},{\"@type\":\"ListItem\",\"position\":3,\"name\":\"SILLIN FIZIK TRANSIRO AERIS LONG DISTANCE R1 ADAPTIVE\"}]},{\"@type\":\"WebSite\",\"@id\":\"https:\\\/\\\/veloaxe.com\\\/#website\",\"url\":\"https:\\\/\\\/veloaxe.com\\\/\",\"name\":\"Tienda de bicicletas | VELOAXE\",\"description\":\"Descubre una amplia selecci\u00f3n de bicicletas de alta calidad, desde modelos urbanos y de monta\u00f1a hasta bicicletas de carretera de \u00faltima generaci\u00f3n. Con un servicio experto y accesorios especializados, estamos comprometidos a brindarte la mejor experiencia ciclista.\",\"publisher\":{\"@id\":\"https:\\\/\\\/veloaxe.com\\\/#organization\"},\"potentialAction\":[{\"@type\":\"SearchAction\",\"target\":{\"@type\":\"EntryPoint\",\"urlTemplate\":\"https:\\\/\\\/veloaxe.com\\\/?s={search_term_string}\"},\"query-input\":{\"@type\":\"PropertyValueSpecification\",\"valueRequired\":true,\"valueName\":\"search_term_string\"}}],\"inLanguage\":\"fr-FR\"},{\"@type\":\"Organization\",\"@id\":\"https:\\\/\\\/veloaxe.com\\\/#organization\",\"name\":\"Tienda de bicicletas | VELOAXE\",\"url\":\"https:\\\/\\\/veloaxe.com\\\/\",\"logo\":{\"@type\":\"ImageObject\",\"inLanguage\":\"fr-FR\",\"@id\":\"https:\\\/\\\/veloaxe.com\\\/#\\\/schema\\\/logo\\\/image\\\/\",\"url\":\"https:\\\/\\\/veloaxe.com\\\/wp-content\\\/uploads\\\/2026\\\/01\\\/cropped-logo-1.jpg\",\"contentUrl\":\"https:\\\/\\\/veloaxe.com\\\/wp-content\\\/uploads\\\/2026\\\/01\\\/cropped-logo-1.jpg\",\"width\":1273,\"height\":363,\"caption\":\"Tienda de bicicletas | VELOAXE\"},\"image\":{\"@id\":\"https:\\\/\\\/veloaxe.com\\\/#\\\/schema\\\/logo\\\/image\\\/\"},\"sameAs\":[\"https:\\\/\\\/www.facebook.com\\\/veloaxe\"]}]}<\/script>\n<!-- \/ Yoast SEO plugin. -->","yoast_head_json":{"title":"SILLIN FIZIK TRANSIRO AERIS LONG DISTANCE R1 ADAPTIVE | VELOAXE.COM","description":"SILLIN FIZIK TRANSIRO AERIS LONG DISTANCE R1 ADAPTIVE - Todos los sillines FIZIK est\u00e1n disponibles en nuestro sitio en una amplia variedad de colores.","robots":{"index":"index","follow":"follow","max-snippet":"max-snippet:-1","max-image-preview":"max-image-preview:large","max-video-preview":"max-video-preview:-1"},"canonical":"https:\/\/veloaxe.com\/fr\/produit\/sillin-fizik-transiro-aeris-long-distance-r1-adaptive\/","og_locale":"fr_FR","og_type":"article","og_title":"SILLIN FIZIK TRANSIRO AERIS LONG DISTANCE R1 ADAPTIVE | VELOAXE.COM","og_description":"SILLIN FIZIK TRANSIRO AERIS LONG DISTANCE R1 ADAPTIVE - Todos los sillines FIZIK est\u00e1n disponibles en nuestro sitio en una amplia variedad de colores.","og_url":"https:\/\/veloaxe.com\/fr\/produit\/sillin-fizik-transiro-aeris-long-distance-r1-adaptive\/","og_site_name":"Tienda de bicicletas | VELOAXE","article_publisher":"https:\/\/www.facebook.com\/veloaxe","article_modified_time":"2025-04-22T14:34:13+00:00","og_image":[{"width":1000,"height":1000,"url":"https:\/\/veloaxe.com\/wp-content\/uploads\/2025\/01\/sillin-fizik-transiro-aeris-adaptive-long-distance-r1.jpg","type":"image\/jpeg"}],"twitter_card":"summary_large_image","twitter_misc":{"Dur\u00e9e de lecture estim\u00e9e":"4 minutes"},"schema":{"@context":"https:\/\/schema.org","@graph":[{"@type":"WebPage","@id":"https:\/\/veloaxe.com\/producto\/sillin-fizik-transiro-aeris-long-distance-r1-adaptive\/","url":"https:\/\/veloaxe.com\/producto\/sillin-fizik-transiro-aeris-long-distance-r1-adaptive\/","name":"SILLIN FIZIK TRANSIRO AERIS LONG DISTANCE R1 ADAPTIVE | VELOAXE.COM","isPartOf":{"@id":"https:\/\/veloaxe.com\/#website"},"primaryImageOfPage":{"@id":"https:\/\/veloaxe.com\/producto\/sillin-fizik-transiro-aeris-long-distance-r1-adaptive\/#primaryimage"},"image":{"@id":"https:\/\/veloaxe.com\/producto\/sillin-fizik-transiro-aeris-long-distance-r1-adaptive\/#primaryimage"},"thumbnailUrl":"https:\/\/veloaxe.com\/wp-content\/uploads\/2025\/01\/sillin-fizik-transiro-aeris-adaptive-long-distance-r1.jpg","datePublished":"2025-01-22T08:41:44+00:00","dateModified":"2025-04-22T14:34:13+00:00","description":"SILLIN FIZIK TRANSIRO AERIS LONG DISTANCE R1 ADAPTIVE - Todos los sillines FIZIK est\u00e1n disponibles en nuestro sitio en una amplia variedad de colores.","breadcrumb":{"@id":"https:\/\/veloaxe.com\/producto\/sillin-fizik-transiro-aeris-long-distance-r1-adaptive\/#breadcrumb"},"inLanguage":"fr-FR","potentialAction":[{"@type":"ReadAction","target":["https:\/\/veloaxe.com\/producto\/sillin-fizik-transiro-aeris-long-distance-r1-adaptive\/"]}]},{"@type":"ImageObject","inLanguage":"fr-FR","@id":"https:\/\/veloaxe.com\/producto\/sillin-fizik-transiro-aeris-long-distance-r1-adaptive\/#primaryimage","url":"https:\/\/veloaxe.com\/wp-content\/uploads\/2025\/01\/sillin-fizik-transiro-aeris-adaptive-long-distance-r1.jpg","contentUrl":"https:\/\/veloaxe.com\/wp-content\/uploads\/2025\/01\/sillin-fizik-transiro-aeris-adaptive-long-distance-r1.jpg","width":1000,"height":1000,"caption":"sillin-fizik-transiro-aeris-adaptive-long-distance-r1"},{"@type":"BreadcrumbList","@id":"https:\/\/veloaxe.com\/producto\/sillin-fizik-transiro-aeris-long-distance-r1-adaptive\/#breadcrumb","itemListElement":[{"@type":"ListItem","position":1,"name":"Portada","item":"https:\/\/veloaxe.com\/"},{"@type":"ListItem","position":2,"name":"Shop","item":"https:\/\/paleturquoise-herring-271034.hostingersite.com\/shop\/"},{"@type":"ListItem","position":3,"name":"SILLIN FIZIK TRANSIRO AERIS LONG DISTANCE R1 ADAPTIVE"}]},{"@type":"WebSite","@id":"https:\/\/veloaxe.com\/#website","url":"https:\/\/veloaxe.com\/","name":"Boutique de v\u00e9lo en ligne | VELOAXE","description":"D\u00e9couvrez une large s\u00e9lection de v\u00e9los de haute qualit\u00e9, des mod\u00e8les urbains et de montagne aux v\u00e9los de route de pointe. Avec un service d'experts et des accessoires sp\u00e9cialis\u00e9s, nous nous engageons \u00e0 vous offrir la meilleure exp\u00e9rience de cyclisme.","publisher":{"@id":"https:\/\/veloaxe.com\/#organization"},"potentialAction":[{"@type":"SearchAction","target":{"@type":"EntryPoint","urlTemplate":"https:\/\/veloaxe.com\/?s={search_term_string}"},"query-input":{"@type":"PropertyValueSpecification","valueRequired":true,"valueName":"search_term_string"}}],"inLanguage":"fr-FR"},{"@type":"Organization","@id":"https:\/\/veloaxe.com\/#organization","name":"Boutique de v\u00e9lo en ligne | VELOAXE","url":"https:\/\/veloaxe.com\/","logo":{"@type":"ImageObject","inLanguage":"fr-FR","@id":"https:\/\/veloaxe.com\/#\/schema\/logo\/image\/","url":"https:\/\/veloaxe.com\/wp-content\/uploads\/2026\/01\/cropped-logo-1.jpg","contentUrl":"https:\/\/veloaxe.com\/wp-content\/uploads\/2026\/01\/cropped-logo-1.jpg","width":1273,"height":363,"caption":"Tienda de bicicletas | VELOAXE"},"image":{"@id":"https:\/\/veloaxe.com\/#\/schema\/logo\/image\/"},"sameAs":["https:\/\/www.facebook.com\/veloaxe"]}]}},"_links":{"self":[{"href":"https:\/\/veloaxe.com\/fr\/wp-json\/wp\/v2\/product\/19192","targetHints":{"allow":["GET"]}}],"collection":[{"href":"https:\/\/veloaxe.com\/fr\/wp-json\/wp\/v2\/product"}],"about":[{"href":"https:\/\/veloaxe.com\/fr\/wp-json\/wp\/v2\/types\/product"}],"replies":[{"embeddable":true,"href":"https:\/\/veloaxe.com\/fr\/wp-json\/wp\/v2\/comments?post=19192"}],"wp:featuredmedia":[{"embeddable":true,"href":"https:\/\/veloaxe.com\/fr\/wp-json\/wp\/v2\/media\/19193"}],"wp:attachment":[{"href":"https:\/\/veloaxe.com\/fr\/wp-json\/wp\/v2\/media?parent=19192"}],"wp:term":[{"taxonomy":"product_brand","embeddable":true,"href":"https:\/\/veloaxe.com\/fr\/wp-json\/wp\/v2\/product_brand?post=19192"},{"taxonomy":"product_cat","embeddable":true,"href":"https:\/\/veloaxe.com\/fr\/wp-json\/wp\/v2\/product_cat?post=19192"},{"taxonomy":"product_tag","embeddable":true,"href":"https:\/\/veloaxe.com\/fr\/wp-json\/wp\/v2\/product_tag?post=19192"}],"curies":[{"name":"wp","href":"https:\/\/api.w.org\/{rel}","templated":true}]}}