{"id":19199,"date":"2025-01-22T16:34:56","date_gmt":"2025-01-22T16:34:56","guid":{"rendered":"https:\/\/veloaxe.com\/?post_type=product&#038;p=19199"},"modified":"2025-04-22T14:29:24","modified_gmt":"2025-04-22T14:29:24","slug":"sillin-fizik-vento-antares-r1-adaptive","status":"publish","type":"product","link":"https:\/\/veloaxe.com\/fr\/producto\/sillin-fizik-vento-antares-r1-adaptive\/","title":{"rendered":"SILLIN FIZIK VENTO ANTARES R1 ADAPTIVE"},"content":{"rendered":"<p><em><strong>FIZIK VENTO ANTARES R1 ADAPTIVE<\/strong><\/em>\u00a0&#8211; Un sill\u00edn de alto rendimiento con una forma aerodin\u00e1mica y una transici\u00f3n c\u00f3nica de la punta al ala, ahora disponible con acolchado adaptable, nuestra tecnolog\u00eda de acolchado impresa en 3D m\u00e1s avanzada.<\/p>\n<p><em><strong>EL FUTURO DEL RENDIMIENTO :<\/strong><\/em><\/p>\n<p>Parte de una nueva generaci\u00f3n de sillines Antares, el Antares R1 Adaptive mantiene muchas caracter\u00edsticas de dise\u00f1o ic\u00f3nicas que han hecho que el original fuera tan popular entre los atletas l\u00edderes. Presentado por primera vez hace m\u00e1s de veinte a\u00f1os, Antares ha aparecido en casi todos los Grand Tour desde entonces. Reimaginado con nuestro innovador acolchado adaptable, Antares est\u00e1 listo para hacer historia nuevamente. Dise\u00f1ado para brindar rendimiento y comodidad, desde la carretera hasta el ciclocross y el cross-country, el Antares R1 Adaptive ahorra peso gracias a un riel de carbono de 7&#215;9 mm de nuevo dise\u00f1o.<\/p>\n<p><em><strong>ACOLCHADO IMPRESO EN 3D :<\/strong><\/em><\/p>\n<p>El acolchado impreso en 3D adaptable de Fizik se ha ampliado a la familia Antares, creando la combinaci\u00f3n perfecta para quienes desean una comodidad excepcional y duradera en un sill\u00edn de rendimiento de perfil bajo dise\u00f1ado para permitir una sensaci\u00f3n de mayor conexi\u00f3n para una eficiencia de pedaleo y una transferencia de potencia \u00f3ptimas.<\/p>\n<p><strong><em>AMORTIGUACI\u00d3N ZONAL PERSONALIZADA :\u00a0<\/em><\/strong><\/p>\n<p>La evoluci\u00f3n de la impresi\u00f3n 3D digital nos ha permitido desarrollar un nuevo sill\u00edn sin las restricciones ni limitaciones impuestas por los m\u00e9todos y materiales de producci\u00f3n tradicionales. El acolchado del sill\u00edn adaptable est\u00e1 elaborado por Carbon\u00ae utilizando su revolucionaria tecnolog\u00eda Digital Light Synthesis\u2122. DLS es un proceso de fabricaci\u00f3n aditiva que utiliza proyecci\u00f3n de luz ultravioleta digital, \u00f3ptica permeable al ox\u00edgeno y resinas l\u00edquidas programables para producir piezas con excelentes propiedades mec\u00e1nicas, resoluci\u00f3n y acabado de superficie.<\/p>\n<p><em><strong>PROBADO EN LABORATORIO, PROBADO EN CARRETERA :<\/strong><\/em><\/p>\n<p>Con la tecnolog\u00eda Carbon\u00ae, los biomec\u00e1nicos y los ingenieros tienen una posibilidad sin precedentes: dise\u00f1ar y fabricar m\u00faltiples zonas funcionales dentro del sill\u00edn, ajustando cada una de ellas por separado para obtener propiedades mec\u00e1nicas espec\u00edficas. Cada una de estas zonas funcionales clave est\u00e1 dise\u00f1ada para ofrecer una amortiguaci\u00f3n y una respuesta mec\u00e1nica distintivas, unidas de forma progresiva y sin costuras en el mismo acolchado. \u00bfEl resultado? Una reducci\u00f3n del 60 % de la presi\u00f3n m\u00e1xima gracias a una mejor distribuci\u00f3n del peso para una mayor comodidad en toda la superficie del sill\u00edn.<\/p>\n<p><em><strong>TRANSFERENCIA DE POTENCIA Y ALIVIO DE PRESI\u00d3N :<\/strong><\/em><\/p>\n<p>Antares es un sill\u00edn de perfil bajo con una transici\u00f3n c\u00f3nica desde la punta hasta el ala que ayuda a los ciclistas a pedalear de forma eficiente en cualquier posici\u00f3n de conducci\u00f3n. El acolchado impreso en 3D proporciona una sensaci\u00f3n reactiva y preparada para la competici\u00f3n para conectar mejor al ciclista con la bicicleta. Gracias a esta tecnolog\u00eda, podemos incorporar una zona central m\u00e1s suave en lugar de un corte tradicional para proporcionar un mejor alivio de la presi\u00f3n sin sacrificar el rendimiento. No importa si est\u00e1s atacando una subida o manteniendo el ritmo en terreno llano, Antares R1 Adaptive est\u00e1 dise\u00f1ado para brindarte apoyo.<\/p>\n<p>&nbsp;<\/p>\n<p><strong><em>ANTARES ADAPTIVE R1 140 mm \/ 150 mm<\/em><\/strong><\/p>\n<ul>\n<li>Longitud: 268 mm<\/li>\n<li>Ancho: 140 mm \/ 150 mm<\/li>\n<li>Altura a 75 mm de ancho: 50 mm<\/li>\n<li>Longitud desde la punta hasta 75 mm de ancho: 147 mm<\/li>\n<li>Peso: 180 g \/ 185 g<\/li>\n<li>Rail: 7&#215;9 mm<\/li>\n<\/ul>","protected":false},"excerpt":{"rendered":"<p>FIZIK VENTO ANTARES R1 ADAPTIVE\u00a0&#8211; Un sill\u00edn de alto rendimiento con una forma aerodin\u00e1mica y una transici\u00f3n c\u00f3nica de la punta al ala, ahora disponible con acolchado adaptable, nuestra tecnolog\u00eda de acolchado impresa en 3D m\u00e1s avanzada. EL FUTURO DEL RENDIMIENTO : Parte de una nueva generaci\u00f3n de sillines Antares, el Antares R1 Adaptive mantiene [&hellip;]<\/p>\n","protected":false},"featured_media":19200,"comment_status":"closed","ping_status":"closed","template":"","meta":[],"product_brand":[],"product_cat":[16,19,225,227],"product_tag":[],"class_list":{"0":"post-19199","1":"product","2":"type-product","3":"status-publish","4":"has-post-thumbnail","6":"product_cat-carretera-gravel-bicicletas","7":"product_cat-componentes-de-bicicletas","8":"product_cat-sillines-carretera-gravel","9":"product_cat-sillines-carretera","10":"product_shipping_class-no-bicicletas","12":"first","13":"instock","14":"sale","15":"shipping-taxable","16":"purchasable","17":"product-type-variable"},"yoast_head":"<!-- This site is optimized with the Yoast SEO plugin v27.6 - https:\/\/yoast.com\/product\/yoast-seo-wordpress\/ -->\n<title>SILLIN FIZIK VENTO ANTARES R1 ADAPTIVE | VELOAXE.COM<\/title>\n<meta name=\"description\" content=\"SILLIN FIZIK VENTO ANTARES R1 ADAPTIVE - Todos los sillines FIZIK est\u00e1n disponibles en nuestro sitio en una amplia variedad de colores.\" \/>\n<meta name=\"robots\" content=\"index, follow, max-snippet:-1, max-image-preview:large, max-video-preview:-1\" \/>\n<link rel=\"canonical\" href=\"https:\/\/veloaxe.com\/fr\/produit\/sillin-fizik-vento-antares-r1-adaptive\/\" \/>\n<meta property=\"og:locale\" content=\"fr_FR\" \/>\n<meta property=\"og:type\" content=\"article\" \/>\n<meta property=\"og:title\" content=\"SILLIN FIZIK VENTO ANTARES R1 ADAPTIVE | VELOAXE.COM\" \/>\n<meta property=\"og:description\" content=\"SILLIN FIZIK VENTO ANTARES R1 ADAPTIVE - Todos los sillines FIZIK est\u00e1n disponibles en nuestro sitio en una amplia variedad de colores.\" \/>\n<meta property=\"og:url\" content=\"https:\/\/veloaxe.com\/fr\/produit\/sillin-fizik-vento-antares-r1-adaptive\/\" \/>\n<meta property=\"og:site_name\" content=\"Tienda de bicicletas | VELOAXE\" \/>\n<meta property=\"article:publisher\" content=\"https:\/\/www.facebook.com\/veloaxe\" \/>\n<meta property=\"article:modified_time\" content=\"2025-04-22T14:29:24+00:00\" \/>\n<meta property=\"og:image\" content=\"https:\/\/veloaxe.com\/wp-content\/uploads\/2025\/01\/sillin-vento-antares-adaptive-r1.jpg\" \/>\n\t<meta property=\"og:image:width\" content=\"1000\" \/>\n\t<meta property=\"og:image:height\" content=\"1000\" \/>\n\t<meta property=\"og:image:type\" content=\"image\/jpeg\" \/>\n<meta name=\"twitter:card\" content=\"summary_large_image\" \/>\n<meta name=\"twitter:label1\" content=\"Dur\u00e9e de lecture estim\u00e9e\" \/>\n\t<meta name=\"twitter:data1\" content=\"3 minutes\" \/>\n<script type=\"application\/ld+json\" class=\"yoast-schema-graph\">{\"@context\":\"https:\\\/\\\/schema.org\",\"@graph\":[{\"@type\":\"WebPage\",\"@id\":\"https:\\\/\\\/veloaxe.com\\\/producto\\\/sillin-fizik-vento-antares-r1-adaptive\\\/\",\"url\":\"https:\\\/\\\/veloaxe.com\\\/producto\\\/sillin-fizik-vento-antares-r1-adaptive\\\/\",\"name\":\"SILLIN FIZIK VENTO ANTARES R1 ADAPTIVE | VELOAXE.COM\",\"isPartOf\":{\"@id\":\"https:\\\/\\\/veloaxe.com\\\/#website\"},\"primaryImageOfPage\":{\"@id\":\"https:\\\/\\\/veloaxe.com\\\/producto\\\/sillin-fizik-vento-antares-r1-adaptive\\\/#primaryimage\"},\"image\":{\"@id\":\"https:\\\/\\\/veloaxe.com\\\/producto\\\/sillin-fizik-vento-antares-r1-adaptive\\\/#primaryimage\"},\"thumbnailUrl\":\"https:\\\/\\\/veloaxe.com\\\/wp-content\\\/uploads\\\/2025\\\/01\\\/sillin-vento-antares-adaptive-r1.jpg\",\"datePublished\":\"2025-01-22T16:34:56+00:00\",\"dateModified\":\"2025-04-22T14:29:24+00:00\",\"description\":\"SILLIN FIZIK VENTO ANTARES R1 ADAPTIVE - Todos los sillines FIZIK est\u00e1n disponibles en nuestro sitio en una amplia variedad de colores.\",\"breadcrumb\":{\"@id\":\"https:\\\/\\\/veloaxe.com\\\/producto\\\/sillin-fizik-vento-antares-r1-adaptive\\\/#breadcrumb\"},\"inLanguage\":\"fr-FR\",\"potentialAction\":[{\"@type\":\"ReadAction\",\"target\":[\"https:\\\/\\\/veloaxe.com\\\/producto\\\/sillin-fizik-vento-antares-r1-adaptive\\\/\"]}]},{\"@type\":\"ImageObject\",\"inLanguage\":\"fr-FR\",\"@id\":\"https:\\\/\\\/veloaxe.com\\\/producto\\\/sillin-fizik-vento-antares-r1-adaptive\\\/#primaryimage\",\"url\":\"https:\\\/\\\/veloaxe.com\\\/wp-content\\\/uploads\\\/2025\\\/01\\\/sillin-vento-antares-adaptive-r1.jpg\",\"contentUrl\":\"https:\\\/\\\/veloaxe.com\\\/wp-content\\\/uploads\\\/2025\\\/01\\\/sillin-vento-antares-adaptive-r1.jpg\",\"width\":1000,\"height\":1000,\"caption\":\"sillin-vento-antares-r1-adaptive\"},{\"@type\":\"BreadcrumbList\",\"@id\":\"https:\\\/\\\/veloaxe.com\\\/producto\\\/sillin-fizik-vento-antares-r1-adaptive\\\/#breadcrumb\",\"itemListElement\":[{\"@type\":\"ListItem\",\"position\":1,\"name\":\"Portada\",\"item\":\"https:\\\/\\\/veloaxe.com\\\/\"},{\"@type\":\"ListItem\",\"position\":2,\"name\":\"Shop\",\"item\":\"https:\\\/\\\/paleturquoise-herring-271034.hostingersite.com\\\/shop\\\/\"},{\"@type\":\"ListItem\",\"position\":3,\"name\":\"SILLIN FIZIK VENTO ANTARES R1 ADAPTIVE\"}]},{\"@type\":\"WebSite\",\"@id\":\"https:\\\/\\\/veloaxe.com\\\/#website\",\"url\":\"https:\\\/\\\/veloaxe.com\\\/\",\"name\":\"Tienda de bicicletas | VELOAXE\",\"description\":\"Descubre una amplia selecci\u00f3n de bicicletas de alta calidad, desde modelos urbanos y de monta\u00f1a hasta bicicletas de carretera de \u00faltima generaci\u00f3n. Con un servicio experto y accesorios especializados, estamos comprometidos a brindarte la mejor experiencia ciclista.\",\"publisher\":{\"@id\":\"https:\\\/\\\/veloaxe.com\\\/#organization\"},\"potentialAction\":[{\"@type\":\"SearchAction\",\"target\":{\"@type\":\"EntryPoint\",\"urlTemplate\":\"https:\\\/\\\/veloaxe.com\\\/?s={search_term_string}\"},\"query-input\":{\"@type\":\"PropertyValueSpecification\",\"valueRequired\":true,\"valueName\":\"search_term_string\"}}],\"inLanguage\":\"fr-FR\"},{\"@type\":\"Organization\",\"@id\":\"https:\\\/\\\/veloaxe.com\\\/#organization\",\"name\":\"Tienda de bicicletas | VELOAXE\",\"url\":\"https:\\\/\\\/veloaxe.com\\\/\",\"logo\":{\"@type\":\"ImageObject\",\"inLanguage\":\"fr-FR\",\"@id\":\"https:\\\/\\\/veloaxe.com\\\/#\\\/schema\\\/logo\\\/image\\\/\",\"url\":\"https:\\\/\\\/veloaxe.com\\\/wp-content\\\/uploads\\\/2026\\\/01\\\/cropped-logo-1.jpg\",\"contentUrl\":\"https:\\\/\\\/veloaxe.com\\\/wp-content\\\/uploads\\\/2026\\\/01\\\/cropped-logo-1.jpg\",\"width\":1273,\"height\":363,\"caption\":\"Tienda de bicicletas | VELOAXE\"},\"image\":{\"@id\":\"https:\\\/\\\/veloaxe.com\\\/#\\\/schema\\\/logo\\\/image\\\/\"},\"sameAs\":[\"https:\\\/\\\/www.facebook.com\\\/veloaxe\"]}]}<\/script>\n<!-- \/ Yoast SEO plugin. -->","yoast_head_json":{"title":"SILLIN FIZIK VENTO ANTARES R1 ADAPTIVE | VELOAXE.COM","description":"SILLIN FIZIK VENTO ANTARES R1 ADAPTIVE - Todos los sillines FIZIK est\u00e1n disponibles en nuestro sitio en una amplia variedad de colores.","robots":{"index":"index","follow":"follow","max-snippet":"max-snippet:-1","max-image-preview":"max-image-preview:large","max-video-preview":"max-video-preview:-1"},"canonical":"https:\/\/veloaxe.com\/fr\/produit\/sillin-fizik-vento-antares-r1-adaptive\/","og_locale":"fr_FR","og_type":"article","og_title":"SILLIN FIZIK VENTO ANTARES R1 ADAPTIVE | VELOAXE.COM","og_description":"SILLIN FIZIK VENTO ANTARES R1 ADAPTIVE - Todos los sillines FIZIK est\u00e1n disponibles en nuestro sitio en una amplia variedad de colores.","og_url":"https:\/\/veloaxe.com\/fr\/produit\/sillin-fizik-vento-antares-r1-adaptive\/","og_site_name":"Tienda de bicicletas | VELOAXE","article_publisher":"https:\/\/www.facebook.com\/veloaxe","article_modified_time":"2025-04-22T14:29:24+00:00","og_image":[{"width":1000,"height":1000,"url":"https:\/\/veloaxe.com\/wp-content\/uploads\/2025\/01\/sillin-vento-antares-adaptive-r1.jpg","type":"image\/jpeg"}],"twitter_card":"summary_large_image","twitter_misc":{"Dur\u00e9e de lecture estim\u00e9e":"3 minutes"},"schema":{"@context":"https:\/\/schema.org","@graph":[{"@type":"WebPage","@id":"https:\/\/veloaxe.com\/producto\/sillin-fizik-vento-antares-r1-adaptive\/","url":"https:\/\/veloaxe.com\/producto\/sillin-fizik-vento-antares-r1-adaptive\/","name":"SILLIN FIZIK VENTO ANTARES R1 ADAPTIVE | VELOAXE.COM","isPartOf":{"@id":"https:\/\/veloaxe.com\/#website"},"primaryImageOfPage":{"@id":"https:\/\/veloaxe.com\/producto\/sillin-fizik-vento-antares-r1-adaptive\/#primaryimage"},"image":{"@id":"https:\/\/veloaxe.com\/producto\/sillin-fizik-vento-antares-r1-adaptive\/#primaryimage"},"thumbnailUrl":"https:\/\/veloaxe.com\/wp-content\/uploads\/2025\/01\/sillin-vento-antares-adaptive-r1.jpg","datePublished":"2025-01-22T16:34:56+00:00","dateModified":"2025-04-22T14:29:24+00:00","description":"SILLIN FIZIK VENTO ANTARES R1 ADAPTIVE - Todos los sillines FIZIK est\u00e1n disponibles en nuestro sitio en una amplia variedad de colores.","breadcrumb":{"@id":"https:\/\/veloaxe.com\/producto\/sillin-fizik-vento-antares-r1-adaptive\/#breadcrumb"},"inLanguage":"fr-FR","potentialAction":[{"@type":"ReadAction","target":["https:\/\/veloaxe.com\/producto\/sillin-fizik-vento-antares-r1-adaptive\/"]}]},{"@type":"ImageObject","inLanguage":"fr-FR","@id":"https:\/\/veloaxe.com\/producto\/sillin-fizik-vento-antares-r1-adaptive\/#primaryimage","url":"https:\/\/veloaxe.com\/wp-content\/uploads\/2025\/01\/sillin-vento-antares-adaptive-r1.jpg","contentUrl":"https:\/\/veloaxe.com\/wp-content\/uploads\/2025\/01\/sillin-vento-antares-adaptive-r1.jpg","width":1000,"height":1000,"caption":"sillin-vento-antares-r1-adaptive"},{"@type":"BreadcrumbList","@id":"https:\/\/veloaxe.com\/producto\/sillin-fizik-vento-antares-r1-adaptive\/#breadcrumb","itemListElement":[{"@type":"ListItem","position":1,"name":"Portada","item":"https:\/\/veloaxe.com\/"},{"@type":"ListItem","position":2,"name":"Shop","item":"https:\/\/paleturquoise-herring-271034.hostingersite.com\/shop\/"},{"@type":"ListItem","position":3,"name":"SILLIN FIZIK VENTO ANTARES R1 ADAPTIVE"}]},{"@type":"WebSite","@id":"https:\/\/veloaxe.com\/#website","url":"https:\/\/veloaxe.com\/","name":"Boutique de v\u00e9lo en ligne | VELOAXE","description":"D\u00e9couvrez une large s\u00e9lection de v\u00e9los de haute qualit\u00e9, des mod\u00e8les urbains et de montagne aux v\u00e9los de route de pointe. Avec un service d'experts et des accessoires sp\u00e9cialis\u00e9s, nous nous engageons \u00e0 vous offrir la meilleure exp\u00e9rience de cyclisme.","publisher":{"@id":"https:\/\/veloaxe.com\/#organization"},"potentialAction":[{"@type":"SearchAction","target":{"@type":"EntryPoint","urlTemplate":"https:\/\/veloaxe.com\/?s={search_term_string}"},"query-input":{"@type":"PropertyValueSpecification","valueRequired":true,"valueName":"search_term_string"}}],"inLanguage":"fr-FR"},{"@type":"Organization","@id":"https:\/\/veloaxe.com\/#organization","name":"Boutique de v\u00e9lo en ligne | VELOAXE","url":"https:\/\/veloaxe.com\/","logo":{"@type":"ImageObject","inLanguage":"fr-FR","@id":"https:\/\/veloaxe.com\/#\/schema\/logo\/image\/","url":"https:\/\/veloaxe.com\/wp-content\/uploads\/2026\/01\/cropped-logo-1.jpg","contentUrl":"https:\/\/veloaxe.com\/wp-content\/uploads\/2026\/01\/cropped-logo-1.jpg","width":1273,"height":363,"caption":"Tienda de bicicletas | VELOAXE"},"image":{"@id":"https:\/\/veloaxe.com\/#\/schema\/logo\/image\/"},"sameAs":["https:\/\/www.facebook.com\/veloaxe"]}]}},"_links":{"self":[{"href":"https:\/\/veloaxe.com\/fr\/wp-json\/wp\/v2\/product\/19199","targetHints":{"allow":["GET"]}}],"collection":[{"href":"https:\/\/veloaxe.com\/fr\/wp-json\/wp\/v2\/product"}],"about":[{"href":"https:\/\/veloaxe.com\/fr\/wp-json\/wp\/v2\/types\/product"}],"replies":[{"embeddable":true,"href":"https:\/\/veloaxe.com\/fr\/wp-json\/wp\/v2\/comments?post=19199"}],"wp:featuredmedia":[{"embeddable":true,"href":"https:\/\/veloaxe.com\/fr\/wp-json\/wp\/v2\/media\/19200"}],"wp:attachment":[{"href":"https:\/\/veloaxe.com\/fr\/wp-json\/wp\/v2\/media?parent=19199"}],"wp:term":[{"taxonomy":"product_brand","embeddable":true,"href":"https:\/\/veloaxe.com\/fr\/wp-json\/wp\/v2\/product_brand?post=19199"},{"taxonomy":"product_cat","embeddable":true,"href":"https:\/\/veloaxe.com\/fr\/wp-json\/wp\/v2\/product_cat?post=19199"},{"taxonomy":"product_tag","embeddable":true,"href":"https:\/\/veloaxe.com\/fr\/wp-json\/wp\/v2\/product_tag?post=19199"}],"curies":[{"name":"wp","href":"https:\/\/api.w.org\/{rel}","templated":true}]}}