{"id":19236,"date":"2025-01-23T10:08:17","date_gmt":"2025-01-23T10:08:17","guid":{"rendered":"https:\/\/veloaxe.com\/?post_type=product&#038;p=19236"},"modified":"2025-04-22T14:06:06","modified_gmt":"2025-04-22T14:06:06","slug":"sillin-fizik-tempo-aliante-r1-adaptive","status":"publish","type":"product","link":"https:\/\/veloaxe.com\/fr\/producto\/sillin-fizik-tempo-aliante-r1-adaptive\/","title":{"rendered":"SILLIN FIZIK TEMPO ALIANTE R1 ADAPTIVE"},"content":{"rendered":"<p><em><strong>FIZIK TEMPO ALIANTE R1 ADAPTIVE<\/strong><\/em> &#8211; Nuestro sill\u00edn de ciclismo de ruta de larga distancia, dise\u00f1ado con un perfil ondulado, riel de carbono acoplado a una carcasa que se adapta a la conducci\u00f3n y acolchado Adaptive impreso en 3D para priorizar la comodidad y el soporte del ciclista.<\/p>\n<p><em><strong>ACOLCHADO IMPRESO EN 3D :<\/strong><\/em><\/p>\n<p>El acolchado Adaptive impreso en 3D de Fizik se ha expandido a la familia Aliante, creando la combinaci\u00f3n perfecta para aquellos que desean una comodidad excepcional y duradera en un sill\u00edn de perfil ondulado con una plataforma ligeramente m\u00e1s ancha, dise\u00f1ado para maximizar el soporte y el alivio de la presi\u00f3n.<\/p>\n<p><strong><em>AMORTIGUACI\u00d3N ZONAL PERSONALIZADA :\u00a0<\/em><\/strong><\/p>\n<p>La evoluci\u00f3n de la impresi\u00f3n 3D digital nos ha permitido desarrollar un nuevo sill\u00edn sin las restricciones o limitaciones impuestas por los m\u00e9todos y materiales de producci\u00f3n tradicionales. El acolchado Adaptive del sill\u00edn est\u00e1 elaborado por Carbon\u00ae utilizando su revolucionaria tecnolog\u00eda Digital Light Synthesis\u2122. DLS es un proceso de fabricaci\u00f3n aditiva que utiliza proyecci\u00f3n de luz ultravioleta digital, \u00f3ptica permeable al ox\u00edgeno y resinas l\u00edquidas programables para producir piezas con excelentes propiedades mec\u00e1nicas, resoluci\u00f3n y acabado de superficie.<\/p>\n<p><em><strong>PROBADO EN LABORATORIO, PROBADO EN CARRETERA :<\/strong><\/em><\/p>\n<p>Gracias a la tecnolog\u00eda Carbon, los biomec\u00e1nicos y los ingenieros tienen una posibilidad sin precedentes: dise\u00f1ar y fabricar m\u00faltiples zonas funcionales dentro del sill\u00edn, ajustando cada una de ellas por separado para obtener propiedades mec\u00e1nicas espec\u00edficas. Cada una de estas zonas funcionales clave est\u00e1 dise\u00f1ada para una amortiguaci\u00f3n y una respuesta mec\u00e1nica distintivas, unidas de forma progresiva y sin costuras en el mismo acolchado. \u00bfEl resultado? Una reducci\u00f3n del 60 % en la presi\u00f3n m\u00e1xima mediante una mejor distribuci\u00f3n del peso para una mayor comodidad en toda la superficie del sill\u00edn.<\/p>\n<p><em><strong>COMODIDAD DURANTE TODO EL D\u00cdA :<\/strong><\/em><\/p>\n<p>Aliante es un sill\u00edn ondulado que presenta una transici\u00f3n gradual y c\u00f3nica desde el ala hasta la punta. Con una plataforma ligeramente m\u00e1s ancha para soportar los huesos isqui\u00e1ticos, mejora la estabilidad y la distribuci\u00f3n del peso para paseos de todo el d\u00eda. Con un enfoque en la comodidad, el Aliante recientemente redise\u00f1ado tiene una superficie m\u00e1s plana para permitir una distribuci\u00f3n m\u00e1s uniforme de la presi\u00f3n y una sensaci\u00f3n equilibrada, especialmente \u00fatil en recorridos de resistencia prolongados.<\/p>\n<p><em><strong>MENOS PRESI\u00d3N = PASEOS M\u00c1S LARGOS :<\/strong><\/em><\/p>\n<p>El acolchado Aliante Adaptive impreso en 3D ha sido dise\u00f1ado para proporcionar a cada ciclista el soporte adecuado, independientemente de la posici\u00f3n de conducci\u00f3n, para las largas jornadas sobre la bicicleta. Las propiedades \u00fanicas de nuestra tecnolog\u00eda Adaptive nos permiten dise\u00f1ar un acolchado m\u00e1s grueso con una zona funcional central m\u00e1s suave, en lugar de un recorte, lo que aumenta la superficie del sill\u00edn para distribuir mejor la presi\u00f3n en todo el sill\u00edn, mejorando la comodidad en los paseos m\u00e1s largos. Aliante R1 Adaptive ahorra peso gracias a un ra\u00edl de carbono de 7 x 9 mm de nuevo dise\u00f1o.<\/p>\n<p>&nbsp;<\/p>\n<p><strong><em>FIZIK TEMPO ALIANTE ADAPTIVE R1 145 mm \/ 155mm<\/em><\/strong><\/p>\n<p>Longitud: 277 mm<br \/>\nAncho: 145 mm \/ 155mm<br \/>\nAltura a 75 mm de ancho: 45 mm<br \/>\nLongitud desde la punta hasta 75 mm de ancho: 141 mm<br \/>\nPeso: 196 g \/ 201 g<br \/>\nRail: 7&#215;9 mm<\/p>\n<p>&nbsp;<\/p>","protected":false},"excerpt":{"rendered":"<p>FIZIK TEMPO ALIANTE R1 ADAPTIVE &#8211; Nuestro sill\u00edn de ciclismo de ruta de larga distancia, dise\u00f1ado con un perfil ondulado, riel de carbono acoplado a una carcasa que se adapta a la conducci\u00f3n y acolchado Adaptive impreso en 3D para priorizar la comodidad y el soporte del ciclista. ACOLCHADO IMPRESO EN 3D : El acolchado [&hellip;]<\/p>\n","protected":false},"featured_media":19237,"comment_status":"closed","ping_status":"closed","template":"","meta":[],"product_brand":[],"product_cat":[16,19,225,227],"product_tag":[],"class_list":{"0":"post-19236","1":"product","2":"type-product","3":"status-publish","4":"has-post-thumbnail","6":"product_cat-carretera-gravel-bicicletas","7":"product_cat-componentes-de-bicicletas","8":"product_cat-sillines-carretera-gravel","9":"product_cat-sillines-carretera","10":"product_shipping_class-no-bicicletas","12":"first","13":"instock","14":"sale","15":"shipping-taxable","16":"purchasable","17":"product-type-variable"},"yoast_head":"<!-- This site is optimized with the Yoast SEO plugin v27.6 - https:\/\/yoast.com\/product\/yoast-seo-wordpress\/ -->\n<title>SILLIN FIZIK TEMPO ALIANTE R1 ADAPTIVE | VELOAXE.COM<\/title>\n<meta name=\"description\" content=\"SILLIN FIZIK TEMPO ALIANTE R1 ADAPTIVE 145mm o 155mm - Todos los sillines FIZIK est\u00e1n disponibles en nuestro sitio en una amplia variedad de colores.\" \/>\n<meta name=\"robots\" content=\"index, follow, max-snippet:-1, max-image-preview:large, max-video-preview:-1\" \/>\n<link rel=\"canonical\" href=\"https:\/\/veloaxe.com\/fr\/produit\/sillin-fizik-tempo-aliante-r1-adaptive\/\" \/>\n<meta property=\"og:locale\" content=\"fr_FR\" \/>\n<meta property=\"og:type\" content=\"article\" \/>\n<meta property=\"og:title\" content=\"SILLIN FIZIK TEMPO ALIANTE R1 ADAPTIVE | VELOAXE.COM\" \/>\n<meta property=\"og:description\" content=\"SILLIN FIZIK TEMPO ALIANTE R1 ADAPTIVE 145mm o 155mm - Todos los sillines FIZIK est\u00e1n disponibles en nuestro sitio en una amplia variedad de colores.\" \/>\n<meta property=\"og:url\" content=\"https:\/\/veloaxe.com\/fr\/produit\/sillin-fizik-tempo-aliante-r1-adaptive\/\" \/>\n<meta property=\"og:site_name\" content=\"Tienda de bicicletas | VELOAXE\" \/>\n<meta property=\"article:publisher\" content=\"https:\/\/www.facebook.com\/veloaxe\" \/>\n<meta property=\"article:modified_time\" content=\"2025-04-22T14:06:06+00:00\" \/>\n<meta property=\"og:image\" content=\"https:\/\/veloaxe.com\/wp-content\/uploads\/2025\/01\/sillin-fizik-tempo-aliante-adaptive-r1.jpg\" \/>\n\t<meta property=\"og:image:width\" content=\"1000\" \/>\n\t<meta property=\"og:image:height\" content=\"1000\" \/>\n\t<meta property=\"og:image:type\" content=\"image\/jpeg\" \/>\n<meta name=\"twitter:card\" content=\"summary_large_image\" \/>\n<meta name=\"twitter:label1\" content=\"Dur\u00e9e de lecture estim\u00e9e\" \/>\n\t<meta name=\"twitter:data1\" content=\"3 minutes\" \/>\n<script type=\"application\/ld+json\" class=\"yoast-schema-graph\">{\"@context\":\"https:\\\/\\\/schema.org\",\"@graph\":[{\"@type\":\"WebPage\",\"@id\":\"https:\\\/\\\/veloaxe.com\\\/producto\\\/sillin-fizik-tempo-aliante-r1-adaptive\\\/\",\"url\":\"https:\\\/\\\/veloaxe.com\\\/producto\\\/sillin-fizik-tempo-aliante-r1-adaptive\\\/\",\"name\":\"SILLIN FIZIK TEMPO ALIANTE R1 ADAPTIVE | VELOAXE.COM\",\"isPartOf\":{\"@id\":\"https:\\\/\\\/veloaxe.com\\\/#website\"},\"primaryImageOfPage\":{\"@id\":\"https:\\\/\\\/veloaxe.com\\\/producto\\\/sillin-fizik-tempo-aliante-r1-adaptive\\\/#primaryimage\"},\"image\":{\"@id\":\"https:\\\/\\\/veloaxe.com\\\/producto\\\/sillin-fizik-tempo-aliante-r1-adaptive\\\/#primaryimage\"},\"thumbnailUrl\":\"https:\\\/\\\/veloaxe.com\\\/wp-content\\\/uploads\\\/2025\\\/01\\\/sillin-fizik-tempo-aliante-adaptive-r1.jpg\",\"datePublished\":\"2025-01-23T10:08:17+00:00\",\"dateModified\":\"2025-04-22T14:06:06+00:00\",\"description\":\"SILLIN FIZIK TEMPO ALIANTE R1 ADAPTIVE 145mm o 155mm - Todos los sillines FIZIK est\u00e1n disponibles en nuestro sitio en una amplia variedad de colores.\",\"breadcrumb\":{\"@id\":\"https:\\\/\\\/veloaxe.com\\\/producto\\\/sillin-fizik-tempo-aliante-r1-adaptive\\\/#breadcrumb\"},\"inLanguage\":\"fr-FR\",\"potentialAction\":[{\"@type\":\"ReadAction\",\"target\":[\"https:\\\/\\\/veloaxe.com\\\/producto\\\/sillin-fizik-tempo-aliante-r1-adaptive\\\/\"]}]},{\"@type\":\"ImageObject\",\"inLanguage\":\"fr-FR\",\"@id\":\"https:\\\/\\\/veloaxe.com\\\/producto\\\/sillin-fizik-tempo-aliante-r1-adaptive\\\/#primaryimage\",\"url\":\"https:\\\/\\\/veloaxe.com\\\/wp-content\\\/uploads\\\/2025\\\/01\\\/sillin-fizik-tempo-aliante-adaptive-r1.jpg\",\"contentUrl\":\"https:\\\/\\\/veloaxe.com\\\/wp-content\\\/uploads\\\/2025\\\/01\\\/sillin-fizik-tempo-aliante-adaptive-r1.jpg\",\"width\":1000,\"height\":1000,\"caption\":\"sillin-fizik-tempo-aliante-adaptive-r1\"},{\"@type\":\"BreadcrumbList\",\"@id\":\"https:\\\/\\\/veloaxe.com\\\/producto\\\/sillin-fizik-tempo-aliante-r1-adaptive\\\/#breadcrumb\",\"itemListElement\":[{\"@type\":\"ListItem\",\"position\":1,\"name\":\"Portada\",\"item\":\"https:\\\/\\\/veloaxe.com\\\/\"},{\"@type\":\"ListItem\",\"position\":2,\"name\":\"Shop\",\"item\":\"https:\\\/\\\/paleturquoise-herring-271034.hostingersite.com\\\/shop\\\/\"},{\"@type\":\"ListItem\",\"position\":3,\"name\":\"SILLIN FIZIK TEMPO ALIANTE R1 ADAPTIVE\"}]},{\"@type\":\"WebSite\",\"@id\":\"https:\\\/\\\/veloaxe.com\\\/#website\",\"url\":\"https:\\\/\\\/veloaxe.com\\\/\",\"name\":\"Tienda de bicicletas | VELOAXE\",\"description\":\"Descubre una amplia selecci\u00f3n de bicicletas de alta calidad, desde modelos urbanos y de monta\u00f1a hasta bicicletas de carretera de \u00faltima generaci\u00f3n. Con un servicio experto y accesorios especializados, estamos comprometidos a brindarte la mejor experiencia ciclista.\",\"publisher\":{\"@id\":\"https:\\\/\\\/veloaxe.com\\\/#organization\"},\"potentialAction\":[{\"@type\":\"SearchAction\",\"target\":{\"@type\":\"EntryPoint\",\"urlTemplate\":\"https:\\\/\\\/veloaxe.com\\\/?s={search_term_string}\"},\"query-input\":{\"@type\":\"PropertyValueSpecification\",\"valueRequired\":true,\"valueName\":\"search_term_string\"}}],\"inLanguage\":\"fr-FR\"},{\"@type\":\"Organization\",\"@id\":\"https:\\\/\\\/veloaxe.com\\\/#organization\",\"name\":\"Tienda de bicicletas | VELOAXE\",\"url\":\"https:\\\/\\\/veloaxe.com\\\/\",\"logo\":{\"@type\":\"ImageObject\",\"inLanguage\":\"fr-FR\",\"@id\":\"https:\\\/\\\/veloaxe.com\\\/#\\\/schema\\\/logo\\\/image\\\/\",\"url\":\"https:\\\/\\\/veloaxe.com\\\/wp-content\\\/uploads\\\/2026\\\/01\\\/cropped-logo-1.jpg\",\"contentUrl\":\"https:\\\/\\\/veloaxe.com\\\/wp-content\\\/uploads\\\/2026\\\/01\\\/cropped-logo-1.jpg\",\"width\":1273,\"height\":363,\"caption\":\"Tienda de bicicletas | VELOAXE\"},\"image\":{\"@id\":\"https:\\\/\\\/veloaxe.com\\\/#\\\/schema\\\/logo\\\/image\\\/\"},\"sameAs\":[\"https:\\\/\\\/www.facebook.com\\\/veloaxe\"]}]}<\/script>\n<!-- \/ Yoast SEO plugin. -->","yoast_head_json":{"title":"SILLIN FIZIK TEMPO ALIANTE R1 ADAPTIVE | VELOAXE.COM","description":"SILLIN FIZIK TEMPO ALIANTE R1 ADAPTIVE 145mm o 155mm - Todos los sillines FIZIK est\u00e1n disponibles en nuestro sitio en una amplia variedad de colores.","robots":{"index":"index","follow":"follow","max-snippet":"max-snippet:-1","max-image-preview":"max-image-preview:large","max-video-preview":"max-video-preview:-1"},"canonical":"https:\/\/veloaxe.com\/fr\/produit\/sillin-fizik-tempo-aliante-r1-adaptive\/","og_locale":"fr_FR","og_type":"article","og_title":"SILLIN FIZIK TEMPO ALIANTE R1 ADAPTIVE | VELOAXE.COM","og_description":"SILLIN FIZIK TEMPO ALIANTE R1 ADAPTIVE 145mm o 155mm - Todos los sillines FIZIK est\u00e1n disponibles en nuestro sitio en una amplia variedad de colores.","og_url":"https:\/\/veloaxe.com\/fr\/produit\/sillin-fizik-tempo-aliante-r1-adaptive\/","og_site_name":"Tienda de bicicletas | VELOAXE","article_publisher":"https:\/\/www.facebook.com\/veloaxe","article_modified_time":"2025-04-22T14:06:06+00:00","og_image":[{"width":1000,"height":1000,"url":"https:\/\/veloaxe.com\/wp-content\/uploads\/2025\/01\/sillin-fizik-tempo-aliante-adaptive-r1.jpg","type":"image\/jpeg"}],"twitter_card":"summary_large_image","twitter_misc":{"Dur\u00e9e de lecture estim\u00e9e":"3 minutes"},"schema":{"@context":"https:\/\/schema.org","@graph":[{"@type":"WebPage","@id":"https:\/\/veloaxe.com\/producto\/sillin-fizik-tempo-aliante-r1-adaptive\/","url":"https:\/\/veloaxe.com\/producto\/sillin-fizik-tempo-aliante-r1-adaptive\/","name":"SILLIN FIZIK TEMPO ALIANTE R1 ADAPTIVE | VELOAXE.COM","isPartOf":{"@id":"https:\/\/veloaxe.com\/#website"},"primaryImageOfPage":{"@id":"https:\/\/veloaxe.com\/producto\/sillin-fizik-tempo-aliante-r1-adaptive\/#primaryimage"},"image":{"@id":"https:\/\/veloaxe.com\/producto\/sillin-fizik-tempo-aliante-r1-adaptive\/#primaryimage"},"thumbnailUrl":"https:\/\/veloaxe.com\/wp-content\/uploads\/2025\/01\/sillin-fizik-tempo-aliante-adaptive-r1.jpg","datePublished":"2025-01-23T10:08:17+00:00","dateModified":"2025-04-22T14:06:06+00:00","description":"SILLIN FIZIK TEMPO ALIANTE R1 ADAPTIVE 145mm o 155mm - Todos los sillines FIZIK est\u00e1n disponibles en nuestro sitio en una amplia variedad de colores.","breadcrumb":{"@id":"https:\/\/veloaxe.com\/producto\/sillin-fizik-tempo-aliante-r1-adaptive\/#breadcrumb"},"inLanguage":"fr-FR","potentialAction":[{"@type":"ReadAction","target":["https:\/\/veloaxe.com\/producto\/sillin-fizik-tempo-aliante-r1-adaptive\/"]}]},{"@type":"ImageObject","inLanguage":"fr-FR","@id":"https:\/\/veloaxe.com\/producto\/sillin-fizik-tempo-aliante-r1-adaptive\/#primaryimage","url":"https:\/\/veloaxe.com\/wp-content\/uploads\/2025\/01\/sillin-fizik-tempo-aliante-adaptive-r1.jpg","contentUrl":"https:\/\/veloaxe.com\/wp-content\/uploads\/2025\/01\/sillin-fizik-tempo-aliante-adaptive-r1.jpg","width":1000,"height":1000,"caption":"sillin-fizik-tempo-aliante-adaptive-r1"},{"@type":"BreadcrumbList","@id":"https:\/\/veloaxe.com\/producto\/sillin-fizik-tempo-aliante-r1-adaptive\/#breadcrumb","itemListElement":[{"@type":"ListItem","position":1,"name":"Portada","item":"https:\/\/veloaxe.com\/"},{"@type":"ListItem","position":2,"name":"Shop","item":"https:\/\/paleturquoise-herring-271034.hostingersite.com\/shop\/"},{"@type":"ListItem","position":3,"name":"SILLIN FIZIK TEMPO ALIANTE R1 ADAPTIVE"}]},{"@type":"WebSite","@id":"https:\/\/veloaxe.com\/#website","url":"https:\/\/veloaxe.com\/","name":"Boutique de v\u00e9lo en ligne | VELOAXE","description":"D\u00e9couvrez une large s\u00e9lection de v\u00e9los de haute qualit\u00e9, des mod\u00e8les urbains et de montagne aux v\u00e9los de route de pointe. Avec un service d'experts et des accessoires sp\u00e9cialis\u00e9s, nous nous engageons \u00e0 vous offrir la meilleure exp\u00e9rience de cyclisme.","publisher":{"@id":"https:\/\/veloaxe.com\/#organization"},"potentialAction":[{"@type":"SearchAction","target":{"@type":"EntryPoint","urlTemplate":"https:\/\/veloaxe.com\/?s={search_term_string}"},"query-input":{"@type":"PropertyValueSpecification","valueRequired":true,"valueName":"search_term_string"}}],"inLanguage":"fr-FR"},{"@type":"Organization","@id":"https:\/\/veloaxe.com\/#organization","name":"Boutique de v\u00e9lo en ligne | VELOAXE","url":"https:\/\/veloaxe.com\/","logo":{"@type":"ImageObject","inLanguage":"fr-FR","@id":"https:\/\/veloaxe.com\/#\/schema\/logo\/image\/","url":"https:\/\/veloaxe.com\/wp-content\/uploads\/2026\/01\/cropped-logo-1.jpg","contentUrl":"https:\/\/veloaxe.com\/wp-content\/uploads\/2026\/01\/cropped-logo-1.jpg","width":1273,"height":363,"caption":"Tienda de bicicletas | VELOAXE"},"image":{"@id":"https:\/\/veloaxe.com\/#\/schema\/logo\/image\/"},"sameAs":["https:\/\/www.facebook.com\/veloaxe"]}]}},"_links":{"self":[{"href":"https:\/\/veloaxe.com\/fr\/wp-json\/wp\/v2\/product\/19236","targetHints":{"allow":["GET"]}}],"collection":[{"href":"https:\/\/veloaxe.com\/fr\/wp-json\/wp\/v2\/product"}],"about":[{"href":"https:\/\/veloaxe.com\/fr\/wp-json\/wp\/v2\/types\/product"}],"replies":[{"embeddable":true,"href":"https:\/\/veloaxe.com\/fr\/wp-json\/wp\/v2\/comments?post=19236"}],"wp:featuredmedia":[{"embeddable":true,"href":"https:\/\/veloaxe.com\/fr\/wp-json\/wp\/v2\/media\/19237"}],"wp:attachment":[{"href":"https:\/\/veloaxe.com\/fr\/wp-json\/wp\/v2\/media?parent=19236"}],"wp:term":[{"taxonomy":"product_brand","embeddable":true,"href":"https:\/\/veloaxe.com\/fr\/wp-json\/wp\/v2\/product_brand?post=19236"},{"taxonomy":"product_cat","embeddable":true,"href":"https:\/\/veloaxe.com\/fr\/wp-json\/wp\/v2\/product_cat?post=19236"},{"taxonomy":"product_tag","embeddable":true,"href":"https:\/\/veloaxe.com\/fr\/wp-json\/wp\/v2\/product_tag?post=19236"}],"curies":[{"name":"wp","href":"https:\/\/api.w.org\/{rel}","templated":true}]}}