{"id":19359,"date":"2025-01-23T17:36:51","date_gmt":"2025-01-23T17:36:51","guid":{"rendered":"https:\/\/veloaxe.com\/?post_type=product&#038;p=19359"},"modified":"2025-04-22T06:31:41","modified_gmt":"2025-04-22T06:31:41","slug":"sillin-fizik-vento-argo-x1","status":"publish","type":"product","link":"https:\/\/veloaxe.com\/fr\/producto\/sillin-fizik-vento-argo-x1\/","title":{"rendered":"SILLIN FIZIK VENTO ARGO X1"},"content":{"rendered":"<p><em><strong>FIZIK VENTO ARGO X1<\/strong><\/em> &#8211; Un sill\u00edn <strong>GRAVEL<\/strong> y <strong>VTT<\/strong> de punta corta dise\u00f1ado con contornos redondeados y una combinaci\u00f3n de una carcasa de nailon reforzada con fibra y un riel de carbono para un rendimiento liviano fuera de carretera.<\/p>\n<p><em><strong>ARGO PARA COMPETENCIAS TODO TERRENO :<\/strong><\/em><\/p>\n<p>Basada en la plataforma Vento Argo, esta nueva versi\u00f3n X est\u00e1 dise\u00f1ada con una variedad de caracter\u00edsticas para carreras todo terreno. Con un dise\u00f1o de punta corta y contornos redondeados, el sill\u00edn mejora la estabilidad y el soporte en senderos t\u00e9cnicos de XC y permite una posici\u00f3n de conducci\u00f3n m\u00e1s agresiva en carreras de grava largas.<\/p>\n<p><em><strong>EL SOPORTE ADECUADO PARA IMPULSAR AL M\u00c1XIMO :<\/strong><\/em><\/p>\n<p>Argo X es un sill\u00edn de perfil bajo con una transici\u00f3n de punta a ala que ayuda a ofrecer un pedaleo eficiente en todas las posiciones de conducci\u00f3n. Una punta m\u00e1s ancha proporciona m\u00e1s soporte para ayudar a los ciclistas a mantener el agarre durante subidas pronunciadas y act\u00faa como una base \u00f3ptima desde la que generar potencia sin sacrificar la comodidad al pedalear en las pendientes. El sill\u00edn se convierte en un dispositivo de control cuando bajas la tija del sill\u00edn en un sendero de una sola pista; sus contornos redondeados permiten un movimiento suave y r\u00e1pido de las piernas alrededor del sill\u00edn para ayudarte a mantener el rumbo.<\/p>\n<p><strong><em>ALIVIO DE PRESI\u00d3N INGENIERADO :<\/em><\/strong><\/p>\n<p>Argo X presenta un corte ergon\u00f3mico mejorado, dise\u00f1ado para aliviar la presi\u00f3n en \u00e1reas sensibles. Una capa de goma en la parte inferior del corte funciona como un guardabarros, bloqueando la suciedad y las salpicaduras no deseadas de los caminos sin pavimentar.<\/p>\n<p><em><strong>EN CASA FUERA DE CARRETERA :<\/strong><\/em><\/p>\n<p>Aunque las disciplinas espec\u00edficas pueden diferir, los corredores de cross-country, ciclocross y gravel enfrentan muchos desaf\u00edos similares, incluidos terrenos dif\u00edciles, pendientes pronunciadas y la necesidad frecuente de adaptarse r\u00e1pidamente a condiciones cambiantes. Argo X est\u00e1 dise\u00f1ado para brindar la sensaci\u00f3n adecuada de estar listo para la carrera en estas tres categor\u00edas competitivas, brindando mayor comodidad y alivio de presi\u00f3n sobre superficies irregulares al mismo tiempo que respalda la potencia explosiva necesaria para mantenerse por delante del resto.<\/p>\n<p><em><strong>FIZIK VENTO ARGO X1 &#8211; 140mm \/ 150mm :<\/strong><\/em><\/p>\n<ul>\n<li>Longitud: 265 mm<\/li>\n<li>Ancho: 140 mm \/ 150mm<\/li>\n<li>Altura a 75 mm de ancho: 45 mm<\/li>\n<li>Longitud desde la punta hasta 75 mm de ancho: 120 mm<\/li>\n<li>Peso: 192 g \/ 199 g<\/li>\n<li>Rail: 7&#215;9 mm<\/li>\n<\/ul>","protected":false},"excerpt":{"rendered":"<p>FIZIK VENTO ARGO X1 &#8211; Un sill\u00edn GRAVEL y MTB de punta corta dise\u00f1ado con contornos redondeados y una combinaci\u00f3n de una carcasa de nailon reforzada con fibra y un riel de carbono para un rendimiento liviano fuera de carretera. ARGO PARA COMPETENCIAS TODO TERRENO : Basada en la plataforma Vento Argo, esta nueva versi\u00f3n [&hellip;]<\/p>\n","protected":false},"featured_media":19362,"comment_status":"closed","ping_status":"closed","template":"","meta":[],"product_brand":[],"product_cat":[16,19,225,227,228],"product_tag":[],"class_list":{"0":"post-19359","1":"product","2":"type-product","3":"status-publish","4":"has-post-thumbnail","6":"product_cat-carretera-gravel-bicicletas","7":"product_cat-componentes-de-bicicletas","8":"product_cat-sillines-carretera-gravel","9":"product_cat-sillines-carretera","10":"product_cat-sillines-gravel","11":"product_shipping_class-no-bicicletas","13":"first","14":"instock","15":"sale","16":"shipping-taxable","17":"purchasable","18":"product-type-variable"},"yoast_head":"<!-- This site is optimized with the Yoast SEO plugin v27.6 - https:\/\/yoast.com\/product\/yoast-seo-wordpress\/ -->\n<title>SILLIN FIZIK VENTO ARGO X1 - GRAVEL \/ MTB | VELOAXE.COM<\/title>\n<meta name=\"description\" content=\"SILLIN FIZIK VENTO ARGO 1X 140mm o 150mm - Todos los sillines FIZIK est\u00e1n disponibles en nuestro sitio en una amplia variedad de colores.\" \/>\n<meta name=\"robots\" content=\"index, follow, max-snippet:-1, max-image-preview:large, max-video-preview:-1\" \/>\n<link rel=\"canonical\" href=\"https:\/\/veloaxe.com\/fr\/produit\/sillin-fizik-vento-argo-x1\/\" \/>\n<meta property=\"og:locale\" content=\"fr_FR\" \/>\n<meta property=\"og:type\" content=\"article\" \/>\n<meta property=\"og:title\" content=\"SILLIN FIZIK VENTO ARGO X1 - GRAVEL \/ MTB | VELOAXE.COM\" \/>\n<meta property=\"og:description\" content=\"SILLIN FIZIK VENTO ARGO 1X 140mm o 150mm - Todos los sillines FIZIK est\u00e1n disponibles en nuestro sitio en una amplia variedad de colores.\" \/>\n<meta property=\"og:url\" content=\"https:\/\/veloaxe.com\/fr\/produit\/sillin-fizik-vento-argo-x1\/\" \/>\n<meta property=\"og:site_name\" content=\"Tienda de bicicletas | VELOAXE\" \/>\n<meta property=\"article:publisher\" content=\"https:\/\/www.facebook.com\/veloaxe\" \/>\n<meta property=\"article:modified_time\" content=\"2025-04-22T06:31:41+00:00\" \/>\n<meta property=\"og:image\" content=\"https:\/\/veloaxe.com\/wp-content\/uploads\/2025\/01\/sillin-fizik-vento-argo-x1.jpg\" \/>\n\t<meta property=\"og:image:width\" content=\"1000\" \/>\n\t<meta property=\"og:image:height\" content=\"1000\" \/>\n\t<meta property=\"og:image:type\" content=\"image\/jpeg\" \/>\n<meta name=\"twitter:card\" content=\"summary_large_image\" \/>\n<meta name=\"twitter:label1\" content=\"Dur\u00e9e de lecture estim\u00e9e\" \/>\n\t<meta name=\"twitter:data1\" content=\"2 minutes\" \/>\n<script type=\"application\/ld+json\" class=\"yoast-schema-graph\">{\"@context\":\"https:\\\/\\\/schema.org\",\"@graph\":[{\"@type\":\"WebPage\",\"@id\":\"https:\\\/\\\/veloaxe.com\\\/producto\\\/sillin-fizik-vento-argo-x1\\\/\",\"url\":\"https:\\\/\\\/veloaxe.com\\\/producto\\\/sillin-fizik-vento-argo-x1\\\/\",\"name\":\"SILLIN FIZIK VENTO ARGO X1 - GRAVEL \\\/ MTB | VELOAXE.COM\",\"isPartOf\":{\"@id\":\"https:\\\/\\\/veloaxe.com\\\/#website\"},\"primaryImageOfPage\":{\"@id\":\"https:\\\/\\\/veloaxe.com\\\/producto\\\/sillin-fizik-vento-argo-x1\\\/#primaryimage\"},\"image\":{\"@id\":\"https:\\\/\\\/veloaxe.com\\\/producto\\\/sillin-fizik-vento-argo-x1\\\/#primaryimage\"},\"thumbnailUrl\":\"https:\\\/\\\/veloaxe.com\\\/wp-content\\\/uploads\\\/2025\\\/01\\\/sillin-fizik-vento-argo-x1.jpg\",\"datePublished\":\"2025-01-23T17:36:51+00:00\",\"dateModified\":\"2025-04-22T06:31:41+00:00\",\"description\":\"SILLIN FIZIK VENTO ARGO 1X 140mm o 150mm - Todos los sillines FIZIK est\u00e1n disponibles en nuestro sitio en una amplia variedad de colores.\",\"breadcrumb\":{\"@id\":\"https:\\\/\\\/veloaxe.com\\\/producto\\\/sillin-fizik-vento-argo-x1\\\/#breadcrumb\"},\"inLanguage\":\"fr-FR\",\"potentialAction\":[{\"@type\":\"ReadAction\",\"target\":[\"https:\\\/\\\/veloaxe.com\\\/producto\\\/sillin-fizik-vento-argo-x1\\\/\"]}]},{\"@type\":\"ImageObject\",\"inLanguage\":\"fr-FR\",\"@id\":\"https:\\\/\\\/veloaxe.com\\\/producto\\\/sillin-fizik-vento-argo-x1\\\/#primaryimage\",\"url\":\"https:\\\/\\\/veloaxe.com\\\/wp-content\\\/uploads\\\/2025\\\/01\\\/sillin-fizik-vento-argo-x1.jpg\",\"contentUrl\":\"https:\\\/\\\/veloaxe.com\\\/wp-content\\\/uploads\\\/2025\\\/01\\\/sillin-fizik-vento-argo-x1.jpg\",\"width\":1000,\"height\":1000,\"caption\":\"sillin-fizik-vento-argo-x1\"},{\"@type\":\"BreadcrumbList\",\"@id\":\"https:\\\/\\\/veloaxe.com\\\/producto\\\/sillin-fizik-vento-argo-x1\\\/#breadcrumb\",\"itemListElement\":[{\"@type\":\"ListItem\",\"position\":1,\"name\":\"Portada\",\"item\":\"https:\\\/\\\/veloaxe.com\\\/\"},{\"@type\":\"ListItem\",\"position\":2,\"name\":\"Shop\",\"item\":\"https:\\\/\\\/paleturquoise-herring-271034.hostingersite.com\\\/shop\\\/\"},{\"@type\":\"ListItem\",\"position\":3,\"name\":\"SILLIN FIZIK VENTO ARGO X1\"}]},{\"@type\":\"WebSite\",\"@id\":\"https:\\\/\\\/veloaxe.com\\\/#website\",\"url\":\"https:\\\/\\\/veloaxe.com\\\/\",\"name\":\"Tienda de bicicletas | VELOAXE\",\"description\":\"Descubre una amplia selecci\u00f3n de bicicletas de alta calidad, desde modelos urbanos y de monta\u00f1a hasta bicicletas de carretera de \u00faltima generaci\u00f3n. Con un servicio experto y accesorios especializados, estamos comprometidos a brindarte la mejor experiencia ciclista.\",\"publisher\":{\"@id\":\"https:\\\/\\\/veloaxe.com\\\/#organization\"},\"potentialAction\":[{\"@type\":\"SearchAction\",\"target\":{\"@type\":\"EntryPoint\",\"urlTemplate\":\"https:\\\/\\\/veloaxe.com\\\/?s={search_term_string}\"},\"query-input\":{\"@type\":\"PropertyValueSpecification\",\"valueRequired\":true,\"valueName\":\"search_term_string\"}}],\"inLanguage\":\"fr-FR\"},{\"@type\":\"Organization\",\"@id\":\"https:\\\/\\\/veloaxe.com\\\/#organization\",\"name\":\"Tienda de bicicletas | VELOAXE\",\"url\":\"https:\\\/\\\/veloaxe.com\\\/\",\"logo\":{\"@type\":\"ImageObject\",\"inLanguage\":\"fr-FR\",\"@id\":\"https:\\\/\\\/veloaxe.com\\\/#\\\/schema\\\/logo\\\/image\\\/\",\"url\":\"https:\\\/\\\/veloaxe.com\\\/wp-content\\\/uploads\\\/2026\\\/01\\\/cropped-logo-1.jpg\",\"contentUrl\":\"https:\\\/\\\/veloaxe.com\\\/wp-content\\\/uploads\\\/2026\\\/01\\\/cropped-logo-1.jpg\",\"width\":1273,\"height\":363,\"caption\":\"Tienda de bicicletas | VELOAXE\"},\"image\":{\"@id\":\"https:\\\/\\\/veloaxe.com\\\/#\\\/schema\\\/logo\\\/image\\\/\"},\"sameAs\":[\"https:\\\/\\\/www.facebook.com\\\/veloaxe\"]}]}<\/script>\n<!-- \/ Yoast SEO plugin. -->","yoast_head_json":{"title":"SILLIN FIZIK VENTO ARGO X1 - GRAVEL \/ MTB | VELOAXE.COM","description":"SILLIN FIZIK VENTO ARGO 1X 140mm o 150mm - Todos los sillines FIZIK est\u00e1n disponibles en nuestro sitio en una amplia variedad de colores.","robots":{"index":"index","follow":"follow","max-snippet":"max-snippet:-1","max-image-preview":"max-image-preview:large","max-video-preview":"max-video-preview:-1"},"canonical":"https:\/\/veloaxe.com\/fr\/produit\/sillin-fizik-vento-argo-x1\/","og_locale":"fr_FR","og_type":"article","og_title":"SILLIN FIZIK VENTO ARGO X1 - GRAVEL \/ MTB | VELOAXE.COM","og_description":"SILLIN FIZIK VENTO ARGO 1X 140mm o 150mm - Todos los sillines FIZIK est\u00e1n disponibles en nuestro sitio en una amplia variedad de colores.","og_url":"https:\/\/veloaxe.com\/fr\/produit\/sillin-fizik-vento-argo-x1\/","og_site_name":"Tienda de bicicletas | VELOAXE","article_publisher":"https:\/\/www.facebook.com\/veloaxe","article_modified_time":"2025-04-22T06:31:41+00:00","og_image":[{"width":1000,"height":1000,"url":"https:\/\/veloaxe.com\/wp-content\/uploads\/2025\/01\/sillin-fizik-vento-argo-x1.jpg","type":"image\/jpeg"}],"twitter_card":"summary_large_image","twitter_misc":{"Dur\u00e9e de lecture estim\u00e9e":"2 minutes"},"schema":{"@context":"https:\/\/schema.org","@graph":[{"@type":"WebPage","@id":"https:\/\/veloaxe.com\/producto\/sillin-fizik-vento-argo-x1\/","url":"https:\/\/veloaxe.com\/producto\/sillin-fizik-vento-argo-x1\/","name":"SILLIN FIZIK VENTO ARGO X1 - GRAVEL \/ MTB | VELOAXE.COM","isPartOf":{"@id":"https:\/\/veloaxe.com\/#website"},"primaryImageOfPage":{"@id":"https:\/\/veloaxe.com\/producto\/sillin-fizik-vento-argo-x1\/#primaryimage"},"image":{"@id":"https:\/\/veloaxe.com\/producto\/sillin-fizik-vento-argo-x1\/#primaryimage"},"thumbnailUrl":"https:\/\/veloaxe.com\/wp-content\/uploads\/2025\/01\/sillin-fizik-vento-argo-x1.jpg","datePublished":"2025-01-23T17:36:51+00:00","dateModified":"2025-04-22T06:31:41+00:00","description":"SILLIN FIZIK VENTO ARGO 1X 140mm o 150mm - Todos los sillines FIZIK est\u00e1n disponibles en nuestro sitio en una amplia variedad de colores.","breadcrumb":{"@id":"https:\/\/veloaxe.com\/producto\/sillin-fizik-vento-argo-x1\/#breadcrumb"},"inLanguage":"fr-FR","potentialAction":[{"@type":"ReadAction","target":["https:\/\/veloaxe.com\/producto\/sillin-fizik-vento-argo-x1\/"]}]},{"@type":"ImageObject","inLanguage":"fr-FR","@id":"https:\/\/veloaxe.com\/producto\/sillin-fizik-vento-argo-x1\/#primaryimage","url":"https:\/\/veloaxe.com\/wp-content\/uploads\/2025\/01\/sillin-fizik-vento-argo-x1.jpg","contentUrl":"https:\/\/veloaxe.com\/wp-content\/uploads\/2025\/01\/sillin-fizik-vento-argo-x1.jpg","width":1000,"height":1000,"caption":"sillin-fizik-vento-argo-x1"},{"@type":"BreadcrumbList","@id":"https:\/\/veloaxe.com\/producto\/sillin-fizik-vento-argo-x1\/#breadcrumb","itemListElement":[{"@type":"ListItem","position":1,"name":"Portada","item":"https:\/\/veloaxe.com\/"},{"@type":"ListItem","position":2,"name":"Shop","item":"https:\/\/paleturquoise-herring-271034.hostingersite.com\/shop\/"},{"@type":"ListItem","position":3,"name":"SILLIN FIZIK VENTO ARGO X1"}]},{"@type":"WebSite","@id":"https:\/\/veloaxe.com\/#website","url":"https:\/\/veloaxe.com\/","name":"Boutique de v\u00e9lo en ligne | VELOAXE","description":"D\u00e9couvrez une large s\u00e9lection de v\u00e9los de haute qualit\u00e9, des mod\u00e8les urbains et de montagne aux v\u00e9los de route de pointe. Avec un service d'experts et des accessoires sp\u00e9cialis\u00e9s, nous nous engageons \u00e0 vous offrir la meilleure exp\u00e9rience de cyclisme.","publisher":{"@id":"https:\/\/veloaxe.com\/#organization"},"potentialAction":[{"@type":"SearchAction","target":{"@type":"EntryPoint","urlTemplate":"https:\/\/veloaxe.com\/?s={search_term_string}"},"query-input":{"@type":"PropertyValueSpecification","valueRequired":true,"valueName":"search_term_string"}}],"inLanguage":"fr-FR"},{"@type":"Organization","@id":"https:\/\/veloaxe.com\/#organization","name":"Boutique de v\u00e9lo en ligne | VELOAXE","url":"https:\/\/veloaxe.com\/","logo":{"@type":"ImageObject","inLanguage":"fr-FR","@id":"https:\/\/veloaxe.com\/#\/schema\/logo\/image\/","url":"https:\/\/veloaxe.com\/wp-content\/uploads\/2026\/01\/cropped-logo-1.jpg","contentUrl":"https:\/\/veloaxe.com\/wp-content\/uploads\/2026\/01\/cropped-logo-1.jpg","width":1273,"height":363,"caption":"Tienda de bicicletas | VELOAXE"},"image":{"@id":"https:\/\/veloaxe.com\/#\/schema\/logo\/image\/"},"sameAs":["https:\/\/www.facebook.com\/veloaxe"]}]}},"_links":{"self":[{"href":"https:\/\/veloaxe.com\/fr\/wp-json\/wp\/v2\/product\/19359","targetHints":{"allow":["GET"]}}],"collection":[{"href":"https:\/\/veloaxe.com\/fr\/wp-json\/wp\/v2\/product"}],"about":[{"href":"https:\/\/veloaxe.com\/fr\/wp-json\/wp\/v2\/types\/product"}],"replies":[{"embeddable":true,"href":"https:\/\/veloaxe.com\/fr\/wp-json\/wp\/v2\/comments?post=19359"}],"wp:featuredmedia":[{"embeddable":true,"href":"https:\/\/veloaxe.com\/fr\/wp-json\/wp\/v2\/media\/19362"}],"wp:attachment":[{"href":"https:\/\/veloaxe.com\/fr\/wp-json\/wp\/v2\/media?parent=19359"}],"wp:term":[{"taxonomy":"product_brand","embeddable":true,"href":"https:\/\/veloaxe.com\/fr\/wp-json\/wp\/v2\/product_brand?post=19359"},{"taxonomy":"product_cat","embeddable":true,"href":"https:\/\/veloaxe.com\/fr\/wp-json\/wp\/v2\/product_cat?post=19359"},{"taxonomy":"product_tag","embeddable":true,"href":"https:\/\/veloaxe.com\/fr\/wp-json\/wp\/v2\/product_tag?post=19359"}],"curies":[{"name":"wp","href":"https:\/\/api.w.org\/{rel}","templated":true}]}}