{"id":19377,"date":"2025-01-24T08:18:19","date_gmt":"2025-01-24T08:18:19","guid":{"rendered":"https:\/\/veloaxe.com\/?post_type=product&#038;p=19377"},"modified":"2025-04-22T06:25:59","modified_gmt":"2025-04-22T06:25:59","slug":"sillin-fizik-transiro-aeris-short-distance-r1","status":"publish","type":"product","link":"https:\/\/veloaxe.com\/fr\/producto\/sillin-fizik-transiro-aeris-short-distance-r1\/","title":{"rendered":"SILLIN FIZIK TRANSIRO AERIS SHORT DISTANCE R1"},"content":{"rendered":"<p><em><strong>FIZIK TRANSIRO AERIS SHORT DISTANCE R1<\/strong><\/em> &#8211; Un sill\u00edn de carreras de triatl\u00f3n de carbono liviano desarrollado para triatletas y contrarrelojistas que buscan entregar m\u00e1s potencia a sus pedales mientras est\u00e1n en la posici\u00f3n de conducci\u00f3n aerodin\u00e1mica m\u00e1s adelantada.<\/p>\n<p><em><strong>LA CIENCIA DE LA COMODIDAD Y LA VELOCIDAD :<\/strong><\/em><\/p>\n<p>La innovaci\u00f3n en el an\u00e1lisis del ajuste de la bicicleta junto con la investigaci\u00f3n sobre la aerodin\u00e1mica del ciclismo nos llevaron a repensar nuestros sillines de triatl\u00f3n y contrarreloj. En un campo en el que las ganancias marginales son fundamentales, poder proporcionar un sill\u00edn que permita la comodidad en las posiciones aerodin\u00e1micas m\u00e1s extremas representa un gran avance en el logro del rendimiento.<\/p>\n<p><strong><em>DE LA VICTORIA AL SPRINT :<\/em><\/strong><\/p>\n<p>La versi\u00f3n de corta distancia de Aeris ha sido dise\u00f1ada para brindar soporte y estabilidad a los atletas que compiten tanto en contrarreloj como en triatlones de corta distancia sin corrientes de aire. Un recorte de alivio de presi\u00f3n, que se transforma progresivamente en una punta acanalada, aumenta la comodidad. Al mismo tiempo, la punta de dimensiones adecuadas proporciona el nivel correcto de soporte y estabilidad para permitir que los ciclistas produzcan la m\u00e1xima potencia mientras est\u00e1n en posiciones aerodin\u00e1micas adelantadas.<\/p>\n<p><em><strong>SOPORTE M\u00c1S INTELIGENTE PARA EL CICLISTA :<\/strong><\/em><\/p>\n<p>El acolchado del sill\u00edn est\u00e1 fabricado con nuestra f\u00f3rmula de tipo 1: m\u00e1s grueso en la punta, donde los triatletas y los contrarrelojistas pasan la mayor parte del tiempo, y m\u00e1s fino en los huesos isqui\u00e1ticos para proporcionar una sensaci\u00f3n m\u00e1s firme cuando los ciclistas necesitan levantarse de la posici\u00f3n aerodin\u00e1mica.<\/p>\n<p><em><strong>NUMEROSAS CARACTER\u00cdSTICAS PARA MULTIDISCIPLINAR :<\/strong><\/em><\/p>\n<p>Aeris viene con un enlace opcional para integrar un portabid\u00f3n en la parte trasera del sill\u00edn. El enlace est\u00e1 dise\u00f1ado para sostener los bidones en un \u00e1ngulo que no moleste durante las fases cr\u00edticas de montaje y desmontaje en las zonas de transici\u00f3n. De acuerdo con las normas de la UCI, Aeris est\u00e1 equipado con una inserci\u00f3n de ra\u00edl revolucionaria que proporciona una sensaci\u00f3n m\u00e1s aerodin\u00e1mica al permitir una amplia gama de ajustes, necesaria para lograr la posici\u00f3n de conducci\u00f3n ideal hacia adelante para vencer al viento.<\/p>\n<p>El Aeris R1 ahorra peso gracias a un ra\u00edl de carbono de 7 x 9 mm de nuevo dise\u00f1o.<\/p>\n<p><strong><em>FIZIK TRANSIRO AERIS SHORT DISTANCE R1 135 mm :<\/em><\/strong><\/p>\n<ul>\n<li>Longitud: 243 mm<\/li>\n<li>Ancho: 135 mm<\/li>\n<li>Altura a 75 mm de ancho: 52 mm<\/li>\n<li>Longitud desde la punta hasta 75 mm de ancho: 115 mm<\/li>\n<li>Ancho de la punta: 45 mm<\/li>\n<li>Peso: 170 g<\/li>\n<li>Rail: 7&#215;9 mm<\/li>\n<li>Peso del Aeris Link: 14 g<\/li>\n<\/ul>","protected":false},"excerpt":{"rendered":"<p>FIZIK TRANSIRO AERIS SHORT DISTANCE R1 &#8211; Un sill\u00edn de carreras de triatl\u00f3n de carbono liviano desarrollado para triatletas y contrarrelojistas que buscan entregar m\u00e1s potencia a sus pedales mientras est\u00e1n en la posici\u00f3n de conducci\u00f3n aerodin\u00e1mica m\u00e1s adelantada. LA CIENCIA DE LA COMODIDAD Y LA VELOCIDAD : La innovaci\u00f3n en el an\u00e1lisis del ajuste [&hellip;]<\/p>\n","protected":false},"featured_media":19378,"comment_status":"closed","ping_status":"closed","template":"","meta":[],"product_brand":[],"product_cat":[16,19,225,229],"product_tag":[],"class_list":{"0":"post-19377","1":"product","2":"type-product","3":"status-publish","4":"has-post-thumbnail","6":"product_cat-carretera-gravel-bicicletas","7":"product_cat-componentes-de-bicicletas","8":"product_cat-sillines-carretera-gravel","9":"product_cat-sillines-triatlon","10":"product_shipping_class-no-bicicletas","12":"first","13":"instock","14":"sale","15":"shipping-taxable","16":"purchasable","17":"product-type-simple"},"yoast_head":"<!-- This site is optimized with the Yoast SEO plugin v27.6 - https:\/\/yoast.com\/product\/yoast-seo-wordpress\/ -->\n<title>SILLIN FIZIK TRANSIRO AERIS SHORT DISTANCE R1 | VELOAXE.COM<\/title>\n<meta name=\"description\" content=\"SILLIN FIZIK TRANSIRO AERIS SHORT DISTANCE R1- Todos los sillines FIZIK est\u00e1n disponibles en nuestro sitio en una amplia variedad de colores.\" \/>\n<meta name=\"robots\" content=\"index, follow, max-snippet:-1, max-image-preview:large, max-video-preview:-1\" \/>\n<link rel=\"canonical\" href=\"https:\/\/veloaxe.com\/fr\/produit\/sillin-fizik-transiro-aeris-short-distance-r1\/\" \/>\n<meta property=\"og:locale\" content=\"fr_FR\" \/>\n<meta property=\"og:type\" content=\"article\" \/>\n<meta property=\"og:title\" content=\"SILLIN FIZIK TRANSIRO AERIS SHORT DISTANCE R1 | VELOAXE.COM\" \/>\n<meta property=\"og:description\" content=\"SILLIN FIZIK TRANSIRO AERIS SHORT DISTANCE R1- Todos los sillines FIZIK est\u00e1n disponibles en nuestro sitio en una amplia variedad de colores.\" \/>\n<meta property=\"og:url\" content=\"https:\/\/veloaxe.com\/fr\/produit\/sillin-fizik-transiro-aeris-short-distance-r1\/\" \/>\n<meta property=\"og:site_name\" content=\"Tienda de bicicletas | VELOAXE\" \/>\n<meta property=\"article:publisher\" content=\"https:\/\/www.facebook.com\/veloaxe\" \/>\n<meta property=\"article:modified_time\" content=\"2025-04-22T06:25:59+00:00\" \/>\n<meta property=\"og:image\" content=\"https:\/\/veloaxe.com\/wp-content\/uploads\/2025\/01\/sillin-fizik-transiro-aeris-short-distance-r1.jpg\" \/>\n\t<meta property=\"og:image:width\" content=\"1000\" \/>\n\t<meta property=\"og:image:height\" content=\"1000\" \/>\n\t<meta property=\"og:image:type\" content=\"image\/jpeg\" \/>\n<meta name=\"twitter:card\" content=\"summary_large_image\" \/>\n<meta name=\"twitter:label1\" content=\"Dur\u00e9e de lecture estim\u00e9e\" \/>\n\t<meta name=\"twitter:data1\" content=\"3 minutes\" \/>\n<script type=\"application\/ld+json\" class=\"yoast-schema-graph\">{\"@context\":\"https:\\\/\\\/schema.org\",\"@graph\":[{\"@type\":\"WebPage\",\"@id\":\"https:\\\/\\\/veloaxe.com\\\/producto\\\/sillin-fizik-transiro-aeris-short-distance-r1\\\/\",\"url\":\"https:\\\/\\\/veloaxe.com\\\/producto\\\/sillin-fizik-transiro-aeris-short-distance-r1\\\/\",\"name\":\"SILLIN FIZIK TRANSIRO AERIS SHORT DISTANCE R1 | VELOAXE.COM\",\"isPartOf\":{\"@id\":\"https:\\\/\\\/veloaxe.com\\\/#website\"},\"primaryImageOfPage\":{\"@id\":\"https:\\\/\\\/veloaxe.com\\\/producto\\\/sillin-fizik-transiro-aeris-short-distance-r1\\\/#primaryimage\"},\"image\":{\"@id\":\"https:\\\/\\\/veloaxe.com\\\/producto\\\/sillin-fizik-transiro-aeris-short-distance-r1\\\/#primaryimage\"},\"thumbnailUrl\":\"https:\\\/\\\/veloaxe.com\\\/wp-content\\\/uploads\\\/2025\\\/01\\\/sillin-fizik-transiro-aeris-short-distance-r1.jpg\",\"datePublished\":\"2025-01-24T08:18:19+00:00\",\"dateModified\":\"2025-04-22T06:25:59+00:00\",\"description\":\"SILLIN FIZIK TRANSIRO AERIS SHORT DISTANCE R1- Todos los sillines FIZIK est\u00e1n disponibles en nuestro sitio en una amplia variedad de colores.\",\"breadcrumb\":{\"@id\":\"https:\\\/\\\/veloaxe.com\\\/producto\\\/sillin-fizik-transiro-aeris-short-distance-r1\\\/#breadcrumb\"},\"inLanguage\":\"fr-FR\",\"potentialAction\":[{\"@type\":\"ReadAction\",\"target\":[\"https:\\\/\\\/veloaxe.com\\\/producto\\\/sillin-fizik-transiro-aeris-short-distance-r1\\\/\"]}]},{\"@type\":\"ImageObject\",\"inLanguage\":\"fr-FR\",\"@id\":\"https:\\\/\\\/veloaxe.com\\\/producto\\\/sillin-fizik-transiro-aeris-short-distance-r1\\\/#primaryimage\",\"url\":\"https:\\\/\\\/veloaxe.com\\\/wp-content\\\/uploads\\\/2025\\\/01\\\/sillin-fizik-transiro-aeris-short-distance-r1.jpg\",\"contentUrl\":\"https:\\\/\\\/veloaxe.com\\\/wp-content\\\/uploads\\\/2025\\\/01\\\/sillin-fizik-transiro-aeris-short-distance-r1.jpg\",\"width\":1000,\"height\":1000,\"caption\":\"sillin-fizik-transiro-aeris-short-distance-r1\"},{\"@type\":\"BreadcrumbList\",\"@id\":\"https:\\\/\\\/veloaxe.com\\\/producto\\\/sillin-fizik-transiro-aeris-short-distance-r1\\\/#breadcrumb\",\"itemListElement\":[{\"@type\":\"ListItem\",\"position\":1,\"name\":\"Portada\",\"item\":\"https:\\\/\\\/veloaxe.com\\\/\"},{\"@type\":\"ListItem\",\"position\":2,\"name\":\"Shop\",\"item\":\"https:\\\/\\\/paleturquoise-herring-271034.hostingersite.com\\\/shop\\\/\"},{\"@type\":\"ListItem\",\"position\":3,\"name\":\"SILLIN FIZIK TRANSIRO AERIS SHORT DISTANCE R1\"}]},{\"@type\":\"WebSite\",\"@id\":\"https:\\\/\\\/veloaxe.com\\\/#website\",\"url\":\"https:\\\/\\\/veloaxe.com\\\/\",\"name\":\"Tienda de bicicletas | VELOAXE\",\"description\":\"Descubre una amplia selecci\u00f3n de bicicletas de alta calidad, desde modelos urbanos y de monta\u00f1a hasta bicicletas de carretera de \u00faltima generaci\u00f3n. Con un servicio experto y accesorios especializados, estamos comprometidos a brindarte la mejor experiencia ciclista.\",\"publisher\":{\"@id\":\"https:\\\/\\\/veloaxe.com\\\/#organization\"},\"potentialAction\":[{\"@type\":\"SearchAction\",\"target\":{\"@type\":\"EntryPoint\",\"urlTemplate\":\"https:\\\/\\\/veloaxe.com\\\/?s={search_term_string}\"},\"query-input\":{\"@type\":\"PropertyValueSpecification\",\"valueRequired\":true,\"valueName\":\"search_term_string\"}}],\"inLanguage\":\"fr-FR\"},{\"@type\":\"Organization\",\"@id\":\"https:\\\/\\\/veloaxe.com\\\/#organization\",\"name\":\"Tienda de bicicletas | VELOAXE\",\"url\":\"https:\\\/\\\/veloaxe.com\\\/\",\"logo\":{\"@type\":\"ImageObject\",\"inLanguage\":\"fr-FR\",\"@id\":\"https:\\\/\\\/veloaxe.com\\\/#\\\/schema\\\/logo\\\/image\\\/\",\"url\":\"https:\\\/\\\/veloaxe.com\\\/wp-content\\\/uploads\\\/2026\\\/01\\\/cropped-logo-1.jpg\",\"contentUrl\":\"https:\\\/\\\/veloaxe.com\\\/wp-content\\\/uploads\\\/2026\\\/01\\\/cropped-logo-1.jpg\",\"width\":1273,\"height\":363,\"caption\":\"Tienda de bicicletas | VELOAXE\"},\"image\":{\"@id\":\"https:\\\/\\\/veloaxe.com\\\/#\\\/schema\\\/logo\\\/image\\\/\"},\"sameAs\":[\"https:\\\/\\\/www.facebook.com\\\/veloaxe\"]}]}<\/script>\n<!-- \/ Yoast SEO plugin. -->","yoast_head_json":{"title":"SILLIN FIZIK TRANSIRO AERIS SHORT DISTANCE R1 | VELOAXE.COM","description":"SILLIN FIZIK TRANSIRO AERIS SHORT DISTANCE R1- Todos los sillines FIZIK est\u00e1n disponibles en nuestro sitio en una amplia variedad de colores.","robots":{"index":"index","follow":"follow","max-snippet":"max-snippet:-1","max-image-preview":"max-image-preview:large","max-video-preview":"max-video-preview:-1"},"canonical":"https:\/\/veloaxe.com\/fr\/produit\/sillin-fizik-transiro-aeris-short-distance-r1\/","og_locale":"fr_FR","og_type":"article","og_title":"SILLIN FIZIK TRANSIRO AERIS SHORT DISTANCE R1 | VELOAXE.COM","og_description":"SILLIN FIZIK TRANSIRO AERIS SHORT DISTANCE R1- Todos los sillines FIZIK est\u00e1n disponibles en nuestro sitio en una amplia variedad de colores.","og_url":"https:\/\/veloaxe.com\/fr\/produit\/sillin-fizik-transiro-aeris-short-distance-r1\/","og_site_name":"Tienda de bicicletas | VELOAXE","article_publisher":"https:\/\/www.facebook.com\/veloaxe","article_modified_time":"2025-04-22T06:25:59+00:00","og_image":[{"width":1000,"height":1000,"url":"https:\/\/veloaxe.com\/wp-content\/uploads\/2025\/01\/sillin-fizik-transiro-aeris-short-distance-r1.jpg","type":"image\/jpeg"}],"twitter_card":"summary_large_image","twitter_misc":{"Dur\u00e9e de lecture estim\u00e9e":"3 minutes"},"schema":{"@context":"https:\/\/schema.org","@graph":[{"@type":"WebPage","@id":"https:\/\/veloaxe.com\/producto\/sillin-fizik-transiro-aeris-short-distance-r1\/","url":"https:\/\/veloaxe.com\/producto\/sillin-fizik-transiro-aeris-short-distance-r1\/","name":"SILLIN FIZIK TRANSIRO AERIS SHORT DISTANCE R1 | VELOAXE.COM","isPartOf":{"@id":"https:\/\/veloaxe.com\/#website"},"primaryImageOfPage":{"@id":"https:\/\/veloaxe.com\/producto\/sillin-fizik-transiro-aeris-short-distance-r1\/#primaryimage"},"image":{"@id":"https:\/\/veloaxe.com\/producto\/sillin-fizik-transiro-aeris-short-distance-r1\/#primaryimage"},"thumbnailUrl":"https:\/\/veloaxe.com\/wp-content\/uploads\/2025\/01\/sillin-fizik-transiro-aeris-short-distance-r1.jpg","datePublished":"2025-01-24T08:18:19+00:00","dateModified":"2025-04-22T06:25:59+00:00","description":"SILLIN FIZIK TRANSIRO AERIS SHORT DISTANCE R1- Todos los sillines FIZIK est\u00e1n disponibles en nuestro sitio en una amplia variedad de colores.","breadcrumb":{"@id":"https:\/\/veloaxe.com\/producto\/sillin-fizik-transiro-aeris-short-distance-r1\/#breadcrumb"},"inLanguage":"fr-FR","potentialAction":[{"@type":"ReadAction","target":["https:\/\/veloaxe.com\/producto\/sillin-fizik-transiro-aeris-short-distance-r1\/"]}]},{"@type":"ImageObject","inLanguage":"fr-FR","@id":"https:\/\/veloaxe.com\/producto\/sillin-fizik-transiro-aeris-short-distance-r1\/#primaryimage","url":"https:\/\/veloaxe.com\/wp-content\/uploads\/2025\/01\/sillin-fizik-transiro-aeris-short-distance-r1.jpg","contentUrl":"https:\/\/veloaxe.com\/wp-content\/uploads\/2025\/01\/sillin-fizik-transiro-aeris-short-distance-r1.jpg","width":1000,"height":1000,"caption":"sillin-fizik-transiro-aeris-short-distance-r1"},{"@type":"BreadcrumbList","@id":"https:\/\/veloaxe.com\/producto\/sillin-fizik-transiro-aeris-short-distance-r1\/#breadcrumb","itemListElement":[{"@type":"ListItem","position":1,"name":"Portada","item":"https:\/\/veloaxe.com\/"},{"@type":"ListItem","position":2,"name":"Shop","item":"https:\/\/paleturquoise-herring-271034.hostingersite.com\/shop\/"},{"@type":"ListItem","position":3,"name":"SILLIN FIZIK TRANSIRO AERIS SHORT DISTANCE R1"}]},{"@type":"WebSite","@id":"https:\/\/veloaxe.com\/#website","url":"https:\/\/veloaxe.com\/","name":"Boutique de v\u00e9lo en ligne | VELOAXE","description":"D\u00e9couvrez une large s\u00e9lection de v\u00e9los de haute qualit\u00e9, des mod\u00e8les urbains et de montagne aux v\u00e9los de route de pointe. Avec un service d'experts et des accessoires sp\u00e9cialis\u00e9s, nous nous engageons \u00e0 vous offrir la meilleure exp\u00e9rience de cyclisme.","publisher":{"@id":"https:\/\/veloaxe.com\/#organization"},"potentialAction":[{"@type":"SearchAction","target":{"@type":"EntryPoint","urlTemplate":"https:\/\/veloaxe.com\/?s={search_term_string}"},"query-input":{"@type":"PropertyValueSpecification","valueRequired":true,"valueName":"search_term_string"}}],"inLanguage":"fr-FR"},{"@type":"Organization","@id":"https:\/\/veloaxe.com\/#organization","name":"Boutique de v\u00e9lo en ligne | VELOAXE","url":"https:\/\/veloaxe.com\/","logo":{"@type":"ImageObject","inLanguage":"fr-FR","@id":"https:\/\/veloaxe.com\/#\/schema\/logo\/image\/","url":"https:\/\/veloaxe.com\/wp-content\/uploads\/2026\/01\/cropped-logo-1.jpg","contentUrl":"https:\/\/veloaxe.com\/wp-content\/uploads\/2026\/01\/cropped-logo-1.jpg","width":1273,"height":363,"caption":"Tienda de bicicletas | VELOAXE"},"image":{"@id":"https:\/\/veloaxe.com\/#\/schema\/logo\/image\/"},"sameAs":["https:\/\/www.facebook.com\/veloaxe"]}]}},"_links":{"self":[{"href":"https:\/\/veloaxe.com\/fr\/wp-json\/wp\/v2\/product\/19377","targetHints":{"allow":["GET"]}}],"collection":[{"href":"https:\/\/veloaxe.com\/fr\/wp-json\/wp\/v2\/product"}],"about":[{"href":"https:\/\/veloaxe.com\/fr\/wp-json\/wp\/v2\/types\/product"}],"replies":[{"embeddable":true,"href":"https:\/\/veloaxe.com\/fr\/wp-json\/wp\/v2\/comments?post=19377"}],"wp:featuredmedia":[{"embeddable":true,"href":"https:\/\/veloaxe.com\/fr\/wp-json\/wp\/v2\/media\/19378"}],"wp:attachment":[{"href":"https:\/\/veloaxe.com\/fr\/wp-json\/wp\/v2\/media?parent=19377"}],"wp:term":[{"taxonomy":"product_brand","embeddable":true,"href":"https:\/\/veloaxe.com\/fr\/wp-json\/wp\/v2\/product_brand?post=19377"},{"taxonomy":"product_cat","embeddable":true,"href":"https:\/\/veloaxe.com\/fr\/wp-json\/wp\/v2\/product_cat?post=19377"},{"taxonomy":"product_tag","embeddable":true,"href":"https:\/\/veloaxe.com\/fr\/wp-json\/wp\/v2\/product_tag?post=19377"}],"curies":[{"name":"wp","href":"https:\/\/api.w.org\/{rel}","templated":true}]}}