{"id":19537,"date":"2025-01-26T16:07:53","date_gmt":"2025-01-26T16:07:53","guid":{"rendered":"https:\/\/veloaxe.com\/?post_type=product&#038;p=19537"},"modified":"2025-04-21T09:44:32","modified_gmt":"2025-04-21T09:44:32","slug":"sillin-fizik-vento-antares-r3","status":"publish","type":"product","link":"https:\/\/veloaxe.com\/fr\/producto\/sillin-fizik-vento-antares-r3\/","title":{"rendered":"SILLIN FIZIK VENTO ANTARES R3"},"content":{"rendered":"<p><em><strong>FIZIK VENTO ANTARES R3<\/strong>\u00a0<\/em>&#8211; Un sill\u00edn de bicicleta de carreras ligero y vers\u00e1til, con un dise\u00f1o de perfil bajo, una carcasa de nailon reforzada con carbono y ra\u00edles KIUM para un rendimiento equilibrado en una variedad de situaciones de conducci\u00f3n.<\/p>\n<p><strong><em>RENDIMIENTO ELEGIDO POR PROFESIONALES :<\/em><\/strong><\/p>\n<p>Como miembro de la nueva generaci\u00f3n de sillines Antares, el Antares R3 mantiene muchas caracter\u00edsticas de dise\u00f1o ic\u00f3nicas que hicieron del original uno de los m\u00e1s populares entre los atletas l\u00edderes.<\/p>\n<p><em><strong>TRANSFERENCIA DE POTENCIA :<\/strong><\/em><\/p>\n<p>Antares es un sill\u00edn de perfil bajo con una transici\u00f3n de la punta al ala que ayuda a ofrecer un pedaleo eficiente en todas las posiciones de conducci\u00f3n. No importa si est\u00e1s atacando una subida o manteniendo el ritmo en terreno llano, este sill\u00edn est\u00e1 dise\u00f1ado para brindarte apoyo. El movimiento hacia adelante y hacia atr\u00e1s se ha hecho m\u00e1s f\u00e1cil gracias a una punta m\u00e1s plana y ligeramente m\u00e1s ancha que act\u00faa como una base \u00f3ptima desde la que generar potencia.<\/p>\n<p><em><strong>ALIVIO DE PRESI\u00d3N :<\/strong><\/em><\/p>\n<p>Antares presenta un corte ergon\u00f3mico, desarrollado mediante un an\u00e1lisis de presi\u00f3n detallado y la informaci\u00f3n de expertos m\u00e9dicos, que ayuda a aliviar la presi\u00f3n y facilitar el flujo sangu\u00edneo. Adem\u00e1s, el acolchado de perfil bajo se ha dise\u00f1ado con una espuma de doble densidad, m\u00e1s firme en los huesos isqui\u00e1ticos y m\u00e1s suave en la nariz, para proporcionar a cada ciclista el soporte adecuado, independientemente de la posici\u00f3n de conducci\u00f3n, sin crear una presi\u00f3n indebida.<\/p>\n<p><em><strong>LIGERO, FUERTE, RESPONSIVO :<\/strong><\/em><\/p>\n<p>Antares est\u00e1 dise\u00f1ado para ciclistas que buscan un sill\u00edn de rendimiento que no sacrifique la comodidad. Como nuestra opci\u00f3n de rendimiento, Antares ha sido probado en carreras por atletas de todo el mundo, desde aquellos que compiten en carreteras hasta ciclistas de ciclocross y cross-country.<\/p>\n<p>El Antares R3 ahorra peso gracias a un rail KIUM de 7&#215;7 mm de nuevo dise\u00f1o.<\/p>\n<p><em><strong>FIZIK ANTARES R3 140 mm \/ 150 mm:<\/strong><\/em><\/p>\n<ul>\n<li>Longitud: 268 mm<\/li>\n<li>Ancho: 140 mm \/ 150 mm<\/li>\n<li>Altura a 75 mm de ancho: 46 mm<\/li>\n<li>Longitud desde la punta hasta 75 mm de ancho: 147 mm<\/li>\n<li>Peso: 195 g \/ 202 g<\/li>\n<li>Rail: 7&#215;7 mm<\/li>\n<\/ul>","protected":false},"excerpt":{"rendered":"<p>FIZIK VENTO ANTARES R3\u00a0&#8211; Un sill\u00edn de bicicleta de carreras ligero y vers\u00e1til, con un dise\u00f1o de perfil bajo, una carcasa de nailon reforzada con carbono y ra\u00edles KIUM para un rendimiento equilibrado en una variedad de situaciones de conducci\u00f3n. RENDIMIENTO ELEGIDO POR PROFESIONALES : Como miembro de la nueva generaci\u00f3n de sillines Antares, el [&hellip;]<\/p>\n","protected":false},"featured_media":19540,"comment_status":"closed","ping_status":"closed","template":"","meta":[],"product_brand":[],"product_cat":[16,19,225,227],"product_tag":[],"class_list":{"0":"post-19537","1":"product","2":"type-product","3":"status-publish","4":"has-post-thumbnail","6":"product_cat-carretera-gravel-bicicletas","7":"product_cat-componentes-de-bicicletas","8":"product_cat-sillines-carretera-gravel","9":"product_cat-sillines-carretera","10":"product_shipping_class-no-bicicletas","12":"first","13":"instock","14":"sale","15":"shipping-taxable","16":"purchasable","17":"product-type-variable"},"yoast_head":"<!-- This site is optimized with the Yoast SEO plugin v27.6 - https:\/\/yoast.com\/product\/yoast-seo-wordpress\/ -->\n<title>SILLIN FIZIK VENTO ANTARES R3 | VELOAXE.COM<\/title>\n<meta name=\"description\" content=\"SILLIN FIZIK VENTO ANTARES R3 140mm o 150mm - Todos los sillines FIZIK est\u00e1n disponibles en nuestro sitio en una amplia variedad de colores.\" \/>\n<meta name=\"robots\" content=\"index, follow, max-snippet:-1, max-image-preview:large, max-video-preview:-1\" \/>\n<link rel=\"canonical\" href=\"https:\/\/veloaxe.com\/fr\/produit\/sillin-fizik-vento-antares-r3\/\" \/>\n<meta property=\"og:locale\" content=\"fr_FR\" \/>\n<meta property=\"og:type\" content=\"article\" \/>\n<meta property=\"og:title\" content=\"SILLIN FIZIK VENTO ANTARES R3 | VELOAXE.COM\" \/>\n<meta property=\"og:description\" content=\"SILLIN FIZIK VENTO ANTARES R3 140mm o 150mm - Todos los sillines FIZIK est\u00e1n disponibles en nuestro sitio en una amplia variedad de colores.\" \/>\n<meta property=\"og:url\" content=\"https:\/\/veloaxe.com\/fr\/produit\/sillin-fizik-vento-antares-r3\/\" \/>\n<meta property=\"og:site_name\" content=\"Tienda de bicicletas | VELOAXE\" \/>\n<meta property=\"article:publisher\" content=\"https:\/\/www.facebook.com\/veloaxe\" \/>\n<meta property=\"article:modified_time\" content=\"2025-04-21T09:44:32+00:00\" \/>\n<meta property=\"og:image\" content=\"https:\/\/veloaxe.com\/wp-content\/uploads\/2025\/01\/sillin-fizik-vento-antares-r3.jpg\" \/>\n\t<meta property=\"og:image:width\" content=\"1000\" \/>\n\t<meta property=\"og:image:height\" content=\"1000\" \/>\n\t<meta property=\"og:image:type\" content=\"image\/jpeg\" \/>\n<meta name=\"twitter:card\" content=\"summary_large_image\" \/>\n<meta name=\"twitter:label1\" content=\"Dur\u00e9e de lecture estim\u00e9e\" \/>\n\t<meta name=\"twitter:data1\" content=\"2 minutes\" \/>\n<script type=\"application\/ld+json\" class=\"yoast-schema-graph\">{\"@context\":\"https:\\\/\\\/schema.org\",\"@graph\":[{\"@type\":\"WebPage\",\"@id\":\"https:\\\/\\\/veloaxe.com\\\/producto\\\/sillin-fizik-vento-antares-r3\\\/\",\"url\":\"https:\\\/\\\/veloaxe.com\\\/producto\\\/sillin-fizik-vento-antares-r3\\\/\",\"name\":\"SILLIN FIZIK VENTO ANTARES R3 | VELOAXE.COM\",\"isPartOf\":{\"@id\":\"https:\\\/\\\/veloaxe.com\\\/#website\"},\"primaryImageOfPage\":{\"@id\":\"https:\\\/\\\/veloaxe.com\\\/producto\\\/sillin-fizik-vento-antares-r3\\\/#primaryimage\"},\"image\":{\"@id\":\"https:\\\/\\\/veloaxe.com\\\/producto\\\/sillin-fizik-vento-antares-r3\\\/#primaryimage\"},\"thumbnailUrl\":\"https:\\\/\\\/veloaxe.com\\\/wp-content\\\/uploads\\\/2025\\\/01\\\/sillin-fizik-vento-antares-r3.jpg\",\"datePublished\":\"2025-01-26T16:07:53+00:00\",\"dateModified\":\"2025-04-21T09:44:32+00:00\",\"description\":\"SILLIN FIZIK VENTO ANTARES R3 140mm o 150mm - Todos los sillines FIZIK est\u00e1n disponibles en nuestro sitio en una amplia variedad de colores.\",\"breadcrumb\":{\"@id\":\"https:\\\/\\\/veloaxe.com\\\/producto\\\/sillin-fizik-vento-antares-r3\\\/#breadcrumb\"},\"inLanguage\":\"fr-FR\",\"potentialAction\":[{\"@type\":\"ReadAction\",\"target\":[\"https:\\\/\\\/veloaxe.com\\\/producto\\\/sillin-fizik-vento-antares-r3\\\/\"]}]},{\"@type\":\"ImageObject\",\"inLanguage\":\"fr-FR\",\"@id\":\"https:\\\/\\\/veloaxe.com\\\/producto\\\/sillin-fizik-vento-antares-r3\\\/#primaryimage\",\"url\":\"https:\\\/\\\/veloaxe.com\\\/wp-content\\\/uploads\\\/2025\\\/01\\\/sillin-fizik-vento-antares-r3.jpg\",\"contentUrl\":\"https:\\\/\\\/veloaxe.com\\\/wp-content\\\/uploads\\\/2025\\\/01\\\/sillin-fizik-vento-antares-r3.jpg\",\"width\":1000,\"height\":1000,\"caption\":\"sillin-fizik-vento-antares-r3\"},{\"@type\":\"BreadcrumbList\",\"@id\":\"https:\\\/\\\/veloaxe.com\\\/producto\\\/sillin-fizik-vento-antares-r3\\\/#breadcrumb\",\"itemListElement\":[{\"@type\":\"ListItem\",\"position\":1,\"name\":\"Portada\",\"item\":\"https:\\\/\\\/veloaxe.com\\\/\"},{\"@type\":\"ListItem\",\"position\":2,\"name\":\"Shop\",\"item\":\"https:\\\/\\\/paleturquoise-herring-271034.hostingersite.com\\\/shop\\\/\"},{\"@type\":\"ListItem\",\"position\":3,\"name\":\"SILLIN FIZIK VENTO ANTARES R3\"}]},{\"@type\":\"WebSite\",\"@id\":\"https:\\\/\\\/veloaxe.com\\\/#website\",\"url\":\"https:\\\/\\\/veloaxe.com\\\/\",\"name\":\"Tienda de bicicletas | VELOAXE\",\"description\":\"Descubre una amplia selecci\u00f3n de bicicletas de alta calidad, desde modelos urbanos y de monta\u00f1a hasta bicicletas de carretera de \u00faltima generaci\u00f3n. Con un servicio experto y accesorios especializados, estamos comprometidos a brindarte la mejor experiencia ciclista.\",\"publisher\":{\"@id\":\"https:\\\/\\\/veloaxe.com\\\/#organization\"},\"potentialAction\":[{\"@type\":\"SearchAction\",\"target\":{\"@type\":\"EntryPoint\",\"urlTemplate\":\"https:\\\/\\\/veloaxe.com\\\/?s={search_term_string}\"},\"query-input\":{\"@type\":\"PropertyValueSpecification\",\"valueRequired\":true,\"valueName\":\"search_term_string\"}}],\"inLanguage\":\"fr-FR\"},{\"@type\":\"Organization\",\"@id\":\"https:\\\/\\\/veloaxe.com\\\/#organization\",\"name\":\"Tienda de bicicletas | VELOAXE\",\"url\":\"https:\\\/\\\/veloaxe.com\\\/\",\"logo\":{\"@type\":\"ImageObject\",\"inLanguage\":\"fr-FR\",\"@id\":\"https:\\\/\\\/veloaxe.com\\\/#\\\/schema\\\/logo\\\/image\\\/\",\"url\":\"https:\\\/\\\/veloaxe.com\\\/wp-content\\\/uploads\\\/2026\\\/01\\\/cropped-logo-1.jpg\",\"contentUrl\":\"https:\\\/\\\/veloaxe.com\\\/wp-content\\\/uploads\\\/2026\\\/01\\\/cropped-logo-1.jpg\",\"width\":1273,\"height\":363,\"caption\":\"Tienda de bicicletas | VELOAXE\"},\"image\":{\"@id\":\"https:\\\/\\\/veloaxe.com\\\/#\\\/schema\\\/logo\\\/image\\\/\"},\"sameAs\":[\"https:\\\/\\\/www.facebook.com\\\/veloaxe\"]}]}<\/script>\n<!-- \/ Yoast SEO plugin. -->","yoast_head_json":{"title":"SILLIN FIZIK VENTO ANTARES R3 | VELOAXE.COM","description":"SILLIN FIZIK VENTO ANTARES R3 140mm o 150mm - Todos los sillines FIZIK est\u00e1n disponibles en nuestro sitio en una amplia variedad de colores.","robots":{"index":"index","follow":"follow","max-snippet":"max-snippet:-1","max-image-preview":"max-image-preview:large","max-video-preview":"max-video-preview:-1"},"canonical":"https:\/\/veloaxe.com\/fr\/produit\/sillin-fizik-vento-antares-r3\/","og_locale":"fr_FR","og_type":"article","og_title":"SILLIN FIZIK VENTO ANTARES R3 | VELOAXE.COM","og_description":"SILLIN FIZIK VENTO ANTARES R3 140mm o 150mm - Todos los sillines FIZIK est\u00e1n disponibles en nuestro sitio en una amplia variedad de colores.","og_url":"https:\/\/veloaxe.com\/fr\/produit\/sillin-fizik-vento-antares-r3\/","og_site_name":"Tienda de bicicletas | VELOAXE","article_publisher":"https:\/\/www.facebook.com\/veloaxe","article_modified_time":"2025-04-21T09:44:32+00:00","og_image":[{"width":1000,"height":1000,"url":"https:\/\/veloaxe.com\/wp-content\/uploads\/2025\/01\/sillin-fizik-vento-antares-r3.jpg","type":"image\/jpeg"}],"twitter_card":"summary_large_image","twitter_misc":{"Dur\u00e9e de lecture estim\u00e9e":"2 minutes"},"schema":{"@context":"https:\/\/schema.org","@graph":[{"@type":"WebPage","@id":"https:\/\/veloaxe.com\/producto\/sillin-fizik-vento-antares-r3\/","url":"https:\/\/veloaxe.com\/producto\/sillin-fizik-vento-antares-r3\/","name":"SILLIN FIZIK VENTO ANTARES R3 | VELOAXE.COM","isPartOf":{"@id":"https:\/\/veloaxe.com\/#website"},"primaryImageOfPage":{"@id":"https:\/\/veloaxe.com\/producto\/sillin-fizik-vento-antares-r3\/#primaryimage"},"image":{"@id":"https:\/\/veloaxe.com\/producto\/sillin-fizik-vento-antares-r3\/#primaryimage"},"thumbnailUrl":"https:\/\/veloaxe.com\/wp-content\/uploads\/2025\/01\/sillin-fizik-vento-antares-r3.jpg","datePublished":"2025-01-26T16:07:53+00:00","dateModified":"2025-04-21T09:44:32+00:00","description":"SILLIN FIZIK VENTO ANTARES R3 140mm o 150mm - Todos los sillines FIZIK est\u00e1n disponibles en nuestro sitio en una amplia variedad de colores.","breadcrumb":{"@id":"https:\/\/veloaxe.com\/producto\/sillin-fizik-vento-antares-r3\/#breadcrumb"},"inLanguage":"fr-FR","potentialAction":[{"@type":"ReadAction","target":["https:\/\/veloaxe.com\/producto\/sillin-fizik-vento-antares-r3\/"]}]},{"@type":"ImageObject","inLanguage":"fr-FR","@id":"https:\/\/veloaxe.com\/producto\/sillin-fizik-vento-antares-r3\/#primaryimage","url":"https:\/\/veloaxe.com\/wp-content\/uploads\/2025\/01\/sillin-fizik-vento-antares-r3.jpg","contentUrl":"https:\/\/veloaxe.com\/wp-content\/uploads\/2025\/01\/sillin-fizik-vento-antares-r3.jpg","width":1000,"height":1000,"caption":"sillin-fizik-vento-antares-r3"},{"@type":"BreadcrumbList","@id":"https:\/\/veloaxe.com\/producto\/sillin-fizik-vento-antares-r3\/#breadcrumb","itemListElement":[{"@type":"ListItem","position":1,"name":"Portada","item":"https:\/\/veloaxe.com\/"},{"@type":"ListItem","position":2,"name":"Shop","item":"https:\/\/paleturquoise-herring-271034.hostingersite.com\/shop\/"},{"@type":"ListItem","position":3,"name":"SILLIN FIZIK VENTO ANTARES R3"}]},{"@type":"WebSite","@id":"https:\/\/veloaxe.com\/#website","url":"https:\/\/veloaxe.com\/","name":"Boutique de v\u00e9lo en ligne | VELOAXE","description":"D\u00e9couvrez une large s\u00e9lection de v\u00e9los de haute qualit\u00e9, des mod\u00e8les urbains et de montagne aux v\u00e9los de route de pointe. Avec un service d'experts et des accessoires sp\u00e9cialis\u00e9s, nous nous engageons \u00e0 vous offrir la meilleure exp\u00e9rience de cyclisme.","publisher":{"@id":"https:\/\/veloaxe.com\/#organization"},"potentialAction":[{"@type":"SearchAction","target":{"@type":"EntryPoint","urlTemplate":"https:\/\/veloaxe.com\/?s={search_term_string}"},"query-input":{"@type":"PropertyValueSpecification","valueRequired":true,"valueName":"search_term_string"}}],"inLanguage":"fr-FR"},{"@type":"Organization","@id":"https:\/\/veloaxe.com\/#organization","name":"Boutique de v\u00e9lo en ligne | VELOAXE","url":"https:\/\/veloaxe.com\/","logo":{"@type":"ImageObject","inLanguage":"fr-FR","@id":"https:\/\/veloaxe.com\/#\/schema\/logo\/image\/","url":"https:\/\/veloaxe.com\/wp-content\/uploads\/2026\/01\/cropped-logo-1.jpg","contentUrl":"https:\/\/veloaxe.com\/wp-content\/uploads\/2026\/01\/cropped-logo-1.jpg","width":1273,"height":363,"caption":"Tienda de bicicletas | VELOAXE"},"image":{"@id":"https:\/\/veloaxe.com\/#\/schema\/logo\/image\/"},"sameAs":["https:\/\/www.facebook.com\/veloaxe"]}]}},"_links":{"self":[{"href":"https:\/\/veloaxe.com\/fr\/wp-json\/wp\/v2\/product\/19537","targetHints":{"allow":["GET"]}}],"collection":[{"href":"https:\/\/veloaxe.com\/fr\/wp-json\/wp\/v2\/product"}],"about":[{"href":"https:\/\/veloaxe.com\/fr\/wp-json\/wp\/v2\/types\/product"}],"replies":[{"embeddable":true,"href":"https:\/\/veloaxe.com\/fr\/wp-json\/wp\/v2\/comments?post=19537"}],"wp:featuredmedia":[{"embeddable":true,"href":"https:\/\/veloaxe.com\/fr\/wp-json\/wp\/v2\/media\/19540"}],"wp:attachment":[{"href":"https:\/\/veloaxe.com\/fr\/wp-json\/wp\/v2\/media?parent=19537"}],"wp:term":[{"taxonomy":"product_brand","embeddable":true,"href":"https:\/\/veloaxe.com\/fr\/wp-json\/wp\/v2\/product_brand?post=19537"},{"taxonomy":"product_cat","embeddable":true,"href":"https:\/\/veloaxe.com\/fr\/wp-json\/wp\/v2\/product_cat?post=19537"},{"taxonomy":"product_tag","embeddable":true,"href":"https:\/\/veloaxe.com\/fr\/wp-json\/wp\/v2\/product_tag?post=19537"}],"curies":[{"name":"wp","href":"https:\/\/api.w.org\/{rel}","templated":true}]}}