{"id":19552,"date":"2025-01-26T16:31:19","date_gmt":"2025-01-26T16:31:19","guid":{"rendered":"https:\/\/veloaxe.com\/?post_type=product&#038;p=19552"},"modified":"2025-04-21T09:31:58","modified_gmt":"2025-04-21T09:31:58","slug":"sillin-fizik-transiro-aeris-short-distance-r5","status":"publish","type":"product","link":"https:\/\/veloaxe.com\/fr\/producto\/sillin-fizik-transiro-aeris-short-distance-r5\/","title":{"rendered":"SILLIN FIZIK TRANSIRO AERIS SHORT DISTANCE R5"},"content":{"rendered":"<p><em><strong>FIZIK TRANSIRO AERIS SHORT DISTANCE R5<\/strong><\/em>\u00a0&#8211; Un innovador sill\u00edn de ciclismo para triatl\u00f3n y contrarreloj dise\u00f1ado para maximizar la estabilidad y el soporte para una potencia explosiva durante carreras y recorridos m\u00e1s cortos.<\/p>\n<p><em><strong>LA CIENCIA DE LA COMODIDAD Y LA VELOCIDAD :<\/strong><\/em><\/p>\n<p>La innovaci\u00f3n en el an\u00e1lisis del ajuste de la bicicleta junto con la investigaci\u00f3n sobre la aerodin\u00e1mica del ciclismo nos llevaron a repensar nuestros sillines de triatl\u00f3n y contrarreloj. En un campo en el que las ganancias marginales son fundamentales, poder proporcionar un sill\u00edn que permita la comodidad en las posiciones aerodin\u00e1micas m\u00e1s extremas representa un gran avance en el logro del rendimiento.<\/p>\n<p><em><strong>DISE\u00d1ADO PARA LARGAR LA DISTANCIA :<\/strong><\/em><\/p>\n<p>La versi\u00f3n de larga distancia de Aeris est\u00e1 dise\u00f1ada con una construcci\u00f3n de punta dividida. Las mitades independientes de la punta permiten un sistema de alivio de presi\u00f3n sin precedentes al mismo tiempo que mantienen el soporte firme y el equilibrio necesarios para las largas horas que se pasan empujando en posiciones aerodin\u00e1micas. En la punta, el bucle del riel proporciona resistencia para evitar la fatiga asim\u00e9trica y, al mismo tiempo, act\u00faa como un gancho para mantener la bicicleta en su lugar en las zonas de transici\u00f3n de la carrera.<\/p>\n<p><strong><em>APOYO A LOS CICLISTAS DE TR\u00cdO :<\/em><\/strong><\/p>\n<p>El acolchado del sill\u00edn est\u00e1 fabricado con nuestra f\u00f3rmula de tipo 1: m\u00e1s grueso en la punta, donde los triatletas y los contrarrelojistas pasan la mayor parte del tiempo, y m\u00e1s fino en los huesos isqui\u00e1ticos para proporcionar una sensaci\u00f3n m\u00e1s firme cuando los ciclistas necesitan levantarse de la posici\u00f3n aerodin\u00e1mica.<\/p>\n<p><em><strong>NUMEROSAS CARACTER\u00cdSTICAS PARA MULTIDISCIPLINAR :<\/strong><\/em><\/p>\n<p>Aeris viene con un enlace opcional para integrar un portabid\u00f3n en la parte trasera del sill\u00edn. El enlace est\u00e1 dise\u00f1ado para sostener los bidones en un \u00e1ngulo que no estorbe durante las fases cr\u00edticas de montaje y desmontaje en las zonas de transici\u00f3n. De acuerdo con las normas de la UCI, Aeris est\u00e1 equipado con una inserci\u00f3n de riel revolucionaria que proporciona una sensaci\u00f3n m\u00e1s aerodin\u00e1mica al permitir una amplia gama de ajuste, necesaria para lograr la posici\u00f3n de conducci\u00f3n ideal hacia adelante para vencer al viento.<\/p>\n<p><em><strong>FIZIK TRANSIRO AERIS SHORT DISTANCE R5 135 mm :<\/strong><\/em><\/p>\n<ul>\n<li>Longitud: 243 mm<\/li>\n<li>Ancho: 135 mm<\/li>\n<li>Altura a 75 mm de ancho: 51 mm<\/li>\n<li>Longitud desde la punta hasta 75 mm de ancho: 115 mm<\/li>\n<li>Ancho de la punta: 45 mm<\/li>\n<li>Peso: 209 g<\/li>\n<li>Rail: 7&#215;7 mm<\/li>\n<li>Peso del Aeris Link: 14 g<\/li>\n<\/ul>","protected":false},"excerpt":{"rendered":"<p>FIZIK TRANSIRO AERIS SHORT DISTANCE R5\u00a0&#8211; Un innovador sill\u00edn de ciclismo para triatl\u00f3n y contrarreloj dise\u00f1ado para maximizar la estabilidad y el soporte para una potencia explosiva durante carreras y recorridos m\u00e1s cortos. LA CIENCIA DE LA COMODIDAD Y LA VELOCIDAD : La innovaci\u00f3n en el an\u00e1lisis del ajuste de la bicicleta junto con la [&hellip;]<\/p>\n","protected":false},"featured_media":19424,"comment_status":"closed","ping_status":"closed","template":"","meta":[],"product_brand":[],"product_cat":[16,19,225,229],"product_tag":[],"class_list":{"0":"post-19552","1":"product","2":"type-product","3":"status-publish","4":"has-post-thumbnail","6":"product_cat-carretera-gravel-bicicletas","7":"product_cat-componentes-de-bicicletas","8":"product_cat-sillines-carretera-gravel","9":"product_cat-sillines-triatlon","10":"product_shipping_class-no-bicicletas","12":"first","13":"instock","14":"sale","15":"shipping-taxable","16":"purchasable","17":"product-type-simple"},"yoast_head":"<!-- This site is optimized with the Yoast SEO plugin v27.6 - https:\/\/yoast.com\/product\/yoast-seo-wordpress\/ -->\n<title>SILLIN FIZIK TRANSIRO AERIS SHORT DISTANCE R5 | VELOAXE.COM<\/title>\n<meta name=\"description\" content=\"SILLIN FIZIK TRANSIRO AERIS SHORT DISTANCE R5 - Todos los sillines FIZIK est\u00e1n disponibles en nuestro sitio en una amplia variedad de colores.\" \/>\n<meta name=\"robots\" content=\"index, follow, max-snippet:-1, max-image-preview:large, max-video-preview:-1\" \/>\n<link rel=\"canonical\" href=\"https:\/\/veloaxe.com\/fr\/produit\/sillin-fizik-transiro-aeris-short-distance-r5\/\" \/>\n<meta property=\"og:locale\" content=\"fr_FR\" \/>\n<meta property=\"og:type\" content=\"article\" \/>\n<meta property=\"og:title\" content=\"SILLIN FIZIK TRANSIRO AERIS SHORT DISTANCE R5 | VELOAXE.COM\" \/>\n<meta property=\"og:description\" content=\"SILLIN FIZIK TRANSIRO AERIS SHORT DISTANCE R5 - Todos los sillines FIZIK est\u00e1n disponibles en nuestro sitio en una amplia variedad de colores.\" \/>\n<meta property=\"og:url\" content=\"https:\/\/veloaxe.com\/fr\/produit\/sillin-fizik-transiro-aeris-short-distance-r5\/\" \/>\n<meta property=\"og:site_name\" content=\"Tienda de bicicletas | VELOAXE\" \/>\n<meta property=\"article:publisher\" content=\"https:\/\/www.facebook.com\/veloaxe\" \/>\n<meta property=\"article:modified_time\" content=\"2025-04-21T09:31:58+00:00\" \/>\n<meta property=\"og:image\" content=\"https:\/\/veloaxe.com\/wp-content\/uploads\/2025\/01\/sillin-fizik-transiro-aeris-long-distance-r3.jpg\" \/>\n\t<meta property=\"og:image:width\" content=\"1000\" \/>\n\t<meta property=\"og:image:height\" content=\"1000\" \/>\n\t<meta property=\"og:image:type\" content=\"image\/jpeg\" \/>\n<meta name=\"twitter:card\" content=\"summary_large_image\" \/>\n<meta name=\"twitter:label1\" content=\"Dur\u00e9e de lecture estim\u00e9e\" \/>\n\t<meta name=\"twitter:data1\" content=\"3 minutes\" \/>\n<script type=\"application\/ld+json\" class=\"yoast-schema-graph\">{\"@context\":\"https:\\\/\\\/schema.org\",\"@graph\":[{\"@type\":\"WebPage\",\"@id\":\"https:\\\/\\\/veloaxe.com\\\/producto\\\/sillin-fizik-transiro-aeris-short-distance-r5\\\/\",\"url\":\"https:\\\/\\\/veloaxe.com\\\/producto\\\/sillin-fizik-transiro-aeris-short-distance-r5\\\/\",\"name\":\"SILLIN FIZIK TRANSIRO AERIS SHORT DISTANCE R5 | VELOAXE.COM\",\"isPartOf\":{\"@id\":\"https:\\\/\\\/veloaxe.com\\\/#website\"},\"primaryImageOfPage\":{\"@id\":\"https:\\\/\\\/veloaxe.com\\\/producto\\\/sillin-fizik-transiro-aeris-short-distance-r5\\\/#primaryimage\"},\"image\":{\"@id\":\"https:\\\/\\\/veloaxe.com\\\/producto\\\/sillin-fizik-transiro-aeris-short-distance-r5\\\/#primaryimage\"},\"thumbnailUrl\":\"https:\\\/\\\/veloaxe.com\\\/wp-content\\\/uploads\\\/2025\\\/01\\\/sillin-fizik-transiro-aeris-long-distance-r3.jpg\",\"datePublished\":\"2025-01-26T16:31:19+00:00\",\"dateModified\":\"2025-04-21T09:31:58+00:00\",\"description\":\"SILLIN FIZIK TRANSIRO AERIS SHORT DISTANCE R5 - Todos los sillines FIZIK est\u00e1n disponibles en nuestro sitio en una amplia variedad de colores.\",\"breadcrumb\":{\"@id\":\"https:\\\/\\\/veloaxe.com\\\/producto\\\/sillin-fizik-transiro-aeris-short-distance-r5\\\/#breadcrumb\"},\"inLanguage\":\"fr-FR\",\"potentialAction\":[{\"@type\":\"ReadAction\",\"target\":[\"https:\\\/\\\/veloaxe.com\\\/producto\\\/sillin-fizik-transiro-aeris-short-distance-r5\\\/\"]}]},{\"@type\":\"ImageObject\",\"inLanguage\":\"fr-FR\",\"@id\":\"https:\\\/\\\/veloaxe.com\\\/producto\\\/sillin-fizik-transiro-aeris-short-distance-r5\\\/#primaryimage\",\"url\":\"https:\\\/\\\/veloaxe.com\\\/wp-content\\\/uploads\\\/2025\\\/01\\\/sillin-fizik-transiro-aeris-long-distance-r3.jpg\",\"contentUrl\":\"https:\\\/\\\/veloaxe.com\\\/wp-content\\\/uploads\\\/2025\\\/01\\\/sillin-fizik-transiro-aeris-long-distance-r3.jpg\",\"width\":1000,\"height\":1000,\"caption\":\"sillin-fizik-transiro-aeris-long-distance-r5\"},{\"@type\":\"BreadcrumbList\",\"@id\":\"https:\\\/\\\/veloaxe.com\\\/producto\\\/sillin-fizik-transiro-aeris-short-distance-r5\\\/#breadcrumb\",\"itemListElement\":[{\"@type\":\"ListItem\",\"position\":1,\"name\":\"Portada\",\"item\":\"https:\\\/\\\/veloaxe.com\\\/\"},{\"@type\":\"ListItem\",\"position\":2,\"name\":\"Shop\",\"item\":\"https:\\\/\\\/paleturquoise-herring-271034.hostingersite.com\\\/shop\\\/\"},{\"@type\":\"ListItem\",\"position\":3,\"name\":\"SILLIN FIZIK TRANSIRO AERIS SHORT DISTANCE R5\"}]},{\"@type\":\"WebSite\",\"@id\":\"https:\\\/\\\/veloaxe.com\\\/#website\",\"url\":\"https:\\\/\\\/veloaxe.com\\\/\",\"name\":\"Tienda de bicicletas | VELOAXE\",\"description\":\"Descubre una amplia selecci\u00f3n de bicicletas de alta calidad, desde modelos urbanos y de monta\u00f1a hasta bicicletas de carretera de \u00faltima generaci\u00f3n. Con un servicio experto y accesorios especializados, estamos comprometidos a brindarte la mejor experiencia ciclista.\",\"publisher\":{\"@id\":\"https:\\\/\\\/veloaxe.com\\\/#organization\"},\"potentialAction\":[{\"@type\":\"SearchAction\",\"target\":{\"@type\":\"EntryPoint\",\"urlTemplate\":\"https:\\\/\\\/veloaxe.com\\\/?s={search_term_string}\"},\"query-input\":{\"@type\":\"PropertyValueSpecification\",\"valueRequired\":true,\"valueName\":\"search_term_string\"}}],\"inLanguage\":\"fr-FR\"},{\"@type\":\"Organization\",\"@id\":\"https:\\\/\\\/veloaxe.com\\\/#organization\",\"name\":\"Tienda de bicicletas | VELOAXE\",\"url\":\"https:\\\/\\\/veloaxe.com\\\/\",\"logo\":{\"@type\":\"ImageObject\",\"inLanguage\":\"fr-FR\",\"@id\":\"https:\\\/\\\/veloaxe.com\\\/#\\\/schema\\\/logo\\\/image\\\/\",\"url\":\"https:\\\/\\\/veloaxe.com\\\/wp-content\\\/uploads\\\/2026\\\/01\\\/cropped-logo-1.jpg\",\"contentUrl\":\"https:\\\/\\\/veloaxe.com\\\/wp-content\\\/uploads\\\/2026\\\/01\\\/cropped-logo-1.jpg\",\"width\":1273,\"height\":363,\"caption\":\"Tienda de bicicletas | VELOAXE\"},\"image\":{\"@id\":\"https:\\\/\\\/veloaxe.com\\\/#\\\/schema\\\/logo\\\/image\\\/\"},\"sameAs\":[\"https:\\\/\\\/www.facebook.com\\\/veloaxe\"]}]}<\/script>\n<!-- \/ Yoast SEO plugin. -->","yoast_head_json":{"title":"SILLIN FIZIK TRANSIRO AERIS SHORT DISTANCE R5 | VELOAXE.COM","description":"SILLIN FIZIK TRANSIRO AERIS SHORT DISTANCE R5 - Todos los sillines FIZIK est\u00e1n disponibles en nuestro sitio en una amplia variedad de colores.","robots":{"index":"index","follow":"follow","max-snippet":"max-snippet:-1","max-image-preview":"max-image-preview:large","max-video-preview":"max-video-preview:-1"},"canonical":"https:\/\/veloaxe.com\/fr\/produit\/sillin-fizik-transiro-aeris-short-distance-r5\/","og_locale":"fr_FR","og_type":"article","og_title":"SILLIN FIZIK TRANSIRO AERIS SHORT DISTANCE R5 | VELOAXE.COM","og_description":"SILLIN FIZIK TRANSIRO AERIS SHORT DISTANCE R5 - Todos los sillines FIZIK est\u00e1n disponibles en nuestro sitio en una amplia variedad de colores.","og_url":"https:\/\/veloaxe.com\/fr\/produit\/sillin-fizik-transiro-aeris-short-distance-r5\/","og_site_name":"Tienda de bicicletas | VELOAXE","article_publisher":"https:\/\/www.facebook.com\/veloaxe","article_modified_time":"2025-04-21T09:31:58+00:00","og_image":[{"width":1000,"height":1000,"url":"https:\/\/veloaxe.com\/wp-content\/uploads\/2025\/01\/sillin-fizik-transiro-aeris-long-distance-r3.jpg","type":"image\/jpeg"}],"twitter_card":"summary_large_image","twitter_misc":{"Dur\u00e9e de lecture estim\u00e9e":"3 minutes"},"schema":{"@context":"https:\/\/schema.org","@graph":[{"@type":"WebPage","@id":"https:\/\/veloaxe.com\/producto\/sillin-fizik-transiro-aeris-short-distance-r5\/","url":"https:\/\/veloaxe.com\/producto\/sillin-fizik-transiro-aeris-short-distance-r5\/","name":"SILLIN FIZIK TRANSIRO AERIS SHORT DISTANCE R5 | VELOAXE.COM","isPartOf":{"@id":"https:\/\/veloaxe.com\/#website"},"primaryImageOfPage":{"@id":"https:\/\/veloaxe.com\/producto\/sillin-fizik-transiro-aeris-short-distance-r5\/#primaryimage"},"image":{"@id":"https:\/\/veloaxe.com\/producto\/sillin-fizik-transiro-aeris-short-distance-r5\/#primaryimage"},"thumbnailUrl":"https:\/\/veloaxe.com\/wp-content\/uploads\/2025\/01\/sillin-fizik-transiro-aeris-long-distance-r3.jpg","datePublished":"2025-01-26T16:31:19+00:00","dateModified":"2025-04-21T09:31:58+00:00","description":"SILLIN FIZIK TRANSIRO AERIS SHORT DISTANCE R5 - Todos los sillines FIZIK est\u00e1n disponibles en nuestro sitio en una amplia variedad de colores.","breadcrumb":{"@id":"https:\/\/veloaxe.com\/producto\/sillin-fizik-transiro-aeris-short-distance-r5\/#breadcrumb"},"inLanguage":"fr-FR","potentialAction":[{"@type":"ReadAction","target":["https:\/\/veloaxe.com\/producto\/sillin-fizik-transiro-aeris-short-distance-r5\/"]}]},{"@type":"ImageObject","inLanguage":"fr-FR","@id":"https:\/\/veloaxe.com\/producto\/sillin-fizik-transiro-aeris-short-distance-r5\/#primaryimage","url":"https:\/\/veloaxe.com\/wp-content\/uploads\/2025\/01\/sillin-fizik-transiro-aeris-long-distance-r3.jpg","contentUrl":"https:\/\/veloaxe.com\/wp-content\/uploads\/2025\/01\/sillin-fizik-transiro-aeris-long-distance-r3.jpg","width":1000,"height":1000,"caption":"sillin-fizik-transiro-aeris-long-distance-r5"},{"@type":"BreadcrumbList","@id":"https:\/\/veloaxe.com\/producto\/sillin-fizik-transiro-aeris-short-distance-r5\/#breadcrumb","itemListElement":[{"@type":"ListItem","position":1,"name":"Portada","item":"https:\/\/veloaxe.com\/"},{"@type":"ListItem","position":2,"name":"Shop","item":"https:\/\/paleturquoise-herring-271034.hostingersite.com\/shop\/"},{"@type":"ListItem","position":3,"name":"SILLIN FIZIK TRANSIRO AERIS SHORT DISTANCE R5"}]},{"@type":"WebSite","@id":"https:\/\/veloaxe.com\/#website","url":"https:\/\/veloaxe.com\/","name":"Boutique de v\u00e9lo en ligne | VELOAXE","description":"D\u00e9couvrez une large s\u00e9lection de v\u00e9los de haute qualit\u00e9, des mod\u00e8les urbains et de montagne aux v\u00e9los de route de pointe. Avec un service d'experts et des accessoires sp\u00e9cialis\u00e9s, nous nous engageons \u00e0 vous offrir la meilleure exp\u00e9rience de cyclisme.","publisher":{"@id":"https:\/\/veloaxe.com\/#organization"},"potentialAction":[{"@type":"SearchAction","target":{"@type":"EntryPoint","urlTemplate":"https:\/\/veloaxe.com\/?s={search_term_string}"},"query-input":{"@type":"PropertyValueSpecification","valueRequired":true,"valueName":"search_term_string"}}],"inLanguage":"fr-FR"},{"@type":"Organization","@id":"https:\/\/veloaxe.com\/#organization","name":"Boutique de v\u00e9lo en ligne | VELOAXE","url":"https:\/\/veloaxe.com\/","logo":{"@type":"ImageObject","inLanguage":"fr-FR","@id":"https:\/\/veloaxe.com\/#\/schema\/logo\/image\/","url":"https:\/\/veloaxe.com\/wp-content\/uploads\/2026\/01\/cropped-logo-1.jpg","contentUrl":"https:\/\/veloaxe.com\/wp-content\/uploads\/2026\/01\/cropped-logo-1.jpg","width":1273,"height":363,"caption":"Tienda de bicicletas | VELOAXE"},"image":{"@id":"https:\/\/veloaxe.com\/#\/schema\/logo\/image\/"},"sameAs":["https:\/\/www.facebook.com\/veloaxe"]}]}},"_links":{"self":[{"href":"https:\/\/veloaxe.com\/fr\/wp-json\/wp\/v2\/product\/19552","targetHints":{"allow":["GET"]}}],"collection":[{"href":"https:\/\/veloaxe.com\/fr\/wp-json\/wp\/v2\/product"}],"about":[{"href":"https:\/\/veloaxe.com\/fr\/wp-json\/wp\/v2\/types\/product"}],"replies":[{"embeddable":true,"href":"https:\/\/veloaxe.com\/fr\/wp-json\/wp\/v2\/comments?post=19552"}],"wp:featuredmedia":[{"embeddable":true,"href":"https:\/\/veloaxe.com\/fr\/wp-json\/wp\/v2\/media\/19424"}],"wp:attachment":[{"href":"https:\/\/veloaxe.com\/fr\/wp-json\/wp\/v2\/media?parent=19552"}],"wp:term":[{"taxonomy":"product_brand","embeddable":true,"href":"https:\/\/veloaxe.com\/fr\/wp-json\/wp\/v2\/product_brand?post=19552"},{"taxonomy":"product_cat","embeddable":true,"href":"https:\/\/veloaxe.com\/fr\/wp-json\/wp\/v2\/product_cat?post=19552"},{"taxonomy":"product_tag","embeddable":true,"href":"https:\/\/veloaxe.com\/fr\/wp-json\/wp\/v2\/product_tag?post=19552"}],"curies":[{"name":"wp","href":"https:\/\/api.w.org\/{rel}","templated":true}]}}