{"id":19564,"date":"2025-01-26T16:56:52","date_gmt":"2025-01-26T16:56:52","guid":{"rendered":"https:\/\/veloaxe.com\/?post_type=product&#038;p=19564"},"modified":"2025-04-21T09:11:19","modified_gmt":"2025-04-21T09:11:19","slug":"sillin-fizik-terra-argo-x5","status":"publish","type":"product","link":"https:\/\/veloaxe.com\/fr\/producto\/sillin-fizik-terra-argo-x5\/","title":{"rendered":"SILLIN FIZIK TERRA ARGO X5"},"content":{"rendered":"<p><em><strong>FIZIK TERRA ARGO X5<\/strong><\/em> &#8211; Un sill\u00edn vers\u00e1til de punta corta espec\u00edfico para gravel con una combinaci\u00f3n de una carcasa de nailon reforzada con carbono que se adapta a la marcha y un ra\u00edl de ALUMINIO muy r\u00edgido.<\/p>\n<p><em><strong>MAYOR ESTABILIDAD :<\/strong><\/em><\/p>\n<p>Mientras que una forma de sill\u00edn tradicional anima a los ciclistas a cambiar de posici\u00f3n con frecuencia para lograr un mejor apalancamiento, el Argo coloca a los ciclistas en una posici\u00f3n m\u00e1s estable, lo que genera una mayor estabilidad y una mejor distribuci\u00f3n del peso. La longitud corta del Terra Argo permite a los ciclistas sentarse m\u00e1s adelante sin ejercer una presi\u00f3n indebida sobre las zonas sensibles. Tambi\u00e9n cuenta con un corte ergon\u00f3mico que se desarroll\u00f3 mediante un an\u00e1lisis de presi\u00f3n detallado y la opini\u00f3n de expertos m\u00e9dicos.<\/p>\n<p><em><strong>SILL\u00cdN ESPEC\u00cdFICO PARA GRAVEL :<\/strong><\/em><\/p>\n<p>El Argo es nuestra forma de sill\u00edn m\u00e1s vers\u00e1til, y cada versi\u00f3n se adapta a diferentes estilos de conducci\u00f3n. Como opci\u00f3n espec\u00edfica para gravel, el Terra Argo ha sido dise\u00f1ado con una carcasa que se adapta para ofrecer un cierto grado de flexibilidad. Esta elasticidad controlada absorbe las vibraciones y el traqueteo de la carretera, lo que proporciona la comodidad necesaria para andar a larga distancia por carreteras sin pavimentar.<\/p>\n<p><strong><em>ESTABILIDAD Y CAPACIDAD DE RESPUESTA :<\/em><\/strong><\/p>\n<p>Para brindar un mejor soporte a la carcasa flexible del Terra Argo, utilizamos nuestro sistema de rieles Mobius de bucle cerrado para una mayor estabilidad estructural y capacidad de respuesta. El Terra Argo presenta un perfil ondulado para brindar el soporte lumbar necesario para recorridos largos y para ayudar a los ciclistas a mantener su posici\u00f3n mientras suben por terrenos sueltos. Lo mismo ocurre con el dise\u00f1o de punta ca\u00edda que permite a los ciclistas rotar la pelvis mientras empujan hacia adelante la punta para una mejor tracci\u00f3n y transferencia de potencia.<\/p>\n<p><em><strong>COMODIDAD EN LARGAS DISTANCIAS :<\/strong><\/em><\/p>\n<p>El acolchado est\u00e1 hecho con la f\u00f3rmula de espuma tipo 2 patentada de fizik, ligeramente m\u00e1s gruesa alrededor del \u00e1rea de los huesos isqui\u00e1ticos para brindar soporte a una postura de conducci\u00f3n m\u00e1s erguida. El acolchado es ligeramente m\u00e1s suave y m\u00e1s progresivo que el tipo que usamos en nuestros sillines de carreras, lo que brinda mayor comodidad en largas distancias.<\/p>\n<p><strong><em>FIZIK TERRA ARGO X5 &#8211; 140MM \/ 150MM \/ 160MM :<\/em><\/strong><\/p>\n<ul>\n<li>Longitud: 270 mm<\/li>\n<li>Ancho: 140 mm \/ 150mm \/ 160mm<\/li>\n<li>Peso: 263 g \/ 271 g \/ 275 g<\/li>\n<li>Altura a 75 mm de ancho: 50 mm<\/li>\n<li>Longitud desde la punta hasta 75 mm de ancho: 121 mm<\/li>\n<li>Carril: 7&#215;7 mm<\/li>\n<\/ul>","protected":false},"excerpt":{"rendered":"<p>FIZIK TERRA ARGO X5 &#8211; Un sill\u00edn vers\u00e1til de punta corta espec\u00edfico para gravel con una combinaci\u00f3n de una carcasa de nailon reforzada con carbono que se adapta a la marcha y un ra\u00edl de ALUMINIO muy r\u00edgido. MAYOR ESTABILIDAD : Mientras que una forma de sill\u00edn tradicional anima a los ciclistas a cambiar de [&hellip;]<\/p>\n","protected":false},"featured_media":19568,"comment_status":"closed","ping_status":"closed","template":"","meta":[],"product_brand":[],"product_cat":[16,19,225,228],"product_tag":[],"class_list":{"0":"post-19564","1":"product","2":"type-product","3":"status-publish","4":"has-post-thumbnail","6":"product_cat-carretera-gravel-bicicletas","7":"product_cat-componentes-de-bicicletas","8":"product_cat-sillines-carretera-gravel","9":"product_cat-sillines-gravel","10":"product_shipping_class-no-bicicletas","12":"first","13":"instock","14":"sale","15":"shipping-taxable","16":"purchasable","17":"product-type-variable"},"yoast_head":"<!-- This site is optimized with the Yoast SEO plugin v27.6 - https:\/\/yoast.com\/product\/yoast-seo-wordpress\/ -->\n<title>SILLIN FIZIK TERRA ARGO X5 - GRAVEL | VELOAXE.COM<\/title>\n<meta name=\"description\" content=\"SILLIN FIZIK TERRA ARGO X5 - 140mm \/ 150mm o 160mm - Todos los sillines FIZIK est\u00e1n disponibles en nuestro sitio en una amplia variedad de colores.\" \/>\n<meta name=\"robots\" content=\"index, follow, max-snippet:-1, max-image-preview:large, max-video-preview:-1\" \/>\n<link rel=\"canonical\" href=\"https:\/\/veloaxe.com\/fr\/produit\/sillin-fizik-terra-argo-x5\/\" \/>\n<meta property=\"og:locale\" content=\"fr_FR\" \/>\n<meta property=\"og:type\" content=\"article\" \/>\n<meta property=\"og:title\" content=\"SILLIN FIZIK TERRA ARGO X5 - GRAVEL | VELOAXE.COM\" \/>\n<meta property=\"og:description\" content=\"SILLIN FIZIK TERRA ARGO X5 - 140mm \/ 150mm o 160mm - Todos los sillines FIZIK est\u00e1n disponibles en nuestro sitio en una amplia variedad de colores.\" \/>\n<meta property=\"og:url\" content=\"https:\/\/veloaxe.com\/fr\/produit\/sillin-fizik-terra-argo-x5\/\" \/>\n<meta property=\"og:site_name\" content=\"Tienda de bicicletas | VELOAXE\" \/>\n<meta property=\"article:publisher\" content=\"https:\/\/www.facebook.com\/veloaxe\" \/>\n<meta property=\"article:modified_time\" content=\"2025-04-21T09:11:19+00:00\" \/>\n<meta property=\"og:image\" content=\"https:\/\/veloaxe.com\/wp-content\/uploads\/2025\/01\/sillin-fizik-terra-argo-x5.jpg\" \/>\n\t<meta property=\"og:image:width\" content=\"1000\" \/>\n\t<meta property=\"og:image:height\" content=\"1000\" \/>\n\t<meta property=\"og:image:type\" content=\"image\/jpeg\" \/>\n<meta name=\"twitter:card\" content=\"summary_large_image\" \/>\n<meta name=\"twitter:label1\" content=\"Dur\u00e9e de lecture estim\u00e9e\" \/>\n\t<meta name=\"twitter:data1\" content=\"3 minutes\" \/>\n<script type=\"application\/ld+json\" class=\"yoast-schema-graph\">{\"@context\":\"https:\\\/\\\/schema.org\",\"@graph\":[{\"@type\":\"WebPage\",\"@id\":\"https:\\\/\\\/veloaxe.com\\\/producto\\\/sillin-fizik-terra-argo-x5\\\/\",\"url\":\"https:\\\/\\\/veloaxe.com\\\/producto\\\/sillin-fizik-terra-argo-x5\\\/\",\"name\":\"SILLIN FIZIK TERRA ARGO X5 - GRAVEL | VELOAXE.COM\",\"isPartOf\":{\"@id\":\"https:\\\/\\\/veloaxe.com\\\/#website\"},\"primaryImageOfPage\":{\"@id\":\"https:\\\/\\\/veloaxe.com\\\/producto\\\/sillin-fizik-terra-argo-x5\\\/#primaryimage\"},\"image\":{\"@id\":\"https:\\\/\\\/veloaxe.com\\\/producto\\\/sillin-fizik-terra-argo-x5\\\/#primaryimage\"},\"thumbnailUrl\":\"https:\\\/\\\/veloaxe.com\\\/wp-content\\\/uploads\\\/2025\\\/01\\\/sillin-fizik-terra-argo-x5.jpg\",\"datePublished\":\"2025-01-26T16:56:52+00:00\",\"dateModified\":\"2025-04-21T09:11:19+00:00\",\"description\":\"SILLIN FIZIK TERRA ARGO X5 - 140mm \\\/ 150mm o 160mm - Todos los sillines FIZIK est\u00e1n disponibles en nuestro sitio en una amplia variedad de colores.\",\"breadcrumb\":{\"@id\":\"https:\\\/\\\/veloaxe.com\\\/producto\\\/sillin-fizik-terra-argo-x5\\\/#breadcrumb\"},\"inLanguage\":\"fr-FR\",\"potentialAction\":[{\"@type\":\"ReadAction\",\"target\":[\"https:\\\/\\\/veloaxe.com\\\/producto\\\/sillin-fizik-terra-argo-x5\\\/\"]}]},{\"@type\":\"ImageObject\",\"inLanguage\":\"fr-FR\",\"@id\":\"https:\\\/\\\/veloaxe.com\\\/producto\\\/sillin-fizik-terra-argo-x5\\\/#primaryimage\",\"url\":\"https:\\\/\\\/veloaxe.com\\\/wp-content\\\/uploads\\\/2025\\\/01\\\/sillin-fizik-terra-argo-x5.jpg\",\"contentUrl\":\"https:\\\/\\\/veloaxe.com\\\/wp-content\\\/uploads\\\/2025\\\/01\\\/sillin-fizik-terra-argo-x5.jpg\",\"width\":1000,\"height\":1000,\"caption\":\"sillin-fizik-terra-argo-x5\"},{\"@type\":\"BreadcrumbList\",\"@id\":\"https:\\\/\\\/veloaxe.com\\\/producto\\\/sillin-fizik-terra-argo-x5\\\/#breadcrumb\",\"itemListElement\":[{\"@type\":\"ListItem\",\"position\":1,\"name\":\"Portada\",\"item\":\"https:\\\/\\\/veloaxe.com\\\/\"},{\"@type\":\"ListItem\",\"position\":2,\"name\":\"Shop\",\"item\":\"https:\\\/\\\/paleturquoise-herring-271034.hostingersite.com\\\/shop\\\/\"},{\"@type\":\"ListItem\",\"position\":3,\"name\":\"SILLIN FIZIK TERRA ARGO X5\"}]},{\"@type\":\"WebSite\",\"@id\":\"https:\\\/\\\/veloaxe.com\\\/#website\",\"url\":\"https:\\\/\\\/veloaxe.com\\\/\",\"name\":\"Tienda de bicicletas | VELOAXE\",\"description\":\"Descubre una amplia selecci\u00f3n de bicicletas de alta calidad, desde modelos urbanos y de monta\u00f1a hasta bicicletas de carretera de \u00faltima generaci\u00f3n. Con un servicio experto y accesorios especializados, estamos comprometidos a brindarte la mejor experiencia ciclista.\",\"publisher\":{\"@id\":\"https:\\\/\\\/veloaxe.com\\\/#organization\"},\"potentialAction\":[{\"@type\":\"SearchAction\",\"target\":{\"@type\":\"EntryPoint\",\"urlTemplate\":\"https:\\\/\\\/veloaxe.com\\\/?s={search_term_string}\"},\"query-input\":{\"@type\":\"PropertyValueSpecification\",\"valueRequired\":true,\"valueName\":\"search_term_string\"}}],\"inLanguage\":\"fr-FR\"},{\"@type\":\"Organization\",\"@id\":\"https:\\\/\\\/veloaxe.com\\\/#organization\",\"name\":\"Tienda de bicicletas | VELOAXE\",\"url\":\"https:\\\/\\\/veloaxe.com\\\/\",\"logo\":{\"@type\":\"ImageObject\",\"inLanguage\":\"fr-FR\",\"@id\":\"https:\\\/\\\/veloaxe.com\\\/#\\\/schema\\\/logo\\\/image\\\/\",\"url\":\"https:\\\/\\\/veloaxe.com\\\/wp-content\\\/uploads\\\/2026\\\/01\\\/cropped-logo-1.jpg\",\"contentUrl\":\"https:\\\/\\\/veloaxe.com\\\/wp-content\\\/uploads\\\/2026\\\/01\\\/cropped-logo-1.jpg\",\"width\":1273,\"height\":363,\"caption\":\"Tienda de bicicletas | VELOAXE\"},\"image\":{\"@id\":\"https:\\\/\\\/veloaxe.com\\\/#\\\/schema\\\/logo\\\/image\\\/\"},\"sameAs\":[\"https:\\\/\\\/www.facebook.com\\\/veloaxe\"]}]}<\/script>\n<!-- \/ Yoast SEO plugin. -->","yoast_head_json":{"title":"SILLIN FIZIK TERRA ARGO X5 - GRAVEL | VELOAXE.COM","description":"SILLIN FIZIK TERRA ARGO X5 - 140mm \/ 150mm o 160mm - Todos los sillines FIZIK est\u00e1n disponibles en nuestro sitio en una amplia variedad de colores.","robots":{"index":"index","follow":"follow","max-snippet":"max-snippet:-1","max-image-preview":"max-image-preview:large","max-video-preview":"max-video-preview:-1"},"canonical":"https:\/\/veloaxe.com\/fr\/produit\/sillin-fizik-terra-argo-x5\/","og_locale":"fr_FR","og_type":"article","og_title":"SILLIN FIZIK TERRA ARGO X5 - GRAVEL | VELOAXE.COM","og_description":"SILLIN FIZIK TERRA ARGO X5 - 140mm \/ 150mm o 160mm - Todos los sillines FIZIK est\u00e1n disponibles en nuestro sitio en una amplia variedad de colores.","og_url":"https:\/\/veloaxe.com\/fr\/produit\/sillin-fizik-terra-argo-x5\/","og_site_name":"Tienda de bicicletas | VELOAXE","article_publisher":"https:\/\/www.facebook.com\/veloaxe","article_modified_time":"2025-04-21T09:11:19+00:00","og_image":[{"width":1000,"height":1000,"url":"https:\/\/veloaxe.com\/wp-content\/uploads\/2025\/01\/sillin-fizik-terra-argo-x5.jpg","type":"image\/jpeg"}],"twitter_card":"summary_large_image","twitter_misc":{"Dur\u00e9e de lecture estim\u00e9e":"3 minutes"},"schema":{"@context":"https:\/\/schema.org","@graph":[{"@type":"WebPage","@id":"https:\/\/veloaxe.com\/producto\/sillin-fizik-terra-argo-x5\/","url":"https:\/\/veloaxe.com\/producto\/sillin-fizik-terra-argo-x5\/","name":"SILLIN FIZIK TERRA ARGO X5 - GRAVEL | VELOAXE.COM","isPartOf":{"@id":"https:\/\/veloaxe.com\/#website"},"primaryImageOfPage":{"@id":"https:\/\/veloaxe.com\/producto\/sillin-fizik-terra-argo-x5\/#primaryimage"},"image":{"@id":"https:\/\/veloaxe.com\/producto\/sillin-fizik-terra-argo-x5\/#primaryimage"},"thumbnailUrl":"https:\/\/veloaxe.com\/wp-content\/uploads\/2025\/01\/sillin-fizik-terra-argo-x5.jpg","datePublished":"2025-01-26T16:56:52+00:00","dateModified":"2025-04-21T09:11:19+00:00","description":"SILLIN FIZIK TERRA ARGO X5 - 140mm \/ 150mm o 160mm - Todos los sillines FIZIK est\u00e1n disponibles en nuestro sitio en una amplia variedad de colores.","breadcrumb":{"@id":"https:\/\/veloaxe.com\/producto\/sillin-fizik-terra-argo-x5\/#breadcrumb"},"inLanguage":"fr-FR","potentialAction":[{"@type":"ReadAction","target":["https:\/\/veloaxe.com\/producto\/sillin-fizik-terra-argo-x5\/"]}]},{"@type":"ImageObject","inLanguage":"fr-FR","@id":"https:\/\/veloaxe.com\/producto\/sillin-fizik-terra-argo-x5\/#primaryimage","url":"https:\/\/veloaxe.com\/wp-content\/uploads\/2025\/01\/sillin-fizik-terra-argo-x5.jpg","contentUrl":"https:\/\/veloaxe.com\/wp-content\/uploads\/2025\/01\/sillin-fizik-terra-argo-x5.jpg","width":1000,"height":1000,"caption":"sillin-fizik-terra-argo-x5"},{"@type":"BreadcrumbList","@id":"https:\/\/veloaxe.com\/producto\/sillin-fizik-terra-argo-x5\/#breadcrumb","itemListElement":[{"@type":"ListItem","position":1,"name":"Portada","item":"https:\/\/veloaxe.com\/"},{"@type":"ListItem","position":2,"name":"Shop","item":"https:\/\/paleturquoise-herring-271034.hostingersite.com\/shop\/"},{"@type":"ListItem","position":3,"name":"SILLIN FIZIK TERRA ARGO X5"}]},{"@type":"WebSite","@id":"https:\/\/veloaxe.com\/#website","url":"https:\/\/veloaxe.com\/","name":"Boutique de v\u00e9lo en ligne | VELOAXE","description":"D\u00e9couvrez une large s\u00e9lection de v\u00e9los de haute qualit\u00e9, des mod\u00e8les urbains et de montagne aux v\u00e9los de route de pointe. Avec un service d'experts et des accessoires sp\u00e9cialis\u00e9s, nous nous engageons \u00e0 vous offrir la meilleure exp\u00e9rience de cyclisme.","publisher":{"@id":"https:\/\/veloaxe.com\/#organization"},"potentialAction":[{"@type":"SearchAction","target":{"@type":"EntryPoint","urlTemplate":"https:\/\/veloaxe.com\/?s={search_term_string}"},"query-input":{"@type":"PropertyValueSpecification","valueRequired":true,"valueName":"search_term_string"}}],"inLanguage":"fr-FR"},{"@type":"Organization","@id":"https:\/\/veloaxe.com\/#organization","name":"Boutique de v\u00e9lo en ligne | VELOAXE","url":"https:\/\/veloaxe.com\/","logo":{"@type":"ImageObject","inLanguage":"fr-FR","@id":"https:\/\/veloaxe.com\/#\/schema\/logo\/image\/","url":"https:\/\/veloaxe.com\/wp-content\/uploads\/2026\/01\/cropped-logo-1.jpg","contentUrl":"https:\/\/veloaxe.com\/wp-content\/uploads\/2026\/01\/cropped-logo-1.jpg","width":1273,"height":363,"caption":"Tienda de bicicletas | VELOAXE"},"image":{"@id":"https:\/\/veloaxe.com\/#\/schema\/logo\/image\/"},"sameAs":["https:\/\/www.facebook.com\/veloaxe"]}]}},"_links":{"self":[{"href":"https:\/\/veloaxe.com\/fr\/wp-json\/wp\/v2\/product\/19564","targetHints":{"allow":["GET"]}}],"collection":[{"href":"https:\/\/veloaxe.com\/fr\/wp-json\/wp\/v2\/product"}],"about":[{"href":"https:\/\/veloaxe.com\/fr\/wp-json\/wp\/v2\/types\/product"}],"replies":[{"embeddable":true,"href":"https:\/\/veloaxe.com\/fr\/wp-json\/wp\/v2\/comments?post=19564"}],"wp:featuredmedia":[{"embeddable":true,"href":"https:\/\/veloaxe.com\/fr\/wp-json\/wp\/v2\/media\/19568"}],"wp:attachment":[{"href":"https:\/\/veloaxe.com\/fr\/wp-json\/wp\/v2\/media?parent=19564"}],"wp:term":[{"taxonomy":"product_brand","embeddable":true,"href":"https:\/\/veloaxe.com\/fr\/wp-json\/wp\/v2\/product_brand?post=19564"},{"taxonomy":"product_cat","embeddable":true,"href":"https:\/\/veloaxe.com\/fr\/wp-json\/wp\/v2\/product_cat?post=19564"},{"taxonomy":"product_tag","embeddable":true,"href":"https:\/\/veloaxe.com\/fr\/wp-json\/wp\/v2\/product_tag?post=19564"}],"curies":[{"name":"wp","href":"https:\/\/api.w.org\/{rel}","templated":true}]}}