{"id":19592,"date":"2025-01-27T08:43:39","date_gmt":"2025-01-27T08:43:39","guid":{"rendered":"https:\/\/veloaxe.com\/?post_type=product&#038;p=19592"},"modified":"2025-04-20T08:55:36","modified_gmt":"2025-04-20T08:55:36","slug":"pedales-time-xpro-10-carbono","status":"publish","type":"product","link":"https:\/\/veloaxe.com\/fr\/producto\/pedales-time-xpro-10-carbono\/","title":{"rendered":"PEDALES TIME XPRO 10 CARBONO"},"content":{"rendered":"<p>Il <em><strong>TIME XPRO 10<\/strong><\/em> es la mejor combinaci\u00f3n de rendimiento y valor de TIME en un pedal ligero y ergon\u00f3mico listo para la carrera. El pedal maximiza la transferencia de potencia y la estabilidad gracias a su gran \u00e1rea de superficie cuadrada de 725 mm. El carenado inferior del pedal ayuda a mejorar la aerodin\u00e1mica y a proteger la hoja de carbono. El sistema ICLIC preabierto patentado de TIME permite un enganche r\u00e1pido y f\u00e1cil de la cala.<\/p>\n<p>Los pedales TIME est\u00e1n dise\u00f1ados para eliminar la incomodidad inducida por el pedal. Puede controlar con precisi\u00f3n la tensi\u00f3n del mecanismo de sujeci\u00f3n con tres configuraciones del ajuste de tensi\u00f3n en la hoja de carbono. Los pedales TIME XPRO ofrecen tres opciones de factor Q para brindar a los ciclistas m\u00e1s opciones ergon\u00f3micas. La altura baja de la pila del pedal proporciona un buen espacio libre. El <strong><em>TIME XPRO 10<\/em><\/strong> utiliza un eje hueco de acero inoxidable, lo que lo hace fuerte pero ligero.<\/p>\n<ul>\n<li>Rodamientos Acero<\/li>\n<li>Componente del cuerpo Relleno de carbono<\/li>\n<li>Calas ICLIC<\/li>\n<li>Altura de la pila de pedales 14,7 mm<\/li>\n<li>Libertad angular +5\u00b0 a -5\u00b0 con calas libres, 0\u00b0 con calas fijas<\/li>\n<li>\u00c1rea de superficie de contacto 725 mm2<\/li>\n<li>Distancia eje del pedal\/brazo de la biela Estrecho 51 mm, Regular 53 mm, Ancho 57 mm<\/li>\n<li>Libertad lateral +1,25 mm o -1,25 mm<\/li>\n<li>\u00c1ngulo de liberaci\u00f3n 16\u00b0 con calas libres<\/li>\n<li>Tensi\u00f3n 3 configuraciones diferentes de la hoja de carbono<\/li>\n<li>Roscado 9\/16 &#8211; 20 pulgadas<\/li>\n<li>Accesorios Calas ICLIC para pies libres<\/li>\n<li>Uso previsto Carretera<\/li>\n<li>Peso (g) 113<\/li>\n<\/ul>","protected":false},"excerpt":{"rendered":"<p>El TIME XPRO 10 es la mejor combinaci\u00f3n de rendimiento y valor de TIME en un pedal ligero y ergon\u00f3mico listo para la carrera. El pedal maximiza la transferencia de potencia y la estabilidad gracias a su gran \u00e1rea de superficie cuadrada de 725 mm. El carenado inferior del pedal ayuda a mejorar la aerodin\u00e1mica [&hellip;]<\/p>\n","protected":false},"featured_media":19595,"comment_status":"closed","ping_status":"closed","template":"","meta":[],"product_brand":[],"product_cat":[16,19,21],"product_tag":[],"class_list":{"0":"post-19592","1":"product","2":"type-product","3":"status-publish","4":"has-post-thumbnail","6":"product_cat-carretera-gravel-bicicletas","7":"product_cat-componentes-de-bicicletas","8":"product_cat-pedales-automatico","9":"product_shipping_class-no-bicicletas","11":"first","12":"instock","13":"sale","14":"shipping-taxable","15":"purchasable","16":"product-type-variable"},"yoast_head":"<!-- This site is optimized with the Yoast SEO plugin v27.6 - https:\/\/yoast.com\/product\/yoast-seo-wordpress\/ -->\n<title>PEDALES TIME XPRO 10 CARBONO | VELOAXE.COM<\/title>\n<meta name=\"description\" content=\"PEDALES TIME XPRO 10 CARBONO - Los pedales TIME est\u00e1n disponibles en tu sitio al mejor precio. Pedal de alta gama para un rendimiento \u00f3ptimo.\" \/>\n<meta name=\"robots\" content=\"index, follow, max-snippet:-1, max-image-preview:large, max-video-preview:-1\" \/>\n<link rel=\"canonical\" href=\"https:\/\/veloaxe.com\/fr\/produit\/pedales-time-xpro-10-carbono\/\" \/>\n<meta property=\"og:locale\" content=\"fr_FR\" \/>\n<meta property=\"og:type\" content=\"article\" \/>\n<meta property=\"og:title\" content=\"PEDALES TIME XPRO 10 CARBONO | VELOAXE.COM\" \/>\n<meta property=\"og:description\" content=\"PEDALES TIME XPRO 10 CARBONO - Los pedales TIME est\u00e1n disponibles en tu sitio al mejor precio. Pedal de alta gama para un rendimiento \u00f3ptimo.\" \/>\n<meta property=\"og:url\" content=\"https:\/\/veloaxe.com\/fr\/produit\/pedales-time-xpro-10-carbono\/\" \/>\n<meta property=\"og:site_name\" content=\"Tienda de bicicletas | VELOAXE\" \/>\n<meta property=\"article:publisher\" content=\"https:\/\/www.facebook.com\/veloaxe\" \/>\n<meta property=\"article:modified_time\" content=\"2025-04-20T08:55:36+00:00\" \/>\n<meta property=\"og:image\" content=\"https:\/\/veloaxe.com\/wp-content\/uploads\/2025\/01\/pedales-time-xpro-10.png\" \/>\n\t<meta property=\"og:image:width\" content=\"1000\" \/>\n\t<meta property=\"og:image:height\" content=\"1000\" \/>\n\t<meta property=\"og:image:type\" content=\"image\/png\" \/>\n<meta name=\"twitter:card\" content=\"summary_large_image\" \/>\n<meta name=\"twitter:label1\" content=\"Dur\u00e9e de lecture estim\u00e9e\" \/>\n\t<meta name=\"twitter:data1\" content=\"2 minutes\" \/>\n<script type=\"application\/ld+json\" class=\"yoast-schema-graph\">{\"@context\":\"https:\\\/\\\/schema.org\",\"@graph\":[{\"@type\":\"WebPage\",\"@id\":\"https:\\\/\\\/veloaxe.com\\\/producto\\\/pedales-time-xpro-10-carbono\\\/\",\"url\":\"https:\\\/\\\/veloaxe.com\\\/producto\\\/pedales-time-xpro-10-carbono\\\/\",\"name\":\"PEDALES TIME XPRO 10 CARBONO | VELOAXE.COM\",\"isPartOf\":{\"@id\":\"https:\\\/\\\/veloaxe.com\\\/#website\"},\"primaryImageOfPage\":{\"@id\":\"https:\\\/\\\/veloaxe.com\\\/producto\\\/pedales-time-xpro-10-carbono\\\/#primaryimage\"},\"image\":{\"@id\":\"https:\\\/\\\/veloaxe.com\\\/producto\\\/pedales-time-xpro-10-carbono\\\/#primaryimage\"},\"thumbnailUrl\":\"https:\\\/\\\/veloaxe.com\\\/wp-content\\\/uploads\\\/2025\\\/01\\\/pedales-time-xpro-10.png\",\"datePublished\":\"2025-01-27T08:43:39+00:00\",\"dateModified\":\"2025-04-20T08:55:36+00:00\",\"description\":\"PEDALES TIME XPRO 10 CARBONO - Los pedales TIME est\u00e1n disponibles en tu sitio al mejor precio. Pedal de alta gama para un rendimiento \u00f3ptimo.\",\"breadcrumb\":{\"@id\":\"https:\\\/\\\/veloaxe.com\\\/producto\\\/pedales-time-xpro-10-carbono\\\/#breadcrumb\"},\"inLanguage\":\"fr-FR\",\"potentialAction\":[{\"@type\":\"ReadAction\",\"target\":[\"https:\\\/\\\/veloaxe.com\\\/producto\\\/pedales-time-xpro-10-carbono\\\/\"]}]},{\"@type\":\"ImageObject\",\"inLanguage\":\"fr-FR\",\"@id\":\"https:\\\/\\\/veloaxe.com\\\/producto\\\/pedales-time-xpro-10-carbono\\\/#primaryimage\",\"url\":\"https:\\\/\\\/veloaxe.com\\\/wp-content\\\/uploads\\\/2025\\\/01\\\/pedales-time-xpro-10.png\",\"contentUrl\":\"https:\\\/\\\/veloaxe.com\\\/wp-content\\\/uploads\\\/2025\\\/01\\\/pedales-time-xpro-10.png\",\"width\":1000,\"height\":1000,\"caption\":\"pedales-time-xpro-10\"},{\"@type\":\"BreadcrumbList\",\"@id\":\"https:\\\/\\\/veloaxe.com\\\/producto\\\/pedales-time-xpro-10-carbono\\\/#breadcrumb\",\"itemListElement\":[{\"@type\":\"ListItem\",\"position\":1,\"name\":\"Portada\",\"item\":\"https:\\\/\\\/veloaxe.com\\\/\"},{\"@type\":\"ListItem\",\"position\":2,\"name\":\"Shop\",\"item\":\"https:\\\/\\\/paleturquoise-herring-271034.hostingersite.com\\\/shop\\\/\"},{\"@type\":\"ListItem\",\"position\":3,\"name\":\"PEDALES TIME XPRO 10 CARBONO\"}]},{\"@type\":\"WebSite\",\"@id\":\"https:\\\/\\\/veloaxe.com\\\/#website\",\"url\":\"https:\\\/\\\/veloaxe.com\\\/\",\"name\":\"Tienda de bicicletas | VELOAXE\",\"description\":\"Descubre una amplia selecci\u00f3n de bicicletas de alta calidad, desde modelos urbanos y de monta\u00f1a hasta bicicletas de carretera de \u00faltima generaci\u00f3n. Con un servicio experto y accesorios especializados, estamos comprometidos a brindarte la mejor experiencia ciclista.\",\"publisher\":{\"@id\":\"https:\\\/\\\/veloaxe.com\\\/#organization\"},\"potentialAction\":[{\"@type\":\"SearchAction\",\"target\":{\"@type\":\"EntryPoint\",\"urlTemplate\":\"https:\\\/\\\/veloaxe.com\\\/?s={search_term_string}\"},\"query-input\":{\"@type\":\"PropertyValueSpecification\",\"valueRequired\":true,\"valueName\":\"search_term_string\"}}],\"inLanguage\":\"fr-FR\"},{\"@type\":\"Organization\",\"@id\":\"https:\\\/\\\/veloaxe.com\\\/#organization\",\"name\":\"Tienda de bicicletas | VELOAXE\",\"url\":\"https:\\\/\\\/veloaxe.com\\\/\",\"logo\":{\"@type\":\"ImageObject\",\"inLanguage\":\"fr-FR\",\"@id\":\"https:\\\/\\\/veloaxe.com\\\/#\\\/schema\\\/logo\\\/image\\\/\",\"url\":\"https:\\\/\\\/veloaxe.com\\\/wp-content\\\/uploads\\\/2026\\\/01\\\/cropped-logo-1.jpg\",\"contentUrl\":\"https:\\\/\\\/veloaxe.com\\\/wp-content\\\/uploads\\\/2026\\\/01\\\/cropped-logo-1.jpg\",\"width\":1273,\"height\":363,\"caption\":\"Tienda de bicicletas | VELOAXE\"},\"image\":{\"@id\":\"https:\\\/\\\/veloaxe.com\\\/#\\\/schema\\\/logo\\\/image\\\/\"},\"sameAs\":[\"https:\\\/\\\/www.facebook.com\\\/veloaxe\"]}]}<\/script>\n<!-- \/ Yoast SEO plugin. -->","yoast_head_json":{"title":"PEDALES TIME XPRO 10 CARBONO | VELOAXE.COM","description":"PEDALES TIME XPRO 10 CARBONO - Los pedales TIME est\u00e1n disponibles en tu sitio al mejor precio. Pedal de alta gama para un rendimiento \u00f3ptimo.","robots":{"index":"index","follow":"follow","max-snippet":"max-snippet:-1","max-image-preview":"max-image-preview:large","max-video-preview":"max-video-preview:-1"},"canonical":"https:\/\/veloaxe.com\/fr\/produit\/pedales-time-xpro-10-carbono\/","og_locale":"fr_FR","og_type":"article","og_title":"PEDALES TIME XPRO 10 CARBONO | VELOAXE.COM","og_description":"PEDALES TIME XPRO 10 CARBONO - Los pedales TIME est\u00e1n disponibles en tu sitio al mejor precio. Pedal de alta gama para un rendimiento \u00f3ptimo.","og_url":"https:\/\/veloaxe.com\/fr\/produit\/pedales-time-xpro-10-carbono\/","og_site_name":"Tienda de bicicletas | VELOAXE","article_publisher":"https:\/\/www.facebook.com\/veloaxe","article_modified_time":"2025-04-20T08:55:36+00:00","og_image":[{"width":1000,"height":1000,"url":"https:\/\/veloaxe.com\/wp-content\/uploads\/2025\/01\/pedales-time-xpro-10.png","type":"image\/png"}],"twitter_card":"summary_large_image","twitter_misc":{"Dur\u00e9e de lecture estim\u00e9e":"2 minutes"},"schema":{"@context":"https:\/\/schema.org","@graph":[{"@type":"WebPage","@id":"https:\/\/veloaxe.com\/producto\/pedales-time-xpro-10-carbono\/","url":"https:\/\/veloaxe.com\/producto\/pedales-time-xpro-10-carbono\/","name":"PEDALES TIME XPRO 10 CARBONO | VELOAXE.COM","isPartOf":{"@id":"https:\/\/veloaxe.com\/#website"},"primaryImageOfPage":{"@id":"https:\/\/veloaxe.com\/producto\/pedales-time-xpro-10-carbono\/#primaryimage"},"image":{"@id":"https:\/\/veloaxe.com\/producto\/pedales-time-xpro-10-carbono\/#primaryimage"},"thumbnailUrl":"https:\/\/veloaxe.com\/wp-content\/uploads\/2025\/01\/pedales-time-xpro-10.png","datePublished":"2025-01-27T08:43:39+00:00","dateModified":"2025-04-20T08:55:36+00:00","description":"PEDALES TIME XPRO 10 CARBONO - Los pedales TIME est\u00e1n disponibles en tu sitio al mejor precio. Pedal de alta gama para un rendimiento \u00f3ptimo.","breadcrumb":{"@id":"https:\/\/veloaxe.com\/producto\/pedales-time-xpro-10-carbono\/#breadcrumb"},"inLanguage":"fr-FR","potentialAction":[{"@type":"ReadAction","target":["https:\/\/veloaxe.com\/producto\/pedales-time-xpro-10-carbono\/"]}]},{"@type":"ImageObject","inLanguage":"fr-FR","@id":"https:\/\/veloaxe.com\/producto\/pedales-time-xpro-10-carbono\/#primaryimage","url":"https:\/\/veloaxe.com\/wp-content\/uploads\/2025\/01\/pedales-time-xpro-10.png","contentUrl":"https:\/\/veloaxe.com\/wp-content\/uploads\/2025\/01\/pedales-time-xpro-10.png","width":1000,"height":1000,"caption":"pedales-time-xpro-10"},{"@type":"BreadcrumbList","@id":"https:\/\/veloaxe.com\/producto\/pedales-time-xpro-10-carbono\/#breadcrumb","itemListElement":[{"@type":"ListItem","position":1,"name":"Portada","item":"https:\/\/veloaxe.com\/"},{"@type":"ListItem","position":2,"name":"Shop","item":"https:\/\/paleturquoise-herring-271034.hostingersite.com\/shop\/"},{"@type":"ListItem","position":3,"name":"PEDALES TIME XPRO 10 CARBONO"}]},{"@type":"WebSite","@id":"https:\/\/veloaxe.com\/#website","url":"https:\/\/veloaxe.com\/","name":"Boutique de v\u00e9lo en ligne | VELOAXE","description":"D\u00e9couvrez une large s\u00e9lection de v\u00e9los de haute qualit\u00e9, des mod\u00e8les urbains et de montagne aux v\u00e9los de route de pointe. Avec un service d'experts et des accessoires sp\u00e9cialis\u00e9s, nous nous engageons \u00e0 vous offrir la meilleure exp\u00e9rience de cyclisme.","publisher":{"@id":"https:\/\/veloaxe.com\/#organization"},"potentialAction":[{"@type":"SearchAction","target":{"@type":"EntryPoint","urlTemplate":"https:\/\/veloaxe.com\/?s={search_term_string}"},"query-input":{"@type":"PropertyValueSpecification","valueRequired":true,"valueName":"search_term_string"}}],"inLanguage":"fr-FR"},{"@type":"Organization","@id":"https:\/\/veloaxe.com\/#organization","name":"Boutique de v\u00e9lo en ligne | VELOAXE","url":"https:\/\/veloaxe.com\/","logo":{"@type":"ImageObject","inLanguage":"fr-FR","@id":"https:\/\/veloaxe.com\/#\/schema\/logo\/image\/","url":"https:\/\/veloaxe.com\/wp-content\/uploads\/2026\/01\/cropped-logo-1.jpg","contentUrl":"https:\/\/veloaxe.com\/wp-content\/uploads\/2026\/01\/cropped-logo-1.jpg","width":1273,"height":363,"caption":"Tienda de bicicletas | VELOAXE"},"image":{"@id":"https:\/\/veloaxe.com\/#\/schema\/logo\/image\/"},"sameAs":["https:\/\/www.facebook.com\/veloaxe"]}]}},"_links":{"self":[{"href":"https:\/\/veloaxe.com\/fr\/wp-json\/wp\/v2\/product\/19592","targetHints":{"allow":["GET"]}}],"collection":[{"href":"https:\/\/veloaxe.com\/fr\/wp-json\/wp\/v2\/product"}],"about":[{"href":"https:\/\/veloaxe.com\/fr\/wp-json\/wp\/v2\/types\/product"}],"replies":[{"embeddable":true,"href":"https:\/\/veloaxe.com\/fr\/wp-json\/wp\/v2\/comments?post=19592"}],"wp:featuredmedia":[{"embeddable":true,"href":"https:\/\/veloaxe.com\/fr\/wp-json\/wp\/v2\/media\/19595"}],"wp:attachment":[{"href":"https:\/\/veloaxe.com\/fr\/wp-json\/wp\/v2\/media?parent=19592"}],"wp:term":[{"taxonomy":"product_brand","embeddable":true,"href":"https:\/\/veloaxe.com\/fr\/wp-json\/wp\/v2\/product_brand?post=19592"},{"taxonomy":"product_cat","embeddable":true,"href":"https:\/\/veloaxe.com\/fr\/wp-json\/wp\/v2\/product_cat?post=19592"},{"taxonomy":"product_tag","embeddable":true,"href":"https:\/\/veloaxe.com\/fr\/wp-json\/wp\/v2\/product_tag?post=19592"}],"curies":[{"name":"wp","href":"https:\/\/api.w.org\/{rel}","templated":true}]}}