{"id":19631,"date":"2025-01-28T08:57:58","date_gmt":"2025-01-28T08:57:58","guid":{"rendered":"https:\/\/veloaxe.com\/?post_type=product&#038;p=19631"},"modified":"2025-04-17T10:54:57","modified_gmt":"2025-04-17T10:54:57","slug":"pedales-time-speciale-10","status":"publish","type":"product","link":"https:\/\/veloaxe.com\/fr\/produit\/pedales-time-speciale-10\/","title":{"rendered":"PEDALES TIME SPECIALE 10"},"content":{"rendered":"<p>El <em><strong>TIME SPECIALE 10<\/strong><\/em>, aunque est\u00e1 inspirado en el SPECIALE 12 de gama alta, tambi\u00e9n se destaca por s\u00ed solo como un pedal de alto rendimiento. Este pedal est\u00e1 a la altura de cualquier desaf\u00edo que le presenten las rutas de descenso, enduro y senderos. Elija entre dos tama\u00f1os: grande (69 x 90 mm) para descenso y enduro, o peque\u00f1o (64 x 80 mm) para senderos o enduro.<\/p>\n<p>El <em><strong>TIME SPECIALE 10<\/strong><\/em>, duradero y con buen agarre, cuenta con una plataforma anodizada tipo callej\u00f3n y un eje de acero hueco de gran tama\u00f1o. El pedal es ajustable por retenci\u00f3n de resorte (microm\u00e9trico) para satisfacer las demandas de los ciclistas avanzados y cuenta con el dise\u00f1o ATAC de TIME para una entrada f\u00e1cil, una liberaci\u00f3n predecible y una eliminaci\u00f3n del barro para un rendimiento confiable en todas las condiciones.<\/p>\n<ul>\n<li>Rodamientos Acero<\/li>\n<li>Componente del cuerpo 6106 T6 &#8211; Aluminio<\/li>\n<li>Calas Calas ATAC<\/li>\n<li>Altura de la pila de pedales 18,3 mm<\/li>\n<li>Libertad angular +5\u00b0 a -5\u00b0 con calas libres, 0\u00b0 con calas fijas<\/li>\n<li>\u00c1rea de superficie de contacto n\/a<\/li>\n<li>Distancia eje del pedal\/brazo de la biela 54 mm<\/li>\n<li>Libertad lateral +2,5 mm o -2,5 mm<\/li>\n<li>\u00c1ngulo de liberaci\u00f3n 10\u00b0 con calas ATAC Easy, 13 o 17\u00b0 con calas ATAC<\/li>\n<li>Ajuste micro de tensi\u00f3n<\/li>\n<li>Roscado 9\/16 &#8211; 20 pulgadas<\/li>\n<li>Tama\u00f1o de la plataforma Grande, Peque\u00f1o<\/li>\n<li>Accesorios CALAS ATAC Y 20 TORNILLOS DE AGARRE<\/li>\n<li>Uso previsto Enduro<\/li>\n<li>Peso (g) 197<\/li>\n<\/ul>","protected":false},"excerpt":{"rendered":"<p>El TIME SPECIALE 10, aunque est\u00e1 inspirado en el SPECIALE 12 de gama alta, tambi\u00e9n se destaca por s\u00ed solo como un pedal de alto rendimiento. Este pedal est\u00e1 a la altura de cualquier desaf\u00edo que le presenten las rutas de descenso, enduro y senderos. Elija entre dos tama\u00f1os: grande (69 x 90 mm) para [&hellip;]<\/p>\n","protected":false},"featured_media":19632,"comment_status":"closed","ping_status":"closed","template":"","meta":[],"product_brand":[],"product_cat":[46,47,54],"product_tag":[],"class_list":{"0":"post-19631","1":"product","2":"type-product","3":"status-publish","4":"has-post-thumbnail","6":"product_cat-btt-bicicleta-de-montana","7":"product_cat-componentes-para-btt","8":"product_cat-pedales-planos-o-automaticos-para-btt","9":"product_shipping_class-no-bicicletas","11":"first","12":"instock","13":"sale","14":"shipping-taxable","15":"purchasable","16":"product-type-variable"},"yoast_head":"<!-- This site is optimized with the Yoast SEO plugin v27.6 - https:\/\/yoast.com\/product\/yoast-seo-wordpress\/ -->\n<title>PEDALES TIME SPECIALE 10 | VELOAXE.COM<\/title>\n<meta name=\"description\" content=\"PEDALES TIME SPECIALE 10 - Los pedales TIME est\u00e1n disponibles en tu sitio al mejor precio. Pedal de alta gama para un rendimiento \u00f3ptimo.\" \/>\n<meta name=\"robots\" content=\"index, follow, max-snippet:-1, max-image-preview:large, max-video-preview:-1\" \/>\n<link rel=\"canonical\" href=\"https:\/\/veloaxe.com\/fr\/produit\/pedales-time-speciale-10\/\" \/>\n<meta property=\"og:locale\" content=\"fr_FR\" \/>\n<meta property=\"og:type\" content=\"article\" \/>\n<meta property=\"og:title\" content=\"PEDALES TIME SPECIALE 10 | VELOAXE.COM\" \/>\n<meta property=\"og:description\" content=\"PEDALES TIME SPECIALE 10 - Los pedales TIME est\u00e1n disponibles en tu sitio al mejor precio. Pedal de alta gama para un rendimiento \u00f3ptimo.\" \/>\n<meta property=\"og:url\" content=\"https:\/\/veloaxe.com\/fr\/produit\/pedales-time-speciale-10\/\" \/>\n<meta property=\"og:site_name\" content=\"Tienda de bicicletas | VELOAXE\" \/>\n<meta property=\"article:publisher\" content=\"https:\/\/www.facebook.com\/veloaxe\" \/>\n<meta property=\"article:modified_time\" content=\"2025-04-17T10:54:57+00:00\" \/>\n<meta property=\"og:image\" content=\"https:\/\/veloaxe.com\/wp-content\/uploads\/2025\/01\/pedales-time-speciale-10.jpg\" \/>\n\t<meta property=\"og:image:width\" content=\"1000\" \/>\n\t<meta property=\"og:image:height\" content=\"1000\" \/>\n\t<meta property=\"og:image:type\" content=\"image\/jpeg\" \/>\n<meta name=\"twitter:card\" content=\"summary_large_image\" \/>\n<meta name=\"twitter:label1\" content=\"Dur\u00e9e de lecture estim\u00e9e\" \/>\n\t<meta name=\"twitter:data1\" content=\"2 minutes\" \/>\n<script type=\"application\/ld+json\" class=\"yoast-schema-graph\">{\"@context\":\"https:\\\/\\\/schema.org\",\"@graph\":[{\"@type\":\"WebPage\",\"@id\":\"https:\\\/\\\/veloaxe.com\\\/producto\\\/pedales-time-speciale-10\\\/\",\"url\":\"https:\\\/\\\/veloaxe.com\\\/producto\\\/pedales-time-speciale-10\\\/\",\"name\":\"PEDALES TIME SPECIALE 10 | VELOAXE.COM\",\"isPartOf\":{\"@id\":\"https:\\\/\\\/veloaxe.com\\\/#website\"},\"primaryImageOfPage\":{\"@id\":\"https:\\\/\\\/veloaxe.com\\\/producto\\\/pedales-time-speciale-10\\\/#primaryimage\"},\"image\":{\"@id\":\"https:\\\/\\\/veloaxe.com\\\/producto\\\/pedales-time-speciale-10\\\/#primaryimage\"},\"thumbnailUrl\":\"https:\\\/\\\/veloaxe.com\\\/wp-content\\\/uploads\\\/2025\\\/01\\\/pedales-time-speciale-10.jpg\",\"datePublished\":\"2025-01-28T08:57:58+00:00\",\"dateModified\":\"2025-04-17T10:54:57+00:00\",\"description\":\"PEDALES TIME SPECIALE 10 - Los pedales TIME est\u00e1n disponibles en tu sitio al mejor precio. Pedal de alta gama para un rendimiento \u00f3ptimo.\",\"breadcrumb\":{\"@id\":\"https:\\\/\\\/veloaxe.com\\\/producto\\\/pedales-time-speciale-10\\\/#breadcrumb\"},\"inLanguage\":\"fr-FR\",\"potentialAction\":[{\"@type\":\"ReadAction\",\"target\":[\"https:\\\/\\\/veloaxe.com\\\/producto\\\/pedales-time-speciale-10\\\/\"]}]},{\"@type\":\"ImageObject\",\"inLanguage\":\"fr-FR\",\"@id\":\"https:\\\/\\\/veloaxe.com\\\/producto\\\/pedales-time-speciale-10\\\/#primaryimage\",\"url\":\"https:\\\/\\\/veloaxe.com\\\/wp-content\\\/uploads\\\/2025\\\/01\\\/pedales-time-speciale-10.jpg\",\"contentUrl\":\"https:\\\/\\\/veloaxe.com\\\/wp-content\\\/uploads\\\/2025\\\/01\\\/pedales-time-speciale-10.jpg\",\"width\":1000,\"height\":1000,\"caption\":\"pedales-time-speciale-10\"},{\"@type\":\"BreadcrumbList\",\"@id\":\"https:\\\/\\\/veloaxe.com\\\/producto\\\/pedales-time-speciale-10\\\/#breadcrumb\",\"itemListElement\":[{\"@type\":\"ListItem\",\"position\":1,\"name\":\"Portada\",\"item\":\"https:\\\/\\\/paleturquoise-herring-271034.hostingersite.com\\\/\"},{\"@type\":\"ListItem\",\"position\":2,\"name\":\"Shop\",\"item\":\"https:\\\/\\\/paleturquoise-herring-271034.hostingersite.com\\\/shop\\\/\"},{\"@type\":\"ListItem\",\"position\":3,\"name\":\"PEDALES TIME SPECIALE 10\"}]},{\"@type\":\"WebSite\",\"@id\":\"https:\\\/\\\/veloaxe.com\\\/#website\",\"url\":\"https:\\\/\\\/veloaxe.com\\\/\",\"name\":\"Tienda de bicicletas | VELOAXE\",\"description\":\"Descubre una amplia selecci\u00f3n de bicicletas de alta calidad, desde modelos urbanos y de monta\u00f1a hasta bicicletas de carretera de \u00faltima generaci\u00f3n. Con un servicio experto y accesorios especializados, estamos comprometidos a brindarte la mejor experiencia ciclista.\",\"publisher\":{\"@id\":\"https:\\\/\\\/veloaxe.com\\\/#organization\"},\"potentialAction\":[{\"@type\":\"SearchAction\",\"target\":{\"@type\":\"EntryPoint\",\"urlTemplate\":\"https:\\\/\\\/veloaxe.com\\\/?s={search_term_string}\"},\"query-input\":{\"@type\":\"PropertyValueSpecification\",\"valueRequired\":true,\"valueName\":\"search_term_string\"}}],\"inLanguage\":\"fr-FR\"},{\"@type\":\"Organization\",\"@id\":\"https:\\\/\\\/veloaxe.com\\\/#organization\",\"name\":\"Tienda de bicicletas | VELOAXE\",\"url\":\"https:\\\/\\\/veloaxe.com\\\/\",\"logo\":{\"@type\":\"ImageObject\",\"inLanguage\":\"fr-FR\",\"@id\":\"https:\\\/\\\/veloaxe.com\\\/#\\\/schema\\\/logo\\\/image\\\/\",\"url\":\"https:\\\/\\\/veloaxe.com\\\/wp-content\\\/uploads\\\/2026\\\/01\\\/cropped-logo-1.jpg\",\"contentUrl\":\"https:\\\/\\\/veloaxe.com\\\/wp-content\\\/uploads\\\/2026\\\/01\\\/cropped-logo-1.jpg\",\"width\":1273,\"height\":363,\"caption\":\"Tienda de bicicletas | VELOAXE\"},\"image\":{\"@id\":\"https:\\\/\\\/veloaxe.com\\\/#\\\/schema\\\/logo\\\/image\\\/\"},\"sameAs\":[\"https:\\\/\\\/www.facebook.com\\\/veloaxe\"]}]}<\/script>\n<!-- \/ Yoast SEO plugin. -->","yoast_head_json":{"title":"PEDALES TIME SPECIALE 10 | VELOAXE.COM","description":"PEDALES TIME SPECIALE 10 - Los pedales TIME est\u00e1n disponibles en tu sitio al mejor precio. Pedal de alta gama para un rendimiento \u00f3ptimo.","robots":{"index":"index","follow":"follow","max-snippet":"max-snippet:-1","max-image-preview":"max-image-preview:large","max-video-preview":"max-video-preview:-1"},"canonical":"https:\/\/veloaxe.com\/fr\/produit\/pedales-time-speciale-10\/","og_locale":"fr_FR","og_type":"article","og_title":"PEDALES TIME SPECIALE 10 | VELOAXE.COM","og_description":"PEDALES TIME SPECIALE 10 - Los pedales TIME est\u00e1n disponibles en tu sitio al mejor precio. Pedal de alta gama para un rendimiento \u00f3ptimo.","og_url":"https:\/\/veloaxe.com\/fr\/produit\/pedales-time-speciale-10\/","og_site_name":"Tienda de bicicletas | VELOAXE","article_publisher":"https:\/\/www.facebook.com\/veloaxe","article_modified_time":"2025-04-17T10:54:57+00:00","og_image":[{"width":1000,"height":1000,"url":"https:\/\/veloaxe.com\/wp-content\/uploads\/2025\/01\/pedales-time-speciale-10.jpg","type":"image\/jpeg"}],"twitter_card":"summary_large_image","twitter_misc":{"Dur\u00e9e de lecture estim\u00e9e":"2 minutes"},"schema":{"@context":"https:\/\/schema.org","@graph":[{"@type":"WebPage","@id":"https:\/\/veloaxe.com\/producto\/pedales-time-speciale-10\/","url":"https:\/\/veloaxe.com\/producto\/pedales-time-speciale-10\/","name":"PEDALES TIME SPECIALE 10 | VELOAXE.COM","isPartOf":{"@id":"https:\/\/veloaxe.com\/#website"},"primaryImageOfPage":{"@id":"https:\/\/veloaxe.com\/producto\/pedales-time-speciale-10\/#primaryimage"},"image":{"@id":"https:\/\/veloaxe.com\/producto\/pedales-time-speciale-10\/#primaryimage"},"thumbnailUrl":"https:\/\/veloaxe.com\/wp-content\/uploads\/2025\/01\/pedales-time-speciale-10.jpg","datePublished":"2025-01-28T08:57:58+00:00","dateModified":"2025-04-17T10:54:57+00:00","description":"PEDALES TIME SPECIALE 10 - Los pedales TIME est\u00e1n disponibles en tu sitio al mejor precio. Pedal de alta gama para un rendimiento \u00f3ptimo.","breadcrumb":{"@id":"https:\/\/veloaxe.com\/producto\/pedales-time-speciale-10\/#breadcrumb"},"inLanguage":"fr-FR","potentialAction":[{"@type":"ReadAction","target":["https:\/\/veloaxe.com\/producto\/pedales-time-speciale-10\/"]}]},{"@type":"ImageObject","inLanguage":"fr-FR","@id":"https:\/\/veloaxe.com\/producto\/pedales-time-speciale-10\/#primaryimage","url":"https:\/\/veloaxe.com\/wp-content\/uploads\/2025\/01\/pedales-time-speciale-10.jpg","contentUrl":"https:\/\/veloaxe.com\/wp-content\/uploads\/2025\/01\/pedales-time-speciale-10.jpg","width":1000,"height":1000,"caption":"pedales-time-speciale-10"},{"@type":"BreadcrumbList","@id":"https:\/\/veloaxe.com\/producto\/pedales-time-speciale-10\/#breadcrumb","itemListElement":[{"@type":"ListItem","position":1,"name":"Portada","item":"https:\/\/paleturquoise-herring-271034.hostingersite.com\/"},{"@type":"ListItem","position":2,"name":"Shop","item":"https:\/\/paleturquoise-herring-271034.hostingersite.com\/shop\/"},{"@type":"ListItem","position":3,"name":"PEDALES TIME SPECIALE 10"}]},{"@type":"WebSite","@id":"https:\/\/veloaxe.com\/#website","url":"https:\/\/veloaxe.com\/","name":"Boutique de v\u00e9lo en ligne | VELOAXE","description":"Descubre una amplia selecci\u00f3n de bicicletas de alta calidad, desde modelos urbanos y de monta\u00f1a hasta bicicletas de carretera de \u00faltima generaci\u00f3n. Con un servicio experto y accesorios especializados, estamos comprometidos a brindarte la mejor experiencia ciclista.","publisher":{"@id":"https:\/\/veloaxe.com\/#organization"},"potentialAction":[{"@type":"SearchAction","target":{"@type":"EntryPoint","urlTemplate":"https:\/\/veloaxe.com\/?s={search_term_string}"},"query-input":{"@type":"PropertyValueSpecification","valueRequired":true,"valueName":"search_term_string"}}],"inLanguage":"fr-FR"},{"@type":"Organization","@id":"https:\/\/veloaxe.com\/#organization","name":"Boutique de v\u00e9lo en ligne | VELOAXE","url":"https:\/\/veloaxe.com\/","logo":{"@type":"ImageObject","inLanguage":"fr-FR","@id":"https:\/\/veloaxe.com\/#\/schema\/logo\/image\/","url":"https:\/\/veloaxe.com\/wp-content\/uploads\/2026\/01\/cropped-logo-1.jpg","contentUrl":"https:\/\/veloaxe.com\/wp-content\/uploads\/2026\/01\/cropped-logo-1.jpg","width":1273,"height":363,"caption":"Tienda de bicicletas | VELOAXE"},"image":{"@id":"https:\/\/veloaxe.com\/#\/schema\/logo\/image\/"},"sameAs":["https:\/\/www.facebook.com\/veloaxe"]}]}},"_links":{"self":[{"href":"https:\/\/veloaxe.com\/fr\/wp-json\/wp\/v2\/product\/19631","targetHints":{"allow":["GET"]}}],"collection":[{"href":"https:\/\/veloaxe.com\/fr\/wp-json\/wp\/v2\/product"}],"about":[{"href":"https:\/\/veloaxe.com\/fr\/wp-json\/wp\/v2\/types\/product"}],"replies":[{"embeddable":true,"href":"https:\/\/veloaxe.com\/fr\/wp-json\/wp\/v2\/comments?post=19631"}],"wp:featuredmedia":[{"embeddable":true,"href":"https:\/\/veloaxe.com\/fr\/wp-json\/wp\/v2\/media\/19632"}],"wp:attachment":[{"href":"https:\/\/veloaxe.com\/fr\/wp-json\/wp\/v2\/media?parent=19631"}],"wp:term":[{"taxonomy":"product_brand","embeddable":true,"href":"https:\/\/veloaxe.com\/fr\/wp-json\/wp\/v2\/product_brand?post=19631"},{"taxonomy":"product_cat","embeddable":true,"href":"https:\/\/veloaxe.com\/fr\/wp-json\/wp\/v2\/product_cat?post=19631"},{"taxonomy":"product_tag","embeddable":true,"href":"https:\/\/veloaxe.com\/fr\/wp-json\/wp\/v2\/product_tag?post=19631"}],"curies":[{"name":"wp","href":"https:\/\/api.w.org\/{rel}","templated":true}]}}