{"id":19640,"date":"2025-01-28T09:25:33","date_gmt":"2025-01-28T09:25:33","guid":{"rendered":"https:\/\/veloaxe.com\/?post_type=product&#038;p=19640"},"modified":"2025-04-17T10:49:40","modified_gmt":"2025-04-17T10:49:40","slug":"calas-time-atac-easy-10","status":"publish","type":"product","link":"https:\/\/veloaxe.com\/fr\/produit\/calas-time-atac-easy-10\/","title":{"rendered":"CALAS TIME ATAC EASY 10\u00b0"},"content":{"rendered":"<p>La <strong>cala ATAC EASY 10\u00b0<\/strong> funciona con todos los pedales de monta\u00f1a TIME. Esta es la cala incluida con el modelo de pedal de monta\u00f1a de nivel 4. Esta cala ofrece un \u00e1ngulo de liberaci\u00f3n del tal\u00f3n de 10 grados y es compatible con todos los zapatos de ciclismo de dos agujeros. No dejes que el nombre &#8220;EASY&#8221; te enga\u00f1e. Si eres un ciclista de alto rendimiento que busca reducir el \u00e1ngulo de liberaci\u00f3n de nuestros 13 o 17 grados, esta es la opci\u00f3n para ti.<\/p>\n<p>Ponerse los pedales es sencillo y r\u00e1pido gracias al dise\u00f1o de gran \u00e1ngulo de entrada de la tecnolog\u00eda ATAC. ATAC permite un amplio \u00e1ngulo de entrada para un enganche positivo que permite el movimiento natural del pie. Adem\u00e1s, un pedal limpio es un pedal eficiente. Ojal\u00e1 limpiar el resto de tu bicicleta fuera as\u00ed de f\u00e1cil: cada vez que te subes al pedal, ATAC limpia el barro y los residuos a medida que lo haces.<\/p>","protected":false},"excerpt":{"rendered":"<p>La cala ATAC EASY 10\u00b0 funciona con todos los pedales de monta\u00f1a TIME. Esta es la cala incluida con el modelo de pedal de monta\u00f1a de nivel 4. Esta cala ofrece un \u00e1ngulo de liberaci\u00f3n del tal\u00f3n de 10 grados y es compatible con todos los zapatos de ciclismo de dos agujeros. No dejes que [&hellip;]<\/p>\n","protected":false},"featured_media":19641,"comment_status":"closed","ping_status":"closed","template":"","meta":[],"product_brand":[],"product_cat":[46,47,54],"product_tag":[],"class_list":{"0":"post-19640","1":"product","2":"type-product","3":"status-publish","4":"has-post-thumbnail","6":"product_cat-btt-bicicleta-de-montana","7":"product_cat-componentes-para-btt","8":"product_cat-pedales-planos-o-automaticos-para-btt","9":"product_shipping_class-no-bicicletas","11":"first","12":"instock","13":"sale","14":"shipping-taxable","15":"purchasable","16":"product-type-simple"},"yoast_head":"<!-- This site is optimized with the Yoast SEO plugin v27.6 - https:\/\/yoast.com\/product\/yoast-seo-wordpress\/ -->\n<title>CALAS TIME ATAC EASY 10\u00b0 | VELOAXE.COM<\/title>\n<meta name=\"description\" content=\"CALAS TIME ATAC EASY 10\u00b0 - Calas TIME est\u00e1n disponibles en tu sitio al mejor precio. Calas de alta gama para un rendimiento \u00f3ptimo.\" \/>\n<meta name=\"robots\" content=\"index, follow, max-snippet:-1, max-image-preview:large, max-video-preview:-1\" \/>\n<link rel=\"canonical\" href=\"https:\/\/veloaxe.com\/fr\/produit\/calas-time-atac-easy-10\/\" \/>\n<meta property=\"og:locale\" content=\"fr_FR\" \/>\n<meta property=\"og:type\" content=\"article\" \/>\n<meta property=\"og:title\" content=\"CALAS TIME ATAC EASY 10\u00b0 | VELOAXE.COM\" \/>\n<meta property=\"og:description\" content=\"CALAS TIME ATAC EASY 10\u00b0 - Calas TIME est\u00e1n disponibles en tu sitio al mejor precio. Calas de alta gama para un rendimiento \u00f3ptimo.\" \/>\n<meta property=\"og:url\" content=\"https:\/\/veloaxe.com\/fr\/produit\/calas-time-atac-easy-10\/\" \/>\n<meta property=\"og:site_name\" content=\"Tienda de bicicletas | VELOAXE\" \/>\n<meta property=\"article:publisher\" content=\"https:\/\/www.facebook.com\/veloaxe\" \/>\n<meta property=\"article:modified_time\" content=\"2025-04-17T10:49:40+00:00\" \/>\n<meta property=\"og:image\" content=\"https:\/\/veloaxe.com\/wp-content\/uploads\/2025\/01\/calas-time-atac-easy-10.jpg\" \/>\n\t<meta property=\"og:image:width\" content=\"1000\" \/>\n\t<meta property=\"og:image:height\" content=\"667\" \/>\n\t<meta property=\"og:image:type\" content=\"image\/jpeg\" \/>\n<meta name=\"twitter:card\" content=\"summary_large_image\" \/>\n<meta name=\"twitter:label1\" content=\"Dur\u00e9e de lecture estim\u00e9e\" \/>\n\t<meta name=\"twitter:data1\" content=\"1 minute\" \/>\n<script type=\"application\/ld+json\" class=\"yoast-schema-graph\">{\"@context\":\"https:\\\/\\\/schema.org\",\"@graph\":[{\"@type\":\"WebPage\",\"@id\":\"https:\\\/\\\/veloaxe.com\\\/producto\\\/calas-time-atac-easy-10\\\/\",\"url\":\"https:\\\/\\\/veloaxe.com\\\/producto\\\/calas-time-atac-easy-10\\\/\",\"name\":\"CALAS TIME ATAC EASY 10\u00b0 | VELOAXE.COM\",\"isPartOf\":{\"@id\":\"https:\\\/\\\/veloaxe.com\\\/#website\"},\"primaryImageOfPage\":{\"@id\":\"https:\\\/\\\/veloaxe.com\\\/producto\\\/calas-time-atac-easy-10\\\/#primaryimage\"},\"image\":{\"@id\":\"https:\\\/\\\/veloaxe.com\\\/producto\\\/calas-time-atac-easy-10\\\/#primaryimage\"},\"thumbnailUrl\":\"https:\\\/\\\/veloaxe.com\\\/wp-content\\\/uploads\\\/2025\\\/01\\\/calas-time-atac-easy-10.jpg\",\"datePublished\":\"2025-01-28T09:25:33+00:00\",\"dateModified\":\"2025-04-17T10:49:40+00:00\",\"description\":\"CALAS TIME ATAC EASY 10\u00b0 - Calas TIME est\u00e1n disponibles en tu sitio al mejor precio. Calas de alta gama para un rendimiento \u00f3ptimo.\",\"breadcrumb\":{\"@id\":\"https:\\\/\\\/veloaxe.com\\\/producto\\\/calas-time-atac-easy-10\\\/#breadcrumb\"},\"inLanguage\":\"fr-FR\",\"potentialAction\":[{\"@type\":\"ReadAction\",\"target\":[\"https:\\\/\\\/veloaxe.com\\\/producto\\\/calas-time-atac-easy-10\\\/\"]}]},{\"@type\":\"ImageObject\",\"inLanguage\":\"fr-FR\",\"@id\":\"https:\\\/\\\/veloaxe.com\\\/producto\\\/calas-time-atac-easy-10\\\/#primaryimage\",\"url\":\"https:\\\/\\\/veloaxe.com\\\/wp-content\\\/uploads\\\/2025\\\/01\\\/calas-time-atac-easy-10.jpg\",\"contentUrl\":\"https:\\\/\\\/veloaxe.com\\\/wp-content\\\/uploads\\\/2025\\\/01\\\/calas-time-atac-easy-10.jpg\",\"width\":1000,\"height\":667,\"caption\":\"calas-time-atac-easy-10\"},{\"@type\":\"BreadcrumbList\",\"@id\":\"https:\\\/\\\/veloaxe.com\\\/producto\\\/calas-time-atac-easy-10\\\/#breadcrumb\",\"itemListElement\":[{\"@type\":\"ListItem\",\"position\":1,\"name\":\"Portada\",\"item\":\"https:\\\/\\\/paleturquoise-herring-271034.hostingersite.com\\\/\"},{\"@type\":\"ListItem\",\"position\":2,\"name\":\"Shop\",\"item\":\"https:\\\/\\\/paleturquoise-herring-271034.hostingersite.com\\\/shop\\\/\"},{\"@type\":\"ListItem\",\"position\":3,\"name\":\"CALAS TIME ATAC EASY 10\u00b0\"}]},{\"@type\":\"WebSite\",\"@id\":\"https:\\\/\\\/veloaxe.com\\\/#website\",\"url\":\"https:\\\/\\\/veloaxe.com\\\/\",\"name\":\"Tienda de bicicletas | VELOAXE\",\"description\":\"Descubre una amplia selecci\u00f3n de bicicletas de alta calidad, desde modelos urbanos y de monta\u00f1a hasta bicicletas de carretera de \u00faltima generaci\u00f3n. Con un servicio experto y accesorios especializados, estamos comprometidos a brindarte la mejor experiencia ciclista.\",\"publisher\":{\"@id\":\"https:\\\/\\\/veloaxe.com\\\/#organization\"},\"potentialAction\":[{\"@type\":\"SearchAction\",\"target\":{\"@type\":\"EntryPoint\",\"urlTemplate\":\"https:\\\/\\\/veloaxe.com\\\/?s={search_term_string}\"},\"query-input\":{\"@type\":\"PropertyValueSpecification\",\"valueRequired\":true,\"valueName\":\"search_term_string\"}}],\"inLanguage\":\"fr-FR\"},{\"@type\":\"Organization\",\"@id\":\"https:\\\/\\\/veloaxe.com\\\/#organization\",\"name\":\"Tienda de bicicletas | VELOAXE\",\"url\":\"https:\\\/\\\/veloaxe.com\\\/\",\"logo\":{\"@type\":\"ImageObject\",\"inLanguage\":\"fr-FR\",\"@id\":\"https:\\\/\\\/veloaxe.com\\\/#\\\/schema\\\/logo\\\/image\\\/\",\"url\":\"https:\\\/\\\/veloaxe.com\\\/wp-content\\\/uploads\\\/2026\\\/01\\\/cropped-logo-1.jpg\",\"contentUrl\":\"https:\\\/\\\/veloaxe.com\\\/wp-content\\\/uploads\\\/2026\\\/01\\\/cropped-logo-1.jpg\",\"width\":1273,\"height\":363,\"caption\":\"Tienda de bicicletas | VELOAXE\"},\"image\":{\"@id\":\"https:\\\/\\\/veloaxe.com\\\/#\\\/schema\\\/logo\\\/image\\\/\"},\"sameAs\":[\"https:\\\/\\\/www.facebook.com\\\/veloaxe\"]}]}<\/script>\n<!-- \/ Yoast SEO plugin. -->","yoast_head_json":{"title":"CALAS TIME ATAC EASY 10\u00b0 | VELOAXE.COM","description":"CALAS TIME ATAC EASY 10\u00b0 - Calas TIME est\u00e1n disponibles en tu sitio al mejor precio. Calas de alta gama para un rendimiento \u00f3ptimo.","robots":{"index":"index","follow":"follow","max-snippet":"max-snippet:-1","max-image-preview":"max-image-preview:large","max-video-preview":"max-video-preview:-1"},"canonical":"https:\/\/veloaxe.com\/fr\/produit\/calas-time-atac-easy-10\/","og_locale":"fr_FR","og_type":"article","og_title":"CALAS TIME ATAC EASY 10\u00b0 | VELOAXE.COM","og_description":"CALAS TIME ATAC EASY 10\u00b0 - Calas TIME est\u00e1n disponibles en tu sitio al mejor precio. Calas de alta gama para un rendimiento \u00f3ptimo.","og_url":"https:\/\/veloaxe.com\/fr\/produit\/calas-time-atac-easy-10\/","og_site_name":"Tienda de bicicletas | VELOAXE","article_publisher":"https:\/\/www.facebook.com\/veloaxe","article_modified_time":"2025-04-17T10:49:40+00:00","og_image":[{"width":1000,"height":667,"url":"https:\/\/veloaxe.com\/wp-content\/uploads\/2025\/01\/calas-time-atac-easy-10.jpg","type":"image\/jpeg"}],"twitter_card":"summary_large_image","twitter_misc":{"Dur\u00e9e de lecture estim\u00e9e":"1 minute"},"schema":{"@context":"https:\/\/schema.org","@graph":[{"@type":"WebPage","@id":"https:\/\/veloaxe.com\/producto\/calas-time-atac-easy-10\/","url":"https:\/\/veloaxe.com\/producto\/calas-time-atac-easy-10\/","name":"CALAS TIME ATAC EASY 10\u00b0 | VELOAXE.COM","isPartOf":{"@id":"https:\/\/veloaxe.com\/#website"},"primaryImageOfPage":{"@id":"https:\/\/veloaxe.com\/producto\/calas-time-atac-easy-10\/#primaryimage"},"image":{"@id":"https:\/\/veloaxe.com\/producto\/calas-time-atac-easy-10\/#primaryimage"},"thumbnailUrl":"https:\/\/veloaxe.com\/wp-content\/uploads\/2025\/01\/calas-time-atac-easy-10.jpg","datePublished":"2025-01-28T09:25:33+00:00","dateModified":"2025-04-17T10:49:40+00:00","description":"CALAS TIME ATAC EASY 10\u00b0 - Calas TIME est\u00e1n disponibles en tu sitio al mejor precio. Calas de alta gama para un rendimiento \u00f3ptimo.","breadcrumb":{"@id":"https:\/\/veloaxe.com\/producto\/calas-time-atac-easy-10\/#breadcrumb"},"inLanguage":"fr-FR","potentialAction":[{"@type":"ReadAction","target":["https:\/\/veloaxe.com\/producto\/calas-time-atac-easy-10\/"]}]},{"@type":"ImageObject","inLanguage":"fr-FR","@id":"https:\/\/veloaxe.com\/producto\/calas-time-atac-easy-10\/#primaryimage","url":"https:\/\/veloaxe.com\/wp-content\/uploads\/2025\/01\/calas-time-atac-easy-10.jpg","contentUrl":"https:\/\/veloaxe.com\/wp-content\/uploads\/2025\/01\/calas-time-atac-easy-10.jpg","width":1000,"height":667,"caption":"calas-time-atac-easy-10"},{"@type":"BreadcrumbList","@id":"https:\/\/veloaxe.com\/producto\/calas-time-atac-easy-10\/#breadcrumb","itemListElement":[{"@type":"ListItem","position":1,"name":"Portada","item":"https:\/\/paleturquoise-herring-271034.hostingersite.com\/"},{"@type":"ListItem","position":2,"name":"Shop","item":"https:\/\/paleturquoise-herring-271034.hostingersite.com\/shop\/"},{"@type":"ListItem","position":3,"name":"CALAS TIME ATAC EASY 10\u00b0"}]},{"@type":"WebSite","@id":"https:\/\/veloaxe.com\/#website","url":"https:\/\/veloaxe.com\/","name":"Boutique de v\u00e9lo en ligne | VELOAXE","description":"Descubre una amplia selecci\u00f3n de bicicletas de alta calidad, desde modelos urbanos y de monta\u00f1a hasta bicicletas de carretera de \u00faltima generaci\u00f3n. Con un servicio experto y accesorios especializados, estamos comprometidos a brindarte la mejor experiencia ciclista.","publisher":{"@id":"https:\/\/veloaxe.com\/#organization"},"potentialAction":[{"@type":"SearchAction","target":{"@type":"EntryPoint","urlTemplate":"https:\/\/veloaxe.com\/?s={search_term_string}"},"query-input":{"@type":"PropertyValueSpecification","valueRequired":true,"valueName":"search_term_string"}}],"inLanguage":"fr-FR"},{"@type":"Organization","@id":"https:\/\/veloaxe.com\/#organization","name":"Boutique de v\u00e9lo en ligne | VELOAXE","url":"https:\/\/veloaxe.com\/","logo":{"@type":"ImageObject","inLanguage":"fr-FR","@id":"https:\/\/veloaxe.com\/#\/schema\/logo\/image\/","url":"https:\/\/veloaxe.com\/wp-content\/uploads\/2026\/01\/cropped-logo-1.jpg","contentUrl":"https:\/\/veloaxe.com\/wp-content\/uploads\/2026\/01\/cropped-logo-1.jpg","width":1273,"height":363,"caption":"Tienda de bicicletas | VELOAXE"},"image":{"@id":"https:\/\/veloaxe.com\/#\/schema\/logo\/image\/"},"sameAs":["https:\/\/www.facebook.com\/veloaxe"]}]}},"_links":{"self":[{"href":"https:\/\/veloaxe.com\/fr\/wp-json\/wp\/v2\/product\/19640","targetHints":{"allow":["GET"]}}],"collection":[{"href":"https:\/\/veloaxe.com\/fr\/wp-json\/wp\/v2\/product"}],"about":[{"href":"https:\/\/veloaxe.com\/fr\/wp-json\/wp\/v2\/types\/product"}],"replies":[{"embeddable":true,"href":"https:\/\/veloaxe.com\/fr\/wp-json\/wp\/v2\/comments?post=19640"}],"wp:featuredmedia":[{"embeddable":true,"href":"https:\/\/veloaxe.com\/fr\/wp-json\/wp\/v2\/media\/19641"}],"wp:attachment":[{"href":"https:\/\/veloaxe.com\/fr\/wp-json\/wp\/v2\/media?parent=19640"}],"wp:term":[{"taxonomy":"product_brand","embeddable":true,"href":"https:\/\/veloaxe.com\/fr\/wp-json\/wp\/v2\/product_brand?post=19640"},{"taxonomy":"product_cat","embeddable":true,"href":"https:\/\/veloaxe.com\/fr\/wp-json\/wp\/v2\/product_cat?post=19640"},{"taxonomy":"product_tag","embeddable":true,"href":"https:\/\/veloaxe.com\/fr\/wp-json\/wp\/v2\/product_tag?post=19640"}],"curies":[{"name":"wp","href":"https:\/\/api.w.org\/{rel}","templated":true}]}}