{"id":19706,"date":"2025-02-01T09:03:04","date_gmt":"2025-02-01T09:03:04","guid":{"rendered":"https:\/\/veloaxe.com\/?post_type=product&#038;p=19706"},"modified":"2025-04-17T08:00:07","modified_gmt":"2025-04-17T08:00:07","slug":"ruedas-zipp-303-firecrest-tubeless-disco-force-edition","status":"publish","type":"product","link":"https:\/\/veloaxe.com\/fr\/producto\/ruedas-zipp-303-firecrest-tubeless-disco-force-edition\/","title":{"rendered":"RUEDAS ZIPP 303 FIRECREST TUBELESS DISCO &#8211; FORCE EDITION"},"content":{"rendered":"<p>El juego de ruedas con freno de disco sin c\u00e1mara <em><strong>ZIPP 303 Firecrest<\/strong><\/em> est\u00e1 dise\u00f1ado para el mundo real&#8230; un mundo de condiciones, superficies de carretera y elementos imperfectos donde el resultado final es simple. Eficiencia = velocidad. Es m\u00e1s r\u00e1pido, m\u00e1s ligero y m\u00e1s capaz en terrenos variados, ya sea que la superficie sea pavimento en todas sus condiciones o no lo sea en absoluto. Profundamente arraigado en el impulso de Zipp por conquistar las Cl\u00e1sicas de primavera, el nuevo 303 Firecrest se rehace con un enfoque hecho a medida para las demandas de las bicicletas de carretera modernas. Cuando se trata de ir r\u00e1pido en una bicicleta, eficiencia significa reducci\u00f3n de: resistencia al viento, resistencia a la rodadura, fatiga del ciclista, peso.<\/p>\n<p>Il <em><strong>ZIPP 303 Firecrest Tubeless<\/strong><\/em> Disc-brake se dise\u00f1\u00f3 utilizando mediciones directas del mundo real (en lugar de principalmente t\u00faneles de viento o simulaciones por computadora). Los resultados fueron enormes. Su llanta tiene un dise\u00f1o ligeramente m\u00e1s bulboso que su predecesora, con un ancho exterior de 30 mm, un ancho interno de 25 mm y una profundidad de llanta de 40 mm. El perfil proporciona una baja resistencia y una transici\u00f3n mejorada entre la llanta y el neum\u00e1tico, lo que aumenta la eficiencia aerodin\u00e1mica en la carretera. La postura de llanta ancha tambi\u00e9n presenta una menor deflexi\u00f3n del neum\u00e1tico para reducir la resistencia a la rodadura.<\/p>\n<p>La combinaci\u00f3n del neum\u00e1tico m\u00e1s ancho, el mayor volumen del neum\u00e1tico y la menor presi\u00f3n del neum\u00e1tico ayuda a reducir la fatiga del ciclista al suavizar el andar sobre pavimento y condiciones de carretera imperfectas: el sistema de neum\u00e1tico y rueda absorbe el temblor, no el ciclista. En el centro del freno de disco sin c\u00e1mara 303 Firecrest se encuentra un nuevo juego de bujes vers\u00e1til y duradero, el ZR1 DB de ingenier\u00eda alemana. Este juego de bujes presenta 66 puntos de enganche para una respuesta m\u00e1s r\u00e1pida. El juego de ruedas con freno de disco sin c\u00e1mara 303 Firecrest es para ciclistas dedicados que aspiran a lo \u00faltimo en tecnolog\u00eda. Sus competidores&#8230; en carreras, contra compa\u00f1eros o simplemente conquistando l\u00edmites personales. Se trata de volverse m\u00e1s r\u00e1pido y adaptar su motivaci\u00f3n a la tecnolog\u00eda m\u00e1s avanzada.<\/p>\n<ul>\n<li>Gr\u00e1ficos Zipp e identidad cosm\u00e9tica que gritan velocidad<\/li>\n<li>Juego de ruedas de resistencia vers\u00e1til para la bicicleta de carretera moderna con perfil de llanta sin c\u00e1mara y sin gancho (HOOKLESS)<\/li>\n<li>M\u00e1s ligero que su predecesor, lo que lo hace \u00e1gil y r\u00e1pido.<\/li>\n<li>Tubeless Made Easy, la se\u00f1al optimizada del lecho de la llanta permite una instalaci\u00f3n y extracci\u00f3n sencilla sin herramientas y sin necesidad de un compresor de aire para asentar la llanta.<\/li>\n<li>El perfil de llanta ultra ancho de 25 mm crea una mejor interfaz de llanta para ser r\u00e1pido dentro y fuera de la carretera<\/li>\n<li>La nueva profundidad de llanta de 40 mm hace que la rueda sea liviana y aerodin\u00e1mica en cada situaci\u00f3n<\/li>\n<li>El nuevo buje ZR1 DB est\u00e1 dise\u00f1ado en Alemania con un mejor dise\u00f1o de sello para una mayor durabilidad y una respuesta m\u00e1s r\u00e1pida con 66 puntos de enganche<\/li>\n<li>Se env\u00eda con tapas delanteras y traseras de 12 mm<\/li>\n<li>Interfaz de rotor de bloqueo central. El anillo de bloqueo est\u00e1 incluido con las ruedas<\/li>\n<li>Cuerpos de controlador XDR o SRAM\/Shimano<\/li>\n<li>El cuerpo del controlador Campagnolo se vende por separado<\/li>\n<li>PESO 1408 grs<\/li>\n<\/ul>","protected":false},"excerpt":{"rendered":"<p>El juego de ruedas con freno de disco sin c\u00e1mara ZIPP 303 Firecrest est\u00e1 dise\u00f1ado para el mundo real&#8230; un mundo de condiciones, superficies de carretera y elementos imperfectos donde el resultado final es simple. Eficiencia = velocidad. Es m\u00e1s r\u00e1pido, m\u00e1s ligero y m\u00e1s capaz en terrenos variados, ya sea que la superficie sea [&hellip;]<\/p>\n","protected":false},"featured_media":19713,"comment_status":"closed","ping_status":"closed","template":"","meta":[],"product_brand":[],"product_cat":[16,38,133],"product_tag":[],"class_list":{"0":"post-19706","1":"product","2":"type-product","3":"status-publish","4":"has-post-thumbnail","6":"product_cat-carretera-gravel-bicicletas","7":"product_cat-ruedas-neumatico-tubular","8":"product_cat-ruedas-carbono-carretera","9":"product_shipping_class-no-bicicletas","11":"first","12":"instock","13":"sale","14":"shipping-taxable","15":"purchasable","16":"product-type-variable"},"yoast_head":"<!-- This site is optimized with the Yoast SEO plugin v27.6 - https:\/\/yoast.com\/product\/yoast-seo-wordpress\/ -->\n<title>RUEDAS ZIPP 303 FIRECREST TUBELESS DISCO - FORCE EDITION | VELOAXE.COM<\/title>\n<meta name=\"description\" content=\"RUEDAS ZIPP 303 FIRECREST TUBELESS DISCO FORCE EDITION - Descubre en exclusiva el juego de ruedas ZIPP 303 FIRECREST TUBELESS. Ruedas excepcionales para el m\u00e1ximo rendimiento.\" \/>\n<meta name=\"robots\" content=\"index, follow, max-snippet:-1, max-image-preview:large, max-video-preview:-1\" \/>\n<link rel=\"canonical\" href=\"https:\/\/veloaxe.com\/fr\/produit\/ruedas-zipp-303-firecrest-tubeless-disco-force-edition\/\" \/>\n<meta property=\"og:locale\" content=\"fr_FR\" \/>\n<meta property=\"og:type\" content=\"article\" \/>\n<meta property=\"og:title\" content=\"RUEDAS ZIPP 303 FIRECREST TUBELESS DISCO - FORCE EDITION | VELOAXE.COM\" \/>\n<meta property=\"og:description\" content=\"RUEDAS ZIPP 303 FIRECREST TUBELESS DISCO FORCE EDITION - Descubre en exclusiva el juego de ruedas ZIPP 303 FIRECREST TUBELESS. Ruedas excepcionales para el m\u00e1ximo rendimiento.\" \/>\n<meta property=\"og:url\" content=\"https:\/\/veloaxe.com\/fr\/produit\/ruedas-zipp-303-firecrest-tubeless-disco-force-edition\/\" \/>\n<meta property=\"og:site_name\" content=\"Tienda de bicicletas | VELOAXE\" \/>\n<meta property=\"article:publisher\" content=\"https:\/\/www.facebook.com\/veloaxe\" \/>\n<meta property=\"article:modified_time\" content=\"2025-04-17T08:00:07+00:00\" \/>\n<meta property=\"og:image\" content=\"https:\/\/veloaxe.com\/wp-content\/uploads\/2025\/02\/ruedas-zipp-303-firecrest-tubeless-force-edition.png\" \/>\n\t<meta property=\"og:image:width\" content=\"1000\" \/>\n\t<meta property=\"og:image:height\" content=\"1000\" \/>\n\t<meta property=\"og:image:type\" content=\"image\/png\" \/>\n<meta name=\"twitter:card\" content=\"summary_large_image\" \/>\n<meta name=\"twitter:label1\" content=\"Dur\u00e9e de lecture estim\u00e9e\" \/>\n\t<meta name=\"twitter:data1\" content=\"3 minutes\" \/>\n<script type=\"application\/ld+json\" class=\"yoast-schema-graph\">{\"@context\":\"https:\\\/\\\/schema.org\",\"@graph\":[{\"@type\":\"WebPage\",\"@id\":\"https:\\\/\\\/veloaxe.com\\\/producto\\\/ruedas-zipp-303-firecrest-tubeless-disco-force-edition\\\/\",\"url\":\"https:\\\/\\\/veloaxe.com\\\/producto\\\/ruedas-zipp-303-firecrest-tubeless-disco-force-edition\\\/\",\"name\":\"RUEDAS ZIPP 303 FIRECREST TUBELESS DISCO - FORCE EDITION | VELOAXE.COM\",\"isPartOf\":{\"@id\":\"https:\\\/\\\/veloaxe.com\\\/#website\"},\"primaryImageOfPage\":{\"@id\":\"https:\\\/\\\/veloaxe.com\\\/producto\\\/ruedas-zipp-303-firecrest-tubeless-disco-force-edition\\\/#primaryimage\"},\"image\":{\"@id\":\"https:\\\/\\\/veloaxe.com\\\/producto\\\/ruedas-zipp-303-firecrest-tubeless-disco-force-edition\\\/#primaryimage\"},\"thumbnailUrl\":\"https:\\\/\\\/veloaxe.com\\\/wp-content\\\/uploads\\\/2025\\\/02\\\/ruedas-zipp-303-firecrest-tubeless-force-edition.png\",\"datePublished\":\"2025-02-01T09:03:04+00:00\",\"dateModified\":\"2025-04-17T08:00:07+00:00\",\"description\":\"RUEDAS ZIPP 303 FIRECREST TUBELESS DISCO FORCE EDITION - Descubre en exclusiva el juego de ruedas ZIPP 303 FIRECREST TUBELESS. Ruedas excepcionales para el m\u00e1ximo rendimiento.\",\"breadcrumb\":{\"@id\":\"https:\\\/\\\/veloaxe.com\\\/producto\\\/ruedas-zipp-303-firecrest-tubeless-disco-force-edition\\\/#breadcrumb\"},\"inLanguage\":\"fr-FR\",\"potentialAction\":[{\"@type\":\"ReadAction\",\"target\":[\"https:\\\/\\\/veloaxe.com\\\/producto\\\/ruedas-zipp-303-firecrest-tubeless-disco-force-edition\\\/\"]}]},{\"@type\":\"ImageObject\",\"inLanguage\":\"fr-FR\",\"@id\":\"https:\\\/\\\/veloaxe.com\\\/producto\\\/ruedas-zipp-303-firecrest-tubeless-disco-force-edition\\\/#primaryimage\",\"url\":\"https:\\\/\\\/veloaxe.com\\\/wp-content\\\/uploads\\\/2025\\\/02\\\/ruedas-zipp-303-firecrest-tubeless-force-edition.png\",\"contentUrl\":\"https:\\\/\\\/veloaxe.com\\\/wp-content\\\/uploads\\\/2025\\\/02\\\/ruedas-zipp-303-firecrest-tubeless-force-edition.png\",\"width\":1000,\"height\":1000,\"caption\":\"ruedas-zipp-303-firecrest-tubeless-force-edition\"},{\"@type\":\"BreadcrumbList\",\"@id\":\"https:\\\/\\\/veloaxe.com\\\/producto\\\/ruedas-zipp-303-firecrest-tubeless-disco-force-edition\\\/#breadcrumb\",\"itemListElement\":[{\"@type\":\"ListItem\",\"position\":1,\"name\":\"Portada\",\"item\":\"https:\\\/\\\/veloaxe.com\\\/\"},{\"@type\":\"ListItem\",\"position\":2,\"name\":\"Shop\",\"item\":\"https:\\\/\\\/paleturquoise-herring-271034.hostingersite.com\\\/shop\\\/\"},{\"@type\":\"ListItem\",\"position\":3,\"name\":\"RUEDAS ZIPP 303 FIRECREST TUBELESS DISCO &#8211; FORCE EDITION\"}]},{\"@type\":\"WebSite\",\"@id\":\"https:\\\/\\\/veloaxe.com\\\/#website\",\"url\":\"https:\\\/\\\/veloaxe.com\\\/\",\"name\":\"Tienda de bicicletas | VELOAXE\",\"description\":\"Descubre una amplia selecci\u00f3n de bicicletas de alta calidad, desde modelos urbanos y de monta\u00f1a hasta bicicletas de carretera de \u00faltima generaci\u00f3n. Con un servicio experto y accesorios especializados, estamos comprometidos a brindarte la mejor experiencia ciclista.\",\"publisher\":{\"@id\":\"https:\\\/\\\/veloaxe.com\\\/#organization\"},\"potentialAction\":[{\"@type\":\"SearchAction\",\"target\":{\"@type\":\"EntryPoint\",\"urlTemplate\":\"https:\\\/\\\/veloaxe.com\\\/?s={search_term_string}\"},\"query-input\":{\"@type\":\"PropertyValueSpecification\",\"valueRequired\":true,\"valueName\":\"search_term_string\"}}],\"inLanguage\":\"fr-FR\"},{\"@type\":\"Organization\",\"@id\":\"https:\\\/\\\/veloaxe.com\\\/#organization\",\"name\":\"Tienda de bicicletas | VELOAXE\",\"url\":\"https:\\\/\\\/veloaxe.com\\\/\",\"logo\":{\"@type\":\"ImageObject\",\"inLanguage\":\"fr-FR\",\"@id\":\"https:\\\/\\\/veloaxe.com\\\/#\\\/schema\\\/logo\\\/image\\\/\",\"url\":\"https:\\\/\\\/veloaxe.com\\\/wp-content\\\/uploads\\\/2026\\\/01\\\/cropped-logo-1.jpg\",\"contentUrl\":\"https:\\\/\\\/veloaxe.com\\\/wp-content\\\/uploads\\\/2026\\\/01\\\/cropped-logo-1.jpg\",\"width\":1273,\"height\":363,\"caption\":\"Tienda de bicicletas | VELOAXE\"},\"image\":{\"@id\":\"https:\\\/\\\/veloaxe.com\\\/#\\\/schema\\\/logo\\\/image\\\/\"},\"sameAs\":[\"https:\\\/\\\/www.facebook.com\\\/veloaxe\"]}]}<\/script>\n<!-- \/ Yoast SEO plugin. -->","yoast_head_json":{"title":"RUEDAS ZIPP 303 FIRECREST TUBELESS DISCO - FORCE EDITION | VELOAXE.COM","description":"RUEDAS ZIPP 303 FIRECREST TUBELESS DISCO FORCE EDITION - Descubre en exclusiva el juego de ruedas ZIPP 303 FIRECREST TUBELESS. Ruedas excepcionales para el m\u00e1ximo rendimiento.","robots":{"index":"index","follow":"follow","max-snippet":"max-snippet:-1","max-image-preview":"max-image-preview:large","max-video-preview":"max-video-preview:-1"},"canonical":"https:\/\/veloaxe.com\/fr\/produit\/ruedas-zipp-303-firecrest-tubeless-disco-force-edition\/","og_locale":"fr_FR","og_type":"article","og_title":"RUEDAS ZIPP 303 FIRECREST TUBELESS DISCO - FORCE EDITION | VELOAXE.COM","og_description":"RUEDAS ZIPP 303 FIRECREST TUBELESS DISCO FORCE EDITION - Descubre en exclusiva el juego de ruedas ZIPP 303 FIRECREST TUBELESS. Ruedas excepcionales para el m\u00e1ximo rendimiento.","og_url":"https:\/\/veloaxe.com\/fr\/produit\/ruedas-zipp-303-firecrest-tubeless-disco-force-edition\/","og_site_name":"Tienda de bicicletas | VELOAXE","article_publisher":"https:\/\/www.facebook.com\/veloaxe","article_modified_time":"2025-04-17T08:00:07+00:00","og_image":[{"width":1000,"height":1000,"url":"https:\/\/veloaxe.com\/wp-content\/uploads\/2025\/02\/ruedas-zipp-303-firecrest-tubeless-force-edition.png","type":"image\/png"}],"twitter_card":"summary_large_image","twitter_misc":{"Dur\u00e9e de lecture estim\u00e9e":"3 minutes"},"schema":{"@context":"https:\/\/schema.org","@graph":[{"@type":"WebPage","@id":"https:\/\/veloaxe.com\/producto\/ruedas-zipp-303-firecrest-tubeless-disco-force-edition\/","url":"https:\/\/veloaxe.com\/producto\/ruedas-zipp-303-firecrest-tubeless-disco-force-edition\/","name":"RUEDAS ZIPP 303 FIRECREST TUBELESS DISCO - FORCE EDITION | VELOAXE.COM","isPartOf":{"@id":"https:\/\/veloaxe.com\/#website"},"primaryImageOfPage":{"@id":"https:\/\/veloaxe.com\/producto\/ruedas-zipp-303-firecrest-tubeless-disco-force-edition\/#primaryimage"},"image":{"@id":"https:\/\/veloaxe.com\/producto\/ruedas-zipp-303-firecrest-tubeless-disco-force-edition\/#primaryimage"},"thumbnailUrl":"https:\/\/veloaxe.com\/wp-content\/uploads\/2025\/02\/ruedas-zipp-303-firecrest-tubeless-force-edition.png","datePublished":"2025-02-01T09:03:04+00:00","dateModified":"2025-04-17T08:00:07+00:00","description":"RUEDAS ZIPP 303 FIRECREST TUBELESS DISCO FORCE EDITION - Descubre en exclusiva el juego de ruedas ZIPP 303 FIRECREST TUBELESS. Ruedas excepcionales para el m\u00e1ximo rendimiento.","breadcrumb":{"@id":"https:\/\/veloaxe.com\/producto\/ruedas-zipp-303-firecrest-tubeless-disco-force-edition\/#breadcrumb"},"inLanguage":"fr-FR","potentialAction":[{"@type":"ReadAction","target":["https:\/\/veloaxe.com\/producto\/ruedas-zipp-303-firecrest-tubeless-disco-force-edition\/"]}]},{"@type":"ImageObject","inLanguage":"fr-FR","@id":"https:\/\/veloaxe.com\/producto\/ruedas-zipp-303-firecrest-tubeless-disco-force-edition\/#primaryimage","url":"https:\/\/veloaxe.com\/wp-content\/uploads\/2025\/02\/ruedas-zipp-303-firecrest-tubeless-force-edition.png","contentUrl":"https:\/\/veloaxe.com\/wp-content\/uploads\/2025\/02\/ruedas-zipp-303-firecrest-tubeless-force-edition.png","width":1000,"height":1000,"caption":"ruedas-zipp-303-firecrest-tubeless-force-edition"},{"@type":"BreadcrumbList","@id":"https:\/\/veloaxe.com\/producto\/ruedas-zipp-303-firecrest-tubeless-disco-force-edition\/#breadcrumb","itemListElement":[{"@type":"ListItem","position":1,"name":"Portada","item":"https:\/\/veloaxe.com\/"},{"@type":"ListItem","position":2,"name":"Shop","item":"https:\/\/paleturquoise-herring-271034.hostingersite.com\/shop\/"},{"@type":"ListItem","position":3,"name":"RUEDAS ZIPP 303 FIRECREST TUBELESS DISCO &#8211; FORCE EDITION"}]},{"@type":"WebSite","@id":"https:\/\/veloaxe.com\/#website","url":"https:\/\/veloaxe.com\/","name":"Boutique de v\u00e9lo en ligne | VELOAXE","description":"D\u00e9couvrez une large s\u00e9lection de v\u00e9los de haute qualit\u00e9, des mod\u00e8les urbains et de montagne aux v\u00e9los de route de pointe. Avec un service d'experts et des accessoires sp\u00e9cialis\u00e9s, nous nous engageons \u00e0 vous offrir la meilleure exp\u00e9rience de cyclisme.","publisher":{"@id":"https:\/\/veloaxe.com\/#organization"},"potentialAction":[{"@type":"SearchAction","target":{"@type":"EntryPoint","urlTemplate":"https:\/\/veloaxe.com\/?s={search_term_string}"},"query-input":{"@type":"PropertyValueSpecification","valueRequired":true,"valueName":"search_term_string"}}],"inLanguage":"fr-FR"},{"@type":"Organization","@id":"https:\/\/veloaxe.com\/#organization","name":"Boutique de v\u00e9lo en ligne | VELOAXE","url":"https:\/\/veloaxe.com\/","logo":{"@type":"ImageObject","inLanguage":"fr-FR","@id":"https:\/\/veloaxe.com\/#\/schema\/logo\/image\/","url":"https:\/\/veloaxe.com\/wp-content\/uploads\/2026\/01\/cropped-logo-1.jpg","contentUrl":"https:\/\/veloaxe.com\/wp-content\/uploads\/2026\/01\/cropped-logo-1.jpg","width":1273,"height":363,"caption":"Tienda de bicicletas | VELOAXE"},"image":{"@id":"https:\/\/veloaxe.com\/#\/schema\/logo\/image\/"},"sameAs":["https:\/\/www.facebook.com\/veloaxe"]}]}},"_links":{"self":[{"href":"https:\/\/veloaxe.com\/fr\/wp-json\/wp\/v2\/product\/19706","targetHints":{"allow":["GET"]}}],"collection":[{"href":"https:\/\/veloaxe.com\/fr\/wp-json\/wp\/v2\/product"}],"about":[{"href":"https:\/\/veloaxe.com\/fr\/wp-json\/wp\/v2\/types\/product"}],"replies":[{"embeddable":true,"href":"https:\/\/veloaxe.com\/fr\/wp-json\/wp\/v2\/comments?post=19706"}],"wp:featuredmedia":[{"embeddable":true,"href":"https:\/\/veloaxe.com\/fr\/wp-json\/wp\/v2\/media\/19713"}],"wp:attachment":[{"href":"https:\/\/veloaxe.com\/fr\/wp-json\/wp\/v2\/media?parent=19706"}],"wp:term":[{"taxonomy":"product_brand","embeddable":true,"href":"https:\/\/veloaxe.com\/fr\/wp-json\/wp\/v2\/product_brand?post=19706"},{"taxonomy":"product_cat","embeddable":true,"href":"https:\/\/veloaxe.com\/fr\/wp-json\/wp\/v2\/product_cat?post=19706"},{"taxonomy":"product_tag","embeddable":true,"href":"https:\/\/veloaxe.com\/fr\/wp-json\/wp\/v2\/product_tag?post=19706"}],"curies":[{"name":"wp","href":"https:\/\/api.w.org\/{rel}","templated":true}]}}