{"id":19717,"date":"2025-02-01T09:22:02","date_gmt":"2025-02-01T09:22:02","guid":{"rendered":"https:\/\/veloaxe.com\/?post_type=product&#038;p=19717"},"modified":"2025-04-17T07:55:38","modified_gmt":"2025-04-17T07:55:38","slug":"ruedas-zipp-808-firecrest-tubeless-disco","status":"publish","type":"product","link":"https:\/\/veloaxe.com\/fr\/producto\/ruedas-zipp-808-firecrest-tubeless-disco\/","title":{"rendered":"RUEDAS ZIPP 808 FIRECREST TUBELESS DISCO"},"content":{"rendered":"<p>El juego de ruedas <em><strong>Zipp 808 Firecrest Tubeless<\/strong><\/em> Disc es todo ciencia para alcanzar la velocidad. Ese es el enfoque perfecto para la opci\u00f3n de llanta profunda r\u00edgida de Zipp para criteriums, carreras de ruta o cualquier tipo de festival de martillos. Con 80 mm de profundidad, su llanta est\u00e1 dise\u00f1ada para hacerte m\u00e1s r\u00e1pido en todos los sentidos. El enfoque de dise\u00f1o de Eficiencia Total del Sistema de Zipp, o TSE, infunde a la 808 Firecrest con nuevas caracter\u00edsticas, incluida una gran reducci\u00f3n de peso con respecto a su iteraci\u00f3n anterior, m\u00e1s de 280 gramos. Adem\u00e1s, la rueda est\u00e1 dise\u00f1ada con un perfil de llanta sin ganchos y sin c\u00e1mara y un ancho interno de 23 mm.<\/p>\n<p>Eso es ideal para usar neum\u00e1ticos m\u00e1s anchos a menor presi\u00f3n para reducir la resistencia a la rodadura y un mayor agarre en las curvas. De hecho, TSE ataca las cuatro barreras principales de la velocidad: resistencia al viento, gravedad, resistencia a la rodadura y p\u00e9rdidas por vibraci\u00f3n. La legendaria forma de llanta Firecrest de Zipp proporciona una alta eficiencia aerodin\u00e1mica y estabilidad con viento cruzado. Adem\u00e1s, la tecnolog\u00eda ABLC de Zipp utiliza un patr\u00f3n de hoyuelos complejo para mejorar la eficiencia aerodin\u00e1mica. Adem\u00e1s, aunque este juego de ruedas est\u00e1 optimizado para neum\u00e1ticos sin c\u00e1mara, todav\u00eda tienes la opci\u00f3n de utilizar neum\u00e1ticos sin c\u00e1mara o preparados para ello con c\u00e1mara.<\/p>\n<p>La <em><strong>ZIPP 808 Firecrest<\/strong><\/em> con TSE se basa en el legado de esta rueda como rueda de referencia m\u00e1s r\u00e1pida u optimizada para carreras de contrarreloj, triatl\u00f3n y crit\u00e9rio. Este juego de ruedas es m\u00e1s r\u00e1pido con un neum\u00e1tico de 28 mm. Los frenos de disco tambi\u00e9n ofrecen una modulaci\u00f3n de velocidad y una potencia de frenado m\u00e1s fiables en todas las condiciones meteorol\u00f3gicas. Adem\u00e1s, en triatl\u00f3n, utilizar neum\u00e1ticos sin c\u00e1mara m\u00e1s anchos a menor presi\u00f3n te hace m\u00e1s r\u00e1pido y al mismo tiempo suaviza la marcha para que tus piernas est\u00e9n m\u00e1s frescas para la carrera tan importante. El buje ZR1 DB de ingenier\u00eda alemana de Zipp proporciona un enganche r\u00e1pido con una durabilidad robusta, lo que se suma a la potencia de la 808 Firecrest.<\/p>\n<ul>\n<li>Dise\u00f1o TSE con ancho interno de 23 mm con perfil de llanta sin c\u00e1mara y sin gancho (HOOKLESS) ideal para llantas m\u00e1s anchas con menor presi\u00f3n de llanta<\/li>\n<li>La 808, con un m\u00ednimo de llanta de 28 mm, est\u00e1 optimizada para una llanta de 28 mm.<\/li>\n<li>Casi 274 g m\u00e1s liviana que el modelo anterior<\/li>\n<li>El buje ZR1 DB est\u00e1 dise\u00f1ado en Alemania con un mejor dise\u00f1o de sello para una mayor durabilidad y una respuesta m\u00e1s r\u00e1pida con 66 puntos de enganche<\/li>\n<li>Un perfil de llanta de 80 mm totalmente aerodin\u00e1mico<\/li>\n<li>El dise\u00f1o de hoyuelos ABLC ayuda a administrar el flujo de aire alrededor de la llanta y contribuye a crear una rueda m\u00e1s r\u00e1pida y estable<\/li>\n<li>Modulaci\u00f3n y potencia de frenado superiores de los frenos de disco<\/li>\n<li>Interfaz de rotor de bloqueo central. Anillo de bloqueo incluido<\/li>\n<li>Construida con radios Sapim\u2122 CX Sprint J-bend<\/li>\n<li>Gr\u00e1ficos Zipp e identidad cosm\u00e9tica que gritan velocidad<\/li>\n<li>Cuerpos de controlador XDR o SRAM\/Shimano\u2122<\/li>\n<li>El cuerpo del controlador Campagnolo\u00ae N3W se vende por separado<\/li>\n<li>Se env\u00eda con tapas de extremo delanteras y traseras de 12 mm<\/li>\n<li>Garant\u00eda de por vida<\/li>\n<li>PESO 1635 grs<\/li>\n<\/ul>","protected":false},"excerpt":{"rendered":"<p>El juego de ruedas Zipp 808 Firecrest Tubeless Disc es todo ciencia para alcanzar la velocidad. Ese es el enfoque perfecto para la opci\u00f3n de llanta profunda r\u00edgida de Zipp para criteriums, carreras de ruta o cualquier tipo de festival de martillos. Con 80 mm de profundidad, su llanta est\u00e1 dise\u00f1ada para hacerte m\u00e1s r\u00e1pido [&hellip;]<\/p>\n","protected":false},"featured_media":19722,"comment_status":"closed","ping_status":"closed","template":"","meta":[],"product_brand":[],"product_cat":[16,38,133],"product_tag":[],"class_list":{"0":"post-19717","1":"product","2":"type-product","3":"status-publish","4":"has-post-thumbnail","6":"product_cat-carretera-gravel-bicicletas","7":"product_cat-ruedas-neumatico-tubular","8":"product_cat-ruedas-carbono-carretera","9":"product_shipping_class-no-bicicletas","11":"first","12":"instock","13":"sale","14":"shipping-taxable","15":"purchasable","16":"product-type-variable"},"yoast_head":"<!-- This site is optimized with the Yoast SEO plugin v27.6 - https:\/\/yoast.com\/product\/yoast-seo-wordpress\/ -->\n<title>RUEDAS ZIPP 808 FIRECREST TUBELESS | VELOAXE.COM<\/title>\n<meta name=\"description\" content=\"RUEDAS ZIPP 808 FIRECREST TUBELESS - Descubre en exclusiva el juego de ruedas ZIPP 808 FIRECREST TUBELESS. Ruedas excepcionales para el m\u00e1ximo rendimiento.\" \/>\n<meta name=\"robots\" content=\"index, follow, max-snippet:-1, max-image-preview:large, max-video-preview:-1\" \/>\n<link rel=\"canonical\" href=\"https:\/\/veloaxe.com\/fr\/produit\/ruedas-zipp-808-firecrest-tubeless-disco\/\" \/>\n<meta property=\"og:locale\" content=\"fr_FR\" \/>\n<meta property=\"og:type\" content=\"article\" \/>\n<meta property=\"og:title\" content=\"RUEDAS ZIPP 808 FIRECREST TUBELESS | VELOAXE.COM\" \/>\n<meta property=\"og:description\" content=\"RUEDAS ZIPP 808 FIRECREST TUBELESS - Descubre en exclusiva el juego de ruedas ZIPP 808 FIRECREST TUBELESS. Ruedas excepcionales para el m\u00e1ximo rendimiento.\" \/>\n<meta property=\"og:url\" content=\"https:\/\/veloaxe.com\/fr\/produit\/ruedas-zipp-808-firecrest-tubeless-disco\/\" \/>\n<meta property=\"og:site_name\" content=\"Tienda de bicicletas | VELOAXE\" \/>\n<meta property=\"article:publisher\" content=\"https:\/\/www.facebook.com\/veloaxe\" \/>\n<meta property=\"article:modified_time\" content=\"2025-04-17T07:55:38+00:00\" \/>\n<meta property=\"og:image\" content=\"https:\/\/veloaxe.com\/wp-content\/uploads\/2025\/02\/ruedas-zipp-808-firecrest-tubeless.png\" \/>\n\t<meta property=\"og:image:width\" content=\"1000\" \/>\n\t<meta property=\"og:image:height\" content=\"1000\" \/>\n\t<meta property=\"og:image:type\" content=\"image\/png\" \/>\n<meta name=\"twitter:card\" content=\"summary_large_image\" \/>\n<meta name=\"twitter:label1\" content=\"Dur\u00e9e de lecture estim\u00e9e\" \/>\n\t<meta name=\"twitter:data1\" content=\"3 minutes\" \/>\n<script type=\"application\/ld+json\" class=\"yoast-schema-graph\">{\"@context\":\"https:\\\/\\\/schema.org\",\"@graph\":[{\"@type\":\"WebPage\",\"@id\":\"https:\\\/\\\/veloaxe.com\\\/producto\\\/ruedas-zipp-808-firecrest-tubeless-disco\\\/\",\"url\":\"https:\\\/\\\/veloaxe.com\\\/producto\\\/ruedas-zipp-808-firecrest-tubeless-disco\\\/\",\"name\":\"RUEDAS ZIPP 808 FIRECREST TUBELESS | VELOAXE.COM\",\"isPartOf\":{\"@id\":\"https:\\\/\\\/veloaxe.com\\\/#website\"},\"primaryImageOfPage\":{\"@id\":\"https:\\\/\\\/veloaxe.com\\\/producto\\\/ruedas-zipp-808-firecrest-tubeless-disco\\\/#primaryimage\"},\"image\":{\"@id\":\"https:\\\/\\\/veloaxe.com\\\/producto\\\/ruedas-zipp-808-firecrest-tubeless-disco\\\/#primaryimage\"},\"thumbnailUrl\":\"https:\\\/\\\/veloaxe.com\\\/wp-content\\\/uploads\\\/2025\\\/02\\\/ruedas-zipp-808-firecrest-tubeless.png\",\"datePublished\":\"2025-02-01T09:22:02+00:00\",\"dateModified\":\"2025-04-17T07:55:38+00:00\",\"description\":\"RUEDAS ZIPP 808 FIRECREST TUBELESS - Descubre en exclusiva el juego de ruedas ZIPP 808 FIRECREST TUBELESS. Ruedas excepcionales para el m\u00e1ximo rendimiento.\",\"breadcrumb\":{\"@id\":\"https:\\\/\\\/veloaxe.com\\\/producto\\\/ruedas-zipp-808-firecrest-tubeless-disco\\\/#breadcrumb\"},\"inLanguage\":\"fr-FR\",\"potentialAction\":[{\"@type\":\"ReadAction\",\"target\":[\"https:\\\/\\\/veloaxe.com\\\/producto\\\/ruedas-zipp-808-firecrest-tubeless-disco\\\/\"]}]},{\"@type\":\"ImageObject\",\"inLanguage\":\"fr-FR\",\"@id\":\"https:\\\/\\\/veloaxe.com\\\/producto\\\/ruedas-zipp-808-firecrest-tubeless-disco\\\/#primaryimage\",\"url\":\"https:\\\/\\\/veloaxe.com\\\/wp-content\\\/uploads\\\/2025\\\/02\\\/ruedas-zipp-808-firecrest-tubeless.png\",\"contentUrl\":\"https:\\\/\\\/veloaxe.com\\\/wp-content\\\/uploads\\\/2025\\\/02\\\/ruedas-zipp-808-firecrest-tubeless.png\",\"width\":1000,\"height\":1000,\"caption\":\"ruedas-zipp-808-firecrest-tubeless\"},{\"@type\":\"BreadcrumbList\",\"@id\":\"https:\\\/\\\/veloaxe.com\\\/producto\\\/ruedas-zipp-808-firecrest-tubeless-disco\\\/#breadcrumb\",\"itemListElement\":[{\"@type\":\"ListItem\",\"position\":1,\"name\":\"Portada\",\"item\":\"https:\\\/\\\/veloaxe.com\\\/\"},{\"@type\":\"ListItem\",\"position\":2,\"name\":\"Shop\",\"item\":\"https:\\\/\\\/paleturquoise-herring-271034.hostingersite.com\\\/shop\\\/\"},{\"@type\":\"ListItem\",\"position\":3,\"name\":\"RUEDAS ZIPP 808 FIRECREST TUBELESS DISCO\"}]},{\"@type\":\"WebSite\",\"@id\":\"https:\\\/\\\/veloaxe.com\\\/#website\",\"url\":\"https:\\\/\\\/veloaxe.com\\\/\",\"name\":\"Tienda de bicicletas | VELOAXE\",\"description\":\"Descubre una amplia selecci\u00f3n de bicicletas de alta calidad, desde modelos urbanos y de monta\u00f1a hasta bicicletas de carretera de \u00faltima generaci\u00f3n. Con un servicio experto y accesorios especializados, estamos comprometidos a brindarte la mejor experiencia ciclista.\",\"publisher\":{\"@id\":\"https:\\\/\\\/veloaxe.com\\\/#organization\"},\"potentialAction\":[{\"@type\":\"SearchAction\",\"target\":{\"@type\":\"EntryPoint\",\"urlTemplate\":\"https:\\\/\\\/veloaxe.com\\\/?s={search_term_string}\"},\"query-input\":{\"@type\":\"PropertyValueSpecification\",\"valueRequired\":true,\"valueName\":\"search_term_string\"}}],\"inLanguage\":\"fr-FR\"},{\"@type\":\"Organization\",\"@id\":\"https:\\\/\\\/veloaxe.com\\\/#organization\",\"name\":\"Tienda de bicicletas | VELOAXE\",\"url\":\"https:\\\/\\\/veloaxe.com\\\/\",\"logo\":{\"@type\":\"ImageObject\",\"inLanguage\":\"fr-FR\",\"@id\":\"https:\\\/\\\/veloaxe.com\\\/#\\\/schema\\\/logo\\\/image\\\/\",\"url\":\"https:\\\/\\\/veloaxe.com\\\/wp-content\\\/uploads\\\/2026\\\/01\\\/cropped-logo-1.jpg\",\"contentUrl\":\"https:\\\/\\\/veloaxe.com\\\/wp-content\\\/uploads\\\/2026\\\/01\\\/cropped-logo-1.jpg\",\"width\":1273,\"height\":363,\"caption\":\"Tienda de bicicletas | VELOAXE\"},\"image\":{\"@id\":\"https:\\\/\\\/veloaxe.com\\\/#\\\/schema\\\/logo\\\/image\\\/\"},\"sameAs\":[\"https:\\\/\\\/www.facebook.com\\\/veloaxe\"]}]}<\/script>\n<!-- \/ Yoast SEO plugin. -->","yoast_head_json":{"title":"RUEDAS ZIPP 808 FIRECREST TUBELESS | VELOAXE.COM","description":"RUEDAS ZIPP 808 FIRECREST TUBELESS - Descubre en exclusiva el juego de ruedas ZIPP 808 FIRECREST TUBELESS. Ruedas excepcionales para el m\u00e1ximo rendimiento.","robots":{"index":"index","follow":"follow","max-snippet":"max-snippet:-1","max-image-preview":"max-image-preview:large","max-video-preview":"max-video-preview:-1"},"canonical":"https:\/\/veloaxe.com\/fr\/produit\/ruedas-zipp-808-firecrest-tubeless-disco\/","og_locale":"fr_FR","og_type":"article","og_title":"RUEDAS ZIPP 808 FIRECREST TUBELESS | VELOAXE.COM","og_description":"RUEDAS ZIPP 808 FIRECREST TUBELESS - Descubre en exclusiva el juego de ruedas ZIPP 808 FIRECREST TUBELESS. Ruedas excepcionales para el m\u00e1ximo rendimiento.","og_url":"https:\/\/veloaxe.com\/fr\/produit\/ruedas-zipp-808-firecrest-tubeless-disco\/","og_site_name":"Tienda de bicicletas | VELOAXE","article_publisher":"https:\/\/www.facebook.com\/veloaxe","article_modified_time":"2025-04-17T07:55:38+00:00","og_image":[{"width":1000,"height":1000,"url":"https:\/\/veloaxe.com\/wp-content\/uploads\/2025\/02\/ruedas-zipp-808-firecrest-tubeless.png","type":"image\/png"}],"twitter_card":"summary_large_image","twitter_misc":{"Dur\u00e9e de lecture estim\u00e9e":"3 minutes"},"schema":{"@context":"https:\/\/schema.org","@graph":[{"@type":"WebPage","@id":"https:\/\/veloaxe.com\/producto\/ruedas-zipp-808-firecrest-tubeless-disco\/","url":"https:\/\/veloaxe.com\/producto\/ruedas-zipp-808-firecrest-tubeless-disco\/","name":"RUEDAS ZIPP 808 FIRECREST TUBELESS | VELOAXE.COM","isPartOf":{"@id":"https:\/\/veloaxe.com\/#website"},"primaryImageOfPage":{"@id":"https:\/\/veloaxe.com\/producto\/ruedas-zipp-808-firecrest-tubeless-disco\/#primaryimage"},"image":{"@id":"https:\/\/veloaxe.com\/producto\/ruedas-zipp-808-firecrest-tubeless-disco\/#primaryimage"},"thumbnailUrl":"https:\/\/veloaxe.com\/wp-content\/uploads\/2025\/02\/ruedas-zipp-808-firecrest-tubeless.png","datePublished":"2025-02-01T09:22:02+00:00","dateModified":"2025-04-17T07:55:38+00:00","description":"RUEDAS ZIPP 808 FIRECREST TUBELESS - Descubre en exclusiva el juego de ruedas ZIPP 808 FIRECREST TUBELESS. Ruedas excepcionales para el m\u00e1ximo rendimiento.","breadcrumb":{"@id":"https:\/\/veloaxe.com\/producto\/ruedas-zipp-808-firecrest-tubeless-disco\/#breadcrumb"},"inLanguage":"fr-FR","potentialAction":[{"@type":"ReadAction","target":["https:\/\/veloaxe.com\/producto\/ruedas-zipp-808-firecrest-tubeless-disco\/"]}]},{"@type":"ImageObject","inLanguage":"fr-FR","@id":"https:\/\/veloaxe.com\/producto\/ruedas-zipp-808-firecrest-tubeless-disco\/#primaryimage","url":"https:\/\/veloaxe.com\/wp-content\/uploads\/2025\/02\/ruedas-zipp-808-firecrest-tubeless.png","contentUrl":"https:\/\/veloaxe.com\/wp-content\/uploads\/2025\/02\/ruedas-zipp-808-firecrest-tubeless.png","width":1000,"height":1000,"caption":"ruedas-zipp-808-firecrest-tubeless"},{"@type":"BreadcrumbList","@id":"https:\/\/veloaxe.com\/producto\/ruedas-zipp-808-firecrest-tubeless-disco\/#breadcrumb","itemListElement":[{"@type":"ListItem","position":1,"name":"Portada","item":"https:\/\/veloaxe.com\/"},{"@type":"ListItem","position":2,"name":"Shop","item":"https:\/\/paleturquoise-herring-271034.hostingersite.com\/shop\/"},{"@type":"ListItem","position":3,"name":"RUEDAS ZIPP 808 FIRECREST TUBELESS DISCO"}]},{"@type":"WebSite","@id":"https:\/\/veloaxe.com\/#website","url":"https:\/\/veloaxe.com\/","name":"Boutique de v\u00e9lo en ligne | VELOAXE","description":"D\u00e9couvrez une large s\u00e9lection de v\u00e9los de haute qualit\u00e9, des mod\u00e8les urbains et de montagne aux v\u00e9los de route de pointe. Avec un service d'experts et des accessoires sp\u00e9cialis\u00e9s, nous nous engageons \u00e0 vous offrir la meilleure exp\u00e9rience de cyclisme.","publisher":{"@id":"https:\/\/veloaxe.com\/#organization"},"potentialAction":[{"@type":"SearchAction","target":{"@type":"EntryPoint","urlTemplate":"https:\/\/veloaxe.com\/?s={search_term_string}"},"query-input":{"@type":"PropertyValueSpecification","valueRequired":true,"valueName":"search_term_string"}}],"inLanguage":"fr-FR"},{"@type":"Organization","@id":"https:\/\/veloaxe.com\/#organization","name":"Boutique de v\u00e9lo en ligne | VELOAXE","url":"https:\/\/veloaxe.com\/","logo":{"@type":"ImageObject","inLanguage":"fr-FR","@id":"https:\/\/veloaxe.com\/#\/schema\/logo\/image\/","url":"https:\/\/veloaxe.com\/wp-content\/uploads\/2026\/01\/cropped-logo-1.jpg","contentUrl":"https:\/\/veloaxe.com\/wp-content\/uploads\/2026\/01\/cropped-logo-1.jpg","width":1273,"height":363,"caption":"Tienda de bicicletas | VELOAXE"},"image":{"@id":"https:\/\/veloaxe.com\/#\/schema\/logo\/image\/"},"sameAs":["https:\/\/www.facebook.com\/veloaxe"]}]}},"_links":{"self":[{"href":"https:\/\/veloaxe.com\/fr\/wp-json\/wp\/v2\/product\/19717","targetHints":{"allow":["GET"]}}],"collection":[{"href":"https:\/\/veloaxe.com\/fr\/wp-json\/wp\/v2\/product"}],"about":[{"href":"https:\/\/veloaxe.com\/fr\/wp-json\/wp\/v2\/types\/product"}],"replies":[{"embeddable":true,"href":"https:\/\/veloaxe.com\/fr\/wp-json\/wp\/v2\/comments?post=19717"}],"wp:featuredmedia":[{"embeddable":true,"href":"https:\/\/veloaxe.com\/fr\/wp-json\/wp\/v2\/media\/19722"}],"wp:attachment":[{"href":"https:\/\/veloaxe.com\/fr\/wp-json\/wp\/v2\/media?parent=19717"}],"wp:term":[{"taxonomy":"product_brand","embeddable":true,"href":"https:\/\/veloaxe.com\/fr\/wp-json\/wp\/v2\/product_brand?post=19717"},{"taxonomy":"product_cat","embeddable":true,"href":"https:\/\/veloaxe.com\/fr\/wp-json\/wp\/v2\/product_cat?post=19717"},{"taxonomy":"product_tag","embeddable":true,"href":"https:\/\/veloaxe.com\/fr\/wp-json\/wp\/v2\/product_tag?post=19717"}],"curies":[{"name":"wp","href":"https:\/\/api.w.org\/{rel}","templated":true}]}}