{"id":19771,"date":"2025-02-03T08:40:14","date_gmt":"2025-02-03T08:40:14","guid":{"rendered":"https:\/\/veloaxe.com\/?post_type=product&#038;p=19771"},"modified":"2025-04-17T07:48:16","modified_gmt":"2025-04-17T07:48:16","slug":"ruedas-zipp-303-s","status":"publish","type":"product","link":"https:\/\/veloaxe.com\/fr\/producto\/ruedas-zipp-303-s\/","title":{"rendered":"RUEDAS ZIPP 303 S"},"content":{"rendered":"<p>El juego de ruedas con freno de disco sin c\u00e1mara <strong><em>ZIPP 303 S<\/em><\/strong> ofrece a los ciclistas de hoy la versatilidad que exigen con la velocidad que anhelan. Ampliando en gran medida su herencia de conquistar las cl\u00e1sicas de primavera, este juego de ruedas 303 mantiene su profundidad de llanta de 45 mm ideal para todo terreno, pero agrega un ancho interno significativamente m\u00e1s amplio para brindar un mayor rendimiento y calidad de conducci\u00f3n en casi todos los sentidos mensurables. Las bicicletas de carretera son m\u00e1s vers\u00e1tiles que nunca, sin importar la superficie de la carretera, pero igual de r\u00e1pidas que antes.<\/p>\n<p>La <em><strong>ZIPP 303 S<\/strong><\/em> ofrece un perfil de llanta y un dise\u00f1o completamente nuevos para optimizar el rendimiento del ciclista en esta nueva generaci\u00f3n de bicicletas. Este juego de ruedas no tiene c\u00e1mara para bicicletas con freno de disco, lo que permite utilizar neum\u00e1ticos anchos a presiones m\u00e1s bajas para una velocidad lista para la carrera dentro o fuera del pavimento. La 303 S se encuentra entre nuestros juegos de ruedas m\u00e1s livianos, optimizado para un rendimiento aerodin\u00e1mico superior con un neum\u00e1tico de 28 mm, pero capaz de manejar neum\u00e1ticos de grava de hasta 50 mm de ancho.<\/p>\n<p>La <em><strong>ZIPP 303 S<\/strong><\/em> toma prestados conceptos de dise\u00f1o del juego de ruedas con freno de disco sin c\u00e1mara 303 Firecrest de nivel superior para ganar velocidad a trav\u00e9s de una mayor eficiencia. Esto se logra creando una rueda con menor resistencia al viento, resistencia a la rodadura, fatiga del ciclista y peso. La innovaci\u00f3n clave est\u00e1 en el dise\u00f1o de la llanta de la serie 303 S. Su profundidad de llanta de 45 mm es la misma que la de su predecesora, la 302 con freno de disco.<\/p>\n<p>Pero su ancho de llanta es 2 mm m\u00e1s ancho, 27 mm, y su base de neum\u00e1tico es 7 mm m\u00e1s ancha, 23 mm. Esa plataforma de llanta est\u00e1 dise\u00f1ada para ser la m\u00e1s r\u00e1pida con un neum\u00e1tico de 28 mm. La llanta ancha optimiza el perfil del neum\u00e1tico para permitir una presi\u00f3n m\u00e1s baja en los neum\u00e1ticos.<\/p>\n<p>Eso ayuda a reducir la resistencia a la rodadura y proporciona una conducci\u00f3n m\u00e1s c\u00f3moda. El resultado de todo esto es un ahorro de vatios del 10 por ciento en comparaci\u00f3n con una rueda de la mejor calidad en la potencia total requerida para circular a 40 km\/h en una carretera plana y lisa con un neum\u00e1tico de 28 mm, seg\u00fan las pruebas internas de Zipp. Este innovador juego de ruedas tambi\u00e9n presenta una est\u00e9tica completamente nueva, que distingue al ciclista del resto, y viene a un precio atractivo.<\/p>\n<ul>\n<li>Gr\u00e1ficos Zipp e identidad cosm\u00e9tica que gritan velocidad<\/li>\n<li>La m\u00e1s r\u00e1pida con 28 mm, se adapta tambi\u00e9n a neum\u00e1ticos de grava anchos<\/li>\n<li>Mazas DB 76\/176 con interfaz de bloqueo central<\/li>\n<li>Opci\u00f3n de cuerpo de conductor XDR y HG disponible<\/li>\n<li>Las llantas anchas optimizan el perfil del neum\u00e1tico para permitir una presi\u00f3n de neum\u00e1tico m\u00e1s baja, especialmente con tubeless.<\/li>\n<li>El resultado es una superficie de contacto m\u00e1s grande para aumentar el agarre para tomar curvas, descender y manejar con confianza en condiciones h\u00famedas.<\/li>\n<li>Las presiones de neum\u00e1ticos m\u00e1s bajas y el mayor volumen brindan una conducci\u00f3n c\u00f3moda con menos vibraciones.<\/li>\n<li>Ahorro de vatios significativo al usar neum\u00e1ticos m\u00e1s grandes a menor presi\u00f3n.<\/li>\n<li>Las llantas anchas sin gancho crean una transici\u00f3n perfecta al neum\u00e1tico, lo que reduce la resistencia.<\/li>\n<li>PESO 1530 grs<\/li>\n<li>HOOKLESS<\/li>\n<\/ul>","protected":false},"excerpt":{"rendered":"<p>El juego de ruedas con freno de disco sin c\u00e1mara ZIPP 303 S ofrece a los ciclistas de hoy la versatilidad que exigen con la velocidad que anhelan. Ampliando en gran medida su herencia de conquistar las cl\u00e1sicas de primavera, este juego de ruedas 303 mantiene su profundidad de llanta de 45 mm ideal para [&hellip;]<\/p>\n","protected":false},"featured_media":19778,"comment_status":"closed","ping_status":"closed","template":"","meta":[],"product_brand":[],"product_cat":[16,38,133],"product_tag":[],"class_list":{"0":"post-19771","1":"product","2":"type-product","3":"status-publish","4":"has-post-thumbnail","6":"product_cat-carretera-gravel-bicicletas","7":"product_cat-ruedas-neumatico-tubular","8":"product_cat-ruedas-carbono-carretera","9":"product_shipping_class-no-bicicletas","11":"first","12":"instock","13":"sale","14":"shipping-taxable","15":"purchasable","16":"product-type-variable"},"yoast_head":"<!-- This site is optimized with the Yoast SEO plugin v27.6 - https:\/\/yoast.com\/product\/yoast-seo-wordpress\/ -->\n<title>RUEDAS ZIPP 303 S - TUBELESS | VELOAXE.COM<\/title>\n<meta name=\"description\" content=\"RUEDAS ZIPP 303 S TUBELESS - Descubre en exclusiva el juego de ruedas ZIPP 303 S TUBELESS. Ruedas excepcionales para el m\u00e1ximo rendimiento.\" \/>\n<meta name=\"robots\" content=\"index, follow, max-snippet:-1, max-image-preview:large, max-video-preview:-1\" \/>\n<link rel=\"canonical\" href=\"https:\/\/veloaxe.com\/fr\/produit\/ruedas-zipp-303-s\/\" \/>\n<meta property=\"og:locale\" content=\"fr_FR\" \/>\n<meta property=\"og:type\" content=\"article\" \/>\n<meta property=\"og:title\" content=\"RUEDAS ZIPP 303 S - TUBELESS | VELOAXE.COM\" \/>\n<meta property=\"og:description\" content=\"RUEDAS ZIPP 303 S TUBELESS - Descubre en exclusiva el juego de ruedas ZIPP 303 S TUBELESS. Ruedas excepcionales para el m\u00e1ximo rendimiento.\" \/>\n<meta property=\"og:url\" content=\"https:\/\/veloaxe.com\/fr\/produit\/ruedas-zipp-303-s\/\" \/>\n<meta property=\"og:site_name\" content=\"Tienda de bicicletas | VELOAXE\" \/>\n<meta property=\"article:publisher\" content=\"https:\/\/www.facebook.com\/veloaxe\" \/>\n<meta property=\"article:modified_time\" content=\"2025-04-17T07:48:16+00:00\" \/>\n<meta property=\"og:image\" content=\"https:\/\/veloaxe.com\/wp-content\/uploads\/2025\/02\/zipp-303-s.png\" \/>\n\t<meta property=\"og:image:width\" content=\"1000\" \/>\n\t<meta property=\"og:image:height\" content=\"1000\" \/>\n\t<meta property=\"og:image:type\" content=\"image\/png\" \/>\n<meta name=\"twitter:card\" content=\"summary_large_image\" \/>\n<meta name=\"twitter:label1\" content=\"Dur\u00e9e de lecture estim\u00e9e\" \/>\n\t<meta name=\"twitter:data1\" content=\"3 minutes\" \/>\n<script type=\"application\/ld+json\" class=\"yoast-schema-graph\">{\"@context\":\"https:\\\/\\\/schema.org\",\"@graph\":[{\"@type\":\"WebPage\",\"@id\":\"https:\\\/\\\/veloaxe.com\\\/producto\\\/ruedas-zipp-303-s\\\/\",\"url\":\"https:\\\/\\\/veloaxe.com\\\/producto\\\/ruedas-zipp-303-s\\\/\",\"name\":\"RUEDAS ZIPP 303 S - TUBELESS | VELOAXE.COM\",\"isPartOf\":{\"@id\":\"https:\\\/\\\/veloaxe.com\\\/#website\"},\"primaryImageOfPage\":{\"@id\":\"https:\\\/\\\/veloaxe.com\\\/producto\\\/ruedas-zipp-303-s\\\/#primaryimage\"},\"image\":{\"@id\":\"https:\\\/\\\/veloaxe.com\\\/producto\\\/ruedas-zipp-303-s\\\/#primaryimage\"},\"thumbnailUrl\":\"https:\\\/\\\/veloaxe.com\\\/wp-content\\\/uploads\\\/2025\\\/02\\\/zipp-303-s.png\",\"datePublished\":\"2025-02-03T08:40:14+00:00\",\"dateModified\":\"2025-04-17T07:48:16+00:00\",\"description\":\"RUEDAS ZIPP 303 S TUBELESS - Descubre en exclusiva el juego de ruedas ZIPP 303 S TUBELESS. Ruedas excepcionales para el m\u00e1ximo rendimiento.\",\"breadcrumb\":{\"@id\":\"https:\\\/\\\/veloaxe.com\\\/producto\\\/ruedas-zipp-303-s\\\/#breadcrumb\"},\"inLanguage\":\"fr-FR\",\"potentialAction\":[{\"@type\":\"ReadAction\",\"target\":[\"https:\\\/\\\/veloaxe.com\\\/producto\\\/ruedas-zipp-303-s\\\/\"]}]},{\"@type\":\"ImageObject\",\"inLanguage\":\"fr-FR\",\"@id\":\"https:\\\/\\\/veloaxe.com\\\/producto\\\/ruedas-zipp-303-s\\\/#primaryimage\",\"url\":\"https:\\\/\\\/veloaxe.com\\\/wp-content\\\/uploads\\\/2025\\\/02\\\/zipp-303-s.png\",\"contentUrl\":\"https:\\\/\\\/veloaxe.com\\\/wp-content\\\/uploads\\\/2025\\\/02\\\/zipp-303-s.png\",\"width\":1000,\"height\":1000,\"caption\":\"zipp-303-s\"},{\"@type\":\"BreadcrumbList\",\"@id\":\"https:\\\/\\\/veloaxe.com\\\/producto\\\/ruedas-zipp-303-s\\\/#breadcrumb\",\"itemListElement\":[{\"@type\":\"ListItem\",\"position\":1,\"name\":\"Portada\",\"item\":\"https:\\\/\\\/veloaxe.com\\\/\"},{\"@type\":\"ListItem\",\"position\":2,\"name\":\"Shop\",\"item\":\"https:\\\/\\\/paleturquoise-herring-271034.hostingersite.com\\\/shop\\\/\"},{\"@type\":\"ListItem\",\"position\":3,\"name\":\"RUEDAS ZIPP 303 S\"}]},{\"@type\":\"WebSite\",\"@id\":\"https:\\\/\\\/veloaxe.com\\\/#website\",\"url\":\"https:\\\/\\\/veloaxe.com\\\/\",\"name\":\"Tienda de bicicletas | VELOAXE\",\"description\":\"Descubre una amplia selecci\u00f3n de bicicletas de alta calidad, desde modelos urbanos y de monta\u00f1a hasta bicicletas de carretera de \u00faltima generaci\u00f3n. Con un servicio experto y accesorios especializados, estamos comprometidos a brindarte la mejor experiencia ciclista.\",\"publisher\":{\"@id\":\"https:\\\/\\\/veloaxe.com\\\/#organization\"},\"potentialAction\":[{\"@type\":\"SearchAction\",\"target\":{\"@type\":\"EntryPoint\",\"urlTemplate\":\"https:\\\/\\\/veloaxe.com\\\/?s={search_term_string}\"},\"query-input\":{\"@type\":\"PropertyValueSpecification\",\"valueRequired\":true,\"valueName\":\"search_term_string\"}}],\"inLanguage\":\"fr-FR\"},{\"@type\":\"Organization\",\"@id\":\"https:\\\/\\\/veloaxe.com\\\/#organization\",\"name\":\"Tienda de bicicletas | VELOAXE\",\"url\":\"https:\\\/\\\/veloaxe.com\\\/\",\"logo\":{\"@type\":\"ImageObject\",\"inLanguage\":\"fr-FR\",\"@id\":\"https:\\\/\\\/veloaxe.com\\\/#\\\/schema\\\/logo\\\/image\\\/\",\"url\":\"https:\\\/\\\/veloaxe.com\\\/wp-content\\\/uploads\\\/2026\\\/01\\\/cropped-logo-1.jpg\",\"contentUrl\":\"https:\\\/\\\/veloaxe.com\\\/wp-content\\\/uploads\\\/2026\\\/01\\\/cropped-logo-1.jpg\",\"width\":1273,\"height\":363,\"caption\":\"Tienda de bicicletas | VELOAXE\"},\"image\":{\"@id\":\"https:\\\/\\\/veloaxe.com\\\/#\\\/schema\\\/logo\\\/image\\\/\"},\"sameAs\":[\"https:\\\/\\\/www.facebook.com\\\/veloaxe\"]}]}<\/script>\n<!-- \/ Yoast SEO plugin. -->","yoast_head_json":{"title":"RUEDAS ZIPP 303 S - TUBELESS | VELOAXE.COM","description":"RUEDAS ZIPP 303 S TUBELESS - Descubre en exclusiva el juego de ruedas ZIPP 303 S TUBELESS. Ruedas excepcionales para el m\u00e1ximo rendimiento.","robots":{"index":"index","follow":"follow","max-snippet":"max-snippet:-1","max-image-preview":"max-image-preview:large","max-video-preview":"max-video-preview:-1"},"canonical":"https:\/\/veloaxe.com\/fr\/produit\/ruedas-zipp-303-s\/","og_locale":"fr_FR","og_type":"article","og_title":"RUEDAS ZIPP 303 S - TUBELESS | VELOAXE.COM","og_description":"RUEDAS ZIPP 303 S TUBELESS - Descubre en exclusiva el juego de ruedas ZIPP 303 S TUBELESS. Ruedas excepcionales para el m\u00e1ximo rendimiento.","og_url":"https:\/\/veloaxe.com\/fr\/produit\/ruedas-zipp-303-s\/","og_site_name":"Tienda de bicicletas | VELOAXE","article_publisher":"https:\/\/www.facebook.com\/veloaxe","article_modified_time":"2025-04-17T07:48:16+00:00","og_image":[{"width":1000,"height":1000,"url":"https:\/\/veloaxe.com\/wp-content\/uploads\/2025\/02\/zipp-303-s.png","type":"image\/png"}],"twitter_card":"summary_large_image","twitter_misc":{"Dur\u00e9e de lecture estim\u00e9e":"3 minutes"},"schema":{"@context":"https:\/\/schema.org","@graph":[{"@type":"WebPage","@id":"https:\/\/veloaxe.com\/producto\/ruedas-zipp-303-s\/","url":"https:\/\/veloaxe.com\/producto\/ruedas-zipp-303-s\/","name":"RUEDAS ZIPP 303 S - TUBELESS | VELOAXE.COM","isPartOf":{"@id":"https:\/\/veloaxe.com\/#website"},"primaryImageOfPage":{"@id":"https:\/\/veloaxe.com\/producto\/ruedas-zipp-303-s\/#primaryimage"},"image":{"@id":"https:\/\/veloaxe.com\/producto\/ruedas-zipp-303-s\/#primaryimage"},"thumbnailUrl":"https:\/\/veloaxe.com\/wp-content\/uploads\/2025\/02\/zipp-303-s.png","datePublished":"2025-02-03T08:40:14+00:00","dateModified":"2025-04-17T07:48:16+00:00","description":"RUEDAS ZIPP 303 S TUBELESS - Descubre en exclusiva el juego de ruedas ZIPP 303 S TUBELESS. Ruedas excepcionales para el m\u00e1ximo rendimiento.","breadcrumb":{"@id":"https:\/\/veloaxe.com\/producto\/ruedas-zipp-303-s\/#breadcrumb"},"inLanguage":"fr-FR","potentialAction":[{"@type":"ReadAction","target":["https:\/\/veloaxe.com\/producto\/ruedas-zipp-303-s\/"]}]},{"@type":"ImageObject","inLanguage":"fr-FR","@id":"https:\/\/veloaxe.com\/producto\/ruedas-zipp-303-s\/#primaryimage","url":"https:\/\/veloaxe.com\/wp-content\/uploads\/2025\/02\/zipp-303-s.png","contentUrl":"https:\/\/veloaxe.com\/wp-content\/uploads\/2025\/02\/zipp-303-s.png","width":1000,"height":1000,"caption":"zipp-303-s"},{"@type":"BreadcrumbList","@id":"https:\/\/veloaxe.com\/producto\/ruedas-zipp-303-s\/#breadcrumb","itemListElement":[{"@type":"ListItem","position":1,"name":"Portada","item":"https:\/\/veloaxe.com\/"},{"@type":"ListItem","position":2,"name":"Shop","item":"https:\/\/paleturquoise-herring-271034.hostingersite.com\/shop\/"},{"@type":"ListItem","position":3,"name":"RUEDAS ZIPP 303 S"}]},{"@type":"WebSite","@id":"https:\/\/veloaxe.com\/#website","url":"https:\/\/veloaxe.com\/","name":"Boutique de v\u00e9lo en ligne | VELOAXE","description":"D\u00e9couvrez une large s\u00e9lection de v\u00e9los de haute qualit\u00e9, des mod\u00e8les urbains et de montagne aux v\u00e9los de route de pointe. Avec un service d'experts et des accessoires sp\u00e9cialis\u00e9s, nous nous engageons \u00e0 vous offrir la meilleure exp\u00e9rience de cyclisme.","publisher":{"@id":"https:\/\/veloaxe.com\/#organization"},"potentialAction":[{"@type":"SearchAction","target":{"@type":"EntryPoint","urlTemplate":"https:\/\/veloaxe.com\/?s={search_term_string}"},"query-input":{"@type":"PropertyValueSpecification","valueRequired":true,"valueName":"search_term_string"}}],"inLanguage":"fr-FR"},{"@type":"Organization","@id":"https:\/\/veloaxe.com\/#organization","name":"Boutique de v\u00e9lo en ligne | VELOAXE","url":"https:\/\/veloaxe.com\/","logo":{"@type":"ImageObject","inLanguage":"fr-FR","@id":"https:\/\/veloaxe.com\/#\/schema\/logo\/image\/","url":"https:\/\/veloaxe.com\/wp-content\/uploads\/2026\/01\/cropped-logo-1.jpg","contentUrl":"https:\/\/veloaxe.com\/wp-content\/uploads\/2026\/01\/cropped-logo-1.jpg","width":1273,"height":363,"caption":"Tienda de bicicletas | VELOAXE"},"image":{"@id":"https:\/\/veloaxe.com\/#\/schema\/logo\/image\/"},"sameAs":["https:\/\/www.facebook.com\/veloaxe"]}]}},"_links":{"self":[{"href":"https:\/\/veloaxe.com\/fr\/wp-json\/wp\/v2\/product\/19771","targetHints":{"allow":["GET"]}}],"collection":[{"href":"https:\/\/veloaxe.com\/fr\/wp-json\/wp\/v2\/product"}],"about":[{"href":"https:\/\/veloaxe.com\/fr\/wp-json\/wp\/v2\/types\/product"}],"replies":[{"embeddable":true,"href":"https:\/\/veloaxe.com\/fr\/wp-json\/wp\/v2\/comments?post=19771"}],"wp:featuredmedia":[{"embeddable":true,"href":"https:\/\/veloaxe.com\/fr\/wp-json\/wp\/v2\/media\/19778"}],"wp:attachment":[{"href":"https:\/\/veloaxe.com\/fr\/wp-json\/wp\/v2\/media?parent=19771"}],"wp:term":[{"taxonomy":"product_brand","embeddable":true,"href":"https:\/\/veloaxe.com\/fr\/wp-json\/wp\/v2\/product_brand?post=19771"},{"taxonomy":"product_cat","embeddable":true,"href":"https:\/\/veloaxe.com\/fr\/wp-json\/wp\/v2\/product_cat?post=19771"},{"taxonomy":"product_tag","embeddable":true,"href":"https:\/\/veloaxe.com\/fr\/wp-json\/wp\/v2\/product_tag?post=19771"}],"curies":[{"name":"wp","href":"https:\/\/api.w.org\/{rel}","templated":true}]}}