{"id":19820,"date":"2025-02-04T06:19:10","date_gmt":"2025-02-04T06:19:10","guid":{"rendered":"https:\/\/veloaxe.com\/?post_type=product&#038;p=19820"},"modified":"2025-04-17T07:38:34","modified_gmt":"2025-04-17T07:38:34","slug":"cubierta-zipp-g40-xplr-gravel","status":"publish","type":"product","link":"https:\/\/veloaxe.com\/fr\/producto\/cubierta-zipp-g40-xplr-gravel\/","title":{"rendered":"CUBIERTA ZIPP G40 XPLR &#8211; GRAVEL"},"content":{"rendered":"<p>El Zipp G40 XPLR es un neum\u00e1tico ancho (40 mm) dise\u00f1ado para el control, lo que en grava se traduce en una mayor velocidad general. Al desarrollar este neum\u00e1tico, Zipp comenz\u00f3 con un patr\u00f3n de banda de rodadura central de chevron para la velocidad que pasa a un dise\u00f1o de tacos de f\u00fatbol invertidos y agreg\u00f3 tacos de estilo XC en los bordes para la capacidad de clavarse cuando lo necesita. La durabilidad fue crucial.<\/p>\n<p>La carcasa del neum\u00e1tico y la tira de protecci\u00f3n contra pinchazos de tal\u00f3n a tal\u00f3n navegan por la delgada l\u00ednea entre flexible y r\u00edgido para que el agarre y el rendimiento no se vean afectados al mismo tiempo que crean un neum\u00e1tico de grava incre\u00edblemente duradero. El ancho de 40 mm del neum\u00e1tico se seleccion\u00f3 cuidadosamente para que fuera m\u00e1s efectivo con su patr\u00f3n de banda de rodadura y al mismo tiempo satisficiera las preferencias cambiantes de los ciclistas por neum\u00e1ticos m\u00e1s anchos para eventos de gravel y conducci\u00f3n fuera del pavimento. Es justo lo que necesita para una conducci\u00f3n intensa durante todo el d\u00eda. Funciona excepcionalmente bien con la llanta m\u00e1s ancha y vers\u00e1til de Zipp, la 303.<\/p>\n<ul>\n<li>Neum\u00e1tico de alto rendimiento para grava y aventura<\/li>\n<li>Tacos laterales agresivos para curvas que ofrecen un control excelente<\/li>\n<li>Secci\u00f3n central de rodadura r\u00e1pida<\/li>\n<li>Banda de protecci\u00f3n contra pinchazos de tal\u00f3n a tal\u00f3n<\/li>\n<li>30-65 psi<\/li>\n<li>Tubeless Ready, compatible con c\u00e1mara<\/li>\n<li>Fachada de color tostado<\/li>\n<li>Protecci\u00f3n contra pinchazos de tal\u00f3n a tal\u00f3n de Aramid\u00ae que es muy resistente a los cortes en la pared lateral<\/li>\n<li>Compatible con Hookless<\/li>\n<\/ul>","protected":false},"excerpt":{"rendered":"<p>El Zipp G40 XPLR es un neum\u00e1tico ancho (40 mm) dise\u00f1ado para el control, lo que en grava se traduce en una mayor velocidad general. Al desarrollar este neum\u00e1tico, Zipp comenz\u00f3 con un patr\u00f3n de banda de rodadura central de chevron para la velocidad que pasa a un dise\u00f1o de tacos de f\u00fatbol invertidos y [&hellip;]<\/p>\n","protected":false},"featured_media":19823,"comment_status":"closed","ping_status":"closed","template":"","meta":[],"product_brand":[],"product_cat":[16,222,38],"product_tag":[],"class_list":{"0":"post-19820","1":"product","2":"type-product","3":"status-publish","4":"has-post-thumbnail","6":"product_cat-carretera-gravel-bicicletas","7":"product_cat-cubierta-gravel-cx","8":"product_cat-ruedas-neumatico-tubular","9":"product_shipping_class-no-bicicletas","11":"first","12":"instock","13":"sale","14":"shipping-taxable","15":"purchasable","16":"product-type-variable"},"yoast_head":"<!-- This site is optimized with the Yoast SEO plugin v27.6 - https:\/\/yoast.com\/product\/yoast-seo-wordpress\/ -->\n<title>CUBIERTA ZIPP G40 XPLR - TUBELESS | VELOAXE.COM<\/title>\n<meta name=\"description\" content=\"CUBIERTA ZIPP G40 XPLR GRAVEL - Muy buen rendimiento, arranca con un muy buen neum\u00e1tico. Los neum\u00e1ticos sin c\u00e1mara ZIPP GOODYEAR VECTOR NSW son eficientes y c\u00f3modos.\" \/>\n<meta name=\"robots\" content=\"index, follow, max-snippet:-1, max-image-preview:large, max-video-preview:-1\" \/>\n<link rel=\"canonical\" href=\"https:\/\/veloaxe.com\/fr\/produit\/cubierta-zipp-g40-xplr-gravel\/\" \/>\n<meta property=\"og:locale\" content=\"fr_FR\" \/>\n<meta property=\"og:type\" content=\"article\" \/>\n<meta property=\"og:title\" content=\"CUBIERTA ZIPP G40 XPLR - TUBELESS | VELOAXE.COM\" \/>\n<meta property=\"og:description\" content=\"CUBIERTA ZIPP G40 XPLR GRAVEL - Muy buen rendimiento, arranca con un muy buen neum\u00e1tico. Los neum\u00e1ticos sin c\u00e1mara ZIPP GOODYEAR VECTOR NSW son eficientes y c\u00f3modos.\" \/>\n<meta property=\"og:url\" content=\"https:\/\/veloaxe.com\/fr\/produit\/cubierta-zipp-g40-xplr-gravel\/\" \/>\n<meta property=\"og:site_name\" content=\"Tienda de bicicletas | VELOAXE\" \/>\n<meta property=\"article:publisher\" content=\"https:\/\/www.facebook.com\/veloaxe\" \/>\n<meta property=\"article:modified_time\" content=\"2025-04-17T07:38:34+00:00\" \/>\n<meta property=\"og:image\" content=\"https:\/\/veloaxe.com\/wp-content\/uploads\/2025\/02\/cubierta-zipp-g40-xplr-gravel.jpg\" \/>\n\t<meta property=\"og:image:width\" content=\"1000\" \/>\n\t<meta property=\"og:image:height\" content=\"1000\" \/>\n\t<meta property=\"og:image:type\" content=\"image\/jpeg\" \/>\n<meta name=\"twitter:card\" content=\"summary_large_image\" \/>\n<meta name=\"twitter:label1\" content=\"Dur\u00e9e de lecture estim\u00e9e\" \/>\n\t<meta name=\"twitter:data1\" content=\"2 minutes\" \/>\n<script type=\"application\/ld+json\" class=\"yoast-schema-graph\">{\"@context\":\"https:\\\/\\\/schema.org\",\"@graph\":[{\"@type\":\"WebPage\",\"@id\":\"https:\\\/\\\/veloaxe.com\\\/producto\\\/cubierta-zipp-g40-xplr-gravel\\\/\",\"url\":\"https:\\\/\\\/veloaxe.com\\\/producto\\\/cubierta-zipp-g40-xplr-gravel\\\/\",\"name\":\"CUBIERTA ZIPP G40 XPLR - TUBELESS | VELOAXE.COM\",\"isPartOf\":{\"@id\":\"https:\\\/\\\/veloaxe.com\\\/#website\"},\"primaryImageOfPage\":{\"@id\":\"https:\\\/\\\/veloaxe.com\\\/producto\\\/cubierta-zipp-g40-xplr-gravel\\\/#primaryimage\"},\"image\":{\"@id\":\"https:\\\/\\\/veloaxe.com\\\/producto\\\/cubierta-zipp-g40-xplr-gravel\\\/#primaryimage\"},\"thumbnailUrl\":\"https:\\\/\\\/veloaxe.com\\\/wp-content\\\/uploads\\\/2025\\\/02\\\/cubierta-zipp-g40-xplr-gravel.jpg\",\"datePublished\":\"2025-02-04T06:19:10+00:00\",\"dateModified\":\"2025-04-17T07:38:34+00:00\",\"description\":\"CUBIERTA ZIPP G40 XPLR GRAVEL - Muy buen rendimiento, arranca con un muy buen neum\u00e1tico. Los neum\u00e1ticos sin c\u00e1mara ZIPP GOODYEAR VECTOR NSW son eficientes y c\u00f3modos.\",\"breadcrumb\":{\"@id\":\"https:\\\/\\\/veloaxe.com\\\/producto\\\/cubierta-zipp-g40-xplr-gravel\\\/#breadcrumb\"},\"inLanguage\":\"fr-FR\",\"potentialAction\":[{\"@type\":\"ReadAction\",\"target\":[\"https:\\\/\\\/veloaxe.com\\\/producto\\\/cubierta-zipp-g40-xplr-gravel\\\/\"]}]},{\"@type\":\"ImageObject\",\"inLanguage\":\"fr-FR\",\"@id\":\"https:\\\/\\\/veloaxe.com\\\/producto\\\/cubierta-zipp-g40-xplr-gravel\\\/#primaryimage\",\"url\":\"https:\\\/\\\/veloaxe.com\\\/wp-content\\\/uploads\\\/2025\\\/02\\\/cubierta-zipp-g40-xplr-gravel.jpg\",\"contentUrl\":\"https:\\\/\\\/veloaxe.com\\\/wp-content\\\/uploads\\\/2025\\\/02\\\/cubierta-zipp-g40-xplr-gravel.jpg\",\"width\":1000,\"height\":1000,\"caption\":\"cubierta-zipp-g40-xplr-gravel\"},{\"@type\":\"BreadcrumbList\",\"@id\":\"https:\\\/\\\/veloaxe.com\\\/producto\\\/cubierta-zipp-g40-xplr-gravel\\\/#breadcrumb\",\"itemListElement\":[{\"@type\":\"ListItem\",\"position\":1,\"name\":\"Portada\",\"item\":\"https:\\\/\\\/veloaxe.com\\\/\"},{\"@type\":\"ListItem\",\"position\":2,\"name\":\"Shop\",\"item\":\"https:\\\/\\\/paleturquoise-herring-271034.hostingersite.com\\\/shop\\\/\"},{\"@type\":\"ListItem\",\"position\":3,\"name\":\"CUBIERTA ZIPP G40 XPLR &#8211; GRAVEL\"}]},{\"@type\":\"WebSite\",\"@id\":\"https:\\\/\\\/veloaxe.com\\\/#website\",\"url\":\"https:\\\/\\\/veloaxe.com\\\/\",\"name\":\"Tienda de bicicletas | VELOAXE\",\"description\":\"Descubre una amplia selecci\u00f3n de bicicletas de alta calidad, desde modelos urbanos y de monta\u00f1a hasta bicicletas de carretera de \u00faltima generaci\u00f3n. Con un servicio experto y accesorios especializados, estamos comprometidos a brindarte la mejor experiencia ciclista.\",\"publisher\":{\"@id\":\"https:\\\/\\\/veloaxe.com\\\/#organization\"},\"potentialAction\":[{\"@type\":\"SearchAction\",\"target\":{\"@type\":\"EntryPoint\",\"urlTemplate\":\"https:\\\/\\\/veloaxe.com\\\/?s={search_term_string}\"},\"query-input\":{\"@type\":\"PropertyValueSpecification\",\"valueRequired\":true,\"valueName\":\"search_term_string\"}}],\"inLanguage\":\"fr-FR\"},{\"@type\":\"Organization\",\"@id\":\"https:\\\/\\\/veloaxe.com\\\/#organization\",\"name\":\"Tienda de bicicletas | VELOAXE\",\"url\":\"https:\\\/\\\/veloaxe.com\\\/\",\"logo\":{\"@type\":\"ImageObject\",\"inLanguage\":\"fr-FR\",\"@id\":\"https:\\\/\\\/veloaxe.com\\\/#\\\/schema\\\/logo\\\/image\\\/\",\"url\":\"https:\\\/\\\/veloaxe.com\\\/wp-content\\\/uploads\\\/2026\\\/01\\\/cropped-logo-1.jpg\",\"contentUrl\":\"https:\\\/\\\/veloaxe.com\\\/wp-content\\\/uploads\\\/2026\\\/01\\\/cropped-logo-1.jpg\",\"width\":1273,\"height\":363,\"caption\":\"Tienda de bicicletas | VELOAXE\"},\"image\":{\"@id\":\"https:\\\/\\\/veloaxe.com\\\/#\\\/schema\\\/logo\\\/image\\\/\"},\"sameAs\":[\"https:\\\/\\\/www.facebook.com\\\/veloaxe\"]}]}<\/script>\n<!-- \/ Yoast SEO plugin. -->","yoast_head_json":{"title":"CUBIERTA ZIPP G40 XPLR - TUBELESS | VELOAXE.COM","description":"CUBIERTA ZIPP G40 XPLR GRAVEL - Muy buen rendimiento, arranca con un muy buen neum\u00e1tico. Los neum\u00e1ticos sin c\u00e1mara ZIPP GOODYEAR VECTOR NSW son eficientes y c\u00f3modos.","robots":{"index":"index","follow":"follow","max-snippet":"max-snippet:-1","max-image-preview":"max-image-preview:large","max-video-preview":"max-video-preview:-1"},"canonical":"https:\/\/veloaxe.com\/fr\/produit\/cubierta-zipp-g40-xplr-gravel\/","og_locale":"fr_FR","og_type":"article","og_title":"CUBIERTA ZIPP G40 XPLR - TUBELESS | VELOAXE.COM","og_description":"CUBIERTA ZIPP G40 XPLR GRAVEL - Muy buen rendimiento, arranca con un muy buen neum\u00e1tico. Los neum\u00e1ticos sin c\u00e1mara ZIPP GOODYEAR VECTOR NSW son eficientes y c\u00f3modos.","og_url":"https:\/\/veloaxe.com\/fr\/produit\/cubierta-zipp-g40-xplr-gravel\/","og_site_name":"Tienda de bicicletas | VELOAXE","article_publisher":"https:\/\/www.facebook.com\/veloaxe","article_modified_time":"2025-04-17T07:38:34+00:00","og_image":[{"width":1000,"height":1000,"url":"https:\/\/veloaxe.com\/wp-content\/uploads\/2025\/02\/cubierta-zipp-g40-xplr-gravel.jpg","type":"image\/jpeg"}],"twitter_card":"summary_large_image","twitter_misc":{"Dur\u00e9e de lecture estim\u00e9e":"2 minutes"},"schema":{"@context":"https:\/\/schema.org","@graph":[{"@type":"WebPage","@id":"https:\/\/veloaxe.com\/producto\/cubierta-zipp-g40-xplr-gravel\/","url":"https:\/\/veloaxe.com\/producto\/cubierta-zipp-g40-xplr-gravel\/","name":"CUBIERTA ZIPP G40 XPLR - TUBELESS | VELOAXE.COM","isPartOf":{"@id":"https:\/\/veloaxe.com\/#website"},"primaryImageOfPage":{"@id":"https:\/\/veloaxe.com\/producto\/cubierta-zipp-g40-xplr-gravel\/#primaryimage"},"image":{"@id":"https:\/\/veloaxe.com\/producto\/cubierta-zipp-g40-xplr-gravel\/#primaryimage"},"thumbnailUrl":"https:\/\/veloaxe.com\/wp-content\/uploads\/2025\/02\/cubierta-zipp-g40-xplr-gravel.jpg","datePublished":"2025-02-04T06:19:10+00:00","dateModified":"2025-04-17T07:38:34+00:00","description":"CUBIERTA ZIPP G40 XPLR GRAVEL - Muy buen rendimiento, arranca con un muy buen neum\u00e1tico. Los neum\u00e1ticos sin c\u00e1mara ZIPP GOODYEAR VECTOR NSW son eficientes y c\u00f3modos.","breadcrumb":{"@id":"https:\/\/veloaxe.com\/producto\/cubierta-zipp-g40-xplr-gravel\/#breadcrumb"},"inLanguage":"fr-FR","potentialAction":[{"@type":"ReadAction","target":["https:\/\/veloaxe.com\/producto\/cubierta-zipp-g40-xplr-gravel\/"]}]},{"@type":"ImageObject","inLanguage":"fr-FR","@id":"https:\/\/veloaxe.com\/producto\/cubierta-zipp-g40-xplr-gravel\/#primaryimage","url":"https:\/\/veloaxe.com\/wp-content\/uploads\/2025\/02\/cubierta-zipp-g40-xplr-gravel.jpg","contentUrl":"https:\/\/veloaxe.com\/wp-content\/uploads\/2025\/02\/cubierta-zipp-g40-xplr-gravel.jpg","width":1000,"height":1000,"caption":"cubierta-zipp-g40-xplr-gravel"},{"@type":"BreadcrumbList","@id":"https:\/\/veloaxe.com\/producto\/cubierta-zipp-g40-xplr-gravel\/#breadcrumb","itemListElement":[{"@type":"ListItem","position":1,"name":"Portada","item":"https:\/\/veloaxe.com\/"},{"@type":"ListItem","position":2,"name":"Shop","item":"https:\/\/paleturquoise-herring-271034.hostingersite.com\/shop\/"},{"@type":"ListItem","position":3,"name":"CUBIERTA ZIPP G40 XPLR &#8211; GRAVEL"}]},{"@type":"WebSite","@id":"https:\/\/veloaxe.com\/#website","url":"https:\/\/veloaxe.com\/","name":"Boutique de v\u00e9lo en ligne | VELOAXE","description":"D\u00e9couvrez une large s\u00e9lection de v\u00e9los de haute qualit\u00e9, des mod\u00e8les urbains et de montagne aux v\u00e9los de route de pointe. Avec un service d'experts et des accessoires sp\u00e9cialis\u00e9s, nous nous engageons \u00e0 vous offrir la meilleure exp\u00e9rience de cyclisme.","publisher":{"@id":"https:\/\/veloaxe.com\/#organization"},"potentialAction":[{"@type":"SearchAction","target":{"@type":"EntryPoint","urlTemplate":"https:\/\/veloaxe.com\/?s={search_term_string}"},"query-input":{"@type":"PropertyValueSpecification","valueRequired":true,"valueName":"search_term_string"}}],"inLanguage":"fr-FR"},{"@type":"Organization","@id":"https:\/\/veloaxe.com\/#organization","name":"Boutique de v\u00e9lo en ligne | VELOAXE","url":"https:\/\/veloaxe.com\/","logo":{"@type":"ImageObject","inLanguage":"fr-FR","@id":"https:\/\/veloaxe.com\/#\/schema\/logo\/image\/","url":"https:\/\/veloaxe.com\/wp-content\/uploads\/2026\/01\/cropped-logo-1.jpg","contentUrl":"https:\/\/veloaxe.com\/wp-content\/uploads\/2026\/01\/cropped-logo-1.jpg","width":1273,"height":363,"caption":"Tienda de bicicletas | VELOAXE"},"image":{"@id":"https:\/\/veloaxe.com\/#\/schema\/logo\/image\/"},"sameAs":["https:\/\/www.facebook.com\/veloaxe"]}]}},"_links":{"self":[{"href":"https:\/\/veloaxe.com\/fr\/wp-json\/wp\/v2\/product\/19820","targetHints":{"allow":["GET"]}}],"collection":[{"href":"https:\/\/veloaxe.com\/fr\/wp-json\/wp\/v2\/product"}],"about":[{"href":"https:\/\/veloaxe.com\/fr\/wp-json\/wp\/v2\/types\/product"}],"replies":[{"embeddable":true,"href":"https:\/\/veloaxe.com\/fr\/wp-json\/wp\/v2\/comments?post=19820"}],"wp:featuredmedia":[{"embeddable":true,"href":"https:\/\/veloaxe.com\/fr\/wp-json\/wp\/v2\/media\/19823"}],"wp:attachment":[{"href":"https:\/\/veloaxe.com\/fr\/wp-json\/wp\/v2\/media?parent=19820"}],"wp:term":[{"taxonomy":"product_brand","embeddable":true,"href":"https:\/\/veloaxe.com\/fr\/wp-json\/wp\/v2\/product_brand?post=19820"},{"taxonomy":"product_cat","embeddable":true,"href":"https:\/\/veloaxe.com\/fr\/wp-json\/wp\/v2\/product_cat?post=19820"},{"taxonomy":"product_tag","embeddable":true,"href":"https:\/\/veloaxe.com\/fr\/wp-json\/wp\/v2\/product_tag?post=19820"}],"curies":[{"name":"wp","href":"https:\/\/api.w.org\/{rel}","templated":true}]}}