{"id":19827,"date":"2025-02-04T08:21:19","date_gmt":"2025-02-04T08:21:19","guid":{"rendered":"https:\/\/veloaxe.com\/?post_type=product&#038;p=19827"},"modified":"2025-04-17T07:35:10","modified_gmt":"2025-04-17T07:35:10","slug":"cubierta-zipp-xplr-slick-gravel","status":"publish","type":"product","link":"https:\/\/veloaxe.com\/fr\/producto\/cubierta-zipp-xplr-slick-gravel\/","title":{"rendered":"CUBIERTA ZIPP XPLR SLICK &#8211; GRAVEL"},"content":{"rendered":"<p>El Goodyear XPLR Slick es parte de un sistema de ruedas y neum\u00e1ticos que cambia las reglas del juego en grava. Este neum\u00e1tico de carrera de grava semi-slick est\u00e1 dise\u00f1ado para los juegos de ruedas 303 XPLR SW y S exclusivos de Zipp para proporcionar la combinaci\u00f3n de rueda y neum\u00e1tico m\u00e1s r\u00e1pida en grava suave a moderada. Su mejor rendimiento se da en condiciones secas. Los sistemas de ruedas para grava actuales son en su mayor\u00eda versiones ligeramente m\u00e1s fuertes de lo que existe en la carretera: ligero, r\u00edgido, estrecho y aerodin\u00e1mico.<\/p>\n<p>El problema es que andar en grava induce vibraciones da\u00f1inas que lo frenan y aumentan la fatiga con el tiempo. Adem\u00e1s, los neum\u00e1ticos de grava generalmente anulan las ventajas aerodin\u00e1micas de las llantas de carretera tradicionalmente estrechas. El Slick est\u00e1 dise\u00f1ado para medir 40 mm en la rueda 303 XPLR. El nuevo sistema de ruedas y neum\u00e1ticos XPLR adopta un enfoque completamente nuevo y optimiza las dimensiones de los componentes para lograr la configuraci\u00f3n m\u00e1s r\u00e1pida del mercado. Adem\u00e1s de los beneficios aerodin\u00e1micos insuperables para la grava, el ancho resultante de la llanta tambi\u00e9n permite una presi\u00f3n de neum\u00e1tico m\u00e1s baja, lo que ayuda a filtrar las vibraciones para un ahorro adicional de energ\u00eda.<\/p>\n<p>El XPLR Slick ofrece la configuraci\u00f3n de grava m\u00e1s aerodin\u00e1mica con ruedas 303 XPLR SW y W y es el m\u00e1s adecuado para competir en grava lisa en condiciones secas. Su centro liso proporciona un rodado r\u00e1pido, mientras que la textura y los tacos para curvas garantizan un cierto nivel de confianza. La construcci\u00f3n ligera y flexible mejora la calidad de conducci\u00f3n.<\/p>\n<p>Los refuerzos M:Wall en las paredes laterales brindan protecci\u00f3n contra pinchazos y cortes, lo que permite al ciclista salir adelante con la presi\u00f3n de aire m\u00e1s baja posible. Y finalmente, la dimensi\u00f3n de los talones de los neum\u00e1ticos est\u00e1 dise\u00f1ada para garantizar un montaje conveniente y una retenci\u00f3n segura en las llantas Zipp TSS. Solo se pueden usar neum\u00e1ticos aprobados en las ruedas XPLR.<\/p>","protected":false},"excerpt":{"rendered":"<p>El Goodyear XPLR Slick es parte de un sistema de ruedas y neum\u00e1ticos que cambia las reglas del juego en grava. Este neum\u00e1tico de carrera de grava semi-slick est\u00e1 dise\u00f1ado para los juegos de ruedas 303 XPLR SW y S exclusivos de Zipp para proporcionar la combinaci\u00f3n de rueda y neum\u00e1tico m\u00e1s r\u00e1pida en grava [&hellip;]<\/p>\n","protected":false},"featured_media":19829,"comment_status":"closed","ping_status":"closed","template":"","meta":[],"product_brand":[],"product_cat":[16,222,38],"product_tag":[],"class_list":{"0":"post-19827","1":"product","2":"type-product","3":"status-publish","4":"has-post-thumbnail","6":"product_cat-carretera-gravel-bicicletas","7":"product_cat-cubierta-gravel-cx","8":"product_cat-ruedas-neumatico-tubular","10":"first","11":"instock","12":"sale","13":"shipping-taxable","14":"purchasable","15":"product-type-variable"},"yoast_head":"<!-- This site is optimized with the Yoast SEO plugin v27.6 - https:\/\/yoast.com\/product\/yoast-seo-wordpress\/ -->\n<title>CUBIERTA ZIPP XPLR SLICK - TUBELESS | VELOAXE.COM<\/title>\n<meta name=\"description\" content=\"CUBIERTA ZIPP XPLR SLICK GRAVEL - Muy buen rendimiento, arranca con un muy buen cubierta. Los cubiertas sin c\u00e1mara ZIPP XPLR SLICK son eficientes y c\u00f3modos.\" \/>\n<meta name=\"robots\" content=\"index, follow, max-snippet:-1, max-image-preview:large, max-video-preview:-1\" \/>\n<link rel=\"canonical\" href=\"https:\/\/paleturquoise-herring-271034.hostingersite.com\/producto\/cubierta-zipp-xplr-slick-gravel\/\" \/>\n<meta property=\"og:locale\" content=\"fr_FR\" \/>\n<meta property=\"og:type\" content=\"article\" \/>\n<meta property=\"og:title\" content=\"CUBIERTA ZIPP XPLR SLICK - TUBELESS | VELOAXE.COM\" \/>\n<meta property=\"og:description\" content=\"CUBIERTA ZIPP XPLR SLICK GRAVEL - Muy buen rendimiento, arranca con un muy buen cubierta. Los cubiertas sin c\u00e1mara ZIPP XPLR SLICK son eficientes y c\u00f3modos.\" \/>\n<meta property=\"og:url\" content=\"https:\/\/paleturquoise-herring-271034.hostingersite.com\/producto\/cubierta-zipp-xplr-slick-gravel\/\" \/>\n<meta property=\"og:site_name\" content=\"Tienda de bicicletas | VELOAXE\" \/>\n<meta property=\"article:publisher\" content=\"https:\/\/www.facebook.com\/veloaxe\" \/>\n<meta property=\"article:modified_time\" content=\"2025-04-17T07:35:10+00:00\" \/>\n<meta property=\"og:image\" content=\"https:\/\/paleturquoise-herring-271034.hostingersite.com\/wp-content\/uploads\/2025\/02\/cubierta-gravel-zipp-xplr-slick.png\" \/>\n\t<meta property=\"og:image:width\" content=\"1000\" \/>\n\t<meta property=\"og:image:height\" content=\"1000\" \/>\n\t<meta property=\"og:image:type\" content=\"image\/png\" \/>\n<meta name=\"twitter:card\" content=\"summary_large_image\" \/>\n<meta name=\"twitter:label1\" content=\"Dur\u00e9e de lecture estim\u00e9e\" \/>\n\t<meta name=\"twitter:data1\" content=\"2 minutes\" \/>\n<script type=\"application\/ld+json\" class=\"yoast-schema-graph\">{\"@context\":\"https:\\\/\\\/schema.org\",\"@graph\":[{\"@type\":\"WebPage\",\"@id\":\"https:\\\/\\\/paleturquoise-herring-271034.hostingersite.com\\\/producto\\\/cubierta-zipp-xplr-slick-gravel\\\/\",\"url\":\"https:\\\/\\\/paleturquoise-herring-271034.hostingersite.com\\\/producto\\\/cubierta-zipp-xplr-slick-gravel\\\/\",\"name\":\"CUBIERTA ZIPP XPLR SLICK - TUBELESS | VELOAXE.COM\",\"isPartOf\":{\"@id\":\"https:\\\/\\\/veloaxe.com\\\/#website\"},\"primaryImageOfPage\":{\"@id\":\"https:\\\/\\\/paleturquoise-herring-271034.hostingersite.com\\\/producto\\\/cubierta-zipp-xplr-slick-gravel\\\/#primaryimage\"},\"image\":{\"@id\":\"https:\\\/\\\/paleturquoise-herring-271034.hostingersite.com\\\/producto\\\/cubierta-zipp-xplr-slick-gravel\\\/#primaryimage\"},\"thumbnailUrl\":\"https:\\\/\\\/veloaxe.com\\\/wp-content\\\/uploads\\\/2025\\\/02\\\/cubierta-gravel-zipp-xplr-slick.png\",\"datePublished\":\"2025-02-04T08:21:19+00:00\",\"dateModified\":\"2025-04-17T07:35:10+00:00\",\"description\":\"CUBIERTA ZIPP XPLR SLICK GRAVEL - Muy buen rendimiento, arranca con un muy buen cubierta. Los cubiertas sin c\u00e1mara ZIPP XPLR SLICK son eficientes y c\u00f3modos.\",\"breadcrumb\":{\"@id\":\"https:\\\/\\\/paleturquoise-herring-271034.hostingersite.com\\\/producto\\\/cubierta-zipp-xplr-slick-gravel\\\/#breadcrumb\"},\"inLanguage\":\"fr-FR\",\"potentialAction\":[{\"@type\":\"ReadAction\",\"target\":[\"https:\\\/\\\/paleturquoise-herring-271034.hostingersite.com\\\/producto\\\/cubierta-zipp-xplr-slick-gravel\\\/\"]}]},{\"@type\":\"ImageObject\",\"inLanguage\":\"fr-FR\",\"@id\":\"https:\\\/\\\/paleturquoise-herring-271034.hostingersite.com\\\/producto\\\/cubierta-zipp-xplr-slick-gravel\\\/#primaryimage\",\"url\":\"https:\\\/\\\/veloaxe.com\\\/wp-content\\\/uploads\\\/2025\\\/02\\\/cubierta-gravel-zipp-xplr-slick.png\",\"contentUrl\":\"https:\\\/\\\/veloaxe.com\\\/wp-content\\\/uploads\\\/2025\\\/02\\\/cubierta-gravel-zipp-xplr-slick.png\",\"width\":1000,\"height\":1000,\"caption\":\"cubierta-gravel-zipp-xplr-slick\"},{\"@type\":\"BreadcrumbList\",\"@id\":\"https:\\\/\\\/paleturquoise-herring-271034.hostingersite.com\\\/producto\\\/cubierta-zipp-xplr-slick-gravel\\\/#breadcrumb\",\"itemListElement\":[{\"@type\":\"ListItem\",\"position\":1,\"name\":\"Portada\",\"item\":\"https:\\\/\\\/veloaxe.com\\\/\"},{\"@type\":\"ListItem\",\"position\":2,\"name\":\"Shop\",\"item\":\"https:\\\/\\\/paleturquoise-herring-271034.hostingersite.com\\\/shop\\\/\"},{\"@type\":\"ListItem\",\"position\":3,\"name\":\"CUBIERTA ZIPP XPLR SLICK &#8211; GRAVEL\"}]},{\"@type\":\"WebSite\",\"@id\":\"https:\\\/\\\/veloaxe.com\\\/#website\",\"url\":\"https:\\\/\\\/veloaxe.com\\\/\",\"name\":\"Tienda de bicicletas | VELOAXE\",\"description\":\"Descubre una amplia selecci\u00f3n de bicicletas de alta calidad, desde modelos urbanos y de monta\u00f1a hasta bicicletas de carretera de \u00faltima generaci\u00f3n. Con un servicio experto y accesorios especializados, estamos comprometidos a brindarte la mejor experiencia ciclista.\",\"publisher\":{\"@id\":\"https:\\\/\\\/veloaxe.com\\\/#organization\"},\"potentialAction\":[{\"@type\":\"SearchAction\",\"target\":{\"@type\":\"EntryPoint\",\"urlTemplate\":\"https:\\\/\\\/veloaxe.com\\\/?s={search_term_string}\"},\"query-input\":{\"@type\":\"PropertyValueSpecification\",\"valueRequired\":true,\"valueName\":\"search_term_string\"}}],\"inLanguage\":\"fr-FR\"},{\"@type\":\"Organization\",\"@id\":\"https:\\\/\\\/veloaxe.com\\\/#organization\",\"name\":\"Tienda de bicicletas | VELOAXE\",\"url\":\"https:\\\/\\\/veloaxe.com\\\/\",\"logo\":{\"@type\":\"ImageObject\",\"inLanguage\":\"fr-FR\",\"@id\":\"https:\\\/\\\/veloaxe.com\\\/#\\\/schema\\\/logo\\\/image\\\/\",\"url\":\"https:\\\/\\\/veloaxe.com\\\/wp-content\\\/uploads\\\/2026\\\/01\\\/cropped-logo-1.jpg\",\"contentUrl\":\"https:\\\/\\\/veloaxe.com\\\/wp-content\\\/uploads\\\/2026\\\/01\\\/cropped-logo-1.jpg\",\"width\":1273,\"height\":363,\"caption\":\"Tienda de bicicletas | VELOAXE\"},\"image\":{\"@id\":\"https:\\\/\\\/veloaxe.com\\\/#\\\/schema\\\/logo\\\/image\\\/\"},\"sameAs\":[\"https:\\\/\\\/www.facebook.com\\\/veloaxe\"]}]}<\/script>\n<!-- \/ Yoast SEO plugin. -->","yoast_head_json":{"title":"CUBIERTA ZIPP XPLR SLICK - TUBELESS | VELOAXE.COM","description":"CUBIERTA ZIPP XPLR SLICK GRAVEL - Muy buen rendimiento, arranca con un muy buen cubierta. Los cubiertas sin c\u00e1mara ZIPP XPLR SLICK son eficientes y c\u00f3modos.","robots":{"index":"index","follow":"follow","max-snippet":"max-snippet:-1","max-image-preview":"max-image-preview:large","max-video-preview":"max-video-preview:-1"},"canonical":"https:\/\/paleturquoise-herring-271034.hostingersite.com\/producto\/cubierta-zipp-xplr-slick-gravel\/","og_locale":"fr_FR","og_type":"article","og_title":"CUBIERTA ZIPP XPLR SLICK - TUBELESS | VELOAXE.COM","og_description":"CUBIERTA ZIPP XPLR SLICK GRAVEL - Muy buen rendimiento, arranca con un muy buen cubierta. Los cubiertas sin c\u00e1mara ZIPP XPLR SLICK son eficientes y c\u00f3modos.","og_url":"https:\/\/paleturquoise-herring-271034.hostingersite.com\/producto\/cubierta-zipp-xplr-slick-gravel\/","og_site_name":"Tienda de bicicletas | VELOAXE","article_publisher":"https:\/\/www.facebook.com\/veloaxe","article_modified_time":"2025-04-17T07:35:10+00:00","og_image":[{"width":1000,"height":1000,"url":"https:\/\/paleturquoise-herring-271034.hostingersite.com\/wp-content\/uploads\/2025\/02\/cubierta-gravel-zipp-xplr-slick.png","type":"image\/png"}],"twitter_card":"summary_large_image","twitter_misc":{"Dur\u00e9e de lecture estim\u00e9e":"2 minutes"},"schema":{"@context":"https:\/\/schema.org","@graph":[{"@type":"WebPage","@id":"https:\/\/paleturquoise-herring-271034.hostingersite.com\/producto\/cubierta-zipp-xplr-slick-gravel\/","url":"https:\/\/paleturquoise-herring-271034.hostingersite.com\/producto\/cubierta-zipp-xplr-slick-gravel\/","name":"CUBIERTA ZIPP XPLR SLICK - TUBELESS | VELOAXE.COM","isPartOf":{"@id":"https:\/\/veloaxe.com\/#website"},"primaryImageOfPage":{"@id":"https:\/\/paleturquoise-herring-271034.hostingersite.com\/producto\/cubierta-zipp-xplr-slick-gravel\/#primaryimage"},"image":{"@id":"https:\/\/paleturquoise-herring-271034.hostingersite.com\/producto\/cubierta-zipp-xplr-slick-gravel\/#primaryimage"},"thumbnailUrl":"https:\/\/veloaxe.com\/wp-content\/uploads\/2025\/02\/cubierta-gravel-zipp-xplr-slick.png","datePublished":"2025-02-04T08:21:19+00:00","dateModified":"2025-04-17T07:35:10+00:00","description":"CUBIERTA ZIPP XPLR SLICK GRAVEL - Muy buen rendimiento, arranca con un muy buen cubierta. Los cubiertas sin c\u00e1mara ZIPP XPLR SLICK son eficientes y c\u00f3modos.","breadcrumb":{"@id":"https:\/\/paleturquoise-herring-271034.hostingersite.com\/producto\/cubierta-zipp-xplr-slick-gravel\/#breadcrumb"},"inLanguage":"fr-FR","potentialAction":[{"@type":"ReadAction","target":["https:\/\/paleturquoise-herring-271034.hostingersite.com\/producto\/cubierta-zipp-xplr-slick-gravel\/"]}]},{"@type":"ImageObject","inLanguage":"fr-FR","@id":"https:\/\/paleturquoise-herring-271034.hostingersite.com\/producto\/cubierta-zipp-xplr-slick-gravel\/#primaryimage","url":"https:\/\/veloaxe.com\/wp-content\/uploads\/2025\/02\/cubierta-gravel-zipp-xplr-slick.png","contentUrl":"https:\/\/veloaxe.com\/wp-content\/uploads\/2025\/02\/cubierta-gravel-zipp-xplr-slick.png","width":1000,"height":1000,"caption":"cubierta-gravel-zipp-xplr-slick"},{"@type":"BreadcrumbList","@id":"https:\/\/paleturquoise-herring-271034.hostingersite.com\/producto\/cubierta-zipp-xplr-slick-gravel\/#breadcrumb","itemListElement":[{"@type":"ListItem","position":1,"name":"Portada","item":"https:\/\/veloaxe.com\/"},{"@type":"ListItem","position":2,"name":"Shop","item":"https:\/\/paleturquoise-herring-271034.hostingersite.com\/shop\/"},{"@type":"ListItem","position":3,"name":"CUBIERTA ZIPP XPLR SLICK &#8211; GRAVEL"}]},{"@type":"WebSite","@id":"https:\/\/veloaxe.com\/#website","url":"https:\/\/veloaxe.com\/","name":"Boutique de v\u00e9lo en ligne | VELOAXE","description":"D\u00e9couvrez une large s\u00e9lection de v\u00e9los de haute qualit\u00e9, des mod\u00e8les urbains et de montagne aux v\u00e9los de route de pointe. Avec un service d'experts et des accessoires sp\u00e9cialis\u00e9s, nous nous engageons \u00e0 vous offrir la meilleure exp\u00e9rience de cyclisme.","publisher":{"@id":"https:\/\/veloaxe.com\/#organization"},"potentialAction":[{"@type":"SearchAction","target":{"@type":"EntryPoint","urlTemplate":"https:\/\/veloaxe.com\/?s={search_term_string}"},"query-input":{"@type":"PropertyValueSpecification","valueRequired":true,"valueName":"search_term_string"}}],"inLanguage":"fr-FR"},{"@type":"Organization","@id":"https:\/\/veloaxe.com\/#organization","name":"Boutique de v\u00e9lo en ligne | VELOAXE","url":"https:\/\/veloaxe.com\/","logo":{"@type":"ImageObject","inLanguage":"fr-FR","@id":"https:\/\/veloaxe.com\/#\/schema\/logo\/image\/","url":"https:\/\/veloaxe.com\/wp-content\/uploads\/2026\/01\/cropped-logo-1.jpg","contentUrl":"https:\/\/veloaxe.com\/wp-content\/uploads\/2026\/01\/cropped-logo-1.jpg","width":1273,"height":363,"caption":"Tienda de bicicletas | VELOAXE"},"image":{"@id":"https:\/\/veloaxe.com\/#\/schema\/logo\/image\/"},"sameAs":["https:\/\/www.facebook.com\/veloaxe"]}]}},"_links":{"self":[{"href":"https:\/\/veloaxe.com\/fr\/wp-json\/wp\/v2\/product\/19827","targetHints":{"allow":["GET"]}}],"collection":[{"href":"https:\/\/veloaxe.com\/fr\/wp-json\/wp\/v2\/product"}],"about":[{"href":"https:\/\/veloaxe.com\/fr\/wp-json\/wp\/v2\/types\/product"}],"replies":[{"embeddable":true,"href":"https:\/\/veloaxe.com\/fr\/wp-json\/wp\/v2\/comments?post=19827"}],"wp:featuredmedia":[{"embeddable":true,"href":"https:\/\/veloaxe.com\/fr\/wp-json\/wp\/v2\/media\/19829"}],"wp:attachment":[{"href":"https:\/\/veloaxe.com\/fr\/wp-json\/wp\/v2\/media?parent=19827"}],"wp:term":[{"taxonomy":"product_brand","embeddable":true,"href":"https:\/\/veloaxe.com\/fr\/wp-json\/wp\/v2\/product_brand?post=19827"},{"taxonomy":"product_cat","embeddable":true,"href":"https:\/\/veloaxe.com\/fr\/wp-json\/wp\/v2\/product_cat?post=19827"},{"taxonomy":"product_tag","embeddable":true,"href":"https:\/\/veloaxe.com\/fr\/wp-json\/wp\/v2\/product_tag?post=19827"}],"curies":[{"name":"wp","href":"https:\/\/api.w.org\/{rel}","templated":true}]}}