{"id":19887,"date":"2025-02-13T16:01:06","date_gmt":"2025-02-13T16:01:06","guid":{"rendered":"https:\/\/veloaxe.com\/?post_type=product&#038;p=19887"},"modified":"2025-04-15T08:35:52","modified_gmt":"2025-04-15T08:35:52","slug":"gravel-silverback-siablo-cf-grx","status":"publish","type":"product","link":"https:\/\/veloaxe.com\/fr\/producto\/gravel-silverback-siablo-cf-grx\/","title":{"rendered":"GRAVEL SILVERBACK SIABLO CF GRX"},"content":{"rendered":"<p>El GRAVEL <em><strong>SILVERBACK Siablo CF<\/strong><\/em> est\u00e1 dise\u00f1ada con el foco puesto en el gravel y utiliza un nuevo cuadro de carbono. Es una bicicleta ligera que supera las amplias exigencias de la categor\u00eda de gravel. Dise\u00f1ada teniendo en cuenta las tendencias actuales y la visi\u00f3n de futuro, el <em><strong>SILVERBACK Siablo CF<\/strong><\/em> es una bicicleta extremadamente vers\u00e1til, capaz de adaptarse a neum\u00e1ticos de hasta 700x50c o 650b de carretera, si quieres m\u00e1s comodidad. Los soportes para portabultos, el eje de pedalier PF30 y los frenos de disco hidr\u00e1ulicos hacen que la CF sea pr\u00e1ctica y funcione bien en todas las condiciones clim\u00e1ticas.<\/p>\n<p>La vaina del lado opuesto a la transmisi\u00f3n tiene un \u00e1rea un 10 % mayor para aumentar la resistencia y distribuir mejor las fuerzas de frenado. Para adaptarse a una amplia gama de tama\u00f1os de platos, la vaina del lado de la transmisi\u00f3n se ha bajado para aumentar el espacio libre. El perfil rectangular de la vaina se estrecha hacia la puntera, para lograr una rigidez absoluta en el eje de pedalier, al tiempo que permite un cierto grado de amortiguaci\u00f3n en la puntera.<\/p>\n<p>La estructura est\u00e1 compuesta principalmente de fibra de carbono UD T700, lo que ofrece un equilibrio entre rigidez y resistencia. La fibra de carbono UD tiene una resistencia absoluta en la direcci\u00f3n de la fibra. Al controlar estrat\u00e9gicamente la disposici\u00f3n de las fibras, se produce una matriz que es r\u00edgida donde se desea y fuerte donde es necesario, con un peso m\u00ednimo. El cuadro est\u00e1 acabado en un tejido de sarga 3K para lograr una superficie compuesta robusta que puede soportar cualquier exigencia ejercida por el ciclista.<\/p>\n<p>CUADRO : Carbono Gravel Frame, Internal Cable Routing, Tapered HT, 142mm Thru-axle<\/p>\n<p>HORQUILLA : Carbono SBK Monocasco<\/p>\n<p>TIJA DE SILLIN : Surface lightweight<\/p>\n<p>POTENCIA : Surface lightweight<\/p>\n<p>MANILLAR : Surface lightweight<\/p>\n<p>RUEDAS : SURFACE GRAVEL ALUMINIO<\/p>\n<p>CUBIERTAS : MAXXIS REMBLER 700&#215;40<\/p>\n<p>SILL\u00cdN : SURFACE GRAVEL<\/p>\n<p>FRENOS : SHIMANO GRX HIDRAULICO GRX<\/p>\n<p>DESVIADOR DELANTERO : SIN<\/p>\n<p>CAMBIO TRASERO : SHIMANO GRX 820<\/p>\n<p>MANETAS DE CAMBIO : SHIMANO GRX 820 1\u00d712<\/p>\n<p>BIELAS : SHIMANO GRX 820 40D<\/p>\n<p>CASSETTE : SHIMANO SLX 10-51D<\/p>\n<p>Las ruedas y el grupo de la foto pueden no ser contractuales.<\/p>\n<p>Pour plus d&#039;informations, contactez-nous\u00a0: +33 06 24 22 72 58 ou veloaxe@gmail.com<\/p>","protected":false},"excerpt":{"rendered":"<p>El GRAVEL SILVERBACK Siablo CF est\u00e1 dise\u00f1ada con el foco puesto en el gravel y utiliza un nuevo cuadro de carbono. Es una bicicleta ligera que supera las amplias exigencias de la categor\u00eda de gravel. Dise\u00f1ada teniendo en cuenta las tendencias actuales y la visi\u00f3n de futuro, el SILVERBACK Siablo CF es una bicicleta extremadamente [&hellip;]<\/p>\n","protected":false},"featured_media":19894,"comment_status":"closed","ping_status":"closed","template":"","meta":[],"product_brand":[],"product_cat":[16,188],"product_tag":[],"class_list":{"0":"post-19887","1":"product","2":"type-product","3":"status-publish","4":"has-post-thumbnail","6":"product_cat-carretera-gravel-bicicletas","7":"product_cat-gravel-aluminio-crabono-e-gravel","8":"product_shipping_class-bicicletas","10":"first","11":"instock","12":"sale","13":"shipping-taxable","14":"purchasable","15":"product-type-variable"},"yoast_head":"<!-- This site is optimized with the Yoast SEO plugin v27.6 - https:\/\/yoast.com\/product\/yoast-seo-wordpress\/ -->\n<title>GRAVEL SILVERBACK SIABLO CF GRX | VELOAXE.COM<\/title>\n<meta name=\"description\" content=\"GRAVEL SILVERBACK SIABLO CF GRX - La marca SILVERBACK presenta una bicicleta de gravel de aluminio ligera y de alto rendimiento a un precio reducido.\" \/>\n<meta name=\"robots\" content=\"index, follow, max-snippet:-1, max-image-preview:large, max-video-preview:-1\" \/>\n<link rel=\"canonical\" href=\"https:\/\/veloaxe.com\/fr\/produit\/gravel-silverback-siablo-cf-grx\/\" \/>\n<meta property=\"og:locale\" content=\"fr_FR\" \/>\n<meta property=\"og:type\" content=\"article\" \/>\n<meta property=\"og:title\" content=\"GRAVEL SILVERBACK SIABLO CF GRX | VELOAXE.COM\" \/>\n<meta property=\"og:description\" content=\"GRAVEL SILVERBACK SIABLO CF GRX - La marca SILVERBACK presenta una bicicleta de gravel de aluminio ligera y de alto rendimiento a un precio reducido.\" \/>\n<meta property=\"og:url\" content=\"https:\/\/veloaxe.com\/fr\/produit\/gravel-silverback-siablo-cf-grx\/\" \/>\n<meta property=\"og:site_name\" content=\"Tienda de bicicletas | VELOAXE\" \/>\n<meta property=\"article:publisher\" content=\"https:\/\/www.facebook.com\/veloaxe\" \/>\n<meta property=\"article:modified_time\" content=\"2025-04-15T08:35:52+00:00\" \/>\n<meta property=\"og:image\" content=\"https:\/\/veloaxe.com\/wp-content\/uploads\/2025\/02\/gravel-silverback-siablo-cf.jpg\" \/>\n\t<meta property=\"og:image:width\" content=\"1701\" \/>\n\t<meta property=\"og:image:height\" content=\"1000\" \/>\n\t<meta property=\"og:image:type\" content=\"image\/jpeg\" \/>\n<meta name=\"twitter:card\" content=\"summary_large_image\" \/>\n<meta name=\"twitter:label1\" content=\"Dur\u00e9e de lecture estim\u00e9e\" \/>\n\t<meta name=\"twitter:data1\" content=\"2 minutes\" \/>\n<script type=\"application\/ld+json\" class=\"yoast-schema-graph\">{\"@context\":\"https:\\\/\\\/schema.org\",\"@graph\":[{\"@type\":\"WebPage\",\"@id\":\"https:\\\/\\\/veloaxe.com\\\/producto\\\/gravel-silverback-siablo-cf-grx\\\/\",\"url\":\"https:\\\/\\\/veloaxe.com\\\/producto\\\/gravel-silverback-siablo-cf-grx\\\/\",\"name\":\"GRAVEL SILVERBACK SIABLO CF GRX | VELOAXE.COM\",\"isPartOf\":{\"@id\":\"https:\\\/\\\/veloaxe.com\\\/#website\"},\"primaryImageOfPage\":{\"@id\":\"https:\\\/\\\/veloaxe.com\\\/producto\\\/gravel-silverback-siablo-cf-grx\\\/#primaryimage\"},\"image\":{\"@id\":\"https:\\\/\\\/veloaxe.com\\\/producto\\\/gravel-silverback-siablo-cf-grx\\\/#primaryimage\"},\"thumbnailUrl\":\"https:\\\/\\\/veloaxe.com\\\/wp-content\\\/uploads\\\/2025\\\/02\\\/gravel-silverback-siablo-cf.jpg\",\"datePublished\":\"2025-02-13T16:01:06+00:00\",\"dateModified\":\"2025-04-15T08:35:52+00:00\",\"description\":\"GRAVEL SILVERBACK SIABLO CF GRX - La marca SILVERBACK presenta una bicicleta de gravel de aluminio ligera y de alto rendimiento a un precio reducido.\",\"breadcrumb\":{\"@id\":\"https:\\\/\\\/veloaxe.com\\\/producto\\\/gravel-silverback-siablo-cf-grx\\\/#breadcrumb\"},\"inLanguage\":\"fr-FR\",\"potentialAction\":[{\"@type\":\"ReadAction\",\"target\":[\"https:\\\/\\\/veloaxe.com\\\/producto\\\/gravel-silverback-siablo-cf-grx\\\/\"]}]},{\"@type\":\"ImageObject\",\"inLanguage\":\"fr-FR\",\"@id\":\"https:\\\/\\\/veloaxe.com\\\/producto\\\/gravel-silverback-siablo-cf-grx\\\/#primaryimage\",\"url\":\"https:\\\/\\\/veloaxe.com\\\/wp-content\\\/uploads\\\/2025\\\/02\\\/gravel-silverback-siablo-cf.jpg\",\"contentUrl\":\"https:\\\/\\\/veloaxe.com\\\/wp-content\\\/uploads\\\/2025\\\/02\\\/gravel-silverback-siablo-cf.jpg\",\"width\":1701,\"height\":1000,\"caption\":\"gravel-silverback-siablo-cf\"},{\"@type\":\"BreadcrumbList\",\"@id\":\"https:\\\/\\\/veloaxe.com\\\/producto\\\/gravel-silverback-siablo-cf-grx\\\/#breadcrumb\",\"itemListElement\":[{\"@type\":\"ListItem\",\"position\":1,\"name\":\"Portada\",\"item\":\"https:\\\/\\\/veloaxe.com\\\/\"},{\"@type\":\"ListItem\",\"position\":2,\"name\":\"Shop\",\"item\":\"https:\\\/\\\/paleturquoise-herring-271034.hostingersite.com\\\/shop\\\/\"},{\"@type\":\"ListItem\",\"position\":3,\"name\":\"GRAVEL SILVERBACK SIABLO CF GRX\"}]},{\"@type\":\"WebSite\",\"@id\":\"https:\\\/\\\/veloaxe.com\\\/#website\",\"url\":\"https:\\\/\\\/veloaxe.com\\\/\",\"name\":\"Tienda de bicicletas | VELOAXE\",\"description\":\"Descubre una amplia selecci\u00f3n de bicicletas de alta calidad, desde modelos urbanos y de monta\u00f1a hasta bicicletas de carretera de \u00faltima generaci\u00f3n. Con un servicio experto y accesorios especializados, estamos comprometidos a brindarte la mejor experiencia ciclista.\",\"publisher\":{\"@id\":\"https:\\\/\\\/veloaxe.com\\\/#organization\"},\"potentialAction\":[{\"@type\":\"SearchAction\",\"target\":{\"@type\":\"EntryPoint\",\"urlTemplate\":\"https:\\\/\\\/veloaxe.com\\\/?s={search_term_string}\"},\"query-input\":{\"@type\":\"PropertyValueSpecification\",\"valueRequired\":true,\"valueName\":\"search_term_string\"}}],\"inLanguage\":\"fr-FR\"},{\"@type\":\"Organization\",\"@id\":\"https:\\\/\\\/veloaxe.com\\\/#organization\",\"name\":\"Tienda de bicicletas | VELOAXE\",\"url\":\"https:\\\/\\\/veloaxe.com\\\/\",\"logo\":{\"@type\":\"ImageObject\",\"inLanguage\":\"fr-FR\",\"@id\":\"https:\\\/\\\/veloaxe.com\\\/#\\\/schema\\\/logo\\\/image\\\/\",\"url\":\"https:\\\/\\\/veloaxe.com\\\/wp-content\\\/uploads\\\/2026\\\/01\\\/cropped-logo-1.jpg\",\"contentUrl\":\"https:\\\/\\\/veloaxe.com\\\/wp-content\\\/uploads\\\/2026\\\/01\\\/cropped-logo-1.jpg\",\"width\":1273,\"height\":363,\"caption\":\"Tienda de bicicletas | VELOAXE\"},\"image\":{\"@id\":\"https:\\\/\\\/veloaxe.com\\\/#\\\/schema\\\/logo\\\/image\\\/\"},\"sameAs\":[\"https:\\\/\\\/www.facebook.com\\\/veloaxe\"]}]}<\/script>\n<!-- \/ Yoast SEO plugin. -->","yoast_head_json":{"title":"GRAVEL SILVERBACK SIABLO CF GRX | VELOAXE.COM","description":"GRAVEL SILVERBACK SIABLO CF GRX - La marca SILVERBACK presenta una bicicleta de gravel de aluminio ligera y de alto rendimiento a un precio reducido.","robots":{"index":"index","follow":"follow","max-snippet":"max-snippet:-1","max-image-preview":"max-image-preview:large","max-video-preview":"max-video-preview:-1"},"canonical":"https:\/\/veloaxe.com\/fr\/produit\/gravel-silverback-siablo-cf-grx\/","og_locale":"fr_FR","og_type":"article","og_title":"GRAVEL SILVERBACK SIABLO CF GRX | VELOAXE.COM","og_description":"GRAVEL SILVERBACK SIABLO CF GRX - La marca SILVERBACK presenta una bicicleta de gravel de aluminio ligera y de alto rendimiento a un precio reducido.","og_url":"https:\/\/veloaxe.com\/fr\/produit\/gravel-silverback-siablo-cf-grx\/","og_site_name":"Tienda de bicicletas | VELOAXE","article_publisher":"https:\/\/www.facebook.com\/veloaxe","article_modified_time":"2025-04-15T08:35:52+00:00","og_image":[{"width":1701,"height":1000,"url":"https:\/\/veloaxe.com\/wp-content\/uploads\/2025\/02\/gravel-silverback-siablo-cf.jpg","type":"image\/jpeg"}],"twitter_card":"summary_large_image","twitter_misc":{"Dur\u00e9e de lecture estim\u00e9e":"2 minutes"},"schema":{"@context":"https:\/\/schema.org","@graph":[{"@type":"WebPage","@id":"https:\/\/veloaxe.com\/producto\/gravel-silverback-siablo-cf-grx\/","url":"https:\/\/veloaxe.com\/producto\/gravel-silverback-siablo-cf-grx\/","name":"GRAVEL SILVERBACK SIABLO CF GRX | VELOAXE.COM","isPartOf":{"@id":"https:\/\/veloaxe.com\/#website"},"primaryImageOfPage":{"@id":"https:\/\/veloaxe.com\/producto\/gravel-silverback-siablo-cf-grx\/#primaryimage"},"image":{"@id":"https:\/\/veloaxe.com\/producto\/gravel-silverback-siablo-cf-grx\/#primaryimage"},"thumbnailUrl":"https:\/\/veloaxe.com\/wp-content\/uploads\/2025\/02\/gravel-silverback-siablo-cf.jpg","datePublished":"2025-02-13T16:01:06+00:00","dateModified":"2025-04-15T08:35:52+00:00","description":"GRAVEL SILVERBACK SIABLO CF GRX - La marca SILVERBACK presenta una bicicleta de gravel de aluminio ligera y de alto rendimiento a un precio reducido.","breadcrumb":{"@id":"https:\/\/veloaxe.com\/producto\/gravel-silverback-siablo-cf-grx\/#breadcrumb"},"inLanguage":"fr-FR","potentialAction":[{"@type":"ReadAction","target":["https:\/\/veloaxe.com\/producto\/gravel-silverback-siablo-cf-grx\/"]}]},{"@type":"ImageObject","inLanguage":"fr-FR","@id":"https:\/\/veloaxe.com\/producto\/gravel-silverback-siablo-cf-grx\/#primaryimage","url":"https:\/\/veloaxe.com\/wp-content\/uploads\/2025\/02\/gravel-silverback-siablo-cf.jpg","contentUrl":"https:\/\/veloaxe.com\/wp-content\/uploads\/2025\/02\/gravel-silverback-siablo-cf.jpg","width":1701,"height":1000,"caption":"gravel-silverback-siablo-cf"},{"@type":"BreadcrumbList","@id":"https:\/\/veloaxe.com\/producto\/gravel-silverback-siablo-cf-grx\/#breadcrumb","itemListElement":[{"@type":"ListItem","position":1,"name":"Portada","item":"https:\/\/veloaxe.com\/"},{"@type":"ListItem","position":2,"name":"Shop","item":"https:\/\/paleturquoise-herring-271034.hostingersite.com\/shop\/"},{"@type":"ListItem","position":3,"name":"GRAVEL SILVERBACK SIABLO CF GRX"}]},{"@type":"WebSite","@id":"https:\/\/veloaxe.com\/#website","url":"https:\/\/veloaxe.com\/","name":"Boutique de v\u00e9lo en ligne | VELOAXE","description":"D\u00e9couvrez une large s\u00e9lection de v\u00e9los de haute qualit\u00e9, des mod\u00e8les urbains et de montagne aux v\u00e9los de route de pointe. Avec un service d'experts et des accessoires sp\u00e9cialis\u00e9s, nous nous engageons \u00e0 vous offrir la meilleure exp\u00e9rience de cyclisme.","publisher":{"@id":"https:\/\/veloaxe.com\/#organization"},"potentialAction":[{"@type":"SearchAction","target":{"@type":"EntryPoint","urlTemplate":"https:\/\/veloaxe.com\/?s={search_term_string}"},"query-input":{"@type":"PropertyValueSpecification","valueRequired":true,"valueName":"search_term_string"}}],"inLanguage":"fr-FR"},{"@type":"Organization","@id":"https:\/\/veloaxe.com\/#organization","name":"Boutique de v\u00e9lo en ligne | VELOAXE","url":"https:\/\/veloaxe.com\/","logo":{"@type":"ImageObject","inLanguage":"fr-FR","@id":"https:\/\/veloaxe.com\/#\/schema\/logo\/image\/","url":"https:\/\/veloaxe.com\/wp-content\/uploads\/2026\/01\/cropped-logo-1.jpg","contentUrl":"https:\/\/veloaxe.com\/wp-content\/uploads\/2026\/01\/cropped-logo-1.jpg","width":1273,"height":363,"caption":"Tienda de bicicletas | VELOAXE"},"image":{"@id":"https:\/\/veloaxe.com\/#\/schema\/logo\/image\/"},"sameAs":["https:\/\/www.facebook.com\/veloaxe"]}]}},"_links":{"self":[{"href":"https:\/\/veloaxe.com\/fr\/wp-json\/wp\/v2\/product\/19887","targetHints":{"allow":["GET"]}}],"collection":[{"href":"https:\/\/veloaxe.com\/fr\/wp-json\/wp\/v2\/product"}],"about":[{"href":"https:\/\/veloaxe.com\/fr\/wp-json\/wp\/v2\/types\/product"}],"replies":[{"embeddable":true,"href":"https:\/\/veloaxe.com\/fr\/wp-json\/wp\/v2\/comments?post=19887"}],"wp:featuredmedia":[{"embeddable":true,"href":"https:\/\/veloaxe.com\/fr\/wp-json\/wp\/v2\/media\/19894"}],"wp:attachment":[{"href":"https:\/\/veloaxe.com\/fr\/wp-json\/wp\/v2\/media?parent=19887"}],"wp:term":[{"taxonomy":"product_brand","embeddable":true,"href":"https:\/\/veloaxe.com\/fr\/wp-json\/wp\/v2\/product_brand?post=19887"},{"taxonomy":"product_cat","embeddable":true,"href":"https:\/\/veloaxe.com\/fr\/wp-json\/wp\/v2\/product_cat?post=19887"},{"taxonomy":"product_tag","embeddable":true,"href":"https:\/\/veloaxe.com\/fr\/wp-json\/wp\/v2\/product_tag?post=19887"}],"curies":[{"name":"wp","href":"https:\/\/api.w.org\/{rel}","templated":true}]}}