{"id":20061,"date":"2025-02-23T16:34:18","date_gmt":"2025-02-23T16:34:18","guid":{"rendered":"https:\/\/veloaxe.com\/?post_type=product&#038;p=20061"},"modified":"2025-04-14T04:59:38","modified_gmt":"2025-04-14T04:59:38","slug":"silverback-s-electro-26-p-504-wh","status":"publish","type":"product","link":"https:\/\/veloaxe.com\/fr\/produit\/silverback-s-electro-26-p-504-wh\/","title":{"rendered":"SILVERBACK S-ELECTRO 26p &#8211; 504WH"},"content":{"rendered":"<p><em><strong>SILVERBACK S-Electro<\/strong><\/em> Kids es una plataforma para ni\u00f1os con asistencia el\u00e9ctrica sofisticada e intuitiva que marca el comienzo de la pr\u00f3xima generaci\u00f3n de ciclistas expertos en tecnolog\u00eda. La Skid 26 est\u00e1 dise\u00f1ada para ofrecer los mismos beneficios que nuestras bicicletas el\u00e9ctricas para adultos a los ni\u00f1os mayores, es decir, asistencia el\u00e9ctrica al pedaleo, calidad de construcci\u00f3n BIC y din\u00e1mica de conducci\u00f3n avanzada.<\/p>\n<p>El cuadro <em><strong>SILVERBACK S-Electro<\/strong><\/em> est\u00e1 fabricado con aleaci\u00f3n 6061 hidroformada para lograr un cuadro ligero y resistente capaz de soportar el peso adicional y las fuerzas internas de un sistema de propulsi\u00f3n el\u00e9ctrica. El hidroformado produce perfiles de tubos complejos y ligeros que son m\u00e1s resistentes que los tubos redondos comparables. Las paredes laterales tambi\u00e9n pueden ser m\u00e1s delgadas, lo que da como resultado una bicicleta m\u00e1s ligera en general, algo esencial al construir una bicicleta para ni\u00f1os.<\/p>\n<p>La <em><strong>S-Electro kid<\/strong><\/em> tiene mucha potencia, ya que funciona con el motor Shimano Steps E5000. Gracias a su peso ligero y a su capacidad de carga, con la bater\u00eda interna de 504 Wh incluida, la Skid tiene una autonom\u00eda enorme. Una carga \u00fatil m\u00e1s ligera ejerce menos presi\u00f3n sobre el sistema el\u00e9ctrico, por lo que las bater\u00edas duran m\u00e1s que para ciclistas m\u00e1s pesados. La bater\u00eda se recarga al 80 % en menos de 3 horas y deber\u00eda ofrecer una autonom\u00eda de entre 50 y 100 km, seg\u00fan el uso de la asistencia y el terreno en el que se utilice la bicicleta. La pantalla del manillar tambi\u00e9n es f\u00e1cil de usar y ofrece toda la informaci\u00f3n esencial con solo pulsar los controles.<\/p>\n<p><em><strong>TALLA : 145 cm &#8211; 165 cm<\/strong><\/em><\/p>\n<p>CUADRO : Aluminio 6061 S-ELECTRO kid integrated eBike frame<\/p>\n<p>HORQUILLA : ROCKSHOX JUDY SILVER TK 120mm<\/p>\n<p>TIJA DE SILLIN : Surface<\/p>\n<p>POTENCIA : Surface<\/p>\n<p>MANILLAR : Surface<\/p>\n<p>RUEDAS : SURFACE 26 TBL<\/p>\n<p>CUBIERTAS : KENDA 26<\/p>\n<p>SILL\u00cdN : SURFACE<\/p>\n<p>FRENOS : SHIMANO MT 200 hydraulico<\/p>\n<p>DESVIADOR DELANTERO : SIN<\/p>\n<p>CAMBIO TRASERO : SHIMANO DEORE 10v<\/p>\n<p>MANETAS DE CAMBIO : SHIMANO DEORE 10v<\/p>\n<p>BIELAS : SHIMANO CE5010 34d<\/p>\n<p>CASSETTE : SHIMANO DEORE 10v<\/p>\n<p>MOTOR : SHIMANO E5000<\/p>\n<p>BATERIA : DARFON 504 wh<\/p>\n<p>Las ruedas y el grupo de la foto pueden no ser contractuales.<\/p>\n<p>Para m\u00e1s informaci\u00f3n, cont\u00e1ctenos: +33 06 24 22 72 58 o veloaxe@gmail.com<\/p>","protected":false},"excerpt":{"rendered":"<p>SILVERBACK S-Electro Kids es una plataforma para ni\u00f1os con asistencia el\u00e9ctrica sofisticada e intuitiva que marca el comienzo de la pr\u00f3xima generaci\u00f3n de ciclistas expertos en tecnolog\u00eda. La Skid 26 est\u00e1 dise\u00f1ada para ofrecer los mismos beneficios que nuestras bicicletas el\u00e9ctricas para adultos a los ni\u00f1os mayores, es decir, asistencia el\u00e9ctrica al pedaleo, calidad de [&hellip;]<\/p>\n","protected":false},"featured_media":20062,"comment_status":"closed","ping_status":"closed","template":"","meta":[],"product_brand":[],"product_cat":[185,77],"product_tag":[],"class_list":{"0":"post-20061","1":"product","2":"type-product","3":"status-publish","4":"has-post-thumbnail","6":"product_cat-bicicleta-electrica-ninos-para-ninos","7":"product_cat-ninos-para-ninos","8":"product_shipping_class-bicicletas","10":"first","11":"instock","12":"sale","13":"shipping-taxable","14":"purchasable","15":"product-type-simple"},"yoast_head":"<!-- This site is optimized with the Yoast SEO plugin v27.6 - https:\/\/yoast.com\/product\/yoast-seo-wordpress\/ -->\n<title>BICICLETA SILVERBACK E-ELECTRO 26 KID 504wh | VELOAXE.COM<\/title>\n<meta name=\"description\" content=\"BICICLETA SLIVERBACK E-ELECTRO 26 KID 504wh- La marca SILVERBACK presenta una bicicleta para ninos ligera y de alto rendimiento con un precio reducido.\" \/>\n<meta name=\"robots\" content=\"index, follow, max-snippet:-1, max-image-preview:large, max-video-preview:-1\" \/>\n<link rel=\"canonical\" href=\"https:\/\/veloaxe.com\/fr\/produit\/silverback-s-electro-26-p-504-wh\/\" \/>\n<meta property=\"og:locale\" content=\"fr_FR\" \/>\n<meta property=\"og:type\" content=\"article\" \/>\n<meta property=\"og:title\" content=\"BICICLETA SILVERBACK E-ELECTRO 26 KID 504wh | VELOAXE.COM\" \/>\n<meta property=\"og:description\" content=\"BICICLETA SLIVERBACK E-ELECTRO 26 KID 504wh- La marca SILVERBACK presenta una bicicleta para ninos ligera y de alto rendimiento con un precio reducido.\" \/>\n<meta property=\"og:url\" content=\"https:\/\/veloaxe.com\/fr\/produit\/silverback-s-electro-26-p-504-wh\/\" \/>\n<meta property=\"og:site_name\" content=\"Tienda de bicicletas | VELOAXE\" \/>\n<meta property=\"article:publisher\" content=\"https:\/\/www.facebook.com\/veloaxe\" \/>\n<meta property=\"article:modified_time\" content=\"2025-04-14T04:59:38+00:00\" \/>\n<meta property=\"og:image\" content=\"https:\/\/veloaxe.com\/wp-content\/uploads\/2025\/02\/silverback-e-electro-s-kid-504-wh.jpg\" \/>\n\t<meta property=\"og:image:width\" content=\"1500\" \/>\n\t<meta property=\"og:image:height\" content=\"1500\" \/>\n\t<meta property=\"og:image:type\" content=\"image\/jpeg\" \/>\n<meta name=\"twitter:card\" content=\"summary_large_image\" \/>\n<meta name=\"twitter:label1\" content=\"Dur\u00e9e de lecture estim\u00e9e\" \/>\n\t<meta name=\"twitter:data1\" content=\"2 minutes\" \/>\n<script type=\"application\/ld+json\" class=\"yoast-schema-graph\">{\"@context\":\"https:\\\/\\\/schema.org\",\"@graph\":[{\"@type\":\"WebPage\",\"@id\":\"https:\\\/\\\/veloaxe.com\\\/producto\\\/silverback-s-electro-26-p-504-wh\\\/\",\"url\":\"https:\\\/\\\/veloaxe.com\\\/producto\\\/silverback-s-electro-26-p-504-wh\\\/\",\"name\":\"BICICLETA SILVERBACK E-ELECTRO 26 KID 504wh | VELOAXE.COM\",\"isPartOf\":{\"@id\":\"https:\\\/\\\/veloaxe.com\\\/#website\"},\"primaryImageOfPage\":{\"@id\":\"https:\\\/\\\/veloaxe.com\\\/producto\\\/silverback-s-electro-26-p-504-wh\\\/#primaryimage\"},\"image\":{\"@id\":\"https:\\\/\\\/veloaxe.com\\\/producto\\\/silverback-s-electro-26-p-504-wh\\\/#primaryimage\"},\"thumbnailUrl\":\"https:\\\/\\\/veloaxe.com\\\/wp-content\\\/uploads\\\/2025\\\/02\\\/silverback-e-electro-s-kid-504-wh.jpg\",\"datePublished\":\"2025-02-23T16:34:18+00:00\",\"dateModified\":\"2025-04-14T04:59:38+00:00\",\"description\":\"BICICLETA SLIVERBACK E-ELECTRO 26 KID 504wh- La marca SILVERBACK presenta una bicicleta para ninos ligera y de alto rendimiento con un precio reducido.\",\"breadcrumb\":{\"@id\":\"https:\\\/\\\/veloaxe.com\\\/producto\\\/silverback-s-electro-26-p-504-wh\\\/#breadcrumb\"},\"inLanguage\":\"fr-FR\",\"potentialAction\":[{\"@type\":\"ReadAction\",\"target\":[\"https:\\\/\\\/veloaxe.com\\\/producto\\\/silverback-s-electro-26-p-504-wh\\\/\"]}]},{\"@type\":\"ImageObject\",\"inLanguage\":\"fr-FR\",\"@id\":\"https:\\\/\\\/veloaxe.com\\\/producto\\\/silverback-s-electro-26-p-504-wh\\\/#primaryimage\",\"url\":\"https:\\\/\\\/veloaxe.com\\\/wp-content\\\/uploads\\\/2025\\\/02\\\/silverback-e-electro-s-kid-504-wh.jpg\",\"contentUrl\":\"https:\\\/\\\/veloaxe.com\\\/wp-content\\\/uploads\\\/2025\\\/02\\\/silverback-e-electro-s-kid-504-wh.jpg\",\"width\":1500,\"height\":1500,\"caption\":\"silverback-e-electro-s-kid-504-wh\"},{\"@type\":\"BreadcrumbList\",\"@id\":\"https:\\\/\\\/veloaxe.com\\\/producto\\\/silverback-s-electro-26-p-504-wh\\\/#breadcrumb\",\"itemListElement\":[{\"@type\":\"ListItem\",\"position\":1,\"name\":\"Portada\",\"item\":\"https:\\\/\\\/paleturquoise-herring-271034.hostingersite.com\\\/\"},{\"@type\":\"ListItem\",\"position\":2,\"name\":\"Shop\",\"item\":\"https:\\\/\\\/paleturquoise-herring-271034.hostingersite.com\\\/shop\\\/\"},{\"@type\":\"ListItem\",\"position\":3,\"name\":\"SILVERBACK S-ELECTRO 26p &#8211; 504WH\"}]},{\"@type\":\"WebSite\",\"@id\":\"https:\\\/\\\/veloaxe.com\\\/#website\",\"url\":\"https:\\\/\\\/veloaxe.com\\\/\",\"name\":\"Tienda de bicicletas | VELOAXE\",\"description\":\"Descubre una amplia selecci\u00f3n de bicicletas de alta calidad, desde modelos urbanos y de monta\u00f1a hasta bicicletas de carretera de \u00faltima generaci\u00f3n. Con un servicio experto y accesorios especializados, estamos comprometidos a brindarte la mejor experiencia ciclista.\",\"publisher\":{\"@id\":\"https:\\\/\\\/veloaxe.com\\\/#organization\"},\"potentialAction\":[{\"@type\":\"SearchAction\",\"target\":{\"@type\":\"EntryPoint\",\"urlTemplate\":\"https:\\\/\\\/veloaxe.com\\\/?s={search_term_string}\"},\"query-input\":{\"@type\":\"PropertyValueSpecification\",\"valueRequired\":true,\"valueName\":\"search_term_string\"}}],\"inLanguage\":\"fr-FR\"},{\"@type\":\"Organization\",\"@id\":\"https:\\\/\\\/veloaxe.com\\\/#organization\",\"name\":\"Tienda de bicicletas | VELOAXE\",\"url\":\"https:\\\/\\\/veloaxe.com\\\/\",\"logo\":{\"@type\":\"ImageObject\",\"inLanguage\":\"fr-FR\",\"@id\":\"https:\\\/\\\/veloaxe.com\\\/#\\\/schema\\\/logo\\\/image\\\/\",\"url\":\"https:\\\/\\\/veloaxe.com\\\/wp-content\\\/uploads\\\/2026\\\/01\\\/cropped-logo-1.jpg\",\"contentUrl\":\"https:\\\/\\\/veloaxe.com\\\/wp-content\\\/uploads\\\/2026\\\/01\\\/cropped-logo-1.jpg\",\"width\":1273,\"height\":363,\"caption\":\"Tienda de bicicletas | VELOAXE\"},\"image\":{\"@id\":\"https:\\\/\\\/veloaxe.com\\\/#\\\/schema\\\/logo\\\/image\\\/\"},\"sameAs\":[\"https:\\\/\\\/www.facebook.com\\\/veloaxe\"]}]}<\/script>\n<!-- \/ Yoast SEO plugin. -->","yoast_head_json":{"title":"BICICLETA SILVERBACK E-ELECTRO 26 KID 504wh | VELOAXE.COM","description":"BICICLETA SLIVERBACK E-ELECTRO 26 KID 504wh- La marca SILVERBACK presenta una bicicleta para ninos ligera y de alto rendimiento con un precio reducido.","robots":{"index":"index","follow":"follow","max-snippet":"max-snippet:-1","max-image-preview":"max-image-preview:large","max-video-preview":"max-video-preview:-1"},"canonical":"https:\/\/veloaxe.com\/fr\/produit\/silverback-s-electro-26-p-504-wh\/","og_locale":"fr_FR","og_type":"article","og_title":"BICICLETA SILVERBACK E-ELECTRO 26 KID 504wh | VELOAXE.COM","og_description":"BICICLETA SLIVERBACK E-ELECTRO 26 KID 504wh- La marca SILVERBACK presenta una bicicleta para ninos ligera y de alto rendimiento con un precio reducido.","og_url":"https:\/\/veloaxe.com\/fr\/produit\/silverback-s-electro-26-p-504-wh\/","og_site_name":"Tienda de bicicletas | VELOAXE","article_publisher":"https:\/\/www.facebook.com\/veloaxe","article_modified_time":"2025-04-14T04:59:38+00:00","og_image":[{"width":1500,"height":1500,"url":"https:\/\/veloaxe.com\/wp-content\/uploads\/2025\/02\/silverback-e-electro-s-kid-504-wh.jpg","type":"image\/jpeg"}],"twitter_card":"summary_large_image","twitter_misc":{"Dur\u00e9e de lecture estim\u00e9e":"2 minutes"},"schema":{"@context":"https:\/\/schema.org","@graph":[{"@type":"WebPage","@id":"https:\/\/veloaxe.com\/producto\/silverback-s-electro-26-p-504-wh\/","url":"https:\/\/veloaxe.com\/producto\/silverback-s-electro-26-p-504-wh\/","name":"BICICLETA SILVERBACK E-ELECTRO 26 KID 504wh | VELOAXE.COM","isPartOf":{"@id":"https:\/\/veloaxe.com\/#website"},"primaryImageOfPage":{"@id":"https:\/\/veloaxe.com\/producto\/silverback-s-electro-26-p-504-wh\/#primaryimage"},"image":{"@id":"https:\/\/veloaxe.com\/producto\/silverback-s-electro-26-p-504-wh\/#primaryimage"},"thumbnailUrl":"https:\/\/veloaxe.com\/wp-content\/uploads\/2025\/02\/silverback-e-electro-s-kid-504-wh.jpg","datePublished":"2025-02-23T16:34:18+00:00","dateModified":"2025-04-14T04:59:38+00:00","description":"BICICLETA SLIVERBACK E-ELECTRO 26 KID 504wh- La marca SILVERBACK presenta una bicicleta para ninos ligera y de alto rendimiento con un precio reducido.","breadcrumb":{"@id":"https:\/\/veloaxe.com\/producto\/silverback-s-electro-26-p-504-wh\/#breadcrumb"},"inLanguage":"fr-FR","potentialAction":[{"@type":"ReadAction","target":["https:\/\/veloaxe.com\/producto\/silverback-s-electro-26-p-504-wh\/"]}]},{"@type":"ImageObject","inLanguage":"fr-FR","@id":"https:\/\/veloaxe.com\/producto\/silverback-s-electro-26-p-504-wh\/#primaryimage","url":"https:\/\/veloaxe.com\/wp-content\/uploads\/2025\/02\/silverback-e-electro-s-kid-504-wh.jpg","contentUrl":"https:\/\/veloaxe.com\/wp-content\/uploads\/2025\/02\/silverback-e-electro-s-kid-504-wh.jpg","width":1500,"height":1500,"caption":"silverback-e-electro-s-kid-504-wh"},{"@type":"BreadcrumbList","@id":"https:\/\/veloaxe.com\/producto\/silverback-s-electro-26-p-504-wh\/#breadcrumb","itemListElement":[{"@type":"ListItem","position":1,"name":"Portada","item":"https:\/\/paleturquoise-herring-271034.hostingersite.com\/"},{"@type":"ListItem","position":2,"name":"Shop","item":"https:\/\/paleturquoise-herring-271034.hostingersite.com\/shop\/"},{"@type":"ListItem","position":3,"name":"SILVERBACK S-ELECTRO 26p &#8211; 504WH"}]},{"@type":"WebSite","@id":"https:\/\/veloaxe.com\/#website","url":"https:\/\/veloaxe.com\/","name":"Boutique de v\u00e9lo en ligne | VELOAXE","description":"Descubre una amplia selecci\u00f3n de bicicletas de alta calidad, desde modelos urbanos y de monta\u00f1a hasta bicicletas de carretera de \u00faltima generaci\u00f3n. Con un servicio experto y accesorios especializados, estamos comprometidos a brindarte la mejor experiencia ciclista.","publisher":{"@id":"https:\/\/veloaxe.com\/#organization"},"potentialAction":[{"@type":"SearchAction","target":{"@type":"EntryPoint","urlTemplate":"https:\/\/veloaxe.com\/?s={search_term_string}"},"query-input":{"@type":"PropertyValueSpecification","valueRequired":true,"valueName":"search_term_string"}}],"inLanguage":"fr-FR"},{"@type":"Organization","@id":"https:\/\/veloaxe.com\/#organization","name":"Boutique de v\u00e9lo en ligne | VELOAXE","url":"https:\/\/veloaxe.com\/","logo":{"@type":"ImageObject","inLanguage":"fr-FR","@id":"https:\/\/veloaxe.com\/#\/schema\/logo\/image\/","url":"https:\/\/veloaxe.com\/wp-content\/uploads\/2026\/01\/cropped-logo-1.jpg","contentUrl":"https:\/\/veloaxe.com\/wp-content\/uploads\/2026\/01\/cropped-logo-1.jpg","width":1273,"height":363,"caption":"Tienda de bicicletas | VELOAXE"},"image":{"@id":"https:\/\/veloaxe.com\/#\/schema\/logo\/image\/"},"sameAs":["https:\/\/www.facebook.com\/veloaxe"]}]}},"_links":{"self":[{"href":"https:\/\/veloaxe.com\/fr\/wp-json\/wp\/v2\/product\/20061","targetHints":{"allow":["GET"]}}],"collection":[{"href":"https:\/\/veloaxe.com\/fr\/wp-json\/wp\/v2\/product"}],"about":[{"href":"https:\/\/veloaxe.com\/fr\/wp-json\/wp\/v2\/types\/product"}],"replies":[{"embeddable":true,"href":"https:\/\/veloaxe.com\/fr\/wp-json\/wp\/v2\/comments?post=20061"}],"wp:featuredmedia":[{"embeddable":true,"href":"https:\/\/veloaxe.com\/fr\/wp-json\/wp\/v2\/media\/20062"}],"wp:attachment":[{"href":"https:\/\/veloaxe.com\/fr\/wp-json\/wp\/v2\/media?parent=20061"}],"wp:term":[{"taxonomy":"product_brand","embeddable":true,"href":"https:\/\/veloaxe.com\/fr\/wp-json\/wp\/v2\/product_brand?post=20061"},{"taxonomy":"product_cat","embeddable":true,"href":"https:\/\/veloaxe.com\/fr\/wp-json\/wp\/v2\/product_cat?post=20061"},{"taxonomy":"product_tag","embeddable":true,"href":"https:\/\/veloaxe.com\/fr\/wp-json\/wp\/v2\/product_tag?post=20061"}],"curies":[{"name":"wp","href":"https:\/\/api.w.org\/{rel}","templated":true}]}}