{"id":20069,"date":"2025-02-23T17:28:11","date_gmt":"2025-02-23T17:28:11","guid":{"rendered":"https:\/\/veloaxe.com\/?post_type=product&#038;p=20069"},"modified":"2025-04-14T05:27:59","modified_gmt":"2025-04-14T05:27:59","slug":"silverback-storm-29-er-negro","status":"publish","type":"product","link":"https:\/\/veloaxe.com\/fr\/produit\/silverback-storm-29-er-negro\/","title":{"rendered":"SILVERBACK STORM 29er &#8211; Negro"},"content":{"rendered":"<p><em><strong>SILVERBACK Storm 29<\/strong><\/em> es una bicicleta de monta\u00f1a r\u00edgida de carbono XC de 29&#8243; lista para la competici\u00f3n que incorpora componentes SRAM SX. Una bicicleta que ha sido dise\u00f1ada para ofrecer las mejores caracter\u00edsticas de conducci\u00f3n posibles mediante el uso de la \u00faltima tecnolog\u00eda de laminado de carbono junto con una geometr\u00eda y perfiles de tubos excepcionales. La Storm es una bicicleta de aspecto elegante, que puede fluir sin esfuerzo por los senderos de una pista t\u00e9cnica de cross country. El <strong><em>SILVERBACK STORM 29<\/em><\/strong> amplifica los beneficios del tama\u00f1o de rueda de 29&#8243; con un agarre superior y un manejo preciso. Si buscas una bicicleta ligera pero r\u00edgida que pueda flotar sin esfuerzo por el single track, no busques m\u00e1s.<\/p>\n<p>Esta plataforma ha sido dise\u00f1ada para ofrecer las mejores caracter\u00edsticas de conducci\u00f3n posibles mediante el uso de la \u00faltima tecnolog\u00eda de disposici\u00f3n de carbono junto con una geometr\u00eda y perfiles de tubos excepcionales.<\/p>\n<p>Nuestras punteras de carbono son muy resistentes y ligeras. No hay riesgo de que las punteras adheridas se desarmen. Placa grande de acero inoxidable en el interior de las punteras para proteger el carbono de los extremos del eje del buje.<\/p>\n<p>CUADRO : SB Advanced Dynamics Premium Carbon 29&#8243;, tubo de direcci\u00f3n c\u00f3nico de 1-1\/8&#8243; -1.5&#8243;, caja de pedalier Pressfit, punteras de eje pasante de 142 x 12, patilla de aleaci\u00f3n reemplazable y sistema de gesti\u00f3n de cables X-Guide<\/p>\n<p>HORQUILLA : ROCKSHOX JUDY BOOST TK 100mm<\/p>\n<p>TIJA DE SILLIN : Surface<\/p>\n<p>POTENCIA : Surface<\/p>\n<p>MANILLAR : Surface<\/p>\n<p>RUEDAS : SURFACE 29er<\/p>\n<p>CUBIERTAS : MAXXIS CROSSMARK 29&#215;2.25<\/p>\n<p>SILL\u00cdN : SURFACE<\/p>\n<p>FRENOS : SHIMANO MT200<\/p>\n<p>DESVIADOR DELANTERO : SIN<\/p>\n<p>CAMBIO TRASERO : SRAM SX 12v<\/p>\n<p>MANETAS DE CAMBIO : SRAM SX 12v<\/p>\n<p>BIELAS : SRAM SX 32d<\/p>\n<p>CASSETTE : SRAM SX 12v<\/p>\n<p>Las ruedas y el grupo de la foto pueden no ser contractuales.<\/p>\n<p>Para m\u00e1s informaci\u00f3n, cont\u00e1ctenos: +33 06 24 22 72 58 o veloaxe@gmail.com<\/p>","protected":false},"excerpt":{"rendered":"<p>SILVERBACK Storm 29 es una bicicleta de monta\u00f1a r\u00edgida de carbono XC de 29&#8243; lista para la competici\u00f3n que incorpora componentes SRAM SX. Una bicicleta que ha sido dise\u00f1ada para ofrecer las mejores caracter\u00edsticas de conducci\u00f3n posibles mediante el uso de la \u00faltima tecnolog\u00eda de laminado de carbono junto con una geometr\u00eda y perfiles de [&hellip;]<\/p>\n","protected":false},"featured_media":20071,"comment_status":"closed","ping_status":"closed","template":"","meta":[],"product_brand":[],"product_cat":[136,134,46],"product_tag":[],"class_list":{"0":"post-20069","1":"product","2":"type-product","3":"status-publish","4":"has-post-thumbnail","6":"product_cat-bicicletas-carbono-completa","7":"product_cat-bicicletas-de-montana-completas","8":"product_cat-btt-bicicleta-de-montana","9":"product_shipping_class-bicicletas","11":"first","12":"instock","13":"sale","14":"shipping-taxable","15":"purchasable","16":"product-type-variable"},"yoast_head":"<!-- This site is optimized with the Yoast SEO plugin v27.6 - https:\/\/yoast.com\/product\/yoast-seo-wordpress\/ -->\n<title>MTB SILVERBACK STORM 29er - CARBONO | VELOAXE.COM<\/title>\n<meta name=\"description\" content=\"MTB SILVERBACK STORM 29er CARBONO - La marca SILVERBACK presenta una bicicleta MTB CARBONO ligera y de alto rendimiento con un precio reducido.\" \/>\n<meta name=\"robots\" content=\"index, follow, max-snippet:-1, max-image-preview:large, max-video-preview:-1\" \/>\n<link rel=\"canonical\" href=\"https:\/\/veloaxe.com\/fr\/produit\/silverback-storm-29-er-negro\/\" \/>\n<meta property=\"og:locale\" content=\"fr_FR\" \/>\n<meta property=\"og:type\" content=\"article\" \/>\n<meta property=\"og:title\" content=\"MTB SILVERBACK STORM 29er - CARBONO | VELOAXE.COM\" \/>\n<meta property=\"og:description\" content=\"MTB SILVERBACK STORM 29er CARBONO - La marca SILVERBACK presenta una bicicleta MTB CARBONO ligera y de alto rendimiento con un precio reducido.\" \/>\n<meta property=\"og:url\" content=\"https:\/\/veloaxe.com\/fr\/produit\/silverback-storm-29-er-negro\/\" \/>\n<meta property=\"og:site_name\" content=\"Tienda de bicicletas | VELOAXE\" \/>\n<meta property=\"article:publisher\" content=\"https:\/\/www.facebook.com\/veloaxe\" \/>\n<meta property=\"article:modified_time\" content=\"2025-04-14T05:27:59+00:00\" \/>\n<meta property=\"og:image\" content=\"https:\/\/veloaxe.com\/wp-content\/uploads\/2025\/02\/mtb-silverback-strom-29-carbono.jpg\" \/>\n\t<meta property=\"og:image:width\" content=\"500\" \/>\n\t<meta property=\"og:image:height\" content=\"500\" \/>\n\t<meta property=\"og:image:type\" content=\"image\/jpeg\" \/>\n<meta name=\"twitter:card\" content=\"summary_large_image\" \/>\n<meta name=\"twitter:label1\" content=\"Dur\u00e9e de lecture estim\u00e9e\" \/>\n\t<meta name=\"twitter:data1\" content=\"2 minutes\" \/>\n<script type=\"application\/ld+json\" class=\"yoast-schema-graph\">{\"@context\":\"https:\\\/\\\/schema.org\",\"@graph\":[{\"@type\":\"WebPage\",\"@id\":\"https:\\\/\\\/veloaxe.com\\\/producto\\\/silverback-storm-29-er-negro\\\/\",\"url\":\"https:\\\/\\\/veloaxe.com\\\/producto\\\/silverback-storm-29-er-negro\\\/\",\"name\":\"MTB SILVERBACK STORM 29er - CARBONO | VELOAXE.COM\",\"isPartOf\":{\"@id\":\"https:\\\/\\\/veloaxe.com\\\/#website\"},\"primaryImageOfPage\":{\"@id\":\"https:\\\/\\\/veloaxe.com\\\/producto\\\/silverback-storm-29-er-negro\\\/#primaryimage\"},\"image\":{\"@id\":\"https:\\\/\\\/veloaxe.com\\\/producto\\\/silverback-storm-29-er-negro\\\/#primaryimage\"},\"thumbnailUrl\":\"https:\\\/\\\/veloaxe.com\\\/wp-content\\\/uploads\\\/2025\\\/02\\\/mtb-silverback-strom-29-carbono.jpg\",\"datePublished\":\"2025-02-23T17:28:11+00:00\",\"dateModified\":\"2025-04-14T05:27:59+00:00\",\"description\":\"MTB SILVERBACK STORM 29er CARBONO - La marca SILVERBACK presenta una bicicleta MTB CARBONO ligera y de alto rendimiento con un precio reducido.\",\"breadcrumb\":{\"@id\":\"https:\\\/\\\/veloaxe.com\\\/producto\\\/silverback-storm-29-er-negro\\\/#breadcrumb\"},\"inLanguage\":\"fr-FR\",\"potentialAction\":[{\"@type\":\"ReadAction\",\"target\":[\"https:\\\/\\\/veloaxe.com\\\/producto\\\/silverback-storm-29-er-negro\\\/\"]}]},{\"@type\":\"ImageObject\",\"inLanguage\":\"fr-FR\",\"@id\":\"https:\\\/\\\/veloaxe.com\\\/producto\\\/silverback-storm-29-er-negro\\\/#primaryimage\",\"url\":\"https:\\\/\\\/veloaxe.com\\\/wp-content\\\/uploads\\\/2025\\\/02\\\/mtb-silverback-strom-29-carbono.jpg\",\"contentUrl\":\"https:\\\/\\\/veloaxe.com\\\/wp-content\\\/uploads\\\/2025\\\/02\\\/mtb-silverback-strom-29-carbono.jpg\",\"width\":500,\"height\":500,\"caption\":\"mtb-silverback-storm-29-carbono\"},{\"@type\":\"BreadcrumbList\",\"@id\":\"https:\\\/\\\/veloaxe.com\\\/producto\\\/silverback-storm-29-er-negro\\\/#breadcrumb\",\"itemListElement\":[{\"@type\":\"ListItem\",\"position\":1,\"name\":\"Portada\",\"item\":\"https:\\\/\\\/paleturquoise-herring-271034.hostingersite.com\\\/\"},{\"@type\":\"ListItem\",\"position\":2,\"name\":\"Shop\",\"item\":\"https:\\\/\\\/paleturquoise-herring-271034.hostingersite.com\\\/shop\\\/\"},{\"@type\":\"ListItem\",\"position\":3,\"name\":\"SILVERBACK STORM 29er &#8211; Negro\"}]},{\"@type\":\"WebSite\",\"@id\":\"https:\\\/\\\/veloaxe.com\\\/#website\",\"url\":\"https:\\\/\\\/veloaxe.com\\\/\",\"name\":\"Tienda de bicicletas | VELOAXE\",\"description\":\"Descubre una amplia selecci\u00f3n de bicicletas de alta calidad, desde modelos urbanos y de monta\u00f1a hasta bicicletas de carretera de \u00faltima generaci\u00f3n. Con un servicio experto y accesorios especializados, estamos comprometidos a brindarte la mejor experiencia ciclista.\",\"publisher\":{\"@id\":\"https:\\\/\\\/veloaxe.com\\\/#organization\"},\"potentialAction\":[{\"@type\":\"SearchAction\",\"target\":{\"@type\":\"EntryPoint\",\"urlTemplate\":\"https:\\\/\\\/veloaxe.com\\\/?s={search_term_string}\"},\"query-input\":{\"@type\":\"PropertyValueSpecification\",\"valueRequired\":true,\"valueName\":\"search_term_string\"}}],\"inLanguage\":\"fr-FR\"},{\"@type\":\"Organization\",\"@id\":\"https:\\\/\\\/veloaxe.com\\\/#organization\",\"name\":\"Tienda de bicicletas | VELOAXE\",\"url\":\"https:\\\/\\\/veloaxe.com\\\/\",\"logo\":{\"@type\":\"ImageObject\",\"inLanguage\":\"fr-FR\",\"@id\":\"https:\\\/\\\/veloaxe.com\\\/#\\\/schema\\\/logo\\\/image\\\/\",\"url\":\"https:\\\/\\\/veloaxe.com\\\/wp-content\\\/uploads\\\/2026\\\/01\\\/cropped-logo-1.jpg\",\"contentUrl\":\"https:\\\/\\\/veloaxe.com\\\/wp-content\\\/uploads\\\/2026\\\/01\\\/cropped-logo-1.jpg\",\"width\":1273,\"height\":363,\"caption\":\"Tienda de bicicletas | VELOAXE\"},\"image\":{\"@id\":\"https:\\\/\\\/veloaxe.com\\\/#\\\/schema\\\/logo\\\/image\\\/\"},\"sameAs\":[\"https:\\\/\\\/www.facebook.com\\\/veloaxe\"]}]}<\/script>\n<!-- \/ Yoast SEO plugin. -->","yoast_head_json":{"title":"MTB SILVERBACK STORM 29er - CARBONO | VELOAXE.COM","description":"MTB SILVERBACK STORM 29er CARBONO - La marca SILVERBACK presenta una bicicleta MTB CARBONO ligera y de alto rendimiento con un precio reducido.","robots":{"index":"index","follow":"follow","max-snippet":"max-snippet:-1","max-image-preview":"max-image-preview:large","max-video-preview":"max-video-preview:-1"},"canonical":"https:\/\/veloaxe.com\/fr\/produit\/silverback-storm-29-er-negro\/","og_locale":"fr_FR","og_type":"article","og_title":"MTB SILVERBACK STORM 29er - CARBONO | VELOAXE.COM","og_description":"MTB SILVERBACK STORM 29er CARBONO - La marca SILVERBACK presenta una bicicleta MTB CARBONO ligera y de alto rendimiento con un precio reducido.","og_url":"https:\/\/veloaxe.com\/fr\/produit\/silverback-storm-29-er-negro\/","og_site_name":"Tienda de bicicletas | VELOAXE","article_publisher":"https:\/\/www.facebook.com\/veloaxe","article_modified_time":"2025-04-14T05:27:59+00:00","og_image":[{"width":500,"height":500,"url":"https:\/\/veloaxe.com\/wp-content\/uploads\/2025\/02\/mtb-silverback-strom-29-carbono.jpg","type":"image\/jpeg"}],"twitter_card":"summary_large_image","twitter_misc":{"Dur\u00e9e de lecture estim\u00e9e":"2 minutes"},"schema":{"@context":"https:\/\/schema.org","@graph":[{"@type":"WebPage","@id":"https:\/\/veloaxe.com\/producto\/silverback-storm-29-er-negro\/","url":"https:\/\/veloaxe.com\/producto\/silverback-storm-29-er-negro\/","name":"MTB SILVERBACK STORM 29er - CARBONO | VELOAXE.COM","isPartOf":{"@id":"https:\/\/veloaxe.com\/#website"},"primaryImageOfPage":{"@id":"https:\/\/veloaxe.com\/producto\/silverback-storm-29-er-negro\/#primaryimage"},"image":{"@id":"https:\/\/veloaxe.com\/producto\/silverback-storm-29-er-negro\/#primaryimage"},"thumbnailUrl":"https:\/\/veloaxe.com\/wp-content\/uploads\/2025\/02\/mtb-silverback-strom-29-carbono.jpg","datePublished":"2025-02-23T17:28:11+00:00","dateModified":"2025-04-14T05:27:59+00:00","description":"MTB SILVERBACK STORM 29er CARBONO - La marca SILVERBACK presenta una bicicleta MTB CARBONO ligera y de alto rendimiento con un precio reducido.","breadcrumb":{"@id":"https:\/\/veloaxe.com\/producto\/silverback-storm-29-er-negro\/#breadcrumb"},"inLanguage":"fr-FR","potentialAction":[{"@type":"ReadAction","target":["https:\/\/veloaxe.com\/producto\/silverback-storm-29-er-negro\/"]}]},{"@type":"ImageObject","inLanguage":"fr-FR","@id":"https:\/\/veloaxe.com\/producto\/silverback-storm-29-er-negro\/#primaryimage","url":"https:\/\/veloaxe.com\/wp-content\/uploads\/2025\/02\/mtb-silverback-strom-29-carbono.jpg","contentUrl":"https:\/\/veloaxe.com\/wp-content\/uploads\/2025\/02\/mtb-silverback-strom-29-carbono.jpg","width":500,"height":500,"caption":"mtb-silverback-storm-29-carbono"},{"@type":"BreadcrumbList","@id":"https:\/\/veloaxe.com\/producto\/silverback-storm-29-er-negro\/#breadcrumb","itemListElement":[{"@type":"ListItem","position":1,"name":"Portada","item":"https:\/\/paleturquoise-herring-271034.hostingersite.com\/"},{"@type":"ListItem","position":2,"name":"Shop","item":"https:\/\/paleturquoise-herring-271034.hostingersite.com\/shop\/"},{"@type":"ListItem","position":3,"name":"SILVERBACK STORM 29er &#8211; Negro"}]},{"@type":"WebSite","@id":"https:\/\/veloaxe.com\/#website","url":"https:\/\/veloaxe.com\/","name":"Boutique de v\u00e9lo en ligne | VELOAXE","description":"Descubre una amplia selecci\u00f3n de bicicletas de alta calidad, desde modelos urbanos y de monta\u00f1a hasta bicicletas de carretera de \u00faltima generaci\u00f3n. Con un servicio experto y accesorios especializados, estamos comprometidos a brindarte la mejor experiencia ciclista.","publisher":{"@id":"https:\/\/veloaxe.com\/#organization"},"potentialAction":[{"@type":"SearchAction","target":{"@type":"EntryPoint","urlTemplate":"https:\/\/veloaxe.com\/?s={search_term_string}"},"query-input":{"@type":"PropertyValueSpecification","valueRequired":true,"valueName":"search_term_string"}}],"inLanguage":"fr-FR"},{"@type":"Organization","@id":"https:\/\/veloaxe.com\/#organization","name":"Boutique de v\u00e9lo en ligne | VELOAXE","url":"https:\/\/veloaxe.com\/","logo":{"@type":"ImageObject","inLanguage":"fr-FR","@id":"https:\/\/veloaxe.com\/#\/schema\/logo\/image\/","url":"https:\/\/veloaxe.com\/wp-content\/uploads\/2026\/01\/cropped-logo-1.jpg","contentUrl":"https:\/\/veloaxe.com\/wp-content\/uploads\/2026\/01\/cropped-logo-1.jpg","width":1273,"height":363,"caption":"Tienda de bicicletas | VELOAXE"},"image":{"@id":"https:\/\/veloaxe.com\/#\/schema\/logo\/image\/"},"sameAs":["https:\/\/www.facebook.com\/veloaxe"]}]}},"_links":{"self":[{"href":"https:\/\/veloaxe.com\/fr\/wp-json\/wp\/v2\/product\/20069","targetHints":{"allow":["GET"]}}],"collection":[{"href":"https:\/\/veloaxe.com\/fr\/wp-json\/wp\/v2\/product"}],"about":[{"href":"https:\/\/veloaxe.com\/fr\/wp-json\/wp\/v2\/types\/product"}],"replies":[{"embeddable":true,"href":"https:\/\/veloaxe.com\/fr\/wp-json\/wp\/v2\/comments?post=20069"}],"wp:featuredmedia":[{"embeddable":true,"href":"https:\/\/veloaxe.com\/fr\/wp-json\/wp\/v2\/media\/20071"}],"wp:attachment":[{"href":"https:\/\/veloaxe.com\/fr\/wp-json\/wp\/v2\/media?parent=20069"}],"wp:term":[{"taxonomy":"product_brand","embeddable":true,"href":"https:\/\/veloaxe.com\/fr\/wp-json\/wp\/v2\/product_brand?post=20069"},{"taxonomy":"product_cat","embeddable":true,"href":"https:\/\/veloaxe.com\/fr\/wp-json\/wp\/v2\/product_cat?post=20069"},{"taxonomy":"product_tag","embeddable":true,"href":"https:\/\/veloaxe.com\/fr\/wp-json\/wp\/v2\/product_tag?post=20069"}],"curies":[{"name":"wp","href":"https:\/\/api.w.org\/{rel}","templated":true}]}}