{"id":20393,"date":"2025-08-24T17:44:10","date_gmt":"2025-08-24T17:44:10","guid":{"rendered":"https:\/\/veloaxe.com\/?post_type=product&#038;p=20393"},"modified":"2025-08-24T17:49:23","modified_gmt":"2025-08-24T17:49:23","slug":"sensa-giulia-supremo-2026-shimano-dura-ace-di2-12v-rojo-burdeos","status":"publish","type":"product","link":"https:\/\/veloaxe.com\/fr\/producto\/sensa-giulia-supremo-2026-shimano-dura-ace-di2-12v-rojo-burdeos\/","title":{"rendered":"SENSA GIULIA SUPREMO 2026 &#8211; SHIMANO DURA ACE DI2 12v &#8211; Rojo Burdeos"},"content":{"rendered":"<p>La nueva bicicleta<strong> SENSA GIULIA SUPREMO<\/strong> <strong>2026<\/strong> es la bicicleta para vencerlos a todos! Nuestro sue\u00f1o era crear una bicicleta que fuera m\u00e1s r\u00e1pida, m\u00e1s ligera y m\u00e1s c\u00f3moda que la Giulia Evo Integrale. Utilizando la \u00faltima tecnolog\u00eda CFD (software para realizar una prueba virtual en el t\u00fanel de viento), encontramos mejoras en el Giulia Evo Integrale y optimizamos cada secci\u00f3n del tubo. Se han aplicado las lecciones aprendidas de la Giulia GF para hacer la bicicleta m\u00e1s ligera y c\u00f3moda. En comparaci\u00f3n con nuestro Giulia Evo Integrale, logramos una reducci\u00f3n de resistencia del 9,1%. D\u00e1ndole el beneficio de un ahorro de potencia del 1,5%. La comodidad se ha mejorado en un 30% y el peso se ha reducido en 278 gramos en el cuadro.<\/p>\n<p>Para crear la bicicleta definitiva, tambi\u00e9n desarrollamos el nuevo manillar Combo Aero y el nuevo juego de ruedas<strong> Supra RFC Premium Speed<\/strong> \u200b\u200bcon una llanta de 62 mm de profundidad. Todos los n\u00fameros y nuevos desarrollos son geniales, pero las pruebas que hicimos nos confirmaron que hemos creado una bicicleta a un nivel completamente nuevo.<\/p>\n<p>En resumen, la nueva <strong>SENSA GIULIA SUPREMO 2026<\/strong>\u00a0es m\u00e1s ligera, m\u00e1s r\u00e1pida y m\u00e1s precisa para un pedaleo m\u00e1s eficiente.<\/p>\n<p><span style=\"vertical-align: inherit;\"><span style=\"vertical-align: inherit;\">CUADRO : G\u00c9N\u00c9RATION 5 FULL CARBONE &#8211; MOULAGE ESP &#8211; CFD OPTIMIS\u00c9 (1025grs)<\/span><\/span><\/p>\n<p><span style=\"vertical-align: inherit;\"><span style=\"vertical-align: inherit;\">HORQUILLA : SUPRA FULL CARBONE MONOCOQUE &#8211; AIRFLOW 2 (335grs)<\/span><\/span><\/p>\n<p><span style=\"vertical-align: inherit;\"><span style=\"vertical-align: inherit;\">TIJA DE SILLIN : SUPRA RACE LINE CARBONE EVO<\/span><\/span><\/p>\n<p><span style=\"vertical-align: inherit;\"><span style=\"vertical-align: inherit;\">SILLIN : MOD\u00c8LE SELLE ITALIA<\/span><\/span><\/p>\n<p><span style=\"vertical-align: inherit;\"><span style=\"vertical-align: inherit;\">MANILLAR : <strong>SUPRA SPEED LINE ALU<\/strong><\/span><\/span><\/p>\n<p><span style=\"vertical-align: inherit;\"><span style=\"vertical-align: inherit;\">POTENCIA : <strong>SUPRA SPEED LINE ALU<\/strong><\/span><\/span><\/p>\n<p><span style=\"vertical-align: inherit;\"><span style=\"vertical-align: inherit;\">MANETAS : SHIMANO DURA-ACE DI2 DISQUE R9270<\/span><\/span><\/p>\n<p><span style=\"vertical-align: inherit;\"><span style=\"vertical-align: inherit;\">FRENOS : SHIMANO DURA-ACE HYDRAULIQUE<\/span><\/span><\/p>\n<p><span style=\"vertical-align: inherit;\"><span style=\"vertical-align: inherit;\">CAMBIO DELANTERO : SHIMANO DURA-ACE DI2 R9270<\/span><\/span><\/p>\n<p><span style=\"vertical-align: inherit;\"><span style=\"vertical-align: inherit;\">CAMBIO TRASERO : SHIMANO DURA-ACE DI2 R9270<\/span><\/span><\/p>\n<p><span style=\"vertical-align: inherit;\"><span style=\"vertical-align: inherit;\">BIELA : SHIMANO DURA-ACE R9270 (50&#215;34) &#8211; (52&#215;36) &#8211; (54&#215;40)<\/span><\/span><\/p>\n<p><span style=\"vertical-align: inherit;\"><span style=\"vertical-align: inherit;\">CASSETTE : SHIMANO DURA-ACE R9270 (11&#215;30) &#8211; (11&#215;34)<\/span><\/span><\/p>\n<p><span style=\"vertical-align: inherit;\"><span style=\"vertical-align: inherit;\">RUEDAS : <strong>SUPRA RA PRO DISC ( 1800 grs )<\/strong><\/span><\/span><\/p>\n<p><span style=\"vertical-align: inherit;\"><span style=\"vertical-align: inherit;\">CUBIERTAS : VITTORIA RUBINO PRO 700&#215;28<\/span><\/span><\/p>\n<p><em>FOTO NO CONTRACTUAL<\/em><\/p>\n<p><strong>DISPONIBLE FULL OPCION\u00a0 con rueda y manillar CARBONO :\u00a0<\/strong><\/p>","protected":false},"excerpt":{"rendered":"<p>La nueva bicicleta SENSA GIULIA SUPREMO 2026 es la bicicleta para vencerlos a todos! Nuestro sue\u00f1o era crear una bicicleta que fuera m\u00e1s r\u00e1pida, m\u00e1s ligera y m\u00e1s c\u00f3moda que la Giulia Evo Integrale. Utilizando la \u00faltima tecnolog\u00eda CFD (software para realizar una prueba virtual en el t\u00fanel de viento), encontramos mejoras en el Giulia [&hellip;]<\/p>\n","protected":false},"featured_media":20383,"comment_status":"closed","ping_status":"closed","template":"","meta":[],"product_brand":[],"product_cat":[126,17,16],"product_tag":[],"class_list":{"0":"post-20393","1":"product","2":"type-product","3":"status-publish","4":"has-post-thumbnail","6":"product_cat-bicicleta-de-carbono","7":"product_cat-bicicletas-completas-de-carretera","8":"product_cat-carretera-gravel-bicicletas","9":"product_shipping_class-bicicletas","11":"first","12":"instock","13":"sale","14":"shipping-taxable","15":"purchasable","16":"product-type-variable"},"yoast_head":"<!-- This site is optimized with the Yoast SEO plugin v27.6 - https:\/\/yoast.com\/product\/yoast-seo-wordpress\/ -->\n<title>SENSA GIULIA SUPREMO SHIMANO DURA-ACE DI2 | VELOAXE<\/title>\n<meta name=\"description\" content=\"SENSA GIULIA SUPREMO 2026 SHIMANO DURA-ACE DI2 - Encuentra las bicicletas de carretera SENSA GIULIA SUPREMO con grupo shimano dura-ace DI2 12v desde 4899 \u20ac\" \/>\n<meta name=\"robots\" content=\"index, follow, max-snippet:-1, max-image-preview:large, max-video-preview:-1\" \/>\n<link rel=\"canonical\" href=\"https:\/\/veloaxe.com\/fr\/produit\/sensa-giulia-supremo-2026-shimano-dura-ace-di2-12v-rojo-burdeos\/\" \/>\n<meta property=\"og:locale\" content=\"fr_FR\" \/>\n<meta property=\"og:type\" content=\"article\" \/>\n<meta property=\"og:title\" content=\"SENSA GIULIA SUPREMO SHIMANO DURA-ACE DI2 | VELOAXE\" \/>\n<meta property=\"og:description\" content=\"SENSA GIULIA SUPREMO 2026 SHIMANO DURA-ACE DI2 - Encuentra las bicicletas de carretera SENSA GIULIA SUPREMO con grupo shimano dura-ace DI2 12v desde 4899 \u20ac\" \/>\n<meta property=\"og:url\" content=\"https:\/\/veloaxe.com\/fr\/produit\/sensa-giulia-supremo-2026-shimano-dura-ace-di2-12v-rojo-burdeos\/\" \/>\n<meta property=\"og:site_name\" content=\"Tienda de bicicletas | VELOAXE\" \/>\n<meta property=\"article:publisher\" content=\"https:\/\/www.facebook.com\/veloaxe\" \/>\n<meta property=\"article:modified_time\" content=\"2025-08-24T17:49:23+00:00\" \/>\n<meta property=\"og:image\" content=\"https:\/\/veloaxe.com\/wp-content\/uploads\/2025\/08\/Sensa-Giulia-Supremo-Rojo-Burdeos-2026-scaled.jpg\" \/>\n\t<meta property=\"og:image:width\" content=\"2560\" \/>\n\t<meta property=\"og:image:height\" content=\"1669\" \/>\n\t<meta property=\"og:image:type\" content=\"image\/jpeg\" \/>\n<meta name=\"twitter:card\" content=\"summary_large_image\" \/>\n<meta name=\"twitter:label1\" content=\"Dur\u00e9e de lecture estim\u00e9e\" \/>\n\t<meta name=\"twitter:data1\" content=\"2 minutes\" \/>\n<script type=\"application\/ld+json\" class=\"yoast-schema-graph\">{\"@context\":\"https:\\\/\\\/schema.org\",\"@graph\":[{\"@type\":\"WebPage\",\"@id\":\"https:\\\/\\\/veloaxe.com\\\/producto\\\/sensa-giulia-supremo-2026-shimano-dura-ace-di2-12v-rojo-burdeos\\\/\",\"url\":\"https:\\\/\\\/veloaxe.com\\\/producto\\\/sensa-giulia-supremo-2026-shimano-dura-ace-di2-12v-rojo-burdeos\\\/\",\"name\":\"SENSA GIULIA SUPREMO SHIMANO DURA-ACE DI2 | VELOAXE\",\"isPartOf\":{\"@id\":\"https:\\\/\\\/veloaxe.com\\\/#website\"},\"primaryImageOfPage\":{\"@id\":\"https:\\\/\\\/veloaxe.com\\\/producto\\\/sensa-giulia-supremo-2026-shimano-dura-ace-di2-12v-rojo-burdeos\\\/#primaryimage\"},\"image\":{\"@id\":\"https:\\\/\\\/veloaxe.com\\\/producto\\\/sensa-giulia-supremo-2026-shimano-dura-ace-di2-12v-rojo-burdeos\\\/#primaryimage\"},\"thumbnailUrl\":\"https:\\\/\\\/veloaxe.com\\\/wp-content\\\/uploads\\\/2025\\\/08\\\/Sensa-Giulia-Supremo-Rojo-Burdeos-2026-scaled.jpg\",\"datePublished\":\"2025-08-24T17:44:10+00:00\",\"dateModified\":\"2025-08-24T17:49:23+00:00\",\"description\":\"SENSA GIULIA SUPREMO 2026 SHIMANO DURA-ACE DI2 - Encuentra las bicicletas de carretera SENSA GIULIA SUPREMO con grupo shimano dura-ace DI2 12v desde 4899 \u20ac\",\"breadcrumb\":{\"@id\":\"https:\\\/\\\/veloaxe.com\\\/producto\\\/sensa-giulia-supremo-2026-shimano-dura-ace-di2-12v-rojo-burdeos\\\/#breadcrumb\"},\"inLanguage\":\"fr-FR\",\"potentialAction\":[{\"@type\":\"ReadAction\",\"target\":[\"https:\\\/\\\/veloaxe.com\\\/producto\\\/sensa-giulia-supremo-2026-shimano-dura-ace-di2-12v-rojo-burdeos\\\/\"]}]},{\"@type\":\"ImageObject\",\"inLanguage\":\"fr-FR\",\"@id\":\"https:\\\/\\\/veloaxe.com\\\/producto\\\/sensa-giulia-supremo-2026-shimano-dura-ace-di2-12v-rojo-burdeos\\\/#primaryimage\",\"url\":\"https:\\\/\\\/veloaxe.com\\\/wp-content\\\/uploads\\\/2025\\\/08\\\/Sensa-Giulia-Supremo-Rojo-Burdeos-2026-scaled.jpg\",\"contentUrl\":\"https:\\\/\\\/veloaxe.com\\\/wp-content\\\/uploads\\\/2025\\\/08\\\/Sensa-Giulia-Supremo-Rojo-Burdeos-2026-scaled.jpg\",\"width\":2560,\"height\":1669,\"caption\":\"Sensa-Giulia-Supremo-Rojo-Burdeos-2026\"},{\"@type\":\"BreadcrumbList\",\"@id\":\"https:\\\/\\\/veloaxe.com\\\/producto\\\/sensa-giulia-supremo-2026-shimano-dura-ace-di2-12v-rojo-burdeos\\\/#breadcrumb\",\"itemListElement\":[{\"@type\":\"ListItem\",\"position\":1,\"name\":\"Portada\",\"item\":\"https:\\\/\\\/veloaxe.com\\\/\"},{\"@type\":\"ListItem\",\"position\":2,\"name\":\"Shop\",\"item\":\"https:\\\/\\\/paleturquoise-herring-271034.hostingersite.com\\\/shop\\\/\"},{\"@type\":\"ListItem\",\"position\":3,\"name\":\"SENSA GIULIA SUPREMO 2026 &#8211; SHIMANO DURA ACE DI2 12v &#8211; Rojo Burdeos\"}]},{\"@type\":\"WebSite\",\"@id\":\"https:\\\/\\\/veloaxe.com\\\/#website\",\"url\":\"https:\\\/\\\/veloaxe.com\\\/\",\"name\":\"Tienda de bicicletas | VELOAXE\",\"description\":\"Descubre una amplia selecci\u00f3n de bicicletas de alta calidad, desde modelos urbanos y de monta\u00f1a hasta bicicletas de carretera de \u00faltima generaci\u00f3n. Con un servicio experto y accesorios especializados, estamos comprometidos a brindarte la mejor experiencia ciclista.\",\"publisher\":{\"@id\":\"https:\\\/\\\/veloaxe.com\\\/#organization\"},\"potentialAction\":[{\"@type\":\"SearchAction\",\"target\":{\"@type\":\"EntryPoint\",\"urlTemplate\":\"https:\\\/\\\/veloaxe.com\\\/?s={search_term_string}\"},\"query-input\":{\"@type\":\"PropertyValueSpecification\",\"valueRequired\":true,\"valueName\":\"search_term_string\"}}],\"inLanguage\":\"fr-FR\"},{\"@type\":\"Organization\",\"@id\":\"https:\\\/\\\/veloaxe.com\\\/#organization\",\"name\":\"Tienda de bicicletas | VELOAXE\",\"url\":\"https:\\\/\\\/veloaxe.com\\\/\",\"logo\":{\"@type\":\"ImageObject\",\"inLanguage\":\"fr-FR\",\"@id\":\"https:\\\/\\\/veloaxe.com\\\/#\\\/schema\\\/logo\\\/image\\\/\",\"url\":\"https:\\\/\\\/veloaxe.com\\\/wp-content\\\/uploads\\\/2026\\\/01\\\/cropped-logo-1.jpg\",\"contentUrl\":\"https:\\\/\\\/veloaxe.com\\\/wp-content\\\/uploads\\\/2026\\\/01\\\/cropped-logo-1.jpg\",\"width\":1273,\"height\":363,\"caption\":\"Tienda de bicicletas | VELOAXE\"},\"image\":{\"@id\":\"https:\\\/\\\/veloaxe.com\\\/#\\\/schema\\\/logo\\\/image\\\/\"},\"sameAs\":[\"https:\\\/\\\/www.facebook.com\\\/veloaxe\"]}]}<\/script>\n<!-- \/ Yoast SEO plugin. -->","yoast_head_json":{"title":"SENSA GIULIA SUPREMO SHIMANO DURA-ACE DI2 | VELOAXE","description":"SENSA GIULIA SUPREMO 2026 SHIMANO DURA-ACE DI2 - Encuentra las bicicletas de carretera SENSA GIULIA SUPREMO con grupo shimano dura-ace DI2 12v desde 4899 \u20ac","robots":{"index":"index","follow":"follow","max-snippet":"max-snippet:-1","max-image-preview":"max-image-preview:large","max-video-preview":"max-video-preview:-1"},"canonical":"https:\/\/veloaxe.com\/fr\/produit\/sensa-giulia-supremo-2026-shimano-dura-ace-di2-12v-rojo-burdeos\/","og_locale":"fr_FR","og_type":"article","og_title":"SENSA GIULIA SUPREMO SHIMANO DURA-ACE DI2 | VELOAXE","og_description":"SENSA GIULIA SUPREMO 2026 SHIMANO DURA-ACE DI2 - Encuentra las bicicletas de carretera SENSA GIULIA SUPREMO con grupo shimano dura-ace DI2 12v desde 4899 \u20ac","og_url":"https:\/\/veloaxe.com\/fr\/produit\/sensa-giulia-supremo-2026-shimano-dura-ace-di2-12v-rojo-burdeos\/","og_site_name":"Tienda de bicicletas | VELOAXE","article_publisher":"https:\/\/www.facebook.com\/veloaxe","article_modified_time":"2025-08-24T17:49:23+00:00","og_image":[{"width":2560,"height":1669,"url":"https:\/\/veloaxe.com\/wp-content\/uploads\/2025\/08\/Sensa-Giulia-Supremo-Rojo-Burdeos-2026-scaled.jpg","type":"image\/jpeg"}],"twitter_card":"summary_large_image","twitter_misc":{"Dur\u00e9e de lecture estim\u00e9e":"2 minutes"},"schema":{"@context":"https:\/\/schema.org","@graph":[{"@type":"WebPage","@id":"https:\/\/veloaxe.com\/producto\/sensa-giulia-supremo-2026-shimano-dura-ace-di2-12v-rojo-burdeos\/","url":"https:\/\/veloaxe.com\/producto\/sensa-giulia-supremo-2026-shimano-dura-ace-di2-12v-rojo-burdeos\/","name":"SENSA GIULIA SUPREMO SHIMANO DURA-ACE DI2 | VELOAXE","isPartOf":{"@id":"https:\/\/veloaxe.com\/#website"},"primaryImageOfPage":{"@id":"https:\/\/veloaxe.com\/producto\/sensa-giulia-supremo-2026-shimano-dura-ace-di2-12v-rojo-burdeos\/#primaryimage"},"image":{"@id":"https:\/\/veloaxe.com\/producto\/sensa-giulia-supremo-2026-shimano-dura-ace-di2-12v-rojo-burdeos\/#primaryimage"},"thumbnailUrl":"https:\/\/veloaxe.com\/wp-content\/uploads\/2025\/08\/Sensa-Giulia-Supremo-Rojo-Burdeos-2026-scaled.jpg","datePublished":"2025-08-24T17:44:10+00:00","dateModified":"2025-08-24T17:49:23+00:00","description":"SENSA GIULIA SUPREMO 2026 SHIMANO DURA-ACE DI2 - Encuentra las bicicletas de carretera SENSA GIULIA SUPREMO con grupo shimano dura-ace DI2 12v desde 4899 \u20ac","breadcrumb":{"@id":"https:\/\/veloaxe.com\/producto\/sensa-giulia-supremo-2026-shimano-dura-ace-di2-12v-rojo-burdeos\/#breadcrumb"},"inLanguage":"fr-FR","potentialAction":[{"@type":"ReadAction","target":["https:\/\/veloaxe.com\/producto\/sensa-giulia-supremo-2026-shimano-dura-ace-di2-12v-rojo-burdeos\/"]}]},{"@type":"ImageObject","inLanguage":"fr-FR","@id":"https:\/\/veloaxe.com\/producto\/sensa-giulia-supremo-2026-shimano-dura-ace-di2-12v-rojo-burdeos\/#primaryimage","url":"https:\/\/veloaxe.com\/wp-content\/uploads\/2025\/08\/Sensa-Giulia-Supremo-Rojo-Burdeos-2026-scaled.jpg","contentUrl":"https:\/\/veloaxe.com\/wp-content\/uploads\/2025\/08\/Sensa-Giulia-Supremo-Rojo-Burdeos-2026-scaled.jpg","width":2560,"height":1669,"caption":"Sensa-Giulia-Supremo-Rojo-Burdeos-2026"},{"@type":"BreadcrumbList","@id":"https:\/\/veloaxe.com\/producto\/sensa-giulia-supremo-2026-shimano-dura-ace-di2-12v-rojo-burdeos\/#breadcrumb","itemListElement":[{"@type":"ListItem","position":1,"name":"Portada","item":"https:\/\/veloaxe.com\/"},{"@type":"ListItem","position":2,"name":"Shop","item":"https:\/\/paleturquoise-herring-271034.hostingersite.com\/shop\/"},{"@type":"ListItem","position":3,"name":"SENSA GIULIA SUPREMO 2026 &#8211; SHIMANO DURA ACE DI2 12v &#8211; Rojo Burdeos"}]},{"@type":"WebSite","@id":"https:\/\/veloaxe.com\/#website","url":"https:\/\/veloaxe.com\/","name":"Boutique de v\u00e9lo en ligne | VELOAXE","description":"Descubre una amplia selecci\u00f3n de bicicletas de alta calidad, desde modelos urbanos y de monta\u00f1a hasta bicicletas de carretera de \u00faltima generaci\u00f3n. Con un servicio experto y accesorios especializados, estamos comprometidos a brindarte la mejor experiencia ciclista.","publisher":{"@id":"https:\/\/veloaxe.com\/#organization"},"potentialAction":[{"@type":"SearchAction","target":{"@type":"EntryPoint","urlTemplate":"https:\/\/veloaxe.com\/?s={search_term_string}"},"query-input":{"@type":"PropertyValueSpecification","valueRequired":true,"valueName":"search_term_string"}}],"inLanguage":"fr-FR"},{"@type":"Organization","@id":"https:\/\/veloaxe.com\/#organization","name":"Boutique de v\u00e9lo en ligne | VELOAXE","url":"https:\/\/veloaxe.com\/","logo":{"@type":"ImageObject","inLanguage":"fr-FR","@id":"https:\/\/veloaxe.com\/#\/schema\/logo\/image\/","url":"https:\/\/veloaxe.com\/wp-content\/uploads\/2026\/01\/cropped-logo-1.jpg","contentUrl":"https:\/\/veloaxe.com\/wp-content\/uploads\/2026\/01\/cropped-logo-1.jpg","width":1273,"height":363,"caption":"Tienda de bicicletas | VELOAXE"},"image":{"@id":"https:\/\/veloaxe.com\/#\/schema\/logo\/image\/"},"sameAs":["https:\/\/www.facebook.com\/veloaxe"]}]}},"_links":{"self":[{"href":"https:\/\/veloaxe.com\/fr\/wp-json\/wp\/v2\/product\/20393","targetHints":{"allow":["GET"]}}],"collection":[{"href":"https:\/\/veloaxe.com\/fr\/wp-json\/wp\/v2\/product"}],"about":[{"href":"https:\/\/veloaxe.com\/fr\/wp-json\/wp\/v2\/types\/product"}],"replies":[{"embeddable":true,"href":"https:\/\/veloaxe.com\/fr\/wp-json\/wp\/v2\/comments?post=20393"}],"wp:featuredmedia":[{"embeddable":true,"href":"https:\/\/veloaxe.com\/fr\/wp-json\/wp\/v2\/media\/20383"}],"wp:attachment":[{"href":"https:\/\/veloaxe.com\/fr\/wp-json\/wp\/v2\/media?parent=20393"}],"wp:term":[{"taxonomy":"product_brand","embeddable":true,"href":"https:\/\/veloaxe.com\/fr\/wp-json\/wp\/v2\/product_brand?post=20393"},{"taxonomy":"product_cat","embeddable":true,"href":"https:\/\/veloaxe.com\/fr\/wp-json\/wp\/v2\/product_cat?post=20393"},{"taxonomy":"product_tag","embeddable":true,"href":"https:\/\/veloaxe.com\/fr\/wp-json\/wp\/v2\/product_tag?post=20393"}],"curies":[{"name":"wp","href":"https:\/\/api.w.org\/{rel}","templated":true}]}}