{"id":20502,"date":"2025-09-03T09:04:58","date_gmt":"2025-09-03T09:04:58","guid":{"rendered":"https:\/\/veloaxe.com\/?post_type=product&#038;p=20502"},"modified":"2025-09-03T09:27:18","modified_gmt":"2025-09-03T09:27:18","slug":"sensa-giulia-supremo-2026-edition-special-blanco","status":"publish","type":"product","link":"https:\/\/veloaxe.com\/fr\/producto\/sensa-giulia-supremo-2026-edition-special-blanco\/","title":{"rendered":"SENSA GIULIA SUPREMO 2026 &#8211; Edition Special &#8211; Blanco"},"content":{"rendered":"<p>La nueva <strong>BICICLETA SENSA GIULIA SUPREMO 2026<\/strong>\u00a0es la bicicleta para vencerlos a todos! Nuestro sue\u00f1o era crear una bicicleta que fuera m\u00e1s r\u00e1pida, m\u00e1s ligera y m\u00e1s c\u00f3moda que la Giulia Evo Integrale. Utilizando la \u00faltima tecnolog\u00eda <strong>CFD<\/strong> (software para realizar una prueba virtual en el t\u00fanel de viento), encontramos mejoras en el Giulia Evo Integrale y optimizamos cada secci\u00f3n del tubo.<\/p>\n<p>Se han aplicado las lecciones aprendidas de la Giulia GF para hacer la bicicleta m\u00e1s ligera y c\u00f3moda. En comparaci\u00f3n con nuestro Giulia Evo Integrale, logramos una reducci\u00f3n de resistencia del 9,1%. D\u00e1ndole el beneficio de un ahorro de potencia del 1,5%. La comodidad se ha mejorado en un 30% y el peso se ha reducido en 278 gramos en el cuadro.<\/p>\n<p>Para crear la bicicleta definitiva, tambi\u00e9n desarrollamos el nuevo manillar Combo Aero y el nuevo juego de ruedas <strong>Supra RFC Premium Speed<\/strong> \u200b\u200bcon una llanta de 62 mm de profundidad. Todos los n\u00fameros y nuevos desarrollos son geniales, pero las pruebas que hicimos nos confirmaron que hemos creado una bicicleta a un nivel completamente nuevo.<\/p>\n<p>En resumen, la nueva <strong>SENSA GIULIA SUPREMO 2026 <\/strong>es m\u00e1s ligera, m\u00e1s r\u00e1pida y m\u00e1s precisa para un pedaleo m\u00e1s eficiente. \u00bfQuieres la mejor bicicleta del momento? <em><strong>AQU\u00cd LO TIENES<\/strong><\/em> !<\/p>\n<p>CUADRO : GENERATION 5 FULL CARBONE &#8211; ESP MOULDING &#8211; CFD OPTIMIZED (1025grs)<\/p>\n<p>HORQUILLA : SUPRA FULL CARBON MONOCOQUE &#8211; AIRFLOW 2 (335grs)<\/p>\n<p>TIJA DE SILLIN : SUPRA RACE LINE CARBONE EVO<\/p>\n<p>SILLIN : SAN MARCO SHORT FIT<\/p>\n<p>MANILLAR : <strong>SUPRA COMBO AERO INTEGRED ( 330 grs )\u00a0<\/strong><\/p>\n<p>POTENCIA : <strong>SUPRA COMBO AERO INTEGRED<\/strong><\/p>\n<p>MANETAS : SHIMANO ULTEGRA DI2 DISC R8170<\/p>\n<p>FRENOS : SHIMANO ULTEGRA HIDRAULICO<\/p>\n<p>DESVIADOR DELANTERO : SHIMANO ULTEGRA DI2 R8170<\/p>\n<p>CAMBIO TRASERO : SHIMANO ULTEGRA DI2 R8170<\/p>\n<p>BIELA : SHIMANO ULTEGRA R8170 CON POWERMETRE<\/p>\n<p>CASSETTE : SHIMANO ULTEGRA R8170<\/p>\n<p>RUEDAS : <strong>SUPRA RFC PRENIUM 50mm<\/strong><\/p>\n<p>CUBIERTAS : CONTINENTAL GP 5000 700&#215;28<\/p>\n<p><em>FOTO NO CONTRACTUAL<\/em><\/p>","protected":false},"excerpt":{"rendered":"<p>La nueva BICICLETA SENSA GIULIA SUPREMO 2026\u00a0es la bicicleta para vencerlos a todos! Nuestro sue\u00f1o era crear una bicicleta que fuera m\u00e1s r\u00e1pida, m\u00e1s ligera y m\u00e1s c\u00f3moda que la Giulia Evo Integrale. Utilizando la \u00faltima tecnolog\u00eda CFD (software para realizar una prueba virtual en el t\u00fanel de viento), encontramos mejoras en el Giulia Evo [&hellip;]<\/p>\n","protected":false},"featured_media":20508,"comment_status":"closed","ping_status":"closed","template":"","meta":[],"product_brand":[],"product_cat":[126,17,16],"product_tag":[],"class_list":{"0":"post-20502","1":"product","2":"type-product","3":"status-publish","4":"has-post-thumbnail","6":"product_cat-bicicleta-de-carbono","7":"product_cat-bicicletas-completas-de-carretera","8":"product_cat-carretera-gravel-bicicletas","9":"product_shipping_class-bicicletas","11":"first","12":"instock","13":"sale","14":"shipping-taxable","15":"purchasable","16":"product-type-variable"},"yoast_head":"<!-- This site is optimized with the Yoast SEO plugin v27.6 - https:\/\/yoast.com\/product\/yoast-seo-wordpress\/ -->\n<title>SENSA GIULIA SUPREMO EDITION SPECIAL | VELOAXE<\/title>\n<meta name=\"description\" content=\"SENSA GIULIA SUPREMO 2026 EDITION SPECIAL - Encuentra las bicicletas de carretera SENSA GIULIA SUPREMO con grupo shimano ultegra DI2 12v desde 4799\u20ac\" \/>\n<meta name=\"robots\" content=\"index, follow, max-snippet:-1, max-image-preview:large, max-video-preview:-1\" \/>\n<link rel=\"canonical\" href=\"https:\/\/veloaxe.com\/fr\/produit\/sensa-giulia-supremo-2026-edition-special-blanco\/\" \/>\n<meta property=\"og:locale\" content=\"fr_FR\" \/>\n<meta property=\"og:type\" content=\"article\" \/>\n<meta property=\"og:title\" content=\"SENSA GIULIA SUPREMO EDITION SPECIAL | VELOAXE\" \/>\n<meta property=\"og:description\" content=\"SENSA GIULIA SUPREMO 2026 EDITION SPECIAL - Encuentra las bicicletas de carretera SENSA GIULIA SUPREMO con grupo shimano ultegra DI2 12v desde 4799\u20ac\" \/>\n<meta property=\"og:url\" content=\"https:\/\/veloaxe.com\/fr\/produit\/sensa-giulia-supremo-2026-edition-special-blanco\/\" \/>\n<meta property=\"og:site_name\" content=\"Tienda de bicicletas | VELOAXE\" \/>\n<meta property=\"article:publisher\" content=\"https:\/\/www.facebook.com\/veloaxe\" \/>\n<meta property=\"article:modified_time\" content=\"2025-09-03T09:27:18+00:00\" \/>\n<meta property=\"og:image\" content=\"https:\/\/veloaxe.com\/wp-content\/uploads\/2025\/09\/Sensa-Giulia-Supremo-Edition-Special-Blanco-scaled.jpg\" \/>\n\t<meta property=\"og:image:width\" content=\"2560\" \/>\n\t<meta property=\"og:image:height\" content=\"1669\" \/>\n\t<meta property=\"og:image:type\" content=\"image\/jpeg\" \/>\n<meta name=\"twitter:card\" content=\"summary_large_image\" \/>\n<meta name=\"twitter:label1\" content=\"Dur\u00e9e de lecture estim\u00e9e\" \/>\n\t<meta name=\"twitter:data1\" content=\"2 minutes\" \/>\n<script type=\"application\/ld+json\" class=\"yoast-schema-graph\">{\"@context\":\"https:\\\/\\\/schema.org\",\"@graph\":[{\"@type\":\"WebPage\",\"@id\":\"https:\\\/\\\/veloaxe.com\\\/producto\\\/sensa-giulia-supremo-2026-edition-special-blanco\\\/\",\"url\":\"https:\\\/\\\/veloaxe.com\\\/producto\\\/sensa-giulia-supremo-2026-edition-special-blanco\\\/\",\"name\":\"SENSA GIULIA SUPREMO EDITION SPECIAL | VELOAXE\",\"isPartOf\":{\"@id\":\"https:\\\/\\\/veloaxe.com\\\/#website\"},\"primaryImageOfPage\":{\"@id\":\"https:\\\/\\\/veloaxe.com\\\/producto\\\/sensa-giulia-supremo-2026-edition-special-blanco\\\/#primaryimage\"},\"image\":{\"@id\":\"https:\\\/\\\/veloaxe.com\\\/producto\\\/sensa-giulia-supremo-2026-edition-special-blanco\\\/#primaryimage\"},\"thumbnailUrl\":\"https:\\\/\\\/veloaxe.com\\\/wp-content\\\/uploads\\\/2025\\\/09\\\/Sensa-Giulia-Supremo-Edition-Special-Blanco-scaled.jpg\",\"datePublished\":\"2025-09-03T09:04:58+00:00\",\"dateModified\":\"2025-09-03T09:27:18+00:00\",\"description\":\"SENSA GIULIA SUPREMO 2026 EDITION SPECIAL - Encuentra las bicicletas de carretera SENSA GIULIA SUPREMO con grupo shimano ultegra DI2 12v desde 4799\u20ac\",\"breadcrumb\":{\"@id\":\"https:\\\/\\\/veloaxe.com\\\/producto\\\/sensa-giulia-supremo-2026-edition-special-blanco\\\/#breadcrumb\"},\"inLanguage\":\"fr-FR\",\"potentialAction\":[{\"@type\":\"ReadAction\",\"target\":[\"https:\\\/\\\/veloaxe.com\\\/producto\\\/sensa-giulia-supremo-2026-edition-special-blanco\\\/\"]}]},{\"@type\":\"ImageObject\",\"inLanguage\":\"fr-FR\",\"@id\":\"https:\\\/\\\/veloaxe.com\\\/producto\\\/sensa-giulia-supremo-2026-edition-special-blanco\\\/#primaryimage\",\"url\":\"https:\\\/\\\/veloaxe.com\\\/wp-content\\\/uploads\\\/2025\\\/09\\\/Sensa-Giulia-Supremo-Edition-Special-Blanco-scaled.jpg\",\"contentUrl\":\"https:\\\/\\\/veloaxe.com\\\/wp-content\\\/uploads\\\/2025\\\/09\\\/Sensa-Giulia-Supremo-Edition-Special-Blanco-scaled.jpg\",\"width\":2560,\"height\":1669,\"caption\":\"Sensa-Giulia-Supremo-Edition-Special-Blanco\"},{\"@type\":\"BreadcrumbList\",\"@id\":\"https:\\\/\\\/veloaxe.com\\\/producto\\\/sensa-giulia-supremo-2026-edition-special-blanco\\\/#breadcrumb\",\"itemListElement\":[{\"@type\":\"ListItem\",\"position\":1,\"name\":\"Portada\",\"item\":\"https:\\\/\\\/veloaxe.com\\\/\"},{\"@type\":\"ListItem\",\"position\":2,\"name\":\"Shop\",\"item\":\"https:\\\/\\\/paleturquoise-herring-271034.hostingersite.com\\\/shop\\\/\"},{\"@type\":\"ListItem\",\"position\":3,\"name\":\"SENSA GIULIA SUPREMO 2026 &#8211; Edition Special &#8211; Blanco\"}]},{\"@type\":\"WebSite\",\"@id\":\"https:\\\/\\\/veloaxe.com\\\/#website\",\"url\":\"https:\\\/\\\/veloaxe.com\\\/\",\"name\":\"Tienda de bicicletas | VELOAXE\",\"description\":\"Descubre una amplia selecci\u00f3n de bicicletas de alta calidad, desde modelos urbanos y de monta\u00f1a hasta bicicletas de carretera de \u00faltima generaci\u00f3n. Con un servicio experto y accesorios especializados, estamos comprometidos a brindarte la mejor experiencia ciclista.\",\"publisher\":{\"@id\":\"https:\\\/\\\/veloaxe.com\\\/#organization\"},\"potentialAction\":[{\"@type\":\"SearchAction\",\"target\":{\"@type\":\"EntryPoint\",\"urlTemplate\":\"https:\\\/\\\/veloaxe.com\\\/?s={search_term_string}\"},\"query-input\":{\"@type\":\"PropertyValueSpecification\",\"valueRequired\":true,\"valueName\":\"search_term_string\"}}],\"inLanguage\":\"fr-FR\"},{\"@type\":\"Organization\",\"@id\":\"https:\\\/\\\/veloaxe.com\\\/#organization\",\"name\":\"Tienda de bicicletas | VELOAXE\",\"url\":\"https:\\\/\\\/veloaxe.com\\\/\",\"logo\":{\"@type\":\"ImageObject\",\"inLanguage\":\"fr-FR\",\"@id\":\"https:\\\/\\\/veloaxe.com\\\/#\\\/schema\\\/logo\\\/image\\\/\",\"url\":\"https:\\\/\\\/veloaxe.com\\\/wp-content\\\/uploads\\\/2026\\\/01\\\/cropped-logo-1.jpg\",\"contentUrl\":\"https:\\\/\\\/veloaxe.com\\\/wp-content\\\/uploads\\\/2026\\\/01\\\/cropped-logo-1.jpg\",\"width\":1273,\"height\":363,\"caption\":\"Tienda de bicicletas | VELOAXE\"},\"image\":{\"@id\":\"https:\\\/\\\/veloaxe.com\\\/#\\\/schema\\\/logo\\\/image\\\/\"},\"sameAs\":[\"https:\\\/\\\/www.facebook.com\\\/veloaxe\"]}]}<\/script>\n<!-- \/ Yoast SEO plugin. -->","yoast_head_json":{"title":"SENSA GIULIA SUPREMO EDITION SPECIAL | VELOAXE","description":"SENSA GIULIA SUPREMO 2026 EDITION SPECIAL - Encuentra las bicicletas de carretera SENSA GIULIA SUPREMO con grupo shimano ultegra DI2 12v desde 4799\u20ac","robots":{"index":"index","follow":"follow","max-snippet":"max-snippet:-1","max-image-preview":"max-image-preview:large","max-video-preview":"max-video-preview:-1"},"canonical":"https:\/\/veloaxe.com\/fr\/produit\/sensa-giulia-supremo-2026-edition-special-blanco\/","og_locale":"fr_FR","og_type":"article","og_title":"SENSA GIULIA SUPREMO EDITION SPECIAL | VELOAXE","og_description":"SENSA GIULIA SUPREMO 2026 EDITION SPECIAL - Encuentra las bicicletas de carretera SENSA GIULIA SUPREMO con grupo shimano ultegra DI2 12v desde 4799\u20ac","og_url":"https:\/\/veloaxe.com\/fr\/produit\/sensa-giulia-supremo-2026-edition-special-blanco\/","og_site_name":"Tienda de bicicletas | VELOAXE","article_publisher":"https:\/\/www.facebook.com\/veloaxe","article_modified_time":"2025-09-03T09:27:18+00:00","og_image":[{"width":2560,"height":1669,"url":"https:\/\/veloaxe.com\/wp-content\/uploads\/2025\/09\/Sensa-Giulia-Supremo-Edition-Special-Blanco-scaled.jpg","type":"image\/jpeg"}],"twitter_card":"summary_large_image","twitter_misc":{"Dur\u00e9e de lecture estim\u00e9e":"2 minutes"},"schema":{"@context":"https:\/\/schema.org","@graph":[{"@type":"WebPage","@id":"https:\/\/veloaxe.com\/producto\/sensa-giulia-supremo-2026-edition-special-blanco\/","url":"https:\/\/veloaxe.com\/producto\/sensa-giulia-supremo-2026-edition-special-blanco\/","name":"SENSA GIULIA SUPREMO EDITION SPECIAL | VELOAXE","isPartOf":{"@id":"https:\/\/veloaxe.com\/#website"},"primaryImageOfPage":{"@id":"https:\/\/veloaxe.com\/producto\/sensa-giulia-supremo-2026-edition-special-blanco\/#primaryimage"},"image":{"@id":"https:\/\/veloaxe.com\/producto\/sensa-giulia-supremo-2026-edition-special-blanco\/#primaryimage"},"thumbnailUrl":"https:\/\/veloaxe.com\/wp-content\/uploads\/2025\/09\/Sensa-Giulia-Supremo-Edition-Special-Blanco-scaled.jpg","datePublished":"2025-09-03T09:04:58+00:00","dateModified":"2025-09-03T09:27:18+00:00","description":"SENSA GIULIA SUPREMO 2026 EDITION SPECIAL - Encuentra las bicicletas de carretera SENSA GIULIA SUPREMO con grupo shimano ultegra DI2 12v desde 4799\u20ac","breadcrumb":{"@id":"https:\/\/veloaxe.com\/producto\/sensa-giulia-supremo-2026-edition-special-blanco\/#breadcrumb"},"inLanguage":"fr-FR","potentialAction":[{"@type":"ReadAction","target":["https:\/\/veloaxe.com\/producto\/sensa-giulia-supremo-2026-edition-special-blanco\/"]}]},{"@type":"ImageObject","inLanguage":"fr-FR","@id":"https:\/\/veloaxe.com\/producto\/sensa-giulia-supremo-2026-edition-special-blanco\/#primaryimage","url":"https:\/\/veloaxe.com\/wp-content\/uploads\/2025\/09\/Sensa-Giulia-Supremo-Edition-Special-Blanco-scaled.jpg","contentUrl":"https:\/\/veloaxe.com\/wp-content\/uploads\/2025\/09\/Sensa-Giulia-Supremo-Edition-Special-Blanco-scaled.jpg","width":2560,"height":1669,"caption":"Sensa-Giulia-Supremo-Edition-Special-Blanco"},{"@type":"BreadcrumbList","@id":"https:\/\/veloaxe.com\/producto\/sensa-giulia-supremo-2026-edition-special-blanco\/#breadcrumb","itemListElement":[{"@type":"ListItem","position":1,"name":"Portada","item":"https:\/\/veloaxe.com\/"},{"@type":"ListItem","position":2,"name":"Shop","item":"https:\/\/paleturquoise-herring-271034.hostingersite.com\/shop\/"},{"@type":"ListItem","position":3,"name":"SENSA GIULIA SUPREMO 2026 &#8211; Edition Special &#8211; Blanco"}]},{"@type":"WebSite","@id":"https:\/\/veloaxe.com\/#website","url":"https:\/\/veloaxe.com\/","name":"Boutique de v\u00e9lo en ligne | VELOAXE","description":"Descubre una amplia selecci\u00f3n de bicicletas de alta calidad, desde modelos urbanos y de monta\u00f1a hasta bicicletas de carretera de \u00faltima generaci\u00f3n. Con un servicio experto y accesorios especializados, estamos comprometidos a brindarte la mejor experiencia ciclista.","publisher":{"@id":"https:\/\/veloaxe.com\/#organization"},"potentialAction":[{"@type":"SearchAction","target":{"@type":"EntryPoint","urlTemplate":"https:\/\/veloaxe.com\/?s={search_term_string}"},"query-input":{"@type":"PropertyValueSpecification","valueRequired":true,"valueName":"search_term_string"}}],"inLanguage":"fr-FR"},{"@type":"Organization","@id":"https:\/\/veloaxe.com\/#organization","name":"Boutique de v\u00e9lo en ligne | VELOAXE","url":"https:\/\/veloaxe.com\/","logo":{"@type":"ImageObject","inLanguage":"fr-FR","@id":"https:\/\/veloaxe.com\/#\/schema\/logo\/image\/","url":"https:\/\/veloaxe.com\/wp-content\/uploads\/2026\/01\/cropped-logo-1.jpg","contentUrl":"https:\/\/veloaxe.com\/wp-content\/uploads\/2026\/01\/cropped-logo-1.jpg","width":1273,"height":363,"caption":"Tienda de bicicletas | VELOAXE"},"image":{"@id":"https:\/\/veloaxe.com\/#\/schema\/logo\/image\/"},"sameAs":["https:\/\/www.facebook.com\/veloaxe"]}]}},"_links":{"self":[{"href":"https:\/\/veloaxe.com\/fr\/wp-json\/wp\/v2\/product\/20502","targetHints":{"allow":["GET"]}}],"collection":[{"href":"https:\/\/veloaxe.com\/fr\/wp-json\/wp\/v2\/product"}],"about":[{"href":"https:\/\/veloaxe.com\/fr\/wp-json\/wp\/v2\/types\/product"}],"replies":[{"embeddable":true,"href":"https:\/\/veloaxe.com\/fr\/wp-json\/wp\/v2\/comments?post=20502"}],"wp:featuredmedia":[{"embeddable":true,"href":"https:\/\/veloaxe.com\/fr\/wp-json\/wp\/v2\/media\/20508"}],"wp:attachment":[{"href":"https:\/\/veloaxe.com\/fr\/wp-json\/wp\/v2\/media?parent=20502"}],"wp:term":[{"taxonomy":"product_brand","embeddable":true,"href":"https:\/\/veloaxe.com\/fr\/wp-json\/wp\/v2\/product_brand?post=20502"},{"taxonomy":"product_cat","embeddable":true,"href":"https:\/\/veloaxe.com\/fr\/wp-json\/wp\/v2\/product_cat?post=20502"},{"taxonomy":"product_tag","embeddable":true,"href":"https:\/\/veloaxe.com\/fr\/wp-json\/wp\/v2\/product_tag?post=20502"}],"curies":[{"name":"wp","href":"https:\/\/api.w.org\/{rel}","templated":true}]}}