{"id":20616,"date":"2025-09-10T09:18:13","date_gmt":"2025-09-10T09:18:13","guid":{"rendered":"https:\/\/veloaxe.com\/?post_type=product&#038;p=20616"},"modified":"2025-09-10T09:29:44","modified_gmt":"2025-09-10T09:29:44","slug":"sensa-romagna-rs-tour-lady-2026-azul","status":"publish","type":"product","link":"https:\/\/veloaxe.com\/fr\/produit\/sensa-romagna-rs-tour-lady-2026-azul\/","title":{"rendered":"SENSA ROMAGNA RS TOUR LADY 2026 &#8211; Azul"},"content":{"rendered":"<p>La bicicleta de carretera especial mujer<strong>\u00a0SENSA ROMAGNA RS 2026<\/strong>\u00a0incorpora muchas de las tecnolog\u00edas y caracter\u00edsticas de una bicicleta de competici\u00f3n de gama alta. Son adecuados para una conducci\u00f3n m\u00e1s relajada. Las bicicletas de carretera de la gama <strong>SENSA<\/strong> <strong>ROMAGNA<\/strong>\u00a0est\u00e1n preparadas para recorrer tanto distancias cortas como largas, las geometr\u00edas est\u00e1n pensadas para circular en una posici\u00f3n m\u00e1s c\u00f3moda, sin perder el lado agresivo. Fabricada en <strong>ALUMINIO HIDROFORMADO<\/strong> con su horquilla de <strong>CARBONO<\/strong>, esta bicicleta ofrece un buen manejo y una excelente rigidez, para obtener una bicicleta \u00e1gil y reactiva al pedalear. La bicicleta de carretera especial mujer <strong>SENSA ROMAGNA RS 2026<\/strong>\u00a0es ligera y eficiente, es ideal para salidas en bicicleta de carretera.<\/p>\n<p>CUADRO : LITE ALUMINIO 6061 &#8211; Hydroformed &#8211; Smooth &#8211; Flat mount &#8211; E-thru 12mm &#8211; Internal cable routing &#8211; Tapered 1.5<\/p>\n<p>HORQUILLA : SUPRA FULL CARBONO S2<\/p>\n<p>MANILLAR : SUPRA COMP LINE<\/p>\n<p>POTENCIA : SUPRA COMP LINE<\/p>\n<p>TIJA DE SILLIN : SUPRA COMP LINE<\/p>\n<p>SILLIN : SELLE ITALIA X<\/p>\n<p>MANETAS : SHIMANO CUES 2x10v<\/p>\n<p>FRENOS : SHIMANO CUES<\/p>\n<p>DESVIADOR DELANTERO : SHIMANO CUES 2v<\/p>\n<p>CAMBIO TRASERO : SHIMANO CUES 10v<\/p>\n<p>BIELAS : SHIMANO CUES<\/p>\n<p>CASSETTE : SHIMANO CUES (11&#215;34)<\/p>\n<p>RUEDAS : SUPRA RA COMP DISC<\/p>\n<p>CUBIERTAS : VITTORIA ZAFFIRO 30mm<\/p>","protected":false},"excerpt":{"rendered":"<p>La bicicleta de carretera especial mujer\u00a0SENSA ROMAGNA RS 2026\u00a0incorpora muchas de las tecnolog\u00edas y caracter\u00edsticas de una bicicleta de competici\u00f3n de gama alta. Son adecuados para una conducci\u00f3n m\u00e1s relajada. Las bicicletas de carretera de la gama SENSA ROMAGNA\u00a0est\u00e1n preparadas para recorrer tanto distancias cortas como largas, las geometr\u00edas est\u00e1n pensadas para circular en una [&hellip;]<\/p>\n","protected":false},"featured_media":20621,"comment_status":"closed","ping_status":"closed","template":"","meta":[],"product_brand":[],"product_cat":[187,16],"product_tag":[],"class_list":{"0":"post-20616","1":"product","2":"type-product","3":"status-publish","4":"has-post-thumbnail","6":"product_cat-bicicleta-aluminio-carretera","7":"product_cat-carretera-gravel-bicicletas","8":"product_shipping_class-bicicletas","10":"first","11":"instock","12":"sale","13":"shipping-taxable","14":"purchasable","15":"product-type-variable"},"yoast_head":"<!-- This site is optimized with the Yoast SEO plugin v27.6 - https:\/\/yoast.com\/product\/yoast-seo-wordpress\/ -->\n<title>SENSA ROMAGNA RS TOUR LADY 2026 - SHIMANO 105 12v | VELOAXE.COM<\/title>\n<meta name=\"description\" content=\"SENSA ROMAGNA RS TOUR LADY 2026 - Quieres una bicicleta de carretera de aluminio? tenemos una amplia gama al mejor precio con facilidad de pago.\" \/>\n<meta name=\"robots\" content=\"index, follow, max-snippet:-1, max-image-preview:large, max-video-preview:-1\" \/>\n<link rel=\"canonical\" href=\"https:\/\/veloaxe.com\/fr\/produit\/sensa-romagna-rs-tour-lady-2026-azul\/\" \/>\n<meta property=\"og:locale\" content=\"fr_FR\" \/>\n<meta property=\"og:type\" content=\"article\" \/>\n<meta property=\"og:title\" content=\"SENSA ROMAGNA RS TOUR LADY 2026 - SHIMANO 105 12v | VELOAXE.COM\" \/>\n<meta property=\"og:description\" content=\"SENSA ROMAGNA RS TOUR LADY 2026 - Quieres una bicicleta de carretera de aluminio? tenemos una amplia gama al mejor precio con facilidad de pago.\" \/>\n<meta property=\"og:url\" content=\"https:\/\/veloaxe.com\/fr\/produit\/sensa-romagna-rs-tour-lady-2026-azul\/\" \/>\n<meta property=\"og:site_name\" content=\"Tienda de bicicletas | VELOAXE\" \/>\n<meta property=\"article:publisher\" content=\"https:\/\/www.facebook.com\/veloaxe\" \/>\n<meta property=\"article:modified_time\" content=\"2025-09-10T09:29:44+00:00\" \/>\n<meta property=\"og:image\" content=\"https:\/\/veloaxe.com\/wp-content\/uploads\/2025\/09\/Sensa-Romagna-RS-Tour-Lady-2026-scaled.jpg\" \/>\n\t<meta property=\"og:image:width\" content=\"2560\" \/>\n\t<meta property=\"og:image:height\" content=\"1669\" \/>\n\t<meta property=\"og:image:type\" content=\"image\/jpeg\" \/>\n<meta name=\"twitter:card\" content=\"summary_large_image\" \/>\n<meta name=\"twitter:label1\" content=\"Dur\u00e9e de lecture estim\u00e9e\" \/>\n\t<meta name=\"twitter:data1\" content=\"2 minutes\" \/>\n<script type=\"application\/ld+json\" class=\"yoast-schema-graph\">{\"@context\":\"https:\\\/\\\/schema.org\",\"@graph\":[{\"@type\":\"WebPage\",\"@id\":\"https:\\\/\\\/veloaxe.com\\\/producto\\\/sensa-romagna-rs-tour-lady-2026-azul\\\/\",\"url\":\"https:\\\/\\\/veloaxe.com\\\/producto\\\/sensa-romagna-rs-tour-lady-2026-azul\\\/\",\"name\":\"SENSA ROMAGNA RS TOUR LADY 2026 - SHIMANO 105 12v | VELOAXE.COM\",\"isPartOf\":{\"@id\":\"https:\\\/\\\/veloaxe.com\\\/#website\"},\"primaryImageOfPage\":{\"@id\":\"https:\\\/\\\/veloaxe.com\\\/producto\\\/sensa-romagna-rs-tour-lady-2026-azul\\\/#primaryimage\"},\"image\":{\"@id\":\"https:\\\/\\\/veloaxe.com\\\/producto\\\/sensa-romagna-rs-tour-lady-2026-azul\\\/#primaryimage\"},\"thumbnailUrl\":\"https:\\\/\\\/veloaxe.com\\\/wp-content\\\/uploads\\\/2025\\\/09\\\/Sensa-Romagna-RS-Tour-Lady-2026-scaled.jpg\",\"datePublished\":\"2025-09-10T09:18:13+00:00\",\"dateModified\":\"2025-09-10T09:29:44+00:00\",\"description\":\"SENSA ROMAGNA RS TOUR LADY 2026 - Quieres una bicicleta de carretera de aluminio? tenemos una amplia gama al mejor precio con facilidad de pago.\",\"breadcrumb\":{\"@id\":\"https:\\\/\\\/veloaxe.com\\\/producto\\\/sensa-romagna-rs-tour-lady-2026-azul\\\/#breadcrumb\"},\"inLanguage\":\"fr-FR\",\"potentialAction\":[{\"@type\":\"ReadAction\",\"target\":[\"https:\\\/\\\/veloaxe.com\\\/producto\\\/sensa-romagna-rs-tour-lady-2026-azul\\\/\"]}]},{\"@type\":\"ImageObject\",\"inLanguage\":\"fr-FR\",\"@id\":\"https:\\\/\\\/veloaxe.com\\\/producto\\\/sensa-romagna-rs-tour-lady-2026-azul\\\/#primaryimage\",\"url\":\"https:\\\/\\\/veloaxe.com\\\/wp-content\\\/uploads\\\/2025\\\/09\\\/Sensa-Romagna-RS-Tour-Lady-2026-scaled.jpg\",\"contentUrl\":\"https:\\\/\\\/veloaxe.com\\\/wp-content\\\/uploads\\\/2025\\\/09\\\/Sensa-Romagna-RS-Tour-Lady-2026-scaled.jpg\",\"width\":2560,\"height\":1669,\"caption\":\"Sensa-Romagna-RS-Tour-Lady-2026\"},{\"@type\":\"BreadcrumbList\",\"@id\":\"https:\\\/\\\/veloaxe.com\\\/producto\\\/sensa-romagna-rs-tour-lady-2026-azul\\\/#breadcrumb\",\"itemListElement\":[{\"@type\":\"ListItem\",\"position\":1,\"name\":\"Portada\",\"item\":\"https:\\\/\\\/paleturquoise-herring-271034.hostingersite.com\\\/\"},{\"@type\":\"ListItem\",\"position\":2,\"name\":\"Shop\",\"item\":\"https:\\\/\\\/paleturquoise-herring-271034.hostingersite.com\\\/shop\\\/\"},{\"@type\":\"ListItem\",\"position\":3,\"name\":\"SENSA ROMAGNA RS TOUR LADY 2026 &#8211; Azul\"}]},{\"@type\":\"WebSite\",\"@id\":\"https:\\\/\\\/veloaxe.com\\\/#website\",\"url\":\"https:\\\/\\\/veloaxe.com\\\/\",\"name\":\"Tienda de bicicletas | VELOAXE\",\"description\":\"Descubre una amplia selecci\u00f3n de bicicletas de alta calidad, desde modelos urbanos y de monta\u00f1a hasta bicicletas de carretera de \u00faltima generaci\u00f3n. Con un servicio experto y accesorios especializados, estamos comprometidos a brindarte la mejor experiencia ciclista.\",\"publisher\":{\"@id\":\"https:\\\/\\\/veloaxe.com\\\/#organization\"},\"potentialAction\":[{\"@type\":\"SearchAction\",\"target\":{\"@type\":\"EntryPoint\",\"urlTemplate\":\"https:\\\/\\\/veloaxe.com\\\/?s={search_term_string}\"},\"query-input\":{\"@type\":\"PropertyValueSpecification\",\"valueRequired\":true,\"valueName\":\"search_term_string\"}}],\"inLanguage\":\"fr-FR\"},{\"@type\":\"Organization\",\"@id\":\"https:\\\/\\\/veloaxe.com\\\/#organization\",\"name\":\"Tienda de bicicletas | VELOAXE\",\"url\":\"https:\\\/\\\/veloaxe.com\\\/\",\"logo\":{\"@type\":\"ImageObject\",\"inLanguage\":\"fr-FR\",\"@id\":\"https:\\\/\\\/veloaxe.com\\\/#\\\/schema\\\/logo\\\/image\\\/\",\"url\":\"https:\\\/\\\/veloaxe.com\\\/wp-content\\\/uploads\\\/2026\\\/01\\\/cropped-logo-1.jpg\",\"contentUrl\":\"https:\\\/\\\/veloaxe.com\\\/wp-content\\\/uploads\\\/2026\\\/01\\\/cropped-logo-1.jpg\",\"width\":1273,\"height\":363,\"caption\":\"Tienda de bicicletas | VELOAXE\"},\"image\":{\"@id\":\"https:\\\/\\\/veloaxe.com\\\/#\\\/schema\\\/logo\\\/image\\\/\"},\"sameAs\":[\"https:\\\/\\\/www.facebook.com\\\/veloaxe\"]}]}<\/script>\n<!-- \/ Yoast SEO plugin. -->","yoast_head_json":{"title":"SENSA ROMAGNA RS TOUR LADY 2026 - SHIMANO 105 12v | VELOAXE.COM","description":"SENSA ROMAGNA RS TOUR LADY 2026 - Quieres una bicicleta de carretera de aluminio? tenemos una amplia gama al mejor precio con facilidad de pago.","robots":{"index":"index","follow":"follow","max-snippet":"max-snippet:-1","max-image-preview":"max-image-preview:large","max-video-preview":"max-video-preview:-1"},"canonical":"https:\/\/veloaxe.com\/fr\/produit\/sensa-romagna-rs-tour-lady-2026-azul\/","og_locale":"fr_FR","og_type":"article","og_title":"SENSA ROMAGNA RS TOUR LADY 2026 - SHIMANO 105 12v | VELOAXE.COM","og_description":"SENSA ROMAGNA RS TOUR LADY 2026 - Quieres una bicicleta de carretera de aluminio? tenemos una amplia gama al mejor precio con facilidad de pago.","og_url":"https:\/\/veloaxe.com\/fr\/produit\/sensa-romagna-rs-tour-lady-2026-azul\/","og_site_name":"Tienda de bicicletas | VELOAXE","article_publisher":"https:\/\/www.facebook.com\/veloaxe","article_modified_time":"2025-09-10T09:29:44+00:00","og_image":[{"width":2560,"height":1669,"url":"https:\/\/veloaxe.com\/wp-content\/uploads\/2025\/09\/Sensa-Romagna-RS-Tour-Lady-2026-scaled.jpg","type":"image\/jpeg"}],"twitter_card":"summary_large_image","twitter_misc":{"Dur\u00e9e de lecture estim\u00e9e":"2 minutes"},"schema":{"@context":"https:\/\/schema.org","@graph":[{"@type":"WebPage","@id":"https:\/\/veloaxe.com\/producto\/sensa-romagna-rs-tour-lady-2026-azul\/","url":"https:\/\/veloaxe.com\/producto\/sensa-romagna-rs-tour-lady-2026-azul\/","name":"SENSA ROMAGNA RS TOUR LADY 2026 - SHIMANO 105 12v | VELOAXE.COM","isPartOf":{"@id":"https:\/\/veloaxe.com\/#website"},"primaryImageOfPage":{"@id":"https:\/\/veloaxe.com\/producto\/sensa-romagna-rs-tour-lady-2026-azul\/#primaryimage"},"image":{"@id":"https:\/\/veloaxe.com\/producto\/sensa-romagna-rs-tour-lady-2026-azul\/#primaryimage"},"thumbnailUrl":"https:\/\/veloaxe.com\/wp-content\/uploads\/2025\/09\/Sensa-Romagna-RS-Tour-Lady-2026-scaled.jpg","datePublished":"2025-09-10T09:18:13+00:00","dateModified":"2025-09-10T09:29:44+00:00","description":"SENSA ROMAGNA RS TOUR LADY 2026 - Quieres una bicicleta de carretera de aluminio? tenemos una amplia gama al mejor precio con facilidad de pago.","breadcrumb":{"@id":"https:\/\/veloaxe.com\/producto\/sensa-romagna-rs-tour-lady-2026-azul\/#breadcrumb"},"inLanguage":"fr-FR","potentialAction":[{"@type":"ReadAction","target":["https:\/\/veloaxe.com\/producto\/sensa-romagna-rs-tour-lady-2026-azul\/"]}]},{"@type":"ImageObject","inLanguage":"fr-FR","@id":"https:\/\/veloaxe.com\/producto\/sensa-romagna-rs-tour-lady-2026-azul\/#primaryimage","url":"https:\/\/veloaxe.com\/wp-content\/uploads\/2025\/09\/Sensa-Romagna-RS-Tour-Lady-2026-scaled.jpg","contentUrl":"https:\/\/veloaxe.com\/wp-content\/uploads\/2025\/09\/Sensa-Romagna-RS-Tour-Lady-2026-scaled.jpg","width":2560,"height":1669,"caption":"Sensa-Romagna-RS-Tour-Lady-2026"},{"@type":"BreadcrumbList","@id":"https:\/\/veloaxe.com\/producto\/sensa-romagna-rs-tour-lady-2026-azul\/#breadcrumb","itemListElement":[{"@type":"ListItem","position":1,"name":"Portada","item":"https:\/\/paleturquoise-herring-271034.hostingersite.com\/"},{"@type":"ListItem","position":2,"name":"Shop","item":"https:\/\/paleturquoise-herring-271034.hostingersite.com\/shop\/"},{"@type":"ListItem","position":3,"name":"SENSA ROMAGNA RS TOUR LADY 2026 &#8211; Azul"}]},{"@type":"WebSite","@id":"https:\/\/veloaxe.com\/#website","url":"https:\/\/veloaxe.com\/","name":"Boutique de v\u00e9lo en ligne | VELOAXE","description":"Descubre una amplia selecci\u00f3n de bicicletas de alta calidad, desde modelos urbanos y de monta\u00f1a hasta bicicletas de carretera de \u00faltima generaci\u00f3n. Con un servicio experto y accesorios especializados, estamos comprometidos a brindarte la mejor experiencia ciclista.","publisher":{"@id":"https:\/\/veloaxe.com\/#organization"},"potentialAction":[{"@type":"SearchAction","target":{"@type":"EntryPoint","urlTemplate":"https:\/\/veloaxe.com\/?s={search_term_string}"},"query-input":{"@type":"PropertyValueSpecification","valueRequired":true,"valueName":"search_term_string"}}],"inLanguage":"fr-FR"},{"@type":"Organization","@id":"https:\/\/veloaxe.com\/#organization","name":"Boutique de v\u00e9lo en ligne | VELOAXE","url":"https:\/\/veloaxe.com\/","logo":{"@type":"ImageObject","inLanguage":"fr-FR","@id":"https:\/\/veloaxe.com\/#\/schema\/logo\/image\/","url":"https:\/\/veloaxe.com\/wp-content\/uploads\/2026\/01\/cropped-logo-1.jpg","contentUrl":"https:\/\/veloaxe.com\/wp-content\/uploads\/2026\/01\/cropped-logo-1.jpg","width":1273,"height":363,"caption":"Tienda de bicicletas | VELOAXE"},"image":{"@id":"https:\/\/veloaxe.com\/#\/schema\/logo\/image\/"},"sameAs":["https:\/\/www.facebook.com\/veloaxe"]}]}},"_links":{"self":[{"href":"https:\/\/veloaxe.com\/fr\/wp-json\/wp\/v2\/product\/20616","targetHints":{"allow":["GET"]}}],"collection":[{"href":"https:\/\/veloaxe.com\/fr\/wp-json\/wp\/v2\/product"}],"about":[{"href":"https:\/\/veloaxe.com\/fr\/wp-json\/wp\/v2\/types\/product"}],"replies":[{"embeddable":true,"href":"https:\/\/veloaxe.com\/fr\/wp-json\/wp\/v2\/comments?post=20616"}],"wp:featuredmedia":[{"embeddable":true,"href":"https:\/\/veloaxe.com\/fr\/wp-json\/wp\/v2\/media\/20621"}],"wp:attachment":[{"href":"https:\/\/veloaxe.com\/fr\/wp-json\/wp\/v2\/media?parent=20616"}],"wp:term":[{"taxonomy":"product_brand","embeddable":true,"href":"https:\/\/veloaxe.com\/fr\/wp-json\/wp\/v2\/product_brand?post=20616"},{"taxonomy":"product_cat","embeddable":true,"href":"https:\/\/veloaxe.com\/fr\/wp-json\/wp\/v2\/product_cat?post=20616"},{"taxonomy":"product_tag","embeddable":true,"href":"https:\/\/veloaxe.com\/fr\/wp-json\/wp\/v2\/product_tag?post=20616"}],"curies":[{"name":"wp","href":"https:\/\/api.w.org\/{rel}","templated":true}]}}